{"id":3261,"date":"2024-07-16T14:35:14","date_gmt":"2024-07-16T14:35:14","guid":{"rendered":"https:\/\/cpstesters.com\/contatore-della-tastiera-gioco-del-contatore-dei-colpi-dei-tasti\/"},"modified":"2024-09-17T15:02:37","modified_gmt":"2024-09-17T15:02:37","slug":"contatore-della-tastiera","status":"publish","type":"page","link":"https:\/\/cpstesters.com\/it\/contatore-della-tastiera\/","title":{"rendered":"Contatore della tastiera | Gioco del contatore dei colpi dei tasti"},"content":{"rendered":"\n<p>keyboard Counter \u00e8 un gioco online di Keys Hit Counter che ti aiuta a controllare e contare i tuoi click sui tasti, controlla questo fantastico strumento!<\/p>\n<style>\r\n\t#activity {\r\n\r\n\t\t    background: #FFB15E;\r\n    color: white;\r\n    width: 100%;\r\n    padding: 100px;\r\n\t\t\r\n text-align: center;\r\n vertical-align: middle;\r\n}\r\n\r\n\r\n#result {\r\n text-transform: uppercase;\r\n}\r\na:link,\r\na:hover,\r\na:visited,\r\na:active {\r\n text-decoration: bold;\r\n}\r\n.hits {\r\n font-size: 6rem;\r\n font-weight: bolder;\r\n\tcolor:white;\r\n}\r\n\t#activity p{\r\n\t\tfont-size:30px;\t\r\n\t\tcolor:white;\r\n\t\tmargin-bottom:0px;\r\n\t}\r\n\r\n<\/style>\r\n<div id=\"activity\">\r\n\t<p id=\"counter\"><span class=\"hits\">0<\/span><\/hp1>\r\n  <p>Keys Hit<\/p>\r\n<\/div>\r\n\t\r\n\t<script> \r\n\t\t\tvar hits = 0;\r\nvar hitElement = document.querySelector(\".hits\");\r\ndocument.body.onkeyup = function (e) {\r\n if ((e.keyCode == 1, 2, 3, 4, 5, 6, 7, 8, 9, 10)) {\r\n  addHit();\r\n }\r\n};\r\n\r\nvar addHit = function () {\r\n hits++;\r\n renderHits();\r\n};\r\n\r\nvar renderHits = function () {\r\n hitElement.innerHTML = hits;\r\n};\r\n\r\n\t<\/script>\n\n<p><\/p>\n\n<div style=\"height:5px\" aria-hidden=\"true\" class=\"wp-block-spacer\"><\/div>\n\n<h2 class=\"wp-block-heading\">Contatore della tastiera<\/h2>\n\n<p>Uno strumento online chiamato contatore di tastiera consente di verificare se un tasto della tastiera funziona correttamente o meno. Per comodit\u00e0, tiene anche traccia del numero complessivo di tasti premuti. Eliminando la necessit\u00e0 di recarsi ripetutamente presso un centro di riparazione PC per verificare un determinato tasto della tastiera, questa applicazione consente di risparmiare tempo e denaro. Non solo controlla le chiavi, ma aiuta anche a contare le chiavi in un tempo specifico.<\/p>\n\n<h2 class=\"wp-block-heading\">Perch\u00e9 utilizzare il contatore di chiavi?<\/h2>\n\n<p>Nell&#8217;era moderna, praticamente tutti utilizzano quotidianamente una tastiera. Le tastiere hanno diversi scopi, tra cui la digitazione, che \u00e8 ci\u00f2 che fanno i dattilografi. Alcuni, come i giocatori, possono usarlo per giocare. Oppure alcuni potrebbero usarlo per codificare determinate attivit\u00e0 sul proprio PC. Le tastiere sono componenti essenziali del computer. Poich\u00e9 la tastiera \u00e8 un dispositivo di input, qualsiasi danno ai suoi tasti o alle sue funzionalit\u00e0 potrebbe essere costoso per il sistema di input.<\/p>\n\n<p>Per assicurarsi che la tastiera funzioni efficacemente in queste circostanze, si utilizza il contatore della tastiera.<\/p>\n<div class=\"wp-block-image\">\n<figure class=\"aligncenter size-full\"><img loading=\"lazy\" decoding=\"async\" width=\"1000\" height=\"500\" src=\"https:\/\/cpstesters.com\/wp-content\/uploads\/2022\/09\/keyboard-counter-1.jpg\" alt=\"Contatore della tastiera\" class=\"wp-image-632\" title=\"\" srcset=\"https:\/\/cpstesters.com\/wp-content\/uploads\/2022\/09\/keyboard-counter-1.jpg 1000w, https:\/\/cpstesters.com\/wp-content\/uploads\/2022\/09\/keyboard-counter-1-300x150.jpg 300w, https:\/\/cpstesters.com\/wp-content\/uploads\/2022\/09\/keyboard-counter-1-768x384.jpg 768w\" sizes=\"auto, (max-width: 1000px) 100vw, 1000px\" \/><figcaption class=\"wp-element-caption\">Contatore della tastiera<\/figcaption><\/figure>\n<\/div>\n<p class=\"has-text-align-center has-base-background-color has-background has-medium-font-size\"><em>Il nostro <a href=\"https:\/\/cpstesters.com\/it\/?page_id=2526\" target=\"_blank\" rel=\"noreferrer noopener\">test online WPM<\/a> pu\u00f2 aiutarvi a migliorare la digitazione e il clic, verificate!<\/em><\/p>\n\n<h2 class=\"wp-block-heading\">Contatore di clic della tastiera<\/h2>\n\n<p>La tastiera pu\u00f2 essere utilizzata dagli utenti per contare i propri clic. Il gioco del contachiavi \u00e8 in questo caso un altro metodo di conteggio dei clic. La variazione del contatore dei clic ogni secondo \u00e8 di un solo secondo e conta solo i clic effettuati in quel lasso di tempo.<\/p>\n\n<p>I vostri clic nell&#8217;arco di un minuto saranno calcolati dal contatore di clic di 1 minuto (60 secondi). \u00c8 disponibile anche il contatore di clic per 10 secondi, che calcola il numero totale di clic effettuati durante i 10 secondi assegnati.<\/p>\n\n<p>Il contatore di click da tastiera \u00e8 un&#8217;aggiunta fantastica. La maggior parte dei contatori di clic funziona solo con il mouse, ma questo funziona anche con la barra spaziatrice, quindi potete esercitarvi a usare questa doppia opzione sulla tastiera.<\/p>\n\n<h2 class=\"wp-block-heading\">Passi per giocare a Key Counter Game<\/h2>\n\n<p>Sul nostro sito web, i nuovi arrivati possono iniziare a giocare facilmente. Lo strumento funziona come segue:<\/p>\n\n<ul class=\"wp-block-list\">\n<li>Visitate il nostro sito web.<\/li>\n\n\n\n<li>Dal menu della pagina, scegliere l&#8217;intervallo di tempo.<\/li>\n\n\n\n<li>Il contatore conta i rubinetti ogni volta che ci si rivolge al bar.<\/li>\n\n\n\n<li>\u00c8 sufficiente fare clic sul pulsante Riavvia per riavviare l&#8217;esame. Valutando la vostra velocit\u00e0 con il nostro strumento di test, potete fissare un obiettivo di gioco entro un determinato periodo di tempo e vedere immediatamente i risultati.<\/li>\n\n\n\n<li>Pertanto, scegliete i secondi come intervallo e iniziate a battere rapidamente entro il periodo assegnato. La velocit\u00e0 di battitura tipica dipende dalla frequenza con cui si gioca ai videogiochi e dal desiderio di diventare pi\u00f9 veloci.<\/li>\n\n\n\n<li>I giocatori fanno spesso clic tra le 5 e le 7 volte al secondo. Tuttavia, una pratica frequente vi permetter\u00e0 di aumentare rapidamente il ritmo di pressatura.<\/li>\n<\/ul>\n\n<h2 class=\"has-text-align-center wp-block-heading\">Domande frequenti<\/h2>\n\n<h3 class=\"wp-block-heading\"><strong>Che ruolo ha il contaclick da tastiera?<\/strong><\/h3>\n\n<p>Non si tratta di un semplice strumento matematico, ma pu\u00f2 essere utilizzato per contare il numero di edifici, di oggetti, di allenamenti come flessioni e trazioni o qualsiasi altro ciclo di lavoro.<\/p>\n\n<h3 class=\"wp-block-heading\"><strong>Quante volte posso premere un tasto?<\/strong><\/h3>\n\n<p>La maggior parte delle tastiere pu\u00f2 ospitare solo sei ingressi simultanei. Inoltre, a volte alcune sequenze di tasti non funzionano. Il termine &#8220;rollover&#8221; si riferisce semplicemente alla capacit\u00e0 della tastiera di riconoscere la pressione simultanea di pi\u00f9 tasti.<\/p>\n\n<p>Scoprite gli altri strumenti:<\/p>\n\n<ul class=\"wp-block-list\">\n<li><a href=\"https:\/\/cpstesters.com\/it\/?page_id=2412\" target=\"_blank\" rel=\"noreferrer noopener\">Barra spaziatrice Contatore<\/a><\/li>\n\n\n\n<li><a href=\"https:\/\/cpstesters.com\/it\/?page_id=3171\" target=\"_blank\" rel=\"noreferrer noopener\">Test di clic della tastiera<\/a><\/li>\n\n\n\n<li><a href=\"https:\/\/cpstesters.com\/it\/?page_id=3028\" target=\"_blank\" rel=\"noreferrer noopener\">Test APM<\/a><\/li>\n\n\n\n<li><a href=\"https:\/\/cpstesters.com\/it\/?page_id=2521\" target=\"_blank\" rel=\"noreferrer noopener\">Tester per tastiera Mac<\/a><\/li>\n\n\n\n<li><a href=\"https:\/\/cpstesters.com\/it\/?page_id=3175\" target=\"_blank\" rel=\"noreferrer noopener\">Test della latenza della tastiera<\/a><\/li>\n<\/ul>\n","protected":false},"excerpt":{"rendered":"<p>keyboard Counter \u00e8 un gioco online di Keys Hit Counter che ti aiuta a controllare e contare i tuoi click sui tasti, controlla questo fantastico &#8230; <\/p>\n<p class=\"read-more-container\"><a title=\"Contatore della tastiera | Gioco del contatore dei colpi dei tasti\" class=\"read-more button\" href=\"https:\/\/cpstesters.com\/it\/contatore-della-tastiera\/#more-3261\" aria-label=\"Per saperne di pi\u00f9 su Contatore della tastiera | Gioco del contatore dei colpi dei tasti\">Read More<\/a><\/p>\n","protected":false},"author":4,"featured_media":1738,"parent":0,"menu_order":0,"comment_status":"closed","ping_status":"closed","template":"","meta":{"footnotes":""},"class_list":["post-3261","page","type-page","status-publish","has-post-thumbnail"],"_links":{"self":[{"href":"https:\/\/cpstesters.com\/it\/wp-json\/wp\/v2\/pages\/3261","targetHints":{"allow":["GET"]}}],"collection":[{"href":"https:\/\/cpstesters.com\/it\/wp-json\/wp\/v2\/pages"}],"about":[{"href":"https:\/\/cpstesters.com\/it\/wp-json\/wp\/v2\/types\/page"}],"author":[{"embeddable":true,"href":"https:\/\/cpstesters.com\/it\/wp-json\/wp\/v2\/users\/4"}],"replies":[{"embeddable":true,"href":"https:\/\/cpstesters.com\/it\/wp-json\/wp\/v2\/comments?post=3261"}],"version-history":[{"count":2,"href":"https:\/\/cpstesters.com\/it\/wp-json\/wp\/v2\/pages\/3261\/revisions"}],"predecessor-version":[{"id":3278,"href":"https:\/\/cpstesters.com\/it\/wp-json\/wp\/v2\/pages\/3261\/revisions\/3278"}],"wp:featuredmedia":[{"embeddable":true,"href":"https:\/\/cpstesters.com\/it\/wp-json\/wp\/v2\/media\/1738"}],"wp:attachment":[{"href":"https:\/\/cpstesters.com\/it\/wp-json\/wp\/v2\/media?parent=3261"}],"curies":[{"name":"wp","href":"https:\/\/api.w.org\/{rel}","templated":true}]}}