{"id":3246,"date":"2024-07-16T14:17:21","date_gmt":"2024-07-16T14:17:21","guid":{"rendered":"https:\/\/cpstesters.com\/test-di-latenza-del-mouse-verifica-del-tempo-di-risposta-al-clic\/"},"modified":"2024-09-17T15:49:14","modified_gmt":"2024-09-17T15:49:14","slug":"test-di-latenza-del-mouse","status":"publish","type":"page","link":"https:\/\/cpstesters.com\/it\/test-di-latenza-del-mouse\/","title":{"rendered":"Test di latenza del mouse | Verifica del tempo di risposta al clic"},"content":{"rendered":"\n<p>Il test di latenza del mouse pu\u00f2 essere utilizzato per scoprire la frequenza di polling e il tempo di risposta del clic del mouse cablato o wireless, verificatelo subito!<\/p>\n<style>\r\n \r\n#instantclick-bar{\r\n    background:#FFB15E;\r\n}\r\n\r\n.container{\r\n    background:white;\r\n    padding:20px 30px;\r\n    margin:.5em auto 1em;\r\n    border-radius:8px;\r\n    width:600px;\r\n    clear:both;\r\n    color:#111;\r\n    border:1px solid rgba(0,0,0,.125)\r\n}\r\n\r\n.gist+hr{\r\n    margin-top:22px\r\n}\r\n.warning{\r\n    background:rgba(255,165,0,.2);\r\n    padding:.25em .5em;\r\n    border-radius:3px;\r\n    border:1px solid rgba(255,165,0,.5);\r\n    font-size:17px\r\n}\r\n#downloads td{\r\n    padding:0 20px 0 0\r\n}\r\n.support{\r\n    font-size:.85em;\r\n    width:100%;\r\n    text-align:center;\r\n    border-spacing:0;\r\n    border:solid #aab;\r\n    border-width:1px 0 0 1px\r\n}\r\n.support td, .support th{\r\n    border:solid #aab;\r\n    border-width:0 1px 1px 0;\r\n    padding:.17em\r\n}\r\n.support th{\r\n    padding:.17em .66em\r\n}\r\n.notice{\r\n    color:#333;\r\n    font-size:16px\r\n}\r\n.btn{\r\n    display:inline-block;\r\n    color:white !important;\r\n    background:#FFB15E;\r\n    border-radius:6px;\r\n    padding:7px 10px 6px;\r\n    text-decoration:none;\r\n    text-align:center;\r\n    font:16px\/1 Helvetica Neue, sans-serif;\r\n    border:1px solid #FFB15E;\r\n    box-shadow:inset 0 1px 1px rgba(255,255,255,.15), 0 1px 1px rgba(0,0,0,.5)\r\n}\r\n.btn:hover{\r\n    background:#c11;\r\n    border-color:#c11;\r\n    box-shadow:inset 0 1px 1px rgba(255,255,255,.2), 0 1px 1px rgba(0,0,0,.6)\r\n}\r\n.btn:active{\r\n    background:#c11;\r\n    position:relative;\r\n    top:1px;\r\n    box-shadow:inset 0 2px 5px rgba(0,0,0,.1)\r\n}\r\n.btn-big{\r\n    border-radius:7px;\r\n    font-size:18px;\r\n    padding:10px 17px 9px\r\n}\r\n.btn small{\r\n    font-size:.72em\r\n}\r\ncode{\r\n    background:#f8f8ff;\r\n    font-size:14px;\r\n    font-family:Consolas, Menlo, DejaVu Sans Mono, monospace;\r\n    white-space:pre;\r\n    border:1px solid #ccc;\r\n    border-bottom-color:#bbb;\r\n    display:inline-block;\r\n    border-radius:2px;\r\n    padding:0 3px\r\n}\r\nsup{\r\n    vertical-align:initial;\r\n    position:relative;\r\n    top:-.42em\r\n}\r\nsup a{\r\n    text-decoration:none;\r\n    margin:-.5em -.3em;\r\n    padding:.5em\r\n}\r\n#footnotes li:target{\r\n    background:#ffb;\r\n    border-radius:1px\r\n}\r\n#footnotes li{\r\n    font-size:16px;\r\n    padding:3px\r\n}\r\n.noteBack{\r\n    font-size:18px\r\n}\r\n#click-test{\r\n    width:100%;\r\n    text-align:center;\r\n    border:solid #aab;\r\n    border-width:1px 0 0 1px;\r\n    border-collapse:collapse\r\n}\r\n#click-test td, #click-test th{\r\n    border:solid #aab;\r\n    border-width:0px 1px 1px 0px;\r\n    width:40%\r\n}\r\n#link1:active{\r\n    background:none\r\n}\r\n#link2{\r\n    margin:30px;\r\n    font-size:20px;\r\n    padding:14px 22px 13px;\r\n    background:#FFB15E;\r\n    border:1px solid #FFB15E;\r\n    box-shadow:inset 0 1px 1px rgba(255,255,255,.15), 0 1px 1px rgba(0,0,0,.5);\r\n    top:0\r\n}\r\n#click-test .results p{\r\n    text-align:left;\r\n    margin-left:10px\r\n}\r\n.prev-next{\r\n    margin-top:1.5em\r\n}\r\n.prev-next a{\r\n    text-decoration:none\r\n}\r\n.prev-next .next{\r\n    float:right\r\n}\r\n.prev-next .next:after, .prev-next .prev:before{\r\n    color:black;\r\n    text-decoration:none;\r\n    display:inline-block;\r\n    color:inherit\r\n}\r\n.prev-next .next:after{\r\n    content:' >'\r\n}\r\n.prev-next .prev:before{\r\n    content:'< '\r\n}\r\n.toc{\r\n    border-top:1px solid #ddf;\r\n    clear:both;\r\n    margin-top:1em\r\n}\r\n.toc h3, .toc h4{\r\n    color:black\r\n}\r\n.toc a{\r\n    text-decoration:none\r\n}\r\n.toc h3{\r\n    margin-top:.75em;\r\n    font-size:1.17em\r\n}\r\n.toc .chapters{\r\n    -webkit-column-count:2;\r\n     -moz-column-count:2;\r\n    column-count:2\r\n}\r\n.toc .chapters li{\r\n    list-style:none\r\n}\r\n#footer{\r\n    margin:auto;\r\n    font-size:.83em;\r\n    text-align:center;\r\n    color:#222\r\n}\r\n.gist{\r\n    color:#000;\r\n     font-size:14px\r\n}\r\n.gist pre{\r\n    font:inherit;\r\n    line-height:inherit;\r\n    white-space:pre\r\n}\r\n.gist .gist-file{\r\n    border:1px solid #ddd;\r\n    border-bottom:1px solid #ccc;\r\n    border-radius:3px;\r\n    font-family:Consolas, Menlo, DejaVu Sans Mono, monospace;\r\n    margin-bottom:1em\r\n}\r\n.gist .gist-file .gist-data{\r\n    overflow:auto;\r\n    word-wrap:normal;\r\n    background-color:#f8f8ff;\r\n    font-size:100%\r\n}\r\n.gist .gist-file .gist-data .line-data{\r\n    padding:.5em !important\r\n}\r\n.gist .gist-file .gist-data .line-pre{\r\n    background:transparent !important;\r\n    border:none !important;\r\n    margin:0 !important;\r\n    padding:0 !important\r\n}\r\n.gist .gist-file .gist-data .line-numbers{\r\n    background-color:#ececec;\r\n    color:#aaa;\r\n    border-right:1px solid #ddd;\r\n    text-align:right;\r\n    padding:.5em\r\n}\r\n.gist .gist-file .gist-data .line-numbers .line-number{\r\n    clear:right;\r\n    display:block\r\n}\r\n.gist-syntax{\r\n    background:#ffffff\r\n}\r\n.c{\r\n    color:#999988;\r\n    font-style:italic\r\n}\r\n.err{\r\n    color:#a61717;\r\n    background-color:#e3d2d2\r\n}\r\n.k{\r\n    color:#000000;\r\n    font-weight:bold\r\n}\r\n.o{\r\n    color:#000000;\r\n    font-weight:bold\r\n}\r\n.cm{\r\n    color:#999988;\r\n    font-style:italic\r\n}\r\n.cp{\r\n    color:#999999;\r\n    font-weight:bold\r\n}\r\n.c1{\r\n    color:#999988;\r\n    font-style:italic\r\n}\r\n.cs{\r\n    color:#999999;\r\n    font-weight:bold;\r\n    font-style:italic\r\n}\r\n.gd{\r\n    color:#000000;\r\n    background-color:#fdd\r\n}\r\n.gd .x{\r\n    color:#000000;\r\n    background-color:#faa\r\n}\r\n.ge{\r\n    color:#000000;\r\n    font-style:italic\r\n}\r\n.gr{\r\n    color:#a00\r\n}\r\n.gh{\r\n    color:#999\r\n}\r\n.gi{\r\n    color:#000000;\r\n    background-color:#dfd\r\n}\r\n.gi .x{\r\n    color:#000000;\r\n    background-color:#afa\r\n}\r\n.go{\r\n    color:#888\r\n}\r\n.gp{\r\n    color:#555\r\n}\r\n.gs{\r\n    font-weight:bold\r\n}\r\n.gu{\r\n    color:#aaa\r\n}\r\n.gt{\r\n    color:#a00\r\n}\r\n.kc{\r\n    color:#000000;\r\n    font-weight:bold\r\n}\r\n.kd{\r\n    color:#000000;\r\n    font-weight:bold\r\n}\r\n.kp{\r\n    color:#000000;\r\n    font-weight:bold\r\n}\r\n.kr{\r\n    color:#000000;\r\n    font-weight:bold\r\n}\r\n.kt{\r\n    color:#445588;\r\n    font-weight:bold\r\n}\r\n.m{\r\n    color:#099\r\n}\r\n.s{\r\n    color:#d14\r\n}\r\n.na{\r\n    color:teal\r\n}\r\n.nb{\r\n    color:#0086b3\r\n}\r\n.nc{\r\n    color:#445588;\r\n    font-weight:bold\r\n}\r\n.no{\r\n    color:teal\r\n}\r\n.ni{\r\n    color:purple\r\n}\r\n.ne{\r\n    color:#990000;\r\n    font-weight:bold\r\n}\r\n.nf{\r\n    color:#990000;\r\n    font-weight:bold\r\n}\r\n.nn{\r\n    color:#555\r\n}\r\n.nt{\r\n    color:navy\r\n}\r\n.nv{\r\n    color:teal\r\n}\r\n.ow{\r\n    color:#000000;\r\n    font-weight:bold\r\n}\r\n.w{\r\n    color:#bbb\r\n}\r\n.mf{\r\n    color:#099\r\n}\r\n.mh{\r\n    color:#099\r\n}\r\n.mi{\r\n    color:#099\r\n}\r\n.mo{\r\n    color:#099\r\n}\r\n.sb{\r\n    color:#d14\r\n}\r\n.sc{\r\n    color:#d14\r\n}\r\n.sd{\r\n    color:#d14\r\n}\r\n.s2{\r\n    color:#d14\r\n}\r\n.se{\r\n    color:#d14\r\n}\r\n.sh{\r\n    color:#d14\r\n}\r\n.si{\r\n    color:#d14\r\n}\r\n.sx{\r\n    color:#d14\r\n}\r\n.sr{\r\n    color:#009926\r\n}\r\n.s1{\r\n    color:#d14\r\n}\r\n.ss{\r\n    color:#990073\r\n}\r\n.bp{\r\n    color:#999\r\n}\r\n.vc{\r\n    color:teal\r\n}\r\n.vg{\r\n    color:teal\r\n}\r\n.vi{\r\n    color:teal\r\n}\r\n.il{\r\n    color:#099\r\n}\r\n\r\n\r\n<\/style>\r\n\r\n\r\n\r\n<table id=\"click-test\">\r\n  <tr>\r\n\t  <th>Normal link<\/th>\r\n\t  <th>Big link<\/th>\r\n\t<\/tr>\r\n  <tr>\r\n\t  <td><a id=\"link1\" href=\"#\" data-no-instant>Click me<\/a><\/td>\r\n    <td><a id=\"link2\" class=\"btn btn-big\" href=\"#\" data-no-instant>Click me<\/a>\r\n\t  <\/td>\r\n\t\t<\/tr>\r\n  <tr class=\"results\">\r\n    <td>\r\n      <p>Click \u2212 Hover = <strong id=\"link1-click-hover\"><\/strong><br>\r\n      Click \u2212 Mousedown = <strong id=\"link1-click-mousedown\"><\/strong>\r\n      <p>Click \u2212 Touchstart = <strong id=\"link1-click-touchstart\"><\/strong>\r\n\t  <\/td>\r\n    <td>\r\n\r\n      <p>Click \u2212 Hover = <strong id=\"link2-click-hover\"><\/strong><br>\r\n      Click \u2212 Mousedown = <strong id=\"link2-click-mousedown\"><\/strong>\r\n      <p>Click \u2212 Touchstart = <strong id=\"link2-click-touchstart\"><\/strong>\r\n\t\t  <\/td>\r\n\t\t<\/tr>\r\n<\/table>\r\n\r\n<script src=\"https:\/\/code.jquery.com\/jquery-3.6.1.min.js\" integrity=\"sha256-o88AwQnZB+VDvE9tvIXrMQaPlFFSUTR+nldQm1LuPXQ=\" crossorigin=\"anonymous\"><\/script>\r\n<script>\r\nfunction $(id) {\r\n  return document.getElementById(id)\r\n}\r\n\r\nvar times = {\r\n  touchstart: 0,\r\n  hover: 0,\r\n  mousedown: 0,\r\n  click: 0\r\n}\r\n\r\n$('link1').addEventListener('mouseover', function() {\r\n  times.hover = +new Date\r\n})\r\n$('link2').addEventListener('mouseover', function() {\r\n  times.hover = +new Date\r\n})\r\n\r\n$('link1').addEventListener('mousedown', function() {\r\n  times.mousedown = +new Date\r\n})\r\n$('link2').addEventListener('mousedown', function() {\r\n  times.mousedown = +new Date\r\n})\r\n\r\n$('link1').addEventListener('touchstart', function() {\r\n  times.touchstart = +new Date\r\n})\r\n$('link2').addEventListener('touchstart', function() {\r\n  times.touchstart = +new Date\r\n})\r\n\r\nfunction delay(time) {\r\n  if (times[time] == 0)\r\n    return '\u221e'\r\n  return times.click - times[time] + ' ms'\r\n}\r\n\r\n$('link1').addEventListener('click', function(e) {\r\n  e.preventDefault()\r\n  times.click = +new Date\r\n  $('link1-click-hover').innerHTML = delay('hover')\r\n  $('link1-click-mousedown').innerHTML = delay('mousedown')\r\n  $('link1-click-touchstart').innerHTML = delay('touchstart')\r\n})\r\n$('link2').addEventListener('click', function(e) {\r\n  e.preventDefault()\r\n  e.target.blur() \r\n  times.click = +new Date\r\n  $('link2-click-hover').innerHTML = delay('hover')\r\n  $('link2-click-mousedown').innerHTML = delay('mousedown')\r\n  $('link2-click-touchstart').innerHTML = delay('touchstart')\r\n})\r\n\r\n<\/script>\n\n<p><\/p>\n\n<div style=\"height:5px\" aria-hidden=\"true\" class=\"wp-block-spacer\"><\/div>\n\n<h2 class=\"wp-block-heading\">Che cos&#8217;\u00e8 la latenza del mouse?<\/h2>\n\n<p>L&#8217;espressione &#8220;latenza del mouse&#8221; si riferisce a un ritardo nel movimento del mouse. In genere, si tratta di alti e bassi. Ad esempio, la latenza del mouse sembra alta quando il mouse risponde lentamente ai comandi ed \u00e8 bassa quando il mouse risponde prontamente a tutte le richieste.<\/p>\n\n<p>Ogni componente hardware utilizzato per i giochi su PC causa un certo tipo di latenza o di ritardo. La latenza pi\u00f9 bassa \u00e8 l&#8217;ideale per i giochi, perch\u00e9 in questo modo le azioni vengono tradotte nel gioco pi\u00f9 rapidamente e l&#8217;esperienza \u00e8 fluida e reattiva. La latenza del clic del mouse ha un impatto significativo su questa esperienza.<\/p>\n\n<p>Purtroppo non esiste un&#8217;unica causa chiara per il ritardo del mouse, cos\u00ec come non esistono numerosi altri problemi con Windows nel suo complesso.<\/p>\n\n<h2 class=\"wp-block-heading\">Che cos&#8217;\u00e8 il test di latenza del mouse?<\/h2>\n\n<p>Il test delle prestazioni del mouse \u00e8 essenzialmente un test di latenza del mouse. Questo test misura il tempo totale necessario per completare un&#8217;azione o il ritardo delle azioni del mouse. Poich\u00e9 esistono numerose cause potenziali di latenza del mouse, \u00e8 fondamentale eseguire il test di latenza del clic del mouse prima di procedere con qualsiasi tipo di correzione.<\/p>\n<div class=\"wp-block-image\">\n<figure class=\"aligncenter size-full\"><img loading=\"lazy\" decoding=\"async\" width=\"1000\" height=\"500\" src=\"https:\/\/cpstesters.com\/wp-content\/uploads\/2022\/09\/mouse-latency-test.jpg\" alt=\"Test di latenza del mouse\" class=\"wp-image-635\" title=\"\" srcset=\"https:\/\/cpstesters.com\/wp-content\/uploads\/2022\/09\/mouse-latency-test.jpg 1000w, https:\/\/cpstesters.com\/wp-content\/uploads\/2022\/09\/mouse-latency-test-300x150.jpg 300w, https:\/\/cpstesters.com\/wp-content\/uploads\/2022\/09\/mouse-latency-test-768x384.jpg 768w\" sizes=\"auto, (max-width: 1000px) 100vw, 1000px\" \/><figcaption>Test di latenza del mouse<\/figcaption><\/figure>\n<\/div>\n<p class=\"has-text-align-center has-base-background-color has-background has-medium-font-size\"><em>Se il vostro mouse ha una buona latenza, provate un <a href=\"https:\/\/cpstesters.com\/it\/\" target=\"_blank\" rel=\"noreferrer noopener\">test di clic al secondo<\/a> per migliorare il clic!<\/em><\/p>\n\n<h2 class=\"wp-block-heading\">Quando la latenza del mouse \u00e8 importante<\/h2>\n\n<p>Per i giocatori \u00e8 fondamentale avere un mouse con una bassa latenza di clic. Naturalmente sono necessari anche un computer e uno schermo con poco input lag, ma un mouse per il gioco veloce pu\u00f2 fare la differenza tra il successo e il fallimento.<\/p>\n\n<p>Un mouse ad alta latenza pu\u00f2 creare sottili distinzioni nei giochi, anche se la maggior parte delle persone non \u00e8 in grado di distinguere il ritardo tra il momento in cui il mouse viene cliccato e quello in cui l&#8217;azione viene visualizzata sullo schermo in modo visivo o acustico. Nei giochi online competitivi, l&#8217;uso di un mouse a bassa latenza pu\u00f2 offrire un vantaggio sugli avversari che utilizzano mouse ad alta latenza.<\/p>\n\n<p>La latenza del clic dipende dalla connessione cablata del mouse. In generale, il mouse wireless ha la latenza maggiore, mentre il mouse con cavo ha la latenza minore. Anche se non \u00e8 adatto ai giochi, una connessione Bluetooth \u00e8 preferibile per l&#8217;uso in ufficio. La maggior parte degli utenti non noter\u00e0 alcun ritardo, a meno che la latenza non sia grave.<\/p>\n\n<p>L&#8217;uso di mouse da gioco senza fili con ricevitori USB \u00e8 cresciuto in popolarit\u00e0 e la tecnologia \u00e8 progredita fino a ridurre significativamente la latenza, rendendo alcune scelte wireless altrettanto valide di quelle con cavo.<\/p>\n\n<h2 class=\"has-text-align-center wp-block-heading\">Domande frequenti<\/h2>\n\n<h3 class=\"wp-block-heading\"><strong>Come si controlla la latenza del mouse?<\/strong><\/h3>\n\n<p>Il nostro tester di latenza del mouse online verifica la differenza tra il cursore hardware e la posizione pi\u00f9 recente del mouse una volta aperto il sito web e iniziato a muovere il mouse in modo coerente.<\/p>\n\n<h3 class=\"wp-block-heading\"><strong>Come posso risolvere la latenza del mouse?<\/strong><\/h3>\n\n<p>\u00c8 possibile utilizzare numerosi metodi per risolvere questo problema. Provare ad aggiornare i driver del mouse o a reinstallarli. Se non funziona, provare a modificare le impostazioni del click pad.<\/p>\n\n<h3 class=\"wp-block-heading\"><strong>Quale latenza del mouse \u00e8 buona per i giochi?<\/strong><\/h3>\n\n<p>La frequenza di polling pi\u00f9 alta che il mouse \u00e8 in grado di raggiungere \u00e8 la frequenza di polling ideale per un mouse da gioco. Molti mouse da gioco hanno una frequenza di 1000Hz.<\/p>\n\n<h3 class=\"wp-block-heading\"><strong>I topi hanno una latenza?<\/strong><\/h3>\n\n<p>La latenza del clic \u00e8 influenzata dal connettore del mouse. In genere, i mouse wireless hanno una latenza maggiore, mentre quelli cablati hanno spesso una latenza minore.<\/p>\n\n<p>Controllare gli altri strumenti del mouse:<\/p>\n\n<ul class=\"wp-block-list\"><li><a href=\"https:\/\/cpstesters.com\/it\/?page_id=2875\" target=\"_blank\" rel=\"noreferrer noopener\">Test del pulsante del mouse<\/a><\/li><li><a href=\"https:\/\/cpstesters.com\/it\/?page_id=2260\" target=\"_blank\" rel=\"noreferrer noopener\">Test di scorrimento del mouse<\/a><\/li><li><a href=\"https:\/\/cpstesters.com\/it\/?page_id=3028\" target=\"_blank\" rel=\"noreferrer noopener\">Test APM<\/a><\/li><li><a href=\"https:\/\/cpstesters.com\/it\/?page_id=2527\" target=\"_blank\" rel=\"noreferrer noopener\">Allenatore di obiettivi<\/a><\/li><li><a href=\"https:\/\/cpstesters.com\/it\/?page_id=2873\" target=\"_blank\" rel=\"noreferrer noopener\">Test di precisione del mouse<\/a><\/li><\/ul>\n","protected":false},"excerpt":{"rendered":"<p>Il test di latenza del mouse pu\u00f2 essere utilizzato per scoprire la frequenza di polling e il tempo di risposta del clic del mouse cablato &#8230; <\/p>\n<p class=\"read-more-container\"><a title=\"Test di latenza del mouse | Verifica del tempo di risposta al clic\" class=\"read-more button\" href=\"https:\/\/cpstesters.com\/it\/test-di-latenza-del-mouse\/#more-3246\" aria-label=\"Per saperne di pi\u00f9 su Test di latenza del mouse | Verifica del tempo di risposta al clic\">Read More<\/a><\/p>\n","protected":false},"author":4,"featured_media":1750,"parent":0,"menu_order":0,"comment_status":"closed","ping_status":"closed","template":"","meta":{"footnotes":""},"class_list":["post-3246","page","type-page","status-publish","has-post-thumbnail"],"_links":{"self":[{"href":"https:\/\/cpstesters.com\/it\/wp-json\/wp\/v2\/pages\/3246","targetHints":{"allow":["GET"]}}],"collection":[{"href":"https:\/\/cpstesters.com\/it\/wp-json\/wp\/v2\/pages"}],"about":[{"href":"https:\/\/cpstesters.com\/it\/wp-json\/wp\/v2\/types\/page"}],"author":[{"embeddable":true,"href":"https:\/\/cpstesters.com\/it\/wp-json\/wp\/v2\/users\/4"}],"replies":[{"embeddable":true,"href":"https:\/\/cpstesters.com\/it\/wp-json\/wp\/v2\/comments?post=3246"}],"version-history":[{"count":2,"href":"https:\/\/cpstesters.com\/it\/wp-json\/wp\/v2\/pages\/3246\/revisions"}],"predecessor-version":[{"id":3267,"href":"https:\/\/cpstesters.com\/it\/wp-json\/wp\/v2\/pages\/3246\/revisions\/3267"}],"wp:featuredmedia":[{"embeddable":true,"href":"https:\/\/cpstesters.com\/it\/wp-json\/wp\/v2\/media\/1750"}],"wp:attachment":[{"href":"https:\/\/cpstesters.com\/it\/wp-json\/wp\/v2\/media?parent=3246"}],"curies":[{"name":"wp","href":"https:\/\/api.w.org\/{rel}","templated":true}]}}