{"id":3175,"date":"2024-07-16T14:30:37","date_gmt":"2024-07-16T14:30:37","guid":{"rendered":"https:\/\/cpstesters.com\/test-di-latenza-della-tastiera-tempo-di-risposta-ritardo-e-frequenza-di-polling\/"},"modified":"2024-09-17T16:59:47","modified_gmt":"2024-09-17T16:59:47","slug":"test-della-latenza-della-tastiera","status":"publish","type":"page","link":"https:\/\/cpstesters.com\/it\/test-della-latenza-della-tastiera\/","title":{"rendered":"Test di latenza della tastiera | Tempo di risposta, ritardo e frequenza di polling"},"content":{"rendered":"\n<p>Keyboard Response Time Test \u00e8 un test online per verificare la latenza della tastiera. Volete vedere il ritardo di input della vostra tastiera? Guardate!<\/p>\n <table>\r\n      <tr>\r\n        <th>Shortest Key Press<\/th>\r\n        <th>Estimated Scan Rate<\/th>\r\n      <\/tr>\r\n      <tr>\r\n        <td id=\"best-time\">press any key<\/td>\r\n        <td id=\"scan-rate\">press any key<\/td>\r\n      <\/tr>\r\n    <\/table>\r\n<h4>Key press history<\/h4>\r\n\r\n    <ul id=\"event-history\">\r\n    <\/ul>\r\n\r\n<script>\r\n'use strict';\r\n\r\nvar keyCodes = {\r\n  3 : \"break\",\r\n  8 : \"backspace \/ delete\",\r\n  9 : \"tab\",\r\n  12 : 'clear',\r\n  13 : \"enter\",\r\n  16 : \"shift\",\r\n  17 : \"ctrl \",\r\n  18 : \"alt\",\r\n  19 : \"pause\/break\",\r\n  20 : \"caps lock\",\r\n  27 : \"escape\",\r\n  32 : \"spacebar\",\r\n  33 : \"page up\",\r\n  34 : \"page down\",\r\n  35 : \"end\",\r\n  36 : \"home \",\r\n  37 : \"left arrow \",\r\n  38 : \"up arrow \",\r\n  39 : \"right arrow\",\r\n  40 : \"down arrow \",\r\n  41 : \"select\",\r\n  42 : \"print\",\r\n  43 : \"execute\",\r\n  44 : \"Print Screen\",\r\n  45 : \"insert \",\r\n  46 : \"delete\",\r\n  48 : \"0\",\r\n  49 : \"1\",\r\n  50 : \"2\",\r\n  51 : \"3\",\r\n  52 : \"4\",\r\n  53 : \"5\",\r\n  54 : \"6\",\r\n  55 : \"7\",\r\n  56 : \"8\",\r\n  57 : \"9\",\r\n  59 : \"semicolon (firefox), equals\",\r\n  61 : \"equals (firefox)\",\r\n  65 : \"a\",\r\n  66 : \"b\",\r\n  67 : \"c\",\r\n  68 : \"d\",\r\n  69 : \"e\",\r\n  70 : \"f\",\r\n  71 : \"g\",\r\n  72 : \"h\",\r\n  73 : \"i\",\r\n  74 : \"j\",\r\n  75 : \"k\",\r\n  76 : \"l\",\r\n  77 : \"m\",\r\n  78 : \"n\",\r\n  79 : \"o\",\r\n  80 : \"p\",\r\n  81 : \"q\",\r\n  82 : \"r\",\r\n  83 : \"s\",\r\n  84 : \"t\",\r\n  85 : \"u\",\r\n  86 : \"v\",\r\n  87 : \"w\",\r\n  88 : \"x\",\r\n  89 : \"y\",\r\n  90 : \"z\",\r\n  91 : \"Windows Key \/ Left \u2318\",\r\n  92 : \"right window key \",\r\n  93 : \"Windows Menu \/ Right \u2318\",\r\n  96 : \"numpad 0 \",\r\n  97 : \"numpad 1 \",\r\n  98 : \"numpad 2 \",\r\n  99 : \"numpad 3 \",\r\n  100 : \"numpad 4 \",\r\n  101 : \"numpad 5 \",\r\n  102 : \"numpad 6 \",\r\n  103 : \"numpad 7 \",\r\n  104 : \"numpad 8 \",\r\n  105 : \"numpad 9 \",\r\n  106 : \"multiply \",\r\n  107 : \"add\",\r\n  109 : \"subtract \",\r\n  110 : \"decimal point\",\r\n  111 : \"divide \",\r\n  112 : \"f1 \",\r\n  113 : \"f2 \",\r\n  114 : \"f3 \",\r\n  115 : \"f4 \",\r\n  116 : \"f5 \",\r\n  117 : \"f6 \",\r\n  118 : \"f7 \",\r\n  119 : \"f8 \",\r\n  120 : \"f9 \",\r\n  121 : \"f10\",\r\n  122 : \"f11\",\r\n  123 : \"f12\",\r\n  124 : \"f13\",\r\n  125 : \"f14\",\r\n  126 : \"f15\",\r\n  127 : \"f16\",\r\n  128 : \"f17\",\r\n  129 : \"f18\",\r\n  130 : \"f19\",\r\n  144 : \"num lock \",\r\n  145 : \"scroll lock\",\r\n  173 : \"minus (firefox), mute\/unmute\",\r\n  174 : \"decrease volume level\",\r\n  175 : \"increase volume level\",\r\n  176 : \"next\",\r\n  177 : \"previous\",\r\n  178 : \"stop\",\r\n  179 : \"play\/pause\",\r\n  181 : \"mute\/unmute (firefox)\",\r\n  182 : \"decrease volume level (firefox)\",\r\n  183 : \"increase volume level (firefox)\",\r\n  186 : \"semi-colon \",\r\n  187 : \"equal sign \",\r\n  188 : \"comma\",\r\n  189 : \"dash \",\r\n  190 : \"period \",\r\n  191 : \"forward slash\",\r\n  192 : \"grave accent \",\r\n  219 : \"open bracket \",\r\n  220 : \"back slash \",\r\n  221 : \"close bracket \",\r\n  222 : \"single quote \",\r\n  224 : \"left or right \u2318 key (firefox)\",\r\n  225 : \"altgr\",\r\n  226 : \"< \/git >\",\r\n  255 : \"toggle touchpad\"\r\n};\r\n\r\nwindow.performance = window.performance || {};\r\nperformance.now = (function() {\r\n    return performance.now       ||\r\n        performance.mozNow    ||\r\n        performance.msNow     ||\r\n        performance.oNow      ||\r\n        performance.webkitNow ||\r\n        Date.now * 1.0; \/*none found - fallback to browser default *\/\r\n})();\r\n\r\n(function() {\r\n  var body = document.querySelector('body');\r\n\r\n  var bestKeyTime = 10000;\r\n  var keyDownTime = [];\r\n  var isKeyDown = [];\r\n  for (var i = 0, len = 256; i < len; i++) {\r\n    isKeyDown[i] = false;\r\n    keyDownTime[i] = 0;\r\n  }\r\n\r\n\r\n  body.onkeydown = function (e) {\r\n    if ( !e.metaKey ) {\r\n      e.preventDefault();\r\n    }\r\n\r\n    if (!isKeyDown[e.keyCode]) {\r\n      isKeyDown[e.keyCode] = true;\r\n      keyDownTime[e.keyCode] = performance.now();\r\n    }\r\n  };\r\n\r\n  body.onkeyup = function (e) {\r\n    if ( !e.metaKey ) {\r\n      e.preventDefault();\r\n    }\r\n    isKeyDown[e.keyCode] = false;\r\n    var upTime = performance.now();\r\n    var heldTime = Math.ceil(upTime - keyDownTime[e.keyCode]);\r\n    bestKeyTime = Math.min(bestKeyTime, heldTime);\r\n    var scanRate = Math.min(1000 \/ (bestKeyTime), 1000);\r\n\r\n    document.querySelector('#best-time').innerHTML = bestKeyTime + \"ms\";\r\n    document.querySelector('#scan-rate').innerHTML = scanRate + \"Hz\";\r\n    var keyEventElem = document.createElement('li');\r\n    var keyEventContent = document.createTextNode(keyCodes[e.keyCode] + \": \" + heldTime + \"ms\");\r\n    keyEventElem.appendChild(keyEventContent);\r\n    var outputArea = document.querySelector('#event-history');\r\n    outputArea.insertBefore(keyEventElem, outputArea.firstChild)\r\n  };\r\n})(); \r\n<\/script>\r\n\n\n<p><\/p>\n\n<div style=\"height:5px\" aria-hidden=\"true\" class=\"wp-block-spacer\"><\/div>\n\n<h2 class=\"wp-block-heading\">Che cos&#8217;\u00e8 la latenza della tastiera?<\/h2>\n\n<p>Il tempo necessario a una tastiera per riconoscere un colpo \u00e8 noto come latenza della tastiera. In questo processo viene misurato l&#8217;intervallo di tempo tra lo spostamento di un tasto e l&#8217;arrivo del relativo pacchetto USB alla porta USB. Si tratta quindi del ritardo tra la pressione di un tasto e l&#8217;istante in cui l&#8217;azione viene visualizzata sullo schermo.<\/p>\n\n<p>Le cifre saranno arrotondate ai 5ms pi\u00f9 vicini per evitare una falsa precisione. \u00c8 possibile valutare la latenza della tastiera con il test di <a href=\"https:\/\/keyboardsexpert.com\/what-is-keyboard-latency\/\" target=\"_blank\" rel=\"noreferrer noopener\">latenza della tastiera<\/a>.<\/p>\n\n<h2 class=\"wp-block-heading\">Perch\u00e9 il test della latenza della tastiera \u00e8 importante?<\/h2>\n\n<p>Anche se la maggior parte delle tastiere ha una latenza adeguata per i programmatori o gli uffici, le tastiere da gioco con una latenza eccessiva possono fare la differenza tra la vittoria e la sconfitta.<\/p>\n\n<p>\u00c8 necessario assicurarsi che ogni componente non abbia una latenza elevata, poich\u00e9 la tastiera, il laptop e il monitor contribuiscono al ritardo tra l&#8217;input e l&#8217;attivit\u00e0 svolta. Le tastiere da gioco sono realizzate per avere la minor latenza possibile, nonostante nessun dispositivo sia veramente privo di lag.<\/p>\n\n<h2 class=\"wp-block-heading\">Come viene calcolato il tempo di risposta della tastiera?<\/h2>\n\n<p>Contando i fotogrammi che passano tra il momento in cui viene fornito l&#8217;input e il momento in cui appare il flash sul display, viene calcolata e verificata la latenza di prova della tastiera. Quindi, questo valore viene modificato per tenere conto della latenza del display, del sistema e del pre-corsa. Secondo i risultati, ogni tipo di collegamento aveva una media di 12 misurazioni.<\/p>\n<div class=\"wp-block-image\">\n<figure class=\"aligncenter size-full\"><img loading=\"lazy\" decoding=\"async\" width=\"1000\" height=\"500\" src=\"https:\/\/cpstesters.com\/wp-content\/uploads\/2022\/09\/Keyboard-Latency-Test.jpg\" alt=\"Test della latenza della tastiera\" class=\"wp-image-608\" title=\"\" srcset=\"https:\/\/cpstesters.com\/wp-content\/uploads\/2022\/09\/Keyboard-Latency-Test.jpg 1000w, https:\/\/cpstesters.com\/wp-content\/uploads\/2022\/09\/Keyboard-Latency-Test-300x150.jpg 300w, https:\/\/cpstesters.com\/wp-content\/uploads\/2022\/09\/Keyboard-Latency-Test-768x384.jpg 768w\" sizes=\"auto, (max-width: 1000px) 100vw, 1000px\" \/><figcaption class=\"wp-element-caption\">Test della latenza della tastiera<\/figcaption><\/figure>\n<\/div>\n<p class=\"has-text-align-center has-base-background-color has-background has-medium-font-size\"><em>Non dimenticate di controllare il nostro <a href=\"https:\/\/cpstesters.com\/it\/test-della-tastiera\/\" target=\"_blank\" rel=\"noreferrer noopener\">test della tastiera<\/a>!<\/em><\/p>\n\n<h2 class=\"wp-block-heading\">Passi per il test della latenza della tastiera<\/h2>\n\n<p>Questo test approfondito della velocit\u00e0 di scansione della tastiera viene fornito volentieri per consentire a voi ragazzi di determinare rapidamente la velocit\u00e0 con cui il sistema rileva la pressione dei tasti. Per iniziare a visualizzare i dati in tempo reale sullo schermo, \u00e8 sufficiente premere un tasto qualsiasi della tastiera del dispositivo.<\/p>\n\n<p>I passaggi per eseguire il test della velocit\u00e0 di risposta della tastiera sono i seguenti:<\/p>\n\n<ul class=\"wp-block-list\">\n<li>Per il tester, vedere in cima a questa pagina.<\/li>\n\n\n\n<li>Una volta fatto clic sul test, si aprir\u00e0 lo strumento di test.<\/li>\n\n\n\n<li>Lo strumento visualizza la velocit\u00e0 di scansione in Hz, che indica la velocit\u00e0 della tastiera necessaria per inviare le informazioni.<\/li>\n\n\n\n<li>\u00c8 disponibile l&#8217;opzione Intervallo minimo, che visualizza i dettagli dell&#8217;intervallo.<\/li>\n\n\n\n<li>La tastiera viene testata quando si premono i tasti e la nostra area di test rileva la velocit\u00e0 di risposta e ne visualizza i dettagli.<\/li>\n\n\n\n<li>\u00c8 anche possibile ripristinare i dati, premendo l&#8217;opzione di ripristino.<\/li>\n\n\n\n<li>Inoltre, \u00e8 possibile scaricare il tasso di risposta della tastiera e i dettagli della velocit\u00e0 di scansione. L&#8217;opzione \u00e8 fornita dallo strumento.<\/li>\n<\/ul>\n\n<p>In questo modo \u00e8 possibile testare facilmente la tastiera, \u00e8 lo strumento pi\u00f9 efficiente disponibile.<\/p>\n\n<h2 class=\"wp-block-heading\">Caratteristiche di questo test della velocit\u00e0 di polling<\/h2>\n\n<p>Inizialmente, \u00e8 possibile controllare il tasso di scansione della tastiera per ogni tasto premuto utilizzando questo strumento online.<\/p>\n\n<p>In secondo luogo, \u00e8 possibile osservare il tempo di risposta di un computer e la velocit\u00e0 con cui converte il segnale elettronico della pressione dei tasti in informazioni utili.<\/p>\n\n<p>Inoltre, \u00e8 possibile monitorare ogni tasto toccato durante l&#8217;utilizzo di questa applicazione online e vedere la velocit\u00e0 di risposta.<\/p>\n\n<p>\u00c8 inoltre possibile scaricare la registrazione dettagliata dell&#8217;intera sessione, che include il tempo di risposta di ogni tasto premuto. In questo modo \u00e8 possibile valutare l&#8217;efficienza del dispositivo.<\/p>\n\n<p>Inoltre, \u00e8 possibile riavviare una nuova sessione sul nostro strumento di test online utilizzando il pulsante di ripristino per un inizio pulito.<\/p>\n\n<h2 class=\"wp-block-heading has-text-align-center\">Domande frequenti<\/h2>\n\n<h3 class=\"wp-block-heading\"><strong>Come si controlla la latenza della tastiera?<\/strong><\/h3>\n\n<p>Esistono diversi metodi per misurare il ritardo della tastiera. Tuttavia, lo strumento di test della latenza della tastiera di CPSTesters.com \u00e8 il modo pi\u00f9 semplice per determinare la latenza della tastiera. Questo strumento vi fornir\u00e0 rapidamente risultati accurati.<\/p>\n\n<h3 class=\"wp-block-heading\"><strong>Come posso migliorare la latenza della tastiera?<\/strong><\/h3>\n\n<p>Per ridurre la latenza della tastiera, \u00e8 possibile aggiornare i driver, eseguire strumenti di diagnostica o inserire varie istruzioni nel prompt dei comandi. Un ritardo nella risposta dell&#8217;input della tastiera potrebbe anche essere causato da una batteria scarica della tastiera. Controllare la batteria della tastiera, sostituirla se possibile e verificare che funzioni correttamente.<\/p>\n\n<h3 class=\"wp-block-heading\"><strong>La latenza della tastiera \u00e8 importante per i giochi?<\/strong><\/h3>\n\n<p>S\u00ec, la latenza della tastiera \u00e8 molto importante per i giochi in quanto determina le prestazioni del gioco. La vittoria o la sconfitta del gioco dipendono dalla latenza della tastiera e dalla sua efficacia.<\/p>\n\n<h3 class=\"wp-block-heading\"><strong>La frequenza di polling di 1000Hz \u00e8 buona per la tastiera?<\/strong><\/h3>\n\n<p>La frequenza di polling di una tastiera, espressa in Hertz, \u00e8 la frequenza con cui comunica i dati al desktop (Hz). La risposta di ogni tasto premuto \u00e8 tanto pi\u00f9 rapida quanto pi\u00f9 veloce \u00e8 la frequenza di polling. Per i giochi, si consiglia una frequenza di polling compresa tra 500 e 1000 Hz. \u00c8 possibile verificare la frequenza di polling della tastiera utilizzando il nostro test di polling della tastiera.<\/p>\n\n<h3 class=\"wp-block-heading\"><strong>Come posso verificare la latenza della mia tastiera?<\/strong><\/h3>\n\n<p>Un programma creato appositamente per le tastiere Bluetooth consente di verificare rapidamente la latenza della tastiera. \u00c8 inoltre disponibile un test di latenza della tastiera online. \u00c8 sufficiente visitare il nostro sito web online per valutare il test del ritardo di ingresso.<\/p>\n\n<p>Altri strumenti da tastiera:<\/p>\n\n<ul class=\"wp-block-list\">\n<li><a href=\"https:\/\/cpstesters.com\/it\/contatore-di-barre-spaziali\/\" target=\"_blank\" rel=\"noreferrer noopener\">Barra spaziatrice Contatore<\/a><\/li>\n\n\n\n<li><a href=\"https:\/\/cpstesters.com\/it\/test-click-tastiera\/\" target=\"_blank\" rel=\"noreferrer noopener\">Test di clic della tastiera<\/a><\/li>\n\n\n\n<li><a href=\"https:\/\/cpstesters.com\/it\/test-del-ghosting-della-tastiera-e-come-risolverlo\/\" target=\"_blank\" rel=\"noreferrer noopener\">Test del ghosting della tastiera<\/a><\/li>\n\n\n\n<li><a href=\"https:\/\/cpstesters.com\/it\/test-della-tastiera-meccanica\/\" target=\"_blank\" rel=\"noreferrer noopener\">Test della tastiera meccanica<\/a><\/li>\n\n\n\n<li><a href=\"https:\/\/cpstesters.com\/it\/test-wpm\/\" target=\"_blank\" rel=\"noreferrer noopener\">Test WPM<\/a><\/li>\n<\/ul>\n","protected":false},"excerpt":{"rendered":"<p>Keyboard Response Time Test \u00e8 un test online per verificare la latenza della tastiera. Volete vedere il ritardo di input della vostra tastiera? Guardate! Che &#8230; <\/p>\n<p class=\"read-more-container\"><a title=\"Test di latenza della tastiera | Tempo di risposta, ritardo e frequenza di polling\" class=\"read-more button\" href=\"https:\/\/cpstesters.com\/it\/test-della-latenza-della-tastiera\/#more-3175\" aria-label=\"Per saperne di pi\u00f9 su Test di latenza della tastiera | Tempo di risposta, ritardo e frequenza di polling\">Read More<\/a><\/p>\n","protected":false},"author":4,"featured_media":1642,"parent":0,"menu_order":0,"comment_status":"closed","ping_status":"closed","template":"","meta":{"footnotes":""},"class_list":["post-3175","page","type-page","status-publish","has-post-thumbnail"],"_links":{"self":[{"href":"https:\/\/cpstesters.com\/it\/wp-json\/wp\/v2\/pages\/3175","targetHints":{"allow":["GET"]}}],"collection":[{"href":"https:\/\/cpstesters.com\/it\/wp-json\/wp\/v2\/pages"}],"about":[{"href":"https:\/\/cpstesters.com\/it\/wp-json\/wp\/v2\/types\/page"}],"author":[{"embeddable":true,"href":"https:\/\/cpstesters.com\/it\/wp-json\/wp\/v2\/users\/4"}],"replies":[{"embeddable":true,"href":"https:\/\/cpstesters.com\/it\/wp-json\/wp\/v2\/comments?post=3175"}],"version-history":[{"count":4,"href":"https:\/\/cpstesters.com\/it\/wp-json\/wp\/v2\/pages\/3175\/revisions"}],"predecessor-version":[{"id":4241,"href":"https:\/\/cpstesters.com\/it\/wp-json\/wp\/v2\/pages\/3175\/revisions\/4241"}],"wp:featuredmedia":[{"embeddable":true,"href":"https:\/\/cpstesters.com\/it\/wp-json\/wp\/v2\/media\/1642"}],"wp:attachment":[{"href":"https:\/\/cpstesters.com\/it\/wp-json\/wp\/v2\/media?parent=3175"}],"curies":[{"name":"wp","href":"https:\/\/api.w.org\/{rel}","templated":true}]}}