{"id":3021,"date":"2024-07-16T14:20:18","date_gmt":"2024-07-16T14:20:18","guid":{"rendered":"https:\/\/cpstesters.com\/generatore-di-sfere-minecraft-generatore-di-cupole-minecraft\/"},"modified":"2024-09-17T15:37:57","modified_gmt":"2024-09-17T15:37:57","slug":"generatore-di-sfere-minecraft","status":"publish","type":"page","link":"https:\/\/cpstesters.com\/it\/generatore-di-sfere-minecraft\/","title":{"rendered":"Generatore di sfere Minecraft | Generatore di cupole Minecraft"},"content":{"rendered":"\n<p>Minecraft Sphere Generator \u00e8 uno strumento che viene utilizzato per creare sfere a cupola e pixel per espandere i paesaggi di Minecraft.<\/p>\n\n\n<style>\r\n        label {\r\n            display: inline-block;\r\n            width: 7em;\r\n            font-size: 20px;\r\n            font-weight: bold;\r\n        }\r\n        \r\n        #txtRadius {\r\n            font-size: 20px;\r\n        }\r\n        \r\n        #output {\r\n\t\t\toverflow: scroll;\r\n\t\t\tdisplay: flex;\r\n\t\t\theight: fit-content;\r\n        }\r\n    \r\n        #output table {\r\n            border-collapse: collapse;\r\n            border: 2px solid;\r\n            float: left;\r\n            margin: 5px;\r\n        }\r\n    \r\n        #output td {\r\n            \/*display: block;*\/\r\n            background-color: #FFFFFF;\r\n        }\r\n    \r\n        #output div {\r\n            width: 8px;\r\n            height: 8px;\r\n            overflow: hidden;\r\n        }\r\n    \r\n        #output td.prev_empty {\r\n            background-color: #AAAAAA;\r\n        }\r\n    \r\n        #output td.empty {\r\n            background-color: #FFFFFF;\r\n        }\r\n    \r\n        #output td.prev_full {\r\n            background-color: #660000;\r\n        }\r\n    \r\n        #output td.full {\r\n            background-color: #EE0000;\r\n        }\r\n    \r\n        #output td.prev_open {\r\n            background-color: #006600;\r\n        }\r\n    \r\n        #output td.open {\r\n            background-color: #00EE00;\r\n        }\r\n        \r\n        #generate_btn {\r\n            padding: 10px 20px;\r\n            border-radius: 5px;\r\n            border: 1px solid black;\r\n        }\r\n    <\/style>\r\n<div>\r\n<div class=\"form_item\">\r\n<label>Radius:<\/label>\r\n<input type=\"text\" id=\"txtRadius\" value=\"6\" \/>\r\n<\/div>\r\n<div class=\"form_item\">\r\n<label>Fill:<\/label>\r\n<input type=\"checkbox\" id=\"chkFill\" value=\"true\" checked=\"\" \/> Either fill the sphere, or calculate which position may be left empty.\r\n<\/div>\r\n<div class=\"form_item\">\r\n<label>Hints:<\/label>\r\n<input type=\"checkbox\" id=\"chkHints\" value=\"true\" checked=\"\" \/> On each layer darken the previous layer to ease building.\r\n<\/div>\r\n<div class=\"form_item\">\r\n<label>Block-align:<\/label>\r\n<input type=\"checkbox\" id=\"chkMiddle\" value=\"true\" \/>\r\n<\/div>\r\n<br>\r\n<input id=\"generate_btn\" type=\"button\" value=\"Generate\" \/>\r\n<\/div>\r\n<br>\r\n<div id=\"blocks-out\"><\/div>\r\n<br>\r\n<div id=\"output\"><\/div>\r\n<script>\r\n        jQuery(document).ready(function () {\r\n           jQuery('#generate_btn').click(function () {\r\n                generate();\r\n            });\r\n        });\r\n        \r\n        generate();\r\n\r\n        function generate() {\r\n            var radius = parseFloat(jQuery('#txtRadius').val());\r\n            var fill = isChecked('chkFill');\r\n            var hints = isChecked('chkHints');\r\n            var middle = isChecked('chkMiddle');\r\n            var blocks = generateBlocks(radius, middle);\r\n\r\n            if (!fill) {\r\n                blocks = purgeBlocks(blocks);\r\n            }\r\n\r\n            printBlocks(blocks, hints);\r\n        }\r\n\r\n        function isChecked(id) {\r\n            return jQuery('#' + id).is(\":checked\");\r\n        }\r\n\r\n        function generateBlocks(radius, middle) {\r\n            var radiusSq = radius * radius;\r\n            var halfSize, size, offset;\r\n\r\n            if (middle) {\r\n                size = (2 * Math.ceil(radius)) + 1;\r\n                offset = Math.floor(size \/ 2);\r\n            } else {\r\n                halfSize = Math.ceil(radius) + 1;\r\n                size = halfSize * 2;\r\n                offset = halfSize - 0.5;\r\n            }\r\n\r\n            function isFull(x, y, z) {\r\n                x -= offset;\r\n                y -= offset;\r\n                z -= offset;\r\n                x *= x;\r\n                y *= y;\r\n                z *= z;\r\n\r\n                return x + y + z < radiusSq;\r\n            }\r\n\r\n            var blocks = [];\r\n\r\n            for (var z = 0; z < size; z++) {\r\n                var slice = blocks[z] = [];\r\n\r\n                for (var x = 0; x < size; x++) {\r\n                    var row = slice[x] = [];\r\n\r\n                    for (var y = 0; y < size; y++) {\r\n                        row[y] = isFull(x, y, z);\r\n                    }\r\n                }\r\n            }\r\n\r\n            return blocks;\r\n        }\r\n\r\n        function purgeBlocks(blocks) {\r\n            var newblocks = [];\r\n\r\n            for (var z = 0; z < blocks.length; z++) {\r\n                var slice = blocks[z];\r\n                var newslice = newblocks[z] = [];\r\n\r\n                for (var x = 0; x < slice.length; x++) {\r\n                    var row = slice[x];\r\n                    var newrow = newslice[x] = [];\r\n\r\n                    for (var y = 0; y < row.length; y++) {\r\n                        newrow[y] = row[y] && (!row[y - 1] || !row[y + 1] || !slice[x - 1][y] || !slice[x + 1][y] || !blocks[z - 1][x][y] || !blocks[z + 1][x][y]);\r\n                    }\r\n                }\r\n            }\r\n\r\n            return newblocks;\r\n        }\r\n\r\n        function printBlocks(blocks, hints) {\r\n            var x, y, z;\r\n            var table, tbody, tr, td, prev, divNeeded, needed = 0;\r\n            var output = jQuery('#output');\r\n\r\n            output.empty();\r\n\r\n            output.append(divNeeded = jQuery('<p>'));\r\n            \/\/output.append($('<div>'));\r\n            var prevslice = blocks[0];\r\n            for (z = 1; z < blocks.length - 1; z++) {\r\n                var slice = blocks[z];\r\n                output.append(table = jQuery('<table>'));\r\n                \/\/output.append($('<div>'));\r\n                table.append(tbody = jQuery('<tbody>'));\r\n\r\n                table.attr('border', 1);\r\n                table.attr('cellpadding', 0);\r\n                table.attr('cellspacing', 0);\r\n\r\n                for (x = 0; x < slice.length; x++) {\r\n                    var row = slice[x];\r\n                    tbody.append(tr = jQuery('<tr>'));\r\n\r\n                    for (y = 0; y < row.length; y++) {\r\n                        tr.append(td = jQuery('<td>'));\r\n                        prev = hints && prevslice[x][y];\r\n\r\n                        if (row[y]) {\r\n                            td.attr('class', prev ? 'prev_full' : 'full');\r\n                            needed++;\r\n                        } else {\r\n                            td.attr('class', prev ? 'prev_empty' : 'empty');\r\n                        }\r\n\r\n                        td.append(jQuery('<div>'));\r\n                    }\r\n                }\r\n\r\n                prevslice = slice;\r\n            }\r\n\r\n            jQuery(\"#blocks-out\").append(\"Blocks needed: \" + needed);\r\n        }\r\n    <\/script>\n\n\n\n<div style=\"height:10px\" aria-hidden=\"true\" class=\"wp-block-spacer\"><\/div>\n\n\n\n<h2 class=\"wp-block-heading\">Sfera Minecraft<\/h2>\n\n\n\n<p>Nei giochi di Minecraft, le sfere vengono utilizzate per la costruzione. Quando si costruisce qualcosa nel mondo virtuale di Minecraft, si pu\u00f2 dimostrare la propria competenza e risparmiare un sacco di tempo utilizzando il generatore di sfere di Minecraft.<\/p>\n\n\n\n<p>Se volete giocare a Minecraft con le curve, dovrete esercitarvi molto per ottenere i vantaggi di livello superiore.<\/p>\n\n\n\n<h2 class=\"wp-block-heading\">Creatore di sfere Minecraft<\/h2>\n\n\n\n<p>Il generatore di sfere di Minecraft viene utilizzato per creare strutture a sfera. Questo strumento d&#8217;inventiva pu\u00f2 essere utilizzato da chi ha la passione di costruire e stabilire cose. Questo programma, basato su blocchi, consente di creare qualsiasi disegno di sfera a scelta.<\/p>\n\n\n\n<p>Gli utenti di questo strumento controllano i blocchi e danno ai loro progetti un aspetto creativo. Dandovi l&#8217;idea di dove mettere i blocchi, il creatore di sfere Minecraft semplifica il vostro compito e vi fa risparmiare tempo. Utilizzando i pixel, potete dimostrare metodicamente il vostro ingegno.<\/p>\n\n\n\n<p>Vi permettiamo di utilizzare l&#8217;intero schermo in modo da poterlo visualizzare pi\u00f9 chiaramente. Con l&#8217;aiuto del nostro strumento, ora potete costruire sfere in modo brillante e utilizzarle ovunque vogliate.<\/p>\n\n\n<div class=\"wp-block-image\">\n<figure class=\"aligncenter size-full\"><img loading=\"lazy\" decoding=\"async\" width=\"1000\" height=\"500\" src=\"https:\/\/cpstesters.com\/wp-content\/uploads\/2022\/09\/Minecraft-Sphere-Generator.jpg\" alt=\"Generatore di sfere Minecraft\" class=\"wp-image-558\" title=\"\" srcset=\"https:\/\/cpstesters.com\/wp-content\/uploads\/2022\/09\/Minecraft-Sphere-Generator.jpg 1000w, https:\/\/cpstesters.com\/wp-content\/uploads\/2022\/09\/Minecraft-Sphere-Generator-300x150.jpg 300w, https:\/\/cpstesters.com\/wp-content\/uploads\/2022\/09\/Minecraft-Sphere-Generator-768x384.jpg 768w\" sizes=\"auto, (max-width: 1000px) 100vw, 1000px\" \/><figcaption class=\"wp-element-caption\">Generatore di sfere Minecraft<\/figcaption><\/figure>\n<\/div>\n\n\n<h2 class=\"wp-block-heading\">Come usare il generatore di sfere di Minecraft<\/h2>\n\n\n\n<p>Se utilizzate questo strumento per la prima volta, la procedura sar\u00e0 semplice. Per comodit\u00e0, abbiamo pubblicato un documento con le informazioni utili per la realizzazione di una sfera cava. \u00c8 necessario attenersi a queste istruzioni.<\/p>\n\n\n\n<p>Lo strumento generatore di sfere di Minecraft \u00e8 visibile nella barra dei menu. \u00c8 sufficiente toccarla per far apparire sullo schermo la pagina seguente.<\/p>\n\n\n\n<ul class=\"wp-block-list\">\n<li>Fornire il raggio di cui si ha bisogno per creare la sfera desiderata. Per impostazione predefinita, questo programma crea un modello con un raggio di sei, con le opzioni consigliate attivate.<\/li>\n\n\n\n<li>Utilizzate il pulsante Suggerimento per aggiungere punti rossi ai bordi, per comodit\u00e0, se volete una sfera piena in Minecraft.<\/li>\n\n\n\n<li>Le scelte di blocco consentono di allineare il numero di blocchi.<\/li>\n\n\n\n<li>Premete ancora una volta il pulsante Genera per creare il modulo a sfera utilizzando le impostazioni appena scelte.<\/li>\n\n\n\n<li>\u00c8 possibile vedere il numero anche sotto l&#8217;opzione di generazione. \u00c8 il numero di blocchi necessari per creare una sfera in Minecraft.<\/li>\n\n\n\n<li>A seconda delle preferenze, si pu\u00f2 decidere in qualsiasi momento se tornare al menu del modello. \u00c8 possibile utilizzare il browser per tornare indietro.<\/li>\n\n\n\n<li>Inoltre, come si pu\u00f2 vedere, \u00e8 incluso un cursore a destra. Si pu\u00f2 usare per visualizzare un determinato livello orizzontale del modello. Le prospettive 2D e 3D possono essere gestite dal cursore di destra. Solo per il modello 3D, questo livello sar\u00e0 evidenziato con un colore giallo brillante.<\/li>\n<\/ul>\n\n\n\n<p>Ora potete creare facilmente il vostro progetto e incorporarlo nel gioco sferico di Minecraft. Utilizzando lo strumento del generatore di sfere di pixel, \u00e8 possibile scoprire altre idee uniche per la costruzione.<\/p>\n\n\n\n<p class=\"has-text-align-center has-base-background-color has-background has-medium-font-size\"><em>Potete anche provare il <a href=\"https:\/\/cpstesters.com\/it\/?page_id=2878\" target=\"_blank\" rel=\"noreferrer noopener\">generatore di cerchi di Minecraft<\/a>!<\/em><\/p>\n\n\n\n<h2 class=\"wp-block-heading\">Caratteristiche del generatore di cupole Minecraft<\/h2>\n\n\n\n<p>Il generatore di sfere di Minecraft \u00e8 un potente strumento creato per aiutare i giocatori a creare sfere incredibili e altri oggetti di ispirazione sferica come le cupole, utilizzando il generatore di cupole di Minecraft e i piani di costruzione, espandendo il potenziale delle sfere di Minecraft.<\/p>\n\n\n\n<p>Anche se questo programma ha un sacco di capacit\u00e0 intriganti, qui includeremo tutte le funzioni necessarie per costruire le sfere di Minecraft:<\/p>\n\n\n\n<ul class=\"wp-block-list\">\n<li>Con l&#8217;aiuto di questo creatore di sfere, \u00e8 possibile produrre forme sferiche con raggio regolabile.<\/li>\n\n\n\n<li>Lo strumento indica quanti blocchi sono necessari per costruire la sfera ideale nel gioco Minecraft.<\/li>\n\n\n\n<li>\u00c8 possibile creare due diversi disegni di sfere, uno con blocchi allineati e l&#8217;altro senza.<\/li>\n\n\n\n<li>Si pu\u00f2 scegliere di delineare la sfera o di lasciare uno spazio vuoto, in base alle proprie esigenze.<\/li>\n<\/ul>\n\n\n\n<h2 class=\"wp-block-heading has-text-align-center\">Domande frequenti<\/h2>\n\n\n\n<h3 class=\"wp-block-heading\"><strong>Qual \u00e8 il comando di Minecraft che crea una sfera piena?<\/strong><\/h3>\n\n\n\n<p>Per creare senza fatica un cerchio completo in Minecraft, utilizzare il seguente comando: <strong>Per creare una sfera piena, digitare \/sfera<\/strong>.<\/p>\n\n\n\n<h3 class=\"wp-block-heading\"><strong>Chi pu\u00f2 utilizzare il generatore di sfere di Minecraft?<\/strong><\/h3>\n\n\n\n<p>Questo strumento pu\u00f2 essere utilizzato da chi ha competenze di costruzione. Questa tecnica viene utilizzata anche da chi non ha esperienza nel campo delle costruzioni per aumentare il proprio livello di creativit\u00e0. Questo strumento permette ai bambini di sperimentare vari layout a blocchi. I giocatori del videogioco Minecraft utilizzano questo strumento per progettare edifici.<\/p>\n\n\n\n<p>Altri strumenti di Minecraft:<\/p>\n\n\n\n<ul class=\"wp-block-list\">\n<li><a href=\"https:\/\/cpstesters.com\/it\/generatore-di-caratteri-minecraft-il-miglior-generatore-di-caratteri\/\" target=\"_blank\" rel=\"noreferrer noopener\">Generatore di caratteri Minecraft<\/a><\/li>\n\n\n\n<li><a href=\"https:\/\/cpstesters.com\/it\/generatore-di-titoli-di-minecraft-crea-il-titolo-migliore\/\" target=\"_blank\" rel=\"noreferrer noopener\">Generatore di titoli Minecraft<\/a><\/li>\n\n\n\n<li><a href=\"https:\/\/cpstesters.com\/it\/generatore-di-comandi-minecraft-online-dare-comandi\/\" target=\"_blank\" rel=\"noreferrer noopener\">Generatore di comandi Minecraft<\/a><\/li>\n\n\n\n<li><a href=\"https:\/\/cpstesters.com\/it\/?page_id=2527\" target=\"_blank\" rel=\"noreferrer noopener\">Allenatore di obiettivi<\/a><\/li>\n\n\n\n<li><a href=\"https:\/\/cpstesters.com\/it\/test-apm-tracciatore-di-azioni-al-minuto-per-il-gioco\/\" target=\"_blank\" rel=\"noreferrer noopener\">Test APM<\/a><\/li>\n<\/ul>\n","protected":false},"excerpt":{"rendered":"<p>Minecraft Sphere Generator \u00e8 uno strumento che viene utilizzato per creare sfere a cupola e pixel per espandere i paesaggi di Minecraft. Sfera Minecraft Nei &#8230; <\/p>\n<p class=\"read-more-container\"><a title=\"Generatore di sfere Minecraft | Generatore di cupole Minecraft\" class=\"read-more button\" href=\"https:\/\/cpstesters.com\/it\/generatore-di-sfere-minecraft\/#more-3021\" aria-label=\"Per saperne di pi\u00f9 su Generatore di sfere Minecraft | Generatore di cupole Minecraft\">Read More<\/a><\/p>\n","protected":false},"author":4,"featured_media":1510,"parent":0,"menu_order":0,"comment_status":"closed","ping_status":"closed","template":"","meta":{"footnotes":""},"class_list":["post-3021","page","type-page","status-publish","has-post-thumbnail"],"_links":{"self":[{"href":"https:\/\/cpstesters.com\/it\/wp-json\/wp\/v2\/pages\/3021","targetHints":{"allow":["GET"]}}],"collection":[{"href":"https:\/\/cpstesters.com\/it\/wp-json\/wp\/v2\/pages"}],"about":[{"href":"https:\/\/cpstesters.com\/it\/wp-json\/wp\/v2\/types\/page"}],"author":[{"embeddable":true,"href":"https:\/\/cpstesters.com\/it\/wp-json\/wp\/v2\/users\/4"}],"replies":[{"embeddable":true,"href":"https:\/\/cpstesters.com\/it\/wp-json\/wp\/v2\/comments?post=3021"}],"version-history":[{"count":4,"href":"https:\/\/cpstesters.com\/it\/wp-json\/wp\/v2\/pages\/3021\/revisions"}],"predecessor-version":[{"id":4663,"href":"https:\/\/cpstesters.com\/it\/wp-json\/wp\/v2\/pages\/3021\/revisions\/4663"}],"wp:featuredmedia":[{"embeddable":true,"href":"https:\/\/cpstesters.com\/it\/wp-json\/wp\/v2\/media\/1510"}],"wp:attachment":[{"href":"https:\/\/cpstesters.com\/it\/wp-json\/wp\/v2\/media?parent=3021"}],"curies":[{"name":"wp","href":"https:\/\/api.w.org\/{rel}","templated":true}]}}