{"id":2878,"date":"2024-07-16T14:30:16","date_gmt":"2024-07-16T14:30:16","guid":{"rendered":"https:\/\/cpstesters.com\/generatore-di-cerchi-di-minecraft-crea-un-diagramma-circolare-ovale-online\/"},"modified":"2024-09-17T15:27:35","modified_gmt":"2024-09-17T15:27:35","slug":"generatore-di-cerchi-di-minecraft","status":"publish","type":"page","link":"https:\/\/cpstesters.com\/it\/generatore-di-cerchi-di-minecraft\/","title":{"rendered":"Generatore di cerchi di Minecraft | Crea un diagramma circolare\/ovale online"},"content":{"rendered":"\n<p>Circle Generator \u00e8 uno strumento online che crea un cerchio o un ovale di pixel per Minecraft per rendere il processo pi\u00f9 facile per voi.<\/p>\n\n\n      <style type=\"text\/css\">\r\n         table.circle_output td {\r\n         border-collapse: collapse;\r\n         }\r\n         table.circle_output td {\r\n         border: 1px solid white;\r\n         width: 15px;\r\n         height: 15px;\r\n         }\r\n         .filled {\r\n         background: red;\r\n         }\r\n         .cgy0,\r\n         .cgx0 {\r\n         background: #eee;\r\n         }\r\n         .filled.cgy0,\r\n         .filled.cgx0 {\r\n         background: #808080;\r\n         }\r\n         #height,\r\n         #diameter,\r\n         #scaler {\r\n         width: 150px;\r\n         }\r\n      <\/style>\r\n<div class=\"row\">\r\n\t<div class=\"col-md-4\">\r\n\t<label>Width:<\/label><br>\r\n\t<input tabindex=\"1\" type=\"number\" size=\"5\" id=\"diameter\" value=\"9\" autocomplete=\"off\" autofocus=\"autofocus\">\r\n\t<\/div>\r\n\t<div class=\"col-md-4\">\r\n\t\t<label>Height:<\/label><br>\r\n\t\t<input tabindex=\"2\" type=\"number\" size=\"5\" id=\"height\" value=\"9\" autocomplete=\"off\" autofocus=\"autofocus\"> \r\n\t<\/div>\r\n\t\r\n<\/div>\r\n<br>\r\n<div class=\"row\">\r\n\t<div class=\"col-md-6\">\r\n\t<label>Scale:<\/label><br>\r\n      <input type=\"range\" min=\"50\" max=\"3000\" value=\"720\" id=\"scaler\" data-poly-scale=\".1\" \/>\t\r\n<br>\r\n\t<label><input id=\"linked\" type=\"checkbox\" checked=\"checked\" value=\"1\" \/> Force Circle<\/label> &mdash; Block Count: <span id=\"blockcount\"><\/span><br \/> <br>\r\n      <select id=\"thickness\">\r\n         <option selected=\"selected\">thick<\/option>\r\n         <option>thin<\/option>\r\n         <option>filled<\/option>\r\n      <\/select>\r\n\t<\/div>\r\n<div style=\"margin-left:50px;\" class=\"col-md-6\">\r\n\t<label>Download:<\/label><br>\r\n      <button type=\"button\" id=\"downloadSVG\">SVG<\/button>\r\n      <button type=\"button\" id=\"downloadPNG\">PNG<\/button>\r\n\t<\/div>\r\n<\/div>\r\n   \r\n      <div id=\"result\"><\/div>\r\n\r\n\r\n\r\n\r\n      <script src=\"https:\/\/ajax.googleapis.com\/ajax\/libs\/mootools\/1.3.2\/mootools.js\"><\/script>\r\n      <script src=\"https:\/\/cpstesters.com\/wp-content\/themes\/generatepress\/tools\/assets\/js\/Base64.js\"><\/script>\r\n\r\n      <script src=\"https:\/\/cpstesters.com\/wp-content\/themes\/generatepress\/tools\/assets\/js\/svg.js\"><\/script>\r\n      <script src=\"https:\/\/cpstesters.com\/wp-content\/themes\/generatepress\/tools\/assets\/js\/table.js\"><\/script>\r\n\r\n      <script src=\"https:\/\/cpstesters.com\/wp-content\/themes\/generatepress\/tools\/assets\/js\/FileSaver.js\"><\/script>\r\n      <script src=\"https:\/\/cpstesters.com\/wp-content\/themes\/generatepress\/tools\/assets\/js\/generator.js\"><\/script>\n\n\n\n<div style=\"height:5px\" aria-hidden=\"true\" class=\"wp-block-spacer\"><\/div>\n\n\n\n<h2 class=\"wp-block-heading\">Generatore di cerchi Minecraft  <\/h2>\n\n\n\n<p>\u00c8 possibile utilizzare il cerchio di Minecraft come profilo per creare una variet\u00e0 di oggetti, come case, torri, strutture e altro ancora. Il cerchio in Minecraft \u00e8 una forma che pu\u00f2 essere utilizzata per creare torri, strutture e altri oggetti nel gioco.<\/p>\n\n\n\n<p>Potete creare cerchi per il vostro viaggio di gioco in Minecraft utilizzando il nostro strumento di generazione di ovali. \u00c8 possibile salvare un&#8217;immagine del cerchio (SVG e PNG). Il nostro strumento di generazione di pixel pu\u00f2 aiutarvi a creare cerchi, ovali e sfere adatti alle vostre dimensioni.<\/p>\n\n\n\n<p>In Minecraft ci sono diversi modi per creare un grafico a cerchi di pixel. Con l&#8217;aiuto di un singolo pixel, \u00e8 possibile creare semplici pixel art utilizzando il generatore di pixel art di Minecraft World of Minecraft.<\/p>\n\n\n\n<p>Una tecnica di pixel-art in stile retr\u00f2 viene creata utilizzando un generatore di cerchi. Inoltre, utilizzando il generatore di cerchi pixel o circle maker, \u00e8 possibile creare qualsiasi cosa in forma circolare.<\/p>\n\n\n<div class=\"wp-block-image\">\n<figure class=\"aligncenter size-full\"><img loading=\"lazy\" decoding=\"async\" width=\"1000\" height=\"500\" src=\"https:\/\/cpstesters.com\/wp-content\/uploads\/2022\/09\/Minecraft-Circle-Generator.jpg\" alt=\"Generatore di cerchi Minecraft\" class=\"wp-image-554\" title=\"\" srcset=\"https:\/\/cpstesters.com\/wp-content\/uploads\/2022\/09\/Minecraft-Circle-Generator.jpg 1000w, https:\/\/cpstesters.com\/wp-content\/uploads\/2022\/09\/Minecraft-Circle-Generator-300x150.jpg 300w, https:\/\/cpstesters.com\/wp-content\/uploads\/2022\/09\/Minecraft-Circle-Generator-768x384.jpg 768w\" sizes=\"auto, (max-width: 1000px) 100vw, 1000px\" \/><figcaption class=\"wp-element-caption\">Generatore di cerchi Minecraft<\/figcaption><\/figure>\n<\/div>\n\n\n<h2 class=\"wp-block-heading\">Come utilizzare Circle Chart Minecraft?<\/h2>\n\n\n\n<p>Invece di iniziare con le &#8220;impalcature&#8221; interne, i diagrammi circolari sono immagini guida che possono essere utilizzate per capire rapidamente dove posizionare esattamente i blocchi. \u00c8 sufficiente utilizzare la foto di riferimento come guida e cercare la larghezza desiderata.<\/p>\n\n\n\n<p>Lo svantaggio di un diagramma circolare \u00e8 che, trattandosi di grafici fissi, \u00e8 pi\u00f9 difficile modificarne uno per adattarlo alle proprie esigenze se si desidera qualcosa di unico per la propria costruzione.<\/p>\n\n\n\n<p>Le dimensioni possono essere calcolate molto pi\u00f9 rapidamente se si pu\u00f2 vedere con precisione la lunghezza di ogni spigolo.<\/p>\n\n\n\n<p class=\"has-text-align-center has-base-background-color has-background has-medium-font-size\"><em>Potete anche provare il nostro strumento <a href=\"https:\/\/cpstesters.com\/it\/generatore-di-sfere-minecraft-generatore-di-cupole-minecraft\/\" target=\"_blank\" rel=\"noreferrer noopener\">generatore di sfere di Minecraft<\/a>!<\/em><\/p>\n\n\n\n<h2 class=\"wp-block-heading\">Come costruire un cerchio di pixel partendo da zero<\/h2>\n\n\n\n<p>Il diametro desiderato per un cerchio \u00e8 la prima cosa da sapere. \u00c8 fondamentale tenere presente che quanto pi\u00f9 circolare \u00e8 l&#8217;immagine che si pu\u00f2 creare, tanto pi\u00f9 piccola deve essere la forma.<\/p>\n\n\n\n<p>Un cerchio pi\u00f9 ampio consente di regolare i confini in modo pi\u00f9 graduale, producendo un aspetto molto pi\u00f9 accattivante. Vediamo un esempio per ciascuno di essi, in modo da capire come la procedura differisca a seconda che si desideri una larghezza pari o dispari.<\/p>\n\n\n\n<h2 class=\"wp-block-heading\">Passaggi per creare un cerchio perfetto in Minecraft<\/h2>\n\n\n\n<p>\u00c8 possibile creare cerchi perfetti in Minecraft con il creatore di cerchi gratuito del sito. Questo vi aiuter\u00e0 a creare vari oggetti in Minecraft.<\/p>\n\n\n\n<p>In questa situazione, si vuole creare il cerchio migliore e ideale. Osservate le raccomandazioni che vi forniamo di seguito:<\/p>\n\n\n\n<ul class=\"wp-block-list\">\n<li>Scegliere innanzitutto il numero di blocchi nella direzione della larghezza, quindi il numero di blocchi nella direzione dell&#8217;altezza.<\/li>\n\n\n\n<li>Se si vuole solo costruire un cerchio, \u00e8 necessario selezionare l&#8217;opzione &#8220;Forza cerchio&#8221;. Scegliendo questa opzione, si abilita automaticamente l&#8217;impostazione del numero esatto di colonne o blocchi per le dimensioni orizzontali e verticali necessarie per ottenere un cerchio perfetto.<\/li>\n\n\n\n<li>La scelta &#8220;Conteggio blocchi&#8221; riveler\u00e0 quanti blocchi sono stati utilizzati per realizzare quel cerchio.<\/li>\n\n\n\n<li>\u00c8 possibile ridimensionare le dimensioni del cerchio in base alle proprie esigenze utilizzando l&#8217;opzione &#8220;Scala&#8221;. Inoltre, \u00e8 abbastanza semplice usare lo zoom per ingrandire e ridurre il cerchio.<\/li>\n\n\n\n<li>Quando tutto \u00e8 pronto e il vostro cerchio \u00e8 pronto, potete scaricarlo come fotografia (SVG e PNG).<\/li>\n<\/ul>\n\n\n<div class=\"wp-block-image\">\n<figure class=\"aligncenter size-full\"><img loading=\"lazy\" decoding=\"async\" width=\"1000\" height=\"500\" src=\"https:\/\/cpstesters.com\/wp-content\/uploads\/2022\/09\/Features-of-Minecraft-Circle-Generator-Tool.jpg\" alt=\"Caratteristiche di Pixel Circle Generator\" class=\"wp-image-555\" title=\"\" srcset=\"https:\/\/cpstesters.com\/wp-content\/uploads\/2022\/09\/Features-of-Minecraft-Circle-Generator-Tool.jpg 1000w, https:\/\/cpstesters.com\/wp-content\/uploads\/2022\/09\/Features-of-Minecraft-Circle-Generator-Tool-300x150.jpg 300w, https:\/\/cpstesters.com\/wp-content\/uploads\/2022\/09\/Features-of-Minecraft-Circle-Generator-Tool-768x384.jpg 768w\" sizes=\"auto, (max-width: 1000px) 100vw, 1000px\" \/><figcaption class=\"wp-element-caption\">Caratteristiche di Pixel Circle Generator<\/figcaption><\/figure>\n<\/div>\n\n\n<h2 class=\"wp-block-heading\">Caratteristiche di Pixel Circle Generator<\/h2>\n\n\n\n<p>\u00c8 possibile creare cerchi perfetti in Minecraft con il creatore di cerchi gratuito del sito. Questo vi aiuter\u00e0 a creare vari oggetti in Minecraft.<\/p>\n\n\n\n<p>Le caratteristiche e le qualit\u00e0 che riceverete da questo strumento generatore di cerchi di pixel sono elencate di seguito.<\/p>\n\n\n\n<ul class=\"wp-block-list\">\n<li>\u00c8 possibile utilizzare lo strumento su dispositivi smartphone senza bisogno di un computer, un laptop o un telefono cellulare, modificare il cerchio in base alle proprie esigenze e quindi scaricarlo gratuitamente.<\/li>\n\n\n\n<li>In Minecraft \u00e8 possibile creare un cerchio con un perimetro stretto e senza testo al suo interno.<\/li>\n\n\n\n<li>Il nostro strumento di generazione di cerchi vi permette anche di creare i vostri cerchi regolando l&#8217;altezza e la larghezza in base alle vostre esigenze.<\/li>\n\n\n\n<li>\u00c8 possibile scalare rapidamente un&#8217;immagine fino a 3x, 10x o 50x la sua dimensione originale. L\u00ec vi sar\u00e0 data la possibilit\u00e0 di scegliere.<\/li>\n\n\n\n<li>Utilizzare l&#8217;opzione forza cerchio per convertirlo in un cerchio se si ha bisogno di un cerchio perfetto ma non si \u00e8 soddisfatti di quello generato per qualsiasi motivo. \u00c8 facile farlo. \u00c8 sufficiente fare clic sull&#8217;icona di spunta del cerchio di forza. E questo \u00e8 tutto.<\/li>\n<\/ul>\n\n\n\n<h2 class=\"wp-block-heading\">Come creare un cerchio perfetto in Minecraft?<\/h2>\n\n\n\n<p>In Minecraft vanilla \u00e8 impossibile creare una costruzione con un cerchio perfetto e di qualsiasi dimensione. Esistono mod di gioco che consentono ai giocatori di creare cerchi perfetti, ma bisogna fare attenzione a ci\u00f2 che si scarica per evitare di infettare il computer con virus.<\/p>\n\n\n\n<p>Disponendo i blocchi del gioco secondo schemi approssimativamente circolari, \u00e8 possibile realizzare cerchi approssimativi con facilit\u00e0. Ci sono vari modi per farlo, ma il pi\u00f9 semplice \u00e8 ottenere un modello per il cerchio di Minecraft utilizzando un qualsiasi generatore di pixel.<\/p>\n\n\n\n<h2 class=\"wp-block-heading has-text-align-center\">Domande frequenti<\/h2>\n\n\n\n<h3 class=\"wp-block-heading\"><strong>Che cos&#8217;\u00e8 il generatore di cerchi di Minecraft?<\/strong><\/h3>\n\n\n\n<p>\u00c8 possibile creare cerchi ed ellissi in Minecraft utilizzando il generatore di cerchi. Consente di variare lo spessore, la larghezza e l&#8217;altezza.<\/p>\n\n\n\n<h3 class=\"wp-block-heading\"><strong>Come si trova il cerchio in Minecraft?<\/strong><\/h3>\n\n\n\n<p>Ora potete creare cerchi e archi in Minecraft, ma tenete presente che una cupola pi\u00f9 grande sar\u00e0 pi\u00f9 bella. \u00c8 necessario inserire la formula x2+y2=r2, dove r \u00e8 il raggio desiderato per il cerchio o la cupola.<\/p>\n\n\n\n<h3 class=\"wp-block-heading\"><strong>Come posso creare un buon cerchio di pixel?<\/strong><\/h3>\n\n\n\n<p>Esistono numerosi modi per creare un grafico a cerchi di pixel in Minecraft. Fondendo i singoli pixel, \u00e8 possibile realizzare una semplice pixel art utilizzando il generatore di pixel art di Minecraft. Per creare pixel art in stile retr\u00f2, utilizzate un generatore di cerchi di pixel.<\/p>\n\n\n\n<h3 class=\"wp-block-heading\"><strong>Cos&#8217;\u00e8 la pixel art in Minecraft?<\/strong><\/h3>\n\n\n\n<p>\u00c8 un&#8217;opera d&#8217;arte creata in Minecraft utilizzando i pixel. La stessa pixel art \u00e8 utilizzata anche in altri giochi. In parole povere, la pixel art viene utilizzata per dare ai giochi un&#8217;estetica retr\u00f2 (un look che incorpora moda, idee, stile di vita e altri elementi).<\/p>\n\n\n\n<p>Alcuni strumenti di Minecraft che potrebbero piacervi:<\/p>\n\n\n\n<ul class=\"wp-block-list\">\n<li><a href=\"https:\/\/cpstesters.com\/it\/generatore-di-caratteri-minecraft-il-miglior-generatore-di-caratteri\/\" target=\"_blank\" rel=\"noreferrer noopener\">Generatore di caratteri Minecraft<\/a><\/li>\n\n\n\n<li><a href=\"https:\/\/cpstesters.com\/it\/generatore-di-titoli-di-minecraft-crea-il-titolo-migliore\/\" target=\"_blank\" rel=\"noreferrer noopener\">Generatore di titoli Minecraft<\/a><\/li>\n\n\n\n<li><a href=\"https:\/\/cpstesters.com\/it\/generatore-di-comandi-minecraft-online-dare-comandi\/\" target=\"_blank\" rel=\"noreferrer noopener\">Generatore di comandi Minecraft<\/a><\/li>\n\n\n\n<li><a href=\"https:\/\/cpstesters.com\/it\/generatore-di-sfere-minecraft-generatore-di-cupole-minecraft\/\" target=\"_blank\" rel=\"noreferrer noopener\">Generatore di sfere Minecraft<\/a><\/li>\n\n\n\n<li><a href=\"https:\/\/cpstesters.com\/it\/\" target=\"_blank\" rel=\"noreferrer noopener\">Tester CPS<\/a><\/li>\n\n\n\n<li><a href=\"https:\/\/cpstesters.com\/it\/test-apm-tracciatore-di-azioni-al-minuto-per-il-gioco\/\" target=\"_blank\" rel=\"noreferrer noopener\">Test delle azioni al minuto<\/a><\/li>\n<\/ul>\n","protected":false},"excerpt":{"rendered":"<p>Circle Generator \u00e8 uno strumento online che crea un cerchio o un ovale di pixel per Minecraft per rendere il processo pi\u00f9 facile per voi. &#8230; <\/p>\n<p class=\"read-more-container\"><a title=\"Generatore di cerchi di Minecraft | Crea un diagramma circolare\/ovale online\" class=\"read-more button\" href=\"https:\/\/cpstesters.com\/it\/generatore-di-cerchi-di-minecraft\/#more-2878\" aria-label=\"Per saperne di pi\u00f9 su Generatore di cerchi di Minecraft | Crea un diagramma circolare\/ovale online\">Read More<\/a><\/p>\n","protected":false},"author":4,"featured_media":1486,"parent":0,"menu_order":0,"comment_status":"closed","ping_status":"closed","template":"","meta":{"footnotes":""},"class_list":["post-2878","page","type-page","status-publish","has-post-thumbnail"],"_links":{"self":[{"href":"https:\/\/cpstesters.com\/it\/wp-json\/wp\/v2\/pages\/2878","targetHints":{"allow":["GET"]}}],"collection":[{"href":"https:\/\/cpstesters.com\/it\/wp-json\/wp\/v2\/pages"}],"about":[{"href":"https:\/\/cpstesters.com\/it\/wp-json\/wp\/v2\/types\/page"}],"author":[{"embeddable":true,"href":"https:\/\/cpstesters.com\/it\/wp-json\/wp\/v2\/users\/4"}],"replies":[{"embeddable":true,"href":"https:\/\/cpstesters.com\/it\/wp-json\/wp\/v2\/comments?post=2878"}],"version-history":[{"count":4,"href":"https:\/\/cpstesters.com\/it\/wp-json\/wp\/v2\/pages\/2878\/revisions"}],"predecessor-version":[{"id":4655,"href":"https:\/\/cpstesters.com\/it\/wp-json\/wp\/v2\/pages\/2878\/revisions\/4655"}],"wp:featuredmedia":[{"embeddable":true,"href":"https:\/\/cpstesters.com\/it\/wp-json\/wp\/v2\/media\/1486"}],"wp:attachment":[{"href":"https:\/\/cpstesters.com\/it\/wp-json\/wp\/v2\/media?parent=2878"}],"curies":[{"name":"wp","href":"https:\/\/api.w.org\/{rel}","templated":true}]}}