{"id":2877,"date":"2024-07-16T14:18:01","date_gmt":"2024-07-16T14:18:01","guid":{"rendered":"https:\/\/cpstesters.com\/mouse-rate-checker-polling-rate-hz-test-online\/"},"modified":"2024-09-17T15:52:38","modified_gmt":"2024-09-17T15:52:38","slug":"controllo-della-velocita-del-mouse","status":"publish","type":"page","link":"https:\/\/cpstesters.com\/it\/controllo-della-velocita-del-mouse\/","title":{"rendered":"Controllo della velocit\u00e0 del mouse | Test della frequenza di polling Hz online"},"content":{"rendered":"\n<p>Mouse Rate Checker \u00e8 uno strumento online che consente agli utenti di verificare la velocit\u00e0 di polling in hertz e di testare il mouse; provatelo subito!<\/p>\n\n\n<style type=\"text\/css\">\r\n    #rate-container{\r\n        padding: 15px;\r\n        background: #fff;\r\n        position: relative;\r\n        \r\n        user-select: none;\r\n    }\r\n    #rate-checker{\r\n        width:100%;\r\n        padding:10px;\r\n\r\n\t\t\r\n    }\r\n    \r\n    #rate-numbers{\r\n\t\tfont-size:2em;\r\n        text-align:center;\r\n        font-weight:bold;\r\n        padding:auto;\r\n        margin:auto;\r\n        width:100%;\r\n        height:50px;\r\n        margin-top: 20px;\r\n        font-size:  1.8em;\r\n\t\tcolor: black;\r\n    }\r\n\r\n    #rate-console{\r\n        width: 80%;\r\n        text-align: center;\r\n        height:250px;\r\n\t\tpadding: 10px;\r\n\t\tmargin: 0 auto;\r\n        resize: none;\r\n\t\tcolor: #03fc07;\r\n        border:3px solid #03fc07;\r\n        border-top: none; \r\n        font-size: 1.2em;\r\n        overflow-y: scroll;\r\n        overflow-x: hidden;\r\n        outline: none;\r\n        cursor: default;\r\n\t\tbackground: #111;\r\n    }\r\n\t\r\n#start-stop, #reset {\r\n\t position: relative;\r\ncursor:pointer;\r\n  display: block;\r\n  margin: 10px auto;\r\n\r\n  overflow: hidden;\r\n\r\n  border-width: 0;\r\n  outline: none;\r\n  border-radius: 5px;\r\n  max-width: 480px;\r\n  min-width: 240px;\r\n  background-color: #F2601D;\r\n  color: #fff !important;\r\n  text-align: center;\r\n\r\n  transition: background-color .3s;\r\n}\r\n\r\n#start-stop:hover, #start-stop:focus, #reset:hover, #reset:focus {\r\n  background-color: #F2601D;\r\n}\r\n\r\n#start-stop, #reset > * {\r\n  position: relative;\r\n}\r\n\r\n#start-stop span, #reset span {\r\n  display: block;\r\n  padding: 12px 24px;\r\n}\r\n\r\n#start-stop:before, #reset:before {\r\n  \r\n  content:'';\r\n  position: absolute;\r\n  top: 50%;\r\n  left: 50%;\r\n  \r\n  display: block;\r\n  width: 0;\r\n  padding-top: 0;\r\n    \r\n  border-radius: 100%;\r\n  \r\n  background-color: rgba(236, 240, 241, .3);\r\n  \r\n  -webkit-transform: translate(-50%, -50%);\r\n  -moz-transform: translate(-50%, -50%);\r\n  -ms-transform: translate(-50%, -50%);\r\n  -o-transform: translate(-50%, -50%);\r\n  transform: translate(-50%, -50%);\r\n}\r\n\r\n#start-stop:active:before, #reset:active:before {\r\n  width: 120%;\r\n  padding-top: 120%;\r\n  \r\n  transition: width .2s ease-out, padding-top .2s ease-out;\r\n}\r\n\r\ntextarea {\r\ndisplay: block;\r\nmargin-left:auto;\r\nmargin-right:auto;\r\n\r\n}\r\n   \r\n    <\/style> \r\n\r\n<div id=\"rate-container\">\r\n   <div id=\"rate-checker\">\r\n      <div id=\"rate-numbers\">\r\n         <p>Average: <span id=\"rate-avg\">0<\/span> Hz, maximum: <span id=\"rate-max\">0<\/span> Hz<\/p>\r\n      <\/div>\r\n   <\/div>\r\n   <div id=\"start-stop\"><span>Click to Start<\/span><\/div>\r\n   <div class=\"rows\">\r\n      <div class=\"col\"><textarea id=\"rate-console\" readonly=\"\"><\/textarea><\/div>\r\n      <button id=\"reset\"><span>Reset<\/span><\/button>\r\n   <\/div>\r\n<\/div>\r\n\r\n\r\n\r\n\r\n<script>\r\n  var fps = 5;\r\nvar count = 0;\r\nvar tick = 0;\r\nvar totalMoves = 0;\r\nvar maxValue = 0;\r\nvar timer = null;\r\n\r\nfunction updateCount() {\r\n    tick++;\r\n    totalMoves += count;\r\n    var value = (count * fps);\r\n    jQuery('#rate-console').append(value + 'HZ\\n');\r\n    var psconsole = jQuery('#rate-console');\r\n    if (psconsole.length)\r\n        psconsole.scrollTop(psconsole[0].scrollHeight - psconsole.height());\r\n    var avgValue = Math.ceil((fps * totalMoves) \/ tick);\r\n    if (value > maxValue)\r\n        maxValue = value;\r\n    jQuery('#rate-avg').html(avgValue);\r\n    jQuery('#rate-max').html(maxValue);\r\n    count = 0;\r\n    if (tick > 3 * fps) {\r\n        tick = 0;\r\n        totalMoves = 0;\r\n    }\r\n}\r\n\r\nfunction valloop(bas) {\r\n    var event = 'getCoalescedEvents' in bas ? bas.getCoalescedEvents() : [bas];\r\n    for (e in event) {\r\n        count++;\r\n    }\r\n}\r\n\r\nfunction checkRate() {\r\n    count = 0;\r\n    tick = 0;\r\n    totalMoves = 0;\r\n    if (timer) {\r\n        clearInterval(timer);\r\n        document.removeEventListener('pointermove', valloop);\r\n        timer = null;\r\n        jQuery('#start-stop').html('<span>Click to Start<\/span>');\r\n    } else {\r\n        document.addEventListener('pointermove', valloop);\r\n        if (timer) {\r\n            clearInterval(timer);\r\n        }\r\n        timer = setInterval(updateCount, 1000 \/ fps);\r\n        jQuery('#start-stop').html('<span>Click to Stop<\/span>');\r\n    }\r\n}\r\njQuery(function() {\r\n    jQuery(\"#start-stop\").click(checkRate);\r\n    jQuery(\"#reset\").click(function() {\r\n        location.reload();\r\n    });\r\n});\r\n<\/script>\r\n\n\n\n\n<div style=\"height:5px\" aria-hidden=\"true\" class=\"wp-block-spacer\"><\/div>\n\n\n\n<h2 class=\"wp-block-heading\">Controllo della velocit\u00e0 del mouse<\/h2>\n\n\n\n<p>Poich\u00e9 stima la frequenza di polling in Hz, lo strumento Rate Checker \u00e8 talvolta noto come Mouse Hz Checker. Conta il numero di volte in cui il mouse invia informazioni al computer e le valuta in Hz.  <\/p>\n\n\n\n<h2 class=\"wp-block-heading\">Test della velocit\u00e0 di polling del mouse<\/h2>\n\n\n\n<p>La frequenza con cui il mouse notifica la propria posizione al PC o al computer collegato \u00e8 nota come frequenza di polling. La velocit\u00e0 di polling pu\u00f2 essere espressa in Hz o TPS.<\/p>\n\n\n\n<p>Se vi piace giocare ai videogiochi, dovete sapere che la frequenza di polling del mouse \u00e8 fondamentale. Ipotizziamo uno scenario in cui si ha solo un secondo per sparare o colpire il rivale, ma la frequenza di polling del mouse \u00e8 bassa.<\/p>\n\n\n\n<p>In questo caso \u00e8 molto probabile che perdiate la partita e che il vostro rivale spari pi\u00f9 velocemente di voi. Occorre tenere presente che maggiore \u00e8 la frequenza di polling, maggiore sar\u00e0 la frequenza con cui il mouse comunicher\u00e0 la sua posizione sul computer.<\/p>\n\n\n\n<p>Anche se i tassi di polling pi\u00f9 elevati rappresentano un vantaggio per il gioco e sono in genere preferiti dai giocatori. Sui computer di fascia bassa, questo pu\u00f2 occasionalmente causare problemi, perch\u00e9 le segnalazioni sono pi\u00f9 frequenti e il sistema viene tenuto occupato.<\/p>\n\n\n\n<h2 class=\"wp-block-heading\">Qual \u00e8 un buon tasso di sondaggio?<\/h2>\n\n\n\n<p>Nei giochi in cui si muove il mouse rapidamente, il numero di polling rate \u00e8 molto importante. Per la maggior parte delle persone, 500 Hz sono adatti e sufficienti per questa funzione. I professionisti e i giocatori pi\u00f9 esperti, invece, possono preferire mouse con polling rate di 1000 o superiore.<\/p>\n\n\n<div class=\"wp-block-image\">\n<figure class=\"aligncenter size-full\"><img loading=\"lazy\" decoding=\"async\" width=\"1000\" height=\"500\" src=\"https:\/\/cpstesters.com\/wp-content\/uploads\/2022\/09\/Mouse-checker.jpg\" alt=\"Controllo della velocit\u00e0 del mouse\" class=\"wp-image-548\" title=\"\" srcset=\"https:\/\/cpstesters.com\/wp-content\/uploads\/2022\/09\/Mouse-checker.jpg 1000w, https:\/\/cpstesters.com\/wp-content\/uploads\/2022\/09\/Mouse-checker-300x150.jpg 300w, https:\/\/cpstesters.com\/wp-content\/uploads\/2022\/09\/Mouse-checker-768x384.jpg 768w\" sizes=\"auto, (max-width: 1000px) 100vw, 1000px\" \/><figcaption class=\"wp-element-caption\">Controllo della velocit\u00e0 del mouse<\/figcaption><\/figure>\n<\/div>\n\n\n<p>Non c&#8217;\u00e8 molta distinzione tra i due: Il tempo di segnalazione di un mouse a 1000 Hz \u00e8 di 1 millisecondo, mentre quello di un mouse a 500 Hz \u00e8 di 2 millisecondi. Considerate un 1ms di latenza come un ping maggiore di 1ms, che non avr\u00e0 un impatto significativo sulla vostra esperienza di gioco. Il mouse a 500Hz sar\u00e0 anche pi\u00f9 morbido al tatto. Scegliete di conseguenza.<\/p>\n\n\n\n<p class=\"has-text-align-center has-base-background-color has-background has-medium-font-size\"><em>Potete anche controllare il nostro <a href=\"https:\/\/cpstesters.com\/it\/test-di-scorrimento-del-mouse\/\" target=\"_blank\" rel=\"noreferrer noopener\">test di scorrimento del mouse<\/a><\/em><\/p>\n\n\n\n<h2 class=\"wp-block-heading\">Passi per utilizzare lo strumento Mouse Rate Checker<\/h2>\n\n\n\n<p>Anche se il test della frequenza di polling del mouse \u00e8 semplice, \u00e8 sempre consigliabile leggere le istruzioni prima di iniziare qualsiasi test.<\/p>\n\n\n\n<ul class=\"wp-block-list\">\n<li>Lo strumento dispone di un pulsante di avvio che, una volta premuto, fa s\u00ec che lo strumento visualizzi la frequenza di polling del mouse in Hertz (HZ).<\/li>\n\n\n\n<li>\u00c8 possibile visualizzare la frequenza di polling massima e media sopra il pulsante di avvio. Verranno utilizzate tariffe in tempo reale.<\/li>\n\n\n\n<li>Una volta premuto il pulsante di arresto, il processo si conclude immediatamente.<\/li>\n\n\n\n<li>Ora \u00e8 possibile controllare rapidamente le frequenze HZ registrate.<\/li>\n\n\n\n<li>\u00c8 possibile riavviarlo rapidamente se la velocit\u00e0 registrata non soddisfa.<\/li>\n<\/ul>\n\n\n\n<h2 class=\"wp-block-heading\">Caratteristiche del test della velocit\u00e0 di polling<\/h2>\n\n\n\n<p>Il nostro test \u00e8 abbastanza elementare e semplice da usare, proprio come gli altri test presenti sul nostro sito web.<\/p>\n\n\n\n<p>Questo test ha caratteristiche semplici ma affascinanti che vi aiuteranno a completare il lavoro senza difficolt\u00e0. Di seguito sono riportate alcune delle caratteristiche principali di questo test:<\/p>\n\n\n\n<ul class=\"wp-block-list\">\n<li>Senza scaricare alcun software complicato, \u00e8 possibile verificare immediatamente online la velocit\u00e0 di polling del mouse e del touchpad.<\/li>\n\n\n\n<li>I risultati del test sono concisi e diretti, e consentono di utilizzare le informazioni per modificare la frequenza di polling del dispositivo in base alle proprie esigenze.<\/li>\n\n\n\n<li>In questo test, la frequenza di polling viene quantificata e riportata in Hertz (Hz). Il test \u00e8 noto anche come test del mouse hertz.<\/li>\n<\/ul>\n\n\n\n<h2 class=\"wp-block-heading has-text-align-center\">Domande frequenti<\/h2>\n\n\n\n<h3 class=\"wp-block-heading\"><strong>Come si controlla l&#8217;Hz del mouse?<\/strong><\/h3>\n\n\n\n<p>Dopo aver visitato il sito web, \u00e8 sufficiente fare clic con il mouse e spostare il puntatore sullo spazio vuoto della pagina. Sul lato destro dello schermo \u00e8 possibile visualizzare la frequenza di polling recente del mouse, oltre alla frequenza media del test Hz del mouse.<\/p>\n\n\n\n<h3 class=\"wp-block-heading\"><strong>Qual \u00e8 un buon tasso di polling?<\/strong><\/h3>\n\n\n\n<p>Per la maggior parte delle persone, 500 Hz sono pi\u00f9 che sufficienti. Tuttavia, si consiglia vivamente ai giocatori esperti e professionisti di utilizzare una frequenza di polling di 1000 Hz.<\/p>\n\n\n\n<h3 class=\"wp-block-heading\"><strong>La frequenza di polling di 1000Hz \u00e8 buona?<\/strong><\/h3>\n\n\n\n<p>La posizione del mouse viene aggiornata ogni millisecondo a 1000Hz, come si deve capire prima. Con il mouse a 1000Hz, la mira \u00e8 pi\u00f9 rapida. Per i giochi che richiedono reazioni rapide, precisione e delicatezza, \u00e8 fondamentale un&#8217;elevata frequenza di polling di 1000Hz.<\/p>\n\n\n\n<h3 class=\"wp-block-heading\"><strong>La frequenza di polling di 500 Hz \u00e8 buona?<\/strong><\/h3>\n\n\n\n<p>Ogni due ticchettii, una frequenza di polling di 500Hz aggiorner\u00e0 la posizione del mouse. La mira diventa pi\u00f9 fluida a 500Hz.<\/p>\n\n\n\n<h3 class=\"wp-block-heading\"><strong>Un mouse da gioco pu\u00f2 arrivare a 1000Hz?<\/strong><\/h3>\n\n\n\n<p>Anche se il mouse da gioco ha una frequenza massima di 1000Hz, l&#8217;impostazione predefinita potrebbe essere inferiore. Esistono diversi metodi per verificare la frequenza di polling del mouse. Per esaminare la frequenza di polling del mouse, utilizzate il nostro strumento online chiamato Mouse Rate Checker.<\/p>\n\n\n\n<h2 class=\"wp-block-heading\">Parole finali sul test di Mouse Hertz<\/h2>\n\n\n\n<p>Questo strumento di controllo del mouse \u00e8 davvero meraviglioso. Il tasso di risposta del mouse sar\u00e0 calcolato con questo strumento unico. Qui si possono apprendere le regolazioni fondamentali del mouse. Tra poco scopriremo di pi\u00f9 sulla frequenza di polling del mouse. Con questo strumento sarete al riparo da impostazioni e procedure complesse. Ci auguriamo che rimaniate colpiti dai nostri diversi strumenti.<\/p>\n\n\n\n<p>Altri test che potrebbero piacerti:<\/p>\n\n\n\n<ul class=\"wp-block-list\">\n<li><a href=\"https:\/\/cpstesters.com\/it\/double-click-test\/\" target=\"_blank\" rel=\"noreferrer noopener\">Test a doppio clic<\/a><\/li>\n\n\n\n<li><a href=\"https:\/\/cpstesters.com\/it\/click-counter\/\" target=\"_blank\" rel=\"noreferrer noopener\">Contatore a scatto<\/a><\/li>\n\n\n\n<li><a href=\"https:\/\/cpstesters.com\/it\/test-del-mouse\/\" target=\"_blank\" rel=\"noreferrer noopener\">Test sui topi<\/a><\/li>\n\n\n\n<li><a href=\"https:\/\/cpstesters.com\/it\/apm-test\/\" target=\"_blank\" rel=\"noreferrer noopener\">Test APM<\/a><\/li>\n\n\n\n<li><a href=\"https:\/\/cpstesters.com\/it\/aim-trainer\/\" target=\"_blank\" rel=\"noreferrer noopener\">Allenatore di obiettivi<\/a><\/li>\n<\/ul>\n","protected":false},"excerpt":{"rendered":"<p>Mouse Rate Checker \u00e8 uno strumento online che consente agli utenti di verificare la velocit\u00e0 di polling in hertz e di testare il mouse; provatelo &#8230; <\/p>\n<p class=\"read-more-container\"><a title=\"Controllo della velocit\u00e0 del mouse | Test della frequenza di polling Hz online\" class=\"read-more button\" href=\"https:\/\/cpstesters.com\/it\/controllo-della-velocita-del-mouse\/#more-2877\" aria-label=\"Per saperne di pi\u00f9 su Controllo della velocit\u00e0 del mouse | Test della frequenza di polling Hz online\">Read More<\/a><\/p>\n","protected":false},"author":4,"featured_media":1462,"parent":0,"menu_order":0,"comment_status":"closed","ping_status":"closed","template":"","meta":{"footnotes":""},"class_list":["post-2877","page","type-page","status-publish","has-post-thumbnail"],"_links":{"self":[{"href":"https:\/\/cpstesters.com\/it\/wp-json\/wp\/v2\/pages\/2877","targetHints":{"allow":["GET"]}}],"collection":[{"href":"https:\/\/cpstesters.com\/it\/wp-json\/wp\/v2\/pages"}],"about":[{"href":"https:\/\/cpstesters.com\/it\/wp-json\/wp\/v2\/types\/page"}],"author":[{"embeddable":true,"href":"https:\/\/cpstesters.com\/it\/wp-json\/wp\/v2\/users\/4"}],"replies":[{"embeddable":true,"href":"https:\/\/cpstesters.com\/it\/wp-json\/wp\/v2\/comments?post=2877"}],"version-history":[{"count":7,"href":"https:\/\/cpstesters.com\/it\/wp-json\/wp\/v2\/pages\/2877\/revisions"}],"predecessor-version":[{"id":5932,"href":"https:\/\/cpstesters.com\/it\/wp-json\/wp\/v2\/pages\/2877\/revisions\/5932"}],"wp:featuredmedia":[{"embeddable":true,"href":"https:\/\/cpstesters.com\/it\/wp-json\/wp\/v2\/media\/1462"}],"wp:attachment":[{"href":"https:\/\/cpstesters.com\/it\/wp-json\/wp\/v2\/media?parent=2877"}],"curies":[{"name":"wp","href":"https:\/\/api.w.org\/{rel}","templated":true}]}}