{"id":2873,"date":"2024-07-16T14:38:12","date_gmt":"2024-07-16T14:38:12","guid":{"rendered":"https:\/\/cpstesters.com\/test-di-precisione-del-mouse-precisione-del-clic-del-mouse\/"},"modified":"2024-09-17T15:45:28","modified_gmt":"2024-09-17T15:45:28","slug":"test-di-precisione-del-mouse","status":"publish","type":"page","link":"https:\/\/cpstesters.com\/it\/test-di-precisione-del-mouse\/","title":{"rendered":"Test di precisione del mouse | Precisione del clic del mouse"},"content":{"rendered":"\n<p>Il test di precisione del mouse \u00e8 uno strumento di gioco online utilizzato per determinare la precisione e l&#8217;accuratezza del clic del vostro puntatore, verificate subito lo strumento!<\/p>\n<link href=\"\/wp-content\/themes\/generatepress\/tools\/assets\/css\/aim.css?v=15\" rel=\"stylesheet\">\r\n\r\n<div class=\"aim-container\">\r\n      <div>\r\n        <div class=\"highscore-info\">Highscore: <span class=\"current-highscore\"><\/span><\/div>\r\n        <div class=\"info\">\r\n            <div class=\"score-bar\"><i class=\"im im-target\"><\/i> <span style=\"color:white\" class=\"score\">0<\/span><\/div>\r\n            <div class=\"health-bar\"><i class=\"im im-heart small\"><\/i> <span class=\"health\">0<\/span><\/div>\r\n            <div class=\"time-bar\"><\/i><i class=\"im im-timer small\"><\/i> <span class=\"time\">0<\/span><\/div>\r\n        <\/div>\r\n      <\/div>\r\n      <div class=\"board\"><\/div>\r\n      <div class=\"gameover modal\">\r\n        <div class=\"gameover-content\">\r\n          <p class=\"aim-header\">GAMEOVER<\/p>\r\n          <p class=\"highscore\"><\/p>\r\n          <p><i class=\"im im-target small\"><\/i>Score :&nbsp;<span class=\"score\">0<\/span><\/p>\r\n          <p><i class=\"im im-timer small\"><\/i>Time :&nbsp;<span class=\"time\">0<\/span><\/p>\r\n          <button class=\"restart-btn\">Restart<\/button>\r\n        <\/div>\r\n      <\/div>\r\n      <button style=\"color:white\" class=\"start-btn\">Start<\/button>\r\n  \r\n    <\/div>\r\n\r\n\r\n\r\n   \r\n<script type=\"text\/javascript\">\r\n    var keyboard_code = 'english';\r\n    var keyboard_settings = {\"layout\":{\"default\":[\"` 1 2 3 4 5 6 7 8 9 0 - = {backspace}\",\"{tab} q w e r t y u i o p [ ] \\\\\",\"{capslock} a s d f g h j k l ; ' {enter}\",\"{shiftleft} z x c v b n m , . \\\/ {shiftright}\",\".com @ {space}\"],\"shift\":[\"` 1 2 3 4 5 6 7 8 9 0 - = {backspace}\",\"{tab} q w e r t y u i o p [ ] \\\\\",\"{capslock} a s d f g h j k l ; ' {enter}\",\"{shiftleft} z x c v b n m , . \\\/ {shiftright}\",\".com @ {space}\"]},\"display\":{\"{escape}\":\"esc\",\"{tab}\":\"tab\",\"{backspace}\":\"backspace\",\"{enter}\":\"< enter\",\"{capslock}\":\"caps\",\"{shiftleft}\":\"shift\",\"{shiftright}\":\"shift\",\"{controlleft}\":\"ctrl\",\"{controlright}\":\"ctrl\",\"{altleft}\":\"alt\",\"{altright}\":\"alt\",\"{metaleft}\":\"cmd\",\"{metaright}\":\"cmd\",\"{space}\":\" \"}};\r\n    var keyboard_is_tester = true;\r\n\t                     var monitoringClickEvent = 'left';\r\n\r\n<\/script>\r\n\r\n<script src=\"\/wp-content\/themes\/generatepress\/tools\/assets\/js\/aim.js?v=9\"><\/script>\r\n\n\n<p><\/p>\n\n<div style=\"height:5px\" aria-hidden=\"true\" class=\"wp-block-spacer\"><\/div>\n\n<h2 class=\"wp-block-heading\">Test di precisione del mouse<\/h2>\n\n<p>Un gioco online chiamato Mouse Accuracy Test consente agli utenti di valutare e migliorare la propria precisione del mouse. \u00c8 possibile aumentare la velocit\u00e0 dei clic del mouse mantenendo la precisione. Il gioco \u00e8 accessibile a giocatori di tutti i livelli di abilit\u00e0, anche agli esperti.<\/p>\n\n<p>L&#8217;obiettivo semplice del test \u00e8 quello di aiutarvi a fare pratica e ad aumentare la precisione e la velocit\u00e0 del mouse per uccidere e sparare nei videogiochi. Gli utenti occasionali del computer potrebbero divertirsi a giocare, mentre il suo scopo principale \u00e8 quello di aiutare i giocatori ad aumentare la velocit\u00e0, la flessibilit\u00e0 e la precisione del mouse.<\/p>\n\n<p>Un test che misura l&#8217;accuratezza del mouse misura la precisione con cui si fa clic sui bersagli in un determinato lasso di tempo. Ci\u00f2 lo rende occasionalmente il test del mouse pi\u00f9 impegnativo, che pu\u00f2 anche essere chiamato test di precisione del clic. Tuttavia, per i giocatori, gli esami di pratica sono la cosa migliore. Dopo aver fatto questo test, le vostre prestazioni saranno molto migliorate.<\/p>\n\n<p>D&#8217;altra parte, il clic ha alcuni vantaggi rispetto alla <a href=\"https:\/\/computer.howstuffworks.com\/mouse5.htm\" target=\"_blank\" rel=\"noreferrer noopener\">precisione del mouse<\/a> in alcuni tipi di giochi. Si tratta di fare clic rapidamente entro un tempo prestabilito, con un punteggio CPS elevato come obiettivo finale. Scegliete tra impostazioni che vanno da 5 a 100 secondi nel test di precisione del clic.  <\/p>\n<div class=\"wp-block-image\">\n<figure class=\"aligncenter size-full\"><img loading=\"lazy\" decoding=\"async\" width=\"1000\" height=\"500\" src=\"https:\/\/cpstesters.com\/wp-content\/uploads\/2022\/09\/accuracy.jpg\" alt=\"Test di precisione del mouse\" class=\"wp-image-575\" title=\"\" srcset=\"https:\/\/cpstesters.com\/wp-content\/uploads\/2022\/09\/accuracy.jpg 1000w, https:\/\/cpstesters.com\/wp-content\/uploads\/2022\/09\/accuracy-300x150.jpg 300w, https:\/\/cpstesters.com\/wp-content\/uploads\/2022\/09\/accuracy-768x384.jpg 768w\" sizes=\"auto, (max-width: 1000px) 100vw, 1000px\" \/><figcaption class=\"wp-element-caption\">Test di precisione del mouse<\/figcaption><\/figure>\n<\/div>\n<h2 class=\"wp-block-heading\">Passi per giocare al test di precisione dei clic<\/h2>\n\n<p>Utilizzate questo test e seguite le istruzioni per aumentare la precisione del vostro mouse.<\/p>\n\n<ul class=\"wp-block-list\">\n<li>Quando si \u00e8 pronti a iniziare il gioco, fare clic sul pulsante &#8220;Inizia&#8221;, situato sotto le opzioni di impostazione.<\/li>\n\n\n\n<li>Il conto alla rovescia inizia non appena si tocca il pulsante di avvio. Dovete usare questo tempo per prepararvi all&#8217;esame.<\/li>\n\n\n\n<li>Al termine del conto alla rovescia, sullo schermo appariranno in modo casuale diversi cerchi di bersagli.<\/li>\n\n\n\n<li>L&#8217;obiettivo \u00e8 fare clic con il cursore sui cerchi di destinazione mentre sono ancora visibili.<\/li>\n\n\n\n<li>Per un certo periodo di tempo, questi obiettivi continueranno ad apparire nella schermata scelta nelle opzioni di impostazione.<\/li>\n\n\n\n<li>Proprio quando il timer sta per scadere, viene visualizzato un altro conto alla rovescia di 5 secondi.<\/li>\n\n\n\n<li>I risultati, come i clic totali, gli obiettivi totali, la precisione dei clic, l&#8217;efficienza e cos\u00ec via, verranno visualizzati al termine del timer.<\/li>\n\n\n\n<li>Sul display dei risultati, \u00e8 possibile fare clic sul pulsante &#8220;Riavvia&#8221; per ripetere il test.<\/li>\n<\/ul>\n\n<p class=\"has-text-align-center has-base-background-color has-background has-medium-font-size\"><em>Controllate anche il nostro strumento di <a href=\"https:\/\/cpstesters.com\/it\/test-del-mouse\/\" target=\"_blank\" rel=\"noreferrer noopener\">test del mouse<\/a> per controllare completamente il vostro mouse!<\/em><\/p>\n\n<h2 class=\"wp-block-heading has-text-align-center\">Domande frequenti<\/h2>\n\n<h3 class=\"wp-block-heading\"><strong>Come faccio a sapere se il mio mouse \u00e8 preciso?<\/strong><\/h3>\n\n<p>Il test di precisione del mouse valuta la velocit\u00e0 e la precisione con cui si sposta il mouse. La sola necessit\u00e0 della regola \u00e8 quella di far scorrere la palla lungo la curva fino alla seconda estremit\u00e0 ad essa collegata. Cercate di essere il pi\u00f9 rapidi possibile, facendo attenzione a non uscire dalla curva.<\/p>\n\n<h3 class=\"wp-block-heading\"><strong>Come posso verificare il puntatore del mouse?<\/strong><\/h3>\n\n<p>Potete provare il test del pulsante del mouse disponibile sul nostro sito web. Questo test fornisce risultati accurati sul puntatore del mouse e sugli altri pulsanti.<\/p>\n\n<h3 class=\"wp-block-heading\"><strong>Come posso aumentare la precisione degli FPS del mouse?<\/strong><\/h3>\n\n<p>Assicuratevi che l&#8217;accelerazione del mouse sia disattivata, perch\u00e9 in questo modo i movimenti di puntamento di precisione saranno molto pi\u00f9 difficili. Se da un lato un livello di sensibilit\u00e0 basso offre una maggiore potenza per eseguire movimenti fini, dall&#8217;altro costringe l&#8217;utente a muovere il gomito anzich\u00e9 il polso per ottenere la flessibilit\u00e0 del mouse.<\/p>\n\n<p>Strumenti che potrebbero piacerti:<\/p>\n\n<ul class=\"wp-block-list\">\n<li><a href=\"https:\/\/cpstesters.com\/it\/apm-test\/\" target=\"_blank\" rel=\"noreferrer noopener\">Test APM  <\/a><\/li>\n\n\n\n<li><a href=\"https:\/\/cpstesters.com\/it\/mouse-rate-checker\/\" target=\"_blank\" rel=\"noreferrer noopener\">Controllo della velocit\u00e0 del mouse<\/a><\/li>\n\n\n\n<li><a href=\"https:\/\/cpstesters.com\/it\/double-click-test\/\" target=\"_blank\" rel=\"noreferrer noopener\">Test a doppio clic<\/a><\/li>\n\n\n\n<li><a href=\"https:\/\/cpstesters.com\/it\/test-di-scorrimento-del-mouse\/\" target=\"_blank\" rel=\"noreferrer noopener\">Test di scorrimento del mouse<\/a><\/li>\n\n\n\n<li><a href=\"https:\/\/cpstesters.com\/it\/aim-trainer\/\" target=\"_blank\" rel=\"noreferrer noopener\">Allenatore di obiettivi<\/a><\/li>\n<\/ul>\n","protected":false},"excerpt":{"rendered":"<p>Il test di precisione del mouse \u00e8 uno strumento di gioco online utilizzato per determinare la precisione e l&#8217;accuratezza del clic del vostro puntatore, verificate &#8230; <\/p>\n<p class=\"read-more-container\"><a title=\"Test di precisione del mouse | Precisione del clic del mouse\" class=\"read-more button\" href=\"https:\/\/cpstesters.com\/it\/test-di-precisione-del-mouse\/#more-2873\" aria-label=\"Per saperne di pi\u00f9 su Test di precisione del mouse | Precisione del clic del mouse\">Read More<\/a><\/p>\n","protected":false},"author":4,"featured_media":1558,"parent":0,"menu_order":0,"comment_status":"closed","ping_status":"closed","template":"","meta":{"footnotes":""},"class_list":["post-2873","page","type-page","status-publish","has-post-thumbnail"],"_links":{"self":[{"href":"https:\/\/cpstesters.com\/it\/wp-json\/wp\/v2\/pages\/2873","targetHints":{"allow":["GET"]}}],"collection":[{"href":"https:\/\/cpstesters.com\/it\/wp-json\/wp\/v2\/pages"}],"about":[{"href":"https:\/\/cpstesters.com\/it\/wp-json\/wp\/v2\/types\/page"}],"author":[{"embeddable":true,"href":"https:\/\/cpstesters.com\/it\/wp-json\/wp\/v2\/users\/4"}],"replies":[{"embeddable":true,"href":"https:\/\/cpstesters.com\/it\/wp-json\/wp\/v2\/comments?post=2873"}],"version-history":[{"count":4,"href":"https:\/\/cpstesters.com\/it\/wp-json\/wp\/v2\/pages\/2873\/revisions"}],"predecessor-version":[{"id":4306,"href":"https:\/\/cpstesters.com\/it\/wp-json\/wp\/v2\/pages\/2873\/revisions\/4306"}],"wp:featuredmedia":[{"embeddable":true,"href":"https:\/\/cpstesters.com\/it\/wp-json\/wp\/v2\/media\/1558"}],"wp:attachment":[{"href":"https:\/\/cpstesters.com\/it\/wp-json\/wp\/v2\/media?parent=2873"}],"curies":[{"name":"wp","href":"https:\/\/api.w.org\/{rel}","templated":true}]}}