{"id":2870,"date":"2024-07-16T14:26:24","date_gmt":"2024-07-16T14:26:24","guid":{"rendered":"https:\/\/cpstesters.com\/test-del-touch-screen-online-multi-touch-tester\/"},"modified":"2024-09-17T16:29:09","modified_gmt":"2024-09-17T16:29:09","slug":"touch-screen-test","status":"publish","type":"page","link":"https:\/\/cpstesters.com\/it\/touch-screen-test\/","title":{"rendered":"Test del touch screen online | Tester multi touch"},"content":{"rendered":"\n<p>Il test del touch screen di cellulari e laptop \u00e8 uno strumento per verificare se il touch del vostro dispositivo funziona correttamente o meno, verificatelo ora!<\/p>\n<style>\r\n        #box {\r\n            position:relative;\r\n            width:100%; \r\n            background-color:#FFB15E;\r\n            font-size: 2rem; \r\n            margin-bottom:20px;\r\n\t\t\tcolor:white;\r\n\t\t\tpadding-top:50px;\r\n\t\t\tpadding-bottom:50px;\r\n\t\t\ttext-align:center;\r\n        }\r\n        #box.fullscreen{\r\n            background-color: #2d2d2d;\r\n            position:fixed;\r\n            top: 0px;\r\n            left: 0px;\r\n            height: 100%!important;;\r\n        }\r\n        .point{\r\n            border-radius:50%;\r\n            width:30px;\r\n            height:30px;\r\n            background-color:red;\r\n            position:fixed;\r\n        }\r\n        #fs-button{\r\n            width:30px;\r\n            height:30px;\r\n            position:absolute;\r\n            bottom:5px;\r\n            right:5px;\r\n            background-image: url(\"data:image\/svg+xml,%3Csvg xmlns='http:\/\/www.w3.org\/2000\/svg' width='30' height='30' viewBox='0 0 14 14' fill='%23dddddd'%3E%3Cpath d='M2,9H0v5h5v-2H2V9z M0,5h2V2h3V0H0V5z M12,12H9v2h5V9h-2V12z M9,0v2h3v3h2V0H9z'\/%3E%3C\/svg%3E\");\r\n        }\r\n        .fullscreen #fs-button\r\n        {\r\n            background-image: url(\"data:image\/svg+xml,%3Csvg xmlns='http:\/\/www.w3.org\/2000\/svg' width='30' height='30' viewBox='0 0 14 14' fill='%23dddddd'%3E%3Cpath d='M0,11h3v3h2V9H0V11z M3,3H0v2h5V0H3V3z M9,14h2v-3h3V9H9V14z M11,3V0H9v5h5V3H11z'\/%3E%3C\/svg%3E\");\r\n        }\r\n        .current-touch, .max-touch, #box{\r\n            text-align: center;\r\n        }\r\n        .current-touch, .max-touch{\r\n            font-size: 5rem; \r\n        }\r\n    <\/style>\r\n\r\n<div id=\"box\">\r\n        <div id=\"info\">\r\n            <div class=\"row\"><div class=\"col d-flex align-items-center justify-content-end p-0\" style=\"font-size:1rem\">current<\/div><div class=\"current-touch col p-0\">0<\/div><div class=\"col p-0\"><\/div><\/div>\r\n            <div class=\"row\"><div class=\"col d-flex align-items-center justify-content-end p-0\" style=\"font-size:1rem\">max<\/div><div class=\"max-touch col p-0\">0<\/div><div class=\"col p-0\"><\/div><\/div>\r\n        <\/div>\r\n        \r\n    <\/div>   \r\n\r\n\r\n<script>\r\n    \r\nvar box = document.getElementById(\"box\");\r\nvar currnetTouchE = document.getElementsByClassName('current-touch')[0];\r\nvar maxTouchE = document.getElementsByClassName('max-touch')[0];\r\nvar maxTouch = 0;\r\n\r\nvar pointSize = 30;\r\n\r\nfunction updateTouch(number)\r\n{\r\n    currnetTouchE.innerHTML = number;\r\n    if (number>maxTouch) maxTouch = number;\r\n    maxTouchE.innerHTML = maxTouch;\r\n    \r\n}\r\n\r\n\r\nbox.addEventListener(\"touchstart\", handleStart, false);\r\nbox.addEventListener(\"touchend\", handleEnd, false);\r\nbox.addEventListener(\"touchcancel\", handleCancel, false);\r\nbox.addEventListener(\"touchmove\", handleMove, false);\r\n\/\/var ongoingTouches = [];\r\n\r\nfunction copyTouch({ identifier, pageX, pageY }) {\r\n  return { identifier, pageX, pageY };\r\n}\r\n\r\nfunction handleStart (e)\r\n{\r\n    var touches = e.changedTouches;\r\n    for (var i = 0; i < touches.length; i++)\r\n    {\r\n        var point = document.createElement('div');\r\n        \/\/ongoingTouches.push(copyTouch(touches[i]));\r\n        point.className = 'point';\r\n        point.id = 'touch-'+touches[i].identifier;\r\n        point.style.left = touches[i].clientX-pointSize\/2+'px';\r\n        point.style.top = touches[i].clientY-pointSize\/2+'px';\r\n        point.style.backgroundColor = colorForTouch(touches[i]);\r\n        document.body.appendChild(point);\r\n    }\r\n    updateTouch(e.touches.length);\r\n    e.preventDefault();\r\n}\r\n\r\nfunction handleMove(e)\r\n{\r\n    var touches = e.changedTouches;\r\n    for (var i = 0; i < touches.length; i++)\r\n    {\r\n        var point = document.getElementById('touch-'+touches[i].identifier);\r\n        point.style.left = touches[i].clientX-pointSize\/2+'px';\r\n        point.style.top = touches[i].clientY-pointSize\/2+'px';\r\n    }\r\n    updateTouch(e.touches.length);\r\n    e.preventDefault();\r\n}\r\n\r\nfunction handleEnd (e)\r\n{\r\n     var touches = e.changedTouches;\r\n     for (var i = 0; i < touches.length; i++) \r\n     {\r\n        setTimeout(function(){\r\n           \r\n        },200);\r\n       document.getElementById('touch-'+touches[i].identifier).remove();\r\n     }\r\n     updateTouch(e.touches.length);\r\n}\r\n\r\nfunction handleCancel (e)\r\n{\r\n    handleEnd(e);\r\n}\r\n\r\n\r\nfunction colorForTouch(touch) {\r\n    var color = \"#000000\";\r\n    switch(touch.identifier)\r\n    {\r\n        case 0: color = \"#ff0000\";break;\r\n        case 1: color = \"#ff00ff\";break;\r\n        case 2: color = \"#0000ff\";break;\r\n        case 3: color = \"#00ffff\";break;\r\n        case 4: color = \"#00ff00\";break;\r\n        case 5: color = \"#ffff00\";break;\r\n        case 6: color = \"#ffa800\";break;\r\n        default: color = \"#000000\";\r\n    }\r\n    return color;\r\n}\r\n\r\nif (!(typeof box.ontouchstart != \"undefined\")) { \r\n    box.innerHTML = '<p>This test cannot be used on device without touch screen.<\/p>\\n\\\r\n                     <p style=\"font-size:1rem;\">If you see this message, the test will not work.<\/p>   ';\r\n    box.style.backgroundColor = \"#FFB15E\";\r\n} \r\n<\/script>\n\n<div style=\"height:5px\" aria-hidden=\"true\" class=\"wp-block-spacer\"><\/div>\n\n<h2 class=\"wp-block-heading\">Tester per touch screen<\/h2>\n\n<p>Il test del touch screen \u00e8 la tecnica che si utilizza per valutare lo schermo. Esistono diversi modi per utilizzare questo test per identificare i punti morti. Questo tester ha una tecnica speciale che mostra esattamente dove sono le aree problematiche. Questo controlla i punti morti del touch screen e la funzionalit\u00e0 multi-touch a cinque punti.<\/p>\n\n<p>Il touchscreen di uno smartphone deve essere testato per verificarne la qualit\u00e0 e l&#8217;utilit\u00e0. Le prestazioni di un touchscreen possono essere valutate con un semplice test di tocco dello schermo. I test tattili, ognuno dei quali utilizza una strategia diversa, aiutano a individuare e analizzare eventuali <a href=\"https:\/\/www.lifewire.com\/fixes-for-broken-touch-screen-4149514\" target=\"_blank\" rel=\"noreferrer noopener\">problemi del touch screen<\/a>.<\/p>\n\n<h2 class=\"wp-block-heading\">Come verificare il tocco dello schermo?<\/h2>\n\n<p>Per avviare il test, toccare lo schermo all&#8217;interno del riquadro in alto. Per inserire facilmente altre dita, utilizzare l&#8217;opzione Schermo intero nell&#8217;angolo in basso a destra del campo di prova. Se il vostro dispositivo o browser non \u00e8 compatibile, verr\u00e0 visualizzato un avviso speciale nella casella.<\/p>\n\n<p>Provate il Multi Touch Test se non state cercando punti morti sullo schermo ma siete curiosi di sapere quante dita \u00e8 in grado di riconoscere. Si tratta di uno dei test multi-touch pi\u00f9 semplici disponibili per i dispositivi mobili, privo di strumenti di disegno o di funzioni aggiuntive.<\/p>\n<div class=\"wp-block-image\">\n<figure class=\"aligncenter size-full\"><img loading=\"lazy\" decoding=\"async\" width=\"1000\" height=\"500\" src=\"https:\/\/cpstesters.com\/wp-content\/uploads\/2022\/09\/touch-test.jpg\" alt=\"Test del touch screen\" class=\"wp-image-551\" title=\"\" srcset=\"https:\/\/cpstesters.com\/wp-content\/uploads\/2022\/09\/touch-test.jpg 1000w, https:\/\/cpstesters.com\/wp-content\/uploads\/2022\/09\/touch-test-300x150.jpg 300w, https:\/\/cpstesters.com\/wp-content\/uploads\/2022\/09\/touch-test-768x384.jpg 768w\" sizes=\"auto, (max-width: 1000px) 100vw, 1000px\" \/><figcaption class=\"wp-element-caption\">Test del touch screen<\/figcaption><\/figure>\n<\/div>\n<p>Informa sul numero massimo di dita attive che il dispositivo pu\u00f2 supportare.  <\/p>\n\n<h2 class=\"wp-block-heading\">Test multi-touch<\/h2>\n\n<p>Il Multi touch tester riconosce molti tocchi e attribuisce a ciascuno di essi un&#8217;evidenziazione cromatica distinta. Non fa differenza se le dita coprono i tocchi e le cifre sullo schermo. Anche quando si tolgono le dita dallo schermo, viene visualizzato il numero massimo di tocchi. \u00c8 possibile utilizzare questo test per verificare il numero di tocchi registrati dallo schermo del dispositivo.<\/p>\n\n<p>Questo tester segna ogni dito quando lo si appoggia sullo schermo pi\u00f9 volte contemporaneamente. Inoltre, registra il numero totale di dita registrate sullo schermo. Il programma continuer\u00e0 a richiamare il numero maggiore che ha identificato anche dopo aver rilasciato le dita.<\/p>\n\n<p>\u00c8 preferibile realizzare il test a schermo intero, in modo che tutti i tocchi possano rientrare nel campo di prova. A tale scopo, fare clic sul pulsante nell&#8217;angolo in basso a sinistra.<\/p>\n\n<p>Non \u00e8 necessario installare alcuna applicazione per questo test, perch\u00e9 \u00e8 sempre possibile eseguire il nostro test touch checker sul proprio dispositivo online dal nostro sito web.<\/p>\n\n<p class=\"has-text-align-center has-base-background-color has-background has-medium-font-size\"><em>Abbiamo anche il <a href=\"https:\/\/cpstesters.com\/it\/dead-pixel-test\/\" target=\"_blank\" rel=\"noreferrer noopener\">test Dead Pixel<\/a> per il vostro schermo, guardate!<\/em><\/p>\n\n<h2 class=\"wp-block-heading has-text-align-center\">Domande frequenti<\/h2>\n\n<h3 class=\"wp-block-heading\"><strong>Come posso testare il mio touch screen?<\/strong><\/h3>\n\n<p>\u00c8 possibile utilizzare il test del tocco sul nostro sito Web per verificare il touchscreen del dispositivo se si ritiene che non funzioni correttamente. Questo test consente di riconoscere e risolvere qualsiasi problema potenziale del touchscreen, ognuno dei quali viene affrontato in modo diverso.<\/p>\n\n<h3 class=\"wp-block-heading\"><strong>Come faccio a sapere se il mio touchscreen \u00e8 sensibile?<\/strong><\/h3>\n\n<p>La sensibilit\u00e0 del touchscreen pu\u00f2 essere testata con varie pressioni delle dita. Alcuni schermi richiedono un contatto maggiore con lo schermo perch\u00e9 hanno difficolt\u00e0 a leggere i tocchi leggeri.<\/p>\n\n<h3 class=\"wp-block-heading\"><strong>Come si verifica la presenza di un tocco fantasma?<\/strong><\/h3>\n\n<p>Iniziate a sperimentare con voi stessi per vedere se riuscite a identificare il problema. Fate tre dita, allora. Successivamente, verranno rilevati uno o due tocchi fantasma se si tocca accidentalmente il display con una o entrambe le dita.<\/p>\n\n<p>Altri test da controllare:<\/p>\n\n<ul class=\"wp-block-list\">\n<li><a href=\"https:\/\/cpstesters.com\/it\/contatore-di-tocchi\/\" target=\"_blank\" rel=\"noreferrer noopener\">Contatore a rubinetto<\/a><\/li>\n\n\n\n<li><a href=\"https:\/\/cpstesters.com\/it\/test-di-velocita-del-rubinetto\/\" target=\"_blank\" rel=\"noreferrer noopener\">Test di velocit\u00e0 del rubinetto<\/a><\/li>\n\n\n\n<li><a href=\"https:\/\/cpstesters.com\/it\/\" target=\"_blank\" rel=\"noreferrer noopener\">Tester dei clic al secondo<\/a><\/li>\n\n\n\n<li><a href=\"https:\/\/cpstesters.com\/it\/test-della-tastiera\/\" target=\"_blank\" rel=\"noreferrer noopener\">Tester per tastiera<\/a><\/li>\n\n\n\n<li><a href=\"https:\/\/cpstesters.com\/it\/test-della-latenza-della-tastiera\/\" target=\"_blank\" rel=\"noreferrer noopener\">Test della latenza della tastiera<\/a><\/li>\n<\/ul>\n","protected":false},"excerpt":{"rendered":"<p>Il test del touch screen di cellulari e laptop \u00e8 uno strumento per verificare se il touch del vostro dispositivo funziona correttamente o meno, verificatelo &#8230; <\/p>\n<p class=\"read-more-container\"><a title=\"Test del touch screen online | Tester multi touch\" class=\"read-more button\" href=\"https:\/\/cpstesters.com\/it\/touch-screen-test\/#more-2870\" aria-label=\"Per saperne di pi\u00f9 su Test del touch screen online | Tester multi touch\">Read More<\/a><\/p>\n","protected":false},"author":4,"featured_media":1474,"parent":0,"menu_order":0,"comment_status":"closed","ping_status":"closed","template":"","meta":{"footnotes":""},"class_list":["post-2870","page","type-page","status-publish","has-post-thumbnail"],"_links":{"self":[{"href":"https:\/\/cpstesters.com\/it\/wp-json\/wp\/v2\/pages\/2870","targetHints":{"allow":["GET"]}}],"collection":[{"href":"https:\/\/cpstesters.com\/it\/wp-json\/wp\/v2\/pages"}],"about":[{"href":"https:\/\/cpstesters.com\/it\/wp-json\/wp\/v2\/types\/page"}],"author":[{"embeddable":true,"href":"https:\/\/cpstesters.com\/it\/wp-json\/wp\/v2\/users\/4"}],"replies":[{"embeddable":true,"href":"https:\/\/cpstesters.com\/it\/wp-json\/wp\/v2\/comments?post=2870"}],"version-history":[{"count":7,"href":"https:\/\/cpstesters.com\/it\/wp-json\/wp\/v2\/pages\/2870\/revisions"}],"predecessor-version":[{"id":4395,"href":"https:\/\/cpstesters.com\/it\/wp-json\/wp\/v2\/pages\/2870\/revisions\/4395"}],"wp:featuredmedia":[{"embeddable":true,"href":"https:\/\/cpstesters.com\/it\/wp-json\/wp\/v2\/media\/1474"}],"wp:attachment":[{"href":"https:\/\/cpstesters.com\/it\/wp-json\/wp\/v2\/media?parent=2870"}],"curies":[{"name":"wp","href":"https:\/\/api.w.org\/{rel}","templated":true}]}}