{"id":2723,"date":"2024-07-16T14:00:28","date_gmt":"2024-07-16T14:00:28","guid":{"rendered":"https:\/\/cpstesters.com\/test-del-doppio-clic-controllo-del-clic-del-mouse\/"},"modified":"2024-09-17T14:30:14","modified_gmt":"2024-09-17T14:30:14","slug":"double-click-test","status":"publish","type":"page","link":"https:\/\/cpstesters.com\/it\/double-click-test\/","title":{"rendered":"Test del doppio clic | Controllo del clic del mouse"},"content":{"rendered":"\n<p>Con questo test del doppio clic, verificate se il vostro mouse d\u00e0 due input contemporaneamente e migliorate la vostra velocit\u00e0 di clic!<\/p>\n     \r\n<div class=\"row\">\r\n\t<div class=\"col-md-4\">\r\n\r\n\t\t\r\n\t\t\r\n\t\t<div class=\"side_nav\">\r\n            \r\n            \r\n            <ul class=\"time\">\r\n              <li>\r\n            <span data-time=\"1.00\">1 Second Test<\/span>\r\n            <\/li><li>\r\n           <span data-time=\"2.00\">2 Second Test<\/span>\r\n            <\/li><li>\r\n         <span data-time=\"5.00\">5 Second Test<\/span>\r\n            <\/li><li>\r\n\t\t\t<span data-time=\"10.00\">10 Second Test<\/span>\r\n            <\/li><li>\r\n            <span data-time=\"15.00\">15 Second Test<\/span>\r\n            <\/li>\r\n\t\t\t<li>\r\n            <span data-time=\"30.00\">30 Second Test<\/span>\r\n            <\/li>\r\n\t\t\t\t<li>\r\n            <span data-time=\"60.00\">60 Second Test<\/span>\r\n            <\/li>\r\n\t\t\t\t<li>\r\n            <span data-time=\"100.00\">100 Second Test<\/span>\r\n            <\/li>\r\n\t\t\t\r\n\t\t\t<\/ul>\r\n            <\/div>\r\n\t\t\r\n\t\t\r\n\t<\/div>\r\n\t<div class=\"col-md-8\">\r\n\t\t<section class=\"section section--full js-section-full section--click\">\r\n               <div class=\"container\">\r\n\t\t\t\t   \r\n\t\t\t\t         <div class=\"setting\">\r\n    <div class=\"theme-mode\"><a class=\"theme-mode__switch js-switch\" href=\"javascript:void(0);\"><\/a>\r\n        <div class=\"theme-mode__text\">Light \/ Dark mode<\/div>\r\n    <\/div>\r\n<\/div>\r\n\t\t\t\t   \r\n\t\t\t\t   \r\n                  <div class=\"statistics\">\r\n                     <div class=\"statistics__item statistics__item--timer\">\r\n                        <div class=\"statistics__number\">\r\n                           <span class=\"js-time number_timer\">5.00<\/span>\r\n                           <a class=\"statistics__arrow statistics__arrow--up js-time-up\" href=\"javascript:void(0);\">\r\n                              <svg class=\"icon icon-arrow-up \">\r\n                                 <use xlink:href=\"\/wp-content\/themes\/generatepress\/tools\/assets\/img\/spritesvg.svg#arrow-up\"><\/use>\r\n                              <\/svg>\r\n                           <\/a>\r\n                           <a class=\"statistics__arrow statistics__arrow--down js-time-down\" href=\"javascript:void(0);\">\r\n                              <svg class=\"icon icon-arrow-up \">\r\n                                 <use xlink:href=\"\/wp-content\/themes\/generatepress\/tools\/assets\/img\/spritesvg.svg#arrow-up\"><\/use>\r\n                              <\/svg>\r\n                           <\/a>\r\n                        <\/div>\r\n                        <div class=\"statistics__title\">Timer<\/div>\r\n                     <\/div>\r\n                     <div class=\"statistics__item statistics__item--clicks\">\r\n\t\t\t\t\t\t<div class=\"statistics__number number_clicks js-double-click\">0<\/div>\r\n\t\t\t\t\t\t<div class=\"statistics__title\">Double clicks<\/div>\r\n\t\t\t\t\t<\/div>\r\n                     <div class=\"statistics__item statistics__item--score\">\r\n\t\t\t\t\t\t<div class=\"statistics__number number_score js-total-click\">0<\/div>\r\n\t\t\t\t\t\t<div class=\"statistics__title\">Total clicks<\/div>\r\n\t\t\t\t\t<\/div>\r\n                  <\/div>\r\n                  <div class=\"clicks-zone\">\r\n                     <div class=\"clicks-zone__start js-clicks-start\">\r\n                        <svg class=\"icon icon-click \">\r\n                           <use xlink:href=\"\/wp-content\/themes\/generatepress\/tools\/assets\/img\/spritesvg.svg#click\"><\/use>\r\n                        <\/svg>\r\n                        <div class=\"clicks-zone__start-title\">\u0421lick here to start Doube Click test<\/div>\r\n                     <\/div>\r\n                     <div class=\"clicks-zone__clicks js-clicks\"><\/div>\r\n                     <div class=\"clicks-zone__result result-clicks js-clicks-result\">\r\n                         <div class=\"result-clicks__text double__clicks\" data-text=\"Your Result is {clicks} Double clicks in {time} seconds\"><\/div>\r\n\t\t\t\t\t\t\t<a class=\"result-clicks__btn js-try-again\" href=\"javascript:void(0);\">\r\n\t\t\t\t\t\t\t\t<svg class=\"icon icon-again \">\r\n\t\t\t\t\t\t\t\t\t<use xlink:href=\"\/wp-content\/themes\/generatepress\/tools\/assets\/img\/spritesvg.svg#again\"><\/use>\r\n\t\t\t\t\t\t\t\t<\/svg>Restart\r\n\t\t\t\t\t\t\t<\/a>\r\n\r\n                        <div class=\"result-clicks__share\">\r\n                           <div class=\"result-clicks__share-title\">Share your result with friends!<\/div>\r\n                           <div class=\"share-buttons\">\r\n                              <a class=\"share-button facebook\" data-href=\"https:\/\/www.facebook.com\/sharer\/sharer.php?u=https:\/\/cpstesters.com\/\" target=\"_blank\" onclick=\"goclicky(this); return false;\" rel=\"noopener\">Facebook<\/a>\r\n                              <a class=\"share-button twitter\" data-href=\"http:\/\/www.twitter.com\/share?url=https:\/\/cpstesters.com\/&text=[text]\" target=\"_blank\" onclick=\"goclicky(this); return false;\" rel=\"noopener\">Twitter<\/a>\r\n                              <a class=\"share-button whatsapp\" data-href=\"https:\/\/api.whatsapp.com\/send?text=[text]\" target=\"_blank\" onclick=\"goclicky(this); return false;\" rel=\"noopener\">WhatsApp<\/a>\r\n                              <a class=\"share-button reddit\" data-href=\"http:\/\/www.reddit.com\/submit?url=https:\/\/cpstesters.com\/&title=[text]\" target=\"_blank\" onclick=\"goclicky(this); return false;\" rel=\"noopener\">Reddit<\/a>\r\n                           <\/div>\r\n                        <\/div>\r\n                     <\/div>\r\n                  <\/div>\r\n                  <img decoding=\"async\" src=\"\/wp-content\/themes\/generatepress\/tools\/assets\/img\/test_result\/3\/1.png\" style=\"display: none\" alt=\"\" title=\"\">\r\n                  <img decoding=\"async\" src=\"\/wp-content\/themes\/generatepress\/tools\/assets\/img\/test_result\/5\/1.png\" style=\"display: none\" alt=\"\" title=\"\">\r\n                  <img decoding=\"async\" src=\"\/wp-content\/themes\/generatepress\/tools\/assets\/img\/test_result\/1\/1.png\" style=\"display: none\" alt=\"\" title=\"\">\r\n                  <img decoding=\"async\" src=\"\/wp-content\/themes\/generatepress\/tools\/assets\/img\/test_result\/2\/1.png\" style=\"display: none\" alt=\"\" title=\"\">\r\n                  <img decoding=\"async\" src=\"\/wp-content\/themes\/generatepress\/tools\/assets\/img\/test_result\/0\/1.png\" style=\"display: none\" alt=\"\" title=\"\">\r\n                  <img decoding=\"async\" src=\"\/wp-content\/themes\/generatepress\/tools\/assets\/img\/test_result\/6\/1.png\" style=\"display: none\" alt=\"\" title=\"\">\r\n                  <img decoding=\"async\" src=\"\/wp-content\/themes\/generatepress\/tools\/assets\/img\/test_result\/7\/1.png\" style=\"display: none\" alt=\"\" title=\"\">\r\n                  <img decoding=\"async\" src=\"\/wp-content\/themes\/generatepress\/tools\/assets\/img\/test_result\/4\/1.png\" style=\"display: none\" alt=\"\" title=\"\">\r\n                  <script>\r\n                     var test_result = {\"ratings\":{\"min\":0,\"max\":5},\"rating_ranks\":[\"Your Rank is Snail!\",\"Your Rank is Koala!\",\"Your Rank is Turtle!\",\"Your Rank is Panda!\",\"Your Rank is Hare!\",\"Your Rank is Kangaroo!\",\"Your Rank is Panther!\",\"Your Rank is Cheetah!\"],\"cps_scale\":[[0,1],[1,3],[3,5],[5,7],[7,9],[9,10],[10,12],[12,999]],\"files\":{\"3\":[\"\\\/wp-content\\\/themes\\\/generatepress\\\/tools\\\\assets\\\/img\\\/test_result\\\/3\\\/1.png\"],\"5\":[\"\\\/wp-content\\\/themes\\\/generatepress\\\/tools\\\\assets\\\/img\\\/test_result\\\/5\\\/1.png\"],\"1\":[\"\\\/wp-content\\\/themes\\\/generatepress\\\/tools\\\\assets\\\/img\\\/test_result\\\/1\\\/1.png\"],\"2\":[\"\\\/wp-content\\\/themes\\\/generatepress\\\/tools\\\\assets\\\/img\\\/test_result\\\/2\\\/1.png\"],\"0\":[\"\\\/wp-content\\\/themes\\\/generatepress\\\/tools\\\\assets\\\/img\\\/test_result\\\/0\\\/1.png\"],\"6\":[\"\\\/wp-content\\\/themes\\\/generatepress\\\/tools\\\\assets\\\/img\\\/test_result\\\/6\\\/1.png\"],\"7\":[\"\\\/wp-content\\\/themes\\\/generatepress\\\/tools\\\\assets\\\/img\\\/test_result\\\/7\\\/1.png\"],\"4\":[\"\\\/wp-content\\\/themes\\\/generatepress\\\/tools\\\\assets\\\/img\\\/test_result\\\/4\\\/1.png\"]}};\r\n                     var language = {\"code\":\"en\",\"name\":\"English\",\"prefix\":\"\"};\r\n                     var monitoringClickEvent = 'double';\r\n                     var shareTextDefault = 'My Result is {clicks} Double clicks in {time} seconds';\r\n                  <\/script>        \r\n               <\/div>\r\n            <\/section>\r\n\t\t\r\n\t<\/div>\r\n<\/div>\r\n\r\n    <script src=\"\/wp-content\/themes\/generatepress\/tools\/assets\/js\/libs.min.js\"><\/script>\r\n      <script src=\"\/wp-content\/themes\/generatepress\/tools\/assets\/js\/main.min.js?v64\"><\/script>\r\n\n\n<div style=\"height:5px\" aria-hidden=\"true\" class=\"wp-block-spacer\"><\/div>\n\n<h2 class=\"wp-block-heading\">Cos&#8217;\u00e8 il test del doppio clic<\/h2>\n\n<p>Il doppio clic consiste nel toccare leggermente il pulsante principale del mouse per registrare pi\u00f9 clic contemporaneamente. Con questa tecnica \u00e8 possibile aumentare il CPS, ovvero i clic al secondo. In alcuni giochi, i clic rapidi forniscono al giocatore un vantaggio.<\/p>\n\n<p>Anche se il mouse viene cliccato una sola volta, a volte si pu\u00f2 notare che fa doppio clic. Non preoccupatevi se si verifica. Esiste un modo per capire il problema del doppio clic del mouse.<\/p>\n\n<h2 class=\"wp-block-heading\">Test del doppio clic del mouse<\/h2>\n\n<p>Una delle abitudini pi\u00f9 diffuse tra gli utenti del computer \u00e8 il doppio clic del mouse. Pu\u00f2 essere utilizzato per diverse attivit\u00e0, tra cui l&#8217;apertura di cartelle, la scelta di file e la selezione di parole nel testo.<\/p>\n\n<p>Ogni volta che si fa <a href=\"https:\/\/www.computerhope.com\/jargon\/d\/doublecl.htm\" target=\"_blank\" rel=\"noreferrer noopener\">doppio clic<\/a>, se il mouse non funziona correttamente, potrebbe essere fastidioso e ridurre la produttivit\u00e0. Assicuratevi che il problema non sia dovuto al doppio clic.<\/p>\n\n<p>\u00c8 possibile utilizzare un click tester che tiene traccia del numero di clic, disponibile su CPSTesters.com. Abbiamo sviluppato un semplice test del doppio clic che pu\u00f2 essere utilizzato per verificare se il mouse \u00e8 rotto o meno. Per vedere esattamente cosa salva, provate a fare clic una e due volte.<\/p>\n\n<p class=\"has-text-align-center has-base-background-color has-background has-medium-font-size\"><em>Potreste essere alla ricerca di un test completo dei clic per migliorare i vostri clic, per questo potete visitare la pagina <a href=\"https:\/\/cpstesters.com\/it\/\" target=\"_blank\" rel=\"noreferrer noopener\">CPS Tester<\/a>!<\/em><\/p>\n\n<h2 class=\"wp-block-heading\">Scopo del test del doppio clic del mouse?<\/h2>\n\n<p>Lo scopo principale del tester del doppio clic \u00e8 quello di trovare i casi di doppio clic. Hanno un&#8217;area di forma quadrata dove gli utenti possono esercitarsi a fare doppio clic con il mouse.<\/p>\n\n<p>Un test specializzato o un metodo per determinare se il mouse \u00e8 funzionale \u00e8 il test del mouse a doppio clic. I test sui doppi clic del mouse consentono di ottenere una stima dei parametri di funzionamento del mouse.<\/p>\n<div class=\"wp-block-image\">\n<figure class=\"aligncenter size-full\"><img loading=\"lazy\" decoding=\"async\" width=\"1000\" height=\"500\" src=\"https:\/\/cpstesters.com\/wp-content\/uploads\/2022\/09\/double-click-test.jpg\" alt=\"Test a doppio clic\" class=\"wp-image-517\" title=\"\" srcset=\"https:\/\/cpstesters.com\/wp-content\/uploads\/2022\/09\/double-click-test.jpg 1000w, https:\/\/cpstesters.com\/wp-content\/uploads\/2022\/09\/double-click-test-300x150.jpg 300w, https:\/\/cpstesters.com\/wp-content\/uploads\/2022\/09\/double-click-test-768x384.jpg 768w\" sizes=\"auto, (max-width: 1000px) 100vw, 1000px\" \/><figcaption class=\"wp-element-caption\">Test a doppio clic<\/figcaption><\/figure>\n<\/div>\n<p>Ad esempio, se state eseguendo un programma che richiede molti clic e il vostro mouse smette improvvisamente di rispondere a questi comandi, potreste avere molti problemi. \u00c8 possibile eseguire questo test per scoprire se il doppio clic del mouse funziona o meno.<\/p>\n\n<p>Se lo strumento di test del doppio clic riconosce un doppio clic in qualsiasi momento, modifica immediatamente lo stato della casella e tiene traccia del numero di doppi clic.<\/p>\n\n<h2 class=\"wp-block-heading\">Come utilizzare il test del doppio clic del mouse?<\/h2>\n\n<p>L&#8217;utilizzo di questo verificatore del doppio clic del mouse \u00e8 abbastanza semplice. Tutto ci\u00f2 che dovete fare \u00e8 seguire le istruzioni riportate di seguito:<\/p>\n\n<ul class=\"wp-block-list\">\n<li>Nella parte superiore di questa pagina c&#8217;\u00e8 un test, basta spostare il mouse al centro per iniziare a fare clic.<\/li>\n\n\n\n<li>Quando si fa doppio clic con il mouse, il tappetino si illumina di rosso, a indicare che il clic \u00e8 andato a buon fine.<\/li>\n\n\n\n<li>In basso viene visualizzato anche un timer che indica il tempo che intercorre tra un clic e l&#8217;altro.<\/li>\n\n\n\n<li>Inoltre, \u00e8 possibile scegliere tra attivit\u00e0 di test della velocit\u00e0 dei clic predeterminate per una durata di 1 secondo, 2 secondi, 5 secondi e cos\u00ec via.<\/li>\n<\/ul>\n\n<h2 class=\"wp-block-heading\">Come funziona questo test?<\/h2>\n\n<p>Questo test serve a determinare se il computer reagisce normalmente ai doppi clic. La valutazione \u00e8 semplice: uno o entrambi i tasti del mouse potrebbero non reagire correttamente se il tasto diventa rosso dopo circa 80 millisecondi.<\/p>\n\n<p>Selezionare il pulsante Reset per riavviare il test in qualsiasi momento dall&#8217;inizio. In questo modo \u00e8 possibile riavviare impostando la durata e il numero di tocchi su zero.<\/p>\n\n<p>\u00c8 semplice da usare e non richiede conoscenze o competenze specifiche. Anche se \u00e8 la prima volta che utilizzate il sistema, capirete rapidamente come completare il test.<\/p>\n\n<p>Per iniziare sono sufficienti pochi clic e la configurazione pu\u00f2 essere effettuata in pochi secondi. \u00c8 la soluzione ideale per chi vuole testare le prestazioni del proprio mouse in modo affidabile. Inoltre, il design dell&#8217;interfaccia \u00e8 chiaro e semplice.<\/p>\n\n<h2 class=\"wp-block-heading has-text-align-center\">Domande frequenti<\/h2>\n\n<h3 class=\"wp-block-heading\"><strong>Come funziona davvero il test del doppio clic?<\/strong><\/h3>\n\n<p>In alcuni test a doppio clic possono comparire diverse caselle etichettate Destra, Sinistra e Centro. Ciascuna di queste caselle tiene traccia di diversi clic del mouse separatamente. Ogni volta che l&#8217;applicazione Test 2x click identifica un doppio clic, cambia immediatamente lo stato del riquadro laterale e tiene traccia del numero totale di doppi clic.<\/p>\n\n<h3 class=\"wp-block-heading\"><strong>Come si regola la velocit\u00e0 dei doppi clic del mouse?<\/strong><\/h3>\n\n<p>Scegliendo Mouse dal pannello di controllo, \u00e8 possibile modificare la frequenza del mouse. Il pulsante Velocit\u00e0 si trova selezionando la scheda Pulsanti. Verr\u00e0 visualizzata una finestra con un indicatore di velocit\u00e0 del cursore. Per accelerare o rallentare il mouse, spostarlo a destra o a sinistra.<\/p>\n\n<h2 class=\"wp-block-heading\">Parole finali su Double Click Tester<\/h2>\n\n<p>I nostri strumenti di test del doppio clic del mouse consentono di capire come funzioner\u00e0 il mouse. Assicuratevi di controllare periodicamente che il mouse non faccia doppi clic, a meno che non vogliate aspettare che vi abbandoni durante una sessione di lavoro o un gioco cruciale.<\/p>\n\n<p>Altri strumenti:<\/p>\n\n<ul class=\"wp-block-list\">\n<li><a href=\"https:\/\/cpstesters.com\/it\/contatore-di-tocchi\/\" target=\"_blank\" rel=\"noreferrer noopener\">Contatore a rubinetto<\/a><\/li>\n\n\n\n<li><a href=\"https:\/\/cpstesters.com\/it\/test-del-mouse\/\" target=\"_blank\" rel=\"noreferrer noopener\">Test sui topi<\/a><\/li>\n\n\n\n<li><a href=\"https:\/\/cpstesters.com\/it\/test-di-scorrimento-del-mouse\/\" target=\"_blank\" rel=\"noreferrer noopener\">Test di scorrimento del mouse<\/a><\/li>\n\n\n\n<li><a href=\"https:\/\/cpstesters.com\/it\/mouse-rate-checker\/\" target=\"_blank\" rel=\"noreferrer noopener\">Controllo della velocit\u00e0 del mouse<\/a><\/li>\n\n\n\n<li><a href=\"https:\/\/cpstesters.com\/it\/apm-test\/\" target=\"_blank\" rel=\"noreferrer noopener\">Test APM<\/a><\/li>\n\n\n\n<li><a href=\"https:\/\/cpstesters.com\/it\/aim-trainer\/\" target=\"_blank\" rel=\"noreferrer noopener\">Allenatore di obiettivi<\/a><\/li>\n<\/ul>\n","protected":false},"excerpt":{"rendered":"<p>Con questo test del doppio clic, verificate se il vostro mouse d\u00e0 due input contemporaneamente e migliorate la vostra velocit\u00e0 di clic! Cos&#8217;\u00e8 il test &#8230; <\/p>\n<p class=\"read-more-container\"><a title=\"Test del doppio clic | Controllo del clic del mouse\" class=\"read-more button\" href=\"https:\/\/cpstesters.com\/it\/double-click-test\/#more-2723\" aria-label=\"Per saperne di pi\u00f9 su Test del doppio clic | Controllo del clic del mouse\">Read More<\/a><\/p>\n","protected":false},"author":4,"featured_media":1390,"parent":0,"menu_order":0,"comment_status":"closed","ping_status":"closed","template":"","meta":{"footnotes":""},"class_list":["post-2723","page","type-page","status-publish","has-post-thumbnail"],"_links":{"self":[{"href":"https:\/\/cpstesters.com\/it\/wp-json\/wp\/v2\/pages\/2723","targetHints":{"allow":["GET"]}}],"collection":[{"href":"https:\/\/cpstesters.com\/it\/wp-json\/wp\/v2\/pages"}],"about":[{"href":"https:\/\/cpstesters.com\/it\/wp-json\/wp\/v2\/types\/page"}],"author":[{"embeddable":true,"href":"https:\/\/cpstesters.com\/it\/wp-json\/wp\/v2\/users\/4"}],"replies":[{"embeddable":true,"href":"https:\/\/cpstesters.com\/it\/wp-json\/wp\/v2\/comments?post=2723"}],"version-history":[{"count":4,"href":"https:\/\/cpstesters.com\/it\/wp-json\/wp\/v2\/pages\/2723\/revisions"}],"predecessor-version":[{"id":4188,"href":"https:\/\/cpstesters.com\/it\/wp-json\/wp\/v2\/pages\/2723\/revisions\/4188"}],"wp:featuredmedia":[{"embeddable":true,"href":"https:\/\/cpstesters.com\/it\/wp-json\/wp\/v2\/media\/1390"}],"wp:attachment":[{"href":"https:\/\/cpstesters.com\/it\/wp-json\/wp\/v2\/media?parent=2723"}],"curies":[{"name":"wp","href":"https:\/\/api.w.org\/{rel}","templated":true}]}}