{"id":2527,"date":"2024-07-16T14:43:41","date_gmt":"2024-07-16T14:43:41","guid":{"rendered":"https:\/\/cpstesters.com\/aim-booster-il-miglior-tester-per-migliorare-la-mira-online\/"},"modified":"2024-09-17T09:49:21","modified_gmt":"2024-09-17T09:49:21","slug":"aim-trainer","status":"publish","type":"page","link":"https:\/\/cpstesters.com\/it\/aim-trainer\/","title":{"rendered":"Booster di mira | Il miglior tester per migliorare la mira online"},"content":{"rendered":"\n<p>Booster di mira \u00e8 un tester online che vi aiuter\u00e0 a migliorare le vostre abilit\u00e0 di mira nei giochi professionali, dategli un&#8217;occhiata e cercate di ottenere il punteggio pi\u00f9 alto possibile!<\/p>\n\n\n<div class=\"aim-container\">\r\n      <div>\r\n        <div class=\"highscore-info\">Highscore: <span class=\"current-highscore\"><\/span><\/div>\r\n        <div class=\"info\">\r\n            <div class=\"score-bar\"><i class=\"im im-target\"><\/i> <span style=\"color:white\" class=\"score\">0<\/span><\/div>\r\n            <div class=\"health-bar\"><i class=\"im im-heart small\"><\/i> <span class=\"health\">0<\/span><\/div>\r\n            <div class=\"time-bar\"><\/i><i class=\"im im-timer small\"><\/i> <span class=\"time\">0<\/span><\/div>\r\n        <\/div>\r\n      <\/div>\r\n      <div class=\"board\"><\/div>\r\n      <div class=\"gameover modal\">\r\n        <div class=\"gameover-content\">\r\n          <p class=\"aim-header\">GAMEOVER<\/p>\r\n          <p class=\"highscore\"><\/p>\r\n          <p><i class=\"im im-target small\"><\/i>Score :&nbsp;<span class=\"score\">0<\/span><\/p>\r\n          <p><i class=\"im im-timer small\"><\/i>Time :&nbsp;<span class=\"time\">0<\/span><\/p>\r\n          <button class=\"restart-btn\">Restart<\/button>\r\n        <\/div>\r\n      <\/div>\r\n      <button style=\"color:white\" class=\"start-btn\">Start<\/button>\r\n<\/div>\r\n\r\n\r\n\r\n   \r\n<script type=\"text\/javascript\">\r\n    var keyboard_code = 'english';\r\n    var keyboard_settings = {\"layout\":{\"default\":[\"` 1 2 3 4 5 6 7 8 9 0 - = {backspace}\",\"{tab} q w e r t y u i o p [ ] \\\\\",\"{capslock} a s d f g h j k l ; ' {enter}\",\"{shiftleft} z x c v b n m , . \\\/ {shiftright}\",\".com @ {space}\"],\"shift\":[\"` 1 2 3 4 5 6 7 8 9 0 - = {backspace}\",\"{tab} q w e r t y u i o p [ ] \\\\\",\"{capslock} a s d f g h j k l ; ' {enter}\",\"{shiftleft} z x c v b n m , . \\\/ {shiftright}\",\".com @ {space}\"]},\"display\":{\"{escape}\":\"esc\",\"{tab}\":\"tab\",\"{backspace}\":\"backspace\",\"{enter}\":\"< enter\",\"{capslock}\":\"caps\",\"{shiftleft}\":\"shift\",\"{shiftright}\":\"shift\",\"{controlleft}\":\"ctrl\",\"{controlright}\":\"ctrl\",\"{altleft}\":\"alt\",\"{altright}\":\"alt\",\"{metaleft}\":\"cmd\",\"{metaright}\":\"cmd\",\"{space}\":\" \"}};\r\n    var keyboard_is_tester = true;\r\n\t                     var monitoringClickEvent = 'left';\r\n\r\n<\/script>\r\n\r\n<script src=\"\/wp-content\/themes\/generatepress\/tools\/assets\/js\/aim.js?v=9\"><\/script>\r\n\n\n\n\n<p><\/p>\n\n\n\n<p>Migliorare il proprio obiettivo \u00e8 un metodo semplice per differenziarsi dalla concorrenza. Questa guida vi aiuter\u00e0 a iniziare a padroneggiare la mira, spiegandovi perch\u00e9 dovreste procurarvi un potenziatore di mira e dandovi accesso a tutte le risorse di cui potreste aver bisogno durante il processo.<\/p>\n\n\n\n<p>Il booster della mira vi sar\u00e0 utile, anche se siete pi\u00f9 vicini a un livello iniziale, questa istruzione \u00e8 ideale per voi. Discuter\u00f2 i vantaggi dei formatori di obiettivi e alcuni malintesi diffusi nella comunit\u00e0 locale.<\/p>\n\n\n\n<p>\u00c8 difficile prendere la mira come tiratore. Dovete essere in grado di premere rapidamente il grilletto in risposta ai movimenti dell&#8217;avversario. Prima di utilizzare le vostre abilit\u00e0 sul campo di battaglia, dovete esercitarvi in questa abilit\u00e0.<\/p>\n\n\n<div class=\"wp-block-image\">\n<figure class=\"aligncenter size-full\"><img loading=\"lazy\" decoding=\"async\" width=\"1000\" height=\"500\" src=\"https:\/\/cpstesters.com\/wp-content\/uploads\/2022\/08\/Aim_Trainer.jpg\" alt=\"Allenatore di obiettivi\" class=\"wp-image-429\" title=\"\" srcset=\"https:\/\/cpstesters.com\/wp-content\/uploads\/2022\/08\/Aim_Trainer.jpg 1000w, https:\/\/cpstesters.com\/wp-content\/uploads\/2022\/08\/Aim_Trainer-300x150.jpg 300w, https:\/\/cpstesters.com\/wp-content\/uploads\/2022\/08\/Aim_Trainer-768x384.jpg 768w\" sizes=\"auto, (max-width: 1000px) 100vw, 1000px\" \/><figcaption class=\"wp-element-caption\">Allenatore di obiettivi<\/figcaption><\/figure>\n<\/div>\n\n\n<h2 class=\"wp-block-heading\">Che cos&#8217;\u00e8 l&#8217;obiettivo di gioco?<\/h2>\n\n\n\n<p>Per essere pi\u00f9 precisi, stiamo cercando di definire il termine &#8220;obiettivo virtuale&#8221;. Possiamo manipolare un supporto per puntare un reticolo (o puntatore) del mouse verso un bersaglio utilizzando la mira virtuale. In altre parole, si riferisce alla nostra capacit\u00e0 di controllare la nostra periferica, il mouse.<\/p>\n\n\n\n<p>\u00c8 necessario indicare anche le sottocomponenti dell&#8217;obiettivo virtuale. Questo articolo si concentra su aim, un motore di gioco, in particolare per i giocatori di PC. Ecco la nostra definizione pi\u00f9 recente (V1) dei sottocomponenti dell&#8217;obiettivo virtuale.<\/p>\n\n\n\n<h2 class=\"wp-block-heading\">Che cos&#8217;\u00e8 la formazione mirata?<\/h2>\n\n\n\n<p>Mettendo alla prova i tempi di reazione, la velocit\u00e0 e la mobilit\u00e0, l&#8217;allenamento della mira migliora i riflessi e insegna i colpi pi\u00f9 complessi, come i colpi a punta di dito e l&#8217;inseguimento dell&#8217;avversario.<\/p>\n\n\n\n<p>I formatori Aim online possono aiutarvi a iniziare l&#8217;allenamento per la mira. Le applicazioni note come &#8220;allenatori di mira&#8221; sono state create appositamente per aiutare i giocatori di sparatutto in prima persona a padroneggiare le tecniche di base di tiro, tracciamento e mira.<\/p>\n\n\n\n<h2 class=\"wp-block-heading\">Cosa sono i formatori Aim?<\/h2>\n\n\n\n<p>I giocatori possono esercitarsi nella mira in modo tempestivo con azioni e rumori realistici utilizzando l&#8217;allenatore della mira. Le informazioni possono essere elaborate dalla corteccia pi\u00f9 rapidamente di quanto la mente possa registrare consapevolmente. L&#8217;aspetto pi\u00f9 cruciale di un videogioco \u00e8 la mira, perch\u00e9 determina la qualit\u00e0 delle prestazioni. In questo video \u00e8 possibile verificare l&#8217;<a href=\"https:\/\/www.youtube.com\/watch?v=ZKdrh7qZ4wg\" target=\"_blank\" rel=\"noreferrer noopener\">efficacia degli allenatori di mira<\/a>.<\/p>\n\n\n\n<p>Fornisce ai giocatori il controllo dei movimenti del corpo e della testa del proprio avatar e migliora la mira. Con i tester di mira si pu\u00f2 allenare la mente a essere pi\u00f9 abile nel colpire rapidamente i bersagli. Vi aiutano ad abituarvi ai tempi e agli schemi di tiro, nonch\u00e9 alla velocit\u00e0 e alla mobilit\u00e0 di un bersaglio.<\/p>\n\n\n\n<h2 class=\"wp-block-heading\">I trainer Aim sono davvero utili?<\/h2>\n\n\n\n<p>L&#8217;utilizzo di un trainer di mira durante l&#8217;allenamento aiuta a migliorare i movimenti, la mira, il monitoraggio, il tiro (click-time) e la precisione.<\/p>\n\n\n\n<p>I trainer Aim possono anche aiutarvi a determinare la sensibilit\u00e0 ideale del mouse o i dpi. La mira e il movimento del mouse sono entrambi fortemente influenzati dalla modifica delle impostazioni del mouse.<\/p>\n\n\n\n<p>I muscoli iniziano a reagire ai movimenti se si pratica un gioco di allenamento della mira per circa un&#8217;ora; si parla di memoria muscolare! L&#8217;apprendimento e lo sviluppo sono pi\u00f9 efficaci con l&#8217;aiuto della memoria muscolare. La percezione della precisione e dell&#8217;anticipazione dei movimenti \u00e8 migliorata, migliorando l&#8217;esperienza di gioco.<\/p>\n\n\n\n<p>\u00c8 possibile giocare con i propri amici quando si utilizza un allenatore di mira. Quando si percepisce la rivalit\u00e0, si \u00e8 pi\u00f9 motivati a migliorare le proprie capacit\u00e0. \u00c8 una delle cose che ispirano a praticare l&#8217;auto-miglioramento.<\/p>\n\n\n\n<p class=\"has-text-align-center has-background has-medium-font-size\" style=\"background-color:#ffb15e\">Prima di migliorare la mira, provate anche il <a href=\"https:\/\/cpstesters.com\/it\/\" target=\"_blank\" rel=\"noreferrer noopener\">test CPS<\/a><\/p>\n\n\n\n<h2 class=\"wp-block-heading\">Allenatore di mira 3D<\/h2>\n\n\n\n<p>Questo programma \u00e8 accessibile direttamente dal desktop ed \u00e8 privo di pubblicit\u00e0. \u00c8 accessibile anche su Android, beta e iOS. Ogni partecipante pu\u00f2 prepararsi a partite competitive con l&#8217;allenatore della mira 3D.<\/p>\n\n\n\n<p>Per alcuni dei pi\u00f9 popolari giochi sparatutto in prima persona, come Call of Duty, Counterstrike GO e altri, questo programma offre diverse esercitazioni e istruzioni.<\/p>\n\n\n\n<p>Inoltre, dispone di un&#8217;ampia selezione di playlist che consentono a ogni giocatore di rilassarsi prima di impegnarsi in una situazione competitiva. Nella versione multigiocatore dell&#8217;allenatore di mira 3D, si pu\u00f2 competere con altri per vedere quanto \u00e8 preciso il proprio esercizio di mira.<\/p>\n\n\n\n<p>\u00c8 possibile utilizzare questa applicazione per prepararsi a ottenere risultati migliori, sia che si giochi ai videogiochi su un computer o su un dispositivo mobile.<\/p>\n\n\n\n<h2 class=\"wp-block-heading\">Perch\u00e9 qualcuno dovrebbe consigliare Aim Training?<\/h2>\n\n\n\n<p>Un giocatore di FPS pu\u00f2 utilizzare un potenziatore di mira per migliorare la propria meccanica di mira, proprio come un atleta professionista pu\u00f2 concentrarsi su gruppi muscolari specifici per semplificare il proprio sport. Allenare la mira \u00e8 sempre una buona idea. Questa sar\u00e0 una strategia semplice per iniziare e sviluppare il vostro obiettivo.<\/p>\n\n\n\n<p>Gli addestratori di punta sono consigliati nelle due circostanze seguenti:<\/p>\n\n\n\n<ol style=\"list-style-type:1\" class=\"wp-block-list\">\n<li>Siete nuovi agli sparatutto in prima persona su computer.<\/li>\n<\/ol>\n\n\n\n<p>Dovreste dedicare una quantit\u00e0 significativa di tempo a giocare al gioco che vi interessa, anche se affinare le vostre capacit\u00e0 di mira \u00e8 fondamentale perch\u00e9 potreste non avere le altre abilit\u00e0 necessarie.<\/p>\n\n\n\n<p>  2. Con la pratica solitaria, si vuole migliorare i propri obiettivi rispetto al gioco.<\/p>\n\n\n<div class=\"wp-block-image\">\n<figure class=\"aligncenter size-full\"><img loading=\"lazy\" decoding=\"async\" width=\"1000\" height=\"500\" src=\"https:\/\/cpstesters.com\/wp-content\/uploads\/2022\/08\/aim_mid.jpg\" alt=\"Guida all&#039;addestramento alla mira\" class=\"wp-image-428\" title=\"\" srcset=\"https:\/\/cpstesters.com\/wp-content\/uploads\/2022\/08\/aim_mid.jpg 1000w, https:\/\/cpstesters.com\/wp-content\/uploads\/2022\/08\/aim_mid-300x150.jpg 300w, https:\/\/cpstesters.com\/wp-content\/uploads\/2022\/08\/aim_mid-768x384.jpg 768w\" sizes=\"auto, (max-width: 1000px) 100vw, 1000px\" \/><figcaption class=\"wp-element-caption\">Guida all&#8217;addestramento alla mira<\/figcaption><\/figure>\n<\/div>\n\n\n<h2 class=\"wp-block-heading\">Cosa rende il software Aim Training &#8220;buono&#8221;?<\/h2>\n\n\n\n<p>Un buon software per l&#8217;addestramento alla mira vi proporr\u00e0 una serie di difficolt\u00e0. Una simulazione che vi supera costantemente o che vi lancia oggetti a velocit\u00e0 sovrumane pu\u00f2 essere usata a vostro vantaggio. Di conseguenza, si inizia a fare pi\u00f9 affidamento sull&#8217;istinto e meno sul ricordo. Il cervello e i muscoli vengono allenati a reagire senza pensare grazie a un trainer FPS impeccabile.<\/p>\n\n\n\n<p>\u00c8 vantaggioso esercitarsi con simulazioni che probabilmente non sono presenti in giochi come Call of Duty (COD) se ci si sta preparando. Rispetto ad altri giochi come Destiny o Overwatch, COD tende a concentrarsi sul &#8220;realismo&#8221;.<\/p>\n\n\n\n<h2 class=\"wp-block-heading\">Come funziona Aim Trainer?<\/h2>\n\n\n\n<p>Le ore passate a giocare a sparatutto in prima persona non aiutano a migliorare la mira.<\/p>\n\n\n\n<ul class=\"wp-block-list\">\n<li>Difficilmente si fa abbastanza pratica di tiro prima di un combattimento.<\/li>\n\n\n\n<li>Non c&#8217;\u00e8 la possibilit\u00e0 di creare una base per lo sviluppo delle competenze.<\/li>\n<\/ul>\n\n\n\n<p>Obiettivo Il pensiero, le abilit\u00e0 motorie e la mira miglioreranno in un&#8217;atmosfera mirata in cui \u00e8 possibile isolare ogni meccanismo di mira per un allenamento pi\u00f9 efficiente.<\/p>\n\n\n\n<p>Ci\u00f2 che si pu\u00f2 ottenere nel gioco macinando senza sosta, si pu\u00f2 ottenere qui in poche ore.<\/p>\n\n\n\n<p>Si ottiene un approccio all&#8217;allenamento semplice e orientato all&#8217;obiettivo, sviluppando al contempo una memoria muscolare che si fonde naturalmente con il gioco, dove i miglioramenti della mira si traducono in risultati vincenti.<\/p>\n\n\n\n<h2 class=\"wp-block-heading\">Perch\u00e9 vi serve un Aim Trainer?<\/h2>\n\n\n\n<p>L&#8217;allenamento con gli obiettivi \u00e8 come l&#8217;esperienza della palestra. In KovaaK e Aim Lab, gli utenti possono isolare tipi di mira specifici, proprio come si potrebbero isolare muscoli specifici durante un regime di allenamento. Nella vita si ottiene ci\u00f2 che si mette nella maggior parte delle cose e, quando si inizia il viaggio, molte cose diventeranno estremamente chiare.<\/p>\n\n\n\n<p>Dal momento che un allenatore di mira metter\u00e0 in evidenza le vostre carenze indipendentemente dal vostro livello di abilit\u00e0, per alcune persone potrebbe essere addirittura terrificante.<\/p>\n\n\n\n<p>Seguendo l&#8217;analogia con la palestra, \u00e8 fondamentale prendere in considerazione problemi come il sovraccarico di lavoro o il giocare fino a quando i benefici iniziano a svanire. Il sottoallenamento sarebbe analogo a trascurare una debolezza di cui si \u00e8 consapevoli.<\/p>\n\n\n\n<p>Sapere che va bene cos\u00ec \u00e8 fondamentale, perch\u00e9 un allenatore di mira metter\u00e0 in evidenza i vostri punti deboli. Non si pu\u00f2 entrare in un centro fitness e sollevare per la prima volta 450 libbre su panca; bisogna iniziare da qualche parte. Va bene se si deve iniziare con 10 libbre e lavorare con questa quantit\u00e0 per una settimana prima di aumentare il peso.<\/p>\n\n\n\n<h2 class=\"wp-block-heading\">Come migliorare la mira negli FPS?<\/h2>\n\n\n\n<p>Nei giochi sparatutto in prima persona, pu\u00f2 essere allettante continuare a giocare e aspettarsi di migliorare, ma ci sono momenti in cui tornare alle basi \u00e8 la cosa migliore da fare.<\/p>\n\n\n\n<p>Anche se non \u00e8 necessario esercitarsi quotidianamente o approfondire le proprie competenze come fanno i professionisti, si pu\u00f2 comunque imparare molto da loro. Ecco alcuni consigli per regolare le impostazioni di gioco, alcune utili esercitazioni da fare e l&#8217;attrezzatura ideale per migliorare l&#8217;allenamento della mira.<\/p>\n\n\n\n<h3 class=\"wp-block-heading\"><strong>Attrezzarsi bene<\/strong><\/h3>\n\n\n\n<p>Il mousepad e il mouse sono i due elementi pi\u00f9 importanti per ottenere una mira precisa. Fortunatamente, il sistema di sensori per topi si \u00e8 evoluto, rendendo possibile l&#8217;acquisto di un roditore affidabile senza spendere una fortuna. Le capacit\u00e0 DPI, le dimensioni e la disposizione dei pulsanti sono alcuni degli elementi da tenere in considerazione quando si acquista il miglior mouse da gioco.<\/p>\n\n\n\n<p>Prendete il mousepad pi\u00f9 grande che possa stare sulla vostra scrivania, perch\u00e9 non vorrete prendere il mouse durante una sparatoria. Un tappetino confortevole dovrebbe essere il primo della lista. Per muovere il mouse, i giocatori che utilizzano impostazioni DPI molto basse devono eseguire movimenti della mano molto pi\u00f9 ampi.<\/p>\n\n\n\n<h3 class=\"wp-block-heading\"><strong>Strategie e comprensione del gioco<\/strong><\/h3>\n\n\n\n<p>Le due tecniche pi\u00f9 diffuse per la mira sono il tracking e il flick shot. L&#8217;inseguimento \u00e8 una caratteristica fondamentale per i personaggi DPS che utilizzano armi automatiche, in quanto prevede di mantenere il mirino sull&#8217;avversario e di muoversi con lui.<\/p>\n\n\n\n<p>Per le armi a colpo singolo, tra cui i cecchini e McCree di Overwatch, si utilizzano i colpi a scatto, che consistono nel far scorrere il mirino sul bersaglio prima di tornare in una posizione stabile.<\/p>\n\n\n\n<p>Indipendentemente dal tipo di personaggio interpretato, puntate il mirino dove prevedete di incontrare un avversario. \u00c8 importante anticipare i movimenti dell&#8217;avversario e diventerete pi\u00f9 bravi giocando pi\u00f9 spesso. \u00c8 pi\u00f9 probabile che si manchi l&#8217;obiettivo se si deve rispondere all&#8217;inizio della battaglia.<\/p>\n\n\n\n<p>Lavorare sulla mira nel gioco preferito \u00e8 una tattica migliore. Per il monitoraggio, posizionare il mirino in una determinata posizione prima di iniziare a muoversi. Mantenete il mirino su un determinato punto mentre vi muovete e imitate movimenti da combattimento.<\/p>\n\n\n\n<h2 class=\"wp-block-heading\">Principali vantaggi del software di formazione Aim<\/h2>\n\n\n\n<p>I vantaggi dell&#8217;impiego di formatori di obiettivi sono i seguenti:<\/p>\n\n\n\n<h3 class=\"wp-block-heading\"><strong>Analisi rapida ed efficiente<\/strong><\/h3>\n\n\n\n<p>I giocatori possono affinare le loro abilit\u00e0 di mira in giochi in tempo reale con movimenti e rumori autentici utilizzando un trainer di mira. L&#8217;elaborazione delle informazioni che la nostra mente pu\u00f2 percepire attivamente \u00e8 controllata dall&#8217;efficienza corticale.<\/p>\n\n\n\n<p>Qualsiasi altro gioco di tiro in prima persona richiede una mira accurata, in quanto \u00e8 l&#8217;abilit\u00e0 principale che determina la bravura di un giocatore. Procuratevi subito un trainer di mira se avete problemi di mira! La tecnica pi\u00f9 efficace per allenare il cervello a diventare pi\u00f9 abile nel colpire i bersagli \u00e8 l&#8217;utilizzo di allenatori di mira.<\/p>\n\n\n\n<p>Con l&#8217;uso di queste tecniche, il giocatore pu\u00f2 sviluppare una risposta di memoria muscolare alla posizione iniziale del bersaglio, alla velocit\u00e0, alla sequenza di tiro (timing del click) e al ritmo.<\/p>\n\n\n\n<h3 class=\"wp-block-heading\"><strong>Andare ad allenarsi in partita<\/strong><\/h3>\n\n\n\n<p>Negli ultimi anni, l&#8217;uso della formazione mediante simulazione \u00e8 aumentato in modo esponenziale. Dovreste recarvi nelle aree di allenamento per sessioni intense di formazione se state cercando di esercitarvi nelle tecniche di mira per giocare a livello competitivo.<\/p>\n\n\n\n<p>In fondo, l&#8217;importanza del bersaglio determina completamente l&#8217;efficacia dell&#8217;allenamento alla mira. I principi di un gioco possono a volte essere compresi meglio attraverso l&#8217;addestramento nel gioco, e l&#8217;addestramento costante alla mira migliora la mira degli fps.<\/p>\n\n\n\n<p>Inoltre, \u00e8 noto che il nostro cervello \u00e8 in grado di distinguere tra un colpo di pistola finto e uno vero.<\/p>\n\n\n\n<p>Un 3D aim trainer render\u00e0 pi\u00f9 vivaci i corsi di formazione quotidiani, consentendo di esercitarsi nelle tecniche di tiro e di mira in un ambiente sicuro e regolamentato.<\/p>\n\n\n\n<h2 class=\"wp-block-heading has-text-align-center\">Domande frequenti<\/h2>\n\n\n\n<h3 class=\"wp-block-heading\"><strong>Che cos&#8217;\u00e8 un test di puntamento?<\/strong><\/h3>\n\n\n\n<p>\u00c8 un tutorial online creato per i giocatori che giocano a giochi come Fortnite o Counterstrike, per esempio. L&#8217;idea alla base dei test di mira \u00e8 semplice: ci si pu\u00f2 allenare con essi per aumentare sia la percentuale di tiro che la velocit\u00e0 di tiro.<\/p>\n\n\n\n<h3 class=\"wp-block-heading\"><strong>Come funzionano i formatori Aim?<\/strong><\/h3>\n\n\n\n<p>L&#8217;utilizzo di un trainer di mira durante l&#8217;allenamento aiuta a migliorare i movimenti, la mira, il monitoraggio, il tiro (click-time) e la precisione. I muscoli iniziano a reagire ai movimenti dopo aver giocato una partita di allenamento con la mira.<\/p>\n\n\n\n<h3 class=\"wp-block-heading\"><strong>Cosa succede quando eseguiamo con costanza l&#8217;Aim Training virtuale?<\/strong><\/h3>\n\n\n\n<p>Il sistema nervoso \u00e8 uno dei sistemi chiave del nostro corpo che risponde all&#8217;allenamento virtuale. Le modifiche e i progressi pi\u00f9 vantaggiosi che osserviamo nel nostro obiettivo includono gli adattamenti del cervello.<\/p>\n\n\n\n<h3 class=\"wp-block-heading\"><strong>Come posso migliorare la mia mira?<\/strong><\/h3>\n\n\n\n<p>Qualsiasi abilit\u00e0 pu\u00f2 essere appresa e migliorata con la ripetizione costante. Questo \u00e8 accurato anche quando si cerca di affinare la mira. Il numero di neuroni attivi in quelle connessioni, piuttosto che il numero di nuove connessioni neurologiche formate da ogni nuova abilit\u00e0 appresa, definir\u00e0 il vostro grado di abilit\u00e0.<\/p>\n\n\n\n<h2 class=\"wp-block-heading\">Obiettivo finale Tester<\/h2>\n\n\n\n<p>Leggendo questo saggio, avrete gi\u00e0 una conoscenza di base di come un allenatore di mira vi aiuti a perfezionare le vostre abilit\u00e0 di tiro in prima persona. Si tratta di una scelta perfetta se cercate strategie per affinare la vostra mira che siano allo stesso tempo difficili e divertenti.<\/p>\n\n\n\n<p>La tecnica di affinare la mira del fucile o della pistola per migliorare la precisione, la stabilit\u00e0 e la velocit\u00e0 \u00e8 nota come allenamento alla mira. L&#8217;utilizzo di un allenatore di mira semplifica il miglioramento del senso del gioco perch\u00e9 rafforza la memoria muscolare e insegna al cervello. Un principiante avr\u00e0 spesso problemi di risoluzione dei problemi, ordinate subito il vostro trainer di mira se siete pronti per una pratica di qualit\u00e0.<\/p>\n\n\n\n<p>Abbiamo anche altri strumenti:<\/p>\n\n\n\n<ul class=\"wp-block-list\">\n<li><a href=\"https:\/\/cpstesters.com\/it\/test-di-trascinamento-del-clic\/\" target=\"_blank\" rel=\"noreferrer noopener\">Test di trascinamento e clic<\/a><\/li>\n\n\n\n<li><a href=\"https:\/\/cpstesters.com\/it\/test-del-mouse\/\" target=\"_blank\" rel=\"noreferrer noopener\">Test sui topi<\/a><\/li>\n\n\n\n<li><a href=\"https:\/\/cpstesters.com\/it\/test-di-scorrimento-del-mouse\/\" target=\"_blank\" rel=\"noreferrer noopener\">Test di scorrimento del mouse<\/a><\/li>\n\n\n\n<li><a href=\"https:\/\/cpstesters.com\/it\/mouse-rate-checker\/\" target=\"_blank\" rel=\"noreferrer noopener\">Controllo della velocit\u00e0 del mouse<\/a><\/li>\n\n\n\n<li><a href=\"https:\/\/cpstesters.com\/it\/test-di-latenza-del-mouse\/\" target=\"_blank\" rel=\"noreferrer noopener\">Test di latenza del mouse<\/a><\/li>\n\n\n\n<li><a href=\"https:\/\/cpstesters.com\/it\/test-apm\/\" target=\"_blank\" rel=\"noreferrer noopener\">Test APM<\/a><\/li>\n<\/ul>\n","protected":false},"excerpt":{"rendered":"<p>Booster di mira \u00e8 un tester online che vi aiuter\u00e0 a migliorare le vostre abilit\u00e0 di mira nei giochi professionali, dategli un&#8217;occhiata e cercate di &#8230; <\/p>\n<p class=\"read-more-container\"><a title=\"Booster di mira | Il miglior tester per migliorare la mira online\" class=\"read-more button\" href=\"https:\/\/cpstesters.com\/it\/aim-trainer\/#more-2527\" aria-label=\"Per saperne di pi\u00f9 su Booster di mira | Il miglior tester per migliorare la mira online\">Read More<\/a><\/p>\n","protected":false},"author":4,"featured_media":1378,"parent":0,"menu_order":0,"comment_status":"closed","ping_status":"closed","template":"","meta":{"footnotes":""},"class_list":["post-2527","page","type-page","status-publish","has-post-thumbnail"],"_links":{"self":[{"href":"https:\/\/cpstesters.com\/it\/wp-json\/wp\/v2\/pages\/2527","targetHints":{"allow":["GET"]}}],"collection":[{"href":"https:\/\/cpstesters.com\/it\/wp-json\/wp\/v2\/pages"}],"about":[{"href":"https:\/\/cpstesters.com\/it\/wp-json\/wp\/v2\/types\/page"}],"author":[{"embeddable":true,"href":"https:\/\/cpstesters.com\/it\/wp-json\/wp\/v2\/users\/4"}],"replies":[{"embeddable":true,"href":"https:\/\/cpstesters.com\/it\/wp-json\/wp\/v2\/comments?post=2527"}],"version-history":[{"count":5,"href":"https:\/\/cpstesters.com\/it\/wp-json\/wp\/v2\/pages\/2527\/revisions"}],"predecessor-version":[{"id":5859,"href":"https:\/\/cpstesters.com\/it\/wp-json\/wp\/v2\/pages\/2527\/revisions\/5859"}],"wp:featuredmedia":[{"embeddable":true,"href":"https:\/\/cpstesters.com\/it\/wp-json\/wp\/v2\/media\/1378"}],"wp:attachment":[{"href":"https:\/\/cpstesters.com\/it\/wp-json\/wp\/v2\/media?parent=2527"}],"curies":[{"name":"wp","href":"https:\/\/api.w.org\/{rel}","templated":true}]}}