{"id":2526,"date":"2024-07-16T14:47:56","date_gmt":"2024-07-16T14:47:56","guid":{"rendered":"https:\/\/cpstesters.com\/test-wpm-test-di-dattilografia-per-parole-al-minuto-online\/"},"modified":"2024-09-17T16:33:41","modified_gmt":"2024-09-17T16:33:41","slug":"wpm-test","status":"publish","type":"page","link":"https:\/\/cpstesters.com\/it\/wpm-test\/","title":{"rendered":"Test di dattilografia per parole al minuto online"},"content":{"rendered":"\n<p>Il test WPM \u00e8 stato sviluppato per valutare l&#8217;abilit\u00e0 e la velocit\u00e0 delle parole al minuto. \u00c8 possibile esercitarsi con la digitazione a tocco oltre che con i test di digitazione per migliorare le proprie capacit\u00e0!<\/p>\n\n\n<style>\r\n\t.word {\r\n  background-color: lightblue;\r\n  color: #212529;\r\n  padding: 0 0.2em;\r\n  border-radius: 0.15em;\r\n}\r\n\r\n.word-active {\r\n  background-color: lightseagreen;\r\n}\r\n\r\n.word-error {\r\n  background-color: lightcoral;\r\n}\r\n\r\n.word-correct {\r\n  background-color: transparent;\r\n  color: #198754;\r\n}\r\n\r\n.word-incorrect {\r\n  background-color: transparent;\r\n  color: #dc3545;\r\n}\r\n\r\n.accordion-button:not(.collapsed) {\r\n  color: #212529;\r\n  background-color: #fff;\r\n  box-shadow: inset 0 -1px 0 rgba(0, 0, 0, 0.125);\r\n}\r\n\t\r\n\t.card-body {\r\n    flex: 1 1 auto;\r\n    padding: 1rem 1rem;\r\n}\r\n\t.card{\r\n\t\tposition: relative;\r\n    display: flex;\r\n    flex-direction: column;\r\n    min-width: 0;\r\n    word-wrap: break-word;\r\n    background-color: #fff;\r\n    background-clip: border-box;\r\n    border: 1px solid rgba(0,0,0,.125);\r\n    border-radius: 0.25rem;\r\n\t}\t\r\n\t\r\n\t.visually-hidden, .visually-hidden-focusable:not(:focus):not(:focus-within) {\r\n    position: absolute!important;\r\n    width: 1px!important;\r\n    height: 1px!important;\r\n    padding: 0!important;\r\n    margin: -1px!important;\r\n    overflow: hidden!important;\r\n    clip: rect(0,0,0,0)!important;\r\n    white-space: nowrap!important;\r\n    border: 0!important;\r\n}\r\n\t\r\n\t.input-group>.form-control, .input-group>.form-select {\r\n    position: relative;\r\n    flex: 1 1 auto;\r\n    width: 1%;\r\n    min-width: 0;\r\n}\r\n\t\r\n\t.input-group {\r\n    position: relative;\r\n    display: flex;\r\n    flex-wrap: wrap;\r\n    align-items: stretch;\r\n    width: 100%;\r\n}\r\n\t.input-group-text {\r\n    display: flex;\r\n    align-items: center;\r\n    padding: 0.375rem 0.75rem;\r\n    font-size: 1rem;\r\n    font-weight: 400;\r\n    line-height: 1.5;\r\n    color: #212529;\r\n    text-align: center;\r\n    white-space: nowrap;\r\n    background-color: #e9ecef;\r\n    border: 1px solid #ced4da;\r\n}\r\n\t\r\n\r\n.btn {\r\n    display: inline-block;\r\n    font-weight: 400;\r\n    line-height: 1.5;\r\n    color: #212529;\r\n    text-align: center;\r\n    text-decoration: none;\r\n    vertical-align: middle;\r\n    cursor: pointer;\r\n    -webkit-user-select: none;\r\n    -moz-user-select: none;\r\n    user-select: none;\r\n    background-color: transparent;\r\n    border: 1px solid transparent;\r\n    padding: 0.375rem 0.75rem;\r\n    font-size: 1rem;\r\n    transition: color .15s ease-in-out,background-color .15s ease-in-out,border-color .15s ease-in-out,box-shadow .15s ease-in-out;\r\n}\r\n\t.btn-success {\r\n    color: #fff !important;\r\n    background-color: #FFB15E !important;\r\n    border-color: #FFB15E !important;\r\n\t\tborder-radius:0px !important;\r\n}\r\n\r\n<\/style>\r\n\r\n      <div class=\"row\">\r\n        <div class=\"offset-md-2 col-md-8\">\r\n          <div class=\"card my-2\">\r\n            <div class=\"card-body\">\r\n              <div id=\"feed-container\" class=\"fs-4\"><\/div>\r\n              <div id=\"feed-spinner\" class=\"text-center\">\r\n                <div class=\"spinner-border\" role=\"status\"><\/div>\r\n              <\/div>\r\n              <div id=\"result-container\" class=\"visually-hidden\">\r\n                <table class=\"table table-borderless m-0\">\r\n                  <tr>\r\n                    <td\r\n                      id=\"result-wpm\"\r\n                      class=\"text-success fs-1 align-middle\"\r\n                      rowspan=\"3\"\r\n                    ><\/td>\r\n                    <th>Accuracy<\/th>\r\n                    <td id=\"result-accuracy\"><\/td>\r\n                    <th>Percentile<\/th>\r\n                    <td id=\"result-percentile\"><\/td>\r\n                  <\/tr>\r\n                  <tr>\r\n                    <th>Correct Keystrokes<\/th>\r\n                    <td id=\"result-correct-keystrokes\"><\/td>\r\n                    <th>Correct words<\/th>\r\n                    <td id=\"result-correct-words\"><\/td>\r\n                  <\/tr>\r\n                  <tr>\r\n                    <th>Wrong Keystrokes<\/th>\r\n                    <td id=\"result-wrong-keystrokes\"><\/td>\r\n                    <th>Wrong words<\/th>\r\n                    <td id=\"result-wrong-words\"><\/td>\r\n                  <\/tr>\r\n                <\/table>\r\n              <\/div>\r\n            <\/div>\r\n          <\/div>\r\n\r\n          <div class=\"input-group mb-5\">\r\n            <input\r\n              id=\"input-typed\"\r\n              type=\"text\"\r\n              class=\"form-control form-control-lg\"\r\n              autofocus\r\n            \/>\r\n            <span id=\"span-timer\" class=\"input-group-text px-4\">01:00<\/span>\r\n            <button\r\n              id=\"button-restart\"\r\n              class=\"btn btn-success px-4\"\r\n              type=\"button\"\r\n            >\r\n              <i class=\"fa fa-repeat\"><\/i>\r\n            <\/button>\r\n          <\/div>\r\n        <\/div>\r\n      <\/div>\r\n      <div class=\"row\">\r\n        <div class=\"offset-md-2 col-md-8\">\r\n\t\t\t<br>\r\n\t\t\t<h4>History<\/h4>\r\n\t\t\t<br>\r\n         \r\n                  <table id=\"table-history\" class=\"table\">\r\n                    <thead>\r\n                      <tr>\r\n                        <th scope=\"col\">WPM<\/th>\r\n                        <th scope=\"col\">Accuracy<\/th>\r\n                        <th scope=\"col\">Percentile<\/th>\r\n                        <th scope=\"col\">Keys<\/th>\r\n                        <th scope=\"col\">Words<\/th>\r\n                        <th scope=\"col\">Time<\/th>\r\n                      <\/tr>\r\n                    <\/thead>\r\n                    <tbody><\/tbody>\r\n                  <\/table>\r\n                \r\n            <\/div>\r\n          <\/div>\r\n  \r\n   \r\n\r\n    <script src=\"https:\/\/ajax.googleapis.com\/ajax\/libs\/jquery\/3.6.0\/jquery.min.js\"><\/script>\r\n    <script src=\"https:\/\/cdnjs.cloudflare.com\/ajax\/libs\/moment.js\/2.29.1\/moment.min.js\"><\/script>\r\n    <script src=\"https:\/\/cpstesters.com\/wp-content\/themes\/generatepress\/tools\/assets\/presentation\/index.js\" type=\"module\"><\/script>\r\n    <script\r\n      src=\"https:\/\/cdn.jsdelivr.net\/npm\/bootstrap@5.0.1\/dist\/js\/bootstrap.bundle.min.js\"\r\n      integrity=\"sha384-gtEjrD\/SeCtmISkJkNUaaKMoLD0\/\/ElJ19smozuHV6z3Iehds+3Ulb9Bn9Plx0x4\"\r\n      crossorigin=\"anonymous\"\r\n    ><\/script>\r\n    <script async defer src=\"https:\/\/buttons.github.io\/buttons.js\"><\/script>\n\n\n\n<p><\/p>\n\n\n\n<h2 class=\"wp-block-heading\">Test delle parole al minuto<\/h2>\n\n\n\n<p>Potrebbe non essere cos\u00ec facile come sembra digitare. Per il test di velocit\u00e0 sono necessarie alcune abilit\u00e0 di digitazione. La persona dovr\u00e0 esercitarsi continuamente. \u00c8 possibile eseguire un test giornaliero di WPM per raggiungere il proprio obiettivo di velocit\u00e0 di battitura. Questo esercizio misura la produzione di parole al minuto.<\/p>\n\n\n\n<p>\u00c8 possibile valutare il proprio livello di competenza dattilografica utilizzando questo strumento di test di dattilografia WPM online. Il test Word per minute non solo determina la vostra capacit\u00e0 di dattilografia al minuto, ma si concentra anche sul miglioramento della precisione. Utilizzando la percentuale di precisione, \u00e8 possibile determinare quante parole sono state scritte in un minuto. L&#8217;esito del test \u00e8 determinato da due variabili. la precisione e la velocit\u00e0 di battitura. \u00c8 bene sapere che anche la divisione di una parola lunga conta.<\/p>\n\n\n\n<p>\u00c8 possibile scegliere tra sei diversi metodi di verifica della velocit\u00e0 di battitura in base alle proprie esigenze. Utilizzate il motore di test da 1 o 2 minuti per valutare la vostra velocit\u00e0 di battitura. Utilizzate l&#8217;esame da 10 o 5 minuti se desiderate esercitarvi nella digitazione.<\/p>\n\n\n\n<h2 class=\"wp-block-heading\">Perch\u00e9 ho bisogno di un test di velocit\u00e0 di battitura?<\/h2>\n\n\n\n<p>In poche parole, il nostro test di dattilografia wpm vi permette di valutare la vostra velocit\u00e0 di battitura nel tempo e vi aiuta a valutare meglio le vostre attuali capacit\u00e0. Si tratta di un passo necessario per sviluppare il vostro pieno potenziale e per determinare quanto tempo dedicare agli esercizi quotidiani di dattilografia.<\/p>\n\n\n\n<p>Ad esempio, si consiglia di valutare le proprie capacit\u00e0 di digitazione prima di passare al metodo di digitazione a 10 dita e iniziare la pratica. In questo modo \u00e8 possibile confrontare i progressi ottenuti con l&#8217;approccio a 10 dita con il metodo di dattilografia precedente ed eseguire ulteriori test di dattilografia utilizzando tutte e dieci le dita.<\/p>\n\n\n<div class=\"wp-block-image\">\n<figure class=\"aligncenter size-full\"><img loading=\"lazy\" decoding=\"async\" width=\"1000\" height=\"500\" src=\"https:\/\/cpstesters.com\/wp-content\/uploads\/2022\/09\/wpm-test_.jpg\" alt=\"Test WPM\" class=\"wp-image-621\" title=\"\" srcset=\"https:\/\/cpstesters.com\/wp-content\/uploads\/2022\/09\/wpm-test_.jpg 1000w, https:\/\/cpstesters.com\/wp-content\/uploads\/2022\/09\/wpm-test_-300x150.jpg 300w, https:\/\/cpstesters.com\/wp-content\/uploads\/2022\/09\/wpm-test_-768x384.jpg 768w\" sizes=\"auto, (max-width: 1000px) 100vw, 1000px\" \/><figcaption class=\"wp-element-caption\">Test WPM<\/figcaption><\/figure>\n<\/div>\n\n\n<p>\u00c8 possibile utilizzare il test di dattilografia per minuto per verificare periodicamente la propria velocit\u00e0 di battitura e osservare i miglioramenti ottenuti con l&#8217;uso quotidiano se si \u00e8 gi\u00e0 a proprio agio con le proprie capacit\u00e0 di dattilografia e non ci si \u00e8 allenati per molto tempo.<\/p>\n\n\n\n<h2 class=\"wp-block-heading\">Test WPM online<\/h2>\n\n\n\n<p>Per valutare la vostra velocit\u00e0 di battitura, utilizzate il nostro test di dattilografia online. Per darvi un modo semplice e veloce di valutare la vostra velocit\u00e0 di battitura, abbiamo creato questo test di dattilografia gratuito. Pu\u00f2 aiutarvi a valutare il vostro sviluppo durante la pratica della dattilografia, dandovi un&#8217;idea di quanto state facendo bene.<\/p>\n\n\n\n<ul class=\"wp-block-list\">\n<li>Con questo strumento \u00e8 possibile sapere esattamente quante parole sono state digitate in un minuto.<\/li>\n\n\n\n<li>Sono disponibili test di base, tradizionali e avanzati.<\/li>\n\n\n\n<li>Lo strumento include un cronometro con vari secondi, nonch\u00e9 la precisione delle parole, il numero di parole digitate in un minuto e il numero totale di errori di battitura.<\/li>\n\n\n\n<li>\u00c8 possibile selezionare una diversa durata dei secondi, ad esempio 1,3,5 secondi.<\/li>\n\n\n\n<li>Per iniziare il test \u00e8 necessario inserire un punteggio iniziale nell&#8217;apposita casella di testo.<\/li>\n\n\n\n<li>La velocit\u00e0 di digitazione viene valutata durante la digitazione.<\/li>\n\n\n\n<li>Allo scadere del timer, \u00e8 possibile visualizzare i risultati. Potete anche condividere i risultati dei test con i vostri amici.<\/li>\n<\/ul>\n\n\n\n<p class=\"has-text-align-center has-base-background-color has-background has-medium-font-size\"><em>\u00c8 possibile verificare la tastiera attraverso il <a href=\"https:\/\/cpstesters.com\/it\/test-della-tastiera\/\" target=\"_blank\" rel=\"noreferrer noopener\">test della tastiera<\/a> online prima del test di dattilografia!<\/em><\/p>\n\n\n\n<h2 class=\"wp-block-heading\">La complessit\u00e0 di tipizzazione<\/h2>\n\n\n\n<p>Un singolo utente pu\u00f2 selezionare qualsiasi livello di complessit\u00e0 di digitazione. L&#8217;utente ha accesso illimitato ed \u00e8 libero di utilizzarlo.<\/p>\n\n\n\n<h3 class=\"wp-block-heading\"><strong>Facile<\/strong><\/h3>\n\n\n\n<p>La scelta di questa modalit\u00e0 aiuter\u00e0 i principianti a esercitarsi con le parole al minuto. \u00c8 un metodo di digitazione semplice e diretto per i nuovi utenti.<\/p>\n\n\n\n<h3 class=\"wp-block-heading\"><strong>Medio<\/strong><\/h3>\n\n\n\n<p>Questa modalit\u00e0 di digitazione \u00e8 un livello pi\u00f9 complesso di Facile. Questa modalit\u00e0 \u00e8 accessibile agli utenti che hanno superato la fase di apprendimento.<\/p>\n\n\n\n<h3 class=\"wp-block-heading\"><strong>Duro<\/strong><\/h3>\n\n\n\n<p>Il livello pi\u00f9 difficile per aumentare il punteggio di battitura \u00e8 Hard. Solo per i professionisti ufficialmente impiegati.<\/p>\n\n\n\n<h2 class=\"wp-block-heading\">Perch\u00e9 la velocit\u00e0 di battitura \u00e8 importante?<\/h2>\n\n\n\n<p>Con la digitazione a sfioramento potete concentrarvi sul vostro compito principale. La produttivit\u00e0 aumenta in modo significativo quando ci si preoccupa meno della velocit\u00e0 di battitura. Si assicura di fornire un risultato migliore e di alto livello. Il vostro lavoro sar\u00e0 molto pi\u00f9 apprezzato e farete molti meno errori di battitura. Sarete in grado di parlare in modo pi\u00f9 chiaro e veloce.<\/p>\n\n\n\n<h2 class=\"wp-block-heading\">Come si pu\u00f2 migliorare la velocit\u00e0 di battitura?<\/h2>\n\n\n\n<p>\u00c8 necessario pensare a un modo per aumentare la velocit\u00e0 di battitura se si vuole migliorare la propria capacit\u00e0 lavorativa. Ma come si fa a farlo?<\/p>\n\n\n\n<p>Ecco alcuni suggerimenti efficaci per migliorare la digitazione:<\/p>\n\n\n\n<h3 class=\"wp-block-heading\"><strong>Metodi di digitazione corretti<\/strong><\/h3>\n\n\n\n<p>\u00c8 possibile migliorare la velocit\u00e0 di battitura adottando pratiche di battitura adeguate. Il metodo di digitazione tattile, che richiede agli utenti di memorizzare i tasti e di mantenere una buona posizione della mano sulla tastiera, \u00e8 raccomandato da diversi specialisti.<\/p>\n\n\n\n<h3 class=\"wp-block-heading\"><strong>Scegliere la tastiera migliore<\/strong><\/h3>\n\n\n\n<p>Per le attivit\u00e0 di digitazione, gli esperti consigliano di utilizzare la tastiera migliore. L&#8217;area principale in cui dovreste sentirvi a vostro agio \u00e8 quella della tastiera.<\/p>\n\n\n\n<h2 class=\"wp-block-heading\">I test di dattilografia online aiutano ad aumentare la velocit\u00e0 di battitura?<\/h2>\n\n\n\n<p>In poche parole, no. Un programma di questo tipo pu\u00f2 solo misurare la velocit\u00e0 di battitura. Per accelerare la digitazione \u00e8 necessario esercitarsi. Naturalmente, potete esercitarvi a dattilografare con questi test di dattilografia online.<\/p>\n\n\n\n<p>Molti di voi si chiederanno perch\u00e9 dovrei aver bisogno di un programma di dattilografia quando ho gi\u00e0 Microsoft Word e posso fare pratica. S\u00ec, si pu\u00f2 fare pratica di dattilografia con qualsiasi programma di elaborazione testi. Tuttavia, consiglio di utilizzare il nostro motore di test di dattilografia online per esercitarsi, in quanto fornisce un rapporto dettagliato di WPM e precisione per aiutarvi a correggere i vostri errori.<\/p>\n\n\n<div class=\"wp-block-image\">\n<figure class=\"aligncenter size-full\"><img loading=\"lazy\" decoding=\"async\" width=\"1000\" height=\"500\" src=\"https:\/\/cpstesters.com\/wp-content\/uploads\/2022\/09\/wpm-test_mid-.jpg\" alt=\"Guida al test di dattilografia\" class=\"wp-image-622\" title=\"\" srcset=\"https:\/\/cpstesters.com\/wp-content\/uploads\/2022\/09\/wpm-test_mid-.jpg 1000w, https:\/\/cpstesters.com\/wp-content\/uploads\/2022\/09\/wpm-test_mid--300x150.jpg 300w, https:\/\/cpstesters.com\/wp-content\/uploads\/2022\/09\/wpm-test_mid--768x384.jpg 768w\" sizes=\"auto, (max-width: 1000px) 100vw, 1000px\" \/><figcaption class=\"wp-element-caption\">Guida al test di dattilografia<\/figcaption><\/figure>\n<\/div>\n\n\n<p>Anche se MS Word offre un rapporto sugli errori, \u00e8 necessario calcolarlo manualmente ogni volta che ci si esercita. E questo potrebbe farvi perdere tutto il vostro interesse per la pratica.<\/p>\n\n\n\n<p>Concentrando tutta la loro attenzione sulla velocit\u00e0, praticamente tutti gli studenti commettono questo errore critico. Sarebbe bello se vi concentraste solo sulla digitazione senza errori.<\/p>\n\n\n\n<p>Tenete presente che la precisione conta pi\u00f9 della velocit\u00e0 di battitura. Per esempio, se il vostro tasso di precisione \u00e8 solo dell&#8217;85% ma la vostra velocit\u00e0 \u00e8 di 100 WPM, vi ci vorr\u00e0 molto tempo per correggere gli errori. Si noter\u00e0 che la velocit\u00e0 di battitura tipica diminuir\u00e0 in modo significativo alla fine.<\/p>\n\n\n\n<h2 class=\"wp-block-heading\">Devo esercitarmi regolarmente nella dattilografia?<\/h2>\n\n\n\n<p>Non c&#8217;\u00e8 niente di meglio delle lezioni quotidiane di dattilografia, questo \u00e8 certo. La chiave per sviluppare le proprie capacit\u00e0 di dattilografia \u00e8 la pratica. La velocit\u00e0 di battitura sar\u00e0 tanto maggiore quanto pi\u00f9 spesso si utilizzer\u00e0 questo test di dattilografia.<\/p>\n\n\n\n<p>Le vostre capacit\u00e0 di scrittura miglioreranno notevolmente se vi eserciterete ripetutamente a digitare per dieci minuti. Il test WPM \u00e8 progettato per supportare la formazione continua dei dattilografi. Monitoriamo il vostro sviluppo in modo che possiate vedere come la vostra abilit\u00e0 e velocit\u00e0 di battitura migliorano nel tempo. Un&#8217;attivit\u00e0 costante \u00e8 essenziale per sviluppare una buona capacit\u00e0 di dattilografia.<\/p>\n\n\n\n<h2 class=\"wp-block-heading\">Vantaggi del test WPM<\/h2>\n\n\n\n<p>Chiunque utilizzi un computer deve saper digitare. \u00c8 possibile concentrarsi sul lavoro con facilit\u00e0, poich\u00e9 la digitazione \u00e8 pi\u00f9 agevole. La concentrazione viene distolta dall&#8217;obiettivo quando si scrive lentamente e si correggono gli errori di battitura. Scoprite quanto siete bravi a digitare con l&#8217;aiuto del nostro test avanzato di dattilografia.<\/p>\n\n\n\n<p>Vi forniamo un feedback approfondito dopo ogni esame. Ha dati sulla vostra velocit\u00e0, sui punti in cui rallentate e sui tipi di errori che commettete. Tutte queste caratteristiche sono essenziali per aumentare la velocit\u00e0.<\/p>\n\n\n\n<p>\u00c8 possibile registrarsi per tenere sotto controllo i propri progressi. \u00c8 possibile controllare i grafici dei progressi e salvare i risultati dei test di dattilografia. La possibilit\u00e0 di inviare messaggi e rispondere a qualsiasi domanda relativa alla dattilografia sul nostro forum \u00e8 disponibile per gli utenti registrati che hanno superato tre o pi\u00f9 valutazioni di dattilografia.<\/p>\n\n\n\n<h2 class=\"wp-block-heading has-text-align-center\">Domande frequenti<\/h2>\n\n\n\n<h3 class=\"wp-block-heading\"><strong>Come posso aumentare la mia velocit\u00e0 di battitura?<\/strong><\/h3>\n\n\n\n<p>Sembra che ci siano due modi per digitare pi\u00f9 velocemente: il metodo pi\u00f9 rapido \u00e8 quello di imparare a digitare correttamente. I giochi di dattilografia sono il secondo approccio per aumentare la velocit\u00e0 di battitura. Giocare con attivit\u00e0 da tastiera come Nitro Type pu\u00f2 migliorare la velocit\u00e0 di battitura e aumentare il punteggio in parole al minuto.<\/p>\n\n\n\n<h3 class=\"wp-block-heading\"><strong>Qual \u00e8 la velocit\u00e0 media di battitura?<\/strong><\/h3>\n\n\n\n<p>La velocit\u00e0 media di battitura \u00e8 di 40 parole al minuto (wpm). Se volete essere estremamente produttivi, cercate una velocit\u00e0 di battitura di 65-70 parole al minuto.<\/p>\n\n\n\n<h3 class=\"wp-block-heading\"><strong>Come ci si esercita per il test di dattilografia?<\/strong><\/h3>\n\n\n\n<p>Per aumentare la velocit\u00e0 di battitura, si possono seguire le tecniche indicate. Una pratica regolare della tastiera, rispettando particolari regole di battitura, \u00e8 una scelta saggia.<\/p>\n\n\n\n<h3 class=\"wp-block-heading\"><strong>Quanto sono buoni 32 WPM?<\/strong><\/h3>\n\n\n\n<p>\u00c8 superiore al 7,13% di tutti i nostri utenti. La forza del core \u00e8 la chiave per la digitazione a tocco, quindi pi\u00f9 si digita, pi\u00f9 si diventa veloci.<\/p>\n\n\n\n<h3 class=\"wp-block-heading\"><strong>Digitare a 100 parole al minuto \u00e8 una buona cosa?<\/strong><\/h3>\n\n\n\n<p>Probabilmente sei un giocatore, un hacker o un genio se riesci a digitare a 90 parole al minuto. In ogni caso, stai andando benissimo! 100 parole al minuto o pi\u00f9: Appartenete al top 1% dei dattilografi!<\/p>\n\n\n\n<h3 class=\"wp-block-heading\"><strong>Qual \u00e8 la velocit\u00e0 di battitura pi\u00f9 alta che qualcuno ha raggiunto?<\/strong><\/h3>\n\n\n\n<p>La macchina da scrivere pi\u00f9 veloce del mondo, secondo il Guinness World Records, \u00e8 Barbara Blackburn, che riesce a digitare alla velocit\u00e0 di 212 WPM. La dattilografa pi\u00f9 veloce, secondo IBM Corp., \u00e8 Stella Pajunas Garnand, che pu\u00f2 digitare 216 parole in un minuto. Ha registrato questa canzone nel 1946.<\/p>\n\n\n\n<h3 class=\"wp-block-heading\"><strong>Come si fa a digitare pi\u00f9 velocemente?<\/strong><\/h3>\n\n\n\n<p>Se si vuole scrivere pi\u00f9 rapidamente, \u00e8 necessario imparare a posturarsi correttamente, a usare tutte le dita, a premere i tasti giusti senza sbirciare e a prevenire gli errori. Se non avete appreso nessuna di queste abilit\u00e0, potrete trarre vantaggio dalla formazione sulla dattilografia.<\/p>\n\n\n\n<h3 class=\"wp-block-heading\"><strong>Come posso trovare il mio numero di parole al minuto?<\/strong><\/h3>\n\n\n\n<p>Il test delle parole al minuto, o WPM, \u00e8 il modo pi\u00f9 semplice per valutare la velocit\u00e0 di battitura. La &#8220;parola&#8221; \u00e8 composta in media da 5 caratteri. Per determinare il numero di WPM \u00e8 sufficiente dividere per cinque il numero di parole digitate in un minuto senza errori di battitura. La velocit\u00e0 di battitura sarebbe di 20 WPM, ad esempio, se si dovessero scrivere 100 parole al minuto, spazi inclusi.<\/p>\n\n\n\n<p>Altri strumenti per la tastiera:<\/p>\n\n\n\n<ul class=\"wp-block-list\">\n<li><a href=\"https:\/\/cpstesters.com\/it\/spacebar-counter\/\" target=\"_blank\" rel=\"noreferrer noopener\">Barra spaziatrice Contatore<\/a><\/li>\n\n\n\n<li><a href=\"https:\/\/cpstesters.com\/it\/contatore-della-tastiera\/\" target=\"_blank\" rel=\"noreferrer noopener\">Contatore della tastiera<\/a><\/li>\n\n\n\n<li><a href=\"https:\/\/cpstesters.com\/it\/tester-per-tastiera-mac\/\" target=\"_blank\" rel=\"noreferrer noopener\">Tester per tastiera Mac<\/a><\/li>\n\n\n\n<li><a href=\"https:\/\/cpstesters.com\/it\/key-rollover-test\/\">Test di ribaltamento dei tasti<\/a><\/li>\n\n\n\n<li><a href=\"https:\/\/cpstesters.com\/it\/test-della-latenza-della-tastiera\/\" target=\"_blank\" rel=\"noreferrer noopener\">Test della latenza della tastiera<\/a><\/li>\n\n\n\n<li><a href=\"https:\/\/cpstesters.com\/it\/test-della-tastiera-meccanica\/\" target=\"_blank\" rel=\"noreferrer noopener\">Test della tastiera meccanica<\/a><\/li>\n<\/ul>\n","protected":false},"excerpt":{"rendered":"<p>Il test WPM \u00e8 stato sviluppato per valutare l&#8217;abilit\u00e0 e la velocit\u00e0 delle parole al minuto. \u00c8 possibile esercitarsi con la digitazione a tocco oltre &#8230; <\/p>\n<p class=\"read-more-container\"><a title=\"Test di dattilografia per parole al minuto online\" class=\"read-more button\" href=\"https:\/\/cpstesters.com\/it\/wpm-test\/#more-2526\" aria-label=\"Per saperne di pi\u00f9 su Test di dattilografia per parole al minuto online\">Read More<\/a><\/p>\n","protected":false},"author":4,"featured_media":1690,"parent":0,"menu_order":0,"comment_status":"closed","ping_status":"closed","template":"","meta":{"footnotes":""},"class_list":["post-2526","page","type-page","status-publish","has-post-thumbnail"],"_links":{"self":[{"href":"https:\/\/cpstesters.com\/it\/wp-json\/wp\/v2\/pages\/2526","targetHints":{"allow":["GET"]}}],"collection":[{"href":"https:\/\/cpstesters.com\/it\/wp-json\/wp\/v2\/pages"}],"about":[{"href":"https:\/\/cpstesters.com\/it\/wp-json\/wp\/v2\/types\/page"}],"author":[{"embeddable":true,"href":"https:\/\/cpstesters.com\/it\/wp-json\/wp\/v2\/users\/4"}],"replies":[{"embeddable":true,"href":"https:\/\/cpstesters.com\/it\/wp-json\/wp\/v2\/comments?post=2526"}],"version-history":[{"count":10,"href":"https:\/\/cpstesters.com\/it\/wp-json\/wp\/v2\/pages\/2526\/revisions"}],"predecessor-version":[{"id":6296,"href":"https:\/\/cpstesters.com\/it\/wp-json\/wp\/v2\/pages\/2526\/revisions\/6296"}],"wp:featuredmedia":[{"embeddable":true,"href":"https:\/\/cpstesters.com\/it\/wp-json\/wp\/v2\/media\/1690"}],"wp:attachment":[{"href":"https:\/\/cpstesters.com\/it\/wp-json\/wp\/v2\/media?parent=2526"}],"curies":[{"name":"wp","href":"https:\/\/api.w.org\/{rel}","templated":true}]}}