{"id":2523,"date":"2024-07-16T14:19:36","date_gmt":"2024-07-16T14:19:36","guid":{"rendered":"https:\/\/cpstesters.com\/test-di-ribaltamento-dei-tasti-tester-n-key-rollover-nkro\/"},"modified":"2024-09-17T14:51:13","modified_gmt":"2024-09-17T14:51:13","slug":"key-rollover-test","status":"publish","type":"page","link":"https:\/\/cpstesters.com\/it\/key-rollover-test\/","title":{"rendered":"Test di ribaltamento dei tasti | Tester N-Key Rollover NKRO"},"content":{"rendered":"\n<p>Il nostro test di rotazione dei tasti vi aiuter\u00e0 a verificare quanti tasti potete registrare sulla vostra tastiera meccanica!<\/p>\n<style>\r\n\ttable{\r\n\t\tbackground: #FFB15E;\r\n    color: white;\r\n    text-align: center;\t\r\n\t}\r\n\ttable td{\r\n\t\tfont-size:25px;\t\r\n\t}\r\n<\/style>\r\n\r\n<script type=\"text\/javascript\">\r\nvar keys = [];\r\nvar order = [];\r\n\r\nfunction getkeyname(keycode) {\r\n\tif(keycode >= 65 && keycode <= 90) {\r\n\t\treturn String.fromCharCode(keycode);\r\n\t}\r\n\tif(keycode >= 48 && keycode <= 57) return keycode - 48;\r\n\tif(keycode == 8) return \"&lt;BACKSPACE&gt;\";\r\n\tif(keycode == 9) return \"&lt;TAB&gt;\";\r\n\tif(keycode == 12) return \"&lt;NUM5&gt;\";\r\n\tif(keycode == 13) return \"&lt;ENTER&gt;\";\r\n\tif(keycode == 16) return \"&lt;SHIFT&gt;\";\r\n\tif(keycode == 17) return \"&lt;CTRL&gt;\";\r\n\tif(keycode == 18) return \"&lt;ALT&gt;\";\r\n\tif(keycode == 19) return \"&lt;PAUSE&gt;\";\r\n\tif(keycode == 20) return \"&lt;CAPSLOCK&gt;\";\r\n\tif(keycode == 27) return \"&lt;ESC&gt;\";\r\n\tif(keycode == 32) return \"&lt;SPACE&gt;\";\r\n\tif(keycode == 33) return \"&lt;PAGEUP&gt;\";\r\n\tif(keycode == 34) return \"&lt;PAGEDOWN&gt;\";\r\n\tif(keycode == 35) return \"&lt;END&gt;\";\r\n\tif(keycode == 36) return \"&lt;HOME&gt;\";\r\n\tif(keycode == 37) return \"&lt;LEFTARROW&gt;\";\r\n\tif(keycode == 38) return \"&lt;UPARROW&gt;\";\r\n\tif(keycode == 39) return \"&lt;RIGHTARROW&gt;\";\r\n\tif(keycode == 40) return \"&lt;DOWNARROW&gt;\";\r\n\tif(keycode == 45) return \"&lt;INSERT&gt;\";\r\n\tif(keycode == 46) return \"&lt;DELETE&gt;\";\r\n\tif(keycode == 59) return \";\";\r\n\tif(keycode == 91) return \"&lt;LEFTWINDOWS&gt;\";\r\n\tif(keycode == 92) return \"&lt;RIGHTWINDOWS&gt;\";\r\n\tif(keycode == 93) return \"&lt;MENU&gt;\";\r\n\tif(keycode >= 96 && keycode <= 105) return \"&lt;NUM\" + (keycode - 96) + \"&gt;\";\r\n\tif(keycode == 106) return \"&lt;MULTIPLY&gt;\";\r\n\tif(keycode == 107) return \"&lt;ADD&gt;\";\r\n\tif(keycode == 109) return \"&lt;SUBTRACT&gt;\";\r\n\tif(keycode == 110) return \"&lt;DECIMAL&gt;\";\r\n\tif(keycode == 111) return \"&lt;DIVIDE&gt;\";\r\n\tif(keycode >= 112 && keycode <= 123) return \"&lt;F\" + (keycode - 111) + \"&gt;\";\r\n\tif(keycode == 144) return \"&lt;NUMLOCK&gt;\";\r\n\tif(keycode == 145) return \"&lt;SCROLLLOCK&gt;\";\r\n\tif(keycode == 186) return \"&lt;SEMICOLON&gt;\";\r\n\tif(keycode == 187) return \"&lt;EQUALS&gt;\";\r\n\tif(keycode == 188) return \",\";\r\n\tif(keycode == 189) return \"&lt;DASH&gt;\";\r\n\tif(keycode == 190) return \".\";\r\n\tif(keycode == 191) return \"\/\";\r\n\tif(keycode == 192) return \"&lt;BACKTICK&gt;\";\r\n\tif(keycode == 219) return \"[\";\r\n\tif(keycode == 220) return \"\\\\\";\r\n\tif(keycode == 221) return \"]\";\r\n\tif(keycode == 222) return \"'\";\r\n\treturn \"&lt;\" + keycode + \"&gt;\";\r\n}\r\n\r\n\/\/This prototype is provided by the Mozilla foundation and\r\n\/\/is distributed under the MIT license.\r\n\/\/http:\/\/www.ibiblio.org\/pub\/Linux\/LICENSES\/mit.license\r\nif (!Array.prototype.map)\r\n{\r\n  Array.prototype.map = function(fun \/*, thisp*\/)\r\n  {\r\n    var len = this.length;\r\n    if (typeof fun != \"function\")\r\n      throw new TypeError();\r\n\r\n    var res = new Array(len);\r\n    var thisp = arguments[1];\r\n    for (var i = 0; i < len; i++)\r\n    {\r\n      if (i in this)\r\n        res[i] = fun.call(thisp, this[i], i, this);\r\n    }\r\n\r\n    return res;\r\n  };\r\n}\r\n\r\nfunction update() {\r\n\tdocument.getElementById('disp').innerHTML = order.map(getkeyname).join(\"\");\r\n\tdocument.getElementById('count').innerHTML = order.length;\r\n}\r\n\r\nfunction remove(which) {\r\n\tfor(var i = 0; i < order.length; i++) {\r\n\t\tif(order[i] == which) {\r\n\t\t\torder.splice(i, 1);\r\n\t\t\treturn;\r\n\t\t}\r\n\t}\r\n}\r\n\r\nfunction getkeycode(e) {\r\n\tvar keycode;\r\n\tif (window.event) keycode = window.event.keyCode;\r\n\telse if (e) keycode = e.which;\r\n\treturn keycode;\r\n}\r\n\r\njQuery(\"body\").keyup(function(){\r\n\tc=getkeycode(event); keys[c] = ''; remove(c); update();\r\n});\r\njQuery(\"body\").keydown(function(){\r\n\tc=getkeycode(event); if(keys[c] == c) return \r\nfalse; keys[c] = c; order[order.length] = c; update(); return false;\r\n});\r\n\t\r\n<\/script>\r\n\r\n<p>Directions: Type some keys.<p>\r\n\r\n<table border = 1 width=500>\r\n<tr><td>\r\n<p><br><\/p>\r\n Keys accepted: <span id=\"disp\"><\/span><br>\r\n Count: <span id=\"count\"><\/span><br>\r\n<p><br><\/p>\r\n\r\n<\/td><\/tr><\/table>\n\n<p><\/p>\n\n<div style=\"height:5px\" aria-hidden=\"true\" class=\"wp-block-spacer\"><\/div>\n\n<h2 class=\"wp-block-heading\">Che cos&#8217;\u00e8 il Key Rollover?<\/h2>\n\n<p>Il numero di tasti che una tastiera pu\u00f2 registrare contemporaneamente viene definito key rollover. Quando si scrive x-key rollover (dove x \u00e8 un numero), la x indica il numero massimo di tasti utilizzabili. Pertanto, \u00e8 garantito che ogni combinazione di x chiavi casuali funzioner\u00e0 come previsto.<\/p>\n\n<p>Una tastiera senza alcuna restrizione viene definita &#8220;N-key rollover&#8221;, ovvero \u00e8 possibile premere tutti i tasti contemporaneamente.<\/p>\n\n<h2 class=\"wp-block-heading\">Test di ribaltamento dei tasti<\/h2>\n\n<p>Il test di ribaltamento della tastiera viene utilizzato per verificare il numero di tasti che una tastiera pu\u00f2 registrare contemporaneamente. Ad esempio, il rollover a 6 tasti consente di premere contemporaneamente sei tasti qualsiasi e di registrarli tutti correttamente. Si noti che non vi \u00e8 alcuna garanzia che anche le combinazioni con pi\u00f9 di sei tasti funzionino, pertanto non vi \u00e8 un limite massimo.<\/p>\n\n<p>Anche se la maggior parte dei produttori si attiene al riepilogo definito per il rollover delle chiavi, alcuni hanno utilizzato conteggi piuttosto insoliti per ottenere un valore maggiore di rollover delle chiavi. Il conteggio del <a href=\"https:\/\/www.tomshardware.com\/reviews\/-n-key-rollover-nkro-definition,5751.html\" target=\"_blank\" rel=\"noreferrer noopener\">rollover dei tasti<\/a> comuni \u00e8 uno di questi approcci alternativi che incorpora, ad esempio, le possibili combinazioni di tasti per i tasti di modifica (Ctrl, Alt, Shift, ecc.). Questo ovviamente non corrisponde alla descrizione.<\/p>\n<div class=\"wp-block-image\">\n<figure class=\"aligncenter size-full\"><img loading=\"lazy\" decoding=\"async\" width=\"1000\" height=\"500\" src=\"https:\/\/cpstesters.com\/wp-content\/uploads\/2022\/09\/Keyboard-Rollover-Test-1.jpg\" alt=\"Test di ribaltamento dei tasti\" class=\"wp-image-626\" title=\"\" srcset=\"https:\/\/cpstesters.com\/wp-content\/uploads\/2022\/09\/Keyboard-Rollover-Test-1.jpg 1000w, https:\/\/cpstesters.com\/wp-content\/uploads\/2022\/09\/Keyboard-Rollover-Test-1-300x150.jpg 300w, https:\/\/cpstesters.com\/wp-content\/uploads\/2022\/09\/Keyboard-Rollover-Test-1-768x384.jpg 768w\" sizes=\"auto, (max-width: 1000px) 100vw, 1000px\" \/><figcaption class=\"wp-element-caption\">Test di ribaltamento dei tasti<\/figcaption><\/figure>\n<\/div>\n<p class=\"has-text-align-center has-base-background-color has-background has-medium-font-size\"><em>Prima di controllare questo, potete anche verificare la vostra digitazione attraverso il <a href=\"https:\/\/cpstesters.com\/it\/test-wpm\/\" target=\"_blank\" rel=\"noreferrer noopener\">test delle parole al minuto<\/a>!<\/em><\/p>\n\n<h2 class=\"wp-block-heading\">Come testare NKRO sulla tastiera?<\/h2>\n\n<p>\u00c8 possibile eseguire il test di ribaltamento dei tasti o NKRO utilizzando un programma di testo come Microsoft Word e consultando i requisiti del produttore per verificare il rollover dei tasti della tastiera.<\/p>\n\n<p>Iniziate premendo contemporaneamente due tasti, annotando i tasti che state premendo. Quindi, salite di un tasto e fate corrispondere i risultati alla pressione dei tasti visualizzata sullo schermo.<\/p>\n\n<p>Assicurarsi che NKRO sia attivato se si prevede NKRO dalla tastiera ma non viene visualizzato il numero corretto di battute. Su alcune tastiere, per attivare la funzione NKRO \u00e8 necessario premere una determinata combinazione di tasti o attivare il software della tastiera.<\/p>\n\n<h2 class=\"wp-block-heading has-text-align-center\">Domande frequenti<\/h2>\n\n<h3 class=\"wp-block-heading\"><strong>Qual \u00e8 il rollover della mia tastiera?<\/strong><\/h3>\n\n<p>Premere i tasti tre, quattro e cinque tutti insieme per verificare il numero di rollover. La tastiera ha un rollover se sullo schermo sono visualizzati contemporaneamente molti tasti.<\/p>\n\n<h3 class=\"wp-block-heading\"><strong>Come posso testare la mia tastiera rollover?<\/strong><\/h3>\n\n<p>Per verificare il rollover della vostra tastiera, provate il nostro test online sul rollover dei tasti. \u00c8 l&#8217;approccio pi\u00f9 rapido e diretto per mostrare risultati precisi.<\/p>\n\n<h3 class=\"wp-block-heading\"><strong>Che cos&#8217;\u00e8 un buon key rollover?<\/strong><\/h3>\n\n<p>Per la digitazione \u00e8 consigliato il rollover a 2 tasti. Per il gioco d&#8217;azzardo si consiglia il rollover di sei chiavi. Nei giochi, \u00e8 molto probabile che si verifichino rapidamente combinazioni di tasti che non funzionano e che, di conseguenza, si abbia un&#8217;esperienza di gioco penosa.<\/p>\n\n<h3 class=\"wp-block-heading\"><strong>Il rollover di 6 chiavi \u00e8 sufficiente per il gioco?<\/strong><\/h3>\n\n<p>Le migliori tastiere da gioco includono almeno un 6 tasti Rollover per evitare il ghosting. Molti giocatori e altri utenti che digitano velocemente possono utilizzare l&#8217;ampia capacit\u00e0 di battitura simultanea di 6KRO.<\/p>\n\n<h3 class=\"wp-block-heading\"><strong>Tutte le tastiere meccaniche sono N-key rollover?<\/strong><\/h3>\n\n<p>Le tastiere a membrana non sono riconosciute come dotate di n-key rollover a causa delle limitazioni nella loro costruzione, mentre le tastiere meccaniche lo sono.<\/p>\n\n<p>Controllate anche questi strumenti:<\/p>\n\n<ul class=\"wp-block-list\">\n<li><a href=\"https:\/\/cpstesters.com\/it\/\" target=\"_blank\" rel=\"noreferrer noopener\">Test dei clic al secondo<\/a><\/li>\n\n\n\n<li><a href=\"https:\/\/cpstesters.com\/it\/test-di-latenza-della-tastiera\/\" target=\"_blank\" rel=\"noreferrer noopener\">Test della latenza della tastiera<\/a><\/li>\n\n\n\n<li><a href=\"https:\/\/cpstesters.com\/it\/contatore-di-barre-spaziali\/\" target=\"_blank\" rel=\"noreferrer noopener\">Barra spaziatrice Contatore<\/a><\/li>\n\n\n\n<li><a href=\"https:\/\/cpstesters.com\/it\/test-della-tastiera\/\" target=\"_blank\" rel=\"noreferrer noopener\">Test della tastiera online<\/a><\/li>\n\n\n\n<li><a href=\"https:\/\/cpstesters.com\/it\/tester-tastiera-mac\/\" target=\"_blank\" rel=\"noreferrer noopener\">Tester per tastiera Mac<\/a><\/li>\n<\/ul>\n","protected":false},"excerpt":{"rendered":"<p>Il nostro test di rotazione dei tasti vi aiuter\u00e0 a verificare quanti tasti potete registrare sulla vostra tastiera meccanica! Che cos&#8217;\u00e8 il Key Rollover? Il &#8230; <\/p>\n<p class=\"read-more-container\"><a title=\"Test di ribaltamento dei tasti | Tester N-Key Rollover NKRO\" class=\"read-more button\" href=\"https:\/\/cpstesters.com\/it\/key-rollover-test\/#more-2523\" aria-label=\"Per saperne di pi\u00f9 su Test di ribaltamento dei tasti | Tester N-Key Rollover NKRO\">Read More<\/a><\/p>\n","protected":false},"author":4,"featured_media":1714,"parent":0,"menu_order":0,"comment_status":"closed","ping_status":"closed","template":"","meta":{"footnotes":""},"class_list":["post-2523","page","type-page","status-publish","has-post-thumbnail"],"_links":{"self":[{"href":"https:\/\/cpstesters.com\/it\/wp-json\/wp\/v2\/pages\/2523","targetHints":{"allow":["GET"]}}],"collection":[{"href":"https:\/\/cpstesters.com\/it\/wp-json\/wp\/v2\/pages"}],"about":[{"href":"https:\/\/cpstesters.com\/it\/wp-json\/wp\/v2\/types\/page"}],"author":[{"embeddable":true,"href":"https:\/\/cpstesters.com\/it\/wp-json\/wp\/v2\/users\/4"}],"replies":[{"embeddable":true,"href":"https:\/\/cpstesters.com\/it\/wp-json\/wp\/v2\/comments?post=2523"}],"version-history":[{"count":4,"href":"https:\/\/cpstesters.com\/it\/wp-json\/wp\/v2\/pages\/2523\/revisions"}],"predecessor-version":[{"id":4224,"href":"https:\/\/cpstesters.com\/it\/wp-json\/wp\/v2\/pages\/2523\/revisions\/4224"}],"wp:featuredmedia":[{"embeddable":true,"href":"https:\/\/cpstesters.com\/it\/wp-json\/wp\/v2\/media\/1714"}],"wp:attachment":[{"href":"https:\/\/cpstesters.com\/it\/wp-json\/wp\/v2\/media?parent=2523"}],"curies":[{"name":"wp","href":"https:\/\/api.w.org\/{rel}","templated":true}]}}