{"id":2394,"date":"2024-07-16T14:22:16","date_gmt":"2024-07-16T14:22:16","guid":{"rendered":"https:\/\/cpstesters.com\/test-manuale-dei-clic-per-verificare-la-velocita-del-cps\/"},"modified":"2024-09-17T15:19:10","modified_gmt":"2024-09-17T15:19:10","slug":"test-manuale-dei-clic","status":"publish","type":"page","link":"https:\/\/cpstesters.com\/it\/test-manuale-dei-clic\/","title":{"rendered":"Test manuale dei clic per verificare la velocit\u00e0 del CPS"},"content":{"rendered":"\n<p>Il test manuale dei clic \u00e8 un gioco di clic che serve a contare i clic nell&#8217;intervallo di tempo manuale definito dall&#8217;utente.<\/p>\n     \r\n<div class=\"row\">\r\n\t<div class=\"col-md-4\">\r\n\r\n\t\t\r\n\t\t\r\n\t\t<div class=\"side_nav\">\r\n            \r\n            \r\n            <ul class=\"time\">\r\n            <li>\r\n            <span data-time=\"1.00\">1 Second Test<\/span>\r\n            <\/li><li>\r\n           <span data-time=\"2.00\">2 Second Test<\/span>\r\n            <\/li><li>\r\n         <span data-time=\"5.00\">5 Second Test<\/span>\r\n            <\/li><li>\r\n\t\t\t<span data-time=\"10.00\">10 Second Test<\/span>\r\n            <\/li><li>\r\n            <span data-time=\"15.00\">15 Second Test<\/span>\r\n            <\/li>\r\n\t\t\t<li>\r\n            <span data-time=\"30.00\">30 Second Test<\/span>\r\n            <\/li>\r\n\t\t\t\t<li>\r\n            <span data-time=\"60.00\">60 Second Test<\/span>\r\n            <\/li>\r\n\t\t\t\t<li>\r\n            <span data-time=\"100.00\">100 Second Test<\/span>\r\n            <\/li>\r\n\t\t\t\r\n\t\t\t\r\n\t\t\t<\/ul>\r\n            <\/div>\r\n\t\t\r\n\t\t\r\n\t<\/div>\r\n\t<div class=\"col-md-8\">\r\n\t\t<section class=\"section section--full js-section-full section--click\">\r\n               <div class=\"container\">\r\n\t\t\t\t   \r\n\t\t\t\t         <div class=\"setting\">\r\n    <div class=\"theme-mode\"><a class=\"theme-mode__switch js-switch\" href=\"javascript:void(0);\"><\/a>\r\n        <div class=\"theme-mode__text\">Light \/ Dark mode<\/div>\r\n    <\/div>\r\n\t\t\t\t\t\t\t \r\n\t\t<div class=\"manual-form\">\r\n\t\t\t<input id=\"manual_seconds\" type=\"number\" placeholder=\"Seconds\">\r\n\t\t\t<button id=\"start_manual\">Start<\/button>\r\n\t\t\t\t\t\t\t <\/div>\r\n\t\t\t\t\t\t\t \r\n<\/div>\r\n\t\t\t\t   \r\n\t\t\t\t   \r\n                  <div class=\"statistics\">\r\n                     <div class=\"statistics__item statistics__item--timer\">\r\n                        <div class=\"statistics__number\">\r\n                           <span class=\"js-time number_timer\">5.00<\/span>\r\n                           <a class=\"statistics__arrow statistics__arrow--up js-time-up\" href=\"javascript:void(0);\">\r\n                              <svg class=\"icon icon-arrow-up \">\r\n                                 <use xlink:href=\"\/wp-content\/themes\/generatepress\/tools\/assets\/img\/spritesvg.svg#arrow-up\"><\/use>\r\n                              <\/svg>\r\n                           <\/a>\r\n                           <a class=\"statistics__arrow statistics__arrow--down js-time-down\" href=\"javascript:void(0);\">\r\n                              <svg class=\"icon icon-arrow-up \">\r\n                                 <use xlink:href=\"\/wp-content\/themes\/generatepress\/tools\/assets\/img\/spritesvg.svg#arrow-up\"><\/use>\r\n                              <\/svg>\r\n                           <\/a>\r\n                        <\/div>\r\n                        <div class=\"statistics__title\">Timer<\/div>\r\n                     <\/div>\r\n                     <div class=\"statistics__item statistics__item--clicks\">\r\n                        <div class=\"statistics__number number_clicks js-speed\">0.00<\/div>\r\n                        <div class=\"statistics__title\">Clicks \/ s<\/div>\r\n                     <\/div>\r\n                     <div class=\"statistics__item statistics__item--score\">\r\n                        <div class=\"statistics__number number_score js-score\">0<\/div>\r\n                        <div class=\"statistics__title\">Score<\/div>\r\n                     <\/div>\r\n                  <\/div>\r\n                  <div class=\"clicks-zone\">\r\n                     <div class=\"clicks-zone__start js-clicks-start\">\r\n                        <svg class=\"icon icon-click \">\r\n                           <use xlink:href=\"\/wp-content\/themes\/generatepress\/tools\/assets\/img\/spritesvg.svg#click\"><\/use>\r\n                        <\/svg>\r\n                        <div class=\"clicks-zone__start-title\">\u0421lick here to start cps test<\/div>\r\n                     <\/div>\r\n                     <div class=\"clicks-zone__clicks js-clicks\"><\/div>\r\n                     <div class=\"clicks-zone__result result-clicks js-clicks-result\">\r\n                        <div class=\"result-clicks__title rank-wrapper\"><\/div>\r\n                        <div class=\"result-clicks__text\">Your CPS result is <span class=\"speed js-stat-speed\"><\/span> (<span class=\"clicks js-stat-clicks\"><\/span> Clicks in <span class=\"time js-stat-time\"><\/span> Seconds)<\/div>\r\n                        <div class=\"result-clicks__img\"><img><\/div>\r\n                        <a class=\"result-clicks__btn js-try-again\" href=\"javascript:void(0);\">\r\n                           <svg class=\"icon icon-again \">\r\n                              <use xlink:href=\"\/wp-content\/themes\/generatepress\/tools\/assets\/img\/spritesvg.svg#again\"><\/use>\r\n                           <\/svg>\r\n                           Restart\r\n                        <\/a>\r\n                        <div class=\"result-clicks__share\">\r\n                           <div class=\"result-clicks__share-title\">Share your result with friends!<\/div>\r\n                           <div class=\"share-buttons\">\r\n                              <a class=\"share-button facebook\" data-href=\"https:\/\/www.facebook.com\/sharer\/sharer.php?u=https:\/\/cpstesters.com\/\" target=\"_blank\" onclick=\"goclicky(this); return false;\" rel=\"noopener\">Facebook<\/a>\r\n                              <a class=\"share-button twitter\" data-href=\"http:\/\/www.twitter.com\/share?url=https:\/\/cpstesters.com\/&text=[text]\" target=\"_blank\" onclick=\"goclicky(this); return false;\" rel=\"noopener\">Twitter<\/a>\r\n                              <a class=\"share-button whatsapp\" data-href=\"https:\/\/api.whatsapp.com\/send?text=[text]\" target=\"_blank\" onclick=\"goclicky(this); return false;\" rel=\"noopener\">WhatsApp<\/a>\r\n                              <a class=\"share-button reddit\" data-href=\"http:\/\/www.reddit.com\/submit?url=https:\/\/cpstesters.com\/&title=[text]\" target=\"_blank\" onclick=\"goclicky(this); return false;\" rel=\"noopener\">Reddit<\/a>\r\n                           <\/div>\r\n                        <\/div>\r\n                     <\/div>\r\n                  <\/div>\r\n                  <img decoding=\"async\" src=\"\/wp-content\/themes\/generatepress\/tools\/assets\/img\/test_result\/3\/1.png\" style=\"display: none\" alt=\"\" title=\"\">\r\n                  <img decoding=\"async\" src=\"\/wp-content\/themes\/generatepress\/tools\/assets\/img\/test_result\/5\/1.png\" style=\"display: none\" alt=\"\" title=\"\">\r\n                  <img decoding=\"async\" src=\"\/wp-content\/themes\/generatepress\/tools\/assets\/img\/test_result\/1\/1.png\" style=\"display: none\" alt=\"\" title=\"\">\r\n                  <img decoding=\"async\" src=\"\/wp-content\/themes\/generatepress\/tools\/assets\/img\/test_result\/2\/1.png\" style=\"display: none\" alt=\"\" title=\"\">\r\n                  <img decoding=\"async\" src=\"\/wp-content\/themes\/generatepress\/tools\/assets\/img\/test_result\/0\/1.png\" style=\"display: none\" alt=\"\" title=\"\">\r\n                  <img decoding=\"async\" src=\"\/wp-content\/themes\/generatepress\/tools\/assets\/img\/test_result\/6\/1.png\" style=\"display: none\" alt=\"\" title=\"\">\r\n                  <img decoding=\"async\" src=\"\/wp-content\/themes\/generatepress\/tools\/assets\/img\/test_result\/7\/1.png\" style=\"display: none\" alt=\"\" title=\"\">\r\n                  <img decoding=\"async\" src=\"\/wp-content\/themes\/generatepress\/tools\/assets\/img\/test_result\/4\/1.png\" style=\"display: none\" alt=\"\" title=\"\">\r\n                  <script>\r\n                     var test_result = {\"ratings\":{\"min\":0,\"max\":5},\"rating_ranks\":[\"Your Rank is Snail!\",\"Your Rank is Koala!\",\"Your Rank is Turtle!\",\"Your Rank is Panda!\",\"Your Rank is Hare!\",\"Your Rank is Kangaroo!\",\"Your Rank is Panther!\",\"Your Rank is Cheetah!\"],\"cps_scale\":[[0,1],[1,3],[3,5],[5,7],[7,9],[9,10],[10,12],[12,999]],\"files\":{\"3\":[\"\\\/wp-content\\\/themes\\\/generatepress\\\/tools\\\\assets\\\/img\\\/test_result\\\/3\\\/1.png\"],\"5\":[\"\\\/wp-content\\\/themes\\\/generatepress\\\/tools\\\\assets\\\/img\\\/test_result\\\/5\\\/1.png\"],\"1\":[\"\\\/wp-content\\\/themes\\\/generatepress\\\/tools\\\\assets\\\/img\\\/test_result\\\/1\\\/1.png\"],\"2\":[\"\\\/wp-content\\\/themes\\\/generatepress\\\/tools\\\\assets\\\/img\\\/test_result\\\/2\\\/1.png\"],\"0\":[\"\\\/wp-content\\\/themes\\\/generatepress\\\/tools\\\\assets\\\/img\\\/test_result\\\/0\\\/1.png\"],\"6\":[\"\\\/wp-content\\\/themes\\\/generatepress\\\/tools\\\\assets\\\/img\\\/test_result\\\/6\\\/1.png\"],\"7\":[\"\\\/wp-content\\\/themes\\\/generatepress\\\/tools\\\\assets\\\/img\\\/test_result\\\/7\\\/1.png\"],\"4\":[\"\\\/wp-content\\\/themes\\\/generatepress\\\/tools\\\\assets\\\/img\\\/test_result\\\/4\\\/1.png\"]}};\r\n                     var language = {\"code\":\"en\",\"name\":\"English\",\"prefix\":\"\"};\r\n                     var monitoringClickEvent = 'left';\r\n                     var shareTextDefault = 'My Manual Click Test result is {speed} ({clicks} Clicks in {time} Seconds)';\r\n                  <\/script>        \r\n               <\/div>\r\n            <\/section>\r\n\t\t\r\n\t<\/div>\r\n<\/div>\r\n\r\n    <script src=\"\/wp-content\/themes\/generatepress\/tools\/assets\/js\/libs.min.js\"><\/script>\r\n      <script src=\"\/wp-content\/themes\/generatepress\/tools\/assets\/js\/main.min.js?v64\"><\/script>\r\n\n\n<p><\/p>\n\n<p>Gli utenti del test manuale dei clic possono verificare la velocit\u00e0 dei clic senza limiti di tempo. \u00c8 sufficiente continuare a cliccare alla stessa velocit\u00e0 il pi\u00f9 a lungo possibile perch\u00e9, a differenza del solito test CPS, questo non termina automaticamente dopo un certo periodo di tempo. Una volta completato il test, \u00e8 possibile terminarlo manualmente.<\/p>\n\n<h2 class=\"wp-block-heading\">Test manuale del CPS<\/h2>\n\n<p>Quando si vuole valutare la propria capacit\u00e0 di fare clic, si eliminano tutti gli scenari come la creazione di un timer per un test di velocit\u00e0 di clic. \u00c8 impossibile valutare la velocit\u00e0 di clic in un intervallo di tempo prestabilito. Per questo motivo, abbiamo sviluppato un sistema che vi permette di testare la vostra attuale velocit\u00e0 di clic su un tempo infinito e di determinare per quanto tempo potete continuare a cliccare a una certa velocit\u00e0 al secondo.<\/p>\n\n<p>Il test CPS manuale calcola il numero di clic del mouse che una persona \u00e8 in grado di eseguire in un numero predeterminato di secondi. Potete verificare gratuitamente la vostra velocit\u00e0 di clic online utilizzando uno dei numerosi siti di test della velocit\u00e0 di clic.<\/p>\n<div class=\"wp-block-image\">\n<figure class=\"aligncenter size-full\"><img loading=\"lazy\" decoding=\"async\" width=\"1000\" height=\"500\" src=\"https:\/\/cpstesters.com\/wp-content\/uploads\/2022\/08\/Manual_Click-Test.jpg\" alt=\"Test manuale dei clic\" class=\"wp-image-315\" title=\"\" srcset=\"https:\/\/cpstesters.com\/wp-content\/uploads\/2022\/08\/Manual_Click-Test.jpg 1000w, https:\/\/cpstesters.com\/wp-content\/uploads\/2022\/08\/Manual_Click-Test-300x150.jpg 300w, https:\/\/cpstesters.com\/wp-content\/uploads\/2022\/08\/Manual_Click-Test-768x384.jpg 768w\" sizes=\"auto, (max-width: 1000px) 100vw, 1000px\" \/><figcaption class=\"wp-element-caption\">Test manuale dei clic<\/figcaption><\/figure>\n<\/div>\n<h2 class=\"wp-block-heading\">Come funziona il test manuale dei clic?<\/h2>\n\n<p>Il contatore di clic incorporato aggiunge i clic non appena l&#8217;utente inizia a giocare. Inoltre, non appena l&#8217;utente fa clic sulla casella di controllo &#8220;Inizia a giocare&#8221; per la prima sessione, inizia il conto alla rovescia.<\/p>\n\n<p>Il contatore dei clic cresce con l&#8217;aumentare dei clic in successione. Allo scadere del tempo assegnato, vengono infine mostrati i valori di CPM (Clic al minuto) e CPS (Clic al secondo). Il monitor, tuttavia, funzioner\u00e0 solo nell&#8217;area designata. Per ottenere il risultato desiderato, \u00e8 sufficiente cliccare sull&#8217;area di gioco ideale.<\/p>\n\n<p class=\"has-text-align-center has-base-background-color has-background has-medium-font-size\">Effettuate anche un <a href=\"https:\/\/cpstesters.com\/it\/\" target=\"_blank\" rel=\"noreferrer noopener\">test CPS<\/a> completo prima di sottoporvi al test manuale  <\/p>\n\n<h2 class=\"wp-block-heading\">Diversi intervalli di tempo del test CPS<\/h2>\n\n<ul class=\"wp-block-list\">\n<li>Test di 3 secondi<\/li>\n\n\n\n<li>Test di 4 secondi<\/li>\n\n\n\n<li>Test di 5 secondi<\/li>\n\n\n\n<li>Test di 10 secondi<\/li>\n\n\n\n<li>Test di 15 secondi<\/li>\n\n\n\n<li>Test di 30 secondi<\/li>\n\n\n\n<li>Test di 60 secondi<\/li>\n\n\n\n<li>Test di 100 secondi<\/li>\n<\/ul>\n\n<p>Potete scegliere qualsiasi durata per il test del clic; se siete principianti, iniziate con 3 secondi e seguite i vostri sviluppi. Scrivete il vostro record per i successivi 10 secondi. Esercitatevi molto per migliorare i giochi di clic, se volete fare clic pi\u00f9 rapidamente.<\/p>\n\n<h2 class=\"wp-block-heading\">Caratteristiche di un test manuale dei clic<\/h2>\n\n<h3 class=\"wp-block-heading\"><strong>1.<\/strong> <strong>Nessuna tempistica<\/strong><\/h3>\n\n<p>Il vantaggio principale di questa strategia \u00e8 che non ci sono limiti di tempo. Il test pu\u00f2 essere interrotto in qualsiasi momento. Le prestazioni di clic migliorano grazie ad esso.<\/p>\n\n<h3 class=\"wp-block-heading\"><strong>2.<\/strong> <strong>Sfidare se stessi<\/strong><\/h3>\n\n<p>Utilizzando la modalit\u00e0 di prova del clic manuale cps, \u00e8 possibile verificare la velocit\u00e0 del clic. Mette alla prova la capacit\u00e0 di mantenere il tasso di clic al secondo per un periodo prolungato.<\/p>\n\n<h2 class=\"wp-block-heading has-text-align-center\">Domande frequenti<\/h2>\n\n<h3 class=\"wp-block-heading\"><strong>Come si determina il tasso di clic al secondo (cps)?<\/strong><\/h3>\n\n<p>Il totale dei clic \/ il tempo totale in secondi equivale ai clic al secondo (CPS). Seguite le semplici istruzioni per verificare il vostro punteggio di clic al secondo.  <\/p>\n\n<h3 class=\"wp-block-heading\"><strong>Qual \u00e8 il tasso di CPS del clic?<\/strong><\/h3>\n\n<p>CPS sta per click al secondo in media. Serve come indicatore della velocit\u00e0 di pressione del mouse. Il tasso CPS \u00e8 il risultato del test di velocit\u00e0 del clic.<\/p>\n\n<h3 class=\"wp-block-heading\"><strong>Come posso effettuare un test manuale dei clic?<\/strong><\/h3>\n\n<p>Sotto il test primario, selezionare il pulsante &#8220;Test manuale dei clic&#8221;. Ora vi trovate nella pagina del test manuale dei clic. Fare clic sul pulsante verde per avviare il test. Per quanto possibile, continuate a fare clic.<\/p>\n\n<h2 class=\"wp-block-heading\">Conclusione del test manuale CPS<\/h2>\n\n<p>\u00c8 completamente gratuito e rappresenta una soluzione unica per misurare la velocit\u00e0 di clic del mouse. La piattaforma pu\u00f2 essere utilizzata da qualsiasi tipo di dispositivo, compresi telefoni cellulari, computer, desktop, iPad e cos\u00ec via. \u00c8 anche molto leggero e veloce. Anche i risultati sono accurati al 100%. Non esiste quindi la possibilit\u00e0 di un&#8217;uscita falsa.<\/p>\n\n<p>Abbiamo altri test che potreste voler controllare:<\/p>\n\n<ul class=\"wp-block-list\">\n<li><a href=\"https:\/\/cpstesters.com\/it\/drag-click-test\/\" target=\"_blank\" rel=\"noreferrer noopener\">Test di trascinamento e clic<\/a><\/li>\n\n\n\n<li><a href=\"https:\/\/cpstesters.com\/it\/double-click-test\/\" target=\"_blank\" rel=\"noreferrer noopener\">Test a doppio clic<\/a><\/li>\n\n\n\n<li><a href=\"https:\/\/cpstesters.com\/it\/test-di-scorrimento-del-mouse\/\" target=\"_blank\" rel=\"noreferrer noopener\">Test di scorrimento del mouse<\/a><\/li>\n\n\n\n<li><a href=\"https:\/\/cpstesters.com\/it\/contatore-di-barre-spaziali\/\" target=\"_blank\" rel=\"noreferrer noopener\">Barra spaziatrice Contatore<\/a><\/li>\n\n\n\n<li><a href=\"https:\/\/cpstesters.com\/it\/test-della-tastiera\/\" target=\"_blank\" rel=\"noreferrer noopener\">Test della tastiera<\/a><\/li>\n<\/ul>\n","protected":false},"excerpt":{"rendered":"<p>Il test manuale dei clic \u00e8 un gioco di clic che serve a contare i clic nell&#8217;intervallo di tempo manuale definito dall&#8217;utente. Gli utenti del &#8230; <\/p>\n<p class=\"read-more-container\"><a title=\"Test manuale dei clic per verificare la velocit\u00e0 del CPS\" class=\"read-more button\" href=\"https:\/\/cpstesters.com\/it\/test-manuale-dei-clic\/#more-2394\" aria-label=\"Per saperne di pi\u00f9 su Test manuale dei clic per verificare la velocit\u00e0 del CPS\">Read More<\/a><\/p>\n","protected":false},"author":4,"featured_media":1150,"parent":0,"menu_order":0,"comment_status":"closed","ping_status":"closed","template":"","meta":{"footnotes":""},"class_list":["post-2394","page","type-page","status-publish","has-post-thumbnail"],"_links":{"self":[{"href":"https:\/\/cpstesters.com\/it\/wp-json\/wp\/v2\/pages\/2394","targetHints":{"allow":["GET"]}}],"collection":[{"href":"https:\/\/cpstesters.com\/it\/wp-json\/wp\/v2\/pages"}],"about":[{"href":"https:\/\/cpstesters.com\/it\/wp-json\/wp\/v2\/types\/page"}],"author":[{"embeddable":true,"href":"https:\/\/cpstesters.com\/it\/wp-json\/wp\/v2\/users\/4"}],"replies":[{"embeddable":true,"href":"https:\/\/cpstesters.com\/it\/wp-json\/wp\/v2\/comments?post=2394"}],"version-history":[{"count":4,"href":"https:\/\/cpstesters.com\/it\/wp-json\/wp\/v2\/pages\/2394\/revisions"}],"predecessor-version":[{"id":4295,"href":"https:\/\/cpstesters.com\/it\/wp-json\/wp\/v2\/pages\/2394\/revisions\/4295"}],"wp:featuredmedia":[{"embeddable":true,"href":"https:\/\/cpstesters.com\/it\/wp-json\/wp\/v2\/media\/1150"}],"wp:attachment":[{"href":"https:\/\/cpstesters.com\/it\/wp-json\/wp\/v2\/media?parent=2394"}],"curies":[{"name":"wp","href":"https:\/\/api.w.org\/{rel}","templated":true}]}}