{"id":2254,"date":"2024-07-16T14:22:19","date_gmt":"2024-07-16T14:22:19","guid":{"rendered":"https:\/\/cpstesters.com\/termini-e-condizioni\/"},"modified":"2024-09-17T16:25:32","modified_gmt":"2024-09-17T16:25:32","slug":"termini-e-condizioni","status":"publish","type":"page","link":"https:\/\/cpstesters.com\/it\/termini-e-condizioni\/","title":{"rendered":"Termini e Condizioni"},"content":{"rendered":"\n<p>Ultimo aggiornamento: 7 agosto 2024<\/p>\n\n\n\n<p>Si prega di leggere attentamente i presenti termini e condizioni prima di utilizzare il nostro servizio.<\/p>\n\n\n\n<h2 class=\"wp-block-heading\">Interpretazione e definizioni<\/h2>\n\n\n\n<h3 class=\"wp-block-heading\">Interpretazione<\/h3>\n\n\n\n<p>Le parole la cui lettera iniziale \u00e8 maiuscola hanno significati definiti alle seguenti condizioni. Le seguenti definizioni avranno lo stesso significato indipendentemente dal fatto che appaiano al singolare o al plurale.<\/p>\n\n\n\n<h3 class=\"wp-block-heading\">Definizioni<\/h3>\n\n\n\n<p>Ai fini dei presenti Termini e Condizioni:<\/p>\n\n\n\n<ul class=\"wp-block-list\">\n<li><strong>Affiliata<\/strong>\u00a0\u00a0significa un&#8217;entit\u00e0 che controlla, \u00e8 controllata da o \u00e8 sotto il controllo comune di una parte, dove &#8220;controllo&#8221; significa propriet\u00e0 del 50% o pi\u00f9 delle azioni, partecipazione al capitale o altri titoli con diritto di voto per l&#8217;elezione degli amministratori o di altre autorit\u00e0 di gestione.<\/li>\n\n\n\n<li><strong>Il paese<\/strong>\u00a0\u00a0si riferisce a: Karnataka, India<\/li>\n\n\n\n<li><strong>La Societ\u00e0<\/strong>\u00a0\u00a0(denominata &#8220;la Societ\u00e0&#8221;, &#8220;Noi&#8221;, &#8220;Ci&#8221; o &#8220;Nostro&#8221; nel presente Contratto) si riferisce a cps testers.<\/li>\n\n\n\n<li><strong>Per dispositivo<\/strong>\u00a0\u00a0si intende qualsiasi dispositivo in grado di accedere al Servizio, come un computer, un cellulare o un tablet digitale.<\/li>\n\n\n\n<li><strong>Per Servizio<\/strong>\u00a0\u00a0si intende il Sito Web.<\/li>\n\n\n\n<li><strong>Termini e Condizioni<\/strong>\u00a0\u00a0(anche denominati &#8220;Termini&#8221;) significa questi Termini e Condizioni che costituiscono l&#8217;intero accordo tra Te e la Societ\u00e0 in merito all&#8217;uso del Servizio. Questo accordo di Termini e Condizioni \u00e8 stato creato con l&#8217;aiuto del\u00a0\u00a0<a href=\"https:\/\/translate.google.com\/website?sl=en&amp;tl=nl&amp;hl=en&amp;client=webapp&amp;u=https:\/\/www.termsfeed.com\/terms-conditions-generator\/\" target=\"_blank\" rel=\"noreferrer noopener\">Generatore di Termini e Condizioni<\/a>\u00a0.<\/li>\n\n\n\n<li><strong>Per Servizio di social media di terze parti<\/strong>\u00a0\u00a0si intendono tutti i servizi o contenuti (inclusi dati, informazioni, prodotti o servizi) forniti da terze parti che possono essere visualizzati, inclusi o resi disponibili dal Servizio.<\/li>\n\n\n\n<li><strong>Il sito web<\/strong>\u00a0\u00a0fa riferimento ai tester cps, accessibile da\u00a0\u00a0<a href=\"https:\/\/cpstesters-com.translate.goog\/?_x_tr_sl=en&amp;_x_tr_tl=nl&amp;_x_tr_hl=en&amp;_x_tr_pto=wapp\" target=\"_blank\" rel=\"noreferrer noopener\">https:\/\/cpstesters.com\/<\/a><\/li>\n\n\n\n<li><strong>Per &#8220;Utente &#8221; si<\/strong>\u00a0\u00a0intende la persona che accede o utilizza il Servizio, oppure la societ\u00e0 o altra entit\u00e0 giuridica per conto della quale tale persona accede o utilizza il Servizio, a seconda dei casi.<\/li>\n<\/ul>\n\n\n\n<h2 class=\"wp-block-heading\">Riconoscimento<\/h2>\n\n\n\n<p>Questi sono i Termini e le Condizioni che regolano l&#8217;uso di questo Servizio e l&#8217;accordo che opera tra Te e la Societ\u00e0. Questi Termini e Condizioni stabiliscono i diritti e gli obblighi di tutti gli utenti in merito all&#8217;uso del Servizio.<\/p>\n\n\n\n<p>Il tuo accesso e utilizzo del Servizio sono subordinati alla tua accettazione e conformit\u00e0 con questi Termini e Condizioni. Questi Termini e Condizioni si applicano a tutti i visitatori, utenti e altri che accedono o utilizzano il Servizio.<\/p>\n\n\n\n<p>Accedendo o utilizzando il Servizio accetti di essere vincolato da questi Termini e Condizioni. Se non sei d&#8217;accordo con una qualsiasi parte di questi Termini e Condizioni, non puoi accedere al Servizio.<\/p>\n\n\n\n<p>Dichiari di avere pi\u00f9 di 18 anni. La Societ\u00e0 non consente ai minori di 18 anni di utilizzare il Servizio.<\/p>\n\n\n\n<p>Il tuo accesso e utilizzo del Servizio sono inoltre subordinati alla tua accettazione e conformit\u00e0 con la Politica sulla privacy della Societ\u00e0. La nostra Politica sulla privacy descrive le nostre politiche e procedure sulla raccolta, l&#8217;uso e la divulgazione delle tue informazioni personali quando utilizzi l&#8217;Applicazione o il Sito Web e ti informa sui tuoi diritti alla privacy e su come la legge ti protegge. Ti preghiamo di leggere attentamente la nostra Politica sulla privacy prima di utilizzare il nostro Servizio.<\/p>\n\n\n\n<h2 class=\"wp-block-heading\">Collegamenti ad altri siti web<\/h2>\n\n\n\n<p>Il nostro Servizio potrebbe contenere link a siti web o servizi di terze parti che non sono di propriet\u00e0 o controllati dalla Societ\u00e0.<\/p>\n\n\n\n<p>La Societ\u00e0 non ha alcun controllo e non si assume alcuna responsabilit\u00e0 per il contenuto, le politiche sulla privacy o le pratiche di siti Web o servizi di terze parti. Riconosci e accetti inoltre che la Societ\u00e0 non sar\u00e0 responsabile, direttamente o indirettamente, per eventuali danni o perdite causati o presumibilmente causati da o in relazione all&#8217;uso o all&#8217;affidamento su tali contenuti, beni o servizi disponibili su o tramite tali siti Web o servizi.<\/p>\n\n\n\n<p>Ti consigliamo vivamente di leggere i termini e le condizioni e le informative sulla privacy di tutti i siti web o servizi di terze parti che visiti.<\/p>\n\n\n\n<h2 class=\"wp-block-heading\">Risoluzione<\/h2>\n\n\n\n<p>Possiamo interrompere o sospendere il tuo accesso immediatamente, senza preavviso o responsabilit\u00e0, per qualsiasi motivo, incluso, senza limitazioni, il caso in cui tu violi i presenti Termini e Condizioni.<\/p>\n\n\n\n<p>Alla risoluzione, il tuo diritto di utilizzare il Servizio cesser\u00e0 immediatamente.<\/p>\n\n\n\n<h2 class=\"wp-block-heading\">Limitazione di responsabilit\u00e0<\/h2>\n\n\n\n<p>Nonostante eventuali danni in cui potresti incorrere, l&#8217;intera responsabilit\u00e0 della Societ\u00e0 e dei suoi fornitori ai sensi di qualsiasi disposizione dei presenti Termini e il tuo esclusivo rimedio per tutto quanto sopra saranno limitati all&#8217;importo effettivamente pagato da te tramite il Servizio o a 100 USD se non hai acquistato nulla tramite il Servizio.<\/p>\n\n\n\n<p>Nella misura massima consentita dalla legge applicabile, in nessun caso la Societ\u00e0 o i suoi fornitori saranno ritenuti responsabili per eventuali danni speciali, incidentali, indiretti o consequenziali di qualsiasi tipo (inclusi, a titolo esemplificativo ma non esaustivo, danni per perdita di profitti, perdita di dati o altre informazioni, per interruzione di attivit\u00e0, per lesioni personali, perdita di privacy derivanti da o in qualsiasi modo correlati all&#8217;uso o all&#8217;impossibilit\u00e0 di utilizzare il Servizio, software di terze parti e\/o hardware di terze parti utilizzati con il Servizio o altrimenti in relazione a qualsiasi disposizione delle presenti Condizioni), anche se la Societ\u00e0 o qualsiasi fornitore sono stati informati della possibilit\u00e0 di tali danni e anche se il rimedio non raggiunge il suo scopo essenziale.<\/p>\n\n\n\n<p>Alcuni stati non consentono l&#8217;esclusione di garanzie implicite o la limitazione di responsabilit\u00e0 per danni incidentali o consequenziali, il che significa che alcune delle limitazioni di cui sopra potrebbero non essere applicabili. In questi stati, la responsabilit\u00e0 di ciascuna parte sar\u00e0 limitata nella misura massima consentita dalla legge.<\/p>\n\n\n\n<h2 class=\"wp-block-heading\">Dichiarazione di esclusione di responsabilit\u00e0 \u201cCOS\u00cc COM\u2019\u00c8\u201d e \u201cCOME DISPONIBILE\u201d<\/h2>\n\n\n\n<p>Il Servizio ti viene fornito &#8220;COS\u00cc COM&#8217;\u00c8&#8221; e &#8220;COME DISPONIBILE&#8221; e con tutti i difetti e i guasti senza alcuna garanzia di alcun tipo. Nella misura massima consentita dalla legge applicabile, la Societ\u00e0, per proprio conto e per conto delle sue Affiliate e dei rispettivi licenziatari e fornitori di servizi, declina espressamente tutte le garanzie, esplicite, implicite, statutarie o di altro tipo, in relazione al Servizio, comprese tutte le garanzie implicite di commerciabilit\u00e0, idoneit\u00e0 per uno scopo particolare, titolo e non violazione e garanzie che possono derivare da corso di negoziazione, corso di esecuzione, uso o pratica commerciale. Senza limitazioni a quanto sopra, la Societ\u00e0 non fornisce alcuna garanzia o impegno e non rilascia alcuna dichiarazione di alcun tipo che il Servizio soddisfer\u00e0 i tuoi requisiti, raggiunger\u00e0 i risultati previsti, sar\u00e0 compatibile o funzioner\u00e0 con qualsiasi altro software, applicazione, sistema o servizio, funzioner\u00e0 senza interruzioni, soddisfer\u00e0 qualsiasi standard di prestazioni o affidabilit\u00e0 o sar\u00e0 privo di errori o che eventuali errori o difetti possano o saranno corretti.<\/p>\n\n\n\n<p>Fatto salvo quanto precede, n\u00e9 la Societ\u00e0 n\u00e9 alcuno dei suoi fornitori rilasciano dichiarazioni o garanzie di alcun tipo, esplicite o implicite: (i) in merito al funzionamento o alla disponibilit\u00e0 del Servizio, o alle informazioni, ai contenuti e ai materiali o prodotti in esso inclusi; (ii) che il Servizio sar\u00e0 ininterrotto o privo di errori; (iii) in merito all&#8217;accuratezza, affidabilit\u00e0 o attualit\u00e0 di qualsiasi informazione o contenuto fornito tramite il Servizio; o (iv) che il Servizio, i suoi server, i contenuti o le e-mail inviate dalla Societ\u00e0 o per suo conto siano privi di virus, script, trojan horse, worm, malware, timebomb o altri componenti dannosi.<\/p>\n\n\n\n<p>Alcune giurisdizioni non consentono l&#8217;esclusione di determinati tipi di garanzie o limitazioni sui diritti legali applicabili di un consumatore, pertanto alcune o tutte le esclusioni e limitazioni di cui sopra potrebbero non essere applicabili a te. Tuttavia, in tal caso, le esclusioni e le limitazioni stabilite in questa sezione saranno applicate nella misura massima applicabile ai sensi della legge applicabile.<\/p>\n\n\n\n<h2 class=\"wp-block-heading\">Legge applicabile<\/h2>\n\n\n\n<p>Le leggi del Paese, escluse le norme sui conflitti di legge, regoleranno i presenti Termini e il tuo utilizzo del Servizio. Il tuo utilizzo dell&#8217;Applicazione potrebbe anche essere soggetto ad altre leggi locali, statali, nazionali o internazionali.<\/p>\n\n\n\n<h2 class=\"wp-block-heading\">Risoluzione delle controversie<\/h2>\n\n\n\n<p>In caso di dubbi o controversie in merito al Servizio, l&#8217;Utente accetta di provare innanzitutto a risolvere la controversia in modo informale contattando la Societ\u00e0.<\/p>\n\n\n\n<h2 class=\"wp-block-heading\">Per gli utenti dell&#8217;Unione Europea (UE)<\/h2>\n\n\n\n<p>Se sei un consumatore dell&#8217;Unione Europea, potrai beneficiare di tutte le disposizioni obbligatorie previste dalla legge del Paese in cui risiedi.<\/p>\n\n\n\n<h2 class=\"wp-block-heading\">Conformit\u00e0 legale degli Stati Uniti<\/h2>\n\n\n\n<p>Dichiari e garantisci che (i) non ti trovi in \u200b\u200bun paese soggetto a embargo da parte del governo degli Stati Uniti o che \u00e8 stato designato dal governo degli Stati Uniti come paese che &#8220;sostenitore del terrorismo&#8221; e (ii) non sei presente in nessun elenco di soggetti vietati o soggetti a restrizioni stilato dal governo degli Stati Uniti.<\/p>\n\n\n\n<h2 class=\"wp-block-heading\">Separabilit\u00e0 e rinuncia<\/h2>\n\n\n\n<h3 class=\"wp-block-heading\">Separabilit\u00e0<\/h3>\n\n\n\n<p>Se una qualsiasi disposizione delle presenti Condizioni dovesse essere ritenuta inapplicabile o non valida, tale disposizione verr\u00e0 modificata e interpretata per raggiungere i propri obiettivi nella misura massima possibile ai sensi della legge applicabile e le restanti disposizioni continueranno ad avere pieno vigore ed efficacia.<\/p>\n\n\n\n<h3 class=\"wp-block-heading\">Rinuncia<\/h3>\n\n\n\n<p>Salvo quanto previsto nel presente documento, il mancato esercizio di un diritto o la mancata richiesta di esecuzione di un obbligo ai sensi delle presenti Condizioni non pregiudicher\u00e0 la capacit\u00e0 di una parte di esercitare tale diritto o di richiedere tale esecuzione in qualsiasi momento successivo, n\u00e9 la rinuncia a una violazione costituir\u00e0 una rinuncia a qualsiasi violazione successiva.<\/p>\n\n\n\n<h2 class=\"wp-block-heading\">Traduzione Interpretazione<\/h2>\n\n\n\n<p>Questi Termini e Condizioni potrebbero essere stati tradotti se li abbiamo resi disponibili a Te sul nostro Servizio. Accetti che il testo originale in inglese prevarr\u00e0 in caso di controversia.<\/p>\n\n\n\n<h2 class=\"wp-block-heading\">Modifiche ai presenti Termini e Condizioni<\/h2>\n\n\n\n<p>Ci riserviamo il diritto, a nostra esclusiva discrezione, di modificare o sostituire questi Termini in qualsiasi momento. Se una revisione \u00e8 sostanziale, faremo ragionevoli sforzi per fornire un preavviso di almeno 30 giorni prima che qualsiasi nuovo termine entri in vigore. Ci\u00f2 che costituisce una modifica sostanziale sar\u00e0 determinato a nostra esclusiva discrezione.<\/p>\n\n\n\n<p>Continuando ad accedere o utilizzare il Nostro Servizio dopo che tali revisioni sono diventate effettive, accetti di essere vincolato dai termini rivisti. Se non accetti i nuovi termini, in tutto o in parte, ti preghiamo di interrompere l&#8217;utilizzo del sito Web e del Servizio.<\/p>\n\n\n\n<h2 class=\"wp-block-heading\">Contattaci<\/h2>\n\n\n\n<p>Se hai domande su questi Termini e Condizioni, puoi contattarci:<\/p>\n\n\n\n<p>Visitando questa pagina sul nostro sito web:\u00a0\u00a0<a href=\"https:\/\/cpstesters-com.translate.goog\/contact-us\/?_x_tr_sl=en&amp;_x_tr_tl=nl&amp;_x_tr_hl=en&amp;_x_tr_pto=wapp\" target=\"_blank\" rel=\"noreferrer noopener\">https:\/\/cpstesters.com\/contact-us\/<\/a><\/p>\n","protected":false},"excerpt":{"rendered":"<p>Ultimo aggiornamento: 7 agosto 2024 Si prega di leggere attentamente i presenti termini e condizioni prima di utilizzare il nostro servizio. Interpretazione e definizioni Interpretazione &#8230; <\/p>\n<p class=\"read-more-container\"><a title=\"Termini e Condizioni\" class=\"read-more button\" href=\"https:\/\/cpstesters.com\/it\/termini-e-condizioni\/#more-2254\" aria-label=\"Per saperne di pi\u00f9 su Termini e Condizioni\">Read More<\/a><\/p>\n","protected":false},"author":4,"featured_media":0,"parent":0,"menu_order":0,"comment_status":"closed","ping_status":"closed","template":"","meta":{"footnotes":""},"class_list":["post-2254","page","type-page","status-publish"],"_links":{"self":[{"href":"https:\/\/cpstesters.com\/it\/wp-json\/wp\/v2\/pages\/2254","targetHints":{"allow":["GET"]}}],"collection":[{"href":"https:\/\/cpstesters.com\/it\/wp-json\/wp\/v2\/pages"}],"about":[{"href":"https:\/\/cpstesters.com\/it\/wp-json\/wp\/v2\/types\/page"}],"author":[{"embeddable":true,"href":"https:\/\/cpstesters.com\/it\/wp-json\/wp\/v2\/users\/4"}],"replies":[{"embeddable":true,"href":"https:\/\/cpstesters.com\/it\/wp-json\/wp\/v2\/comments?post=2254"}],"version-history":[{"count":3,"href":"https:\/\/cpstesters.com\/it\/wp-json\/wp\/v2\/pages\/2254\/revisions"}],"predecessor-version":[{"id":5957,"href":"https:\/\/cpstesters.com\/it\/wp-json\/wp\/v2\/pages\/2254\/revisions\/5957"}],"wp:attachment":[{"href":"https:\/\/cpstesters.com\/it\/wp-json\/wp\/v2\/media?parent=2254"}],"curies":[{"name":"wp","href":"https:\/\/api.w.org\/{rel}","templated":true}]}}