{"id":2253,"date":"2024-07-16T14:04:01","date_gmt":"2024-07-16T14:04:01","guid":{"rendered":"https:\/\/cpstesters.com\/informativa-sulla-privacy\/"},"modified":"2024-09-17T16:03:08","modified_gmt":"2024-09-17T16:03:08","slug":"informativa-sulla-privacy","status":"publish","type":"page","link":"https:\/\/cpstesters.com\/it\/informativa-sulla-privacy\/","title":{"rendered":"politica sulla riservatezza"},"content":{"rendered":"\n<p>La presente Informativa sulla privacy descrive le nostre politiche e procedure sulla raccolta, l&#8217;uso e la divulgazione delle tue informazioni quando utilizzi il Servizio e ti informa sui tuoi diritti alla privacy e su come la legge ti protegge.<\/p>\n\n\n\n<p>Utilizziamo i tuoi dati personali per fornire e migliorare il Servizio. Utilizzando il Servizio, accetti la raccolta e l&#8217;utilizzo delle informazioni in conformit\u00e0 con la presente Informativa sulla privacy. La presente Informativa sulla privacy \u00e8 stata creata con l&#8217;aiuto del&nbsp;&nbsp;<a href=\"https:\/\/translate.google.com\/website?sl=en&amp;tl=it&amp;hl=en&amp;client=webapp&amp;u=https:\/\/www.termsfeed.com\/privacy-policy-generator\/\" target=\"_blank\" rel=\"noreferrer noopener\">Generatore di Informativa sulla privacy<\/a>&nbsp;.<\/p>\n\n\n\n<h2 class=\"wp-block-heading\">Interpretazione e definizioni<\/h2>\n\n\n\n<h3 class=\"wp-block-heading\">Interpretazione<\/h3>\n\n\n\n<p>Le parole la cui lettera iniziale \u00e8 maiuscola hanno significati definiti alle seguenti condizioni. Le seguenti definizioni avranno lo stesso significato indipendentemente dal fatto che appaiano al singolare o al plurale.<\/p>\n\n\n\n<h3 class=\"wp-block-heading\">Definizioni<\/h3>\n\n\n\n<p>Ai fini della presente Informativa sulla privacy:<\/p>\n\n\n\n<ul class=\"wp-block-list\">\n<li><strong>Per Account<\/strong>&nbsp;&nbsp;si intende un account univoco creato per consentirti di accedere al nostro Servizio o a parti del nostro Servizio.<\/li>\n\n\n\n<li><strong>Affiliata<\/strong>&nbsp;&nbsp;significa un&#8217;entit\u00e0 che controlla, \u00e8 controllata da o \u00e8 sotto il controllo comune di una parte, dove &#8220;controllo&#8221; significa propriet\u00e0 del 50% o pi\u00f9 delle azioni, partecipazione al capitale o altri titoli con diritto di voto per l&#8217;elezione degli amministratori o di altre autorit\u00e0 di gestione.<\/li>\n\n\n\n<li><strong>La Societ\u00e0<\/strong>&nbsp;&nbsp;(denominata &#8220;la Societ\u00e0&#8221;, &#8220;Noi&#8221;, &#8220;Ci&#8221; o &#8220;Nostro&#8221; nel presente Contratto) si riferisce a cps testers.<\/li>\n\n\n\n<li><strong>I cookie<\/strong>&nbsp;&nbsp;sono piccoli file che vengono salvati sul tuo computer, dispositivo mobile o qualsiasi altro dispositivo da un sito web e che contengono, tra i vari utilizzi, i dettagli della tua cronologia di navigazione su quel sito.<\/li>\n\n\n\n<li><strong>Il paese<\/strong>&nbsp;&nbsp;si riferisce a: Karnataka, India<\/li>\n\n\n\n<li><strong>Per dispositivo<\/strong>&nbsp;&nbsp;si intende qualsiasi dispositivo in grado di accedere al Servizio, ad esempio un computer, un cellulare o un tablet digitale.<\/li>\n\n\n\n<li><strong>I dati personali<\/strong>&nbsp;&nbsp;sono tutte le informazioni relative a una persona fisica identificata o identificabile.<\/li>\n\n\n\n<li><strong>Per Servizio<\/strong>&nbsp;&nbsp;si intende il Sito Web.<\/li>\n\n\n\n<li><strong>Fornitore di servizi<\/strong>&nbsp;&nbsp;indica qualsiasi persona fisica o giuridica che elabora i dati per conto della Societ\u00e0. Si riferisce a societ\u00e0 terze o individui impiegati dalla Societ\u00e0 per facilitare il Servizio, per fornire il Servizio per conto della Societ\u00e0, per eseguire servizi correlati al Servizio o per assistere la Societ\u00e0 nell&#8217;analisi delle modalit\u00e0 di utilizzo del Servizio.<\/li>\n\n\n\n<li><strong>I Dati di utilizzo<\/strong>&nbsp;&nbsp;si riferiscono ai dati raccolti automaticamente, generati dall&#8217;utilizzo del Servizio o dall&#8217;infrastruttura del Servizio stesso (ad esempio, la durata della visita di una pagina).<\/li>\n\n\n\n<li><strong>Il sito web<\/strong>&nbsp;&nbsp;fa riferimento ai tester cps, accessibile da&nbsp;&nbsp;<a href=\"https:\/\/cpstesters-com.translate.goog\/?_x_tr_sl=en&amp;_x_tr_tl=it&amp;_x_tr_hl=en&amp;_x_tr_pto=wapp\" target=\"_blank\" rel=\"noreferrer noopener\">https:\/\/cpstesters.com\/<\/a><\/li>\n\n\n\n<li><strong>Per &#8220;Utente &#8221; si<\/strong>&nbsp;&nbsp;intende la persona che accede o utilizza il Servizio, oppure la societ\u00e0 o altra entit\u00e0 giuridica per conto della quale tale persona accede o utilizza il Servizio, a seconda dei casi.<\/li>\n<\/ul>\n\n\n\n<h2 class=\"wp-block-heading\">Raccolta e utilizzo dei tuoi dati personali<\/h2>\n\n\n\n<h3 class=\"wp-block-heading\">Tipi di dati raccolti<\/h3>\n\n\n\n<h4 class=\"wp-block-heading\">Dati Personali<\/h4>\n\n\n\n<p>Durante l&#8217;utilizzo del Nostro Servizio, potremmo chiederti di fornirci alcune informazioni di identificazione personale che possono essere utilizzate per contattarti o identificarti. Le informazioni di identificazione personale possono includere, ma non sono limitate a:<\/p>\n\n\n\n<ul class=\"wp-block-list\">\n<li>Dati di utilizzo<\/li>\n<\/ul>\n\n\n\n<h4 class=\"wp-block-heading\">Dati di utilizzo<\/h4>\n\n\n\n<p>I Dati di Utilizzo vengono raccolti automaticamente durante l&#8217;utilizzo del Servizio.<\/p>\n\n\n\n<p>I Dati di utilizzo possono includere informazioni quali l&#8217;indirizzo IP (Internet Protocol) del tuo Dispositivo (ad esempio, l&#8217;indirizzo IP), il tipo di browser, la versione del browser, le pagine del nostro Servizio che visiti, l&#8217;ora e la data della tua visita, il tempo trascorso su tali pagine, identificatori univoci del dispositivo e altri dati diagnostici.<\/p>\n\n\n\n<p>Quando accedi al Servizio tramite un dispositivo mobile, potremmo raccogliere automaticamente determinate informazioni, tra cui, a titolo esemplificativo ma non esaustivo, il tipo di dispositivo mobile che utilizzi, l&#8217;ID univoco del tuo dispositivo mobile, l&#8217;indirizzo IP del tuo dispositivo mobile, il sistema operativo mobile, il tipo di browser Internet mobile che utilizzi, identificatori univoci del dispositivo e altri dati diagnostici.<\/p>\n\n\n\n<p>Potremmo anche raccogliere informazioni che il tuo browser invia ogni volta che visiti il \u200b\u200bnostro Servizio o quando accedi al Servizio tramite un dispositivo mobile.<\/p>\n\n\n\n<h4 class=\"wp-block-heading\">Tecnologie di tracciamento e cookie<\/h4>\n\n\n\n<p>Utilizziamo Cookie e tecnologie di tracciamento simili per tracciare l&#8217;attivit\u00e0 sul Nostro Servizio e memorizzare determinate informazioni. Le tecnologie di tracciamento utilizzate sono beacon, tag e script per raccogliere e tracciare informazioni e per migliorare e analizzare il Nostro Servizio. Le tecnologie che utilizziamo possono includere:<\/p>\n\n\n\n<ul class=\"wp-block-list\">\n<li><strong>Cookie o Cookie del browser.<\/strong>&nbsp;&nbsp;Un cookie \u00e8 un piccolo file inserito nel tuo Dispositivo. Puoi indicare al tuo browser di rifiutare tutti i Cookie o di indicare quando viene inviato un Cookie. Tuttavia, se non accetti i Cookie, potresti non essere in grado di utilizzare alcune parti del nostro Servizio. A meno che tu non abbia modificato le impostazioni del tuo browser in modo che rifiuti i Cookie, il nostro Servizio potrebbe utilizzare i Cookie.<\/li>\n\n\n\n<li><strong>Web Beacon.<\/strong>&nbsp;&nbsp;Alcune sezioni del nostro Servizio e le nostre e-mail possono contenere piccoli file elettronici noti come web beacon (chiamati anche clear gif, pixel tag e single-pixel gif) che consentono alla Societ\u00e0, ad esempio, di contare gli utenti che hanno visitato quelle pagine o aperto un&#8217;e-mail e per altre statistiche correlate del sito Web (ad esempio, registrando la popolarit\u00e0 di una determinata sezione e verificando l&#8217;integrit\u00e0 del sistema e del server).<\/li>\n<\/ul>\n\n\n\n<p>I cookie possono essere &#8220;Persistenti&#8221; o &#8220;Sessionali&#8221;. I cookie persistenti rimangono sul tuo personal computer o dispositivo mobile quando vai offline, mentre i cookie di sessione vengono eliminati non appena chiudi il tuo browser web. Puoi saperne di pi\u00f9 sui cookie nell&#8217;articolo&nbsp;&nbsp;<a href=\"https:\/\/translate.google.com\/website?sl=en&amp;tl=it&amp;hl=en&amp;client=webapp&amp;u=https:\/\/www.termsfeed.com\/blog\/cookies\/%23What_Are_Cookies\" target=\"_blank\" rel=\"noreferrer noopener\">del sito web TermsFeed<\/a>&nbsp;&nbsp;.<\/p>\n\n\n\n<p>Utilizziamo sia i cookie di sessione che quelli persistenti per gli scopi indicati di seguito:<\/p>\n\n\n\n<ul class=\"wp-block-list\">\n<li><strong>Cookie necessari\/essenziali<\/strong>&nbsp;Tipo: Cookie di sessione Gestiti da: Noi Scopo: Questi Cookie sono essenziali per fornirti i servizi disponibili tramite il Sito Web e per consentirti di utilizzare alcune delle sue funzionalit\u00e0. Aiutano ad autenticare gli utenti e a prevenire l&#8217;uso fraudolento degli account utente. Senza questi Cookie, i servizi che hai richiesto non possono essere forniti e utilizziamo questi Cookie solo per fornirti tali servizi.<\/li>\n\n\n\n<li><strong>Politica sui cookie \/ Informativa sui cookie<\/strong>&nbsp;Tipo di cookie: Cookie persistenti Gestiti da: Noi Scopo: Questi cookie identificano se gli utenti hanno accettato l&#8217;uso dei cookie sul sito web.<\/li>\n\n\n\n<li><strong>Cookie di funzionalit\u00e0<\/strong>&nbsp;Tipo: Cookie persistenti Gestiti da: Noi Scopo: Questi Cookie ci consentono di ricordare le scelte che fai quando utilizzi il Sito Web, come ricordare i tuoi dati di accesso o la preferenza della lingua. Lo scopo di questi Cookie \u00e8 di fornirti un&#8217;esperienza pi\u00f9 personale ed evitare che tu debba reinserire le tue preferenze ogni volta che utilizzi il Sito Web.<\/li>\n<\/ul>\n\n\n\n<p>Per maggiori informazioni sui cookie che utilizziamo e sulle tue scelte in merito, visita la nostra Politica sui cookie o la sezione Cookie della nostra Informativa sulla privacy.<\/p>\n\n\n\n<h3 class=\"wp-block-heading\">Utilizzo dei tuoi dati personali<\/h3>\n\n\n\n<p>La Societ\u00e0 potr\u00e0 utilizzare i Dati Personali per le seguenti finalit\u00e0:<\/p>\n\n\n\n<ul class=\"wp-block-list\">\n<li><strong>Per fornire e mantenere il nostro Servizio<\/strong>&nbsp;, incluso il monitoraggio dell&#8217;utilizzo del nostro Servizio.<\/li>\n\n\n\n<li><strong>Per gestire il tuo Account:<\/strong>&nbsp;&nbsp;per gestire la tua registrazione come utente del Servizio. I Dati Personali che fornisci possono darti accesso a diverse funzionalit\u00e0 del Servizio che sono disponibili per te come utente registrato.<\/li>\n\n\n\n<li><strong>Per l&#8217;esecuzione di un contratto:<\/strong>&nbsp;&nbsp;lo sviluppo, la conformit\u00e0 e l&#8217;esecuzione del contratto di acquisto per i prodotti, gli articoli o i servizi da te acquistati o di qualsiasi altro contratto con noi tramite il Servizio.<\/li>\n\n\n\n<li><strong>Per contattarti:<\/strong>&nbsp;&nbsp;per contattarti tramite e-mail, telefonate, SMS o altre forme equivalenti di comunicazione elettronica, come le notifiche push di un&#8217;applicazione mobile relative ad aggiornamenti o comunicazioni informative relative alle funzionalit\u00e0, ai prodotti o ai servizi contrattualizzati, inclusi gli aggiornamenti di sicurezza, quando necessario o ragionevole per la loro implementazione.<\/li>\n\n\n\n<li><strong>Per fornirti<\/strong>&nbsp;&nbsp;notizie, offerte speciali e informazioni generali su altri beni, servizi ed eventi da noi offerti, simili a quelli che hai gi\u00e0 acquistato o su cui hai chiesto informazioni, a meno che tu non abbia scelto di non ricevere tali informazioni.<\/li>\n\n\n\n<li><strong>Per gestire le tue richieste:<\/strong>&nbsp;&nbsp;per soddisfare e gestire le tue richieste a Noi rivolte.<\/li>\n\n\n\n<li><strong>Per i trasferimenti aziendali:<\/strong>&nbsp;&nbsp;potremmo utilizzare le tue informazioni per valutare o condurre una fusione, una cessione, una ristrutturazione, una riorganizzazione, una dissoluzione o un&#8217;altra vendita o trasferimento di alcuni o di tutti i nostri beni, sia come azienda in esercizio che come parte di un fallimento, liquidazione o procedimento simile, in cui i dati personali da noi detenuti sugli utenti del nostro Servizio sono tra i beni trasferiti.<\/li>\n\n\n\n<li><strong>Per altri scopi<\/strong>&nbsp;: potremmo utilizzare le tue informazioni per altri scopi, come l&#8217;analisi dei dati, l&#8217;identificazione delle tendenze di utilizzo, la determinazione dell&#8217;efficacia delle nostre campagne promozionali e per valutare e migliorare il nostro Servizio, i nostri prodotti, i nostri servizi, il marketing e la tua esperienza.<\/li>\n<\/ul>\n\n\n\n<p>Potremmo condividere le tue informazioni personali nelle seguenti situazioni:<\/p>\n\n\n\n<ul class=\"wp-block-list\">\n<li><strong>Con i fornitori di servizi:<\/strong>&nbsp;&nbsp;potremmo condividere le tue informazioni personali con i fornitori di servizi per monitorare e analizzare l&#8217;utilizzo del nostro servizio e per contattarti.<\/li>\n\n\n\n<li><strong>Per trasferimenti aziendali:<\/strong>&nbsp;&nbsp;potremmo condividere o trasferire i tuoi dati personali in relazione a, o durante le negoziazioni di, qualsiasi fusione, vendita di beni aziendali, finanziamento o acquisizione di tutta o di una parte della nostra attivit\u00e0 a un&#8217;altra societ\u00e0.<\/li>\n\n\n\n<li><strong>Con gli affiliati:<\/strong>&nbsp;&nbsp;potremmo condividere le tue informazioni con i nostri affiliati, nel qual caso richiederemo a tali affiliati di rispettare la presente Informativa sulla privacy. Gli affiliati includono la nostra societ\u00e0 madre e qualsiasi altra sussidiaria, partner di joint venture o altre societ\u00e0 che controlliamo o che sono sotto il nostro controllo comune.<\/li>\n\n\n\n<li><strong>Con i partner commerciali:<\/strong>&nbsp;&nbsp;potremmo condividere le tue informazioni con i nostri partner commerciali per offrirti determinati prodotti, servizi o promozioni.<\/li>\n\n\n\n<li><strong>Con altri utenti:<\/strong>&nbsp;&nbsp;quando condividi informazioni personali o interagisci in altro modo nelle aree pubbliche con altri utenti, tali informazioni possono essere visualizzate da tutti gli utenti e possono essere distribuite pubblicamente all&#8217;esterno.<\/li>\n\n\n\n<li><strong>Con il tuo consenso<\/strong>&nbsp;: potremmo divulgare i tuoi dati personali per qualsiasi altro scopo con il tuo consenso.<\/li>\n<\/ul>\n\n\n\n<h3 class=\"wp-block-heading\">Conservazione dei tuoi dati personali<\/h3>\n\n\n\n<p>La Societ\u00e0 conserver\u00e0 i Tuoi Dati Personali solo per il tempo necessario agli scopi indicati nella presente Informativa sulla Privacy. Conserveremo e utilizzeremo i Tuoi Dati Personali nella misura necessaria per ottemperare ai nostri obblighi legali (ad esempio, se siamo tenuti a conservare i tuoi dati per ottemperare alle leggi applicabili), risolvere controversie e far rispettare i nostri accordi e le nostre politiche legali.<\/p>\n\n\n\n<p>La Societ\u00e0 conserver\u00e0 inoltre i Dati di utilizzo per scopi di analisi interna. I Dati di utilizzo vengono generalmente conservati per un periodo di tempo pi\u00f9 breve, eccetto quando questi dati vengono utilizzati per rafforzare la sicurezza o migliorare la funzionalit\u00e0 del Nostro Servizio, oppure siamo legalmente obbligati a conservare questi dati per periodi di tempo pi\u00f9 lunghi.<\/p>\n\n\n\n<h3 class=\"wp-block-heading\">Trasferimento dei tuoi dati personali<\/h3>\n\n\n\n<p>Le tue informazioni, inclusi i Dati Personali, vengono elaborate presso gli uffici operativi della Societ\u00e0 e in qualsiasi altro luogo in cui si trovino le parti coinvolte nell&#8217;elaborazione. Ci\u00f2 significa che queste informazioni possono essere trasferite a \u2014 e mantenute su \u2014 computer situati al di fuori del tuo stato, provincia, paese o altra giurisdizione governativa in cui le leggi sulla protezione dei dati potrebbero differire da quelle della tua giurisdizione.<\/p>\n\n\n\n<p>Il tuo consenso alla presente Informativa sulla privacy seguito dall&#8217;invio di tali informazioni rappresenta il tuo consenso a tale trasferimento.<\/p>\n\n\n\n<p>La Societ\u00e0 adotter\u00e0 tutte le misure ragionevolmente necessarie per garantire che i tuoi dati siano trattati in modo sicuro e in conformit\u00e0 con la presente Informativa sulla privacy e nessun trasferimento dei tuoi dati personali avverr\u00e0 a un&#8217;organizzazione o a un paese a meno che non siano in atto controlli adeguati, inclusa la sicurezza dei tuoi dati e di altre informazioni personali.<\/p>\n\n\n\n<h3 class=\"wp-block-heading\">Elimina i tuoi dati personali<\/h3>\n\n\n\n<p>Hai il diritto di cancellare o di richiedere la nostra assistenza per la cancellazione dei dati personali che abbiamo raccolto su di te.<\/p>\n\n\n\n<p>Il nostro Servizio potrebbe darti la possibilit\u00e0 di eliminare determinate informazioni che ti riguardano dall&#8217;interno del Servizio.<\/p>\n\n\n\n<p>Puoi aggiornare, modificare o eliminare le tue informazioni in qualsiasi momento accedendo al tuo account, se ne hai uno, e visitando la sezione delle impostazioni dell&#8217;account che ti consente di gestire le tue informazioni personali. Puoi anche contattarci per richiedere l&#8217;accesso, la correzione o l&#8217;eliminazione di qualsiasi informazione personale che ci hai fornito.<\/p>\n\n\n\n<p>Si prega di notare, tuttavia, che potremmo aver bisogno di conservare determinate informazioni quando abbiamo un obbligo legale o una base giuridica per farlo.<\/p>\n\n\n\n<h3 class=\"wp-block-heading\">Divulgazione dei tuoi dati personali<\/h3>\n\n\n\n<h4 class=\"wp-block-heading\">Transazioni commerciali<\/h4>\n\n\n\n<p>Se la Societ\u00e0 \u00e8 coinvolta in una fusione, acquisizione o vendita di asset, i Tuoi Dati Personali potrebbero essere trasferiti. Ti informeremo prima che i Tuoi Dati Personali vengano trasferiti e diventino soggetti a una diversa Informativa sulla Privacy.<\/p>\n\n\n\n<h4 class=\"wp-block-heading\">Applicazione della legge<\/h4>\n\n\n\n<p>In determinate circostanze, la Societ\u00e0 potrebbe essere tenuta a divulgare i Tuoi Dati Personali se richiesto dalla legge o in risposta a richieste valide da parte delle autorit\u00e0 pubbliche (ad esempio un tribunale o un&#8217;agenzia governativa).<\/p>\n\n\n\n<h4 class=\"wp-block-heading\">Altri requisiti legali<\/h4>\n\n\n\n<p>La Societ\u00e0 pu\u00f2 divulgare i Tuoi Dati Personali in buona fede ritenendo che tale azione sia necessaria per:<\/p>\n\n\n\n<ul class=\"wp-block-list\">\n<li>Adempiere ad un obbligo legale<\/li>\n\n\n\n<li>Proteggere e difendere i diritti o la propriet\u00e0 della Societ\u00e0<\/li>\n\n\n\n<li>Prevenire o investigare possibili illeciti in relazione al Servizio<\/li>\n\n\n\n<li>Proteggere la sicurezza personale degli Utenti del Servizio o del pubblico<\/li>\n\n\n\n<li>Proteggersi dalla responsabilit\u00e0 legale<\/li>\n<\/ul>\n\n\n\n<h3 class=\"wp-block-heading\">Sicurezza dei tuoi dati personali<\/h3>\n\n\n\n<p>La sicurezza dei tuoi dati personali \u00e8 importante per noi, ma ricorda che nessun metodo di trasmissione su Internet o metodo di archiviazione elettronica \u00e8 sicuro al 100%. Mentre ci impegniamo a utilizzare mezzi commercialmente accettabili per proteggere i tuoi dati personali, non possiamo garantirne la sicurezza assoluta.<\/p>\n\n\n\n<h2 class=\"wp-block-heading\">Privacy dei bambini<\/h2>\n\n\n\n<p>Il nostro Servizio non si rivolge a persone di et\u00e0 inferiore ai 13 anni. Non raccogliamo consapevolmente informazioni personali identificabili da persone di et\u00e0 inferiore ai 13 anni. Se sei un genitore o un tutore e sei a conoscenza del fatto che tuo figlio ci ha fornito Dati personali, ti preghiamo di contattarci. Se veniamo a conoscenza di aver raccolto Dati personali da persone di et\u00e0 inferiore ai 13 anni senza la verifica del consenso dei genitori, adottiamo misure per rimuovere tali informazioni dai nostri server.<\/p>\n\n\n\n<p>Se dobbiamo basarci sul consenso come base giuridica per elaborare le tue informazioni e il tuo Paese richiede il consenso di un genitore, potremmo richiedere il consenso del genitore prima di raccogliere e utilizzare tali informazioni.<\/p>\n\n\n\n<h2 class=\"wp-block-heading\">Collegamenti ad altri siti web<\/h2>\n\n\n\n<p>Il nostro Servizio potrebbe contenere link ad altri siti web che non sono gestiti da Noi. Se clicchi su un link di terze parti, verrai indirizzato al sito di quella terza parte. Ti consigliamo vivamente di rivedere l&#8217;Informativa sulla privacy di ogni sito che visiti.<\/p>\n\n\n\n<p>Non abbiamo alcun controllo e non ci assumiamo alcuna responsabilit\u00e0 per il contenuto, le politiche sulla privacy o le pratiche di siti o servizi di terze parti.<\/p>\n\n\n\n<h2 class=\"wp-block-heading\">Modifiche alla presente Informativa sulla privacy<\/h2>\n\n\n\n<p>Potremmo aggiornare la nostra Informativa sulla privacy di tanto in tanto. Ti informeremo di eventuali modifiche pubblicando la nuova Informativa sulla privacy su questa pagina.<\/p>\n\n\n\n<p>Ti informeremo tramite e-mail e\/o tramite un avviso ben visibile sul nostro servizio, prima che la modifica diventi effettiva e aggiorneremo la data di &#8220;Ultimo aggiornamento&#8221; nella parte superiore della presente Informativa sulla privacy.<\/p>\n\n\n\n<p>Si consiglia di rivedere periodicamente la presente Informativa sulla privacy per eventuali modifiche. Le modifiche alla presente Informativa sulla privacy sono efficaci quando vengono pubblicate su questa pagina.<\/p>\n\n\n\n<h2 class=\"wp-block-heading\">Contattaci<\/h2>\n\n\n\n<p>Se hai domande sulla presente Informativa sulla privacy, puoi contattarci:<\/p>\n\n\n\n<ul class=\"wp-block-list\">\n<li>Visitando questa pagina sul nostro sito web:&nbsp;&nbsp;<a href=\"https:\/\/cpstesters-com.translate.goog\/contact-us\/?_x_tr_sl=en&amp;_x_tr_tl=it&amp;_x_tr_hl=en&amp;_x_tr_pto=wapp\" target=\"_blank\" rel=\"noreferrer noopener\">https:\/\/cpstesters.com\/contact-us\/<\/a><\/li>\n<\/ul>\n\n\n\n<p><\/p>\n","protected":false},"excerpt":{"rendered":"<p>La presente Informativa sulla privacy descrive le nostre politiche e procedure sulla raccolta, l&#8217;uso e la divulgazione delle tue informazioni quando utilizzi il Servizio e &#8230; <\/p>\n<p class=\"read-more-container\"><a title=\"politica sulla riservatezza\" class=\"read-more button\" href=\"https:\/\/cpstesters.com\/it\/informativa-sulla-privacy\/#more-2253\" aria-label=\"Per saperne di pi\u00f9 su politica sulla riservatezza\">Read More<\/a><\/p>\n","protected":false},"author":4,"featured_media":0,"parent":0,"menu_order":0,"comment_status":"closed","ping_status":"closed","template":"","meta":{"footnotes":""},"class_list":["post-2253","page","type-page","status-publish"],"_links":{"self":[{"href":"https:\/\/cpstesters.com\/it\/wp-json\/wp\/v2\/pages\/2253","targetHints":{"allow":["GET"]}}],"collection":[{"href":"https:\/\/cpstesters.com\/it\/wp-json\/wp\/v2\/pages"}],"about":[{"href":"https:\/\/cpstesters.com\/it\/wp-json\/wp\/v2\/types\/page"}],"author":[{"embeddable":true,"href":"https:\/\/cpstesters.com\/it\/wp-json\/wp\/v2\/users\/4"}],"replies":[{"embeddable":true,"href":"https:\/\/cpstesters.com\/it\/wp-json\/wp\/v2\/comments?post=2253"}],"version-history":[{"count":5,"href":"https:\/\/cpstesters.com\/it\/wp-json\/wp\/v2\/pages\/2253\/revisions"}],"predecessor-version":[{"id":6068,"href":"https:\/\/cpstesters.com\/it\/wp-json\/wp\/v2\/pages\/2253\/revisions\/6068"}],"wp:attachment":[{"href":"https:\/\/cpstesters.com\/it\/wp-json\/wp\/v2\/media?parent=2253"}],"curies":[{"name":"wp","href":"https:\/\/api.w.org\/{rel}","templated":true}]}}