{"id":2101,"date":"2024-07-16T14:14:50","date_gmt":"2024-07-16T14:14:50","guid":{"rendered":"https:\/\/cpstesters.com\/test-cps-di-60-secondi-per-verificare-la-velocita-dei-clic\/"},"modified":"2024-09-17T09:32:11","modified_gmt":"2024-09-17T09:32:11","slug":"60-second-cps-test","status":"publish","type":"page","link":"https:\/\/cpstesters.com\/it\/60-second-cps-test\/","title":{"rendered":"Test CPS di 60 secondi per verificare la velocit\u00e0 dei clic"},"content":{"rendered":"\n<p>60 Second CPS Test \u00e8 uno dei migliori test di clic a causa del tempo aumentato, gioca e migliora il tuo gioco di clic in poco tempo!<\/p>\n\n\n <div class=\"row\">\r\n\t<div class=\"col-md-4\">\r\n\r\n\t\t\r\n\t\t\r\n\t\t<div class=\"side_nav\">\r\n            \r\n            \r\n            <ul class=\"time\">\r\n            <li>\r\n             <a href=\"https:\/\/cpstesters.com\/1-second-cps-test\/\"> <span data-time=\"1\">1 Second Test<\/span><\/a>\r\n            <\/li><li>\r\n             <a href=\"https:\/\/cpstesters.com\/2-second-cps-test\/\"><span data-time=\"2\">2 Second Test<\/span><\/a>\r\n            <\/li><li>\r\n           <a href=\"https:\/\/cpstesters.com\/5-second-cps-test\/\"><span data-time=\"5\">5 Second Test<\/span><\/a>\r\n            <\/li><li>\r\n\t\t\t\t <a href=\"https:\/\/cpstesters.com\/10-second-cps-test\/\"><span data-time=\"10\">10 Second Test<\/span><\/a>\r\n            <\/li><li>\r\n             <a href=\"https:\/\/cpstesters.com\/15-second-click-test\/\"><span data-time=\"15\">15 Second Test<\/span><\/a>\r\n            <\/li><li>\r\n\t\t\t\t<li>\r\n             <a href=\"https:\/\/cpstesters.com\/30-second-cps-test\/\"><span data-time=\"30\">30 Second Test<\/span><\/a>\r\n            <\/li><li>\r\n\t\t\t\t<li>\r\n             <a href=\"https:\/\/cpstesters.com\/60-second-cps-test\/\"><span data-time=\"60\" class=\"active\">60 Second Test<\/span><\/a>\r\n            <\/li><li>\r\n\t\t\t\t<li>\r\n             <a href=\"https:\/\/cpstesters.com\/100-second-cps-test\/\"><span data-time=\"100\">100 Second Test<\/span><\/a>\r\n            <\/li><li>\r\n\t\t\t\t\r\n             <a href=\"https:\/\/cpstesters.com\/manual-click-test\/\"><span data-time=\"20\">Manual Click Test<\/span><\/a>\r\n            <\/li><\/ul>\r\n            <\/div>\r\n\t\t\r\n\t\t\r\n\t<\/div>\r\n\t<div class=\"col-md-8\">\r\n\t\t<section class=\"section section--full js-section-full section--click\">\r\n               <div class=\"container\">\r\n\t\t\t\t   \r\n\t\t\t\t         <div class=\"setting\">\r\n    <div class=\"theme-mode\"><a class=\"theme-mode__switch js-switch\" href=\"javascript:void(0);\"><\/a>\r\n        <div class=\"theme-mode__text\">Light \/ Dark mode<\/div>\r\n    <\/div>\r\n<\/div>\r\n\t\t\t\t   \r\n\t\t\t\t   \r\n                  <div class=\"statistics\">\r\n                     <div class=\"statistics__item statistics__item--timer\">\r\n                        <div class=\"statistics__number\">\r\n                           <span class=\"js-time number_timer\">60.00<\/span>\r\n                           <a class=\"statistics__arrow statistics__arrow--up js-time-up\" href=\"javascript:void(0);\">\r\n                              <svg class=\"icon icon-arrow-up \">\r\n                                 <use xlink:href=\"\/wp-content\/themes\/generatepress\/tools\/assets\/img\/spritesvg.svg#arrow-up\"><\/use>\r\n                              <\/svg>\r\n                           <\/a>\r\n                           <a class=\"statistics__arrow statistics__arrow--down js-time-down\" href=\"javascript:void(0);\">\r\n                              <svg class=\"icon icon-arrow-up \">\r\n                                 <use xlink:href=\"\/wp-content\/themes\/generatepress\/tools\/assets\/img\/spritesvg.svg#arrow-up\"><\/use>\r\n                              <\/svg>\r\n                           <\/a>\r\n                        <\/div>\r\n                        <div class=\"statistics__title\">Timer<\/div>\r\n                     <\/div>\r\n                     <div class=\"statistics__item statistics__item--clicks\">\r\n                        <div class=\"statistics__number number_clicks js-speed\">0.00<\/div>\r\n                        <div class=\"statistics__title\">Clicks \/ s<\/div>\r\n                     <\/div>\r\n                     <div class=\"statistics__item statistics__item--score\">\r\n                        <div class=\"statistics__number number_score js-score\">0<\/div>\r\n                        <div class=\"statistics__title\">Score<\/div>\r\n                     <\/div>\r\n                  <\/div>\r\n                  <div class=\"clicks-zone\">\r\n                     <div class=\"clicks-zone__start js-clicks-start\">\r\n                        <svg class=\"icon icon-click \">\r\n                           <use xlink:href=\"\/wp-content\/themes\/generatepress\/tools\/assets\/img\/spritesvg.svg#click\"><\/use>\r\n                        <\/svg>\r\n                        <div class=\"clicks-zone__start-title\">\u0421lick here to start cps test<\/div>\r\n                     <\/div>\r\n                     <div class=\"clicks-zone__clicks js-clicks\"><\/div>\r\n                     <div class=\"clicks-zone__result result-clicks js-clicks-result\">\r\n                        <div class=\"result-clicks__title rank-wrapper\"><\/div>\r\n                        <div class=\"result-clicks__text\">Your CPS result is <span class=\"speed js-stat-speed\"><\/span> (<span class=\"clicks js-stat-clicks\"><\/span> Clicks in <span class=\"time js-stat-time\"><\/span> Seconds)<\/div>\r\n                        <div class=\"result-clicks__img\"><img><\/div>\r\n                        <a class=\"result-clicks__btn js-try-again\" href=\"javascript:void(0);\">\r\n                           <svg class=\"icon icon-again \">\r\n                              <use xlink:href=\"\/wp-content\/themes\/generatepress\/tools\/assets\/img\/spritesvg.svg#again\"><\/use>\r\n                           <\/svg>\r\n                           Restart\r\n                        <\/a>\r\n                        <div class=\"result-clicks__share\">\r\n                           <div class=\"result-clicks__share-title\">Share your result with friends!<\/div>\r\n                           <div class=\"share-buttons\">\r\n                              <a class=\"share-button facebook\" data-href=\"https:\/\/www.facebook.com\/sharer\/sharer.php?u=https:\/\/cpstesters.com\/\" target=\"_blank\" onclick=\"goclicky(this); return false;\" rel=\"noopener\">Facebook<\/a>\r\n                              <a class=\"share-button twitter\" data-href=\"http:\/\/www.twitter.com\/share?url=https:\/\/cpstesters.com\/&text=[text]\" target=\"_blank\" onclick=\"goclicky(this); return false;\" rel=\"noopener\">Twitter<\/a>\r\n                              <a class=\"share-button whatsapp\" data-href=\"https:\/\/api.whatsapp.com\/send?text=[text]\" target=\"_blank\" onclick=\"goclicky(this); return false;\" rel=\"noopener\">WhatsApp<\/a>\r\n                              <a class=\"share-button reddit\" data-href=\"http:\/\/www.reddit.com\/submit?url=https:\/\/cpstesters.com\/&title=[text]\" target=\"_blank\" onclick=\"goclicky(this); return false;\" rel=\"noopener\">Reddit<\/a>\r\n                           <\/div>\r\n                        <\/div>\r\n                     <\/div>\r\n                  <\/div>\r\n                  <img decoding=\"async\" src=\"\/wp-content\/themes\/generatepress\/tools\/assets\/img\/test_result\/3\/1.png\" style=\"display: none\" alt=\"\" title=\"\">\r\n                  <img decoding=\"async\" src=\"\/wp-content\/themes\/generatepress\/tools\/assets\/img\/test_result\/5\/1.png\" style=\"display: none\" alt=\"\" title=\"\">\r\n                  <img decoding=\"async\" src=\"\/wp-content\/themes\/generatepress\/tools\/assets\/img\/test_result\/1\/1.png\" style=\"display: none\" alt=\"\" title=\"\">\r\n                  <img decoding=\"async\" src=\"\/wp-content\/themes\/generatepress\/tools\/assets\/img\/test_result\/2\/1.png\" style=\"display: none\" alt=\"\" title=\"\">\r\n                  <img decoding=\"async\" src=\"\/wp-content\/themes\/generatepress\/tools\/assets\/img\/test_result\/0\/1.png\" style=\"display: none\" alt=\"\" title=\"\">\r\n                  <img decoding=\"async\" src=\"\/wp-content\/themes\/generatepress\/tools\/assets\/img\/test_result\/6\/1.png\" style=\"display: none\" alt=\"\" title=\"\">\r\n                  <img decoding=\"async\" src=\"\/wp-content\/themes\/generatepress\/tools\/assets\/img\/test_result\/7\/1.png\" style=\"display: none\" alt=\"\" title=\"\">\r\n                  <img decoding=\"async\" src=\"\/wp-content\/themes\/generatepress\/tools\/assets\/img\/test_result\/4\/1.png\" style=\"display: none\" alt=\"\" title=\"\">\r\n                  <script>\r\n                     var test_result = {\"ratings\":{\"min\":0,\"max\":5},\"rating_ranks\":[\"Your Rank is Snail!\",\"Your Rank is Koala!\",\"Your Rank is Turtle!\",\"Your Rank is Panda!\",\"Your Rank is Hare!\",\"Your Rank is Kangaroo!\",\"Your Rank is Panther!\",\"Your Rank is Cheetah!\"],\"cps_scale\":[[0,1],[1,3],[3,5],[5,7],[7,9],[9,10],[10,12],[12,999]],\"files\":{\"3\":[\"\\\/wp-content\\\/themes\\\/generatepress\\\/tools\\\\assets\\\/img\\\/test_result\\\/3\\\/1.png\"],\"5\":[\"\\\/wp-content\\\/themes\\\/generatepress\\\/tools\\\\assets\\\/img\\\/test_result\\\/5\\\/1.png\"],\"1\":[\"\\\/wp-content\\\/themes\\\/generatepress\\\/tools\\\\assets\\\/img\\\/test_result\\\/1\\\/1.png\"],\"2\":[\"\\\/wp-content\\\/themes\\\/generatepress\\\/tools\\\\assets\\\/img\\\/test_result\\\/2\\\/1.png\"],\"0\":[\"\\\/wp-content\\\/themes\\\/generatepress\\\/tools\\\\assets\\\/img\\\/test_result\\\/0\\\/1.png\"],\"6\":[\"\\\/wp-content\\\/themes\\\/generatepress\\\/tools\\\\assets\\\/img\\\/test_result\\\/6\\\/1.png\"],\"7\":[\"\\\/wp-content\\\/themes\\\/generatepress\\\/tools\\\\assets\\\/img\\\/test_result\\\/7\\\/1.png\"],\"4\":[\"\\\/wp-content\\\/themes\\\/generatepress\\\/tools\\\\assets\\\/img\\\/test_result\\\/4\\\/1.png\"]}};\r\n                     var language = {\"code\":\"en\",\"name\":\"English\",\"prefix\":\"\"};\r\n                     var monitoringClickEvent = 'left';\r\n                     var shareTextDefault = 'My CPS result is {speed} ({clicks} Clicks in {time} Seconds)';\r\n                  <\/script>        \r\n               <\/div>\r\n            <\/section>\r\n\t\t\r\n\t<\/div>\r\n<\/div>\r\n\r\n    <script src=\"\/wp-content\/themes\/generatepress\/tools\/assets\/js\/libs.min.js\"><\/script>\r\n      <script src=\"\/wp-content\/themes\/generatepress\/tools\/assets\/js\/main.min.js?v64\"><\/script>\r\n\n\n\n\n<div style=\"height:5px\" aria-hidden=\"true\" class=\"wp-block-spacer\"><\/div>\n\n\n\n<p>La capacit\u00e0 di cliccare rapidamente e con precisione \u00e8 diventata sempre pi\u00f9 importante. Il test CPS da 60 secondi \u00e8 uno strumento online semplice ma efficace, progettato per misurare la velocit\u00e0 e la precisione del clic di un individuo nell&#8217;arco di 60 secondi. In questo articolo, approfondiremo il significato di questo test, la sua metodologia e come pu\u00f2 essere uno strumento prezioso per valutare e migliorare le proprie capacit\u00e0 di clic.<\/p>\n\n\n\n<p>Il&nbsp;<a href=\"https:\/\/cpstesters-com.translate.goog\/?_x_tr_sl=en&amp;_x_tr_tl=nl&amp;_x_tr_hl=en&amp;_x_tr_pto=wapp\" rel=\"noopener\">test CPS<\/a>&nbsp;da 60 secondi \u00e8 specificamente progettato per valutare il tasso&nbsp;<a href=\"https:\/\/cpstesters-com.translate.goog\/tap-speed-test\/?_x_tr_sl=en&amp;_x_tr_tl=nl&amp;_x_tr_hl=en&amp;_x_tr_pto=wapp\" rel=\"noopener\">di clic al secondo<\/a>&nbsp;(CPS) di un individuo. CPS si riferisce al numero di clic che una persona pu\u00f2 effettuare in un singolo secondo. Questo test fornisce una piattaforma in cui gli utenti possono mostrare la loro abilit\u00e0 nel clic e confrontare i loro risultati con quelli degli altri.<\/p>\n\n\n<div class=\"wp-block-image\">\n<figure class=\"aligncenter\"><img loading=\"lazy\" decoding=\"async\" width=\"1000\" height=\"500\" src=\"https:\/\/i0.wp.com\/cpstesters.com\/wp-content\/uploads\/2022\/08\/60-sec-CPs-TESt.jpg?resize=1000%2C500&amp;ssl=1\" alt=\"Test CPS di 60 secondi\" class=\"wp-image-287\" title=\"\" srcset=\"https:\/\/cpstesters.com\/wp-content\/uploads\/2022\/08\/60-sec-CPs-TESt.jpg 1000w, https:\/\/cpstesters.com\/wp-content\/uploads\/2022\/08\/60-sec-CPs-TESt-300x150.jpg 300w, https:\/\/cpstesters.com\/wp-content\/uploads\/2022\/08\/60-sec-CPs-TESt-768x384.jpg 768w\" sizes=\"auto, (max-width: 1000px) 100vw, 1000px\" \/><figcaption class=\"wp-element-caption\">Test CPS di 60 secondi<\/figcaption><\/figure>\n<\/div>\n\n\n<p><\/p>\n\n\n\n<p>Per svolgere il test CPS di 60 secondi, gli utenti possono accedere al sito Web designato o alla piattaforma che ospita il test. All&#8217;avvio del test, agli utenti viene presentato un timer che parte da 60 secondi. Durante questo lasso di tempo, i partecipanti devono cliccare rapidamente su un&#8217;area target designata il maggior numero di volte possibile. Una volta terminato il timer, il test calcola automaticamente il tasso CPS e fornisce un punteggio finale.<\/p>\n\n\n\n<h2 class=\"wp-block-heading\">Vantaggi e importanza:<\/h2>\n\n\n\n<ol class=\"wp-block-list\">\n<li>Velocit\u00e0 e precisione del clic: il test CPS da 60 secondi consente agli individui di valutare e migliorare la propria velocit\u00e0 e precisione del clic. Esercitandosi e puntando a percentuali CPS pi\u00f9 elevate, gli utenti possono migliorare la propria capacit\u00e0 di elaborare rapidamente gli stimoli visivi e rispondere con clic rapidi e precisi.<\/li>\n\n\n\n<li>Prestazioni di gioco: la velocit\u00e0 e la precisione del clic svolgono un ruolo cruciale in vari scenari di gioco. Il test CPS di 60 secondi pu\u00f2 fungere da eccellente strumento di allenamento per i giocatori, aiutandoli a migliorare il tempo di reazione e le prestazioni complessive, in particolare nei giochi frenetici che richiedono clic rapidi.<\/li>\n\n\n\n<li>Miglioramento della produttivit\u00e0: nelle professioni che comportano un uso intensivo del computer, come l&#8217;inserimento dati o il lavoro di progettazione, il test CPS da 60 secondi pu\u00f2 migliorare significativamente la produttivit\u00e0. Monitorando e migliorando la velocit\u00e0 di clic, gli utenti possono semplificare il flusso di lavoro e ridurre il tempo dedicato a compiti ripetitivi.<\/li>\n\n\n\n<li>Coordinazione occhio-mano: il test CPS da 60 secondi contribuisce allo sviluppo della coordinazione occhio-mano. Sfidando e migliorando la velocit\u00e0 di clic, gli utenti possono migliorare la loro capacit\u00e0 di sincronizzare i movimenti delle mani con gli spunti visivi, il che pu\u00f2 essere utile in varie attivit\u00e0 e compiti che richiedono un controllo preciso.<\/li>\n<\/ol>\n\n\n\n<h2 class=\"wp-block-heading\">Suggerimenti per migliorare il tasso CPS:<\/h2>\n\n\n\n<ol class=\"wp-block-list\">\n<li>Pratica regolare: come ogni abilit\u00e0, la velocit\u00e0 e la precisione del clic possono essere migliorate tramite pratica costante. Partecipare regolarmente al test CPS di 60 secondi pu\u00f2 aiutare gli utenti a migliorare le proprie capacit\u00e0 di clic e ad aumentare il tasso di CPS nel tempo.<\/li>\n\n\n\n<li>Attenzione e concentrazione: mantenere attenzione e concentrazione durante il test \u00e8 fondamentale. Ridurre al minimo le distrazioni e sforzarsi di cliccare sull&#8217;area bersaglio con precisione pu\u00f2 aiutare a evitare errori non necessari che potrebbero ostacolare il tasso CPS.<\/li>\n\n\n\n<li>Ergonomia: presta attenzione ai fattori ergonomici come una seduta comoda, un corretto posizionamento delle mani e un mouse o un trackpad ben funzionante. Una configurazione ergonomica pu\u00f2 migliorare il comfort e promuovere prestazioni di clic ottimali.<\/li>\n<\/ol>\n\n\n\n<p>Il test CPS da 60 secondi fornisce un mezzo prezioso per valutare la velocit\u00e0 e la precisione del clic. Che si tratti di sviluppo personale, miglioramento del gioco o aumento della produttivit\u00e0 in contesti professionali, questo test offre una piattaforma coinvolgente per sfidare se stessi e migliorare le capacit\u00e0 di clic. Praticando regolarmente e concentrandosi sul miglioramento del tasso CPS, gli utenti possono migliorare la loro velocit\u00e0, precisione e prestazioni complessive. Quindi, perch\u00e9 non prendersi un minuto per testare le proprie capacit\u00e0 di clic e intraprendere un percorso di miglioramento?<\/p>\n\n\n\n<h3 class=\"wp-block-heading\">Altri test di clic<\/h3>\n\n\n\n<ul class=\"wp-block-list\">\n<li><a href=\"https:\/\/cpstesters-com.translate.goog\/?_x_tr_sl=en&amp;_x_tr_tl=nl&amp;_x_tr_hl=en&amp;_x_tr_pto=wapp\" target=\"_blank\" rel=\"noreferrer noopener\">Test CPS<\/a>\u00a0(test di base)<\/li>\n\n\n\n<li><a href=\"https:\/\/cpstesters-com.translate.goog\/right-click-cps-test\/?_x_tr_sl=en&amp;_x_tr_tl=nl&amp;_x_tr_hl=en&amp;_x_tr_pto=wapp\" target=\"_blank\" rel=\"noreferrer noopener\">Test CPS con clic destro<\/a><\/li>\n\n\n\n<li><a href=\"https:\/\/cpstesters-com.translate.goog\/jitter-click-test\/?_x_tr_sl=en&amp;_x_tr_tl=nl&amp;_x_tr_hl=en&amp;_x_tr_pto=wapp\" target=\"_blank\" rel=\"noreferrer noopener\">Test di clic di jitter<\/a><\/li>\n\n\n\n<li><a href=\"https:\/\/cpstesters-com.translate.goog\/kohi-click-test\/?_x_tr_sl=en&amp;_x_tr_tl=nl&amp;_x_tr_hl=en&amp;_x_tr_pto=wapp\" target=\"_blank\" rel=\"noreferrer noopener\">Test di clic Kohi<\/a><\/li>\n\n\n\n<li><a href=\"https:\/\/cpstesters-com.translate.goog\/manual-click-test\/?_x_tr_sl=en&amp;_x_tr_tl=nl&amp;_x_tr_hl=en&amp;_x_tr_pto=wapp\" target=\"_blank\" rel=\"noreferrer noopener\">Test di clic manuale<\/a><\/li>\n<\/ul>\n","protected":false},"excerpt":{"rendered":"<p>60 Second CPS Test \u00e8 uno dei migliori test di clic a causa del tempo aumentato, gioca e migliora il tuo gioco di clic in &#8230; <\/p>\n<p class=\"read-more-container\"><a title=\"Test CPS di 60 secondi per verificare la velocit\u00e0 dei clic\" class=\"read-more button\" href=\"https:\/\/cpstesters.com\/it\/60-second-cps-test\/#more-2101\" aria-label=\"Per saperne di pi\u00f9 su Test CPS di 60 secondi per verificare la velocit\u00e0 dei clic\">Read More<\/a><\/p>\n","protected":false},"author":4,"featured_media":0,"parent":0,"menu_order":0,"comment_status":"closed","ping_status":"closed","template":"","meta":{"footnotes":""},"class_list":["post-2101","page","type-page","status-publish"],"_links":{"self":[{"href":"https:\/\/cpstesters.com\/it\/wp-json\/wp\/v2\/pages\/2101","targetHints":{"allow":["GET"]}}],"collection":[{"href":"https:\/\/cpstesters.com\/it\/wp-json\/wp\/v2\/pages"}],"about":[{"href":"https:\/\/cpstesters.com\/it\/wp-json\/wp\/v2\/types\/page"}],"author":[{"embeddable":true,"href":"https:\/\/cpstesters.com\/it\/wp-json\/wp\/v2\/users\/4"}],"replies":[{"embeddable":true,"href":"https:\/\/cpstesters.com\/it\/wp-json\/wp\/v2\/comments?post=2101"}],"version-history":[{"count":5,"href":"https:\/\/cpstesters.com\/it\/wp-json\/wp\/v2\/pages\/2101\/revisions"}],"predecessor-version":[{"id":5990,"href":"https:\/\/cpstesters.com\/it\/wp-json\/wp\/v2\/pages\/2101\/revisions\/5990"}],"wp:attachment":[{"href":"https:\/\/cpstesters.com\/it\/wp-json\/wp\/v2\/media?parent=2101"}],"curies":[{"name":"wp","href":"https:\/\/api.w.org\/{rel}","templated":true}]}}