{"id":2090,"date":"2024-07-16T14:45:41","date_gmt":"2024-07-16T14:45:41","guid":{"rendered":"https:\/\/cpstesters.com\/chi-siamo\/"},"modified":"2024-09-17T09:38:07","modified_gmt":"2024-09-17T09:38:07","slug":"chi-siamo","status":"publish","type":"page","link":"https:\/\/cpstesters.com\/it\/chi-siamo\/","title":{"rendered":"Chi siamo"},"content":{"rendered":"\n<p>Il sito web CPStesters.com \u00e8 dedicato ad aiutarvi ad aumentare la velocit\u00e0 di clic complessiva. Diversi test di clic hanno permesso di misurare la velocit\u00e0 dei clic. Abbiamo a disposizione diversi strumenti che vi permetteranno di tenere sotto controllo le vostre prestazioni. Assistiamo gli utenti con la loro velocit\u00e0 di clic e offriamo indicazioni utili per migliorare la funzionalit\u00e0 quando si usa il mouse o altri dispositivi.<\/p>\n\n<p>Poniamo l&#8217;accento sui giocatori piuttosto che sui giochi, consentendoci di offrire informazioni chiave indipendentemente dal gioco scelto. Vogliamo fornirvi gli strumenti necessari per monitorare i vostri progressi nei vari giochi nel corso del tempo e giungere a giudizi migliori su come aumentare la vostra percentuale di clic.<\/p>\n\n<p>Forniamo un&#8217;interfaccia utente divertente e semplice da usare. Inoltre, il nostro sito web offre un test di clic migliorato che include un&#8217;interfaccia utente e un&#8217;esperienza utente (UI\/UX) contemporanee e l&#8217;opzione di visualizzare i risultati in un credito di gioco di velocit\u00e0 di clic pi\u00f9 informativo, abbiamo creato un&#8217;estetica nuova di zecca che \u00e8 sia contemporanea che attraente per gli utenti.<\/p>\n\n<p>Pensiamo costantemente a nuovi concetti che possano aiutare i nostri giocatori. Se siete alla ricerca di una soluzione creativa, fatecelo sapere! Non abbiate paura di esprimere le vostre idee. Gli offriremo il rispetto e l&#8217;apprezzamento che merita.<\/p>\n\n<p>Ci auguriamo sinceramente che il nostro CPS Tester sia utile anche a voi. Continuate a seguirci perch\u00e9 intendiamo aggiungere altre iterazioni e configurazioni a questo fantastico strumento di gioco.<\/p>\n\n<p>Ci auguriamo di vedervi qui spesso per poter utilizzare CPSTesters.com. Completate il quiz, divertitevi e accelerate il vostro clic.<\/p>\n\n<p>Per saperne di pi\u00f9 sulle nostre politiche, \u00e8 possibile visitare le pagine <a href=\"https:\/\/cpstesters.com\/it\/informativa-sulla-privacy\/\" target=\"_blank\" rel=\"noreferrer noopener\">relative all&#8217;Informativa sulla privacy<\/a> e ai <a href=\"https:\/\/cpstesters.com\/it\/termini-e-condizioni\/\" target=\"_blank\" rel=\"noreferrer noopener\">Termini e condizioni<\/a>. Inoltre, per qualsiasi domanda, non esitate a <a href=\"https:\/\/cpstesters.com\/it\/contatto\/\" target=\"_blank\" rel=\"noreferrer noopener\">contattarci<\/a>.<\/p>\n","protected":false},"excerpt":{"rendered":"<p>Il sito web CPStesters.com \u00e8 dedicato ad aiutarvi ad aumentare la velocit\u00e0 di clic complessiva. Diversi test di clic hanno permesso di misurare la velocit\u00e0 &#8230; <\/p>\n<p class=\"read-more-container\"><a title=\"Chi siamo\" class=\"read-more button\" href=\"https:\/\/cpstesters.com\/it\/chi-siamo\/#more-2090\" aria-label=\"Per saperne di pi\u00f9 su Chi siamo\">Read More<\/a><\/p>\n","protected":false},"author":4,"featured_media":0,"parent":0,"menu_order":0,"comment_status":"closed","ping_status":"closed","template":"","meta":{"footnotes":""},"class_list":["post-2090","page","type-page","status-publish"],"_links":{"self":[{"href":"https:\/\/cpstesters.com\/it\/wp-json\/wp\/v2\/pages\/2090","targetHints":{"allow":["GET"]}}],"collection":[{"href":"https:\/\/cpstesters.com\/it\/wp-json\/wp\/v2\/pages"}],"about":[{"href":"https:\/\/cpstesters.com\/it\/wp-json\/wp\/v2\/types\/page"}],"author":[{"embeddable":true,"href":"https:\/\/cpstesters.com\/it\/wp-json\/wp\/v2\/users\/4"}],"replies":[{"embeddable":true,"href":"https:\/\/cpstesters.com\/it\/wp-json\/wp\/v2\/comments?post=2090"}],"version-history":[{"count":3,"href":"https:\/\/cpstesters.com\/it\/wp-json\/wp\/v2\/pages\/2090\/revisions"}],"predecessor-version":[{"id":3790,"href":"https:\/\/cpstesters.com\/it\/wp-json\/wp\/v2\/pages\/2090\/revisions\/3790"}],"wp:attachment":[{"href":"https:\/\/cpstesters.com\/it\/wp-json\/wp\/v2\/media?parent=2090"}],"curies":[{"name":"wp","href":"https:\/\/api.w.org\/{rel}","templated":true}]}}