{"id":2039,"date":"2024-07-16T14:24:55","date_gmt":"2024-07-16T14:24:55","guid":{"rendered":"https:\/\/cpstesters.com\/test-dei-clic-in-15-secondi-per-verificare-la-velocita-del-cps\/"},"modified":"2024-09-17T07:05:29","modified_gmt":"2024-09-17T07:05:29","slug":"15-second-click-test","status":"publish","type":"page","link":"https:\/\/cpstesters.com\/it\/15-second-click-test\/","title":{"rendered":"Test di clic di 15 secondi | Controlla la velocit\u00e0 del tuo CPS"},"content":{"rendered":"\n<p>Il 15 Second Click Test \u00e8 un fantastico gioco di test di velocit\u00e0 che ti aiuter\u00e0 a determinare la velocit\u00e0 del tuo clic in 15 secondi.<\/p>\n\n\n<div class=\"row\">\r\n\t<div class=\"col-md-4\">\r\n\r\n\t\t\r\n\t\t\r\n\t\t<div class=\"side_nav\">\r\n            \r\n            \r\n             <ul class=\"time\">\r\n            <li>\r\n             <a href=\"https:\/\/cpstesters.com\/1-second-cps-test\/\"> <span data-time=\"1\">1 Second Test<\/span><\/a>\r\n            <\/li><li>\r\n             <a href=\"https:\/\/cpstesters.com\/2-second-cps-test\/\"><span data-time=\"2\">2 Second Test<\/span><\/a>\r\n            <\/li><li>\r\n           <a href=\"https:\/\/cpstesters.com\/5-second-cps-test\/\"><span data-time=\"5\">5 Second Test<\/span><\/a>\r\n            <\/li><li>\r\n\t\t\t\t <a href=\"https:\/\/cpstesters.com\/10-second-cps-test\/\"><span data-time=\"10\">10 Second Test<\/span><\/a>\r\n            <\/li><li>\r\n             <a href=\"https:\/\/cpstesters.com\/15-second-click-test\/\"><span data-time=\"15\" class=\"active\">15 Second Test<\/span><\/a>\r\n            <\/li>\r\n\t\t\t\t <li>\r\n             <a href=\"https:\/\/cpstesters.com\/30-second-cps-test\/\"><span data-time=\"30\">30 Second Test<\/span><\/a>\r\n            <\/li><li>\r\n\t\t\t\t<li>\r\n             <a href=\"https:\/\/cpstesters.com\/60-second-cps-test\/\"><span data-time=\"60\">60 Second Test<\/span><\/a>\r\n            <\/li><li>\r\n\t\t\t\t<li>\r\n             <a href=\"https:\/\/cpstesters.com\/100-second-cps-test\/\"><span data-time=\"100\">100 Second Test<\/span><\/a>\r\n            <\/li>\r\n\t\t\t\t <li>\r\n             <a href=\"https:\/\/cpstesters.com\/manual-click-test\/\"><span data-time=\"20\">Manual Click Test<\/span><\/a>\r\n            <\/li><\/ul>\r\n            <\/div>\r\n\t\t\r\n\t\t\r\n\t<\/div>\r\n\t<div class=\"col-md-8\">\r\n\t\t<section class=\"section section--full js-section-full section--click\">\r\n               <div class=\"container\">\r\n\t\t\t\t   \r\n\t\t\t\t         <div class=\"setting\">\r\n    <div class=\"theme-mode\"><a class=\"theme-mode__switch js-switch\" href=\"javascript:void(0);\"><\/a>\r\n        <div class=\"theme-mode__text\">Light \/ Dark mode<\/div>\r\n    <\/div>\r\n<\/div>\r\n\t\t\t\t   \r\n\t\t\t\t   \r\n                  <div class=\"statistics\">\r\n                     <div class=\"statistics__item statistics__item--timer\">\r\n                        <div class=\"statistics__number\">\r\n                           <span class=\"js-time number_timer\">15.00<\/span>\r\n                           <a class=\"statistics__arrow statistics__arrow--up js-time-up\" href=\"javascript:void(0);\">\r\n                              <svg class=\"icon icon-arrow-up \">\r\n                                 <use xlink:href=\"\/wp-content\/themes\/generatepress\/tools\/assets\/img\/spritesvg.svg#arrow-up\"><\/use>\r\n                              <\/svg>\r\n                           <\/a>\r\n                           <a class=\"statistics__arrow statistics__arrow--down js-time-down\" href=\"javascript:void(0);\">\r\n                              <svg class=\"icon icon-arrow-up \">\r\n                                 <use xlink:href=\"\/wp-content\/themes\/generatepress\/tools\/assets\/img\/spritesvg.svg#arrow-up\"><\/use>\r\n                              <\/svg>\r\n                           <\/a>\r\n                        <\/div>\r\n                        <div class=\"statistics__title\">Timer<\/div>\r\n                     <\/div>\r\n                     <div class=\"statistics__item statistics__item--clicks\">\r\n                        <div class=\"statistics__number number_clicks js-speed\">0.00<\/div>\r\n                        <div class=\"statistics__title\">Clicks \/ s<\/div>\r\n                     <\/div>\r\n                     <div class=\"statistics__item statistics__item--score\">\r\n                        <div class=\"statistics__number number_score js-score\">0<\/div>\r\n                        <div class=\"statistics__title\">Score<\/div>\r\n                     <\/div>\r\n                  <\/div>\r\n                  <div class=\"clicks-zone\">\r\n                     <div class=\"clicks-zone__start js-clicks-start\">\r\n                        <svg class=\"icon icon-click \">\r\n                           <use xlink:href=\"\/wp-content\/themes\/generatepress\/tools\/assets\/img\/spritesvg.svg#click\"><\/use>\r\n                        <\/svg>\r\n                        <div class=\"clicks-zone__start-title\">\u0421lick here to start cps test<\/div>\r\n                     <\/div>\r\n                     <div class=\"clicks-zone__clicks js-clicks\"><\/div>\r\n                     <div class=\"clicks-zone__result result-clicks js-clicks-result\">\r\n                        <div class=\"result-clicks__title rank-wrapper\"><\/div>\r\n                        <div class=\"result-clicks__text\">Your CPS result is <span class=\"speed js-stat-speed\"><\/span> (<span class=\"clicks js-stat-clicks\"><\/span> Clicks in <span class=\"time js-stat-time\"><\/span> Seconds)<\/div>\r\n                        <div class=\"result-clicks__img\"><img><\/div>\r\n                        <a class=\"result-clicks__btn js-try-again\" href=\"javascript:void(0);\">\r\n                           <svg class=\"icon icon-again \">\r\n                              <use xlink:href=\"\/wp-content\/themes\/generatepress\/tools\/assets\/img\/spritesvg.svg#again\"><\/use>\r\n                           <\/svg>\r\n                           Restart\r\n                        <\/a>\r\n                        <div class=\"result-clicks__share\">\r\n                           <div class=\"result-clicks__share-title\">Share your result with friends!<\/div>\r\n                           <div class=\"share-buttons\">\r\n                              <a class=\"share-button facebook\" data-href=\"https:\/\/www.facebook.com\/sharer\/sharer.php?u=https:\/\/cpstesters.com\/\" target=\"_blank\" onclick=\"goclicky(this); return false;\" rel=\"noopener\">Facebook<\/a>\r\n                              <a class=\"share-button twitter\" data-href=\"http:\/\/www.twitter.com\/share?url=https:\/\/cpstesters.com\/&text=[text]\" target=\"_blank\" onclick=\"goclicky(this); return false;\" rel=\"noopener\">Twitter<\/a>\r\n                              <a class=\"share-button whatsapp\" data-href=\"https:\/\/api.whatsapp.com\/send?text=[text]\" target=\"_blank\" onclick=\"goclicky(this); return false;\" rel=\"noopener\">WhatsApp<\/a>\r\n                              <a class=\"share-button reddit\" data-href=\"http:\/\/www.reddit.com\/submit?url=https:\/\/cpstesters.com\/&title=[text]\" target=\"_blank\" onclick=\"goclicky(this); return false;\" rel=\"noopener\">Reddit<\/a>\r\n                           <\/div>\r\n                        <\/div>\r\n                     <\/div>\r\n                  <\/div>\r\n                  <img decoding=\"async\" src=\"\/wp-content\/themes\/generatepress\/tools\/assets\/img\/test_result\/3\/1.png\" style=\"display: none\" alt=\"\" title=\"\">\r\n                  <img decoding=\"async\" src=\"\/wp-content\/themes\/generatepress\/tools\/assets\/img\/test_result\/5\/1.png\" style=\"display: none\" alt=\"\" title=\"\">\r\n                  <img decoding=\"async\" src=\"\/wp-content\/themes\/generatepress\/tools\/assets\/img\/test_result\/1\/1.png\" style=\"display: none\" alt=\"\" title=\"\">\r\n                  <img decoding=\"async\" src=\"\/wp-content\/themes\/generatepress\/tools\/assets\/img\/test_result\/2\/1.png\" style=\"display: none\" alt=\"\" title=\"\">\r\n                  <img decoding=\"async\" src=\"\/wp-content\/themes\/generatepress\/tools\/assets\/img\/test_result\/0\/1.png\" style=\"display: none\" alt=\"\" title=\"\">\r\n                  <img decoding=\"async\" src=\"\/wp-content\/themes\/generatepress\/tools\/assets\/img\/test_result\/6\/1.png\" style=\"display: none\" alt=\"\" title=\"\">\r\n                  <img decoding=\"async\" src=\"\/wp-content\/themes\/generatepress\/tools\/assets\/img\/test_result\/7\/1.png\" style=\"display: none\" alt=\"\" title=\"\">\r\n                  <img decoding=\"async\" src=\"\/wp-content\/themes\/generatepress\/tools\/assets\/img\/test_result\/4\/1.png\" style=\"display: none\" alt=\"\" title=\"\">\r\n                  <script>\r\n                     var test_result = {\"ratings\":{\"min\":0,\"max\":5},\"rating_ranks\":[\"Your Rank is Snail!\",\"Your Rank is Koala!\",\"Your Rank is Turtle!\",\"Your Rank is Panda!\",\"Your Rank is Hare!\",\"Your Rank is Kangaroo!\",\"Your Rank is Panther!\",\"Your Rank is Cheetah!\"],\"cps_scale\":[[0,1],[1,3],[3,5],[5,7],[7,9],[9,10],[10,12],[12,999]],\"files\":{\"3\":[\"\\\/wp-content\\\/themes\\\/generatepress\\\/tools\\\\assets\\\/img\\\/test_result\\\/3\\\/1.png\"],\"5\":[\"\\\/wp-content\\\/themes\\\/generatepress\\\/tools\\\\assets\\\/img\\\/test_result\\\/5\\\/1.png\"],\"1\":[\"\\\/wp-content\\\/themes\\\/generatepress\\\/tools\\\\assets\\\/img\\\/test_result\\\/1\\\/1.png\"],\"2\":[\"\\\/wp-content\\\/themes\\\/generatepress\\\/tools\\\\assets\\\/img\\\/test_result\\\/2\\\/1.png\"],\"0\":[\"\\\/wp-content\\\/themes\\\/generatepress\\\/tools\\\\assets\\\/img\\\/test_result\\\/0\\\/1.png\"],\"6\":[\"\\\/wp-content\\\/themes\\\/generatepress\\\/tools\\\\assets\\\/img\\\/test_result\\\/6\\\/1.png\"],\"7\":[\"\\\/wp-content\\\/themes\\\/generatepress\\\/tools\\\\assets\\\/img\\\/test_result\\\/7\\\/1.png\"],\"4\":[\"\\\/wp-content\\\/themes\\\/generatepress\\\/tools\\\\assets\\\/img\\\/test_result\\\/4\\\/1.png\"]}};\r\n                     var language = {\"code\":\"en\",\"name\":\"English\",\"prefix\":\"\"};\r\n                     var monitoringClickEvent = 'left';\r\n                     var shareTextDefault = 'My CPS result is {speed} ({clicks} Clicks in {time} Seconds)';\r\n                  <\/script>        \r\n               <\/div>\r\n            <\/section>\r\n\t\t\r\n\t<\/div>\r\n<\/div>\r\n\r\n    <script src=\"\/wp-content\/themes\/generatepress\/tools\/assets\/js\/libs.min.js\"><\/script>\r\n      <script src=\"\/wp-content\/themes\/generatepress\/tools\/assets\/js\/main.min.js?v64\"><\/script>\r\n\n\n\n\n<p><\/p>\n\n\n\n<h2 class=\"wp-block-heading\">Che cosa \u00e8 il test del clic di 15 secondi<\/h2>\n\n\n\n<p>Ora passa da questo livello di&nbsp;<a href=\"https:\/\/cpstesters-com.translate.goog\/tap-speed-test\/?_x_tr_sl=en&amp;_x_tr_tl=nl&amp;_x_tr_hl=en&amp;_x_tr_pto=wapp\" rel=\"noopener\">test della velocit\u00e0 di clic<\/a>&nbsp;a un po&#8217; pi\u00f9 difficile. L&#8217;aspetto pi\u00f9 difficile \u00e8 mantenere l&#8217;esatta velocit\u00e0 di clic fino alla fine. Tuttavia, con una pratica rigorosa, otterrai il punteggio cps desiderato mantenendo la coerenza dei tuoi clic.<\/p>\n\n\n\n<p>Il test del clic di 15 secondi ha un design semplice e, per superarlo, devi cliccare sul bersaglio il pi\u00f9 rapidamente possibile. Dopo aver finito di cliccare, lo strumento del test del clic di 15 secondi ti offrir\u00e0 un punteggio complessivo e alcune osservazioni.<\/p>\n\n\n\n<p class=\"has-text-align-center has-base-3-color has-text-color has-background has-medium-font-size\" style=\"background-color:#ffb15e\">You Can Also Check Main <a href=\"https:\/\/cpstesters.com\/it\/\">CPS Test<\/a><\/p>\n\n\n<div class=\"wp-block-image\">\n<figure class=\"aligncenter size-full\"><img loading=\"lazy\" decoding=\"async\" width=\"1000\" height=\"500\" src=\"https:\/\/cpstesters.com\/wp-content\/uploads\/2022\/08\/Untitled-design-3.jpg\" alt=\"Test dei 15 secondi di clic\" class=\"wp-image-179\" title=\"\" srcset=\"https:\/\/cpstesters.com\/wp-content\/uploads\/2022\/08\/Untitled-design-3.jpg 1000w, https:\/\/cpstesters.com\/wp-content\/uploads\/2022\/08\/Untitled-design-3-300x150.jpg 300w, https:\/\/cpstesters.com\/wp-content\/uploads\/2022\/08\/Untitled-design-3-768x384.jpg 768w\" sizes=\"auto, (max-width: 1000px) 100vw, 1000px\" \/><figcaption class=\"wp-element-caption\">Test dei 15 secondi di clic<\/figcaption><\/figure>\n<\/div>\n\n\n<p>Il test di velocit\u00e0 di clic di 15 secondi \u00e8 un&#8217;eccellente risorsa per affinare le tue capacit\u00e0 di trascinamento-clic. Puoi imparare a cliccare rapidamente in soli 10 secondi. Il test cps di 15 secondi \u00e8 sia una risorsa utile e gratuita che un modo piacevole per passare il tempo.<\/p>\n\n\n\n<h2 class=\"wp-block-heading\">Domande frequenti sui test<\/h2>\n\n\n\n<h3 class=\"wp-block-heading\"><strong>Quanto tempo ci vuole per cliccare mille volte?<\/strong><\/h3>\n\n\n\n<p>Se la frequenza di clic di una persona \u00e8 in genere di otto clic al secondo, il tempo necessario per cliccare mille volte sarebbe di circa un minuto e venticinque secondi.<\/p>\n\n\n\n<h3 class=\"wp-block-heading\"><strong>Chi detiene il record mondiale per il test CPS pi\u00f9 veloce in 15 secondi?<\/strong><\/h3>\n\n\n\n<p>In questo periodo, il CPS pi\u00f9 alto raggiungibile \u00e8 18,6. (279 clic). Questo \u00e8 stato raggiunto dal tester australiano Gobstoppa.<\/p>\n\n\n\n<h2 class=\"wp-block-heading\">Parole finali sul test CPS di 15 secondi<\/h2>\n\n\n\n<p>Il test di clic 15 al secondo \u00e8 un programma meraviglioso creato per valutare la velocit\u00e0 di clic dell&#8217;utente. Il dispositivo ha un&#8217;interfaccia utente facile da usare e pu\u00f2 aumentare il numero di volte in cui clicchi al secondo.<\/p>\n\n\n\n<p>Ai nostri utenti \u00e8 piaciuto anche<\/p>\n\n\n\n<ul class=\"wp-block-list\">\n<li><a href=\"https:\/\/cpstesters-com.translate.goog\/jitter-click-test\/?_x_tr_sl=en&amp;_x_tr_tl=nl&amp;_x_tr_hl=en&amp;_x_tr_pto=wapp\" target=\"_blank\" rel=\"noreferrer noopener\">Test di clic di jitter<\/a><\/li>\n\n\n\n<li><a href=\"https:\/\/cpstesters-com.translate.goog\/kohi-click-test\/?_x_tr_sl=en&amp;_x_tr_tl=nl&amp;_x_tr_hl=en&amp;_x_tr_pto=wapp\" target=\"_blank\" rel=\"noreferrer noopener\">Test di clic Kohi<\/a><\/li>\n\n\n\n<li><a href=\"https:\/\/cpstesters-com.translate.goog\/right-click-cps-test\/?_x_tr_sl=en&amp;_x_tr_tl=nl&amp;_x_tr_hl=en&amp;_x_tr_pto=wapp\" target=\"_blank\" rel=\"noreferrer noopener\">Test CPS con clic destro<\/a><\/li>\n\n\n\n<li><a href=\"https:\/\/cpstesters-com.translate.goog\/butterfly-click-test\/?_x_tr_sl=en&amp;_x_tr_tl=nl&amp;_x_tr_hl=en&amp;_x_tr_pto=wapp\" target=\"_blank\" rel=\"noreferrer noopener\">Test del clic della farfalla<\/a><\/li>\n<\/ul>\n","protected":false},"excerpt":{"rendered":"<p>Il 15 Second Click Test \u00e8 un fantastico gioco di test di velocit\u00e0 che ti aiuter\u00e0 a determinare la velocit\u00e0 del tuo clic in 15 &#8230; <\/p>\n<p class=\"read-more-container\"><a title=\"Test di clic di 15 secondi | Controlla la velocit\u00e0 del tuo CPS\" class=\"read-more button\" href=\"https:\/\/cpstesters.com\/it\/15-second-click-test\/#more-2039\" aria-label=\"Per saperne di pi\u00f9 su Test di clic di 15 secondi | Controlla la velocit\u00e0 del tuo CPS\">Read More<\/a><\/p>\n","protected":false},"author":4,"featured_media":1006,"parent":0,"menu_order":0,"comment_status":"closed","ping_status":"closed","template":"","meta":{"footnotes":""},"class_list":["post-2039","page","type-page","status-publish","has-post-thumbnail"],"_links":{"self":[{"href":"https:\/\/cpstesters.com\/it\/wp-json\/wp\/v2\/pages\/2039","targetHints":{"allow":["GET"]}}],"collection":[{"href":"https:\/\/cpstesters.com\/it\/wp-json\/wp\/v2\/pages"}],"about":[{"href":"https:\/\/cpstesters.com\/it\/wp-json\/wp\/v2\/types\/page"}],"author":[{"embeddable":true,"href":"https:\/\/cpstesters.com\/it\/wp-json\/wp\/v2\/users\/4"}],"replies":[{"embeddable":true,"href":"https:\/\/cpstesters.com\/it\/wp-json\/wp\/v2\/comments?post=2039"}],"version-history":[{"count":5,"href":"https:\/\/cpstesters.com\/it\/wp-json\/wp\/v2\/pages\/2039\/revisions"}],"predecessor-version":[{"id":5781,"href":"https:\/\/cpstesters.com\/it\/wp-json\/wp\/v2\/pages\/2039\/revisions\/5781"}],"wp:featuredmedia":[{"embeddable":true,"href":"https:\/\/cpstesters.com\/it\/wp-json\/wp\/v2\/media\/1006"}],"wp:attachment":[{"href":"https:\/\/cpstesters.com\/it\/wp-json\/wp\/v2\/media?parent=2039"}],"curies":[{"name":"wp","href":"https:\/\/api.w.org\/{rel}","templated":true}]}}