{"id":1961,"date":"2024-07-16T14:08:15","date_gmt":"2024-07-16T14:08:15","guid":{"rendered":"https:\/\/cpstesters.com\/5-secondi-di-test-cps-per-verificare-la-velocita-dei-clic\/"},"modified":"2024-09-17T09:28:39","modified_gmt":"2024-09-17T09:28:39","slug":"5-second-cps-test","status":"publish","type":"page","link":"https:\/\/cpstesters.com\/it\/5-second-cps-test\/","title":{"rendered":"5 secondi di test CPS per verificare la velocit\u00e0 dei clic"},"content":{"rendered":"\n<p>Il test CPS in 5 secondi \u00e8 un gioco di velocit\u00e0 per fare clic. Se siete principianti, vi aiuter\u00e0 a verificare la velocit\u00e0 con cui riuscite a fare clic in 5 secondi.<\/p>\n<div class=\"row\">\r\n\t<div class=\"col-md-4\">\r\n\r\n\t\t\r\n\t\t\r\n\t\t<div class=\"side_nav\">\r\n            \r\n            \r\n             <ul class=\"time\">\r\n            <li>\r\n             <a href=\"https:\/\/cpstesters.com\/1-second-cps-test\/\"> <span data-time=\"1\">1 Second Test<\/span><\/a>\r\n            <\/li><li>\r\n             <a href=\"https:\/\/cpstesters.com\/2-second-cps-test\/\"><span data-time=\"2\">2 Second Test<\/span><\/a>\r\n            <\/li><li>\r\n           <a href=\"https:\/\/cpstesters.com\/5-second-cps-test\/\"><span data-time=\"5\" class=\"active\">5 Second Test<\/span><\/a>\r\n            <\/li><li>\r\n\t\t\t\t <a href=\"https:\/\/cpstesters.com\/10-second-cps-test\/\"><span data-time=\"10\">10 Second Test<\/span><\/a>\r\n            <\/li><li>\r\n             <a href=\"https:\/\/cpstesters.com\/15-second-click-test\/\"><span data-time=\"15\">15 Second Test<\/span><\/a>\r\n            <\/li>\r\n\t\t\t\t \t<li>\r\n             <a href=\"https:\/\/cpstesters.com\/30-second-cps-test\/\"><span data-time=\"30\">30 Second Test<\/span><\/a>\r\n            <\/li><li>\r\n\t\t\t\t<li>\r\n             <a href=\"https:\/\/cpstesters.com\/60-second-cps-test\/\"><span data-time=\"60\">60 Second Test<\/span><\/a>\r\n            <\/li><li>\r\n\t\t\t\t<li>\r\n             <a href=\"https:\/\/cpstesters.com\/100-second-cps-test\/\"><span data-time=\"100\">100 Second Test<\/span><\/a>\r\n            <\/li>\r\n\t\t\t\t <li>\r\n             <a href=\"https:\/\/cpstesters.com\/manual-click-test\/\"><span data-time=\"20\">Manual Click Test<\/span><\/a>\r\n            <\/li><\/ul>\r\n            <\/div>\r\n\t\t\r\n\t\t\r\n\t<\/div>\r\n\t<div class=\"col-md-8\">\r\n\t\t<section class=\"section section--full js-section-full section--click\">\r\n               <div class=\"container\">\r\n\t\t\t\t   \r\n\t\t\t\t         <div class=\"setting\">\r\n    <div class=\"theme-mode\"><a class=\"theme-mode__switch js-switch\" href=\"javascript:void(0);\"><\/a>\r\n        <div class=\"theme-mode__text\">Light \/ Dark mode<\/div>\r\n    <\/div>\r\n<\/div>\r\n\t\t\t\t   \r\n\t\t\t\t   \r\n                  <div class=\"statistics\">\r\n                     <div class=\"statistics__item statistics__item--timer\">\r\n                        <div class=\"statistics__number\">\r\n                           <span class=\"js-time number_timer\">5.00<\/span>\r\n                           <a class=\"statistics__arrow statistics__arrow--up js-time-up\" href=\"javascript:void(0);\">\r\n                              <svg class=\"icon icon-arrow-up \">\r\n                                 <use xlink:href=\"\/wp-content\/themes\/generatepress\/tools\/assets\/img\/spritesvg.svg#arrow-up\"><\/use>\r\n                              <\/svg>\r\n                           <\/a>\r\n                           <a class=\"statistics__arrow statistics__arrow--down js-time-down\" href=\"javascript:void(0);\">\r\n                              <svg class=\"icon icon-arrow-up \">\r\n                                 <use xlink:href=\"\/wp-content\/themes\/generatepress\/tools\/assets\/img\/spritesvg.svg#arrow-up\"><\/use>\r\n                              <\/svg>\r\n                           <\/a>\r\n                        <\/div>\r\n                        <div class=\"statistics__title\">Timer<\/div>\r\n                     <\/div>\r\n                     <div class=\"statistics__item statistics__item--clicks\">\r\n                        <div class=\"statistics__number number_clicks js-speed\">0.00<\/div>\r\n                        <div class=\"statistics__title\">Clicks \/ s<\/div>\r\n                     <\/div>\r\n                     <div class=\"statistics__item statistics__item--score\">\r\n                        <div class=\"statistics__number number_score js-score\">0<\/div>\r\n                        <div class=\"statistics__title\">Score<\/div>\r\n                     <\/div>\r\n                  <\/div>\r\n                  <div class=\"clicks-zone\">\r\n                     <div class=\"clicks-zone__start js-clicks-start\">\r\n                        <svg class=\"icon icon-click \">\r\n                           <use xlink:href=\"\/wp-content\/themes\/generatepress\/tools\/assets\/img\/spritesvg.svg#click\"><\/use>\r\n                        <\/svg>\r\n                        <div class=\"clicks-zone__start-title\">\u0421lick here to start cps test<\/div>\r\n                     <\/div>\r\n                     <div class=\"clicks-zone__clicks js-clicks\"><\/div>\r\n                     <div class=\"clicks-zone__result result-clicks js-clicks-result\">\r\n                        <div class=\"result-clicks__title rank-wrapper\"><\/div>\r\n                        <div class=\"result-clicks__text\">Your CPS result is <span class=\"speed js-stat-speed\"><\/span> (<span class=\"clicks js-stat-clicks\"><\/span> Clicks in <span class=\"time js-stat-time\"><\/span> Seconds)<\/div>\r\n                        <div class=\"result-clicks__img\"><img><\/div>\r\n                        <a class=\"result-clicks__btn js-try-again\" href=\"javascript:void(0);\">\r\n                           <svg class=\"icon icon-again \">\r\n                              <use xlink:href=\"\/wp-content\/themes\/generatepress\/tools\/assets\/img\/spritesvg.svg#again\"><\/use>\r\n                           <\/svg>\r\n                           Restart\r\n                        <\/a>\r\n                        <div class=\"result-clicks__share\">\r\n                           <div class=\"result-clicks__share-title\">Share your result with friends!<\/div>\r\n                           <div class=\"share-buttons\">\r\n                              <a class=\"share-button facebook\" data-href=\"https:\/\/www.facebook.com\/sharer\/sharer.php?u=https:\/\/cpstesters.com\/\" target=\"_blank\" onclick=\"goclicky(this); return false;\" rel=\"noopener\">Facebook<\/a>\r\n                              <a class=\"share-button twitter\" data-href=\"http:\/\/www.twitter.com\/share?url=https:\/\/cpstesters.com\/&text=[text]\" target=\"_blank\" onclick=\"goclicky(this); return false;\" rel=\"noopener\">Twitter<\/a>\r\n                              <a class=\"share-button whatsapp\" data-href=\"https:\/\/api.whatsapp.com\/send?text=[text]\" target=\"_blank\" onclick=\"goclicky(this); return false;\" rel=\"noopener\">WhatsApp<\/a>\r\n                              <a class=\"share-button reddit\" data-href=\"http:\/\/www.reddit.com\/submit?url=https:\/\/cpstesters.com\/&title=[text]\" target=\"_blank\" onclick=\"goclicky(this); return false;\" rel=\"noopener\">Reddit<\/a>\r\n                           <\/div>\r\n                        <\/div>\r\n                     <\/div>\r\n                  <\/div>\r\n                  <img decoding=\"async\" src=\"\/wp-content\/themes\/generatepress\/tools\/assets\/img\/test_result\/3\/1.png\" style=\"display: none\" alt=\"\" title=\"\">\r\n                  <img decoding=\"async\" src=\"\/wp-content\/themes\/generatepress\/tools\/assets\/img\/test_result\/5\/1.png\" style=\"display: none\" alt=\"\" title=\"\">\r\n                  <img decoding=\"async\" src=\"\/wp-content\/themes\/generatepress\/tools\/assets\/img\/test_result\/1\/1.png\" style=\"display: none\" alt=\"\" title=\"\">\r\n                  <img decoding=\"async\" src=\"\/wp-content\/themes\/generatepress\/tools\/assets\/img\/test_result\/2\/1.png\" style=\"display: none\" alt=\"\" title=\"\">\r\n                  <img decoding=\"async\" src=\"\/wp-content\/themes\/generatepress\/tools\/assets\/img\/test_result\/0\/1.png\" style=\"display: none\" alt=\"\" title=\"\">\r\n                  <img decoding=\"async\" src=\"\/wp-content\/themes\/generatepress\/tools\/assets\/img\/test_result\/6\/1.png\" style=\"display: none\" alt=\"\" title=\"\">\r\n                  <img decoding=\"async\" src=\"\/wp-content\/themes\/generatepress\/tools\/assets\/img\/test_result\/7\/1.png\" style=\"display: none\" alt=\"\" title=\"\">\r\n                  <img decoding=\"async\" src=\"\/wp-content\/themes\/generatepress\/tools\/assets\/img\/test_result\/4\/1.png\" style=\"display: none\" alt=\"\" title=\"\">\r\n                  <script>\r\n                     var test_result = {\"ratings\":{\"min\":0,\"max\":5},\"rating_ranks\":[\"Your Rank is Snail!\",\"Your Rank is Koala!\",\"Your Rank is Turtle!\",\"Your Rank is Panda!\",\"Your Rank is Hare!\",\"Your Rank is Kangaroo!\",\"Your Rank is Panther!\",\"Your Rank is Cheetah!\"],\"cps_scale\":[[0,1],[1,3],[3,5],[5,7],[7,9],[9,10],[10,12],[12,999]],\"files\":{\"3\":[\"\\\/wp-content\\\/themes\\\/generatepress\\\/tools\\\\assets\\\/img\\\/test_result\\\/3\\\/1.png\"],\"5\":[\"\\\/wp-content\\\/themes\\\/generatepress\\\/tools\\\\assets\\\/img\\\/test_result\\\/5\\\/1.png\"],\"1\":[\"\\\/wp-content\\\/themes\\\/generatepress\\\/tools\\\\assets\\\/img\\\/test_result\\\/1\\\/1.png\"],\"2\":[\"\\\/wp-content\\\/themes\\\/generatepress\\\/tools\\\\assets\\\/img\\\/test_result\\\/2\\\/1.png\"],\"0\":[\"\\\/wp-content\\\/themes\\\/generatepress\\\/tools\\\\assets\\\/img\\\/test_result\\\/0\\\/1.png\"],\"6\":[\"\\\/wp-content\\\/themes\\\/generatepress\\\/tools\\\\assets\\\/img\\\/test_result\\\/6\\\/1.png\"],\"7\":[\"\\\/wp-content\\\/themes\\\/generatepress\\\/tools\\\\assets\\\/img\\\/test_result\\\/7\\\/1.png\"],\"4\":[\"\\\/wp-content\\\/themes\\\/generatepress\\\/tools\\\\assets\\\/img\\\/test_result\\\/4\\\/1.png\"]}};\r\n                     var language = {\"code\":\"en\",\"name\":\"English\",\"prefix\":\"\"};\r\n                     var monitoringClickEvent = 'left';\r\n                     var shareTextDefault = 'My CPS result is {speed} ({clicks} Clicks in {time} Seconds)';\r\n                  <\/script>        \r\n               <\/div>\r\n            <\/section>\r\n\t\t\r\n\t<\/div>\r\n<\/div>\r\n\r\n    <script src=\"\/wp-content\/themes\/generatepress\/tools\/assets\/js\/libs.min.js\"><\/script>\r\n      <script src=\"\/wp-content\/themes\/generatepress\/tools\/assets\/js\/main.min.js?v64\"><\/script>\r\n\n\n<p><\/p>\n\n<p>La velocit\u00e0 di clic del mouse \u00e8 solitamente espressa in CPS, ovvero clic al secondo. Chi \u00e8 interessato a testare o migliorare il proprio CPS per l&#8217;uso quotidiano o per il gioco, pu\u00f2 eseguire il test di velocit\u00e0 Click. Nei videogiochi, fare clic con il mouse equivale a mirare e sparare.<\/p>\n\n<p>Se volete superare la concorrenza e salire nelle classifiche del gioco, dovete lavorare sulla velocit\u00e0 di clic. I giocatori pi\u00f9 preziosi sono spesso quelli con la velocit\u00e0 di clic e la mira pi\u00f9 rapida. Pertanto, il test CPS \u00e8 fondamentale.<\/p>\n\n<p>Il test dei 5 secondi di clic pu\u00f2 essere completato per migliorare la velocit\u00e0 di clic a un intervallo di tempo di 5 secondi. Se volete dimostrare la vostra abilit\u00e0 in una determinata tecnica, come il jitter o la farfalla, potete fare un click test di 5 secondi in quella modalit\u00e0. Oltre ad aiutarvi ad avere successo nell&#8217;approccio, il test vi permetter\u00e0 di familiarizzare con il metodo, il che vi sar\u00e0 utile nei livelli successivi.<\/p>\n<div class=\"wp-block-image\">\n<figure class=\"aligncenter size-full\"><img loading=\"lazy\" decoding=\"async\" width=\"1000\" height=\"500\" src=\"https:\/\/cpstesters.com\/wp-content\/uploads\/2022\/08\/Untitled-design-1.jpg\" alt=\"Test CPS di 5 secondi\" class=\"wp-image-172\" title=\"\" srcset=\"https:\/\/cpstesters.com\/wp-content\/uploads\/2022\/08\/Untitled-design-1.jpg 1000w, https:\/\/cpstesters.com\/wp-content\/uploads\/2022\/08\/Untitled-design-1-300x150.jpg 300w, https:\/\/cpstesters.com\/wp-content\/uploads\/2022\/08\/Untitled-design-1-768x384.jpg 768w\" sizes=\"auto, (max-width: 1000px) 100vw, 1000px\" \/><figcaption class=\"wp-element-caption\">Test CPS di 5 secondi<\/figcaption><\/figure>\n<\/div>\n<p class=\"has-text-align-center has-base-background-color has-background has-medium-font-size\">Si consiglia di controllare il <a href=\"https:\/\/cpstesters.com\/it\/\" target=\"_blank\" rel=\"noreferrer noopener\">test CPS<\/a><\/p>\n\n<h2 class=\"wp-block-heading has-text-align-left\">Il modo migliore per aumentare i punteggi dei 5 secondi test CPS<\/h2>\n\n<h3 class=\"wp-block-heading\"><strong>Scegliere un approccio corretto<\/strong><\/h3>\n\n<p>Scegliere un approccio corretto per fare clic. Ottenete pi\u00f9 clic utilizzando qualsiasi metodo che ritenete pi\u00f9 naturale per voi. Il dolore al polso \u00e8 un possibile effetto collaterale dell&#8217;esecuzione impropria di tecniche come il jitter clicking e il metodo koi clicking. Di conseguenza, la scelta dell&#8217;approccio giusto \u00e8 fondamentale.<\/p>\n\n<h3 class=\"wp-block-heading\"><strong>Selezionare il mouse appropriato<\/strong><\/h3>\n\n<p>Se si utilizza un mouse di scarsa qualit\u00e0, \u00e8 possibile che non si riesca a fare clic con la frequenza desiderata. Pertanto, \u00e8 necessario utilizzare un buon mouse per il CPS Tester e per i giochi. Se siete alla ricerca di prestazioni di alto livello, un mouse da gioco \u00e8 la scelta migliore.<\/p>\n\n<h3 class=\"wp-block-heading\"><strong>Esercitarsi regolarmente<\/strong><\/h3>\n\n<p>Nessun obiettivo pu\u00f2 essere raggiunto all&#8217;istante, ha bisogno di pratica e persistenza. La regola del test del clic di 5 secondi deve essere utilizzata quotidianamente, insieme a una pratica adeguata e a un buon mouse. Con un approccio appropriato e una pratica uniforme, \u00e8 possibile aumentare il livello della CPS.<\/p>\n\n<h2 class=\"wp-block-heading has-text-align-left\">Quali sono i vantaggi di partecipare al 5 Second CPS Test?<\/h2>\n\n<h3 class=\"wp-block-heading\"><strong>Migliorare le prestazioni dei clic<\/strong><\/h3>\n\n<p>Allenarsi frequentemente con il software del clicker da 5 secondi vi permetter\u00e0 di migliorare notevolmente il vostro click.<\/p>\n\n<h3 class=\"wp-block-heading\"><strong>Migliorare le abilit\u00e0 di clic<\/strong><\/h3>\n\n<p>Esistono diversi metodi per premere lo stesso pulsante del mouse. \u00c8 possibile padroneggiare una qualsiasi di queste strategie per fare clic con il mouse in modo efficace. Questi metodi sono trasferibili ad altri settori, compreso quello del gioco, una volta acquisita una certa padronanza.<\/p>\n\n<h3 class=\"wp-block-heading\"><strong>Punteggio della quota<\/strong><\/h3>\n\n<p>Dopo aver terminato il test del clic, \u00e8 possibile condividere i propri risultati su altri siti. Potete anche pubblicare il vostro punteggio online e sfidare i vostri amici a batterlo facendo il test a loro volta.<\/p>\n\n<h2 class=\"wp-block-heading has-text-align-center\">Domande frequenti<\/h2>\n\n<h3 class=\"wp-block-heading\"><strong>Come si calcolano i clic al secondo?<\/strong><\/h3>\n\n<p>Un contatore di clic al secondo conta semplicemente la frequenza con cui si tocca lo schermo. Per ottenere il CPS, dividere il totale dei clic per il tempo totale trascorso a fare clic.<\/p>\n\n<h3 class=\"wp-block-heading\"><strong>Che cos&#8217;\u00e8 il record mondiale CPS di 5 secondi?<\/strong><\/h3>\n\n<p>Venti cicli al secondo sono la massima velocit\u00e0 possibile (100 clic). Jovelyn, un tester cps della Malesia, l&#8217;ha terminato.<\/p>\n\n<h3 class=\"wp-block-heading\"><strong>Da dove viene il folle CPS?<\/strong><\/h3>\n\n<p>Aumentare il proprio CPS a livelli assurdi richiede infinite ore di pratica, perseveranza e concentrazione. Una connessione Internet stabile e un mouse da gioco di alta qualit\u00e0 vi aiuteranno a ottenere prestazioni migliori.<\/p>\n\n<h2 class=\"wp-block-heading\">Parole finali per il Test dei Click 5 Secondi<\/h2>\n\n<p>Il test CPS \u00e8 un metodo divertente e stimolante per valutare la vostra abilit\u00e0 nel cliccare con il mouse. Questo test determiner\u00e0 il numero di CPS che i vostri pollici possono generare in un determinato periodo di tempo. \u00c8 possibile utilizzare l&#8217;applicazione click al secondo per giocare a giochi basati sul click, allenarsi o semplicemente divertirsi. Questi strumenti gratuiti sono incredibilmente facili da usare, quindi chiunque, indipendentemente dall&#8217;et\u00e0, pu\u00f2 utilizzarli per monitorare il proprio tasso di clic al secondo.<\/p>\n\n<p>Altri test sui clic<\/p>\n\n<ul class=\"wp-block-list\">\n<li><a href=\"https:\/\/cpstesters.com\/it\/test-cps-con-il-tasto-destro-del-mouse\/\" target=\"_blank\" rel=\"noreferrer noopener\">Fare clic con il pulsante destro del mouse su CPS Test<\/a><\/li>\n\n\n\n<li><a href=\"https:\/\/cpstesters.com\/it\/test-del-jitter-dei-clic\/\" target=\"_blank\" rel=\"noreferrer noopener\">Test Jitter Click<\/a><\/li>\n\n\n\n<li><a href=\"https:\/\/cpstesters.com\/it\/kohi-click-test\/\" target=\"_blank\" rel=\"noreferrer noopener\">Test di Kohi Click<\/a><\/li>\n\n\n\n<li><a href=\"https:\/\/cpstesters.com\/it\/test-manuale-dei-clic\/\" target=\"_blank\" rel=\"noreferrer noopener\">Test manuale dei clic<\/a><\/li>\n\n\n\n<li><a href=\"https:\/\/cpstesters.com\/it\/test-dei-clic-a-farfalla\/\" target=\"_blank\" rel=\"noreferrer noopener\">Test del clic della farfalla<\/a><\/li>\n<\/ul>\n","protected":false},"excerpt":{"rendered":"<p>Il test CPS in 5 secondi \u00e8 un gioco di velocit\u00e0 per fare clic. Se siete principianti, vi aiuter\u00e0 a verificare la velocit\u00e0 con cui &#8230; <\/p>\n<p class=\"read-more-container\"><a title=\"5 secondi di test CPS per verificare la velocit\u00e0 dei clic\" class=\"read-more button\" href=\"https:\/\/cpstesters.com\/it\/5-second-cps-test\/#more-1961\" aria-label=\"Per saperne di pi\u00f9 su 5 secondi di test CPS per verificare la velocit\u00e0 dei clic\">Read More<\/a><\/p>\n","protected":false},"author":4,"featured_media":982,"parent":0,"menu_order":0,"comment_status":"closed","ping_status":"closed","template":"","meta":{"footnotes":""},"class_list":["post-1961","page","type-page","status-publish","has-post-thumbnail"],"_links":{"self":[{"href":"https:\/\/cpstesters.com\/it\/wp-json\/wp\/v2\/pages\/1961","targetHints":{"allow":["GET"]}}],"collection":[{"href":"https:\/\/cpstesters.com\/it\/wp-json\/wp\/v2\/pages"}],"about":[{"href":"https:\/\/cpstesters.com\/it\/wp-json\/wp\/v2\/types\/page"}],"author":[{"embeddable":true,"href":"https:\/\/cpstesters.com\/it\/wp-json\/wp\/v2\/users\/4"}],"replies":[{"embeddable":true,"href":"https:\/\/cpstesters.com\/it\/wp-json\/wp\/v2\/comments?post=1961"}],"version-history":[{"count":6,"href":"https:\/\/cpstesters.com\/it\/wp-json\/wp\/v2\/pages\/1961\/revisions"}],"predecessor-version":[{"id":4086,"href":"https:\/\/cpstesters.com\/it\/wp-json\/wp\/v2\/pages\/1961\/revisions\/4086"}],"wp:featuredmedia":[{"embeddable":true,"href":"https:\/\/cpstesters.com\/it\/wp-json\/wp\/v2\/media\/982"}],"wp:attachment":[{"href":"https:\/\/cpstesters.com\/it\/wp-json\/wp\/v2\/media?parent=1961"}],"curies":[{"name":"wp","href":"https:\/\/api.w.org\/{rel}","templated":true}]}}