{"id":1950,"date":"2024-07-16T13:59:03","date_gmt":"2024-07-16T13:59:03","guid":{"rendered":"https:\/\/cpstesters.com\/test-cps-in-10-secondi-controlla-i-tuoi-clic\/"},"modified":"2024-09-17T06:44:45","modified_gmt":"2024-09-17T06:44:45","slug":"10-second-cps-test","status":"publish","type":"page","link":"https:\/\/cpstesters.com\/it\/10-second-cps-test\/","title":{"rendered":"Test CPS in 10 secondi | Controlla i tuoi clic"},"content":{"rendered":"\n<p>Il Test CPS dei 10 secondi \u00e8 un gioco di clic basato sulla velocit\u00e0 che consente di determinare la velocit\u00e0 dei clic in 10 secondi.<\/p>\n <div class=\"row\">\r\n\t<div class=\"col-md-4\">\r\n\r\n\t\t\r\n\t\t\r\n\t\t<div class=\"side_nav\">\r\n            \r\n            \r\n            <ul class=\"time\">\r\n            <li>\r\n             <a href=\"https:\/\/cpstesters.com\/1-second-cps-test\/\"> <span data-time=\"1\">1 Second Test<\/span><\/a>\r\n            <\/li><li>\r\n             <a href=\"https:\/\/cpstesters.com\/2-second-cps-test\/\"><span data-time=\"2\">2 Second Test<\/span><\/a>\r\n            <\/li><li>\r\n           <a href=\"https:\/\/cpstesters.com\/5-second-cps-test\/\"><span data-time=\"5\">5 Second Test<\/span><\/a>\r\n            <\/li><li>\r\n\t\t\t\t <a href=\"https:\/\/cpstesters.com\/10-second-cps-test\/\"><span data-time=\"10\" class=\"active\">10 Second Test<\/span><\/a>\r\n            <\/li><li>\r\n             <a href=\"https:\/\/cpstesters.com\/15-second-click-test\/\"><span data-time=\"15\">15 Second Test<\/span><\/a>\r\n            <\/li>\r\n\t\t\t\t\t <li>\r\n             <a href=\"https:\/\/cpstesters.com\/30-second-cps-test\/\"><span data-time=\"30\">30 Second Test<\/span><\/a>\r\n            <\/li><li>\r\n\t\t\t\t<li>\r\n             <a href=\"https:\/\/cpstesters.com\/60-second-cps-test\/\"><span data-time=\"60\">60 Second Test<\/span><\/a>\r\n            <\/li><li>\r\n\t\t\t\t<li>\r\n             <a href=\"https:\/\/cpstesters.com\/100-second-cps-test\/\"><span data-time=\"100\">100 Second Test<\/span><\/a>\r\n            <\/li>\r\n\t\t\t\t\r\n\t\t\t\t<li>\r\n             <a href=\"https:\/\/cpstesters.com\/manual-click-test\/\"><span data-time=\"20\">Manual Click Test<\/span><\/a>\r\n            <\/li><\/ul>\r\n            <\/div>\r\n\t\t\r\n\t\t\r\n\t<\/div>\r\n\t<div class=\"col-md-8\">\r\n\t\t<section class=\"section section--full js-section-full section--click\">\r\n               <div class=\"container\">\r\n\t\t\t\t   \r\n\t\t\t\t         <div class=\"setting\">\r\n    <div class=\"theme-mode\"><a class=\"theme-mode__switch js-switch\" href=\"javascript:void(0);\"><\/a>\r\n        <div class=\"theme-mode__text\">Light \/ Dark mode<\/div>\r\n    <\/div>\r\n<\/div>\r\n\t\t\t\t   \r\n\t\t\t\t   \r\n                  <div class=\"statistics\">\r\n                     <div class=\"statistics__item statistics__item--timer\">\r\n                        <div class=\"statistics__number\">\r\n                           <span class=\"js-time number_timer\">10.00<\/span>\r\n                           <a class=\"statistics__arrow statistics__arrow--up js-time-up\" href=\"javascript:void(0);\">\r\n                              <svg class=\"icon icon-arrow-up \">\r\n                                 <use xlink:href=\"\/wp-content\/themes\/generatepress\/tools\/assets\/img\/spritesvg.svg#arrow-up\"><\/use>\r\n                              <\/svg>\r\n                           <\/a>\r\n                           <a class=\"statistics__arrow statistics__arrow--down js-time-down\" href=\"javascript:void(0);\">\r\n                              <svg class=\"icon icon-arrow-up \">\r\n                                 <use xlink:href=\"\/wp-content\/themes\/generatepress\/tools\/assets\/img\/spritesvg.svg#arrow-up\"><\/use>\r\n                              <\/svg>\r\n                           <\/a>\r\n                        <\/div>\r\n                        <div class=\"statistics__title\">Timer<\/div>\r\n                     <\/div>\r\n                     <div class=\"statistics__item statistics__item--clicks\">\r\n                        <div class=\"statistics__number number_clicks js-speed\">0.00<\/div>\r\n                        <div class=\"statistics__title\">Clicks \/ s<\/div>\r\n                     <\/div>\r\n                     <div class=\"statistics__item statistics__item--score\">\r\n                        <div class=\"statistics__number number_score js-score\">0<\/div>\r\n                        <div class=\"statistics__title\">Score<\/div>\r\n                     <\/div>\r\n                  <\/div>\r\n                  <div class=\"clicks-zone\">\r\n                     <div class=\"clicks-zone__start js-clicks-start\">\r\n                        <svg class=\"icon icon-click \">\r\n                           <use xlink:href=\"\/wp-content\/themes\/generatepress\/tools\/assets\/img\/spritesvg.svg#click\"><\/use>\r\n                        <\/svg>\r\n                        <div class=\"clicks-zone__start-title\">\u0421lick here to start cps test<\/div>\r\n                     <\/div>\r\n                     <div class=\"clicks-zone__clicks js-clicks\"><\/div>\r\n                     <div class=\"clicks-zone__result result-clicks js-clicks-result\">\r\n                        <div class=\"result-clicks__title rank-wrapper\"><\/div>\r\n                        <div class=\"result-clicks__text\">Your CPS result is <span class=\"speed js-stat-speed\"><\/span> (<span class=\"clicks js-stat-clicks\"><\/span> Clicks in <span class=\"time js-stat-time\"><\/span> Seconds)<\/div>\r\n                        <div class=\"result-clicks__img\"><img><\/div>\r\n                        <a class=\"result-clicks__btn js-try-again\" href=\"javascript:void(0);\">\r\n                           <svg class=\"icon icon-again \">\r\n                              <use xlink:href=\"\/wp-content\/themes\/generatepress\/tools\/assets\/img\/spritesvg.svg#again\"><\/use>\r\n                           <\/svg>\r\n                           Restart\r\n                        <\/a>\r\n                        <div class=\"result-clicks__share\">\r\n                           <div class=\"result-clicks__share-title\">Share your result with friends!<\/div>\r\n                           <div class=\"share-buttons\">\r\n                              <a class=\"share-button facebook\" data-href=\"https:\/\/www.facebook.com\/sharer\/sharer.php?u=https:\/\/cpstesters.com\/\" target=\"_blank\" onclick=\"goclicky(this); return false;\" rel=\"noopener\">Facebook<\/a>\r\n                              <a class=\"share-button twitter\" data-href=\"http:\/\/www.twitter.com\/share?url=https:\/\/cpstesters.com\/&text=[text]\" target=\"_blank\" onclick=\"goclicky(this); return false;\" rel=\"noopener\">Twitter<\/a>\r\n                              <a class=\"share-button whatsapp\" data-href=\"https:\/\/api.whatsapp.com\/send?text=[text]\" target=\"_blank\" onclick=\"goclicky(this); return false;\" rel=\"noopener\">WhatsApp<\/a>\r\n                              <a class=\"share-button reddit\" data-href=\"http:\/\/www.reddit.com\/submit?url=https:\/\/cpstesters.com\/&title=[text]\" target=\"_blank\" onclick=\"goclicky(this); return false;\" rel=\"noopener\">Reddit<\/a>\r\n                           <\/div>\r\n                        <\/div>\r\n                     <\/div>\r\n                  <\/div>\r\n                  <img decoding=\"async\" src=\"\/wp-content\/themes\/generatepress\/tools\/assets\/img\/test_result\/3\/1.png\" style=\"display: none\" alt=\"\" title=\"\">\r\n                  <img decoding=\"async\" src=\"\/wp-content\/themes\/generatepress\/tools\/assets\/img\/test_result\/5\/1.png\" style=\"display: none\" alt=\"\" title=\"\">\r\n                  <img decoding=\"async\" src=\"\/wp-content\/themes\/generatepress\/tools\/assets\/img\/test_result\/1\/1.png\" style=\"display: none\" alt=\"\" title=\"\">\r\n                  <img decoding=\"async\" src=\"\/wp-content\/themes\/generatepress\/tools\/assets\/img\/test_result\/2\/1.png\" style=\"display: none\" alt=\"\" title=\"\">\r\n                  <img decoding=\"async\" src=\"\/wp-content\/themes\/generatepress\/tools\/assets\/img\/test_result\/0\/1.png\" style=\"display: none\" alt=\"\" title=\"\">\r\n                  <img decoding=\"async\" src=\"\/wp-content\/themes\/generatepress\/tools\/assets\/img\/test_result\/6\/1.png\" style=\"display: none\" alt=\"\" title=\"\">\r\n                  <img decoding=\"async\" src=\"\/wp-content\/themes\/generatepress\/tools\/assets\/img\/test_result\/7\/1.png\" style=\"display: none\" alt=\"\" title=\"\">\r\n                  <img decoding=\"async\" src=\"\/wp-content\/themes\/generatepress\/tools\/assets\/img\/test_result\/4\/1.png\" style=\"display: none\" alt=\"\" title=\"\">\r\n                  <script>\r\n                     var test_result = {\"ratings\":{\"min\":0,\"max\":5},\"rating_ranks\":[\"Your Rank is Snail!\",\"Your Rank is Koala!\",\"Your Rank is Turtle!\",\"Your Rank is Panda!\",\"Your Rank is Hare!\",\"Your Rank is Kangaroo!\",\"Your Rank is Panther!\",\"Your Rank is Cheetah!\"],\"cps_scale\":[[0,1],[1,3],[3,5],[5,7],[7,9],[9,10],[10,12],[12,999]],\"files\":{\"3\":[\"\\\/wp-content\\\/themes\\\/generatepress\\\/tools\\\\assets\\\/img\\\/test_result\\\/3\\\/1.png\"],\"5\":[\"\\\/wp-content\\\/themes\\\/generatepress\\\/tools\\\\assets\\\/img\\\/test_result\\\/5\\\/1.png\"],\"1\":[\"\\\/wp-content\\\/themes\\\/generatepress\\\/tools\\\\assets\\\/img\\\/test_result\\\/1\\\/1.png\"],\"2\":[\"\\\/wp-content\\\/themes\\\/generatepress\\\/tools\\\\assets\\\/img\\\/test_result\\\/2\\\/1.png\"],\"0\":[\"\\\/wp-content\\\/themes\\\/generatepress\\\/tools\\\\assets\\\/img\\\/test_result\\\/0\\\/1.png\"],\"6\":[\"\\\/wp-content\\\/themes\\\/generatepress\\\/tools\\\\assets\\\/img\\\/test_result\\\/6\\\/1.png\"],\"7\":[\"\\\/wp-content\\\/themes\\\/generatepress\\\/tools\\\\assets\\\/img\\\/test_result\\\/7\\\/1.png\"],\"4\":[\"\\\/wp-content\\\/themes\\\/generatepress\\\/tools\\\\assets\\\/img\\\/test_result\\\/4\\\/1.png\"]}};\r\n                     var language = {\"code\":\"en\",\"name\":\"English\",\"prefix\":\"\"};\r\n                     var monitoringClickEvent = 'left';\r\n                     var shareTextDefault = 'My CPS result is {speed} ({clicks} Clicks in {time} Seconds)';\r\n                  <\/script>        \r\n               <\/div>\r\n            <\/section>\r\n\t\t\r\n\t<\/div>\r\n<\/div>\r\n\r\n    <script src=\"\/wp-content\/themes\/generatepress\/tools\/assets\/js\/libs.min.js\"><\/script>\r\n      <script src=\"\/wp-content\/themes\/generatepress\/tools\/assets\/js\/main.min.js?v64\"><\/script>\r\n\n\n<p><\/p>\n\n<h2 class=\"wp-block-heading\">Cos&#8217;\u00e8 il test CPS in 10 secondi<\/h2>\n\n<p>Il test dei 10 secondi di clic ha lo scopo di dimostrare la velocit\u00e0 di clic. Il software \u00e8 un ottimo modo per ammazzare il tempo e divertirsi quando non si lavora. Con incrementi di 10 secondi, il gadget mostra la velocit\u00e0 con cui si fa clic in 10 secondi.<\/p>\n\n<p>Il test dei 10 secondi di clic ha un design semplice e per superarlo \u00e8 necessario fare clic sul bersaglio il pi\u00f9 rapidamente possibile. Lo strumento del click test di 10 secondi vi dar\u00e0 un punteggio complessivo e alcuni commenti al termine del click.<\/p>\n\n<p>Se volete perfezionare le vostre abilit\u00e0 di trascinamento, il test Click 10 Seconds \u00e8 una risorsa fantastica. In soli 10 secondi di clic, si pu\u00f2 imparare a fare clic rapidamente. Il clicker da 10 secondi non \u00e8 solo un&#8217;utile risorsa gratuita, ma anche un modo divertente per ammazzare il tempo.<\/p>\n\n<p class=\"has-text-align-center has-base-3-color has-text-color has-background has-medium-font-size\" style=\"background-color:#ffb15e\">Il test generale dei clic al secondo pu\u00f2 essere effettuato presso il sito <a href=\"https:\/\/cpstesters.com\/it\/\" target=\"_blank\" rel=\"noreferrer noopener\">CPS Test<\/a>.<\/p>\n<div class=\"wp-block-image\">\n<figure class=\"aligncenter size-full\"><img loading=\"lazy\" decoding=\"async\" width=\"1000\" height=\"500\" src=\"https:\/\/cpstesters.com\/wp-content\/uploads\/2022\/08\/Untitled-design-2.jpg\" alt=\"Test CPS in 10 secondi\" class=\"wp-image-175\" title=\"\" srcset=\"https:\/\/cpstesters.com\/wp-content\/uploads\/2022\/08\/Untitled-design-2.jpg 1000w, https:\/\/cpstesters.com\/wp-content\/uploads\/2022\/08\/Untitled-design-2-300x150.jpg 300w, https:\/\/cpstesters.com\/wp-content\/uploads\/2022\/08\/Untitled-design-2-768x384.jpg 768w\" sizes=\"auto, (max-width: 1000px) 100vw, 1000px\" \/><figcaption class=\"wp-element-caption\">Test CPS in 10 secondi<\/figcaption><\/figure>\n<\/div>\n<h2 class=\"wp-block-heading\">Come posso ottenere clic pi\u00f9 veloci al secondo?<\/h2>\n\n<p>I seguenti metodi possono essere utilizzati per aumentare i cps (clic al secondo):<\/p>\n\n<ul class=\"wp-block-list\">\n<li>Il consiglio migliore \u00e8 quello di utilizzare un mouse da gioco invece di un mouse standard e di non utilizzare il trackpad del portatile.<\/li>\n\n\n\n<li>I metodi di clic, come il clic a scatti e il clic a farfalla, sono ottimi per iniziare.<\/li>\n\n\n\n<li>Regolate la sensibilit\u00e0 del mouse ed esercitatevi a sparare alla massima velocit\u00e0 per migliorare la vostra mira.<\/li>\n<\/ul>\n\n<h2 class=\"wp-block-heading\">Trucchi per il test CPS in 10 secondi<\/h2>\n\n<p>Prima di stabilire un nuovo record, \u00e8 necessario conoscere l&#8217;attuale detentore del record in un gioco di click test. Con un nuovo record di 22 CPS dopo soli 10 secondi di clic, avete stabilito un nuovo standard. Se volete, createne uno nuovo; ci sono scorciatoie per la fama che potete prendere.<\/p>\n\n<ul class=\"wp-block-list\">\n<li>I cliccatori automatici sono il mezzo pi\u00f9 efficiente, ma il secondo approccio \u00e8 quello da adottare se si tiene all&#8217;onest\u00e0.<\/li>\n\n\n\n<li>I clic a farfalla, i clic con trascinamento e i clic con jitter sono tutte opzioni.<\/li>\n\n\n\n<li>Il Click Speed Test pu\u00f2 essere padroneggiato con una maggiore pratica.<\/li>\n\n\n\n<li>Se vi impegnate con il tempo e l&#8217;impegno necessari, anche voi potrete raggiungere il grado di Ghepardo nel gioco della velocit\u00e0 di clic.<\/li>\n<\/ul>\n\n<h2 class=\"wp-block-heading has-text-align-center\">Domande frequenti<\/h2>\n\n<h3 class=\"wp-block-heading\"><strong>Quanti click al secondo fa il giocatore medio?<\/strong><\/h3>\n\n<p>Secondo i giocatori professionisti, il frame rate medio \u00e8 di 6, anche se potrebbe essere compreso tra 5 e 7 FPS. Alcuni giocatori di alto livello sono in grado di fare fino a dieci clic al secondo. Se avete un approccio solido e un piano ben organizzato, potete raggiungere questo obiettivo.<\/p>\n\n<h3 class=\"wp-block-heading\"><strong>Quando clicco sul mio cps, a che velocit\u00e0 sta andando?<\/strong><\/h3>\n\n<p>Vedere e valutare il ritmo dei clic in cps non richiede pi\u00f9 alcuno sforzo da parte vostra. Impostando un limite di tempo e facendo clic in qualsiasi ordine, i nostri tester di velocit\u00e0 dei clic potranno essere utilizzati al meglio. Allo scadere del tempo, si aprir\u00e0 una finestra con il punteggio finale del test.<\/p>\n\n<h3 class=\"wp-block-heading\"><strong>Dove si trova il record per il test CPS pi\u00f9 veloce in 10 secondi?<\/strong><\/h3>\n\n<p>Durante questa finestra, \u00e8 possibile ottenere un CPS massimo di 23,9 (239 clic). eseguito da Yukang Jiang, un tester americano di cps.<\/p>\n\n<h2 class=\"wp-block-heading\">Parole finali 10 Seconds Click Test<\/h2>\n\n<p>Il test dei clic 10 al secondo \u00e8 un&#8217;applicazione straordinaria sviluppata per mettere alla prova la velocit\u00e0 di clic dell&#8217;utente. Il sito web presenta un&#8217;interfaccia utente semplice da usare e pu\u00f2 aumentare il numero di volte al secondo in cui si fa clic. Non aspettare e controlla il test!<\/p>\n","protected":false},"excerpt":{"rendered":"<p>Il Test CPS dei 10 secondi \u00e8 un gioco di clic basato sulla velocit\u00e0 che consente di determinare la velocit\u00e0 dei clic in 10 secondi. &#8230; <\/p>\n<p class=\"read-more-container\"><a title=\"Test CPS in 10 secondi | Controlla i tuoi clic\" class=\"read-more button\" href=\"https:\/\/cpstesters.com\/it\/10-second-cps-test\/#more-1950\" aria-label=\"Per saperne di pi\u00f9 su Test CPS in 10 secondi | Controlla i tuoi clic\">Read More<\/a><\/p>\n","protected":false},"author":4,"featured_media":994,"parent":0,"menu_order":0,"comment_status":"closed","ping_status":"closed","template":"","meta":{"footnotes":""},"class_list":["post-1950","page","type-page","status-publish","has-post-thumbnail"],"_links":{"self":[{"href":"https:\/\/cpstesters.com\/it\/wp-json\/wp\/v2\/pages\/1950","targetHints":{"allow":["GET"]}}],"collection":[{"href":"https:\/\/cpstesters.com\/it\/wp-json\/wp\/v2\/pages"}],"about":[{"href":"https:\/\/cpstesters.com\/it\/wp-json\/wp\/v2\/types\/page"}],"author":[{"embeddable":true,"href":"https:\/\/cpstesters.com\/it\/wp-json\/wp\/v2\/users\/4"}],"replies":[{"embeddable":true,"href":"https:\/\/cpstesters.com\/it\/wp-json\/wp\/v2\/comments?post=1950"}],"version-history":[{"count":5,"href":"https:\/\/cpstesters.com\/it\/wp-json\/wp\/v2\/pages\/1950\/revisions"}],"predecessor-version":[{"id":4043,"href":"https:\/\/cpstesters.com\/it\/wp-json\/wp\/v2\/pages\/1950\/revisions\/4043"}],"wp:featuredmedia":[{"embeddable":true,"href":"https:\/\/cpstesters.com\/it\/wp-json\/wp\/v2\/media\/994"}],"wp:attachment":[{"href":"https:\/\/cpstesters.com\/it\/wp-json\/wp\/v2\/media?parent=1950"}],"curies":[{"name":"wp","href":"https:\/\/api.w.org\/{rel}","templated":true}]}}