{"id":1874,"date":"2024-07-16T14:22:52","date_gmt":"2024-07-16T14:22:52","guid":{"rendered":"https:\/\/cpstesters.com\/test-cps-di-1-secondo-controlla-i-tuoi-click\/"},"modified":"2025-08-30T07:15:28","modified_gmt":"2025-08-30T07:15:28","slug":"1-second-cps-test","status":"publish","type":"page","link":"https:\/\/cpstesters.com\/it\/1-second-cps-test\/","title":{"rendered":"Test CPS di 1 secondo | Controlla i tuoi clic"},"content":{"rendered":"\n<p>1 Second CPS Test \u00e8 un fantastico gioco di click al secondo che controlla la tua velocit\u00e0 di click con l&#8217;aiuto di un contatore, inizia a giocare e migliora la tua velocit\u00e0!  <\/p>\n<div class=\"row\">\r\n\t<div class=\"col-md-4\">\r\n\r\n\t\t\r\n\t\t\r\n\t\t<div class=\"side_nav\">\r\n            \r\n            \r\n             <ul class=\"time\">\r\n            <li>\r\n             <a href=\"https:\/\/cpstesters.com\/1-second-cps-test\/\"> <span data-time=\"1\" class=\"active\">1 Second Test<\/span><\/a>\r\n            <\/li><li>\r\n             <a href=\"https:\/\/cpstesters.com\/2-second-cps-test\/\"><span data-time=\"2\">2 Second Test<\/span><\/a>\r\n            <\/li><li>\r\n           <a href=\"https:\/\/cpstesters.com\/5-second-cps-test\/\"><span data-time=\"5\">5 Second Test<\/span><\/a>\r\n            <\/li><li>\r\n\t\t\t\t <a href=\"https:\/\/cpstesters.com\/10-second-cps-test\/\"><span data-time=\"10\">10 Second Test<\/span><\/a>\r\n            <\/li><li>\r\n             <a href=\"https:\/\/cpstesters.com\/15-second-click-test\/\"><span data-time=\"15\">15 Second Test<\/span><\/a>\r\n            <\/li>\r\n\t\t\t\t \t<li>\r\n             <a href=\"https:\/\/cpstesters.com\/30-second-cps-test\/\"><span data-time=\"30\">30 Second Test<\/span><\/a>\r\n            <\/li><li>\r\n\t\t\t\t<li>\r\n             <a href=\"https:\/\/cpstesters.com\/60-second-cps-test\/\"><span data-time=\"60\">60 Second Test<\/span><\/a>\r\n            <\/li><li>\r\n\t\t\t\t<li>\r\n             <a href=\"https:\/\/cpstesters.com\/100-second-cps-test\/\"><span data-time=\"100\">100 Second Test<\/span><\/a>\r\n            <\/li>\r\n\t\t\t\t <li>\r\n             <a href=\"https:\/\/cpstesters.com\/manual-click-test\/\"><span data-time=\"20\">Manual Click Test<\/span><\/a>\r\n            <\/li><\/ul>\r\n            <\/div>\r\n\t\t\r\n\t\t\r\n\t<\/div>\r\n\t<div class=\"col-md-8\">\r\n\t\t<section class=\"section section--full js-section-full section--click\">\r\n               <div class=\"container\">\r\n\t\t\t\t   \r\n\t\t\t\t         <div class=\"setting\">\r\n    <div class=\"theme-mode\"><a class=\"theme-mode__switch js-switch\" href=\"javascript:void(0);\"><\/a>\r\n        <div class=\"theme-mode__text\">Light \/ Dark mode<\/div>\r\n    <\/div>\r\n<\/div>\r\n\t\t\t\t   \r\n\t\t\t\t   \r\n                  <div class=\"statistics\">\r\n                     <div class=\"statistics__item statistics__item--timer\">\r\n                        <div class=\"statistics__number\">\r\n                           <span class=\"js-time number_timer\">1.00<\/span>\r\n                           <a class=\"statistics__arrow statistics__arrow--up js-time-up\" href=\"javascript:void(0);\">\r\n                              <svg class=\"icon icon-arrow-up \">\r\n                                 <use xlink:href=\"\/wp-content\/themes\/generatepress\/tools\/assets\/img\/spritesvg.svg#arrow-up\"><\/use>\r\n                              <\/svg>\r\n                           <\/a>\r\n                           <a class=\"statistics__arrow statistics__arrow--down js-time-down\" href=\"javascript:void(0);\">\r\n                              <svg class=\"icon icon-arrow-up \">\r\n                                 <use xlink:href=\"\/wp-content\/themes\/generatepress\/tools\/assets\/img\/spritesvg.svg#arrow-up\"><\/use>\r\n                              <\/svg>\r\n                           <\/a>\r\n                        <\/div>\r\n                        <div class=\"statistics__title\">Timer<\/div>\r\n                     <\/div>\r\n                     <div class=\"statistics__item statistics__item--clicks\">\r\n                        <div class=\"statistics__number number_clicks js-speed\">0.00<\/div>\r\n                        <div class=\"statistics__title\">Clicks \/ s<\/div>\r\n                     <\/div>\r\n                     <div class=\"statistics__item statistics__item--score\">\r\n                        <div class=\"statistics__number number_score js-score\">0<\/div>\r\n                        <div class=\"statistics__title\">Score<\/div>\r\n                     <\/div>\r\n                  <\/div>\r\n                  <div class=\"clicks-zone\">\r\n                     <div class=\"clicks-zone__start js-clicks-start\">\r\n                        <svg class=\"icon icon-click \">\r\n                           <use xlink:href=\"\/wp-content\/themes\/generatepress\/tools\/assets\/img\/spritesvg.svg#click\"><\/use>\r\n                        <\/svg>\r\n                        <div class=\"clicks-zone__start-title\">\u0421lick here to start cps test<\/div>\r\n                     <\/div>\r\n                     <div class=\"clicks-zone__clicks js-clicks\"><\/div>\r\n                     <div class=\"clicks-zone__result result-clicks js-clicks-result\">\r\n                        <div class=\"result-clicks__title rank-wrapper\"><\/div>\r\n                        <div class=\"result-clicks__text\">Your CPS result is <span class=\"speed js-stat-speed\"><\/span> (<span class=\"clicks js-stat-clicks\"><\/span> Clicks in <span class=\"time js-stat-time\"><\/span> Seconds)<\/div>\r\n                        <div class=\"result-clicks__img\"><img><\/div>\r\n                        <a class=\"result-clicks__btn js-try-again\" href=\"javascript:void(0);\">\r\n                           <svg class=\"icon icon-again \">\r\n                              <use xlink:href=\"\/wp-content\/themes\/generatepress\/tools\/assets\/img\/spritesvg.svg#again\"><\/use>\r\n                           <\/svg>\r\n                           Restart\r\n                        <\/a>\r\n                        <div class=\"result-clicks__share\">\r\n                           <div class=\"result-clicks__share-title\">Share your result with friends!<\/div>\r\n                           <div class=\"share-buttons\">\r\n                              <a class=\"share-button facebook\" data-href=\"https:\/\/www.facebook.com\/sharer\/sharer.php?u=https:\/\/cpstesters.com\/\" target=\"_blank\" onclick=\"goclicky(this); return false;\" rel=\"noopener\">Facebook<\/a>\r\n                              <a class=\"share-button twitter\" data-href=\"http:\/\/www.twitter.com\/share?url=https:\/\/cpstesters.com\/&text=[text]\" target=\"_blank\" onclick=\"goclicky(this); return false;\" rel=\"noopener\">Twitter<\/a>\r\n                              <a class=\"share-button whatsapp\" data-href=\"https:\/\/api.whatsapp.com\/send?text=[text]\" target=\"_blank\" onclick=\"goclicky(this); return false;\" rel=\"noopener\">WhatsApp<\/a>\r\n                              <a class=\"share-button reddit\" data-href=\"http:\/\/www.reddit.com\/submit?url=https:\/\/cpstesters.com\/&title=[text]\" target=\"_blank\" onclick=\"goclicky(this); return false;\" rel=\"noopener\">Reddit<\/a>\r\n                           <\/div>\r\n                        <\/div>\r\n                     <\/div>\r\n                  <\/div>\r\n                  <img decoding=\"async\" src=\"\/wp-content\/themes\/generatepress\/tools\/assets\/img\/test_result\/3\/1.png\" style=\"display: none\" alt=\"\" title=\"\">\r\n                  <img decoding=\"async\" src=\"\/wp-content\/themes\/generatepress\/tools\/assets\/img\/test_result\/5\/1.png\" style=\"display: none\" alt=\"\" title=\"\">\r\n                  <img decoding=\"async\" src=\"\/wp-content\/themes\/generatepress\/tools\/assets\/img\/test_result\/1\/1.png\" style=\"display: none\" alt=\"\" title=\"\">\r\n                  <img decoding=\"async\" src=\"\/wp-content\/themes\/generatepress\/tools\/assets\/img\/test_result\/2\/1.png\" style=\"display: none\" alt=\"\" title=\"\">\r\n                  <img decoding=\"async\" src=\"\/wp-content\/themes\/generatepress\/tools\/assets\/img\/test_result\/0\/1.png\" style=\"display: none\" alt=\"\" title=\"\">\r\n                  <img decoding=\"async\" src=\"\/wp-content\/themes\/generatepress\/tools\/assets\/img\/test_result\/6\/1.png\" style=\"display: none\" alt=\"\" title=\"\">\r\n                  <img decoding=\"async\" src=\"\/wp-content\/themes\/generatepress\/tools\/assets\/img\/test_result\/7\/1.png\" style=\"display: none\" alt=\"\" title=\"\">\r\n                  <img decoding=\"async\" src=\"\/wp-content\/themes\/generatepress\/tools\/assets\/img\/test_result\/4\/1.png\" style=\"display: none\" alt=\"\" title=\"\">\r\n                  <script>\r\n                     var test_result = {\"ratings\":{\"min\":0,\"max\":5},\"rating_ranks\":[\"Your Rank is Snail!\",\"Your Rank is Koala!\",\"Your Rank is Turtle!\",\"Your Rank is Panda!\",\"Your Rank is Hare!\",\"Your Rank is Kangaroo!\",\"Your Rank is Panther!\",\"Your Rank is Cheetah!\"],\"cps_scale\":[[0,1],[1,3],[3,5],[5,7],[7,9],[9,10],[10,12],[12,999]],\"files\":{\"3\":[\"\\\/wp-content\\\/themes\\\/generatepress\\\/tools\\\\assets\\\/img\\\/test_result\\\/3\\\/1.png\"],\"5\":[\"\\\/wp-content\\\/themes\\\/generatepress\\\/tools\\\\assets\\\/img\\\/test_result\\\/5\\\/1.png\"],\"1\":[\"\\\/wp-content\\\/themes\\\/generatepress\\\/tools\\\\assets\\\/img\\\/test_result\\\/1\\\/1.png\"],\"2\":[\"\\\/wp-content\\\/themes\\\/generatepress\\\/tools\\\\assets\\\/img\\\/test_result\\\/2\\\/1.png\"],\"0\":[\"\\\/wp-content\\\/themes\\\/generatepress\\\/tools\\\\assets\\\/img\\\/test_result\\\/0\\\/1.png\"],\"6\":[\"\\\/wp-content\\\/themes\\\/generatepress\\\/tools\\\\assets\\\/img\\\/test_result\\\/6\\\/1.png\"],\"7\":[\"\\\/wp-content\\\/themes\\\/generatepress\\\/tools\\\\assets\\\/img\\\/test_result\\\/7\\\/1.png\"],\"4\":[\"\\\/wp-content\\\/themes\\\/generatepress\\\/tools\\\\assets\\\/img\\\/test_result\\\/4\\\/1.png\"]}};\r\n                     var language = {\"code\":\"en\",\"name\":\"English\",\"prefix\":\"\"};\r\n                     var monitoringClickEvent = 'left';\r\n                     var shareTextDefault = 'My CPS result is {speed} ({clicks} Clicks in {time} Seconds)';\r\n                  <\/script>        \r\n               <\/div>\r\n            <\/section>\r\n\t\t\r\n\t<\/div>\r\n<\/div>\r\n\r\n    <script src=\"\/wp-content\/themes\/generatepress\/tools\/assets\/js\/libs.min.js\"><\/script>\r\n      <script src=\"\/wp-content\/themes\/generatepress\/tools\/assets\/js\/main.min.js?v64\"><\/script>\r\n\n\n<p><\/p>\n\n<p>Questo test \u00e8 intrigante e divertente se si riesce a non pensare al mondo e a qualsiasi altro problema mentre lo si esegue.<\/p>\n\n<h2 class=\"wp-block-heading\">Che cos&#8217;\u00e8 il test CPS di 1 secondo?<\/h2>\n\n<p>Si tratta di un test standard creato principalmente per i giocatori per valutare la precisione e la velocit\u00e0 dei clic del mouse. E questo esame rende indubbiamente i loro clic pi\u00f9 veloci e migliora i loro movimenti delle dita in modo da poter battere i loro concorrenti. Fa clic nel test di un secondo. Pi\u00f9 click si fanno al secondo, pi\u00f9 punti si guadagnano ogni secondo.<\/p>\n\n<p>Invece di dire 1 secondo di test CPS, CPS \u00e8 semplice da dire. Come suggerisce il nome del test, fare clic con il mouse \u00e8 una parte necessaria del processo di test e c&#8217;\u00e8 un sistema per valutare quanto siete abili a fare clic.<\/p>\n\n<p>Il test del clic in un secondo \u00e8 un&#8217;applicazione web semplice e gratuita che stima la velocit\u00e0 di clic partendo dal livello pi\u00f9 basso possibile.<\/p>\n<div class=\"wp-block-image\">\n<figure class=\"aligncenter size-full\"><img loading=\"lazy\" decoding=\"async\" width=\"1000\" height=\"500\" src=\"https:\/\/cpstesters.com\/wp-content\/uploads\/2022\/08\/Untitled-design-27.jpg\" alt=\"1 secondo test CPS\" class=\"wp-image-165\" title=\"\" srcset=\"https:\/\/cpstesters.com\/wp-content\/uploads\/2022\/08\/Untitled-design-27.jpg 1000w, https:\/\/cpstesters.com\/wp-content\/uploads\/2022\/08\/Untitled-design-27-300x150.jpg 300w, https:\/\/cpstesters.com\/wp-content\/uploads\/2022\/08\/Untitled-design-27-768x384.jpg 768w\" sizes=\"auto, (max-width: 1000px) 100vw, 1000px\" \/><figcaption class=\"wp-element-caption\">1 secondo test CPS<\/figcaption><\/figure>\n<\/div>\n<p>Il numero di clic effettuati durante il secondo test determina il numero di clic effettuati in un singolo secondo. Questi strumenti sono accessibili online e ci\u00f2 che \u00e8 ancora pi\u00f9 interessante \u00e8 che il loro utilizzo \u00e8 gratuito per i clic del secondo test. Pertanto, ognuno pu\u00f2 esaminare i propri tassi CPS e le circostanze lavorative del mouse.<\/p>\n\n<p>Dividendo il numero totale di clic per il numero totale di secondi, si pu\u00f2 determinare lo Speed Click Test. In alternativa, &#8220;\u00e8 un rapporto tra i clic e un intervallo di tempo, in questo caso di secondi. Cps Test 1 Second &amp; Cps Tester 1 second \u00e8 un altro nome per questo dispositivo.<\/p>\n\n<h2 class=\"wp-block-heading\">Utilizzo dello strumento di test CPS in 1 secondo<\/h2>\n\n<p>Per quanto riguarda l&#8217;utilizzo di questi strumenti, il test con 1 secondo di clic \u00e8 abbastanza semplice da eseguire grazie al loro design user-friendly, che li rende plug-and-play. Si naviga verso queste risorse gratuite, si clicca sui punti appropriati e BAM! Verr\u00e0 fornito il tasso di cps.<\/p>\n\n<p>Un CPS forte \u00e8 fondamentale, come abbiamo appena detto. Approfondiamo quindi la conoscenza di alcune <a href=\"https:\/\/cpstesters.com\/he\/dead-pixel-test\/\"  data-wpil-monitor-id=\"577\">delle applicazioni tipiche del test dei<\/a> clic al secondo.<\/p>\n\n<p class=\"has-text-align-center has-base-background-color has-background has-medium-font-size\">\u00c8 possibile passare alla pagina principale del <a href=\"https:\/\/cpstesters.com\/it\/\" target=\"_blank\" rel=\"noreferrer noopener\">test CPS<\/a> per eseguire il test generale dei clic al secondo.<\/p>\n\n<p><strong>Come funziona il gioco Speed Test?<\/strong><\/p>\n\n<hr class=\"wp-block-separator has-alpha-channel-opacity\"\/>\n\n<p>  I passaggi che seguono possono essere utilizzati in modo efficace per portare a termine questa attivit\u00e0 simile a un gioco estremamente emozionante. Leggete quindi i consigli che seguono per <a href=\"https:\/\/cpstesters.com\/he\/10-second-cps-test\/\"  data-wpil-monitor-id=\"580\">controllare rapidamente il vostro test cps per 1 secondo<\/a>.<\/p>\n\n<ul class=\"wp-block-list\">\n<li>Fate clic sul pulsante grigio che appare al primo avvio del gioco per iniziare il test di 1 secondo di clic.<\/li>\n\n\n\n<li>Quando si fa clic su questo punto, inizia l&#8217;esame e si deve fare clic il pi\u00f9 rapidamente possibile per ottenere il voto migliore. Deve esserci un timer particolare.<\/li>\n\n\n\n<li>Al termine del <a href=\"https:\/\/cpstesters.com\/he\/double-click-test\/\"  data-wpil-monitor-id=\"576\">test di clic del mouse<\/a> di 1 secondo, sullo schermo apparir\u00e0 un pop-up con i risultati.<\/li>\n<\/ul>\n\n<h2 class=\"wp-block-heading\">Motivo per utilizzare il test di 1 secondo di clic<\/h2>\n\n<p>Il software per il Test CPS 1 secondo pu\u00f2 essere usato per passare il tempo invece di testare solo la vostra abilit\u00e0 nel fare clic.<\/p>\n\n<p>Tra i vostri amici, potete utilizzare il software 1 <a href=\"https:\/\/cpstesters.com\/he\/%d7%91%d7%93%d7%95%d7%a7-%d7%9e%d7%a4%d7%aa%d7%97%d7%95%d7%aa-%d7%9c%d7%a9%d7%a0%d7%99%d7%99%d7%94\/\"  data-wpil-monitor-id=\"578\">Second CPS Test per gareggiare a colpi di click<\/a> nel tempo libero. I criteri sono semplici: vince chi fa pi\u00f9 clic in 1 secondo rispetto all&#8217;altro.<\/p>\n\n<p>L&#8217;attivit\u00e0 di click test pu\u00f2 aiutare a rilassarsi mentalmente. Molti utenti cercano di aumentare la velocit\u00e0 del mouse per giocare. Per questo motivo utilizzano il click testing.<\/p>\n\n<p>Esistono infatti diversi siti in cui \u00e8 possibile giocare a un gioco caratteristico chiamato click testing. Oltre a divertirvi, questa tattica vi aiuta a diventare pi\u00f9 abili nel fare clic.<\/p>\n\n<h2 class=\"wp-block-heading\">Come fare clic rapidamente nel test di 1 secondo?<\/h2>\n\n<p>Per cominciare, \u00e8 necessario disporre di un eccellente mouse da gioco per portare a termine questo compito. Un mouse da gioco di questo tipo \u00e8 capace e preciso. Il cursore dovrebbe quindi trovarsi nella posizione di clic. Quindi, fare clic e premere il tasto Invio sulla tastiera. Il vostro punteggio CPS aumenter\u00e0 di conseguenza. Questo \u00e8 il segreto per battere il record di clic in un test successivo.<\/p>\n\n<p>Ecco alcuni suggerimenti utili per vincere il gioco del conteggio dei clic!<\/p>\n\n<ul class=\"wp-block-list\">\n<li>Un&#8217;opzione \u00e8 il metodo del jitter click, ottimo per i principianti.<\/li>\n\n\n\n<li>Per fare clic rapidamente, utilizzare i trascinamenti premendo.<\/li>\n\n\n\n<li>Stabilite i record di velocit\u00e0 con i clic della farfalla.<\/li>\n\n\n\n<li>Sebbene sia possibile utilizzare anche i cliccatori automatici, se si noleggiano punteggi reali \u00e8 sufficiente utilizzare le dita.<\/li>\n<\/ul>\n\n<p>La gemma vera e propria \u00e8 a conoscenza di queste tecniche e segreti di imbroglio. Se si usa il Butterfly Click, il Kohi Click e il Jitter Click vanno spesso di pari passo. Se osservate un clic ogni due applicazioni, concluderete che equivale a un clic ogni cinque, dieci, sessanta o cento secondi. La verit\u00e0 \u00e8 che \u00e8 difficile fare clic in un secondo e fare un record nel giro di pochi secondi.<\/p>\n<div class=\"wp-block-image\">\n<figure class=\"aligncenter size-full\"><img loading=\"lazy\" decoding=\"async\" width=\"1000\" height=\"500\" src=\"https:\/\/cpstesters.com\/wp-content\/uploads\/2022\/08\/1-second-cps-Test-.jpg\" alt=\"Guida al test di 1 secondo di clic\" class=\"wp-image-146\" title=\"\" srcset=\"https:\/\/cpstesters.com\/wp-content\/uploads\/2022\/08\/1-second-cps-Test-.jpg 1000w, https:\/\/cpstesters.com\/wp-content\/uploads\/2022\/08\/1-second-cps-Test--300x150.jpg 300w, https:\/\/cpstesters.com\/wp-content\/uploads\/2022\/08\/1-second-cps-Test--768x384.jpg 768w\" sizes=\"auto, (max-width: 1000px) 100vw, 1000px\" \/><figcaption class=\"wp-element-caption\">Guida al test di 1 secondo di clic<\/figcaption><\/figure>\n<\/div>\n<h2 class=\"wp-block-heading\">Qual \u00e8 il record mondiale di 1 secondo CPS?<\/h2>\n\n<p>Il record mondiale di <a href=\"https:\/\/cpstesters.com\/he\/%d7%91%d7%93%d7%99%d7%a7%d7%aa-%d7%93%d7%99%d7%95%d7%a7-%d7%a2%d7%9b%d7%91%d7%a8\/\"  data-wpil-monitor-id=\"579\">clic del mouse<\/a> effettuati in un secondo pu\u00f2 sembrare strano, ma esiste. In questo campo ci sono dei detentori di record mondiali e alcuni giocatori si impegnano per raggiungere le posizioni pi\u00f9 alte in questo divertente gioco. I dati raccolti mostrano le velocit\u00e0 CPS pi\u00f9 elevate dei vari siti web.<\/p>\n\n<p>Alcuni siti web elencano risultati inimmaginabili per una persona comune. Studi e statistiche indicano che esiste un record mondiale per il test del click di 1 secondo.<\/p>\n\n<p>Dylan Allred, residente a Los Angeles, che ha fatto 1051 clic in 10 secondi, \u00e8 stato quello che ha cliccato pi\u00f9 rapidamente di tutti. Immagino che questo sia un grosso problema. Molti individui non considerano questo gioco come un gioco perch\u00e9 potrebbe essere terapeutico. Molti giocatori utilizzano questa attivit\u00e0 per rilassarsi se si sentono scoraggiati o tristi.<\/p>\n\n<h2 class=\"wp-block-heading\">Come posso superare il test CPS con un punteggio elevato?<\/h2>\n\n<p>Ottenere rapidamente un punteggio migliore potrebbe essere difficile per tutti, ma impiegando tecniche di clic come il test CPS 1 secondo, il clic jitter, il clic kohi e il clic a farfalla, \u00e8 possibile ottenere il miglior punteggio possibile. Come altre impostazioni del test di velocit\u00e0, il test di velocit\u00e0 dei clic \u00e8 al secondo. I partecipanti devono stare attenti a premere il mouse non appena parte il timer per guadagnare pi\u00f9 punti ogni secondo.<\/p>\n\n<h2 class=\"wp-block-heading\">Quali sono i vantaggi offerti dai test del contatore CPS?<\/h2>\n\n<p>In altre parole, il CPS Test Counter viene talvolta definito un contatore a click. In ogni caso, il calcolatore CPS aiuter\u00e0 gli utenti a contare il numero di volte che hanno usato il mouse in ogni periodo. Il contatore, ad esempio, mostrer\u00e0 il numero di clic effettuati da un utente in 10 secondi, se si vuole misurare la velocit\u00e0 dei clic in quel lasso di tempo. Il calcolatore CPS \u00e8 noto anche come test CPS Click. Con un&#8217;etichetta diversa, vale la stessa cosa.<\/p>\n\n<h2 class=\"wp-block-heading\">Che cos&#8217;\u00e8 il Contatore di 1 secondo?<\/h2>\n\n<p>Durante il test dei clic al secondo, CPS Tracker conta tutti i clic e calcola la velocit\u00e0 media dei clic.<\/p>\n\n<p>Un semplice esempio potrebbe essere l&#8217;esecuzione del CPS Test 1 Second per vedere il numero di clic effettuati nei cinque secondi precedenti.<\/p>\n\n<p>Il numero di cps del vostro clicker sarebbe stato di 6 clic in un solo secondo se, durante il test, aveste cliccato il cursore del mouse 30 volte in cinque secondi.<\/p>\n\n<p>Il punteggio del test cps \u00e8 determinato dividendo il numero totale di clic per la durata del test.<\/p>\n\n<p>Questo strumento \u00e8 conosciuto anche con il nome di CPS CHECKER, utilizzato da alcuni.<\/p>\n\n<h2 class=\"wp-block-heading has-text-align-center\">Domande frequenti<\/h2>\n\n<h3 class=\"wp-block-heading\"><strong>Qual \u00e8 la media del CPS?<\/strong><\/h3>\n\n<p>I nostri big data hanno riportato che il CPS medio \u00e8 di 6,51, mentre Google ha dichiarato che il record globale \u00e8 di 14,1 CPS. Su un dispositivo mobile o un iPad, le persone potrebbero ottenere risultati leggermente migliori rispetto a un computer.<\/p>\n\n<h3 class=\"wp-block-heading\"><strong>Quanti clic mi sono consentiti?<\/strong><\/h3>\n\n<p>Il numero massimo di clic varia a seconda del tipo di dispositivo utilizzato da ciascun giocatore. Uno smartphone pu\u00f2 eseguire fino a 100 clic alla volta, mentre un utente di PC o desktop impiega pi\u00f9 di 10 secondi per eseguire 100 clic.<\/p>\n\n<h3 class=\"wp-block-heading\"><strong>Quante volte in dieci secondi si pu\u00f2 cliccare?<\/strong><\/h3>\n\n<p>In 10 secondi, gli utenti possono spesso guadagnare 12-14 CPS. Eseguite subito il test e verificate in 10 secondi la velocit\u00e0 dei vostri clic.<\/p>\n\n<h3 class=\"wp-block-heading\"><strong>Qual \u00e8 il punteggio CPS pi\u00f9 alto?<\/strong><\/h3>\n\n<p>Nonostante l&#8217;impressione di non riuscire a fare molto in quel breve lasso di tempo, molti giocatori hanno tassi di clic fino a 15 al secondo. Sembra impossibile, eppure diverse persone hanno affermato di poter ottenere da 10 a 15 clic al secondo CPS.<\/p>\n\n<h3 class=\"wp-block-heading\"><strong>Come si pu\u00f2 aumentare la velocit\u00e0 dei clic?<\/strong><\/h3>\n\n<p>Diversi metodi online per giocare pi\u00f9 velocemente ai giochi di clic includono gli spasmi dei muscoli delle dita. Tutti conoscono il butterfly click e il jitter click. Il cursore scatta pi\u00f9 rapidamente durante il clic a scatti rispetto al clic standard.<\/p>\n\n<h3 class=\"wp-block-heading\"><strong>I giochi aiutano ad aumentare il tasso di clic?<\/strong><\/h3>\n\n<p>Per migliorare i tempi di reazione, provate a giocare a Osu o a giochi sparatutto in prima persona. Potete anche cercare online dei giochi di risposta per esercitarvi e sceglierne alcuni per affinare le vostre capacit\u00e0 di gestione dei clic.<\/p>\n\n<h2 class=\"wp-block-heading\">Parole finali per la Prova 1 di CPS Seconda<\/h2>\n\n<p>La sincronizzazione occhio-mano e il tempo di risposta saranno messi alla prova in questo gioco. Si tratta pi\u00f9 di un test rapido di abilit\u00e0 che di qualcosa che richiede una riflessione approfondita. Tutto dipende dal numero di clic del mouse effettuati ogni secondo. Potete considerarla una sfida per vedere quanto velocemente riesco a fare clic sul cursore in un solo secondo. Esaminate anche gli sforzi degli altri giocatori. Sarete cos\u00ec pi\u00f9 capaci e attivi. Aggiungo che tutto richiede tempo per accadere, quindi dovete aspettare quel tempo mentre concludo questo articolo. Pratica, pratica e ancora pratica sono le chiavi del successo. L&#8217;unico modo per diventare un giocatore migliore \u00e8 seguire questi consigli.<\/p>\n","protected":false},"excerpt":{"rendered":"<p>1 Second CPS Test \u00e8 un fantastico gioco di click al secondo che controlla la tua velocit\u00e0 di click con l&#8217;aiuto di un contatore, inizia &#8230; <\/p>\n<p class=\"read-more-container\"><a title=\"Test CPS di 1 secondo | Controlla i tuoi clic\" class=\"read-more button\" href=\"https:\/\/cpstesters.com\/it\/1-second-cps-test\/#more-1874\" aria-label=\"Per saperne di pi\u00f9 su Test CPS di 1 secondo | Controlla i tuoi clic\">Read More<\/a><\/p>\n","protected":false},"author":4,"featured_media":934,"parent":0,"menu_order":0,"comment_status":"closed","ping_status":"closed","template":"","meta":{"footnotes":""},"class_list":["post-1874","page","type-page","status-publish","has-post-thumbnail"],"_links":{"self":[{"href":"https:\/\/cpstesters.com\/it\/wp-json\/wp\/v2\/pages\/1874","targetHints":{"allow":["GET"]}}],"collection":[{"href":"https:\/\/cpstesters.com\/it\/wp-json\/wp\/v2\/pages"}],"about":[{"href":"https:\/\/cpstesters.com\/it\/wp-json\/wp\/v2\/types\/page"}],"author":[{"embeddable":true,"href":"https:\/\/cpstesters.com\/it\/wp-json\/wp\/v2\/users\/4"}],"replies":[{"embeddable":true,"href":"https:\/\/cpstesters.com\/it\/wp-json\/wp\/v2\/comments?post=1874"}],"version-history":[{"count":8,"href":"https:\/\/cpstesters.com\/it\/wp-json\/wp\/v2\/pages\/1874\/revisions"}],"predecessor-version":[{"id":6653,"href":"https:\/\/cpstesters.com\/it\/wp-json\/wp\/v2\/pages\/1874\/revisions\/6653"}],"wp:featuredmedia":[{"embeddable":true,"href":"https:\/\/cpstesters.com\/it\/wp-json\/wp\/v2\/media\/934"}],"wp:attachment":[{"href":"https:\/\/cpstesters.com\/it\/wp-json\/wp\/v2\/media?parent=1874"}],"curies":[{"name":"wp","href":"https:\/\/api.w.org\/{rel}","templated":true}]}}