{"id":1871,"date":"2024-07-16T14:39:19","date_gmt":"2024-07-16T14:39:19","guid":{"rendered":"https:\/\/cpstesters.com\/2-secondi-di-test-cps-per-verificare-la-velocita-dei-clic\/"},"modified":"2024-09-17T07:09:18","modified_gmt":"2024-09-17T07:09:18","slug":"2-second-cps-test","status":"publish","type":"page","link":"https:\/\/cpstesters.com\/it\/2-second-cps-test\/","title":{"rendered":"2 secondi di test CPS per verificare la velocit\u00e0 dei clic"},"content":{"rendered":"\n<p>Il 2 Second CPS Test \u00e8 un gioco incredibile che vi aiuta a vedere quanti clic riuscite a fare in due secondi.<\/p>\n<div class=\"row\">\r\n\t<div class=\"col-md-4\">\r\n\r\n\t\t\r\n\t\t\r\n\t\t<div class=\"side_nav\">\r\n            \r\n            \r\n             <ul class=\"time\">\r\n            <li>\r\n             <a href=\"https:\/\/cpstesters.com\/1-second-cps-test\/\"> <span data-time=\"1\">1 Second Test<\/span><\/a>\r\n            <\/li><li>\r\n             <a href=\"https:\/\/cpstesters.com\/2-second-cps-test\/\"><span data-time=\"2\" class=\"active\">2 Second Test<\/span><\/a>\r\n            <\/li><li>\r\n           <a href=\"https:\/\/cpstesters.com\/5-second-cps-test\/\"><span data-time=\"5\">5 Second Test<\/span><\/a>\r\n            <\/li><li>\r\n\t\t\t\t <a href=\"https:\/\/cpstesters.com\/10-second-cps-test\/\"><span data-time=\"10\">10 Second Test<\/span><\/a>\r\n            <\/li><li>\r\n             <a href=\"https:\/\/cpstesters.com\/15-second-click-test\/\"><span data-time=\"15\">15 Second Test<\/span><\/a>\r\n            <\/li>\r\n\t\t\t\t \t<li>\r\n             <a href=\"https:\/\/cpstesters.com\/30-second-cps-test\/\"><span data-time=\"30\">30 Second Test<\/span><\/a>\r\n            <\/li><li>\r\n\t\t\t\t<li>\r\n             <a href=\"https:\/\/cpstesters.com\/60-second-cps-test\/\"><span data-time=\"60\">60 Second Test<\/span><\/a>\r\n            <\/li><li>\r\n\t\t\t\t<li>\r\n             <a href=\"https:\/\/cpstesters.com\/100-second-cps-test\/\"><span data-time=\"100\">100 Second Test<\/span><\/a>\r\n            <\/li>\r\n\t\t\t\t <li>\r\n             <a href=\"https:\/\/cpstesters.com\/manual-click-test\/\"><span data-time=\"20\">Manual Click Test<\/span><\/a>\r\n            <\/li><\/ul>\r\n            <\/div>\r\n\t\t\r\n\t\t\r\n\t<\/div>\r\n\t<div class=\"col-md-8\">\r\n\t\t<section class=\"section section--full js-section-full section--click\">\r\n               <div class=\"container\">\r\n\t\t\t\t   \r\n\t\t\t\t         <div class=\"setting\">\r\n    <div class=\"theme-mode\"><a class=\"theme-mode__switch js-switch\" href=\"javascript:void(0);\"><\/a>\r\n        <div class=\"theme-mode__text\">Light \/ Dark mode<\/div>\r\n    <\/div>\r\n<\/div>\r\n\t\t\t\t   \r\n\t\t\t\t   \r\n                  <div class=\"statistics\">\r\n                     <div class=\"statistics__item statistics__item--timer\">\r\n                        <div class=\"statistics__number\">\r\n                           <span class=\"js-time number_timer\">2.00<\/span>\r\n                           <a class=\"statistics__arrow statistics__arrow--up js-time-up\" href=\"javascript:void(0);\">\r\n                              <svg class=\"icon icon-arrow-up \">\r\n                                 <use xlink:href=\"\/wp-content\/themes\/generatepress\/tools\/assets\/img\/spritesvg.svg#arrow-up\"><\/use>\r\n                              <\/svg>\r\n                           <\/a>\r\n                           <a class=\"statistics__arrow statistics__arrow--down js-time-down\" href=\"javascript:void(0);\">\r\n                              <svg class=\"icon icon-arrow-up \">\r\n                                 <use xlink:href=\"\/wp-content\/themes\/generatepress\/tools\/assets\/img\/spritesvg.svg#arrow-up\"><\/use>\r\n                              <\/svg>\r\n                           <\/a>\r\n                        <\/div>\r\n                        <div class=\"statistics__title\">Timer<\/div>\r\n                     <\/div>\r\n                     <div class=\"statistics__item statistics__item--clicks\">\r\n                        <div class=\"statistics__number number_clicks js-speed\">0.00<\/div>\r\n                        <div class=\"statistics__title\">Clicks \/ s<\/div>\r\n                     <\/div>\r\n                     <div class=\"statistics__item statistics__item--score\">\r\n                        <div class=\"statistics__number number_score js-score\">0<\/div>\r\n                        <div class=\"statistics__title\">Score<\/div>\r\n                     <\/div>\r\n                  <\/div>\r\n                  <div class=\"clicks-zone\">\r\n                     <div class=\"clicks-zone__start js-clicks-start\">\r\n                        <svg class=\"icon icon-click \">\r\n                           <use xlink:href=\"\/wp-content\/themes\/generatepress\/tools\/assets\/img\/spritesvg.svg#click\"><\/use>\r\n                        <\/svg>\r\n                        <div class=\"clicks-zone__start-title\">\u0421lick here to start cps test<\/div>\r\n                     <\/div>\r\n                     <div class=\"clicks-zone__clicks js-clicks\"><\/div>\r\n                     <div class=\"clicks-zone__result result-clicks js-clicks-result\">\r\n                        <div class=\"result-clicks__title rank-wrapper\"><\/div>\r\n                        <div class=\"result-clicks__text\">Your CPS result is <span class=\"speed js-stat-speed\"><\/span> (<span class=\"clicks js-stat-clicks\"><\/span> Clicks in <span class=\"time js-stat-time\"><\/span> Seconds)<\/div>\r\n                        <div class=\"result-clicks__img\"><img><\/div>\r\n                        <a class=\"result-clicks__btn js-try-again\" href=\"javascript:void(0);\">\r\n                           <svg class=\"icon icon-again \">\r\n                              <use xlink:href=\"\/wp-content\/themes\/generatepress\/tools\/assets\/img\/spritesvg.svg#again\"><\/use>\r\n                           <\/svg>\r\n                           Restart\r\n                        <\/a>\r\n                        <div class=\"result-clicks__share\">\r\n                           <div class=\"result-clicks__share-title\">Share your result with friends!<\/div>\r\n                           <div class=\"share-buttons\">\r\n                              <a class=\"share-button facebook\" data-href=\"https:\/\/www.facebook.com\/sharer\/sharer.php?u=https:\/\/cpstesters.com\/\" target=\"_blank\" onclick=\"goclicky(this); return false;\" rel=\"noopener\">Facebook<\/a>\r\n                              <a class=\"share-button twitter\" data-href=\"http:\/\/www.twitter.com\/share?url=https:\/\/cpstesters.com\/&text=[text]\" target=\"_blank\" onclick=\"goclicky(this); return false;\" rel=\"noopener\">Twitter<\/a>\r\n                              <a class=\"share-button whatsapp\" data-href=\"https:\/\/api.whatsapp.com\/send?text=[text]\" target=\"_blank\" onclick=\"goclicky(this); return false;\" rel=\"noopener\">WhatsApp<\/a>\r\n                              <a class=\"share-button reddit\" data-href=\"http:\/\/www.reddit.com\/submit?url=https:\/\/cpstesters.com\/&title=[text]\" target=\"_blank\" onclick=\"goclicky(this); return false;\" rel=\"noopener\">Reddit<\/a>\r\n                           <\/div>\r\n                        <\/div>\r\n                     <\/div>\r\n                  <\/div>\r\n                  <img decoding=\"async\" src=\"\/wp-content\/themes\/generatepress\/tools\/assets\/img\/test_result\/3\/1.png\" style=\"display: none\" alt=\"\" title=\"\">\r\n                  <img decoding=\"async\" src=\"\/wp-content\/themes\/generatepress\/tools\/assets\/img\/test_result\/5\/1.png\" style=\"display: none\" alt=\"\" title=\"\">\r\n                  <img decoding=\"async\" src=\"\/wp-content\/themes\/generatepress\/tools\/assets\/img\/test_result\/1\/1.png\" style=\"display: none\" alt=\"\" title=\"\">\r\n                  <img decoding=\"async\" src=\"\/wp-content\/themes\/generatepress\/tools\/assets\/img\/test_result\/2\/1.png\" style=\"display: none\" alt=\"\" title=\"\">\r\n                  <img decoding=\"async\" src=\"\/wp-content\/themes\/generatepress\/tools\/assets\/img\/test_result\/0\/1.png\" style=\"display: none\" alt=\"\" title=\"\">\r\n                  <img decoding=\"async\" src=\"\/wp-content\/themes\/generatepress\/tools\/assets\/img\/test_result\/6\/1.png\" style=\"display: none\" alt=\"\" title=\"\">\r\n                  <img decoding=\"async\" src=\"\/wp-content\/themes\/generatepress\/tools\/assets\/img\/test_result\/7\/1.png\" style=\"display: none\" alt=\"\" title=\"\">\r\n                  <img decoding=\"async\" src=\"\/wp-content\/themes\/generatepress\/tools\/assets\/img\/test_result\/4\/1.png\" style=\"display: none\" alt=\"\" title=\"\">\r\n                  <script>\r\n                     var test_result = {\"ratings\":{\"min\":0,\"max\":5},\"rating_ranks\":[\"Your Rank is Snail!\",\"Your Rank is Koala!\",\"Your Rank is Turtle!\",\"Your Rank is Panda!\",\"Your Rank is Hare!\",\"Your Rank is Kangaroo!\",\"Your Rank is Panther!\",\"Your Rank is Cheetah!\"],\"cps_scale\":[[0,1],[1,3],[3,5],[5,7],[7,9],[9,10],[10,12],[12,999]],\"files\":{\"3\":[\"\\\/wp-content\\\/themes\\\/generatepress\\\/tools\\\\assets\\\/img\\\/test_result\\\/3\\\/1.png\"],\"5\":[\"\\\/wp-content\\\/themes\\\/generatepress\\\/tools\\\\assets\\\/img\\\/test_result\\\/5\\\/1.png\"],\"1\":[\"\\\/wp-content\\\/themes\\\/generatepress\\\/tools\\\\assets\\\/img\\\/test_result\\\/1\\\/1.png\"],\"2\":[\"\\\/wp-content\\\/themes\\\/generatepress\\\/tools\\\\assets\\\/img\\\/test_result\\\/2\\\/1.png\"],\"0\":[\"\\\/wp-content\\\/themes\\\/generatepress\\\/tools\\\\assets\\\/img\\\/test_result\\\/0\\\/1.png\"],\"6\":[\"\\\/wp-content\\\/themes\\\/generatepress\\\/tools\\\\assets\\\/img\\\/test_result\\\/6\\\/1.png\"],\"7\":[\"\\\/wp-content\\\/themes\\\/generatepress\\\/tools\\\\assets\\\/img\\\/test_result\\\/7\\\/1.png\"],\"4\":[\"\\\/wp-content\\\/themes\\\/generatepress\\\/tools\\\\assets\\\/img\\\/test_result\\\/4\\\/1.png\"]}};\r\n                     var language = {\"code\":\"en\",\"name\":\"English\",\"prefix\":\"\"};\r\n                     var monitoringClickEvent = 'left';\r\n                     var shareTextDefault = 'My CPS result is {speed} ({clicks} Clicks in {time} Seconds)';\r\n                  <\/script>        \r\n               <\/div>\r\n            <\/section>\r\n\t\t\r\n\t<\/div>\r\n<\/div>\r\n\r\n    <script src=\"\/wp-content\/themes\/generatepress\/tools\/assets\/js\/libs.min.js\"><\/script>\r\n      <script src=\"\/wp-content\/themes\/generatepress\/tools\/assets\/js\/main.min.js?v64\"><\/script>\r\n\n\n<p><\/p>\n\n<p>Divertente e difficile, il test CPS dei 2 secondi misura il numero di clic che si possono ottenere in due secondi. \u00c8 ideale sia per i principianti che per i professionisti, e vi divertirete una volta che avrete preso la mano.<\/p>\n\n<p>Non preoccupatevi se siete giocatori principianti: fare clic a un ritmo cos\u00ec rapido \u00e8 impegnativo, ma \u00e8 possibile con la pratica. La velocit\u00e0 e la frequenza dei clic aumenteranno con l&#8217;esperienza e la padronanza del gioco.<\/p>\n\n<h2 class=\"wp-block-heading\">Come condurre un test CPS di 2 secondi?<\/h2>\n\n<p>Utilizzando il mouse, \u00e8 possibile apprendere che tipo di prova CPS in 2 secondi \u00e8 e come somministrarla seguendo le istruzioni riportate di seguito. Se seguite le indicazioni, il test si svolger\u00e0 nel modo pi\u00f9 semplice possibile.<\/p>\n\n<p>Per iniziare, fare clic sul pulsante grande INIZIA TEST nella parte superiore di questa pagina.<\/p>\n<div class=\"wp-block-image\">\n<figure class=\"aligncenter size-full\"><img loading=\"lazy\" decoding=\"async\" width=\"1000\" height=\"500\" src=\"https:\/\/cpstesters.com\/wp-content\/uploads\/2022\/08\/Untitled-design.jpg\" alt=\"2 secondi di test CPS\" class=\"wp-image-169\" title=\"\" srcset=\"https:\/\/cpstesters.com\/wp-content\/uploads\/2022\/08\/Untitled-design.jpg 1000w, https:\/\/cpstesters.com\/wp-content\/uploads\/2022\/08\/Untitled-design-300x150.jpg 300w, https:\/\/cpstesters.com\/wp-content\/uploads\/2022\/08\/Untitled-design-768x384.jpg 768w\" sizes=\"auto, (max-width: 1000px) 100vw, 1000px\" \/><figcaption class=\"wp-element-caption\">2 secondi di test CPS<\/figcaption><\/figure>\n<\/div>\n<p>Due, iniziate a fare clic con il mouse il pi\u00f9 velocemente e precisamente possibile non appena il timer inizia. Per tutti i due secondi, mantenete una frequenza di clic costante. Una volta trascorso il tempo, il punteggio totale verr\u00e0 conteggiato e visualizzato in un popup intuitivo.<\/p>\n\n<p class=\"has-text-align-center has-background has-medium-font-size\" style=\"background-color:#ffb15e\">Non siete preoccupati per i secondi? Vai al <a href=\"https:\/\/cpstesters.com\/it\/\" target=\"_blank\" rel=\"noreferrer noopener\">test CPS<\/a><\/p>\n\n<h2 class=\"wp-block-heading\">Risultati<\/h2>\n\n<p>Alla fine del periodo assegnato, verranno rivelati i risultati. Ci sono in totale cinque livelli di carineria che corrispondono alla vostra velocit\u00e0:<\/p>\n\n<p>Il maiale \u00e8 il pi\u00f9 lento, con un CPS inferiore a cinque, il canguro \u00e8 il pi\u00f9 veloce, con un CPS compreso tra 5 e 8, la scimmia tra 10 e 15, il leopardo tra 15 e 20 e il drago tra 20 e 30 CPS.<\/p>\n\n<h2 class=\"wp-block-heading\">Come aumentare la velocit\u00e0 di clic in 2 secondi?<\/h2>\n\n<p>In questo caso, continuate a leggere per ricevere alcuni suggerimenti su come aumentare il tasso di clic del mouse. Seguendo queste linee guida, \u00e8 possibile aumentare la velocit\u00e0 di clic e le prestazioni complessive.<\/p>\n\n<p>L&#8217;utilizzo di clic alternativi del mouse \u00e8 il metodo pi\u00f9 comune per aumentare il punteggio CPS di 2s. Sia il Jitter che il Butterfly possono fare questo, quindi tutto dipende dalle preferenze personali e da quanto tempo si ha a disposizione per esercitarsi.<\/p>\n\n<p>Aumentare la sensibilit\u00e0 del mouse nel pannello delle Preferenze di Windows \u00e8 un buon punto di partenza; pu\u00f2 sembrare una modifica di poco conto, ma pu\u00f2 avere un grande impatto quando si testano approcci diversi.<\/p>\n\n<p>Inoltre, i mouse da gioco hanno un numero maggiore di pulsanti rispetto ai mouse tradizionali, consentendo tempi di reazione pi\u00f9 rapidi. Tuttavia, questi mouse sono pi\u00f9 costosi e quindi potrebbero non essere pratici, a meno che il giocatore non sia disposto a sborsare denaro extra.<\/p>\n\n<h2 class=\"wp-block-heading has-text-align-center\">Domande frequenti<\/h2>\n\n<h3 class=\"wp-block-heading\"><strong>Quante volte si muove un mouse al secondo?<\/strong><\/h3>\n\n<p>Il test CPS \u00e8 un sistema di classificazione della velocit\u00e0 di clic basato sul numero di clic che si possono effettuare in un determinato lasso di tempo. Colpire almeno 5 volte al secondo per evitare di rallentare alla velocit\u00e0 di una tartaruga nel gioco.<\/p>\n\n<h3 class=\"wp-block-heading\"><strong>Perch\u00e9 le persone si preparano per 2 test CPS?<\/strong><\/h3>\n\n<p>Gli utenti e i giocatori possono superare i propri limiti e migliorare la velocit\u00e0 dei clic con il test dei clic per 2 secondi. Le sue utili funzioni contano i clic dell&#8217;utente in due secondi, consentendogli di ripetere il test e migliorare la velocit\u00e0 di clic.<\/p>\n\n<h3 class=\"wp-block-heading\"><strong>Qual \u00e8 il record mondiale per il test CPS di 2 secondi?<\/strong><\/h3>\n\n<p>Il record mondiale per il test CPS di 2 secondi \u00e8 di 27 clic al secondo e la velocit\u00e0 media \u00e8 di 18 CPS.<\/p>\n\n<h2 class=\"wp-block-heading\">Concludere il test CPS in 2 secondi<\/h2>\n\n<p>In sintesi, gli strumenti che misurano i tassi di clic al secondo sono utili per misurare la velocit\u00e0 dei clic, ma hanno anche altre applicazioni. I giochi basati sui clic, la pratica e il puro intrattenimento possono trarre vantaggio dallo strumento dei clic al secondo. Chiunque, di qualsiasi et\u00e0, pu\u00f2 divertirsi con questi gadget gratuiti e vedere quante volte in un secondo riesce a fare clic.<\/p>\n\n<p>Potrebbe piacerti anche<\/p>\n\n<ul class=\"wp-block-list\">\n<li><a href=\"https:\/\/cpstesters.com\/it\/test-del-jitter-dei-clic\/\">Test Jitter Click<\/a><\/li>\n\n\n\n<li><a href=\"https:\/\/cpstesters.com\/it\/kohi-click-test\/\">Test di Kohi Click<\/a><\/li>\n\n\n\n<li><a href=\"https:\/\/cpstesters.com\/it\/test-cps-con-il-tasto-destro-del-mouse\/\">Fare clic con il pulsante destro del mouse su CPS Test<\/a><\/li>\n\n\n\n<li><a href=\"https:\/\/cpstesters.com\/it\/test-manuale-dei-clic\/\" target=\"_blank\" rel=\"noreferrer noopener\">Test manuale dei clic<\/a><\/li>\n\n\n\n<li><a href=\"https:\/\/cpstesters.com\/it\/test-dei-clic-a-farfalla\/\" target=\"_blank\" rel=\"noreferrer noopener\">Test del clic della farfalla<\/a><\/li>\n<\/ul>\n","protected":false},"excerpt":{"rendered":"<p>Il 2 Second CPS Test \u00e8 un gioco incredibile che vi aiuta a vedere quanti clic riuscite a fare in due secondi. Divertente e difficile, &#8230; <\/p>\n<p class=\"read-more-container\"><a title=\"2 secondi di test CPS per verificare la velocit\u00e0 dei clic\" class=\"read-more button\" href=\"https:\/\/cpstesters.com\/it\/2-second-cps-test\/#more-1871\" aria-label=\"Per saperne di pi\u00f9 su 2 secondi di test CPS per verificare la velocit\u00e0 dei clic\">Read More<\/a><\/p>\n","protected":false},"author":4,"featured_media":970,"parent":0,"menu_order":0,"comment_status":"closed","ping_status":"closed","template":"","meta":{"footnotes":""},"class_list":["post-1871","page","type-page","status-publish","has-post-thumbnail"],"_links":{"self":[{"href":"https:\/\/cpstesters.com\/it\/wp-json\/wp\/v2\/pages\/1871","targetHints":{"allow":["GET"]}}],"collection":[{"href":"https:\/\/cpstesters.com\/it\/wp-json\/wp\/v2\/pages"}],"about":[{"href":"https:\/\/cpstesters.com\/it\/wp-json\/wp\/v2\/types\/page"}],"author":[{"embeddable":true,"href":"https:\/\/cpstesters.com\/it\/wp-json\/wp\/v2\/users\/4"}],"replies":[{"embeddable":true,"href":"https:\/\/cpstesters.com\/it\/wp-json\/wp\/v2\/comments?post=1871"}],"version-history":[{"count":4,"href":"https:\/\/cpstesters.com\/it\/wp-json\/wp\/v2\/pages\/1871\/revisions"}],"predecessor-version":[{"id":4064,"href":"https:\/\/cpstesters.com\/it\/wp-json\/wp\/v2\/pages\/1871\/revisions\/4064"}],"wp:featuredmedia":[{"embeddable":true,"href":"https:\/\/cpstesters.com\/it\/wp-json\/wp\/v2\/media\/970"}],"wp:attachment":[{"href":"https:\/\/cpstesters.com\/it\/wp-json\/wp\/v2\/media?parent=1871"}],"curies":[{"name":"wp","href":"https:\/\/api.w.org\/{rel}","templated":true}]}}