{"id":1847,"date":"2024-07-16T14:19:35","date_gmt":"2024-07-16T14:19:35","guid":{"rendered":"https:\/\/cpstesters.com\/test-cps-di-30-secondi-per-verificare-la-velocita-dei-clic\/"},"modified":"2024-09-17T08:22:14","modified_gmt":"2024-09-17T08:22:14","slug":"30-second-cps-test","status":"publish","type":"page","link":"https:\/\/cpstesters.com\/it\/30-second-cps-test\/","title":{"rendered":"Test CPS di 30 secondi per verificare la velocit\u00e0 dei clic"},"content":{"rendered":"\n<p>30 Second CPS Test pu\u00f2 essere una buona occasione per migliorare il tuo gioco di clic a causa del tempo aumentato, gioca ora e controlla!<\/p>\n\n\n <div class=\"row\">\r\n\t<div class=\"col-md-4\">\r\n\r\n\t\t\r\n\t\t\r\n\t\t<div class=\"side_nav\">\r\n            \r\n            \r\n            <ul class=\"time\">\r\n            <li>\r\n             <a href=\"https:\/\/cpstesters.com\/1-second-cps-test\/\"> <span data-time=\"1\">1 Second Test<\/span><\/a>\r\n            <\/li><li>\r\n             <a href=\"https:\/\/cpstesters.com\/2-second-cps-test\/\"><span data-time=\"2\">2 Second Test<\/span><\/a>\r\n            <\/li><li>\r\n           <a href=\"https:\/\/cpstesters.com\/5-second-cps-test\/\"><span data-time=\"5\">5 Second Test<\/span><\/a>\r\n            <\/li><li>\r\n\t\t\t\t <a href=\"https:\/\/cpstesters.com\/10-second-cps-test\/\"><span data-time=\"10\">10 Second Test<\/span><\/a>\r\n            <\/li><li>\r\n             <a href=\"https:\/\/cpstesters.com\/15-second-click-test\/\"><span data-time=\"15\">15 Second Test<\/span><\/a>\r\n            <\/li><li>\r\n\t\t\t\t<li>\r\n             <a href=\"https:\/\/cpstesters.com\/30-second-cps-test\/\"><span data-time=\"30\" class=\"active\">30 Second Test<\/span><\/a>\r\n            <\/li><li>\r\n\t\t\t\t<li>\r\n             <a href=\"https:\/\/cpstesters.com\/60-second-cps-test\/\"><span data-time=\"60\">60 Second Test<\/span><\/a>\r\n            <\/li><li>\r\n\t\t\t\t<li>\r\n             <a href=\"https:\/\/cpstesters.com\/100-second-cps-test\/\"><span data-time=\"100\">100 Second Test<\/span><\/a>\r\n            <\/li><li>\r\n\t\t\t\t\r\n             <a href=\"https:\/\/cpstesters.com\/manual-click-test\/\"><span data-time=\"20\">Manual Click Test<\/span><\/a>\r\n            <\/li><\/ul>\r\n            <\/div>\r\n\t\t\r\n\t\t\r\n\t<\/div>\r\n\t<div class=\"col-md-8\">\r\n\t\t<section class=\"section section--full js-section-full section--click\">\r\n               <div class=\"container\">\r\n\t\t\t\t   \r\n\t\t\t\t         <div class=\"setting\">\r\n    <div class=\"theme-mode\"><a class=\"theme-mode__switch js-switch\" href=\"javascript:void(0);\"><\/a>\r\n        <div class=\"theme-mode__text\">Light \/ Dark mode<\/div>\r\n    <\/div>\r\n<\/div>\r\n\t\t\t\t   \r\n\t\t\t\t   \r\n                  <div class=\"statistics\">\r\n                     <div class=\"statistics__item statistics__item--timer\">\r\n                        <div class=\"statistics__number\">\r\n                           <span class=\"js-time number_timer\">30.00<\/span>\r\n                           <a class=\"statistics__arrow statistics__arrow--up js-time-up\" href=\"javascript:void(0);\">\r\n                              <svg class=\"icon icon-arrow-up \">\r\n                                 <use xlink:href=\"\/wp-content\/themes\/generatepress\/tools\/assets\/img\/spritesvg.svg#arrow-up\"><\/use>\r\n                              <\/svg>\r\n                           <\/a>\r\n                           <a class=\"statistics__arrow statistics__arrow--down js-time-down\" href=\"javascript:void(0);\">\r\n                              <svg class=\"icon icon-arrow-up \">\r\n                                 <use xlink:href=\"\/wp-content\/themes\/generatepress\/tools\/assets\/img\/spritesvg.svg#arrow-up\"><\/use>\r\n                              <\/svg>\r\n                           <\/a>\r\n                        <\/div>\r\n                        <div class=\"statistics__title\">Timer<\/div>\r\n                     <\/div>\r\n                     <div class=\"statistics__item statistics__item--clicks\">\r\n                        <div class=\"statistics__number number_clicks js-speed\">0.00<\/div>\r\n                        <div class=\"statistics__title\">Clicks \/ s<\/div>\r\n                     <\/div>\r\n                     <div class=\"statistics__item statistics__item--score\">\r\n                        <div class=\"statistics__number number_score js-score\">0<\/div>\r\n                        <div class=\"statistics__title\">Score<\/div>\r\n                     <\/div>\r\n                  <\/div>\r\n                  <div class=\"clicks-zone\">\r\n                     <div class=\"clicks-zone__start js-clicks-start\">\r\n                        <svg class=\"icon icon-click \">\r\n                           <use xlink:href=\"\/wp-content\/themes\/generatepress\/tools\/assets\/img\/spritesvg.svg#click\"><\/use>\r\n                        <\/svg>\r\n                        <div class=\"clicks-zone__start-title\">\u0421lick here to start cps test<\/div>\r\n                     <\/div>\r\n                     <div class=\"clicks-zone__clicks js-clicks\"><\/div>\r\n                     <div class=\"clicks-zone__result result-clicks js-clicks-result\">\r\n                        <div class=\"result-clicks__title rank-wrapper\"><\/div>\r\n                        <div class=\"result-clicks__text\">Your CPS result is <span class=\"speed js-stat-speed\"><\/span> (<span class=\"clicks js-stat-clicks\"><\/span> Clicks in <span class=\"time js-stat-time\"><\/span> Seconds)<\/div>\r\n                        <div class=\"result-clicks__img\"><img><\/div>\r\n                        <a class=\"result-clicks__btn js-try-again\" href=\"javascript:void(0);\">\r\n                           <svg class=\"icon icon-again \">\r\n                              <use xlink:href=\"\/wp-content\/themes\/generatepress\/tools\/assets\/img\/spritesvg.svg#again\"><\/use>\r\n                           <\/svg>\r\n                           Restart\r\n                        <\/a>\r\n                        <div class=\"result-clicks__share\">\r\n                           <div class=\"result-clicks__share-title\">Share your result with friends!<\/div>\r\n                           <div class=\"share-buttons\">\r\n                              <a class=\"share-button facebook\" data-href=\"https:\/\/www.facebook.com\/sharer\/sharer.php?u=https:\/\/cpstesters.com\/\" target=\"_blank\" onclick=\"goclicky(this); return false;\" rel=\"noopener\">Facebook<\/a>\r\n                              <a class=\"share-button twitter\" data-href=\"http:\/\/www.twitter.com\/share?url=https:\/\/cpstesters.com\/&text=[text]\" target=\"_blank\" onclick=\"goclicky(this); return false;\" rel=\"noopener\">Twitter<\/a>\r\n                              <a class=\"share-button whatsapp\" data-href=\"https:\/\/api.whatsapp.com\/send?text=[text]\" target=\"_blank\" onclick=\"goclicky(this); return false;\" rel=\"noopener\">WhatsApp<\/a>\r\n                              <a class=\"share-button reddit\" data-href=\"http:\/\/www.reddit.com\/submit?url=https:\/\/cpstesters.com\/&title=[text]\" target=\"_blank\" onclick=\"goclicky(this); return false;\" rel=\"noopener\">Reddit<\/a>\r\n                           <\/div>\r\n                        <\/div>\r\n                     <\/div>\r\n                  <\/div>\r\n                  <img decoding=\"async\" src=\"\/wp-content\/themes\/generatepress\/tools\/assets\/img\/test_result\/3\/1.png\" style=\"display: none\" alt=\"\" title=\"\">\r\n                  <img decoding=\"async\" src=\"\/wp-content\/themes\/generatepress\/tools\/assets\/img\/test_result\/5\/1.png\" style=\"display: none\" alt=\"\" title=\"\">\r\n                  <img decoding=\"async\" src=\"\/wp-content\/themes\/generatepress\/tools\/assets\/img\/test_result\/1\/1.png\" style=\"display: none\" alt=\"\" title=\"\">\r\n                  <img decoding=\"async\" src=\"\/wp-content\/themes\/generatepress\/tools\/assets\/img\/test_result\/2\/1.png\" style=\"display: none\" alt=\"\" title=\"\">\r\n                  <img decoding=\"async\" src=\"\/wp-content\/themes\/generatepress\/tools\/assets\/img\/test_result\/0\/1.png\" style=\"display: none\" alt=\"\" title=\"\">\r\n                  <img decoding=\"async\" src=\"\/wp-content\/themes\/generatepress\/tools\/assets\/img\/test_result\/6\/1.png\" style=\"display: none\" alt=\"\" title=\"\">\r\n                  <img decoding=\"async\" src=\"\/wp-content\/themes\/generatepress\/tools\/assets\/img\/test_result\/7\/1.png\" style=\"display: none\" alt=\"\" title=\"\">\r\n                  <img decoding=\"async\" src=\"\/wp-content\/themes\/generatepress\/tools\/assets\/img\/test_result\/4\/1.png\" style=\"display: none\" alt=\"\" title=\"\">\r\n                  <script>\r\n                     var test_result = {\"ratings\":{\"min\":0,\"max\":5},\"rating_ranks\":[\"Your Rank is Snail!\",\"Your Rank is Koala!\",\"Your Rank is Turtle!\",\"Your Rank is Panda!\",\"Your Rank is Hare!\",\"Your Rank is Kangaroo!\",\"Your Rank is Panther!\",\"Your Rank is Cheetah!\"],\"cps_scale\":[[0,1],[1,3],[3,5],[5,7],[7,9],[9,10],[10,12],[12,999]],\"files\":{\"3\":[\"\\\/wp-content\\\/themes\\\/generatepress\\\/tools\\\\assets\\\/img\\\/test_result\\\/3\\\/1.png\"],\"5\":[\"\\\/wp-content\\\/themes\\\/generatepress\\\/tools\\\\assets\\\/img\\\/test_result\\\/5\\\/1.png\"],\"1\":[\"\\\/wp-content\\\/themes\\\/generatepress\\\/tools\\\\assets\\\/img\\\/test_result\\\/1\\\/1.png\"],\"2\":[\"\\\/wp-content\\\/themes\\\/generatepress\\\/tools\\\\assets\\\/img\\\/test_result\\\/2\\\/1.png\"],\"0\":[\"\\\/wp-content\\\/themes\\\/generatepress\\\/tools\\\\assets\\\/img\\\/test_result\\\/0\\\/1.png\"],\"6\":[\"\\\/wp-content\\\/themes\\\/generatepress\\\/tools\\\\assets\\\/img\\\/test_result\\\/6\\\/1.png\"],\"7\":[\"\\\/wp-content\\\/themes\\\/generatepress\\\/tools\\\\assets\\\/img\\\/test_result\\\/7\\\/1.png\"],\"4\":[\"\\\/wp-content\\\/themes\\\/generatepress\\\/tools\\\\assets\\\/img\\\/test_result\\\/4\\\/1.png\"]}};\r\n                     var language = {\"code\":\"en\",\"name\":\"English\",\"prefix\":\"\"};\r\n                     var monitoringClickEvent = 'left';\r\n                     var shareTextDefault = 'My CPS result is {speed} ({clicks} Clicks in {time} Seconds)';\r\n                  <\/script>        \r\n               <\/div>\r\n            <\/section>\r\n\t\t\r\n\t<\/div>\r\n<\/div>\r\n\r\n    <script src=\"\/wp-content\/themes\/generatepress\/tools\/assets\/js\/libs.min.js\"><\/script>\r\n      <script src=\"\/wp-content\/themes\/generatepress\/tools\/assets\/js\/main.min.js?v64\"><\/script>\r\n\n\n\n\n<div style=\"height:5px\" aria-hidden=\"true\" class=\"wp-block-spacer\"><\/div>\n\n\n\n<p>Ti sei mai chiesto quanto velocemente puoi cliccare un pulsante del mouse o toccare uno schermo? Potresti pensare che sia solo un&#8217;azione semplice, ma\u00a0<strong>la velocit\u00e0 di clic<\/strong>\u00a0\u00e8 diventata un test popolare di riflessi e tempo di reazione nel mondo dei videogiochi. Il\u00a0<strong>test di clic di 30 secondi al secondo<\/strong>\u00a0\u00e8 uno dei modi migliori per misurare la velocit\u00e0 con cui puoi cliccare in un lasso di tempo limitato, fornendo informazioni sulla tua coordinazione occhio-mano, concentrazione e resistenza.<\/p>\n\n\n<div class=\"wp-block-image\">\n<figure class=\"aligncenter size-full\"><img loading=\"lazy\" decoding=\"async\" width=\"1000\" height=\"500\" src=\"https:\/\/cpstesters.com\/wp-content\/uploads\/2022\/08\/30-sec-CPs-TESt.jpg\" alt=\"Test CPS di 30 secondi\" class=\"wp-image-285\" title=\"\" srcset=\"https:\/\/cpstesters.com\/wp-content\/uploads\/2022\/08\/30-sec-CPs-TESt.jpg 1000w, https:\/\/cpstesters.com\/wp-content\/uploads\/2022\/08\/30-sec-CPs-TESt-300x150.jpg 300w, https:\/\/cpstesters.com\/wp-content\/uploads\/2022\/08\/30-sec-CPs-TESt-768x384.jpg 768w\" sizes=\"auto, (max-width: 1000px) 100vw, 1000px\" \/><figcaption class=\"wp-element-caption\">Test CPS di 30 secondi<\/figcaption><\/figure>\n<\/div>\n\n\n<p>In questo articolo esploreremo il&nbsp;<strong>test dei clic al secondo da 30 secondi<\/strong>&nbsp;, capiremo perch\u00e9 \u00e8 importante e scopriremo come puoi migliorare la tua velocit\u00e0 di clic con alcuni semplici suggerimenti. Che tu sia un giocatore occasionale che cerca di aumentare i tuoi clic al secondo (CPS) o semplicemente curioso del tuo tempo di reazione, questa guida ti fornir\u00e0 tutto ci\u00f2 che devi sapere.<\/p>\n\n\n\n<h2 class=\"wp-block-heading\">Cos&#8217;\u00e8 il test dei clic al secondo di 30 secondi?<\/h2>\n\n\n\n<p>Il&nbsp;<strong>test del clic al secondo da 30 secondi<\/strong>&nbsp;\u00e8 una semplice sfida online progettata per testare quante volte riesci a cliccare un pulsante in 30 secondi. \u00c8 solitamente utilizzato dai giocatori, specialmente nei giochi frenetici che richiedono reazioni rapide, ma chiunque pu\u00f2 fare il test per misurare il proprio CPS.<\/p>\n\n\n\n<p>Durante il test, gli utenti cliccano ripetutamente su un&#8217;area designata il pi\u00f9 velocemente possibile e il software registra il numero totale di clic. Il risultato finale viene calcolato dividendo il totale dei clic per 30 secondi per ottenere il punteggio CPS medio.<\/p>\n\n\n\n<p><strong>Esempio<\/strong>&nbsp;: se hai cliccato 300 volte in 30 secondi, il tuo punteggio CPS sar\u00e0 di 10 clic al secondo.<\/p>\n\n\n\n<h2 class=\"wp-block-heading\">Perch\u00e9 la velocit\u00e0 di clic \u00e8 importante?<\/h2>\n\n\n\n<p>In alcuni generi di gioco, come gli sparatutto in prima persona, i giochi di strategia in tempo reale e i titoli multigiocatore competitivi, la&nbsp;<strong>velocit\u00e0 con cui clicchi<\/strong>&nbsp;pu\u00f2 influenzare significativamente le tue prestazioni di gioco. Ad esempio, una velocit\u00e0 di clic pi\u00f9 elevata pu\u00f2 darti un vantaggio quando costruisci strutture, miri o esegui azioni rapide che richiedono una risposta rapida.<\/p>\n\n\n\n<p>Oltre al gaming, migliorare la velocit\u00e0 di clic pu\u00f2 essere utile a chiunque trascorra molto tempo al computer, come grafici, programmatori ed editor, perch\u00e9 li aiuta a svolgere le proprie attivit\u00e0 in modo pi\u00f9 rapido ed efficiente.<\/p>\n\n\n\n<h2 class=\"wp-block-heading\">Informazioni sui clic al secondo (CPS)<\/h2>\n\n\n\n<p>La metrica&nbsp;<strong><a href=\"https:\/\/cpstesters-com.translate.goog\/?_x_tr_sl=en&amp;_x_tr_tl=it&amp;_x_tr_hl=en&amp;_x_tr_pto=wapp\" rel=\"noopener\">Clicks Per Second<\/a>&nbsp;(CPS)<\/strong>&nbsp;\u00e8 il numero di clic che puoi fare in un secondo. Questa \u00e8 l&#8217;unit\u00e0 principale utilizzata nei test dei clic, incluso il test da 30 secondi. Ecco come viene solitamente misurato il CPS:<\/p>\n\n\n\n<ul class=\"wp-block-list\">\n<li><strong>CPS basso<\/strong>\u00a0: 1-3 clic al secondo<\/li>\n\n\n\n<li><strong>CPS medio<\/strong>\u00a0: 4-6 clic al secondo<\/li>\n\n\n\n<li><strong>CPS veloce<\/strong>\u00a0: 7-9 clic al secondo<\/li>\n\n\n\n<li><strong>CPS estremo<\/strong>\u00a0: 10 o pi\u00f9 clic al secondo<\/li>\n<\/ul>\n\n\n\n<p>Il punteggio CPS medio per la maggior parte delle persone \u00e8 compreso tra 5 e 7, anche se i giocatori professionisti o coloro che si allenano frequentemente possono spesso raggiungere punteggi molto pi\u00f9 alti.<\/p>\n\n\n\n<h2 class=\"wp-block-heading\">Come fare il test del clic di 30 secondi<\/h2>\n\n\n\n<p>Il&nbsp;<strong>test del clic di 30 secondi<\/strong>&nbsp;\u00e8 semplice da eseguire e pu\u00f2 essere eseguito sulla maggior parte dei siti Web che offrono test CPS. Segui questi passaggi per iniziare il test:<\/p>\n\n\n\n<ol class=\"wp-block-list\">\n<li><strong>Trova un sito Web per il test CPS<\/strong>\u00a0: ci sono diversi strumenti gratuiti disponibili online dove puoi fare il test di clic al secondo di 30 secondi. Basta cercare &#8220;test CPS di 30 secondi&#8221; e troverai diverse piattaforme tra cui scegliere.<\/li>\n\n\n\n<li><strong>Preparati<\/strong>\u00a0: mettiti comodo, metti la mano sul mouse e fai un respiro profondo. Dovrai mantenere la velocit\u00e0 di clic per tutti i 30 secondi, quindi assicurati di essere in una posizione rilassata.<\/li>\n\n\n\n<li><strong>Inizia a cliccare<\/strong>\u00a0: una volta iniziato il test, clicca il pi\u00f9 velocemente possibile nell&#8217;area designata per 30 secondi. Concentrati sul mantenere un ritmo costante ed evita di fermarti.<\/li>\n\n\n\n<li><strong>Controlla il tuo punteggio<\/strong>\u00a0: una volta trascorso il tempo, lo strumento mostrer\u00e0 il tuo punteggio CPS. Alcuni siti web potrebbero anche confrontare il tuo punteggio con altri o darti delle classifiche.<\/li>\n<\/ol>\n\n\n\n<h2 class=\"wp-block-heading\">Fattori che influenzano il tuo punteggio CPS<\/h2>\n\n\n\n<p>Ci sono diversi fattori che possono influenzare il tuo punteggio CPS. Ecco i pi\u00f9 comuni:<\/p>\n\n\n\n<h3 class=\"wp-block-heading\">1.&nbsp;<strong>Tipo di mouse o dispositivo<\/strong><\/h3>\n\n\n\n<p>Il tipo di&nbsp;<strong>mouse<\/strong>&nbsp;o dispositivo che utilizzi pu\u00f2 avere un impatto significativo sulla velocit\u00e0 di clic. I mouse da gioco con pulsanti leggeri e sensibili sono spesso pi\u00f9 adatti per ottenere punteggi CPS elevati rispetto ai mouse da ufficio standard, che potrebbero avere pulsanti pi\u00f9 pesanti.<\/p>\n\n\n\n<h3 class=\"wp-block-heading\">2.&nbsp;<strong>Tecnica del clic<\/strong><\/h3>\n\n\n\n<p>La&nbsp;<strong>tecnica di clic<\/strong>&nbsp;\u00e8 un altro fattore critico. Alcune persone cliccano usando solo l&#8217;indice, mentre altre usano pi\u00f9 dita per aumentare la velocit\u00e0. Tecniche come il&nbsp;<strong><a href=\"https:\/\/cpstesters-com.translate.goog\/butterfly-click-test\/?_x_tr_sl=en&amp;_x_tr_tl=it&amp;_x_tr_hl=en&amp;_x_tr_pto=wapp\" rel=\"noopener\">clic a farfalla<\/a><\/strong>&nbsp;o&nbsp;<a href=\"https:\/\/cpstesters-com.translate.goog\/jitter-click-test\/?_x_tr_sl=en&amp;_x_tr_tl=it&amp;_x_tr_hl=en&amp;_x_tr_pto=wapp\" rel=\"noopener\"><strong>il clic jitter<\/strong><\/a>&nbsp;possono aiutarti a raggiungere un CPS pi\u00f9 elevato usando rapidi movimenti delle dita.<a href=\"https:\/\/cpstesters-com.translate.goog\/jitter-click-test\/?_x_tr_sl=en&amp;_x_tr_tl=it&amp;_x_tr_hl=en&amp;_x_tr_pto=wapp\" rel=\"noopener\"><strong><\/strong><\/a><\/p>\n\n\n\n<h3 class=\"wp-block-heading\">3.&nbsp;<strong>Coordinazione occhio-mano<\/strong><\/h3>\n\n\n\n<p>Una buona&nbsp;<strong>coordinazione occhio-mano<\/strong>&nbsp;\u00e8 essenziale per ottenere un punteggio CPS elevato. Pi\u00f9 velocemente riesci a coordinare i movimenti delle mani con le istruzioni del cervello, migliori saranno i risultati.<\/p>\n\n\n\n<h3 class=\"wp-block-heading\">4.&nbsp;<strong>Stanchezza fisica e mentale<\/strong><\/h3>\n\n\n\n<p>La fatica gioca un ruolo importante nei punteggi CPS. Poich\u00e9 il test dura 30 secondi, mantenere la concentrazione e la velocit\u00e0 di clic senza affaticare la mano pu\u00f2 essere impegnativo. Essere in buone condizioni fisiche e allenarsi regolarmente aiuter\u00e0 a ridurre la fatica e a migliorare le prestazioni.<\/p>\n\n\n\n<h2 class=\"wp-block-heading\">Suggerimenti per migliorare il tuo punteggio CPS<\/h2>\n\n\n\n<p>Per migliorare la&nbsp;<strong>velocit\u00e0 di clic<\/strong>&nbsp;sono necessarie pratica e tecnica. Ecco alcuni consigli pratici per aiutarti a migliorare il tuo punteggio:<\/p>\n\n\n\n<h3 class=\"wp-block-heading\">1.&nbsp;<strong>Pratica regolarmente<\/strong><\/h3>\n\n\n\n<p>Pi\u00f9 ti alleni, pi\u00f9 diventerai veloce. Eseguire regolarmente il test del clic di 30 secondi ti aiuter\u00e0 a sviluppare la memoria muscolare e scoprirai che la tua velocit\u00e0 di clic migliorer\u00e0 naturalmente nel tempo.<\/p>\n\n\n\n<h3 class=\"wp-block-heading\">2.&nbsp;<strong>Prova diverse tecniche di clic<\/strong><\/h3>\n\n\n\n<p>Se vuoi davvero aumentare il tuo CPS, sperimenta tecniche diverse. Il&nbsp;<strong>butterfly click<\/strong>&nbsp;prevede l&#8217;uso alternato di due dita, il che pu\u00f2 quasi raddoppiare il tuo CPS, mentre il&nbsp;<strong>jitter click<\/strong>&nbsp;prevede vibrazioni rapide e controllate della mano per ottenere clic molto rapidi.<\/p>\n\n\n\n<h3 class=\"wp-block-heading\">3.&nbsp;<strong>Utilizzare un mouse di alta qualit\u00e0<\/strong><\/h3>\n\n\n\n<p>Investire in un&nbsp;<strong>mouse da gioco<\/strong>&nbsp;con pulsanti reattivi pu\u00f2 fare una grande differenza nella velocit\u00e0 di clic. Questi mouse sono progettati per clic rapidi, spesso con design leggeri ed ergonomici che riducono l&#8217;affaticamento della mano.<\/p>\n\n\n\n<h3 class=\"wp-block-heading\">4.&nbsp;<strong>Concentrati sulla precisione<\/strong><\/h3>\n\n\n\n<p>Anche se cliccare velocemente \u00e8 importante, non dimenticare di puntare alla precisione. Cliccare fuori dall&#8217;area designata durante il test sprecher\u00e0 tempo prezioso e clic. Concentrati sul rimanere all&#8217;interno della zona target.<\/p>\n\n\n\n<h3 class=\"wp-block-heading\">5.&nbsp;<strong>Fai delle pause e rilassati<\/strong><\/h3>\n\n\n\n<p>Cliccare ad alta velocit\u00e0 per un periodo prolungato pu\u00f2 causare affaticamento, che abbasser\u00e0 il tuo punteggio. Fare brevi pause tra i test pu\u00f2 aiutare a mantenere i muscoli delle mani rilassati e pronti per il round successivo.<\/p>\n\n\n\n<h2 class=\"wp-block-heading\">I vantaggi di un punteggio CPS elevato<\/h2>\n\n\n\n<p>Raggiungere un punteggio CPS elevato non \u00e8 solo divertente, ma comporta anche alcuni vantaggi pratici, soprattutto se sei un giocatore competitivo o qualcuno che lavora con i computer. Ecco alcuni vantaggi del miglioramento del tuo CPS:<\/p>\n\n\n\n<ul class=\"wp-block-list\">\n<li><strong>Prestazioni di gioco migliorate<\/strong>\u00a0: se sei un giocatore, soprattutto nei giochi ricchi di azione, avere un CPS elevato pu\u00f2 darti un vantaggio sui tuoi avversari.<\/li>\n\n\n\n<li><strong>Aumento della produttivit\u00e0<\/strong>\u00a0: per chi usa il computer per lavoro, aumentare la velocit\u00e0 di clic pu\u00f2 aiutare a navigare pi\u00f9 velocemente, migliorando la produttivit\u00e0 complessiva.<\/li>\n\n\n\n<li><strong>Riflessi potenziati<\/strong>\u00a0: praticare regolarmente test di clic pu\u00f2 migliorare i riflessi e i tempi di reazione, il che pu\u00f2 rivelarsi utile in vari scenari del mondo reale.<\/li>\n<\/ul>\n\n\n\n<h2 class=\"wp-block-heading\">Tecniche di clic popolari: clic a farfalla e clic a jitter<\/h2>\n\n\n\n<p>Due tecniche avanzate che i giocatori usano spesso per migliorare il loro CPS sono&nbsp;<strong>il clic a farfalla<\/strong>&nbsp;e&nbsp;<strong>il clic a jitter<\/strong>&nbsp;. Queste tecniche richiedono pratica e possono migliorare significativamente il tuo tasso di clic:<\/p>\n\n\n\n<h3 class=\"wp-block-heading\">1.&nbsp;<strong>Farfalla che fa clic<\/strong><\/h3>\n\n\n\n<p>Nel&nbsp;<strong>clic a farfalla<\/strong>&nbsp;, due dita (solitamente l&#8217;indice e il medio) vengono utilizzate alternativamente per cliccare il mouse. Questo metodo consente di cliccare a una velocit\u00e0 molto maggiore rispetto all&#8217;utilizzo di un solo dito, poich\u00e9 ogni dito si ferma brevemente mentre l&#8217;altro clicca.<\/p>\n\n\n\n<h3 class=\"wp-block-heading\">2.&nbsp;<strong>Clic intermittente<\/strong><\/h3>\n\n\n\n<p><strong>Il jitter click<\/strong>&nbsp;consiste nel far vibrare rapidamente i muscoli della mano per cliccare il pulsante del mouse pi\u00f9 volte al secondo. Questa tecnica richiede pratica, poich\u00e9 pu\u00f2 affaticare la mano se non eseguita correttamente. Il jitter click pu\u00f2 produrre punteggi CPS incredibilmente alti, ma richiede anche un controllo eccellente per mantenere la precisione.<\/p>\n\n\n\n<h2 class=\"wp-block-heading\">Conclusione: testa e migliora la velocit\u00e0 del tuo clic<\/h2>\n\n\n\n<p>Il&nbsp;<strong>test del clic al secondo da 30 secondi<\/strong>&nbsp;\u00e8 un modo divertente ed efficace per misurare e migliorare la velocit\u00e0 di clic. Che tu sia un giocatore competitivo o che tu voglia semplicemente metterti alla prova, il test CPS pu\u00f2 fornire preziose informazioni sul tuo tempo di reazione e sulla coordinazione occhio-mano.<\/p>\n\n\n\n<p>Esercitandoti regolarmente, sperimentando tecniche diverse e utilizzando gli strumenti giusti, puoi aumentare il tuo punteggio CPS e migliorare le tue prestazioni complessive, sia dentro che fuori dal mondo dei videogiochi.<\/p>\n\n\n\n<p>Allora, sei pronto per la sfida? Prova oggi stesso il&nbsp;<strong>test del clic da 30 secondi al secondo<\/strong>&nbsp;e scopri quanto velocemente riesci ad andare!<\/p>\n\n\n\n<h3 class=\"wp-block-heading\">Altri test sui clic che potrebbero piacervi<\/h3>\n\n\n\n<ul class=\"wp-block-list\">\n<li><a href=\"https:\/\/cpstesters.com\/it\/test-cps-con-il-tasto-destro-del-mouse\/\" target=\"_blank\" rel=\"noreferrer noopener\">Fare clic con il pulsante destro del mouse su CPS Test<\/a><\/li>\n\n\n\n<li><a href=\"https:\/\/cpstesters.com\/it\/kohi-click-test\/\" target=\"_blank\" rel=\"noreferrer noopener\">Test di Kohi Click<\/a><\/li>\n\n\n\n<li><a href=\"https:\/\/cpstesters.com\/it\/test-del-jitter-dei-clic\/\" target=\"_blank\" rel=\"noreferrer noopener\">Test Jitter Click<\/a><\/li>\n\n\n\n<li><a href=\"https:\/\/cpstesters.com\/it\/test-manuale-dei-clic\/\" target=\"_blank\" rel=\"noreferrer noopener\">Test manuale dei clic<\/a><\/li>\n<\/ul>\n\n\n\n<p class=\"has-text-align-center has-background has-medium-font-size\" style=\"background-color:#ffb15e\">Non siete preoccupati per i secondi? Take Core <a href=\"https:\/\/cpstesters.com\/it\/\" target=\"_blank\" rel=\"noreferrer noopener\">CPS Test<\/a><\/p>\n","protected":false},"excerpt":{"rendered":"<p>30 Second CPS Test pu\u00f2 essere una buona occasione per migliorare il tuo gioco di clic a causa del tempo aumentato, gioca ora e controlla! &#8230; <\/p>\n<p class=\"read-more-container\"><a title=\"Test CPS di 30 secondi per verificare la velocit\u00e0 dei clic\" class=\"read-more button\" href=\"https:\/\/cpstesters.com\/it\/30-second-cps-test\/#more-1847\" aria-label=\"Per saperne di pi\u00f9 su Test CPS di 30 secondi per verificare la velocit\u00e0 dei clic\">Read More<\/a><\/p>\n","protected":false},"author":4,"featured_media":1114,"parent":0,"menu_order":0,"comment_status":"closed","ping_status":"closed","template":"","meta":{"footnotes":""},"class_list":["post-1847","page","type-page","status-publish","has-post-thumbnail"],"_links":{"self":[{"href":"https:\/\/cpstesters.com\/it\/wp-json\/wp\/v2\/pages\/1847","targetHints":{"allow":["GET"]}}],"collection":[{"href":"https:\/\/cpstesters.com\/it\/wp-json\/wp\/v2\/pages"}],"about":[{"href":"https:\/\/cpstesters.com\/it\/wp-json\/wp\/v2\/types\/page"}],"author":[{"embeddable":true,"href":"https:\/\/cpstesters.com\/it\/wp-json\/wp\/v2\/users\/4"}],"replies":[{"embeddable":true,"href":"https:\/\/cpstesters.com\/it\/wp-json\/wp\/v2\/comments?post=1847"}],"version-history":[{"count":5,"href":"https:\/\/cpstesters.com\/it\/wp-json\/wp\/v2\/pages\/1847\/revisions"}],"predecessor-version":[{"id":5757,"href":"https:\/\/cpstesters.com\/it\/wp-json\/wp\/v2\/pages\/1847\/revisions\/5757"}],"wp:featuredmedia":[{"embeddable":true,"href":"https:\/\/cpstesters.com\/it\/wp-json\/wp\/v2\/media\/1114"}],"wp:attachment":[{"href":"https:\/\/cpstesters.com\/it\/wp-json\/wp\/v2\/media?parent=1847"}],"curies":[{"name":"wp","href":"https:\/\/api.w.org\/{rel}","templated":true}]}}