{"id":3272,"date":"2024-07-16T14:30:37","date_gmt":"2024-07-16T14:30:37","guid":{"rendered":"https:\/\/cpstesters.com\/test-de-latence-du-clavier-temps-de-reponse-delai-et-taux-dinterrogation\/"},"modified":"2024-08-07T17:17:05","modified_gmt":"2024-08-07T17:17:05","slug":"test-de-latence-du-clavier","status":"publish","type":"page","link":"https:\/\/cpstesters.com\/fr\/test-de-latence-du-clavier\/","title":{"rendered":"Test de latence du clavier : temps de r\u00e9ponse, d\u00e9lai et taux d&#8217;interrogation"},"content":{"rendered":"\n<p>Keyboard Response Time Test est un test en ligne pour v\u00e9rifier la latence de votre clavier. Vous voulez voir le d\u00e9lai d&#8217;entr\u00e9e de votre clavier ? Regardez !<\/p>\n <table>\r\n      <tr>\r\n        <th>Shortest Key Press<\/th>\r\n        <th>Estimated Scan Rate<\/th>\r\n      <\/tr>\r\n      <tr>\r\n        <td id=\"best-time\">press any key<\/td>\r\n        <td id=\"scan-rate\">press any key<\/td>\r\n      <\/tr>\r\n    <\/table>\r\n<h4>Key press history<\/h4>\r\n\r\n    <ul id=\"event-history\">\r\n    <\/ul>\r\n\r\n<script>\r\n'use strict';\r\n\r\nvar keyCodes = {\r\n  3 : \"break\",\r\n  8 : \"backspace \/ delete\",\r\n  9 : \"tab\",\r\n  12 : 'clear',\r\n  13 : \"enter\",\r\n  16 : \"shift\",\r\n  17 : \"ctrl \",\r\n  18 : \"alt\",\r\n  19 : \"pause\/break\",\r\n  20 : \"caps lock\",\r\n  27 : \"escape\",\r\n  32 : \"spacebar\",\r\n  33 : \"page up\",\r\n  34 : \"page down\",\r\n  35 : \"end\",\r\n  36 : \"home \",\r\n  37 : \"left arrow \",\r\n  38 : \"up arrow \",\r\n  39 : \"right arrow\",\r\n  40 : \"down arrow \",\r\n  41 : \"select\",\r\n  42 : \"print\",\r\n  43 : \"execute\",\r\n  44 : \"Print Screen\",\r\n  45 : \"insert \",\r\n  46 : \"delete\",\r\n  48 : \"0\",\r\n  49 : \"1\",\r\n  50 : \"2\",\r\n  51 : \"3\",\r\n  52 : \"4\",\r\n  53 : \"5\",\r\n  54 : \"6\",\r\n  55 : \"7\",\r\n  56 : \"8\",\r\n  57 : \"9\",\r\n  59 : \"semicolon (firefox), equals\",\r\n  61 : \"equals (firefox)\",\r\n  65 : \"a\",\r\n  66 : \"b\",\r\n  67 : \"c\",\r\n  68 : \"d\",\r\n  69 : \"e\",\r\n  70 : \"f\",\r\n  71 : \"g\",\r\n  72 : \"h\",\r\n  73 : \"i\",\r\n  74 : \"j\",\r\n  75 : \"k\",\r\n  76 : \"l\",\r\n  77 : \"m\",\r\n  78 : \"n\",\r\n  79 : \"o\",\r\n  80 : \"p\",\r\n  81 : \"q\",\r\n  82 : \"r\",\r\n  83 : \"s\",\r\n  84 : \"t\",\r\n  85 : \"u\",\r\n  86 : \"v\",\r\n  87 : \"w\",\r\n  88 : \"x\",\r\n  89 : \"y\",\r\n  90 : \"z\",\r\n  91 : \"Windows Key \/ Left \u2318\",\r\n  92 : \"right window key \",\r\n  93 : \"Windows Menu \/ Right \u2318\",\r\n  96 : \"numpad 0 \",\r\n  97 : \"numpad 1 \",\r\n  98 : \"numpad 2 \",\r\n  99 : \"numpad 3 \",\r\n  100 : \"numpad 4 \",\r\n  101 : \"numpad 5 \",\r\n  102 : \"numpad 6 \",\r\n  103 : \"numpad 7 \",\r\n  104 : \"numpad 8 \",\r\n  105 : \"numpad 9 \",\r\n  106 : \"multiply \",\r\n  107 : \"add\",\r\n  109 : \"subtract \",\r\n  110 : \"decimal point\",\r\n  111 : \"divide \",\r\n  112 : \"f1 \",\r\n  113 : \"f2 \",\r\n  114 : \"f3 \",\r\n  115 : \"f4 \",\r\n  116 : \"f5 \",\r\n  117 : \"f6 \",\r\n  118 : \"f7 \",\r\n  119 : \"f8 \",\r\n  120 : \"f9 \",\r\n  121 : \"f10\",\r\n  122 : \"f11\",\r\n  123 : \"f12\",\r\n  124 : \"f13\",\r\n  125 : \"f14\",\r\n  126 : \"f15\",\r\n  127 : \"f16\",\r\n  128 : \"f17\",\r\n  129 : \"f18\",\r\n  130 : \"f19\",\r\n  144 : \"num lock \",\r\n  145 : \"scroll lock\",\r\n  173 : \"minus (firefox), mute\/unmute\",\r\n  174 : \"decrease volume level\",\r\n  175 : \"increase volume level\",\r\n  176 : \"next\",\r\n  177 : \"previous\",\r\n  178 : \"stop\",\r\n  179 : \"play\/pause\",\r\n  181 : \"mute\/unmute (firefox)\",\r\n  182 : \"decrease volume level (firefox)\",\r\n  183 : \"increase volume level (firefox)\",\r\n  186 : \"semi-colon \",\r\n  187 : \"equal sign \",\r\n  188 : \"comma\",\r\n  189 : \"dash \",\r\n  190 : \"period \",\r\n  191 : \"forward slash\",\r\n  192 : \"grave accent \",\r\n  219 : \"open bracket \",\r\n  220 : \"back slash \",\r\n  221 : \"close bracket \",\r\n  222 : \"single quote \",\r\n  224 : \"left or right \u2318 key (firefox)\",\r\n  225 : \"altgr\",\r\n  226 : \"< \/git >\",\r\n  255 : \"toggle touchpad\"\r\n};\r\n\r\nwindow.performance = window.performance || {};\r\nperformance.now = (function() {\r\n    return performance.now       ||\r\n        performance.mozNow    ||\r\n        performance.msNow     ||\r\n        performance.oNow      ||\r\n        performance.webkitNow ||\r\n        Date.now * 1.0; \/*none found - fallback to browser default *\/\r\n})();\r\n\r\n(function() {\r\n  var body = document.querySelector('body');\r\n\r\n  var bestKeyTime = 10000;\r\n  var keyDownTime = [];\r\n  var isKeyDown = [];\r\n  for (var i = 0, len = 256; i < len; i++) {\r\n    isKeyDown[i] = false;\r\n    keyDownTime[i] = 0;\r\n  }\r\n\r\n\r\n  body.onkeydown = function (e) {\r\n    if ( !e.metaKey ) {\r\n      e.preventDefault();\r\n    }\r\n\r\n    if (!isKeyDown[e.keyCode]) {\r\n      isKeyDown[e.keyCode] = true;\r\n      keyDownTime[e.keyCode] = performance.now();\r\n    }\r\n  };\r\n\r\n  body.onkeyup = function (e) {\r\n    if ( !e.metaKey ) {\r\n      e.preventDefault();\r\n    }\r\n    isKeyDown[e.keyCode] = false;\r\n    var upTime = performance.now();\r\n    var heldTime = Math.ceil(upTime - keyDownTime[e.keyCode]);\r\n    bestKeyTime = Math.min(bestKeyTime, heldTime);\r\n    var scanRate = Math.min(1000 \/ (bestKeyTime), 1000);\r\n\r\n    document.querySelector('#best-time').innerHTML = bestKeyTime + \"ms\";\r\n    document.querySelector('#scan-rate').innerHTML = scanRate + \"Hz\";\r\n    var keyEventElem = document.createElement('li');\r\n    var keyEventContent = document.createTextNode(keyCodes[e.keyCode] + \": \" + heldTime + \"ms\");\r\n    keyEventElem.appendChild(keyEventContent);\r\n    var outputArea = document.querySelector('#event-history');\r\n    outputArea.insertBefore(keyEventElem, outputArea.firstChild)\r\n  };\r\n})(); \r\n<\/script>\r\n\n\n<p><\/p>\n\n<div style=\"height:5px\" aria-hidden=\"true\" class=\"wp-block-spacer\"><\/div>\n\n<h2 class=\"wp-block-heading\">Qu&#8217;est-ce que la latence du clavier ?<\/h2>\n\n<p>Le temps qu&#8217;il faut \u00e0 un clavier pour reconna\u00eetre une frappe est appel\u00e9 latence du clavier. L&#8217;intervalle de temps entre le d\u00e9placement d&#8217;une touche et l&#8217;arriv\u00e9e du paquet USB correspondant sur le port USB est mesur\u00e9 dans ce processus. Il s&#8217;agit donc du d\u00e9lai entre l&#8217;appui sur une touche et l&#8217;instant o\u00f9 l&#8217;action s&#8217;affiche \u00e0 l&#8217;\u00e9cran.<\/p>\n\n<p>Les chiffres seront arrondis aux 5ms les plus proches afin d&#8217;\u00e9viter une fausse pr\u00e9cision. Vous pouvez \u00e9valuer la latence de votre clavier \u00e0 l&#8217;aide du test de <a href=\"https:\/\/keyboardsexpert.com\/what-is-keyboard-latency\/\" target=\"_blank\" rel=\"noreferrer noopener\">latence du clavier<\/a>.<\/p>\n\n<h2 class=\"wp-block-heading\">Pourquoi le test de latence du clavier est-il important ?<\/h2>\n\n<p>M\u00eame si la plupart des claviers ont une latence ad\u00e9quate pour les programmeurs ou les bureaux, les claviers de jeu pr\u00e9sentant une latence excessive peuvent faire la diff\u00e9rence entre une victoire et une d\u00e9faite.<\/p>\n\n<p>Vous devez vous assurer que chaque composant ne pr\u00e9sente pas une latence importante, car le clavier, l&#8217;ordinateur portable et l&#8217;\u00e9cran ajoutent tous au d\u00e9lai entre votre entr\u00e9e et l&#8217;activit\u00e9 en cours. Les claviers de jeux sont con\u00e7us pour avoir le moins de latence possible, m\u00eame si aucun \u00e9quipement n&#8217;est vraiment sans latence.<\/p>\n\n<h2 class=\"wp-block-heading\">Comment le temps de r\u00e9ponse du clavier est-il calcul\u00e9 ?<\/h2>\n\n<p>En comptant les images qui s&#8217;\u00e9coulent entre le moment o\u00f9 l&#8217;entr\u00e9e est fournie et le moment o\u00f9 le flash appara\u00eet sur l&#8217;\u00e9cran, la latence du test pour le clavier est calcul\u00e9e et v\u00e9rifi\u00e9e. Ensuite, cette valeur est modifi\u00e9e pour tenir compte de la latence de l&#8217;affichage, du syst\u00e8me et du pr\u00e9-trajet. D&#8217;apr\u00e8s les r\u00e9sultats, chaque type de lien avait une moyenne de 12 mesures.<\/p>\n<div class=\"wp-block-image\">\n<figure class=\"aligncenter size-full\"><img loading=\"lazy\" decoding=\"async\" width=\"1000\" height=\"500\" src=\"https:\/\/cpstesters.com\/wp-content\/uploads\/2022\/09\/Keyboard-Latency-Test.jpg\" alt=\"Test de latence du clavier\" class=\"wp-image-608\" title=\"\" srcset=\"https:\/\/cpstesters.com\/wp-content\/uploads\/2022\/09\/Keyboard-Latency-Test.jpg 1000w, https:\/\/cpstesters.com\/wp-content\/uploads\/2022\/09\/Keyboard-Latency-Test-300x150.jpg 300w, https:\/\/cpstesters.com\/wp-content\/uploads\/2022\/09\/Keyboard-Latency-Test-768x384.jpg 768w\" sizes=\"auto, (max-width: 1000px) 100vw, 1000px\" \/><figcaption class=\"wp-element-caption\">Test de latence du clavier<\/figcaption><\/figure>\n<\/div>\n<p class=\"has-text-align-center has-base-background-color has-background has-medium-font-size\"><em>N&#8217;oubliez pas de consulter notre <a href=\"https:\/\/cpstesters.com\/fr\/keyboard-test\/\" target=\"_blank\" rel=\"noreferrer noopener\">test de clavier<\/a>!<\/em><\/p>\n\n<h2 class=\"wp-block-heading\">\u00c9tapes du test de latence du clavier<\/h2>\n\n<p>Ce test approfondi de la vitesse de balayage du clavier est mis \u00e0 votre disposition pour que vous puissiez d\u00e9terminer rapidement la vitesse \u00e0 laquelle le syst\u00e8me d\u00e9tecte vos frappes au clavier. Pour commencer \u00e0 visualiser les donn\u00e9es en temps r\u00e9el sur votre \u00e9cran, il suffit d&#8217;appuyer sur n&#8217;importe quelle touche du clavier de l&#8217;appareil.<\/p>\n\n<p>Les \u00e9tapes pour effectuer le test du taux de r\u00e9ponse du clavier sont les suivantes :<\/p>\n\n<ul class=\"wp-block-list\">\n<li>Recherchez le testeur en haut de cette page.<\/li>\n\n\n\n<li>Lorsque vous cliquez sur le test, l&#8217;outil de test s&#8217;ouvre.<\/li>\n\n\n\n<li>L&#8217;outil affiche le taux de balayage en Hz qui indique la vitesse de votre clavier, il prend pour envoyer des informations.<\/li>\n\n\n\n<li>Avec cela, il y a une option d&#8217;intervalle minimum, qui affichera les d\u00e9tails de l&#8217;intervalle.<\/li>\n\n\n\n<li>Le clavier sera test\u00e9 lorsque vous appuyez sur les touches, et notre zone de test d\u00e9tectera le taux de r\u00e9ponse et affichera les d\u00e9tails.<\/li>\n\n\n\n<li>Vous pouvez \u00e9galement r\u00e9initialiser les donn\u00e9es, en appuyant sur l&#8217;option de r\u00e9initialisation.<\/li>\n\n\n\n<li>En outre, le taux de r\u00e9ponse du clavier et les d\u00e9tails du taux de balayage peuvent \u00eatre t\u00e9l\u00e9charg\u00e9s. L&#8217;option est fournie sur l&#8217;outil.<\/li>\n<\/ul>\n\n<p>De cette fa\u00e7on, vous pouvez facilement tester votre clavier, c&#8217;est l&#8217;outil le plus efficace qui existe.<\/p>\n\n<h2 class=\"wp-block-heading\">Caract\u00e9ristiques de ce test de taux de sondage<\/h2>\n\n<p>Dans un premier temps, vous pouvez v\u00e9rifier le taux d&#8217;analyse du clavier pour chaque frappe \u00e0 l&#8217;aide de cet outil en ligne.<\/p>\n\n<p>Deuxi\u00e8mement, vous pouvez observer le temps de r\u00e9ponse d&#8217;un ordinateur et la rapidit\u00e9 avec laquelle il convertit le signal \u00e9lectronique des frappes en informations utiles.<\/p>\n\n<p>En outre, vous pouvez surveiller chaque touche qui est tap\u00e9e pendant l&#8217;utilisation de cette application en ligne et voir \u00e0 quelle vitesse elle r\u00e9agit.<\/p>\n\n<p>L&#8217;enregistrement d\u00e9taill\u00e9 de l&#8217;ensemble de la session, qui comprend le temps de r\u00e9ponse de chaque touche enfonc\u00e9e, peut \u00e9galement \u00eatre t\u00e9l\u00e9charg\u00e9. Vous pouvez ainsi \u00e9valuer l&#8217;efficacit\u00e9 de votre appareil.<\/p>\n\n<p>En outre, vous pouvez red\u00e9marrer une nouvelle session sur notre outil de test en ligne en utilisant le bouton de r\u00e9initialisation pour un d\u00e9marrage propre.<\/p>\n\n<h2 class=\"wp-block-heading has-text-align-center\">FAQ&#8217;s<\/h2>\n\n<h3 class=\"wp-block-heading\"><strong>Comment v\u00e9rifier la latence de mon clavier ?<\/strong><\/h3>\n\n<p>Il existe plusieurs m\u00e9thodes pour mesurer le retard du clavier. Cependant, l&#8217;outil de test de latence du clavier CPSTesters.com est le moyen le plus simple de d\u00e9terminer la latence de votre clavier. Cet outil vous permettra d&#8217;obtenir rapidement des r\u00e9sultats pr\u00e9cis.<\/p>\n\n<h3 class=\"wp-block-heading\"><strong>Comment puis-je am\u00e9liorer la latence de mon clavier ?<\/strong><\/h3>\n\n<p>Pour r\u00e9duire la latence du clavier, vous pouvez mettre \u00e0 niveau les pilotes, ex\u00e9cuter des outils de diagnostic ou entrer diverses instructions dans l&#8217;invite de commande. Un retard dans la r\u00e9ponse \u00e0 la saisie au clavier peut \u00e9galement \u00eatre caus\u00e9 par une batterie de clavier faible. V\u00e9rifiez la batterie du clavier, remplacez-la si possible, et assurez-vous qu&#8217;elle fonctionne correctement.<\/p>\n\n<h3 class=\"wp-block-heading\"><strong>La latence du clavier est-elle importante pour les jeux ?<\/strong><\/h3>\n\n<p>Oui, la latence du clavier est tr\u00e8s importante pour les jeux, car elle d\u00e9termine les performances de votre jeu. Le fait que vous gagniez ou perdiez la partie d\u00e9pend de la latence du clavier et de son efficacit\u00e9.<\/p>\n\n<h3 class=\"wp-block-heading\"><strong>Le taux de polling de 1000Hz est-il bon pour le clavier ?<\/strong><\/h3>\n\n<p>Le taux de polling d&#8217;un clavier, qui est exprim\u00e9 en Hertz, est la fr\u00e9quence \u00e0 laquelle il communique des donn\u00e9es \u00e0 votre bureau (Hz). Chaque pression sur une touche r\u00e9pond d&#8217;autant plus rapidement que le taux d&#8217;interrogation est \u00e9lev\u00e9. Pour les jeux, un taux de polling de 500 \u00e0 1000 Hz est recommand\u00e9 au minimum. Vous pouvez v\u00e9rifier le taux de polling de votre clavier en utilisant notre test du taux de polling du clavier.<\/p>\n\n<h3 class=\"wp-block-heading\"><strong>Comment v\u00e9rifier la latence de mon clavier ?<\/strong><\/h3>\n\n<p>Un programme cr\u00e9\u00e9 sp\u00e9cialement pour les claviers Bluetooth vous permet de v\u00e9rifier rapidement la latence de votre clavier. Un test de latence du clavier est \u00e9galement accessible en ligne. Il suffit de visiter notre site Web en ligne pour \u00e9valuer le test de d\u00e9lai d&#8217;entr\u00e9e qui s&#8217;y trouve.<\/p>\n\n<p>D&#8217;autres outils de clavier :<\/p>\n\n<ul class=\"wp-block-list\">\n<li><a href=\"https:\/\/cpstesters.com\/fr\/spacebar-counter\/\" target=\"_blank\" rel=\"noreferrer noopener\">Barre d&#8217;espacement<\/a><\/li>\n\n\n\n<li><a href=\"https:\/\/cpstesters.com\/fr\/keyboard-click-test\/\" target=\"_blank\" rel=\"noreferrer noopener\">Test du clic du clavier<\/a><\/li>\n\n\n\n<li><a href=\"https:\/\/cpstesters.com\/fr\/keyboard-ghosting-test\/\" target=\"_blank\" rel=\"noreferrer noopener\">Test du clavier fant\u00f4me<\/a><\/li>\n\n\n\n<li><a href=\"https:\/\/cpstesters.com\/fr\/test-des-claviers-mecaniques\/\" target=\"_blank\" rel=\"noreferrer noopener\">Test de clavier m\u00e9canique<\/a><\/li>\n\n\n\n<li><a href=\"https:\/\/cpstesters.com\/fr\/test-wpm\/\" target=\"_blank\" rel=\"noreferrer noopener\">Test WPM<\/a><\/li>\n<\/ul>\n","protected":false},"excerpt":{"rendered":"<p>Keyboard Response Time Test est un test en ligne pour v\u00e9rifier la latence de votre clavier. Vous voulez voir le d\u00e9lai d&#8217;entr\u00e9e de votre clavier &#8230; <\/p>\n<p class=\"read-more-container\"><a title=\"Test de latence du clavier : temps de r\u00e9ponse, d\u00e9lai et taux d&#8217;interrogation\" class=\"read-more button\" href=\"https:\/\/cpstesters.com\/fr\/test-de-latence-du-clavier\/#more-3272\" aria-label=\"En savoir plus sur Test de latence du clavier : temps de r\u00e9ponse, d\u00e9lai et taux d&#8217;interrogation\">Read More<\/a><\/p>\n","protected":false},"author":4,"featured_media":1639,"parent":0,"menu_order":0,"comment_status":"closed","ping_status":"closed","template":"","meta":{"footnotes":""},"class_list":["post-3272","page","type-page","status-publish","has-post-thumbnail"],"_links":{"self":[{"href":"https:\/\/cpstesters.com\/fr\/wp-json\/wp\/v2\/pages\/3272","targetHints":{"allow":["GET"]}}],"collection":[{"href":"https:\/\/cpstesters.com\/fr\/wp-json\/wp\/v2\/pages"}],"about":[{"href":"https:\/\/cpstesters.com\/fr\/wp-json\/wp\/v2\/types\/page"}],"author":[{"embeddable":true,"href":"https:\/\/cpstesters.com\/fr\/wp-json\/wp\/v2\/users\/4"}],"replies":[{"embeddable":true,"href":"https:\/\/cpstesters.com\/fr\/wp-json\/wp\/v2\/comments?post=3272"}],"version-history":[{"count":4,"href":"https:\/\/cpstesters.com\/fr\/wp-json\/wp\/v2\/pages\/3272\/revisions"}],"predecessor-version":[{"id":4240,"href":"https:\/\/cpstesters.com\/fr\/wp-json\/wp\/v2\/pages\/3272\/revisions\/4240"}],"wp:featuredmedia":[{"embeddable":true,"href":"https:\/\/cpstesters.com\/fr\/wp-json\/wp\/v2\/media\/1639"}],"wp:attachment":[{"href":"https:\/\/cpstesters.com\/fr\/wp-json\/wp\/v2\/media?parent=3272"}],"curies":[{"name":"wp","href":"https:\/\/api.w.org\/{rel}","templated":true}]}}