{"id":3202,"date":"2024-07-16T14:35:14","date_gmt":"2024-07-16T14:35:14","guid":{"rendered":"https:\/\/cpstesters.com\/compteur-de-clavier-compteur-de-touches\/"},"modified":"2024-09-17T15:00:12","modified_gmt":"2024-09-17T15:00:12","slug":"compteur-de-clavier","status":"publish","type":"page","link":"https:\/\/cpstesters.com\/fr\/compteur-de-clavier\/","title":{"rendered":"Compteur de clavier | Compteur de touches"},"content":{"rendered":"\n<p>keyboard Counter est un jeu en ligne Keys Hit Counter pour vous aider \u00e0 v\u00e9rifier et \u00e0 compter vos clics de touches, consultez cet outil \u00e9tonnant !<\/p>\n<style>\r\n\t#activity {\r\n\r\n\t\t    background: #FFB15E;\r\n    color: white;\r\n    width: 100%;\r\n    padding: 100px;\r\n\t\t\r\n text-align: center;\r\n vertical-align: middle;\r\n}\r\n\r\n\r\n#result {\r\n text-transform: uppercase;\r\n}\r\na:link,\r\na:hover,\r\na:visited,\r\na:active {\r\n text-decoration: bold;\r\n}\r\n.hits {\r\n font-size: 6rem;\r\n font-weight: bolder;\r\n\tcolor:white;\r\n}\r\n\t#activity p{\r\n\t\tfont-size:30px;\t\r\n\t\tcolor:white;\r\n\t\tmargin-bottom:0px;\r\n\t}\r\n\r\n<\/style>\r\n<div id=\"activity\">\r\n\t<p id=\"counter\"><span class=\"hits\">0<\/span><\/hp1>\r\n  <p>Keys Hit<\/p>\r\n<\/div>\r\n\t\r\n\t<script> \r\n\t\t\tvar hits = 0;\r\nvar hitElement = document.querySelector(\".hits\");\r\ndocument.body.onkeyup = function (e) {\r\n if ((e.keyCode == 1, 2, 3, 4, 5, 6, 7, 8, 9, 10)) {\r\n  addHit();\r\n }\r\n};\r\n\r\nvar addHit = function () {\r\n hits++;\r\n renderHits();\r\n};\r\n\r\nvar renderHits = function () {\r\n hitElement.innerHTML = hits;\r\n};\r\n\r\n\t<\/script>\n\n<p><\/p>\n\n<div style=\"height:5px\" aria-hidden=\"true\" class=\"wp-block-spacer\"><\/div>\n\n<h2 class=\"wp-block-heading\">Compteur de claviers<\/h2>\n\n<p>Un outil en ligne appel\u00e9 le compteur de clavier vous permet de v\u00e9rifier si une touche de votre clavier fonctionne correctement ou non. Pour votre confort, il garde \u00e9galement trace du nombre total de pressions sur les touches. En \u00e9liminant la n\u00e9cessit\u00e9 de se rendre \u00e0 plusieurs reprises dans un atelier de r\u00e9paration de PC local pour tester une certaine touche du clavier, cette application vous fera gagner du temps et de l&#8217;argent. Non seulement il v\u00e9rifie les cl\u00e9s, mais il vous aide \u00e0 compter vos cl\u00e9s dans un temps pr\u00e9cis.<\/p>\n\n<h2 class=\"wp-block-heading\">Pourquoi utiliser le compteur de cl\u00e9s ?<\/h2>\n\n<p>\u00c0 l&#8217;\u00e8re moderne, pratiquement tout le monde utilise un clavier quotidiennement. Les claviers ont de nombreuses fonctions, dont celle de taper, ce que font les dactylos. Certaines personnes, comme les joueurs, peuvent l&#8217;utiliser pour jouer. Ou encore, certaines personnes peuvent l&#8217;utiliser pour coder certaines t\u00e2ches sur leur PC. Les claviers sont des composants essentiels de l&#8217;ordinateur. \u00c9tant donn\u00e9 que le clavier est un dispositif d&#8217;entr\u00e9e, tout dommage \u00e0 ses touches ou \u00e0 ses fonctionnalit\u00e9s pourrait \u00eatre co\u00fbteux pour le syst\u00e8me d&#8217;entr\u00e9e.<\/p>\n\n<p>Pour s&#8217;assurer que le clavier fonctionne efficacement dans ces circonstances, on utilise le compteur de clavier.<\/p>\n<div class=\"wp-block-image\">\n<figure class=\"aligncenter size-full\"><img loading=\"lazy\" decoding=\"async\" width=\"1000\" height=\"500\" src=\"https:\/\/cpstesters.com\/wp-content\/uploads\/2022\/09\/keyboard-counter-1.jpg\" alt=\"Compteur de claviers\" class=\"wp-image-632\" title=\"\" srcset=\"https:\/\/cpstesters.com\/wp-content\/uploads\/2022\/09\/keyboard-counter-1.jpg 1000w, https:\/\/cpstesters.com\/wp-content\/uploads\/2022\/09\/keyboard-counter-1-300x150.jpg 300w, https:\/\/cpstesters.com\/wp-content\/uploads\/2022\/09\/keyboard-counter-1-768x384.jpg 768w\" sizes=\"auto, (max-width: 1000px) 100vw, 1000px\" \/><figcaption class=\"wp-element-caption\">Compteur de claviers<\/figcaption><\/figure>\n<\/div>\n<p class=\"has-text-align-center has-base-background-color has-background has-medium-font-size\"><em>Notre <a href=\"https:\/\/cpstesters.com\/fr\/?page_id=2628\" target=\"_blank\" rel=\"noreferrer noopener\">test WPM en ligne<\/a> peut vous aider \u00e0 am\u00e9liorer votre frappe et vos clics, consultez-le !<\/em><\/p>\n\n<h2 class=\"wp-block-heading\">Compteur de clics du clavier<\/h2>\n\n<p>Le clavier peut \u00eatre utilis\u00e9 par les utilisateurs pour compter leurs clics. Dans ce cas, le jeu du compteur de cl\u00e9s est une autre m\u00e9thode de comptage des clics. Le changement dans le compteur de clics \u00e0 chaque seconde n&#8217;est que d&#8217;une seconde, et il ne compte que les clics que vous faites dans ce laps de temps.<\/p>\n\n<p>Vos clics dans un laps de temps d&#8217;une minute seront calcul\u00e9s par le compteur de clics 1 minute (60 secondes). Vous disposez \u00e9galement d&#8217;un compteur de clics pour 10 secondes, qui calcule le nombre total de clics effectu\u00e9s pendant les 10 secondes allou\u00e9es.<\/p>\n\n<p>Le compteur de clics du clavier est un ajout fantastique. La plupart des compteurs de clics ne fonctionnent qu&#8217;avec la souris, mais celui-ci fonctionne \u00e9galement avec la barre d&#8217;espace, ce qui vous permet de vous entra\u00eener \u00e0 utiliser cette double option sur le clavier.<\/p>\n\n<h2 class=\"wp-block-heading\">Etapes pour jouer \u00e0 Key Counter<\/h2>\n\n<p>Sur notre site, les nouveaux venus peuvent facilement commencer \u00e0 jouer. L&#8217;outil fonctionne comme suit :<\/p>\n\n<ul class=\"wp-block-list\">\n<li>Visitez notre site web.<\/li>\n\n\n\n<li>Dans le menu de la page, choisissez l&#8217;intervalle de temps.<\/li>\n\n\n\n<li>Le compteur compte vos robinets \u00e0 chaque fois que vous vous adressez au bar.<\/li>\n\n\n\n<li>Il suffit de cliquer sur le bouton Red\u00e9marrer pour relancer l&#8217;examen. En \u00e9valuant votre vitesse \u00e0 l&#8217;aide de notre outil de test, vous pouvez vous fixer un objectif de jeu dans un d\u00e9lai donn\u00e9 et voir instantan\u00e9ment le r\u00e9sultat.<\/li>\n\n\n\n<li>Choisissez donc les secondes comme intervalle et commencez \u00e0 taper rapidement dans le d\u00e9lai imparti. Votre rythme de tapotement typique d\u00e9pend de la fr\u00e9quence \u00e0 laquelle vous jouez aux jeux vid\u00e9o et de votre d\u00e9sir de devenir plus rapide.<\/li>\n\n\n\n<li>Les joueurs cliquent souvent entre 5 et 7 fois par seconde. Cependant, une pratique fr\u00e9quente vous permettra d&#8217;augmenter rapidement votre rythme de pressage.<\/li>\n<\/ul>\n\n<h2 class=\"has-text-align-center wp-block-heading\">FAQ&#8217;s<\/h2>\n\n<h3 class=\"wp-block-heading\"><strong>Quel r\u00f4le joue le compteur de clics du clavier ?<\/strong><\/h3>\n\n<p>Il pourrait \u00eatre utilis\u00e9 pour plus que de simples math\u00e9matiques ; il peut \u00e9galement \u00eatre utilis\u00e9 pour compter le nombre de b\u00e2timents, d&#8217;objets, d&#8217;exercices comme les pompes et les tractions, ou tout autre cycle de travail.<\/p>\n\n<h3 class=\"wp-block-heading\"><strong>Combien de fois puis-je appuyer sur une touche ?<\/strong><\/h3>\n\n<p>La plupart des claviers ne peuvent accueillir que six entr\u00e9es simultan\u00e9es. En outre, certaines s\u00e9quences cl\u00e9s ne fonctionnent tout simplement pas \u00e0 certains moments. Le terme &#8220;rollover&#8221; fait simplement r\u00e9f\u00e9rence \u00e0 la capacit\u00e9 de votre clavier \u00e0 reconna\u00eetre lorsque plusieurs touches sont press\u00e9es simultan\u00e9ment.<\/p>\n\n<p>Consultez nos autres outils :<\/p>\n\n<ul class=\"wp-block-list\">\n<li><a href=\"https:\/\/cpstesters.com\/fr\/?page_id=2515\" target=\"_blank\" rel=\"noreferrer noopener\">Barre d&#8217;espacement<\/a><\/li>\n\n\n\n<li><a href=\"https:\/\/cpstesters.com\/fr\/keyboard-click-test-check-keys-per-second-cps\/\" target=\"_blank\" rel=\"noreferrer noopener\">Test du clic du clavier<\/a><\/li>\n\n\n\n<li><a href=\"https:\/\/cpstesters.com\/fr\/?page_id=3123\" target=\"_blank\" rel=\"noreferrer noopener\">Test APM<\/a><\/li>\n\n\n\n<li><a href=\"https:\/\/cpstesters.com\/fr\/?page_id=2607\" target=\"_blank\" rel=\"noreferrer noopener\">Testeur de clavier pour Mac<\/a><\/li>\n\n\n\n<li><a href=\"https:\/\/cpstesters.com\/fr\/test-de-latence-du-clavier-temps-de-reponse-delai-et-taux-dinterrogation\/\" target=\"_blank\" rel=\"noreferrer noopener\">Test de latence du clavier<\/a><\/li>\n<\/ul>\n","protected":false},"excerpt":{"rendered":"<p>keyboard Counter est un jeu en ligne Keys Hit Counter pour vous aider \u00e0 v\u00e9rifier et \u00e0 compter vos clics de touches, consultez cet outil &#8230; <\/p>\n<p class=\"read-more-container\"><a title=\"Compteur de clavier | Compteur de touches\" class=\"read-more button\" href=\"https:\/\/cpstesters.com\/fr\/compteur-de-clavier\/#more-3202\" aria-label=\"En savoir plus sur Compteur de clavier | Compteur de touches\">Read More<\/a><\/p>\n","protected":false},"author":4,"featured_media":1735,"parent":0,"menu_order":0,"comment_status":"closed","ping_status":"closed","template":"","meta":{"footnotes":""},"class_list":["post-3202","page","type-page","status-publish","has-post-thumbnail"],"_links":{"self":[{"href":"https:\/\/cpstesters.com\/fr\/wp-json\/wp\/v2\/pages\/3202","targetHints":{"allow":["GET"]}}],"collection":[{"href":"https:\/\/cpstesters.com\/fr\/wp-json\/wp\/v2\/pages"}],"about":[{"href":"https:\/\/cpstesters.com\/fr\/wp-json\/wp\/v2\/types\/page"}],"author":[{"embeddable":true,"href":"https:\/\/cpstesters.com\/fr\/wp-json\/wp\/v2\/users\/4"}],"replies":[{"embeddable":true,"href":"https:\/\/cpstesters.com\/fr\/wp-json\/wp\/v2\/comments?post=3202"}],"version-history":[{"count":3,"href":"https:\/\/cpstesters.com\/fr\/wp-json\/wp\/v2\/pages\/3202\/revisions"}],"predecessor-version":[{"id":3660,"href":"https:\/\/cpstesters.com\/fr\/wp-json\/wp\/v2\/pages\/3202\/revisions\/3660"}],"wp:featuredmedia":[{"embeddable":true,"href":"https:\/\/cpstesters.com\/fr\/wp-json\/wp\/v2\/media\/1735"}],"wp:attachment":[{"href":"https:\/\/cpstesters.com\/fr\/wp-json\/wp\/v2\/media?parent=3202"}],"curies":[{"name":"wp","href":"https:\/\/api.w.org\/{rel}","templated":true}]}}