{"id":3194,"date":"2024-07-16T14:17:21","date_gmt":"2024-07-16T14:17:21","guid":{"rendered":"https:\/\/cpstesters.com\/test-de-latence-de-la-souris-verifier-le-temps-de-reponse-du-clic\/"},"modified":"2024-09-17T15:48:48","modified_gmt":"2024-09-17T15:48:48","slug":"test-de-latence-de-la-souris","status":"publish","type":"page","link":"https:\/\/cpstesters.com\/fr\/test-de-latence-de-la-souris\/","title":{"rendered":"Test de latence de la souris | V\u00e9rifier le temps de r\u00e9ponse du clic"},"content":{"rendered":"\n<p>Le test de latence de la souris peut \u00eatre utilis\u00e9 pour d\u00e9terminer le taux d&#8217;interrogation et le temps de r\u00e9ponse du clic de votre souris avec ou sans fil, v\u00e9rifiez-le maintenant !<\/p>\n<style>\r\n \r\n#instantclick-bar{\r\n    background:#FFB15E;\r\n}\r\n\r\n.container{\r\n    background:white;\r\n    padding:20px 30px;\r\n    margin:.5em auto 1em;\r\n    border-radius:8px;\r\n    width:600px;\r\n    clear:both;\r\n    color:#111;\r\n    border:1px solid rgba(0,0,0,.125)\r\n}\r\n\r\n.gist+hr{\r\n    margin-top:22px\r\n}\r\n.warning{\r\n    background:rgba(255,165,0,.2);\r\n    padding:.25em .5em;\r\n    border-radius:3px;\r\n    border:1px solid rgba(255,165,0,.5);\r\n    font-size:17px\r\n}\r\n#downloads td{\r\n    padding:0 20px 0 0\r\n}\r\n.support{\r\n    font-size:.85em;\r\n    width:100%;\r\n    text-align:center;\r\n    border-spacing:0;\r\n    border:solid #aab;\r\n    border-width:1px 0 0 1px\r\n}\r\n.support td, .support th{\r\n    border:solid #aab;\r\n    border-width:0 1px 1px 0;\r\n    padding:.17em\r\n}\r\n.support th{\r\n    padding:.17em .66em\r\n}\r\n.notice{\r\n    color:#333;\r\n    font-size:16px\r\n}\r\n.btn{\r\n    display:inline-block;\r\n    color:white !important;\r\n    background:#FFB15E;\r\n    border-radius:6px;\r\n    padding:7px 10px 6px;\r\n    text-decoration:none;\r\n    text-align:center;\r\n    font:16px\/1 Helvetica Neue, sans-serif;\r\n    border:1px solid #FFB15E;\r\n    box-shadow:inset 0 1px 1px rgba(255,255,255,.15), 0 1px 1px rgba(0,0,0,.5)\r\n}\r\n.btn:hover{\r\n    background:#c11;\r\n    border-color:#c11;\r\n    box-shadow:inset 0 1px 1px rgba(255,255,255,.2), 0 1px 1px rgba(0,0,0,.6)\r\n}\r\n.btn:active{\r\n    background:#c11;\r\n    position:relative;\r\n    top:1px;\r\n    box-shadow:inset 0 2px 5px rgba(0,0,0,.1)\r\n}\r\n.btn-big{\r\n    border-radius:7px;\r\n    font-size:18px;\r\n    padding:10px 17px 9px\r\n}\r\n.btn small{\r\n    font-size:.72em\r\n}\r\ncode{\r\n    background:#f8f8ff;\r\n    font-size:14px;\r\n    font-family:Consolas, Menlo, DejaVu Sans Mono, monospace;\r\n    white-space:pre;\r\n    border:1px solid #ccc;\r\n    border-bottom-color:#bbb;\r\n    display:inline-block;\r\n    border-radius:2px;\r\n    padding:0 3px\r\n}\r\nsup{\r\n    vertical-align:initial;\r\n    position:relative;\r\n    top:-.42em\r\n}\r\nsup a{\r\n    text-decoration:none;\r\n    margin:-.5em -.3em;\r\n    padding:.5em\r\n}\r\n#footnotes li:target{\r\n    background:#ffb;\r\n    border-radius:1px\r\n}\r\n#footnotes li{\r\n    font-size:16px;\r\n    padding:3px\r\n}\r\n.noteBack{\r\n    font-size:18px\r\n}\r\n#click-test{\r\n    width:100%;\r\n    text-align:center;\r\n    border:solid #aab;\r\n    border-width:1px 0 0 1px;\r\n    border-collapse:collapse\r\n}\r\n#click-test td, #click-test th{\r\n    border:solid #aab;\r\n    border-width:0px 1px 1px 0px;\r\n    width:40%\r\n}\r\n#link1:active{\r\n    background:none\r\n}\r\n#link2{\r\n    margin:30px;\r\n    font-size:20px;\r\n    padding:14px 22px 13px;\r\n    background:#FFB15E;\r\n    border:1px solid #FFB15E;\r\n    box-shadow:inset 0 1px 1px rgba(255,255,255,.15), 0 1px 1px rgba(0,0,0,.5);\r\n    top:0\r\n}\r\n#click-test .results p{\r\n    text-align:left;\r\n    margin-left:10px\r\n}\r\n.prev-next{\r\n    margin-top:1.5em\r\n}\r\n.prev-next a{\r\n    text-decoration:none\r\n}\r\n.prev-next .next{\r\n    float:right\r\n}\r\n.prev-next .next:after, .prev-next .prev:before{\r\n    color:black;\r\n    text-decoration:none;\r\n    display:inline-block;\r\n    color:inherit\r\n}\r\n.prev-next .next:after{\r\n    content:' >'\r\n}\r\n.prev-next .prev:before{\r\n    content:'< '\r\n}\r\n.toc{\r\n    border-top:1px solid #ddf;\r\n    clear:both;\r\n    margin-top:1em\r\n}\r\n.toc h3, .toc h4{\r\n    color:black\r\n}\r\n.toc a{\r\n    text-decoration:none\r\n}\r\n.toc h3{\r\n    margin-top:.75em;\r\n    font-size:1.17em\r\n}\r\n.toc .chapters{\r\n    -webkit-column-count:2;\r\n     -moz-column-count:2;\r\n    column-count:2\r\n}\r\n.toc .chapters li{\r\n    list-style:none\r\n}\r\n#footer{\r\n    margin:auto;\r\n    font-size:.83em;\r\n    text-align:center;\r\n    color:#222\r\n}\r\n.gist{\r\n    color:#000;\r\n     font-size:14px\r\n}\r\n.gist pre{\r\n    font:inherit;\r\n    line-height:inherit;\r\n    white-space:pre\r\n}\r\n.gist .gist-file{\r\n    border:1px solid #ddd;\r\n    border-bottom:1px solid #ccc;\r\n    border-radius:3px;\r\n    font-family:Consolas, Menlo, DejaVu Sans Mono, monospace;\r\n    margin-bottom:1em\r\n}\r\n.gist .gist-file .gist-data{\r\n    overflow:auto;\r\n    word-wrap:normal;\r\n    background-color:#f8f8ff;\r\n    font-size:100%\r\n}\r\n.gist .gist-file .gist-data .line-data{\r\n    padding:.5em !important\r\n}\r\n.gist .gist-file .gist-data .line-pre{\r\n    background:transparent !important;\r\n    border:none !important;\r\n    margin:0 !important;\r\n    padding:0 !important\r\n}\r\n.gist .gist-file .gist-data .line-numbers{\r\n    background-color:#ececec;\r\n    color:#aaa;\r\n    border-right:1px solid #ddd;\r\n    text-align:right;\r\n    padding:.5em\r\n}\r\n.gist .gist-file .gist-data .line-numbers .line-number{\r\n    clear:right;\r\n    display:block\r\n}\r\n.gist-syntax{\r\n    background:#ffffff\r\n}\r\n.c{\r\n    color:#999988;\r\n    font-style:italic\r\n}\r\n.err{\r\n    color:#a61717;\r\n    background-color:#e3d2d2\r\n}\r\n.k{\r\n    color:#000000;\r\n    font-weight:bold\r\n}\r\n.o{\r\n    color:#000000;\r\n    font-weight:bold\r\n}\r\n.cm{\r\n    color:#999988;\r\n    font-style:italic\r\n}\r\n.cp{\r\n    color:#999999;\r\n    font-weight:bold\r\n}\r\n.c1{\r\n    color:#999988;\r\n    font-style:italic\r\n}\r\n.cs{\r\n    color:#999999;\r\n    font-weight:bold;\r\n    font-style:italic\r\n}\r\n.gd{\r\n    color:#000000;\r\n    background-color:#fdd\r\n}\r\n.gd .x{\r\n    color:#000000;\r\n    background-color:#faa\r\n}\r\n.ge{\r\n    color:#000000;\r\n    font-style:italic\r\n}\r\n.gr{\r\n    color:#a00\r\n}\r\n.gh{\r\n    color:#999\r\n}\r\n.gi{\r\n    color:#000000;\r\n    background-color:#dfd\r\n}\r\n.gi .x{\r\n    color:#000000;\r\n    background-color:#afa\r\n}\r\n.go{\r\n    color:#888\r\n}\r\n.gp{\r\n    color:#555\r\n}\r\n.gs{\r\n    font-weight:bold\r\n}\r\n.gu{\r\n    color:#aaa\r\n}\r\n.gt{\r\n    color:#a00\r\n}\r\n.kc{\r\n    color:#000000;\r\n    font-weight:bold\r\n}\r\n.kd{\r\n    color:#000000;\r\n    font-weight:bold\r\n}\r\n.kp{\r\n    color:#000000;\r\n    font-weight:bold\r\n}\r\n.kr{\r\n    color:#000000;\r\n    font-weight:bold\r\n}\r\n.kt{\r\n    color:#445588;\r\n    font-weight:bold\r\n}\r\n.m{\r\n    color:#099\r\n}\r\n.s{\r\n    color:#d14\r\n}\r\n.na{\r\n    color:teal\r\n}\r\n.nb{\r\n    color:#0086b3\r\n}\r\n.nc{\r\n    color:#445588;\r\n    font-weight:bold\r\n}\r\n.no{\r\n    color:teal\r\n}\r\n.ni{\r\n    color:purple\r\n}\r\n.ne{\r\n    color:#990000;\r\n    font-weight:bold\r\n}\r\n.nf{\r\n    color:#990000;\r\n    font-weight:bold\r\n}\r\n.nn{\r\n    color:#555\r\n}\r\n.nt{\r\n    color:navy\r\n}\r\n.nv{\r\n    color:teal\r\n}\r\n.ow{\r\n    color:#000000;\r\n    font-weight:bold\r\n}\r\n.w{\r\n    color:#bbb\r\n}\r\n.mf{\r\n    color:#099\r\n}\r\n.mh{\r\n    color:#099\r\n}\r\n.mi{\r\n    color:#099\r\n}\r\n.mo{\r\n    color:#099\r\n}\r\n.sb{\r\n    color:#d14\r\n}\r\n.sc{\r\n    color:#d14\r\n}\r\n.sd{\r\n    color:#d14\r\n}\r\n.s2{\r\n    color:#d14\r\n}\r\n.se{\r\n    color:#d14\r\n}\r\n.sh{\r\n    color:#d14\r\n}\r\n.si{\r\n    color:#d14\r\n}\r\n.sx{\r\n    color:#d14\r\n}\r\n.sr{\r\n    color:#009926\r\n}\r\n.s1{\r\n    color:#d14\r\n}\r\n.ss{\r\n    color:#990073\r\n}\r\n.bp{\r\n    color:#999\r\n}\r\n.vc{\r\n    color:teal\r\n}\r\n.vg{\r\n    color:teal\r\n}\r\n.vi{\r\n    color:teal\r\n}\r\n.il{\r\n    color:#099\r\n}\r\n\r\n\r\n<\/style>\r\n\r\n\r\n\r\n<table id=\"click-test\">\r\n  <tr>\r\n\t  <th>Normal link<\/th>\r\n\t  <th>Big link<\/th>\r\n\t<\/tr>\r\n  <tr>\r\n\t  <td><a id=\"link1\" href=\"#\" data-no-instant>Click me<\/a><\/td>\r\n    <td><a id=\"link2\" class=\"btn btn-big\" href=\"#\" data-no-instant>Click me<\/a>\r\n\t  <\/td>\r\n\t\t<\/tr>\r\n  <tr class=\"results\">\r\n    <td>\r\n      <p>Click \u2212 Hover = <strong id=\"link1-click-hover\"><\/strong><br>\r\n      Click \u2212 Mousedown = <strong id=\"link1-click-mousedown\"><\/strong>\r\n      <p>Click \u2212 Touchstart = <strong id=\"link1-click-touchstart\"><\/strong>\r\n\t  <\/td>\r\n    <td>\r\n\r\n      <p>Click \u2212 Hover = <strong id=\"link2-click-hover\"><\/strong><br>\r\n      Click \u2212 Mousedown = <strong id=\"link2-click-mousedown\"><\/strong>\r\n      <p>Click \u2212 Touchstart = <strong id=\"link2-click-touchstart\"><\/strong>\r\n\t\t  <\/td>\r\n\t\t<\/tr>\r\n<\/table>\r\n\r\n<script src=\"https:\/\/code.jquery.com\/jquery-3.6.1.min.js\" integrity=\"sha256-o88AwQnZB+VDvE9tvIXrMQaPlFFSUTR+nldQm1LuPXQ=\" crossorigin=\"anonymous\"><\/script>\r\n<script>\r\nfunction $(id) {\r\n  return document.getElementById(id)\r\n}\r\n\r\nvar times = {\r\n  touchstart: 0,\r\n  hover: 0,\r\n  mousedown: 0,\r\n  click: 0\r\n}\r\n\r\n$('link1').addEventListener('mouseover', function() {\r\n  times.hover = +new Date\r\n})\r\n$('link2').addEventListener('mouseover', function() {\r\n  times.hover = +new Date\r\n})\r\n\r\n$('link1').addEventListener('mousedown', function() {\r\n  times.mousedown = +new Date\r\n})\r\n$('link2').addEventListener('mousedown', function() {\r\n  times.mousedown = +new Date\r\n})\r\n\r\n$('link1').addEventListener('touchstart', function() {\r\n  times.touchstart = +new Date\r\n})\r\n$('link2').addEventListener('touchstart', function() {\r\n  times.touchstart = +new Date\r\n})\r\n\r\nfunction delay(time) {\r\n  if (times[time] == 0)\r\n    return '\u221e'\r\n  return times.click - times[time] + ' ms'\r\n}\r\n\r\n$('link1').addEventListener('click', function(e) {\r\n  e.preventDefault()\r\n  times.click = +new Date\r\n  $('link1-click-hover').innerHTML = delay('hover')\r\n  $('link1-click-mousedown').innerHTML = delay('mousedown')\r\n  $('link1-click-touchstart').innerHTML = delay('touchstart')\r\n})\r\n$('link2').addEventListener('click', function(e) {\r\n  e.preventDefault()\r\n  e.target.blur() \r\n  times.click = +new Date\r\n  $('link2-click-hover').innerHTML = delay('hover')\r\n  $('link2-click-mousedown').innerHTML = delay('mousedown')\r\n  $('link2-click-touchstart').innerHTML = delay('touchstart')\r\n})\r\n\r\n<\/script>\n\n<p><\/p>\n\n<div style=\"height:5px\" aria-hidden=\"true\" class=\"wp-block-spacer\"><\/div>\n\n<h2 class=\"wp-block-heading\">Qu&#8217;est-ce que la latence de la souris ?<\/h2>\n\n<p>L&#8217;expression &#8220;latence de la souris&#8221; fait r\u00e9f\u00e9rence \u00e0 un d\u00e9calage dans le mouvement de la souris. Typiquement, il s&#8217;agit d&#8217;un haut et d&#8217;un bas. Par exemple, la latence de la souris semble \u00e9lev\u00e9e lorsque la souris r\u00e9pond lentement aux commandes et est faible lorsque la souris r\u00e9pond rapidement \u00e0 toutes les demandes.<\/p>\n\n<p>Chaque pi\u00e8ce de mat\u00e9riel utilis\u00e9e pour les jeux sur PC entra\u00eene un certain type de latence ou de d\u00e9calage. La latence la plus faible est id\u00e9ale pour les jeux, car vos actions sont alors traduites plus rapidement dans le jeu et l&#8217;exp\u00e9rience est transparente et r\u00e9active. La latence du clic de votre souris a un impact important sur cette exp\u00e9rience.<\/p>\n\n<p>Malheureusement, il n&#8217;y a pas une cause unique et \u00e9vidente au d\u00e9calage de votre souris, tout comme il y a de nombreux autres probl\u00e8mes avec Windows dans son ensemble.<\/p>\n\n<h2 class=\"wp-block-heading\">Qu&#8217;est-ce qu&#8217;un test de latence de la souris ?<\/h2>\n\n<p>Le test de performance de la souris est essentiellement un test de latence de la souris. Ce test mesure le temps total n\u00e9cessaire \u00e0 la r\u00e9alisation d&#8217;une action ou le d\u00e9calage entre les actions de votre souris. Comme il existe de nombreuses causes potentielles de latence de la souris, il est essentiel d&#8217;effectuer le test de latence du clic de la souris avant de proc\u00e9der \u00e0 toute r\u00e9paration.<\/p>\n<div class=\"wp-block-image\">\n<figure class=\"aligncenter size-full\"><img loading=\"lazy\" decoding=\"async\" width=\"1000\" height=\"500\" src=\"https:\/\/cpstesters.com\/wp-content\/uploads\/2022\/09\/mouse-latency-test.jpg\" alt=\"Test de latence de la souris\" class=\"wp-image-635\" title=\"\" srcset=\"https:\/\/cpstesters.com\/wp-content\/uploads\/2022\/09\/mouse-latency-test.jpg 1000w, https:\/\/cpstesters.com\/wp-content\/uploads\/2022\/09\/mouse-latency-test-300x150.jpg 300w, https:\/\/cpstesters.com\/wp-content\/uploads\/2022\/09\/mouse-latency-test-768x384.jpg 768w\" sizes=\"auto, (max-width: 1000px) 100vw, 1000px\" \/><figcaption>Test de latence de la souris<\/figcaption><\/figure>\n<\/div>\n<p class=\"has-text-align-center has-base-background-color has-background has-medium-font-size\"><em>Si votre souris a une bonne latence, essayez un <a href=\"https:\/\/cpstesters.com\/fr\/\" target=\"_blank\" rel=\"noreferrer noopener\">test de clics par seconde<\/a> pour am\u00e9liorer vos clics !<\/em><\/p>\n\n<h2 class=\"wp-block-heading\">Quand la latence de la souris compte<\/h2>\n\n<p>Il est essentiel pour les joueurs d&#8217;avoir une souris avec une faible latence de clic. Naturellement, un ordinateur et un \u00e9cran avec peu de d\u00e9calage d&#8217;entr\u00e9e sont \u00e9galement n\u00e9cessaires, mais une souris de jeu rapide peut faire la diff\u00e9rence entre la r\u00e9ussite et l&#8217;\u00e9chec.<\/p>\n\n<p>Une souris \u00e0 latence \u00e9lev\u00e9e peut cr\u00e9er des distinctions subtiles dans les jeux, m\u00eame si la plupart des individus ne peuvent pas discerner le d\u00e9lai entre le moment o\u00f9 l&#8217;on clique sur la souris et celui o\u00f9 l&#8217;action s&#8217;affiche \u00e0 l&#8217;\u00e9cran de mani\u00e8re visuelle ou sonore. Lorsque vous jouez \u00e0 des jeux en ligne comp\u00e9titifs, l&#8217;utilisation d&#8217;une souris \u00e0 faible latence peut vous donner un avantage sur vos adversaires qui utilisent des souris \u00e0 forte latence.<\/p>\n\n<p>La latence du clic d\u00e9pend de la connexion filaire de la souris. En g\u00e9n\u00e9ral, la souris sans fil pr\u00e9sente la latence la plus importante, tandis que la souris filaire pr\u00e9sente la latence la plus faible. Bien qu&#8217;il ne soit pas destin\u00e9 aux jeux, une connexion Bluetooth est pr\u00e9f\u00e9rable pour une utilisation au bureau. La plupart des utilisateurs ne remarqueront m\u00eame pas de d\u00e9calage, sauf si la latence est importante.<\/p>\n\n<p>L&#8217;utilisation de souris de jeu sans fil avec des r\u00e9cepteurs USB est de plus en plus populaire et la technologie a progress\u00e9 pour minimiser consid\u00e9rablement la latence, ce qui rend certains choix sans fil tout aussi bons que les choix avec c\u00e2ble.<\/p>\n\n<h2 class=\"has-text-align-center wp-block-heading\">FAQ&#8217;s<\/h2>\n\n<h3 class=\"wp-block-heading\"><strong>Comment puis-je v\u00e9rifier la latence de ma souris ?<\/strong><\/h3>\n\n<p>Notre testeur de latence de la souris en ligne v\u00e9rifie la diff\u00e9rence entre le curseur mat\u00e9riel et l&#8217;emplacement le plus r\u00e9cent de la souris une fois que vous avez ouvert le site Web et commenc\u00e9 \u00e0 d\u00e9placer votre souris de mani\u00e8re constante.<\/p>\n\n<h3 class=\"wp-block-heading\"><strong>Comment r\u00e9parer la latence de ma souris ?<\/strong><\/h3>\n\n<p>Vous pouvez utiliser de nombreuses m\u00e9thodes pour r\u00e9soudre ce probl\u00e8me. Essayez de mettre \u00e0 jour les pilotes de la souris ou de les r\u00e9installer. Si cela ne fonctionne pas, essayez de modifier les param\u00e8tres du pav\u00e9 tactile.<\/p>\n\n<h3 class=\"wp-block-heading\"><strong>Quelle latence de souris est bonne pour les jeux ?<\/strong><\/h3>\n\n<p>Le taux d&#8217;\u00e9chantillonnage le plus \u00e9lev\u00e9 que votre souris puisse atteindre est le taux d&#8217;\u00e9chantillonnage id\u00e9al pour une souris de jeu. De nombreuses souris de jeu ont une fr\u00e9quence de 1000 Hz.<\/p>\n\n<h3 class=\"wp-block-heading\"><strong>Les souris ont-elles une latence ?<\/strong><\/h3>\n\n<p>La latence du clic est influenc\u00e9e par le connecteur de la souris. En g\u00e9n\u00e9ral, les souris sans fil ont la plus grande latence, tandis que les souris filaires ont souvent la plus faible.<\/p>\n\n<p>V\u00e9rifiez les autres outils de la souris :<\/p>\n\n<ul class=\"wp-block-list\"><li><a href=\"https:\/\/cpstesters.com\/fr\/?page_id=2960\" target=\"_blank\" rel=\"noreferrer noopener\">Test du bouton de la souris<\/a><\/li><li><a href=\"https:\/\/cpstesters.com\/fr\/?page_id=2364\" target=\"_blank\" rel=\"noreferrer noopener\">Test de d\u00e9filement de la souris<\/a><\/li><li><a href=\"https:\/\/cpstesters.com\/fr\/?page_id=3123\" target=\"_blank\" rel=\"noreferrer noopener\">Test APM<\/a><\/li><li><a href=\"https:\/\/cpstesters.com\/fr\/?page_id=2633\" target=\"_blank\" rel=\"noreferrer noopener\">Aim Trainer<\/a><\/li><li><a href=\"https:\/\/cpstesters.com\/fr\/?page_id=2964\" target=\"_blank\" rel=\"noreferrer noopener\">Test de pr\u00e9cision de la souris<\/a><\/li><\/ul>\n","protected":false},"excerpt":{"rendered":"<p>Le test de latence de la souris peut \u00eatre utilis\u00e9 pour d\u00e9terminer le taux d&#8217;interrogation et le temps de r\u00e9ponse du clic de votre souris &#8230; <\/p>\n<p class=\"read-more-container\"><a title=\"Test de latence de la souris | V\u00e9rifier le temps de r\u00e9ponse du clic\" class=\"read-more button\" href=\"https:\/\/cpstesters.com\/fr\/test-de-latence-de-la-souris\/#more-3194\" aria-label=\"En savoir plus sur Test de latence de la souris | V\u00e9rifier le temps de r\u00e9ponse du clic\">Read More<\/a><\/p>\n","protected":false},"author":4,"featured_media":1747,"parent":0,"menu_order":0,"comment_status":"closed","ping_status":"closed","template":"","meta":{"footnotes":""},"class_list":["post-3194","page","type-page","status-publish","has-post-thumbnail"],"_links":{"self":[{"href":"https:\/\/cpstesters.com\/fr\/wp-json\/wp\/v2\/pages\/3194","targetHints":{"allow":["GET"]}}],"collection":[{"href":"https:\/\/cpstesters.com\/fr\/wp-json\/wp\/v2\/pages"}],"about":[{"href":"https:\/\/cpstesters.com\/fr\/wp-json\/wp\/v2\/types\/page"}],"author":[{"embeddable":true,"href":"https:\/\/cpstesters.com\/fr\/wp-json\/wp\/v2\/users\/4"}],"replies":[{"embeddable":true,"href":"https:\/\/cpstesters.com\/fr\/wp-json\/wp\/v2\/comments?post=3194"}],"version-history":[{"count":2,"href":"https:\/\/cpstesters.com\/fr\/wp-json\/wp\/v2\/pages\/3194\/revisions"}],"predecessor-version":[{"id":3212,"href":"https:\/\/cpstesters.com\/fr\/wp-json\/wp\/v2\/pages\/3194\/revisions\/3212"}],"wp:featuredmedia":[{"embeddable":true,"href":"https:\/\/cpstesters.com\/fr\/wp-json\/wp\/v2\/media\/1747"}],"wp:attachment":[{"href":"https:\/\/cpstesters.com\/fr\/wp-json\/wp\/v2\/media?parent=3194"}],"curies":[{"name":"wp","href":"https:\/\/api.w.org\/{rel}","templated":true}]}}