{"id":3102,"date":"2024-07-16T14:20:18","date_gmt":"2024-07-16T14:20:18","guid":{"rendered":"https:\/\/cpstesters.com\/minecraft-sphere-generator-minecraft-dome-generator\/"},"modified":"2024-09-17T15:37:32","modified_gmt":"2024-09-17T15:37:32","slug":"minecraft-sphere-generator","status":"publish","type":"page","link":"https:\/\/cpstesters.com\/fr\/minecraft-sphere-generator\/","title":{"rendered":"G\u00e9n\u00e9rateur de sph\u00e8res Minecraft | G\u00e9n\u00e9rateur de d\u00f4mes Minecraft"},"content":{"rendered":"\n<p>Minecraft Sphere Generator est un outil qui est utilis\u00e9 pour faire des sph\u00e8res de d\u00f4me et de pixel pour \u00e9tendre les paysages de Minecraft, v\u00e9rifiez-le maintenant !<\/p>\n\n\n<style>\r\n        label {\r\n            display: inline-block;\r\n            width: 7em;\r\n            font-size: 20px;\r\n            font-weight: bold;\r\n        }\r\n        \r\n        #txtRadius {\r\n            font-size: 20px;\r\n        }\r\n        \r\n        #output {\r\n\t\t\toverflow: scroll;\r\n\t\t\tdisplay: flex;\r\n\t\t\theight: fit-content;\r\n        }\r\n    \r\n        #output table {\r\n            border-collapse: collapse;\r\n            border: 2px solid;\r\n            float: left;\r\n            margin: 5px;\r\n        }\r\n    \r\n        #output td {\r\n            \/*display: block;*\/\r\n            background-color: #FFFFFF;\r\n        }\r\n    \r\n        #output div {\r\n            width: 8px;\r\n            height: 8px;\r\n            overflow: hidden;\r\n        }\r\n    \r\n        #output td.prev_empty {\r\n            background-color: #AAAAAA;\r\n        }\r\n    \r\n        #output td.empty {\r\n            background-color: #FFFFFF;\r\n        }\r\n    \r\n        #output td.prev_full {\r\n            background-color: #660000;\r\n        }\r\n    \r\n        #output td.full {\r\n            background-color: #EE0000;\r\n        }\r\n    \r\n        #output td.prev_open {\r\n            background-color: #006600;\r\n        }\r\n    \r\n        #output td.open {\r\n            background-color: #00EE00;\r\n        }\r\n        \r\n        #generate_btn {\r\n            padding: 10px 20px;\r\n            border-radius: 5px;\r\n            border: 1px solid black;\r\n        }\r\n    <\/style>\r\n<div>\r\n<div class=\"form_item\">\r\n<label>Radius:<\/label>\r\n<input type=\"text\" id=\"txtRadius\" value=\"6\" \/>\r\n<\/div>\r\n<div class=\"form_item\">\r\n<label>Fill:<\/label>\r\n<input type=\"checkbox\" id=\"chkFill\" value=\"true\" checked=\"\" \/> Either fill the sphere, or calculate which position may be left empty.\r\n<\/div>\r\n<div class=\"form_item\">\r\n<label>Hints:<\/label>\r\n<input type=\"checkbox\" id=\"chkHints\" value=\"true\" checked=\"\" \/> On each layer darken the previous layer to ease building.\r\n<\/div>\r\n<div class=\"form_item\">\r\n<label>Block-align:<\/label>\r\n<input type=\"checkbox\" id=\"chkMiddle\" value=\"true\" \/>\r\n<\/div>\r\n<br>\r\n<input id=\"generate_btn\" type=\"button\" value=\"Generate\" \/>\r\n<\/div>\r\n<br>\r\n<div id=\"blocks-out\"><\/div>\r\n<br>\r\n<div id=\"output\"><\/div>\r\n<script>\r\n        jQuery(document).ready(function () {\r\n           jQuery('#generate_btn').click(function () {\r\n                generate();\r\n            });\r\n        });\r\n        \r\n        generate();\r\n\r\n        function generate() {\r\n            var radius = parseFloat(jQuery('#txtRadius').val());\r\n            var fill = isChecked('chkFill');\r\n            var hints = isChecked('chkHints');\r\n            var middle = isChecked('chkMiddle');\r\n            var blocks = generateBlocks(radius, middle);\r\n\r\n            if (!fill) {\r\n                blocks = purgeBlocks(blocks);\r\n            }\r\n\r\n            printBlocks(blocks, hints);\r\n        }\r\n\r\n        function isChecked(id) {\r\n            return jQuery('#' + id).is(\":checked\");\r\n        }\r\n\r\n        function generateBlocks(radius, middle) {\r\n            var radiusSq = radius * radius;\r\n            var halfSize, size, offset;\r\n\r\n            if (middle) {\r\n                size = (2 * Math.ceil(radius)) + 1;\r\n                offset = Math.floor(size \/ 2);\r\n            } else {\r\n                halfSize = Math.ceil(radius) + 1;\r\n                size = halfSize * 2;\r\n                offset = halfSize - 0.5;\r\n            }\r\n\r\n            function isFull(x, y, z) {\r\n                x -= offset;\r\n                y -= offset;\r\n                z -= offset;\r\n                x *= x;\r\n                y *= y;\r\n                z *= z;\r\n\r\n                return x + y + z < radiusSq;\r\n            }\r\n\r\n            var blocks = [];\r\n\r\n            for (var z = 0; z < size; z++) {\r\n                var slice = blocks[z] = [];\r\n\r\n                for (var x = 0; x < size; x++) {\r\n                    var row = slice[x] = [];\r\n\r\n                    for (var y = 0; y < size; y++) {\r\n                        row[y] = isFull(x, y, z);\r\n                    }\r\n                }\r\n            }\r\n\r\n            return blocks;\r\n        }\r\n\r\n        function purgeBlocks(blocks) {\r\n            var newblocks = [];\r\n\r\n            for (var z = 0; z < blocks.length; z++) {\r\n                var slice = blocks[z];\r\n                var newslice = newblocks[z] = [];\r\n\r\n                for (var x = 0; x < slice.length; x++) {\r\n                    var row = slice[x];\r\n                    var newrow = newslice[x] = [];\r\n\r\n                    for (var y = 0; y < row.length; y++) {\r\n                        newrow[y] = row[y] && (!row[y - 1] || !row[y + 1] || !slice[x - 1][y] || !slice[x + 1][y] || !blocks[z - 1][x][y] || !blocks[z + 1][x][y]);\r\n                    }\r\n                }\r\n            }\r\n\r\n            return newblocks;\r\n        }\r\n\r\n        function printBlocks(blocks, hints) {\r\n            var x, y, z;\r\n            var table, tbody, tr, td, prev, divNeeded, needed = 0;\r\n            var output = jQuery('#output');\r\n\r\n            output.empty();\r\n\r\n            output.append(divNeeded = jQuery('<p>'));\r\n            \/\/output.append($('<div>'));\r\n            var prevslice = blocks[0];\r\n            for (z = 1; z < blocks.length - 1; z++) {\r\n                var slice = blocks[z];\r\n                output.append(table = jQuery('<table>'));\r\n                \/\/output.append($('<div>'));\r\n                table.append(tbody = jQuery('<tbody>'));\r\n\r\n                table.attr('border', 1);\r\n                table.attr('cellpadding', 0);\r\n                table.attr('cellspacing', 0);\r\n\r\n                for (x = 0; x < slice.length; x++) {\r\n                    var row = slice[x];\r\n                    tbody.append(tr = jQuery('<tr>'));\r\n\r\n                    for (y = 0; y < row.length; y++) {\r\n                        tr.append(td = jQuery('<td>'));\r\n                        prev = hints && prevslice[x][y];\r\n\r\n                        if (row[y]) {\r\n                            td.attr('class', prev ? 'prev_full' : 'full');\r\n                            needed++;\r\n                        } else {\r\n                            td.attr('class', prev ? 'prev_empty' : 'empty');\r\n                        }\r\n\r\n                        td.append(jQuery('<div>'));\r\n                    }\r\n                }\r\n\r\n                prevslice = slice;\r\n            }\r\n\r\n            jQuery(\"#blocks-out\").append(\"Blocks needed: \" + needed);\r\n        }\r\n    <\/script>\n\n\n\n<div style=\"height:10px\" aria-hidden=\"true\" class=\"wp-block-spacer\"><\/div>\n\n\n\n<h2 class=\"wp-block-heading\">Sph\u00e8re de Minecraft<\/h2>\n\n\n\n<p>Dans les jeux qui pr\u00e9sentent Minecraft, les sph\u00e8res sont utilis\u00e9es pour la construction. Lorsque vous construisez quelque chose dans le monde virtuel de Minecraft, vous pouvez d\u00e9montrer votre expertise et gagner une tonne de temps en utilisant le g\u00e9n\u00e9rateur de sph\u00e8res Minecraft.<\/p>\n\n\n\n<p>Si vous voulez jouer \u00e0 Minecraft avec des courbes, vous devrez vous entra\u00eener beaucoup pour obtenir les perks de niveau sup\u00e9rieur.<\/p>\n\n\n\n<h2 class=\"wp-block-heading\">Minecraft Sphere Maker<\/h2>\n\n\n\n<p>Le g\u00e9n\u00e9rateur de sph\u00e8res de Minecraft est utilis\u00e9 pour cr\u00e9er des structures de sph\u00e8res. Cet outil inventif peut \u00eatre utilis\u00e9 par ceux qui ont la passion de construire et d&#8217;\u00e9tablir des choses. Ce programme, qui est bas\u00e9 sur des blocs, vous permet de cr\u00e9er n&#8217;importe quel motif de sph\u00e8re de votre choix<\/p>\n\n\n\n<p>Les utilisateurs de cet outil contr\u00f4lent les blocs et donnent \u00e0 leurs dessins un aspect cr\u00e9atif. En vous donnant la notion de l&#8217;endroit o\u00f9 placer les blocs, le fabricant de sph\u00e8res Minecraft vous simplifie la t\u00e2che et vous fait gagner du temps. En utilisant les pixels, vous pouvez d\u00e9montrer m\u00e9thodiquement votre ing\u00e9niosit\u00e9.<\/p>\n\n\n\n<p>Nous vous permettons d&#8217;utiliser la totalit\u00e9 de l&#8217;\u00e9cran afin que vous puissiez le visualiser plus clairement. Avec l&#8217;aide de notre outil, vous pouvez maintenant construire brillamment des sph\u00e8res et les utiliser o\u00f9 vous le souhaitez.<\/p>\n\n\n<div class=\"wp-block-image\">\n<figure class=\"aligncenter size-full\"><img loading=\"lazy\" decoding=\"async\" width=\"1000\" height=\"500\" src=\"https:\/\/cpstesters.com\/wp-content\/uploads\/2022\/09\/Minecraft-Sphere-Generator.jpg\" alt=\"G\u00e9n\u00e9rateur de sph\u00e8res Minecraft\" class=\"wp-image-558\" title=\"\" srcset=\"https:\/\/cpstesters.com\/wp-content\/uploads\/2022\/09\/Minecraft-Sphere-Generator.jpg 1000w, https:\/\/cpstesters.com\/wp-content\/uploads\/2022\/09\/Minecraft-Sphere-Generator-300x150.jpg 300w, https:\/\/cpstesters.com\/wp-content\/uploads\/2022\/09\/Minecraft-Sphere-Generator-768x384.jpg 768w\" sizes=\"auto, (max-width: 1000px) 100vw, 1000px\" \/><figcaption class=\"wp-element-caption\">G\u00e9n\u00e9rateur de sph\u00e8res Minecraft<\/figcaption><\/figure>\n<\/div>\n\n\n<h2 class=\"wp-block-heading\">Comment utiliser le g\u00e9n\u00e9rateur de sph\u00e8res de Minecraft ?<\/h2>\n\n\n\n<p>Si vous utilisez cet outil pour la premi\u00e8re fois, la proc\u00e9dure sera simple pour vous. Pour vous faciliter la t\u00e2che, nous avons mis en place un article contenant des informations que vous pouvez utiliser si vous souhaitez fabriquer une sph\u00e8re creuse. Vous devez vous conformer \u00e0 ces instructions.<\/p>\n\n\n\n<p>L&#8217;outil Minecraft sphere generator est visible dans la barre de menu. Il suffit de taper dessus, et la page suivante s&#8217;affiche \u00e0 l&#8217;\u00e9cran.<\/p>\n\n\n\n<ul class=\"wp-block-list\">\n<li>Indiquez le rayon de votre besoin pour cr\u00e9er la sph\u00e8re dont vous avez besoin. Ce programme cr\u00e9e un mod\u00e8le par d\u00e9faut qui a un rayon de six avec les options recommand\u00e9es activ\u00e9es.<\/li>\n\n\n\n<li>Utilisez le bouton &#8220;Hint&#8221; pour ajouter des points rouges aux fronti\u00e8res pour votre commodit\u00e9 si vous voulez une sph\u00e8re remplie dans Minecraft.<\/li>\n\n\n\n<li>Les choix de blocs vous permettent d&#8217;aligner le nombre de blocs.<\/li>\n\n\n\n<li>Appuyez une nouvelle fois sur le bouton de g\u00e9n\u00e9ration pour cr\u00e9er le formulaire de la sph\u00e8re en utilisant les param\u00e8tres que vous venez de choisir.<\/li>\n\n\n\n<li>Vous pouvez \u00e9galement voir le num\u00e9ro sous l&#8217;option de g\u00e9n\u00e9ration. C&#8217;est le nombre de blocs n\u00e9cessaires pour cr\u00e9er la sph\u00e8re dans Minecraft.<\/li>\n\n\n\n<li>Selon votre pr\u00e9f\u00e9rence, vous pouvez d\u00e9cider \u00e0 tout moment si vous souhaitez revenir au menu des mod\u00e8les. Vous pouvez utiliser votre navigateur pour revenir en arri\u00e8re.<\/li>\n\n\n\n<li>De plus, un slider de droite est inclus, comme vous pouvez le voir. Vous pouvez l&#8217;utiliser pour afficher une certaine couche horizontale de votre mod\u00e8le. Les perspectives 2D et 3D peuvent \u00eatre trait\u00e9es par le curseur de droite. Pour le mod\u00e8le 3D uniquement, cette couche sera mise en \u00e9vidence dans une couleur jaune vif.<\/li>\n<\/ul>\n\n\n\n<p>Vous pouvez maintenant cr\u00e9er facilement votre design et l&#8217;int\u00e9grer dans le jeu Minecraft sph\u00e9rique. En utilisant l&#8217;outil g\u00e9n\u00e9rateur de sph\u00e8res de pixels, vous pouvez d\u00e9couvrir d&#8217;autres id\u00e9es uniques de construction.<\/p>\n\n\n\n<p class=\"has-text-align-center has-base-background-color has-background has-medium-font-size\"><em>Vous pouvez \u00e9galement essayer le <a href=\"https:\/\/cpstesters.com\/fr\/?page_id=2947\" target=\"_blank\" rel=\"noreferrer noopener\">g\u00e9n\u00e9rateur de cercle Minecraft<\/a>!<\/em><\/p>\n\n\n\n<h2 class=\"wp-block-heading\">Caract\u00e9ristiques du g\u00e9n\u00e9rateur de d\u00f4me Minecraft<\/h2>\n\n\n\n<p>Le g\u00e9n\u00e9rateur de sph\u00e8res Minecraft est un outil puissant cr\u00e9\u00e9 pour aider les joueurs \u00e0 cr\u00e9er des sph\u00e8res \u00e9tonnantes et d&#8217;autres objets inspir\u00e9s des sph\u00e8res, comme des d\u00f4mes, en utilisant le g\u00e9n\u00e9rateur de d\u00f4mes Minecraft et les tops de construction, en \u00e9largissant le potentiel des sph\u00e8res Minecraft.<\/p>\n\n\n\n<p>M\u00eame si ce programme a une tonne de capacit\u00e9s intrigantes, nous allons inclure ici toutes les fonctionnalit\u00e9s qui sont n\u00e9cessaires pour construire des sph\u00e8res Minecraft :<\/p>\n\n\n\n<ul class=\"wp-block-list\">\n<li>\u00c0 l&#8217;aide de cette machine \u00e0 fabriquer des sph\u00e8res, il est possible de produire des formes sph\u00e9riques \u00e0 rayon r\u00e9glable.<\/li>\n\n\n\n<li>Cet outil permet de d\u00e9terminer le nombre de blocs n\u00e9cessaires pour construire votre sph\u00e8re id\u00e9ale dans le jeu Minecraft.<\/li>\n\n\n\n<li>Vous avez la possibilit\u00e9 de cr\u00e9er deux designs de sph\u00e8res diff\u00e9rents, l&#8217;un avec des blocs align\u00e9s et l&#8217;autre sans.<\/li>\n\n\n\n<li>Vous pouvez choisir de tracer le contour de la sph\u00e8re ou de laisser un espace vide, selon votre d\u00e9sir.<\/li>\n<\/ul>\n\n\n\n<h2 class=\"wp-block-heading has-text-align-center\">FAQ&#8217;s<\/h2>\n\n\n\n<h3 class=\"wp-block-heading\"><strong>Quelle est la commande dans Minecraft qui cr\u00e9e une sph\u00e8re remplie ?<\/strong><\/h3>\n\n\n\n<p>Pour faire sans effort un cercle complet dans Minecraft, utilisez la commande suivante : <strong>Pour cr\u00e9er une sph\u00e8re remplie, tapez \/sphere<\/strong>.<\/p>\n\n\n\n<h3 class=\"wp-block-heading\"><strong>Qui peut utiliser le g\u00e9n\u00e9rateur de sph\u00e8res Minecraft ?<\/strong><\/h3>\n\n\n\n<p>Cet outil peut \u00eatre utilis\u00e9 par les personnes ayant des comp\u00e9tences en construction. Cette technique est \u00e9galement utilis\u00e9e par ceux qui n&#8217;ont pas d&#8217;exp\u00e9rience dans le domaine de la construction pour augmenter leur niveau de cr\u00e9ativit\u00e9. Cet outil permet aux enfants d&#8217;exp\u00e9rimenter divers agencements \u00e0 base de blocs. Les joueurs du jeu vid\u00e9o Minecraft utilisent cet outil pour concevoir des b\u00e2timents.<\/p>\n\n\n\n<p>Autres outils Minecraft :<\/p>\n\n\n\n<ul class=\"wp-block-list\">\n<li><a href=\"https:\/\/cpstesters.com\/fr\/?page_id=3098\" target=\"_blank\" rel=\"noreferrer noopener\">G\u00e9n\u00e9rateur de police Minecraft<\/a><\/li>\n\n\n\n<li><a href=\"https:\/\/cpstesters.com\/fr\/?page_id=3107\" target=\"_blank\" rel=\"noreferrer noopener\">G\u00e9n\u00e9rateur de titres Minecraft<\/a><\/li>\n\n\n\n<li><a href=\"https:\/\/cpstesters.com\/fr\/generateur-de-commande-minecraft-en-ligne-donner-une-commande\/\" target=\"_blank\" rel=\"noreferrer noopener\">G\u00e9n\u00e9rateur de commandes Minecraft<\/a><\/li>\n\n\n\n<li><a href=\"https:\/\/cpstesters.com\/fr\/?page_id=2633\" target=\"_blank\" rel=\"noreferrer noopener\">Aim Trainer<\/a><\/li>\n\n\n\n<li><a href=\"https:\/\/cpstesters.com\/fr\/apm-test-suivi-des-actions-par-minute-pour-les-jeux-video\/\" target=\"_blank\" rel=\"noreferrer noopener\">Test APM<\/a><\/li>\n<\/ul>\n","protected":false},"excerpt":{"rendered":"<p>Minecraft Sphere Generator est un outil qui est utilis\u00e9 pour faire des sph\u00e8res de d\u00f4me et de pixel pour \u00e9tendre les paysages de Minecraft, v\u00e9rifiez-le &#8230; <\/p>\n<p class=\"read-more-container\"><a title=\"G\u00e9n\u00e9rateur de sph\u00e8res Minecraft | G\u00e9n\u00e9rateur de d\u00f4mes Minecraft\" class=\"read-more button\" href=\"https:\/\/cpstesters.com\/fr\/minecraft-sphere-generator\/#more-3102\" aria-label=\"En savoir plus sur G\u00e9n\u00e9rateur de sph\u00e8res Minecraft | G\u00e9n\u00e9rateur de d\u00f4mes Minecraft\">Read More<\/a><\/p>\n","protected":false},"author":4,"featured_media":1507,"parent":0,"menu_order":0,"comment_status":"closed","ping_status":"closed","template":"","meta":{"footnotes":""},"class_list":["post-3102","page","type-page","status-publish","has-post-thumbnail"],"_links":{"self":[{"href":"https:\/\/cpstesters.com\/fr\/wp-json\/wp\/v2\/pages\/3102","targetHints":{"allow":["GET"]}}],"collection":[{"href":"https:\/\/cpstesters.com\/fr\/wp-json\/wp\/v2\/pages"}],"about":[{"href":"https:\/\/cpstesters.com\/fr\/wp-json\/wp\/v2\/types\/page"}],"author":[{"embeddable":true,"href":"https:\/\/cpstesters.com\/fr\/wp-json\/wp\/v2\/users\/4"}],"replies":[{"embeddable":true,"href":"https:\/\/cpstesters.com\/fr\/wp-json\/wp\/v2\/comments?post=3102"}],"version-history":[{"count":5,"href":"https:\/\/cpstesters.com\/fr\/wp-json\/wp\/v2\/pages\/3102\/revisions"}],"predecessor-version":[{"id":5925,"href":"https:\/\/cpstesters.com\/fr\/wp-json\/wp\/v2\/pages\/3102\/revisions\/5925"}],"wp:featuredmedia":[{"embeddable":true,"href":"https:\/\/cpstesters.com\/fr\/wp-json\/wp\/v2\/media\/1507"}],"wp:attachment":[{"href":"https:\/\/cpstesters.com\/fr\/wp-json\/wp\/v2\/media?parent=3102"}],"curies":[{"name":"wp","href":"https:\/\/api.w.org\/{rel}","templated":true}]}}