{"id":2986,"date":"2024-07-16T14:26:24","date_gmt":"2024-07-16T14:26:24","guid":{"rendered":"https:\/\/cpstesters.com\/test-ecran-tactile-en-ligne-testeur-multi-tactile\/"},"modified":"2024-09-17T16:28:49","modified_gmt":"2024-09-17T16:28:49","slug":"touch-screen-test","status":"publish","type":"page","link":"https:\/\/cpstesters.com\/fr\/touch-screen-test\/","title":{"rendered":"Test \u00e9cran tactile en ligne | Testeur multi-tactile"},"content":{"rendered":"\n<p>Le test de l&#8217;\u00e9cran tactile des t\u00e9l\u00e9phones mobiles et des ordinateurs portables est un outil qui permet de v\u00e9rifier si l&#8217;\u00e9cran tactile de votre appareil fonctionne correctement ou non, v\u00e9rifiez-le maintenant !<\/p>\n<style>\r\n        #box {\r\n            position:relative;\r\n            width:100%; \r\n            background-color:#FFB15E;\r\n            font-size: 2rem; \r\n            margin-bottom:20px;\r\n\t\t\tcolor:white;\r\n\t\t\tpadding-top:50px;\r\n\t\t\tpadding-bottom:50px;\r\n\t\t\ttext-align:center;\r\n        }\r\n        #box.fullscreen{\r\n            background-color: #2d2d2d;\r\n            position:fixed;\r\n            top: 0px;\r\n            left: 0px;\r\n            height: 100%!important;;\r\n        }\r\n        .point{\r\n            border-radius:50%;\r\n            width:30px;\r\n            height:30px;\r\n            background-color:red;\r\n            position:fixed;\r\n        }\r\n        #fs-button{\r\n            width:30px;\r\n            height:30px;\r\n            position:absolute;\r\n            bottom:5px;\r\n            right:5px;\r\n            background-image: url(\"data:image\/svg+xml,%3Csvg xmlns='http:\/\/www.w3.org\/2000\/svg' width='30' height='30' viewBox='0 0 14 14' fill='%23dddddd'%3E%3Cpath d='M2,9H0v5h5v-2H2V9z M0,5h2V2h3V0H0V5z M12,12H9v2h5V9h-2V12z M9,0v2h3v3h2V0H9z'\/%3E%3C\/svg%3E\");\r\n        }\r\n        .fullscreen #fs-button\r\n        {\r\n            background-image: url(\"data:image\/svg+xml,%3Csvg xmlns='http:\/\/www.w3.org\/2000\/svg' width='30' height='30' viewBox='0 0 14 14' fill='%23dddddd'%3E%3Cpath d='M0,11h3v3h2V9H0V11z M3,3H0v2h5V0H3V3z M9,14h2v-3h3V9H9V14z M11,3V0H9v5h5V3H11z'\/%3E%3C\/svg%3E\");\r\n        }\r\n        .current-touch, .max-touch, #box{\r\n            text-align: center;\r\n        }\r\n        .current-touch, .max-touch{\r\n            font-size: 5rem; \r\n        }\r\n    <\/style>\r\n\r\n<div id=\"box\">\r\n        <div id=\"info\">\r\n            <div class=\"row\"><div class=\"col d-flex align-items-center justify-content-end p-0\" style=\"font-size:1rem\">current<\/div><div class=\"current-touch col p-0\">0<\/div><div class=\"col p-0\"><\/div><\/div>\r\n            <div class=\"row\"><div class=\"col d-flex align-items-center justify-content-end p-0\" style=\"font-size:1rem\">max<\/div><div class=\"max-touch col p-0\">0<\/div><div class=\"col p-0\"><\/div><\/div>\r\n        <\/div>\r\n        \r\n    <\/div>   \r\n\r\n\r\n<script>\r\n    \r\nvar box = document.getElementById(\"box\");\r\nvar currnetTouchE = document.getElementsByClassName('current-touch')[0];\r\nvar maxTouchE = document.getElementsByClassName('max-touch')[0];\r\nvar maxTouch = 0;\r\n\r\nvar pointSize = 30;\r\n\r\nfunction updateTouch(number)\r\n{\r\n    currnetTouchE.innerHTML = number;\r\n    if (number>maxTouch) maxTouch = number;\r\n    maxTouchE.innerHTML = maxTouch;\r\n    \r\n}\r\n\r\n\r\nbox.addEventListener(\"touchstart\", handleStart, false);\r\nbox.addEventListener(\"touchend\", handleEnd, false);\r\nbox.addEventListener(\"touchcancel\", handleCancel, false);\r\nbox.addEventListener(\"touchmove\", handleMove, false);\r\n\/\/var ongoingTouches = [];\r\n\r\nfunction copyTouch({ identifier, pageX, pageY }) {\r\n  return { identifier, pageX, pageY };\r\n}\r\n\r\nfunction handleStart (e)\r\n{\r\n    var touches = e.changedTouches;\r\n    for (var i = 0; i < touches.length; i++)\r\n    {\r\n        var point = document.createElement('div');\r\n        \/\/ongoingTouches.push(copyTouch(touches[i]));\r\n        point.className = 'point';\r\n        point.id = 'touch-'+touches[i].identifier;\r\n        point.style.left = touches[i].clientX-pointSize\/2+'px';\r\n        point.style.top = touches[i].clientY-pointSize\/2+'px';\r\n        point.style.backgroundColor = colorForTouch(touches[i]);\r\n        document.body.appendChild(point);\r\n    }\r\n    updateTouch(e.touches.length);\r\n    e.preventDefault();\r\n}\r\n\r\nfunction handleMove(e)\r\n{\r\n    var touches = e.changedTouches;\r\n    for (var i = 0; i < touches.length; i++)\r\n    {\r\n        var point = document.getElementById('touch-'+touches[i].identifier);\r\n        point.style.left = touches[i].clientX-pointSize\/2+'px';\r\n        point.style.top = touches[i].clientY-pointSize\/2+'px';\r\n    }\r\n    updateTouch(e.touches.length);\r\n    e.preventDefault();\r\n}\r\n\r\nfunction handleEnd (e)\r\n{\r\n     var touches = e.changedTouches;\r\n     for (var i = 0; i < touches.length; i++) \r\n     {\r\n        setTimeout(function(){\r\n           \r\n        },200);\r\n       document.getElementById('touch-'+touches[i].identifier).remove();\r\n     }\r\n     updateTouch(e.touches.length);\r\n}\r\n\r\nfunction handleCancel (e)\r\n{\r\n    handleEnd(e);\r\n}\r\n\r\n\r\nfunction colorForTouch(touch) {\r\n    var color = \"#000000\";\r\n    switch(touch.identifier)\r\n    {\r\n        case 0: color = \"#ff0000\";break;\r\n        case 1: color = \"#ff00ff\";break;\r\n        case 2: color = \"#0000ff\";break;\r\n        case 3: color = \"#00ffff\";break;\r\n        case 4: color = \"#00ff00\";break;\r\n        case 5: color = \"#ffff00\";break;\r\n        case 6: color = \"#ffa800\";break;\r\n        default: color = \"#000000\";\r\n    }\r\n    return color;\r\n}\r\n\r\nif (!(typeof box.ontouchstart != \"undefined\")) { \r\n    box.innerHTML = '<p>This test cannot be used on device without touch screen.<\/p>\\n\\\r\n                     <p style=\"font-size:1rem;\">If you see this message, the test will not work.<\/p>   ';\r\n    box.style.backgroundColor = \"#FFB15E\";\r\n} \r\n<\/script>\n\n<div style=\"height:5px\" aria-hidden=\"true\" class=\"wp-block-spacer\"><\/div>\n\n<h2 class=\"wp-block-heading\">Testeur d&#8217;\u00e9cran tactile<\/h2>\n\n<p>Le test de l&#8217;\u00e9cran tactile est la technique utilis\u00e9e pour \u00e9valuer votre \u00e9cran. Il existe plusieurs fa\u00e7ons d&#8217;utiliser ce test pour identifier les points morts. Ce testeur poss\u00e8de une technique sp\u00e9ciale qui vous montre exactement o\u00f9 se trouvent les zones probl\u00e9matiques. Cela permet de v\u00e9rifier les points morts de l&#8217;\u00e9cran tactile et la fonctionnalit\u00e9 multi-touch \u00e0 cinq points.<\/p>\n\n<p>L&#8217;\u00e9cran tactile d&#8217;un smartphone doit \u00eatre test\u00e9 pour v\u00e9rifier la qualit\u00e9 et l&#8217;utilit\u00e9 de l&#8217;appareil. Les performances d&#8217;un \u00e9cran tactile peuvent \u00eatre \u00e9valu\u00e9es \u00e0 l&#8217;aide d&#8217;un test tactile simple. Les tests tactiles, dont chacun utilise une strat\u00e9gie diff\u00e9rente, vous aident \u00e0 localiser et \u00e0 analyser les <a href=\"https:\/\/www.lifewire.com\/fixes-for-broken-touch-screen-4149514\" target=\"_blank\" rel=\"noreferrer noopener\">probl\u00e8mes que votre \u00e9cran tactile<\/a> pourrait rencontrer.<\/p>\n\n<h2 class=\"wp-block-heading\">Comment tester le toucher de l&#8217;\u00e9cran ?<\/h2>\n\n<p>Pour lancer le test, touchez l&#8217;\u00e9cran situ\u00e9 \u00e0 l&#8217;int\u00e9rieur de la bo\u00eete ci-dessus. Pour faire passer facilement des doigts suppl\u00e9mentaires, utilisez l&#8217;option Plein \u00e9cran dans le coin inf\u00e9rieur droit du champ de test. Si votre appareil ou votre navigateur n&#8217;est pas compatible, un avis sp\u00e9cial s&#8217;affichera dans la bo\u00eete.<\/p>\n\n<p>Essayez le test Multi Touch si vous ne cherchez pas de points morts sur votre \u00e9cran mais que vous \u00eates curieux de savoir combien de doigts il peut reconna\u00eetre. L&#8217;un des tests d&#8217;\u00e9cran mobile multi-touch les plus basiques disponibles, il ne dispose d&#8217;aucun outil de dessin ni de fonctionnalit\u00e9s suppl\u00e9mentaires.<\/p>\n<div class=\"wp-block-image\">\n<figure class=\"aligncenter size-full\"><img loading=\"lazy\" decoding=\"async\" width=\"1000\" height=\"500\" src=\"https:\/\/cpstesters.com\/wp-content\/uploads\/2022\/09\/touch-test.jpg\" alt=\"Test de l&#039;&#xE9;cran tactile\" class=\"wp-image-551\" title=\"\" srcset=\"https:\/\/cpstesters.com\/wp-content\/uploads\/2022\/09\/touch-test.jpg 1000w, https:\/\/cpstesters.com\/wp-content\/uploads\/2022\/09\/touch-test-300x150.jpg 300w, https:\/\/cpstesters.com\/wp-content\/uploads\/2022\/09\/touch-test-768x384.jpg 768w\" sizes=\"auto, (max-width: 1000px) 100vw, 1000px\" \/><figcaption class=\"wp-element-caption\">Test de l&#8217;\u00e9cran tactile<\/figcaption><\/figure>\n<\/div>\n<p>Il vous informe du nombre maximal de doigts actifs que votre appareil peut supporter.  <\/p>\n\n<h2 class=\"wp-block-heading\">Test multi-touch<\/h2>\n\n<p>Le testeur multi-touch reconna\u00eet de nombreux touchers et donne \u00e0 chacun d&#8217;eux une couleur distincte. Cela ne fait aucune diff\u00e9rence si vos doigts recouvrent les touches et les chiffres de l&#8217;\u00e9cran. M\u00eame lorsque vous retirez vos doigts de l&#8217;\u00e9cran, le nombre maximal de touchers s&#8217;affiche. Vous pouvez utiliser ce test pour voir combien de touches l&#8217;\u00e9cran de votre appareil enregistre.<\/p>\n\n<p>Ce testeur marquera chaque doigt lorsque vous les placerez sur l&#8217;\u00e9cran plusieurs fois \u00e0 la fois. En outre, il enregistrera le nombre total de doigts qui s&#8217;affichent \u00e0 l&#8217;\u00e9cran. Le programme continuera \u00e0 rappeler le plus grand nombre qu&#8217;il a identifi\u00e9, m\u00eame apr\u00e8s que vous ayez rel\u00e2ch\u00e9 vos doigts.<\/p>\n\n<p>Il est pr\u00e9f\u00e9rable de faire le test en plein \u00e9cran afin que toutes les touches puissent tenir dans le champ du test. Pour ce faire, cliquez sur le bouton dans le coin inf\u00e9rieur gauche.<\/p>\n\n<p>Il n&#8217;est pas n\u00e9cessaire d&#8217;installer d&#8217;applications pour ce test car vous pouvez toujours passer notre test de v\u00e9rification du toucher sur votre appareil en ligne depuis notre site web.<\/p>\n\n<p class=\"has-text-align-center has-base-background-color has-background has-medium-font-size\"><em>Nous avons aussi un <a href=\"https:\/\/cpstesters.com\/fr\/dead-pixel-test\/\" target=\"_blank\" rel=\"noreferrer noopener\">test de pixels morts<\/a> pour votre \u00e9cran, regardez !<\/em><\/p>\n\n<h2 class=\"wp-block-heading has-text-align-center\">FAQ&#8217;s<\/h2>\n\n<h3 class=\"wp-block-heading\"><strong>Comment puis-je tester mon \u00e9cran tactile ?<\/strong><\/h3>\n\n<p>Vous pouvez utiliser le test tactile sur notre site Web pour v\u00e9rifier l&#8217;\u00e9cran tactile de votre appareil si vous pensez qu&#8217;il ne fonctionne pas correctement. Ce test vous permet de reconna\u00eetre et de traiter tous les probl\u00e8mes potentiels de votre \u00e9cran tactile, chacun d&#8217;entre eux \u00e9tant abord\u00e9 diff\u00e9remment.<\/p>\n\n<h3 class=\"wp-block-heading\"><strong>Comment puis-je savoir si mon \u00e9cran tactile est sensible ?<\/strong><\/h3>\n\n<p>La sensibilit\u00e9 de l&#8217;\u00e9cran tactile peut \u00eatre test\u00e9e avec diff\u00e9rentes pressions du doigt. Certains \u00e9crans n\u00e9cessitent un contact plus important avec l&#8217;\u00e9cran car ils ont du mal \u00e0 lire les touches l\u00e9g\u00e8res.<\/p>\n\n<h3 class=\"wp-block-heading\"><strong>Comment tester le toucher des fant\u00f4mes ?<\/strong><\/h3>\n\n<p>Commencez par faire des exp\u00e9riences avec vous-m\u00eame pour voir si vous pouvez identifier le probl\u00e8me. Fais trois doigts, alors. Ensuite, vous d\u00e9tecterez un ou deux touchers fant\u00f4mes si vous touchez accidentellement votre \u00e9cran avec un ou deux doigts.<\/p>\n\n<p>Autres tests que vous pourriez vouloir v\u00e9rifier :<\/p>\n\n<ul class=\"wp-block-list\">\n<li><a href=\"https:\/\/cpstesters.com\/fr\/tap-counter\/\" target=\"_blank\" rel=\"noreferrer noopener\">Compteur de robinets<\/a><\/li>\n\n\n\n<li><a href=\"https:\/\/cpstesters.com\/fr\/test-de-vitesse-des-robinets\/\" target=\"_blank\" rel=\"noreferrer noopener\">Test de vitesse des robinets<\/a><\/li>\n\n\n\n<li><a href=\"https:\/\/cpstesters.com\/fr\/\" target=\"_blank\" rel=\"noreferrer noopener\">Testeur de clics par seconde<\/a><\/li>\n\n\n\n<li><a href=\"https:\/\/cpstesters.com\/fr\/test-du-clavier\/\" target=\"_blank\" rel=\"noreferrer noopener\">Testeur de clavier<\/a><\/li>\n\n\n\n<li><a href=\"https:\/\/cpstesters.com\/fr\/test-de-latence-du-clavier\/\" target=\"_blank\" rel=\"noreferrer noopener\">Test de latence du clavier<\/a><\/li>\n<\/ul>\n","protected":false},"excerpt":{"rendered":"<p>Le test de l&#8217;\u00e9cran tactile des t\u00e9l\u00e9phones mobiles et des ordinateurs portables est un outil qui permet de v\u00e9rifier si l&#8217;\u00e9cran tactile de votre appareil &#8230; <\/p>\n<p class=\"read-more-container\"><a title=\"Test \u00e9cran tactile en ligne | Testeur multi-tactile\" class=\"read-more button\" href=\"https:\/\/cpstesters.com\/fr\/touch-screen-test\/#more-2986\" aria-label=\"En savoir plus sur Test \u00e9cran tactile en ligne | Testeur multi-tactile\">Read More<\/a><\/p>\n","protected":false},"author":4,"featured_media":1471,"parent":0,"menu_order":0,"comment_status":"closed","ping_status":"closed","template":"","meta":{"footnotes":""},"class_list":["post-2986","page","type-page","status-publish","has-post-thumbnail"],"_links":{"self":[{"href":"https:\/\/cpstesters.com\/fr\/wp-json\/wp\/v2\/pages\/2986","targetHints":{"allow":["GET"]}}],"collection":[{"href":"https:\/\/cpstesters.com\/fr\/wp-json\/wp\/v2\/pages"}],"about":[{"href":"https:\/\/cpstesters.com\/fr\/wp-json\/wp\/v2\/types\/page"}],"author":[{"embeddable":true,"href":"https:\/\/cpstesters.com\/fr\/wp-json\/wp\/v2\/users\/4"}],"replies":[{"embeddable":true,"href":"https:\/\/cpstesters.com\/fr\/wp-json\/wp\/v2\/comments?post=2986"}],"version-history":[{"count":4,"href":"https:\/\/cpstesters.com\/fr\/wp-json\/wp\/v2\/pages\/2986\/revisions"}],"predecessor-version":[{"id":4381,"href":"https:\/\/cpstesters.com\/fr\/wp-json\/wp\/v2\/pages\/2986\/revisions\/4381"}],"wp:featuredmedia":[{"embeddable":true,"href":"https:\/\/cpstesters.com\/fr\/wp-json\/wp\/v2\/media\/1471"}],"wp:attachment":[{"href":"https:\/\/cpstesters.com\/fr\/wp-json\/wp\/v2\/media?parent=2986"}],"curies":[{"name":"wp","href":"https:\/\/api.w.org\/{rel}","templated":true}]}}