{"id":2966,"date":"2024-07-16T14:18:01","date_gmt":"2024-07-16T14:18:01","guid":{"rendered":"https:\/\/cpstesters.com\/mouse-rate-checker-polling-rate-hz-test-en-ligne\/"},"modified":"2024-09-17T15:52:00","modified_gmt":"2024-09-17T15:52:00","slug":"verificateur-de-la-vitesse-de-la-souris","status":"publish","type":"page","link":"https:\/\/cpstesters.com\/fr\/verificateur-de-la-vitesse-de-la-souris\/","title":{"rendered":"V\u00e9rificateur de taux de souris | Polling Rate Hz Test en ligne"},"content":{"rendered":"\n<p>Mouse Rate Checker est un outil en ligne permettant aux utilisateurs de v\u00e9rifier leur taux de polling en hertz et de tester la souris, essayez-le maintenant !<\/p>\n\n\n<style type=\"text\/css\">\r\n    #rate-container{\r\n        padding: 15px;\r\n        background: #fff;\r\n        position: relative;\r\n        \r\n        user-select: none;\r\n    }\r\n    #rate-checker{\r\n        width:100%;\r\n        padding:10px;\r\n\r\n\t\t\r\n    }\r\n    \r\n    #rate-numbers{\r\n\t\tfont-size:2em;\r\n        text-align:center;\r\n        font-weight:bold;\r\n        padding:auto;\r\n        margin:auto;\r\n        width:100%;\r\n        height:50px;\r\n        margin-top: 20px;\r\n        font-size:  1.8em;\r\n\t\tcolor: black;\r\n    }\r\n\r\n    #rate-console{\r\n        width: 80%;\r\n        text-align: center;\r\n        height:250px;\r\n\t\tpadding: 10px;\r\n\t\tmargin: 0 auto;\r\n        resize: none;\r\n\t\tcolor: #03fc07;\r\n        border:3px solid #03fc07;\r\n        border-top: none; \r\n        font-size: 1.2em;\r\n        overflow-y: scroll;\r\n        overflow-x: hidden;\r\n        outline: none;\r\n        cursor: default;\r\n\t\tbackground: #111;\r\n    }\r\n\t\r\n#start-stop, #reset {\r\n\t position: relative;\r\ncursor:pointer;\r\n  display: block;\r\n  margin: 10px auto;\r\n\r\n  overflow: hidden;\r\n\r\n  border-width: 0;\r\n  outline: none;\r\n  border-radius: 5px;\r\n  max-width: 480px;\r\n  min-width: 240px;\r\n  background-color: #F2601D;\r\n  color: #fff !important;\r\n  text-align: center;\r\n\r\n  transition: background-color .3s;\r\n}\r\n\r\n#start-stop:hover, #start-stop:focus, #reset:hover, #reset:focus {\r\n  background-color: #F2601D;\r\n}\r\n\r\n#start-stop, #reset > * {\r\n  position: relative;\r\n}\r\n\r\n#start-stop span, #reset span {\r\n  display: block;\r\n  padding: 12px 24px;\r\n}\r\n\r\n#start-stop:before, #reset:before {\r\n  \r\n  content:'';\r\n  position: absolute;\r\n  top: 50%;\r\n  left: 50%;\r\n  \r\n  display: block;\r\n  width: 0;\r\n  padding-top: 0;\r\n    \r\n  border-radius: 100%;\r\n  \r\n  background-color: rgba(236, 240, 241, .3);\r\n  \r\n  -webkit-transform: translate(-50%, -50%);\r\n  -moz-transform: translate(-50%, -50%);\r\n  -ms-transform: translate(-50%, -50%);\r\n  -o-transform: translate(-50%, -50%);\r\n  transform: translate(-50%, -50%);\r\n}\r\n\r\n#start-stop:active:before, #reset:active:before {\r\n  width: 120%;\r\n  padding-top: 120%;\r\n  \r\n  transition: width .2s ease-out, padding-top .2s ease-out;\r\n}\r\n\r\ntextarea {\r\ndisplay: block;\r\nmargin-left:auto;\r\nmargin-right:auto;\r\n\r\n}\r\n   \r\n    <\/style> \r\n\r\n<div id=\"rate-container\">\r\n   <div id=\"rate-checker\">\r\n      <div id=\"rate-numbers\">\r\n         <p>Average: <span id=\"rate-avg\">0<\/span> Hz, maximum: <span id=\"rate-max\">0<\/span> Hz<\/p>\r\n      <\/div>\r\n   <\/div>\r\n   <div id=\"start-stop\"><span>Click to Start<\/span><\/div>\r\n   <div class=\"rows\">\r\n      <div class=\"col\"><textarea id=\"rate-console\" readonly=\"\"><\/textarea><\/div>\r\n      <button id=\"reset\"><span>Reset<\/span><\/button>\r\n   <\/div>\r\n<\/div>\r\n\r\n\r\n\r\n\r\n<script>\r\n  var fps = 5;\r\nvar count = 0;\r\nvar tick = 0;\r\nvar totalMoves = 0;\r\nvar maxValue = 0;\r\nvar timer = null;\r\n\r\nfunction updateCount() {\r\n    tick++;\r\n    totalMoves += count;\r\n    var value = (count * fps);\r\n    jQuery('#rate-console').append(value + 'HZ\\n');\r\n    var psconsole = jQuery('#rate-console');\r\n    if (psconsole.length)\r\n        psconsole.scrollTop(psconsole[0].scrollHeight - psconsole.height());\r\n    var avgValue = Math.ceil((fps * totalMoves) \/ tick);\r\n    if (value > maxValue)\r\n        maxValue = value;\r\n    jQuery('#rate-avg').html(avgValue);\r\n    jQuery('#rate-max').html(maxValue);\r\n    count = 0;\r\n    if (tick > 3 * fps) {\r\n        tick = 0;\r\n        totalMoves = 0;\r\n    }\r\n}\r\n\r\nfunction valloop(bas) {\r\n    var event = 'getCoalescedEvents' in bas ? bas.getCoalescedEvents() : [bas];\r\n    for (e in event) {\r\n        count++;\r\n    }\r\n}\r\n\r\nfunction checkRate() {\r\n    count = 0;\r\n    tick = 0;\r\n    totalMoves = 0;\r\n    if (timer) {\r\n        clearInterval(timer);\r\n        document.removeEventListener('pointermove', valloop);\r\n        timer = null;\r\n        jQuery('#start-stop').html('<span>Click to Start<\/span>');\r\n    } else {\r\n        document.addEventListener('pointermove', valloop);\r\n        if (timer) {\r\n            clearInterval(timer);\r\n        }\r\n        timer = setInterval(updateCount, 1000 \/ fps);\r\n        jQuery('#start-stop').html('<span>Click to Stop<\/span>');\r\n    }\r\n}\r\njQuery(function() {\r\n    jQuery(\"#start-stop\").click(checkRate);\r\n    jQuery(\"#reset\").click(function() {\r\n        location.reload();\r\n    });\r\n});\r\n<\/script>\r\n\n\n\n\n<div style=\"height:5px\" aria-hidden=\"true\" class=\"wp-block-spacer\"><\/div>\n\n\n\n<h2 class=\"wp-block-heading\">V\u00e9rificateur de la vitesse de la souris<\/h2>\n\n\n\n<p>Comme il estime le taux de polling en Hz, l&#8217;outil Rate Checker est parfois connu sous le nom de Mouse Hz Checker. Il compte le nombre de fois o\u00f9 votre souris envoie des informations \u00e0 l&#8217;ordinateur et les \u00e9value en Hz.  <\/p>\n\n\n\n<h2 class=\"wp-block-heading\">Test de la vitesse d&#8217;interrogation de la souris<\/h2>\n\n\n\n<p>La fr\u00e9quence \u00e0 laquelle la souris informe le PC ou l&#8217;ordinateur li\u00e9 de sa position est appel\u00e9e fr\u00e9quence d&#8217;interrogation. Le taux de polling peut \u00eatre exprim\u00e9 en Hz ou en TPS.<\/p>\n\n\n\n<p>Vous devez savoir \u00e0 quel point le taux de polling de la souris est crucial si vous aimez jouer \u00e0 des jeux vid\u00e9o. Imaginons un sc\u00e9nario dans lequel vous ne disposez que d&#8217;une seconde pour tirer ou frapper votre rival, mais o\u00f9 le taux de sondage de votre souris est faible.<\/p>\n\n\n\n<p>Il est alors tout \u00e0 fait possible que vous perdiez la partie, et que votre rival tire plus rapidement que vous. Il faut savoir que plus le taux de polling est \u00e9lev\u00e9, plus votre souris communiquera fr\u00e9quemment avec son emplacement sur votre ordinateur.<\/p>\n\n\n\n<p>Bien que des taux de sondage plus \u00e9lev\u00e9s constituent un avantage pour le jeu et sont g\u00e9n\u00e9ralement pr\u00e9f\u00e9r\u00e9s par les joueurs. Sur les machines bas de gamme, cela peut occasionnellement entra\u00eener des probl\u00e8mes parce que vous faites des rapports plus fr\u00e9quemment et que vous maintenez votre syst\u00e8me occup\u00e9.<\/p>\n\n\n\n<h2 class=\"wp-block-heading\">Qu&#8217;est-ce qu&#8217;un bon taux de sondage ?<\/h2>\n\n\n\n<p>Dans les jeux o\u00f9 vous d\u00e9placez la souris rapidement, le taux d&#8217;\u00e9chantillonnage est tr\u00e8s important. Pour la plupart des gens, 500 Hz est appropri\u00e9 et suffisant pour cette fonction. Les pros et les joueurs plus exp\u00e9riment\u00e9s, cependant, peuvent favoriser les souris avec des taux de polling de 1000 ou plus.<\/p>\n\n\n<div class=\"wp-block-image\">\n<figure class=\"aligncenter size-full\"><img loading=\"lazy\" decoding=\"async\" width=\"1000\" height=\"500\" src=\"https:\/\/cpstesters.com\/wp-content\/uploads\/2022\/09\/Mouse-checker.jpg\" alt=\"V\u00e9rificateur de la vitesse de la souris\" class=\"wp-image-548\" title=\"\" srcset=\"https:\/\/cpstesters.com\/wp-content\/uploads\/2022\/09\/Mouse-checker.jpg 1000w, https:\/\/cpstesters.com\/wp-content\/uploads\/2022\/09\/Mouse-checker-300x150.jpg 300w, https:\/\/cpstesters.com\/wp-content\/uploads\/2022\/09\/Mouse-checker-768x384.jpg 768w\" sizes=\"auto, (max-width: 1000px) 100vw, 1000px\" \/><figcaption class=\"wp-element-caption\">V\u00e9rificateur de la vitesse de la souris<\/figcaption><\/figure>\n<\/div>\n\n\n<p>Il n&#8217;y a pas beaucoup de diff\u00e9rence entre les deux : Le temps de rapport d&#8217;une souris de 1000 Hz est de 1 milliseconde, tandis que celui d&#8217;une souris de 500 Hz est de 2 millisecondes. Consid\u00e9rez que 1 ms de latence \u00e9quivaut \u00e0 1 ms de ping en plus, ce qui n&#8217;aura pas d&#8217;impact significatif sur votre exp\u00e9rience de jeu. La souris 500Hz sera \u00e9galement plus douce au toucher. Choisissez en cons\u00e9quence.<\/p>\n\n\n\n<p class=\"has-text-align-center has-base-background-color has-background has-medium-font-size\"><em>Vous pouvez \u00e9galement consulter notre <a href=\"https:\/\/cpstesters.com\/fr\/test-de-defilement-de-la-souris\/\" target=\"_blank\" rel=\"noreferrer noopener\">test de d\u00e9filement de la souris<\/a>.<\/em><\/p>\n\n\n\n<h2 class=\"wp-block-heading\">\u00c9tapes \u00e0 suivre pour utiliser l&#8217;outil Mouse Rate Checker<\/h2>\n\n\n\n<p>M\u00eame si le test du taux de pollinisation de la souris est simple, il est toujours bon de lire les instructions avant de commencer un test.<\/p>\n\n\n\n<ul class=\"wp-block-list\">\n<li>L&#8217;outil dispose d&#8217;un bouton de d\u00e9marrage qui, lorsqu&#8217;il est press\u00e9, permet \u00e0 l&#8217;outil d&#8217;afficher le taux de polling de votre souris en Hertz (HZ).<\/li>\n\n\n\n<li>Vous pouvez afficher les taux de sondage maximum et moyen au-dessus du bouton de d\u00e9marrage. Les taux en temps r\u00e9el seront utilis\u00e9s.<\/li>\n\n\n\n<li>Une fois que vous avez appuy\u00e9 sur le bouton d&#8217;arr\u00eat, le processus s&#8217;arr\u00eate imm\u00e9diatement.<\/li>\n\n\n\n<li>Vous pouvez maintenant v\u00e9rifier rapidement vos taux de HZ enregistr\u00e9s.<\/li>\n\n\n\n<li>Vous pouvez le relancer rapidement si le taux enregistr\u00e9 ne vous satisfait pas.<\/li>\n<\/ul>\n\n\n\n<h2 class=\"wp-block-heading\">Caract\u00e9ristiques du test de taux de sondage<\/h2>\n\n\n\n<p>Notre test est assez basique et simple \u00e0 utiliser, tout comme les autres tests de notre site web.<\/p>\n\n\n\n<p>Ce test pr\u00e9sente des caract\u00e9ristiques simples mais fascinantes qui vous aideront \u00e0 accomplir le travail sans difficult\u00e9. Voici quelques-unes des principales caract\u00e9ristiques de ce test :<\/p>\n\n\n\n<ul class=\"wp-block-list\">\n<li>Sans t\u00e9l\u00e9charger de logiciel compliqu\u00e9, vous pouvez imm\u00e9diatement tester en ligne le taux de polling de votre souris et de votre pav\u00e9 tactile.<\/li>\n\n\n\n<li>Les r\u00e9sultats du test sont concis et pr\u00e9cis, ce qui vous permet d&#8217;utiliser ces informations pour modifier le taux de polling de votre appareil en fonction de vos besoins.<\/li>\n\n\n\n<li>Dans ce test, le taux de polling est quantifi\u00e9 et rapport\u00e9 en Hertz (Hz). Ce test est \u00e9galement connu sous le nom de test du hertz de la souris.<\/li>\n<\/ul>\n\n\n\n<h2 class=\"wp-block-heading has-text-align-center\">FAQ&#8217;s<\/h2>\n\n\n\n<h3 class=\"wp-block-heading\"><strong>Comment v\u00e9rifier le Hz de ma souris ?<\/strong><\/h3>\n\n\n\n<p>Apr\u00e8s avoir visit\u00e9 le site web, il vous suffit de cliquer sur votre souris et de d\u00e9placer le pointeur sur l&#8217;espace vide de la page. Sur le c\u00f4t\u00e9 droit de l&#8217;\u00e9cran, vous pouvez voir le taux de polling r\u00e9cent de votre souris en plus du taux moyen de la souris test\u00e9e en Hz.<\/p>\n\n\n\n<h3 class=\"wp-block-heading\"><strong>Qu&#8217;est-ce qu&#8217;un bon taux de sondage ?<\/strong><\/h3>\n\n\n\n<p>La plupart des gens trouveront que 500 Hz est plus qu&#8217;ad\u00e9quat. Cependant, il est fortement conseill\u00e9 aux joueurs exp\u00e9riment\u00e9s et professionnels d&#8217;utiliser un taux de polling de 1000 Hz.<\/p>\n\n\n\n<h3 class=\"wp-block-heading\"><strong>La fr\u00e9quence d&#8217;interrogation de 1000 Hz est-elle bonne ?<\/strong><\/h3>\n\n\n\n<p>La position de la souris sera actualis\u00e9e toutes les millisecondes \u00e0 1000Hz, comme vous devez d&#8217;abord le comprendre. Avec la souris 1000Hz, votre vis\u00e9e est plus rapide. Pour les jeux qui exigent des r\u00e9actions rapides, de la pr\u00e9cision et de la d\u00e9licatesse, un taux d&#8217;interrogation \u00e9lev\u00e9 de 1000 Hz est crucial.<\/p>\n\n\n\n<h3 class=\"wp-block-heading\"><strong>La fr\u00e9quence d&#8217;interrogation de 500 Hz est-elle bonne ?<\/strong><\/h3>\n\n\n\n<p>Tous les deux ticks, un taux d&#8217;interrogation de 500 Hz actualisera la position de votre souris. Votre vis\u00e9e devient plus fluide \u00e0 500Hz.<\/p>\n\n\n\n<h3 class=\"wp-block-heading\"><strong>Une souris de jeu peut-elle aller jusqu&#8217;\u00e0 1000 Hz ?<\/strong><\/h3>\n\n\n\n<p>M\u00eame si votre souris de jeu a une fr\u00e9quence maximale de 1000 Hz, le param\u00e8tre par d\u00e9faut peut \u00eatre inf\u00e9rieur. Vous pouvez utiliser plusieurs m\u00e9thodes pour v\u00e9rifier le taux d&#8217;interrogation de votre souris. Pour examiner le taux de polling de votre souris, utilisez notre outil en ligne appel\u00e9 Mouse Rate Checker.<\/p>\n\n\n\n<h2 class=\"wp-block-heading\">Derni\u00e8res paroles sur le test de Mouse Hertz<\/h2>\n\n\n\n<p>Cet outil de v\u00e9rification de la souris est tr\u00e8s merveilleux. Le taux de r\u00e9ponse de votre souris sera calcul\u00e9 \u00e0 l&#8217;aide de cet outil unique. Vous pourrez y apprendre les r\u00e9glages fondamentaux de la souris. Dans un instant, nous allons en apprendre davantage sur le taux de polling de votre souris. Gr\u00e2ce \u00e0 cet outil, vous serez \u00e0 l&#8217;abri des r\u00e9glages et des proc\u00e9dures complexes. Nous esp\u00e9rons que vous serez impressionn\u00e9 par nos diff\u00e9rents outils.<\/p>\n\n\n\n<p>Autres tests que vous pourriez aimer :<\/p>\n\n\n\n<ul class=\"wp-block-list\">\n<li><a href=\"https:\/\/cpstesters.com\/fr\/double-click-test\/\" target=\"_blank\" rel=\"noreferrer noopener\">Test du double clic<\/a><\/li>\n\n\n\n<li><a href=\"https:\/\/cpstesters.com\/fr\/click-counter\/\" target=\"_blank\" rel=\"noreferrer noopener\">Compteur \u00e0 clics<\/a><\/li>\n\n\n\n<li><a href=\"https:\/\/cpstesters.com\/fr\/mouse-test\/\" target=\"_blank\" rel=\"noreferrer noopener\">Test de la souris<\/a><\/li>\n\n\n\n<li><a href=\"https:\/\/cpstesters.com\/fr\/apm-test\/\" target=\"_blank\" rel=\"noreferrer noopener\">Test APM<\/a><\/li>\n\n\n\n<li><a href=\"https:\/\/cpstesters.com\/fr\/aim-trainer\/\" target=\"_blank\" rel=\"noreferrer noopener\">Aim Trainer<\/a><\/li>\n<\/ul>\n","protected":false},"excerpt":{"rendered":"<p>Mouse Rate Checker est un outil en ligne permettant aux utilisateurs de v\u00e9rifier leur taux de polling en hertz et de tester la souris, essayez-le &#8230; <\/p>\n<p class=\"read-more-container\"><a title=\"V\u00e9rificateur de taux de souris | Polling Rate Hz Test en ligne\" class=\"read-more button\" href=\"https:\/\/cpstesters.com\/fr\/verificateur-de-la-vitesse-de-la-souris\/#more-2966\" aria-label=\"En savoir plus sur V\u00e9rificateur de taux de souris | Polling Rate Hz Test en ligne\">Read More<\/a><\/p>\n","protected":false},"author":4,"featured_media":1459,"parent":0,"menu_order":0,"comment_status":"closed","ping_status":"closed","template":"","meta":{"footnotes":""},"class_list":["post-2966","page","type-page","status-publish","has-post-thumbnail"],"_links":{"self":[{"href":"https:\/\/cpstesters.com\/fr\/wp-json\/wp\/v2\/pages\/2966","targetHints":{"allow":["GET"]}}],"collection":[{"href":"https:\/\/cpstesters.com\/fr\/wp-json\/wp\/v2\/pages"}],"about":[{"href":"https:\/\/cpstesters.com\/fr\/wp-json\/wp\/v2\/types\/page"}],"author":[{"embeddable":true,"href":"https:\/\/cpstesters.com\/fr\/wp-json\/wp\/v2\/users\/4"}],"replies":[{"embeddable":true,"href":"https:\/\/cpstesters.com\/fr\/wp-json\/wp\/v2\/comments?post=2966"}],"version-history":[{"count":8,"href":"https:\/\/cpstesters.com\/fr\/wp-json\/wp\/v2\/pages\/2966\/revisions"}],"predecessor-version":[{"id":5933,"href":"https:\/\/cpstesters.com\/fr\/wp-json\/wp\/v2\/pages\/2966\/revisions\/5933"}],"wp:featuredmedia":[{"embeddable":true,"href":"https:\/\/cpstesters.com\/fr\/wp-json\/wp\/v2\/media\/1459"}],"wp:attachment":[{"href":"https:\/\/cpstesters.com\/fr\/wp-json\/wp\/v2\/media?parent=2966"}],"curies":[{"name":"wp","href":"https:\/\/api.w.org\/{rel}","templated":true}]}}