{"id":2964,"date":"2024-07-16T14:38:12","date_gmt":"2024-07-16T14:38:12","guid":{"rendered":"https:\/\/cpstesters.com\/test-de-precision-de-la-souris-precision-de-la-precision-du-clic-de-la-souris\/"},"modified":"2024-09-17T15:45:08","modified_gmt":"2024-09-17T15:45:08","slug":"test-de-precision-de-la-souris","status":"publish","type":"page","link":"https:\/\/cpstesters.com\/fr\/test-de-precision-de-la-souris\/","title":{"rendered":"Test de pr\u00e9cision de la souris | Pr\u00e9cision de la pr\u00e9cision du clic de la souris"},"content":{"rendered":"\n<p>Le test de pr\u00e9cision de la souris est un outil de jeu en ligne qui sert \u00e0 d\u00e9terminer l&#8217;exactitude et la pr\u00e9cision du clic de votre pointeur. V\u00e9rifiez l&#8217;outil maintenant !<\/p>\n<link href=\"\/wp-content\/themes\/generatepress\/tools\/assets\/css\/aim.css?v=15\" rel=\"stylesheet\">\r\n\r\n<div class=\"aim-container\">\r\n      <div>\r\n        <div class=\"highscore-info\">Highscore: <span class=\"current-highscore\"><\/span><\/div>\r\n        <div class=\"info\">\r\n            <div class=\"score-bar\"><i class=\"im im-target\"><\/i> <span style=\"color:white\" class=\"score\">0<\/span><\/div>\r\n            <div class=\"health-bar\"><i class=\"im im-heart small\"><\/i> <span class=\"health\">0<\/span><\/div>\r\n            <div class=\"time-bar\"><\/i><i class=\"im im-timer small\"><\/i> <span class=\"time\">0<\/span><\/div>\r\n        <\/div>\r\n      <\/div>\r\n      <div class=\"board\"><\/div>\r\n      <div class=\"gameover modal\">\r\n        <div class=\"gameover-content\">\r\n          <p class=\"aim-header\">GAMEOVER<\/p>\r\n          <p class=\"highscore\"><\/p>\r\n          <p><i class=\"im im-target small\"><\/i>Score :&nbsp;<span class=\"score\">0<\/span><\/p>\r\n          <p><i class=\"im im-timer small\"><\/i>Time :&nbsp;<span class=\"time\">0<\/span><\/p>\r\n          <button class=\"restart-btn\">Restart<\/button>\r\n        <\/div>\r\n      <\/div>\r\n      <button style=\"color:white\" class=\"start-btn\">Start<\/button>\r\n  \r\n    <\/div>\r\n\r\n\r\n\r\n   \r\n<script type=\"text\/javascript\">\r\n    var keyboard_code = 'english';\r\n    var keyboard_settings = {\"layout\":{\"default\":[\"` 1 2 3 4 5 6 7 8 9 0 - = {backspace}\",\"{tab} q w e r t y u i o p [ ] \\\\\",\"{capslock} a s d f g h j k l ; ' {enter}\",\"{shiftleft} z x c v b n m , . \\\/ {shiftright}\",\".com @ {space}\"],\"shift\":[\"` 1 2 3 4 5 6 7 8 9 0 - = {backspace}\",\"{tab} q w e r t y u i o p [ ] \\\\\",\"{capslock} a s d f g h j k l ; ' {enter}\",\"{shiftleft} z x c v b n m , . \\\/ {shiftright}\",\".com @ {space}\"]},\"display\":{\"{escape}\":\"esc\",\"{tab}\":\"tab\",\"{backspace}\":\"backspace\",\"{enter}\":\"< enter\",\"{capslock}\":\"caps\",\"{shiftleft}\":\"shift\",\"{shiftright}\":\"shift\",\"{controlleft}\":\"ctrl\",\"{controlright}\":\"ctrl\",\"{altleft}\":\"alt\",\"{altright}\":\"alt\",\"{metaleft}\":\"cmd\",\"{metaright}\":\"cmd\",\"{space}\":\" \"}};\r\n    var keyboard_is_tester = true;\r\n\t                     var monitoringClickEvent = 'left';\r\n\r\n<\/script>\r\n\r\n<script src=\"\/wp-content\/themes\/generatepress\/tools\/assets\/js\/aim.js?v=9\"><\/script>\r\n\n\n<p><\/p>\n\n<div style=\"height:5px\" aria-hidden=\"true\" class=\"wp-block-spacer\"><\/div>\n\n<h2 class=\"wp-block-heading\">Test de pr\u00e9cision de la souris<\/h2>\n\n<p>Un jeu en ligne appel\u00e9 Mouse Accuracy Test permet aux utilisateurs d&#8217;\u00e9valuer et d&#8217;am\u00e9liorer la pr\u00e9cision de leur souris. On peut augmenter la vitesse de ses clics de souris tout en conservant la pr\u00e9cision. Le jeu est accessible aux joueurs de tous niveaux, m\u00eame aux experts.<\/p>\n\n<p>L&#8217;objectif simple du test est de vous aider \u00e0 vous entra\u00eener et \u00e0 am\u00e9liorer la pr\u00e9cision et la vitesse de votre souris pour tuer et tirer dans les jeux vid\u00e9o. Les utilisateurs occasionnels d&#8217;ordinateurs peuvent prendre plaisir \u00e0 jouer \u00e0 ce jeu, dont l&#8217;objectif principal est d&#8217;aider les joueurs \u00e0 am\u00e9liorer la vitesse, la souplesse et la pr\u00e9cision de leurs clics de souris.<\/p>\n\n<p>Un test qui mesure la pr\u00e9cision de la souris permet d&#8217;\u00e9valuer la pr\u00e9cision avec laquelle vous cliquez sur les cibles dans un laps de temps donn\u00e9. Cela en fait occasionnellement le test de souris le plus difficile, que l&#8217;on peut \u00e9galement appeler test de pr\u00e9cision du clic. Cependant, pour les joueurs, les examens pratiques sont les meilleurs. Apr\u00e8s avoir pass\u00e9 ce test, vos performances seront nettement am\u00e9lior\u00e9es.<\/p>\n\n<p>D&#8217;autre part, le clic pr\u00e9sente certains avantages par rapport \u00e0 la <a href=\"https:\/\/computer.howstuffworks.com\/mouse5.htm\" target=\"_blank\" rel=\"noreferrer noopener\">pr\u00e9cision de la souris<\/a> dans certains types de jeux. Il s&#8217;agit de cliquer rapidement dans un laps de temps d\u00e9termin\u00e9, l&#8217;objectif final \u00e9tant d&#8217;obtenir un score CPS \u00e9lev\u00e9. Choisissez parmi des param\u00e8tres allant de 5 \u00e0 100 secondes pour le test de pr\u00e9cision du clic.  <\/p>\n<div class=\"wp-block-image\">\n<figure class=\"aligncenter size-full\"><img loading=\"lazy\" decoding=\"async\" width=\"1000\" height=\"500\" src=\"https:\/\/cpstesters.com\/wp-content\/uploads\/2022\/09\/accuracy.jpg\" alt=\"Test de pr&#xE9;cision de la souris\" class=\"wp-image-575\" title=\"\" srcset=\"https:\/\/cpstesters.com\/wp-content\/uploads\/2022\/09\/accuracy.jpg 1000w, https:\/\/cpstesters.com\/wp-content\/uploads\/2022\/09\/accuracy-300x150.jpg 300w, https:\/\/cpstesters.com\/wp-content\/uploads\/2022\/09\/accuracy-768x384.jpg 768w\" sizes=\"auto, (max-width: 1000px) 100vw, 1000px\" \/><figcaption class=\"wp-element-caption\">Test de pr\u00e9cision de la souris<\/figcaption><\/figure>\n<\/div>\n<h2 class=\"wp-block-heading\">\u00c9tapes pour jouer \u00e0 Click Accuracy Test<\/h2>\n\n<p>Utilisez ce test et suivez les instructions pour am\u00e9liorer la pr\u00e9cision de votre souris.<\/p>\n\n<ul class=\"wp-block-list\">\n<li>Cliquez sur le bouton &#8220;Start&#8221;, qui se trouve sous les options de r\u00e9glage, lorsque vous \u00eates pr\u00eat \u00e0 commencer le jeu.<\/li>\n\n\n\n<li>Un compte \u00e0 rebours commencera d\u00e8s que vous toucherez le bouton Start. Vous devez utiliser ce temps pour vous pr\u00e9parer au test.<\/li>\n\n\n\n<li>Plusieurs cercles cibles appara\u00eetront de mani\u00e8re al\u00e9atoire sur l&#8217;\u00e9cran apr\u00e8s la fin du compte \u00e0 rebours.<\/li>\n\n\n\n<li>Votre objectif est de cliquer sur les cercles cibles avec votre curseur pendant qu&#8217;ils sont encore visibles.<\/li>\n\n\n\n<li>Pendant cette p\u00e9riode, ces objectifs continueront \u00e0 appara\u00eetre sur l&#8217;\u00e9cran que vous avez choisi dans les choix de r\u00e9glage.<\/li>\n\n\n\n<li>Juste au moment o\u00f9 la minuterie est sur le point d&#8217;expirer, vous voyez un autre compte \u00e0 rebours de 5 secondes.<\/li>\n\n\n\n<li>Vos r\u00e9sultats, tels que le nombre total de clics, le nombre total de cibles, la pr\u00e9cision des clics, l&#8217;efficacit\u00e9, etc., s&#8217;afficheront \u00e0 l&#8217;issue de ce d\u00e9lai.<\/li>\n\n\n\n<li>Sur l&#8217;affichage des r\u00e9sultats, vous pouvez cliquer sur le bouton &#8220;Recommencer&#8221; pour reprendre le test.<\/li>\n<\/ul>\n\n<p class=\"has-text-align-center has-base-background-color has-background has-medium-font-size\"><em>Consultez \u00e9galement notre outil de <a href=\"https:\/\/cpstesters.com\/fr\/mouse-test\/\" target=\"_blank\" rel=\"noreferrer noopener\">test de la souris<\/a> pour v\u00e9rifier compl\u00e8tement votre souris !<\/em><\/p>\n\n<h2 class=\"wp-block-heading has-text-align-center\">FAQ&#8217;s<\/h2>\n\n<h3 class=\"wp-block-heading\"><strong>Comment puis-je savoir si ma souris est pr\u00e9cise ?<\/strong><\/h3>\n\n<p>Le test de pr\u00e9cision de la souris \u00e9value la vitesse et la pr\u00e9cision avec lesquelles vous d\u00e9placez la souris. Il suffit de faire glisser la balle le long de la courbe jusqu&#8217;\u00e0 la deuxi\u00e8me extr\u00e9mit\u00e9 qui y est attach\u00e9e pour que la r\u00e8gle soit n\u00e9cessaire. Essayez d&#8217;\u00eatre aussi rapide que possible tout en faisant attention \u00e0 ne pas sortir de la courbe.<\/p>\n\n<h3 class=\"wp-block-heading\"><strong>Comment puis-je tester le pointeur de ma souris ?<\/strong><\/h3>\n\n<p>Vous pouvez essayer le test du bouton de la souris disponible sur notre site web. Ce test vous donnera des r\u00e9sultats pr\u00e9cis sur le pointeur de la souris ainsi que sur les autres boutons.<\/p>\n\n<h3 class=\"wp-block-heading\"><strong>Comment puis-je augmenter la pr\u00e9cision des FPS de ma souris ?<\/strong><\/h3>\n\n<p>Assurez-vous que l&#8217;acc\u00e9l\u00e9ration de la souris est d\u00e9sactiv\u00e9e, car cela rendra les mouvements de ciblage de pr\u00e9cision beaucoup plus difficiles. Si un faible niveau de sensibilit\u00e9 vous offre une plus grande puissance pour effectuer des mouvements fins, il vous oblige \u00e9galement \u00e0 d\u00e9placer votre coude au lieu de votre poignet pour assurer la flexibilit\u00e9 de la souris.<\/p>\n\n<p>Outils que vous pourriez aimer :<\/p>\n\n<ul class=\"wp-block-list\">\n<li><a href=\"https:\/\/cpstesters.com\/fr\/apm-test\/\" target=\"_blank\" rel=\"noreferrer noopener\">Test APM <\/a><\/li>\n\n\n\n<li><a href=\"https:\/\/cpstesters.com\/fr\/mouse-rate-checker\/\" target=\"_blank\" rel=\"noreferrer noopener\">V\u00e9rificateur de la vitesse de la souris<\/a><\/li>\n\n\n\n<li><a href=\"https:\/\/cpstesters.com\/fr\/double-click-test\/\" target=\"_blank\" rel=\"noreferrer noopener\">Test du double clic<\/a><\/li>\n\n\n\n<li><a href=\"https:\/\/cpstesters.com\/fr\/test-de-defilement-de-la-souris\/\" target=\"_blank\" rel=\"noreferrer noopener\">Test de d\u00e9filement de la souris<\/a><\/li>\n\n\n\n<li><a href=\"https:\/\/cpstesters.com\/fr\/aim-trainer\/\" target=\"_blank\" rel=\"noreferrer noopener\">Aim Trainer<\/a><\/li>\n<\/ul>\n","protected":false},"excerpt":{"rendered":"<p>Le test de pr\u00e9cision de la souris est un outil de jeu en ligne qui sert \u00e0 d\u00e9terminer l&#8217;exactitude et la pr\u00e9cision du clic de &#8230; <\/p>\n<p class=\"read-more-container\"><a title=\"Test de pr\u00e9cision de la souris | Pr\u00e9cision de la pr\u00e9cision du clic de la souris\" class=\"read-more button\" href=\"https:\/\/cpstesters.com\/fr\/test-de-precision-de-la-souris\/#more-2964\" aria-label=\"En savoir plus sur Test de pr\u00e9cision de la souris | Pr\u00e9cision de la pr\u00e9cision du clic de la souris\">Read More<\/a><\/p>\n","protected":false},"author":4,"featured_media":1555,"parent":0,"menu_order":0,"comment_status":"closed","ping_status":"closed","template":"","meta":{"footnotes":""},"class_list":["post-2964","page","type-page","status-publish","has-post-thumbnail"],"_links":{"self":[{"href":"https:\/\/cpstesters.com\/fr\/wp-json\/wp\/v2\/pages\/2964","targetHints":{"allow":["GET"]}}],"collection":[{"href":"https:\/\/cpstesters.com\/fr\/wp-json\/wp\/v2\/pages"}],"about":[{"href":"https:\/\/cpstesters.com\/fr\/wp-json\/wp\/v2\/types\/page"}],"author":[{"embeddable":true,"href":"https:\/\/cpstesters.com\/fr\/wp-json\/wp\/v2\/users\/4"}],"replies":[{"embeddable":true,"href":"https:\/\/cpstesters.com\/fr\/wp-json\/wp\/v2\/comments?post=2964"}],"version-history":[{"count":4,"href":"https:\/\/cpstesters.com\/fr\/wp-json\/wp\/v2\/pages\/2964\/revisions"}],"predecessor-version":[{"id":4316,"href":"https:\/\/cpstesters.com\/fr\/wp-json\/wp\/v2\/pages\/2964\/revisions\/4316"}],"wp:featuredmedia":[{"embeddable":true,"href":"https:\/\/cpstesters.com\/fr\/wp-json\/wp\/v2\/media\/1555"}],"wp:attachment":[{"href":"https:\/\/cpstesters.com\/fr\/wp-json\/wp\/v2\/media?parent=2964"}],"curies":[{"name":"wp","href":"https:\/\/api.w.org\/{rel}","templated":true}]}}