{"id":2947,"date":"2024-07-16T14:30:16","date_gmt":"2024-07-16T14:30:16","guid":{"rendered":"https:\/\/cpstesters.com\/minecraft-circle-generator-creer-un-tableau-de-cercle-ovale-en-ligne\/"},"modified":"2024-09-17T15:27:09","modified_gmt":"2024-09-17T15:27:09","slug":"minecraft-circle-generator","status":"publish","type":"page","link":"https:\/\/cpstesters.com\/fr\/minecraft-circle-generator\/","title":{"rendered":"G\u00e9n\u00e9rateur de cercles Minecraft | Cr\u00e9er un tableau de cercle\/ovale en ligne"},"content":{"rendered":"\n<p>Circle Generator est un outil en ligne qui cr\u00e9e un cercle ou un ovale en pixels pour Minecraft afin de vous faciliter la t\u00e2che, regardez !<\/p>\n\n\n      <style type=\"text\/css\">\r\n         table.circle_output td {\r\n         border-collapse: collapse;\r\n         }\r\n         table.circle_output td {\r\n         border: 1px solid white;\r\n         width: 15px;\r\n         height: 15px;\r\n         }\r\n         .filled {\r\n         background: red;\r\n         }\r\n         .cgy0,\r\n         .cgx0 {\r\n         background: #eee;\r\n         }\r\n         .filled.cgy0,\r\n         .filled.cgx0 {\r\n         background: #808080;\r\n         }\r\n         #height,\r\n         #diameter,\r\n         #scaler {\r\n         width: 150px;\r\n         }\r\n      <\/style>\r\n<div class=\"row\">\r\n\t<div class=\"col-md-4\">\r\n\t<label>Width:<\/label><br>\r\n\t<input tabindex=\"1\" type=\"number\" size=\"5\" id=\"diameter\" value=\"9\" autocomplete=\"off\" autofocus=\"autofocus\">\r\n\t<\/div>\r\n\t<div class=\"col-md-4\">\r\n\t\t<label>Height:<\/label><br>\r\n\t\t<input tabindex=\"2\" type=\"number\" size=\"5\" id=\"height\" value=\"9\" autocomplete=\"off\" autofocus=\"autofocus\"> \r\n\t<\/div>\r\n\t\r\n<\/div>\r\n<br>\r\n<div class=\"row\">\r\n\t<div class=\"col-md-6\">\r\n\t<label>Scale:<\/label><br>\r\n      <input type=\"range\" min=\"50\" max=\"3000\" value=\"720\" id=\"scaler\" data-poly-scale=\".1\" \/>\t\r\n<br>\r\n\t<label><input id=\"linked\" type=\"checkbox\" checked=\"checked\" value=\"1\" \/> Force Circle<\/label> &mdash; Block Count: <span id=\"blockcount\"><\/span><br \/> <br>\r\n      <select id=\"thickness\">\r\n         <option selected=\"selected\">thick<\/option>\r\n         <option>thin<\/option>\r\n         <option>filled<\/option>\r\n      <\/select>\r\n\t<\/div>\r\n<div style=\"margin-left:50px;\" class=\"col-md-6\">\r\n\t<label>Download:<\/label><br>\r\n      <button type=\"button\" id=\"downloadSVG\">SVG<\/button>\r\n      <button type=\"button\" id=\"downloadPNG\">PNG<\/button>\r\n\t<\/div>\r\n<\/div>\r\n   \r\n      <div id=\"result\"><\/div>\r\n\r\n\r\n\r\n\r\n      <script src=\"https:\/\/ajax.googleapis.com\/ajax\/libs\/mootools\/1.3.2\/mootools.js\"><\/script>\r\n      <script src=\"https:\/\/cpstesters.com\/wp-content\/themes\/generatepress\/tools\/assets\/js\/Base64.js\"><\/script>\r\n\r\n      <script src=\"https:\/\/cpstesters.com\/wp-content\/themes\/generatepress\/tools\/assets\/js\/svg.js\"><\/script>\r\n      <script src=\"https:\/\/cpstesters.com\/wp-content\/themes\/generatepress\/tools\/assets\/js\/table.js\"><\/script>\r\n\r\n      <script src=\"https:\/\/cpstesters.com\/wp-content\/themes\/generatepress\/tools\/assets\/js\/FileSaver.js\"><\/script>\r\n      <script src=\"https:\/\/cpstesters.com\/wp-content\/themes\/generatepress\/tools\/assets\/js\/generator.js\"><\/script>\n\n\n\n<div style=\"height:5px\" aria-hidden=\"true\" class=\"wp-block-spacer\"><\/div>\n\n\n\n<h2 class=\"wp-block-heading\">G\u00e9n\u00e9rateur de cercle Minecraft  <\/h2>\n\n\n\n<p>Vous pouvez utiliser le cercle Minecraft comme profil pour cr\u00e9er une vari\u00e9t\u00e9 d&#8217;objets, tels que des maisons, des tours, des structures, et plus encore. Un cercle dans Minecraft est une forme qui peut \u00eatre utilis\u00e9e pour cr\u00e9er des tours, des structures et d&#8217;autres objets dans le jeu.<\/p>\n\n\n\n<p>Vous pouvez cr\u00e9er des cercles pour votre voyage de jeu Minecraft en utilisant notre outil g\u00e9n\u00e9rateur d&#8217;ovales. Vous pouvez enregistrer une image de votre cercle (SVG &amp; PNG). Notre outil g\u00e9n\u00e9rateur de pixels peut vous aider \u00e0 cr\u00e9er des cercles, des ovales et des sph\u00e8res, adapt\u00e9s \u00e0 votre taille.<\/p>\n\n\n\n<p>Dans Minecraft, il y a plusieurs fa\u00e7ons de faire un diagramme en cercle de pixels. \u00c0 l&#8217;aide d&#8217;un seul pixel, vous pouvez cr\u00e9er un pixel art simple en utilisant le g\u00e9n\u00e9rateur de pixel art de Minecraft World of Minecraft.<\/p>\n\n\n\n<p>Une technique de style r\u00e9tro et de pixel-art est cr\u00e9\u00e9e \u00e0 l&#8217;aide d&#8217;un g\u00e9n\u00e9rateur de cercle. De plus, en utilisant le g\u00e9n\u00e9rateur de cercles de pixels ou le cr\u00e9ateur de cercles, vous pouvez cr\u00e9er n&#8217;importe quoi sous forme circulaire.<\/p>\n\n\n<div class=\"wp-block-image\">\n<figure class=\"aligncenter size-full\"><img loading=\"lazy\" decoding=\"async\" width=\"1000\" height=\"500\" src=\"https:\/\/cpstesters.com\/wp-content\/uploads\/2022\/09\/Minecraft-Circle-Generator.jpg\" alt=\"G\u00e9n\u00e9rateur de cercle Minecraft\" class=\"wp-image-554\" title=\"\" srcset=\"https:\/\/cpstesters.com\/wp-content\/uploads\/2022\/09\/Minecraft-Circle-Generator.jpg 1000w, https:\/\/cpstesters.com\/wp-content\/uploads\/2022\/09\/Minecraft-Circle-Generator-300x150.jpg 300w, https:\/\/cpstesters.com\/wp-content\/uploads\/2022\/09\/Minecraft-Circle-Generator-768x384.jpg 768w\" sizes=\"auto, (max-width: 1000px) 100vw, 1000px\" \/><figcaption class=\"wp-element-caption\">G\u00e9n\u00e9rateur de cercle Minecraft<\/figcaption><\/figure>\n<\/div>\n\n\n<h2 class=\"wp-block-heading\">Comment utiliser Circle Chart Minecraft ?<\/h2>\n\n\n\n<p>Au lieu de commencer par un &#8220;\u00e9chafaudage&#8221; int\u00e9rieur, les diagrammes circulaires sont des images d&#8217;orientation que vous pouvez utiliser pour comprendre rapidement o\u00f9 vous devez placer vos blocs. Il suffit d&#8217;utiliser la photo de r\u00e9f\u00e9rence comme guide et de rechercher la largeur dont vous avez besoin.<\/p>\n\n\n\n<p>L&#8217;inconv\u00e9nient d&#8217;un diagramme circulaire est que, comme il s&#8217;agit de graphiques fixes, il est plus difficile d&#8217;en modifier un pour l&#8217;adapter \u00e0 vos besoins si vous voulez quelque chose d&#8217;unique pour votre construction.<\/p>\n\n\n\n<p>Les dimensions peuvent \u00eatre calcul\u00e9es beaucoup plus rapidement si vous pouvez voir pr\u00e9cis\u00e9ment la longueur de chaque bord.<\/p>\n\n\n\n<p class=\"has-text-align-center has-base-background-color has-background has-medium-font-size\"><em>Vous pouvez \u00e9galement essayer notre outil <a href=\"https:\/\/cpstesters.com\/fr\/minecraft-sphere-generator-minecraft-dome-generator\/\" target=\"_blank\" rel=\"noreferrer noopener\">Minecraft Sphere Generator<\/a>!<\/em><\/p>\n\n\n\n<h2 class=\"wp-block-heading\">Comment construire un cercle de pixels \u00e0 partir de z\u00e9ro ?<\/h2>\n\n\n\n<p>Le diam\u00e8tre que vous voulez pour un cercle doit \u00eatre la premi\u00e8re chose que vous devez savoir. Il est essentiel de garder \u00e0 l&#8217;esprit que plus l&#8217;image est circulaire, plus le formulaire doit \u00eatre petit.<\/p>\n\n\n\n<p>Un cercle plus large vous permet d&#8217;ajuster les limites plus progressivement, ce qui donne un aspect beaucoup plus attrayant. Nous allons examiner un exemple pour chacun d&#8217;eux afin que vous puissiez voir comment la proc\u00e9dure diff\u00e8re selon que vous souhaitez une largeur paire ou impaire.<\/p>\n\n\n\n<h2 class=\"wp-block-heading\">\u00c9tapes pour cr\u00e9er un cercle parfait dans Minecraft<\/h2>\n\n\n\n<p>Vous pouvez cr\u00e9er des cercles parfaits dans Minecraft avec le cr\u00e9ateur de cercle gratuit du site. Cela vous aidera \u00e0 cr\u00e9er divers objets dans Minecraft.<\/p>\n\n\n\n<p>Dans cette situation, vous voulez faire le cercle le meilleur et le plus id\u00e9al. Observez les recommandations que nous vous donnons ci-dessous :<\/p>\n\n\n\n<ul class=\"wp-block-list\">\n<li>Choisissez d&#8217;abord le nombre de blocs dans le sens de la largeur, puis le nombre de blocs dans le sens de la hauteur.<\/li>\n\n\n\n<li>Si vous souhaitez simplement construire un cercle, vous devez alors s\u00e9lectionner l&#8217;option &#8220;Forcer le cercle&#8221;. En choisissant cette option, il sera automatiquement possible de d\u00e9finir le nombre exact de colonnes ou de blocs pour les dimensions horizontales et verticales, dont vous avez besoin pour obtenir un cercle parfait.<\/li>\n\n\n\n<li>Le choix &#8220;Comptage des blocs&#8221; indique combien de blocs ont \u00e9t\u00e9 utilis\u00e9s pour r\u00e9aliser ce cercle.<\/li>\n\n\n\n<li>Vous pouvez adapter la taille de votre cercle en fonction de vos besoins en utilisant l&#8217;option &#8220;Scale&#8221;. De plus, il est assez simple d&#8217;utiliser le zoom avant et arri\u00e8re de votre cercle.<\/li>\n\n\n\n<li>Lorsque tout est mis en place et que votre cercle est pr\u00eat, vous pouvez le t\u00e9l\u00e9charger sous forme de photo (SVG &amp; PNG).<\/li>\n<\/ul>\n\n\n<div class=\"wp-block-image\">\n<figure class=\"aligncenter size-full\"><img loading=\"lazy\" decoding=\"async\" width=\"1000\" height=\"500\" src=\"https:\/\/cpstesters.com\/wp-content\/uploads\/2022\/09\/Features-of-Minecraft-Circle-Generator-Tool.jpg\" alt=\"Caract\u00e9ristiques de Pixel Circle Generator\" class=\"wp-image-555\" title=\"\" srcset=\"https:\/\/cpstesters.com\/wp-content\/uploads\/2022\/09\/Features-of-Minecraft-Circle-Generator-Tool.jpg 1000w, https:\/\/cpstesters.com\/wp-content\/uploads\/2022\/09\/Features-of-Minecraft-Circle-Generator-Tool-300x150.jpg 300w, https:\/\/cpstesters.com\/wp-content\/uploads\/2022\/09\/Features-of-Minecraft-Circle-Generator-Tool-768x384.jpg 768w\" sizes=\"auto, (max-width: 1000px) 100vw, 1000px\" \/><figcaption class=\"wp-element-caption\">Caract\u00e9ristiques de Pixel Circle Generator<\/figcaption><\/figure>\n<\/div>\n\n\n<h2 class=\"wp-block-heading\">Caract\u00e9ristiques de Pixel Circle Generator<\/h2>\n\n\n\n<p>Vous pouvez cr\u00e9er des cercles sans d\u00e9faut dans Minecraft avec le cr\u00e9ateur de cercle gratuit du site. Cela vous aidera \u00e0 cr\u00e9er divers objets dans Minecraft.<\/p>\n\n\n\n<p>Les caract\u00e9ristiques et les qualit\u00e9s que vous recevrez de cet outil g\u00e9n\u00e9rateur de cercle de pixels sont \u00e9num\u00e9r\u00e9es ci-dessous.<\/p>\n\n\n\n<ul class=\"wp-block-list\">\n<li>Vous pouvez utiliser l&#8217;outil sur des appareils intelligents sans avoir besoin d&#8217;un ordinateur, d&#8217;un ordinateur portable ou d&#8217;un t\u00e9l\u00e9phone mobile, modifier le cercle en fonction de vos besoins, puis le t\u00e9l\u00e9charger gratuitement.<\/li>\n\n\n\n<li>Vous pouvez cr\u00e9er un cercle dans Minecraft qui a un p\u00e9rim\u00e8tre \u00e9troit et aucun texte \u00e0 l&#8217;int\u00e9rieur.<\/li>\n\n\n\n<li>Notre outil g\u00e9n\u00e9rateur de cercles vous permet \u00e9galement de cr\u00e9er vos cercles en ajustant la hauteur et la largeur en fonction de vos besoins.<\/li>\n\n\n\n<li>Vous pouvez rapidement mettre \u00e0 l&#8217;\u00e9chelle une image pour qu&#8217;elle soit 3x, 10x ou 50x sa taille originale. L\u00e0, vous aurez un choix \u00e0 faire.<\/li>\n\n\n\n<li>Utilisez l&#8217;option &#8220;forcer le cercle&#8221; pour le convertir en cercle si vous avez besoin d&#8217;un cercle parfait mais que vous n&#8217;\u00eates pas satisfait de celui qui est g\u00e9n\u00e9r\u00e9 pour une raison quelconque. C&#8217;est facile \u00e0 faire. Il suffit de cliquer sur l&#8217;ic\u00f4ne de coche du cercle de force. Et c&#8217;est tout.<\/li>\n<\/ul>\n\n\n\n<h2 class=\"wp-block-heading\">Comment faire un cercle parfait dans Minecraft ?<\/h2>\n\n\n\n<p>Dans vanilla Minecraft, il est impossible de cr\u00e9er une construction avec un cercle parfait et n&#8217;importe quelle taille. Il existe des mods de jeu qui permettent aux joueurs de cr\u00e9er des cercles parfaits, mais vous devez faire attention \u00e0 ce que vous t\u00e9l\u00e9chargez pour \u00e9viter d&#8217;infecter votre machine avec des virus.<\/p>\n\n\n\n<p>En disposant les blocs du jeu de mani\u00e8re \u00e0 ce qu&#8217;ils soient plus ou moins circulaires, vous pouvez tout de m\u00eame r\u00e9aliser des cercles approximatifs avec facilit\u00e9. Il existe plusieurs fa\u00e7ons d&#8217;y parvenir, mais la plus simple est d&#8217;obtenir un mod\u00e8le pour votre cercle Minecraft en utilisant un g\u00e9n\u00e9rateur de pixels.<\/p>\n\n\n\n<h2 class=\"wp-block-heading has-text-align-center\">FAQ&#8217;s<\/h2>\n\n\n\n<h3 class=\"wp-block-heading\"><strong>Qu&#8217;est-ce qu&#8217;un g\u00e9n\u00e9rateur de cercle Minecraft ?<\/strong><\/h3>\n\n\n\n<p>Vous pouvez cr\u00e9er des cercles et des ellipses dans Minecraft en utilisant le g\u00e9n\u00e9rateur de cercles. Permet de varier l&#8217;\u00e9paisseur, la largeur et la hauteur.<\/p>\n\n\n\n<h3 class=\"wp-block-heading\"><strong>Comment trouver le cercle dans Minecraft ?<\/strong><\/h3>\n\n\n\n<p>Vous pouvez maintenant cr\u00e9er des cercles et des arcs dans Minecraft, mais gardez \u00e0 l&#8217;esprit qu&#8217;un plus grand d\u00f4me aura l&#8217;air plus joli. Vous devez entrer la formule x2+y2=r2, o\u00f9 r est le rayon souhait\u00e9 pour votre cercle ou votre d\u00f4me.<\/p>\n\n\n\n<h3 class=\"wp-block-heading\"><strong>Comment faire un bon cercle de pixels ?<\/strong><\/h3>\n\n\n\n<p>Il existe de nombreuses fa\u00e7ons de faire un diagramme en cercle de pixels dans Minecraft. En fusionnant des pixels individuels, vous pouvez r\u00e9aliser un pixel art simple en utilisant le g\u00e9n\u00e9rateur de pixel art de Minecraft. Pour cr\u00e9er du pixel art dans le style r\u00e9tro, utilisez un g\u00e9n\u00e9rateur de cercle de pixels.<\/p>\n\n\n\n<h3 class=\"wp-block-heading\"><strong>Qu&#8217;est-ce que le pixel art dans Minecraft ?<\/strong><\/h3>\n\n\n\n<p>Il s&#8217;agit d&#8217;une \u0153uvre d&#8217;art cr\u00e9\u00e9e dans Minecraft \u00e0 l&#8217;aide de pixels. Le m\u00eame pixel art est utilis\u00e9 dans d&#8217;autres jeux. Pour faire simple, le pixel art est utilis\u00e9 pour donner aux jeux une esth\u00e9tique r\u00e9tro (un look qui int\u00e8gre la mode, les id\u00e9es, le style de vie et d&#8217;autres \u00e9l\u00e9ments).<\/p>\n\n\n\n<p>Quelques outils de Minecraft que vous pourriez aimer :<\/p>\n\n\n\n<ul class=\"wp-block-list\">\n<li><a href=\"https:\/\/cpstesters.com\/fr\/minecraft-font-generator-le-meilleur-generateur-de-polices\/\" target=\"_blank\" rel=\"noreferrer noopener\">G\u00e9n\u00e9rateur de police Minecraft<\/a><\/li>\n\n\n\n<li><a href=\"https:\/\/cpstesters.com\/fr\/generateur-de-titres-minecraft-creez-le-meilleur-titre\/\" target=\"_blank\" rel=\"noreferrer noopener\">G\u00e9n\u00e9rateur de titres Minecraft<\/a><\/li>\n\n\n\n<li><a href=\"https:\/\/cpstesters.com\/fr\/generateur-de-commande-minecraft-en-ligne-donner-une-commande\/\" target=\"_blank\" rel=\"noreferrer noopener\">G\u00e9n\u00e9rateur de commandes Minecraft<\/a><\/li>\n\n\n\n<li><a href=\"https:\/\/cpstesters.com\/fr\/minecraft-sphere-generator-minecraft-dome-generator\/\" target=\"_blank\" rel=\"noreferrer noopener\">G\u00e9n\u00e9rateur de sph\u00e8res Minecraft<\/a><\/li>\n\n\n\n<li><a href=\"https:\/\/cpstesters.com\/fr\/\" target=\"_blank\" rel=\"noreferrer noopener\">Testeur CPS<\/a><\/li>\n\n\n\n<li><a href=\"https:\/\/cpstesters.com\/fr\/apm-test-suivi-des-actions-par-minute-pour-les-jeux-video\/\" target=\"_blank\" rel=\"noreferrer noopener\">Test des actions par minute<\/a><\/li>\n<\/ul>\n","protected":false},"excerpt":{"rendered":"<p>Circle Generator est un outil en ligne qui cr\u00e9e un cercle ou un ovale en pixels pour Minecraft afin de vous faciliter la t\u00e2che, regardez &#8230; <\/p>\n<p class=\"read-more-container\"><a title=\"G\u00e9n\u00e9rateur de cercles Minecraft | Cr\u00e9er un tableau de cercle\/ovale en ligne\" class=\"read-more button\" href=\"https:\/\/cpstesters.com\/fr\/minecraft-circle-generator\/#more-2947\" aria-label=\"En savoir plus sur G\u00e9n\u00e9rateur de cercles Minecraft | Cr\u00e9er un tableau de cercle\/ovale en ligne\">Read More<\/a><\/p>\n","protected":false},"author":4,"featured_media":1483,"parent":0,"menu_order":0,"comment_status":"closed","ping_status":"closed","template":"","meta":{"footnotes":""},"class_list":["post-2947","page","type-page","status-publish","has-post-thumbnail"],"_links":{"self":[{"href":"https:\/\/cpstesters.com\/fr\/wp-json\/wp\/v2\/pages\/2947","targetHints":{"allow":["GET"]}}],"collection":[{"href":"https:\/\/cpstesters.com\/fr\/wp-json\/wp\/v2\/pages"}],"about":[{"href":"https:\/\/cpstesters.com\/fr\/wp-json\/wp\/v2\/types\/page"}],"author":[{"embeddable":true,"href":"https:\/\/cpstesters.com\/fr\/wp-json\/wp\/v2\/users\/4"}],"replies":[{"embeddable":true,"href":"https:\/\/cpstesters.com\/fr\/wp-json\/wp\/v2\/comments?post=2947"}],"version-history":[{"count":5,"href":"https:\/\/cpstesters.com\/fr\/wp-json\/wp\/v2\/pages\/2947\/revisions"}],"predecessor-version":[{"id":5910,"href":"https:\/\/cpstesters.com\/fr\/wp-json\/wp\/v2\/pages\/2947\/revisions\/5910"}],"wp:featuredmedia":[{"embeddable":true,"href":"https:\/\/cpstesters.com\/fr\/wp-json\/wp\/v2\/media\/1483"}],"wp:attachment":[{"href":"https:\/\/cpstesters.com\/fr\/wp-json\/wp\/v2\/media?parent=2947"}],"curies":[{"name":"wp","href":"https:\/\/api.w.org\/{rel}","templated":true}]}}