{"id":2816,"date":"2024-07-16T14:26:10","date_gmt":"2024-07-16T14:26:10","guid":{"rendered":"https:\/\/cpstesters.com\/test-des-pixels-morts-verificateur-decran-de-moniteur-lcd\/"},"modified":"2024-09-17T14:25:06","modified_gmt":"2024-09-17T14:25:06","slug":"dead-pixel-test","status":"publish","type":"page","link":"https:\/\/cpstesters.com\/fr\/dead-pixel-test\/","title":{"rendered":"Test des pixels morts | V\u00e9rificateur d&#8217;\u00e9cran de moniteur LCD"},"content":{"rendered":"\n<p>Dead Pixel tester est un test en ligne pour savoir si votre \u00e9cran a des pixels morts ou non, utilisez l&#8217;outil ci-dessous pour le v\u00e9rifier maintenant !<\/p>\n<button class=\"computer-screen-button-cta\" id=\"whitescreentestcta\">Click To Start the Dead Pixel Test<\/button>\r\n<div id=\"whitescreenparent\" style=\"background-color:white;\"> <\/div>\r\n\r\n<script> \r\n\t  var elem = document.getElementById(\"whitescreenparent\");\r\n\r\n  function openFullscreen() {\r\n    if (elem.requestFullscreen) {\r\n      elem.requestFullscreen();\r\n    } else if (elem.webkitRequestFullscreen) {\r\n      elem.webkitRequestFullscreen();\r\n    } else if (elem.msRequestFullscreen) {\r\n      elem.msRequestFullscreen();\r\n    }\r\n  }\r\n  document.getElementById(\"whitescreentestcta\").onclick = openFullscreen;\r\n\r\n  function handleFullscreenChange(event) {\r\n    if (!document.fullscreenElement) {}\r\n  }\r\n  elem.onfullscreenchange = handleFullscreenChange;\r\n  var colors = [\"white\", \"black\", \"#FF0000\", \"#00FF00\", \"#0000FF\"],\r\n    index = 0;\r\n  document.getElementById(\"whitescreenparent\").onclick = function() {\r\n    document.getElementById(\"whitescreenparent\").style.backgroundColor = colors[index];\r\n    index = (index + 1) % colors.length;\r\n  }\r\n\r\n<\/script>\n\n<div style=\"height:5px\" aria-hidden=\"true\" class=\"wp-block-spacer\"><\/div>\n\n<h2 class=\"wp-block-heading\">Que sont les pixels morts ?<\/h2>\n\n<p>Les pixels morts n&#8217;indiquent pas r\u00e9ellement que le pixel est pi\u00e9g\u00e9 par la couleur, au contraire, ils deviennent noirs et refusent d&#8217;afficher toute couleur, ce qui provoque des d\u00e9fauts dans l&#8217;image ou le graphique. Les pixels morts ne sont que des &#8220;points&#8221;, ou des groupes de points, et ils ne correspondent pas \u00e0 la couleur de la toile de fond, par exemple, des points noirs pr\u00e9sents sur une toile de fond verte. \u00c0 droite, vous pouvez voir d&#8217;autres illustrations.<\/p>\n\n<p>La plupart du temps, nous ne nous rendons pas vraiment compte qu&#8217;un seul pixel est mort, mais s&#8217;il y en a plusieurs et qu&#8217;ils emp\u00eachent l&#8217;\u00e9cran d&#8217;\u00eatre clair et d&#8217;afficher des images agr\u00e9ables, nous le remarquons.<\/p>\n\n<p>Vous devez vous assurer que vos \u00e9crans fonctionnent parfaitement si vous \u00eates un r\u00e9dacteur de contenu, comme un artiste, un concepteur de sites web, un graphiste, un cr\u00e9ateur de jeux vid\u00e9o, etc. Vous devez donc inspecter votre \u00e9cran ou votre affichage pour d\u00e9tecter les pixels morts. Un pixel mort peut \u00eatre frustrant, qu&#8217;il apparaisse sur votre \u00e9cran de bureau, votre ordinateur portable ou votre smartphone.<\/p>\n\n<p>Les pixels morts sont en r\u00e9alit\u00e9 assez courants, et il arrive que les fabricants livrent d\u00e9lib\u00e9r\u00e9ment des moniteurs d\u00e9fectueux au d\u00e9taillant et les changent apr\u00e8s que le client se soit plaint. Les d\u00e9g\u00e2ts caus\u00e9s par l&#8217;eau et le vieillissement des \u00e9crans sont deux autres causes fr\u00e9quentes de pixels morts.<\/p>\n\n<h2 class=\"wp-block-heading\">Testeur de pixels morts<\/h2>\n\n<p>L&#8217;outil de v\u00e9rification des pixels morts que vous pouvez voir ci-dessus vous aidera \u00e0 \u00e9valuer et \u00e0 localiser les <a href=\"https:\/\/www.makeuseof.com\/dead-pixel-on-monitor\/\" target=\"_blank\" rel=\"noreferrer noopener\">pixels morts<\/a> sur votre appareil.<\/p>\n\n<p>Utilisez notre outil de test des pixels morts, qui est \u00e0 la fois gratuit et simple. Toute personne souhaitant rechercher les pixels morts sur les \u00e9crans, quelles que soient ses comp\u00e9tences techniques ou son exp\u00e9rience, peut effectuer le test des pixels morts \u00e0 l&#8217;aide de notre outil Web. L&#8217;outil l est rapide, simple et facile \u00e0 utiliser.<\/p>\n<div class=\"wp-block-image\">\n<figure class=\"aligncenter size-full\"><img loading=\"lazy\" decoding=\"async\" width=\"1000\" height=\"500\" src=\"https:\/\/cpstesters.com\/wp-content\/uploads\/2022\/09\/dead-pixel.jpg\" alt=\"Test du pixel mort\" class=\"wp-image-530\" title=\"\" srcset=\"https:\/\/cpstesters.com\/wp-content\/uploads\/2022\/09\/dead-pixel.jpg 1000w, https:\/\/cpstesters.com\/wp-content\/uploads\/2022\/09\/dead-pixel-300x150.jpg 300w, https:\/\/cpstesters.com\/wp-content\/uploads\/2022\/09\/dead-pixel-768x384.jpg 768w\" sizes=\"auto, (max-width: 1000px) 100vw, 1000px\" \/><figcaption class=\"wp-element-caption\">Test du pixel mort<\/figcaption><\/figure>\n<\/div>\n<p>Tous les appareils sont pris en charge par notre outil de test. En utilisant l&#8217;une de nos plates-formes, vous pouvez tester votre smartphone, votre \u00e9cran ou votre iPad, et nous nous assurerons que vous recevez les donn\u00e9es les plus fiables possibles.<\/p>\n\n<h2 class=\"wp-block-heading\">Comment utiliser un v\u00e9rificateur de pixels morts ?<\/h2>\n\n<p>Vous pouvez utiliser notre v\u00e9rificateur de pixels morts pour voir s&#8217;il y a des pixels morts sur l&#8217;\u00e9cran de l&#8217;appareil. Il suffit de suivre les instructions ci-dessous pour v\u00e9rifier que votre \u00e9cran ne contient pas de pixels morts.<\/p>\n\n<ul class=\"wp-block-list\">\n<li>Tout d&#8217;abord, nettoyez les taches sur l&#8217;\u00e9cran du moniteur.<\/li>\n\n\n\n<li>S\u00e9lectionnez le lien fourni.<\/li>\n\n\n\n<li>S\u00e9lectionnez l&#8217;une des cases pour lancer le test. Laissez \u00e0 vos yeux le temps de s&#8217;habituer \u00e0 la luminosit\u00e9.<\/li>\n\n\n\n<li>V\u00e9rifiez sur l&#8217;\u00e9cran de votre moniteur la pr\u00e9sence de petits &#8220;points&#8221; qui semblent \u00eatre plac\u00e9s pour d\u00e9terminer s&#8217;il y a des pixels morts.<\/li>\n\n\n\n<li>Pour passer \u00e0 la couleur suivante, appuyez sur les touches fl\u00e9ch\u00e9es du clavier ou sur les boutons correspondants \u00e0 l&#8217;\u00e9cran.<\/li>\n\n\n\n<li>Une fois que vous avez examin\u00e9 toutes les couleurs et que vous n&#8217;avez trouv\u00e9 aucun pixel mort, vous pouvez quitter le jeu en utilisant la touche ESC de votre clavier.<\/li>\n<\/ul>\n\n<p>En touchant d\u00e9licatement le pixel pi\u00e9g\u00e9 avec un chiffon humide ou un instrument pointu mais doux, comme la gomme de la pointe d&#8217;un crayon, vous pouvez tenter de r\u00e9parer l&#8217;\u00e9cran mort.<\/p>\n\n<p>Pour vous permettre de d\u00e9terminer s&#8217;il y a des pixels morts, notre outil de recherche de pixels morts en ligne affiche un \u00e9cran complet de toutes les couleurs principales.<\/p>\n\n<h2 class=\"wp-block-heading has-text-align-center\">FAQ&#8217;s<\/h2>\n\n<h3 class=\"wp-block-heading\"><strong>Combien de pixels morts sont acceptables ?<\/strong><\/h3>\n\n<p>Si vous achetez un appareil neuf, tout pixel mort est inacceptable. Cependant, il est acceptable que certains gadgets d&#8217;une certaine marque aient trois ou quatre pixels morts, mais cela est tout \u00e0 fait r\u00e9voltant.<\/p>\n\n<h3 class=\"wp-block-heading\"><strong>Comment tester les pixels morts ?<\/strong><\/h3>\n\n<p>Utilisez notre outil en ligne pour v\u00e9rifier la pr\u00e9sence de pixels morts sur votre \u00e9cran. Vous pouvez l&#8217;utiliser pour v\u00e9rifier que votre \u00e9cran ne contient pas de pixels morts, sans avoir \u00e0 t\u00e9l\u00e9charger quoi que ce soit. Pour passer le test, il suffit d&#8217;acc\u00e9der \u00e0 l&#8217;internet et de se rendre sur notre site.<\/p>\n\n<h3 class=\"wp-block-heading\"><strong>Pouvez-vous vraiment r\u00e9parer les pixels morts ?<\/strong><\/h3>\n\n<p>Dans la plupart des cas, les pixels morts constituent un probl\u00e8me mat\u00e9riel auquel il est impossible de rem\u00e9dier. Une l\u00e9g\u00e8re pression sur la zone autour d&#8217;un pixel mort peut cependant le ramener \u00e0 la vie.<\/p>\n\n<h2 class=\"wp-block-heading\">Le mot de la fin pour Dead Pixel Finder<\/h2>\n\n<p>En utilisant notre outil et en suivant les instructions ci-dessus, vous pouvez rapidement v\u00e9rifier que votre \u00e9cran ne contient pas de pixels morts. V\u00e9rifiez d&#8217;abord si l&#8217;appareil ne contient pas de pixels morts, mais si vous en trouvez, vous pouvez rapidement les confirmer en utilisant notre outil en ligne. Nous vous proposons \u00e9galement d&#8217;autres outils ci-dessous qui pourraient vous int\u00e9resser :<\/p>\n\n<ul class=\"wp-block-list\">\n<li><a href=\"https:\/\/cpstesters.com\/fr\/test-ecran-tactile-en-ligne\/\" target=\"_blank\" rel=\"noreferrer noopener\">Test de l&#8217;\u00e9cran tactile<\/a><\/li>\n\n\n\n<li><a href=\"https:\/\/cpstesters.com\/fr\/apm-test\/\" target=\"_blank\" rel=\"noreferrer noopener\">Test APM<\/a><\/li>\n\n\n\n<li><a href=\"https:\/\/cpstesters.com\/fr\/tap-counter\/\" target=\"_blank\" rel=\"noreferrer noopener\">Compteur de robinets<\/a><\/li>\n\n\n\n<li><a href=\"https:\/\/cpstesters.com\/fr\/test-de-vitesse-des-robinets\/\" target=\"_blank\" rel=\"noreferrer noopener\">Test de vitesse des robinets<\/a><\/li>\n\n\n\n<li><a href=\"https:\/\/cpstesters.com\/fr\/apm-test\/\" target=\"_blank\" rel=\"noreferrer noopener\">Test APM<\/a><\/li>\n\n\n\n<li><a href=\"https:\/\/cpstesters.com\/fr\/aim-trainer\/\" target=\"_blank\" rel=\"noreferrer noopener\">Aim Trainer<\/a><\/li>\n<\/ul>\n","protected":false},"excerpt":{"rendered":"<p>Dead Pixel tester est un test en ligne pour savoir si votre \u00e9cran a des pixels morts ou non, utilisez l&#8217;outil ci-dessous pour le v\u00e9rifier &#8230; <\/p>\n<p class=\"read-more-container\"><a title=\"Test des pixels morts | V\u00e9rificateur d&#8217;\u00e9cran de moniteur LCD\" class=\"read-more button\" href=\"https:\/\/cpstesters.com\/fr\/dead-pixel-test\/#more-2816\" aria-label=\"En savoir plus sur Test des pixels morts | V\u00e9rificateur d&#8217;\u00e9cran de moniteur LCD\">Read More<\/a><\/p>\n","protected":false},"author":4,"featured_media":1435,"parent":0,"menu_order":0,"comment_status":"closed","ping_status":"closed","template":"","meta":{"footnotes":""},"class_list":["post-2816","page","type-page","status-publish","has-post-thumbnail"],"_links":{"self":[{"href":"https:\/\/cpstesters.com\/fr\/wp-json\/wp\/v2\/pages\/2816","targetHints":{"allow":["GET"]}}],"collection":[{"href":"https:\/\/cpstesters.com\/fr\/wp-json\/wp\/v2\/pages"}],"about":[{"href":"https:\/\/cpstesters.com\/fr\/wp-json\/wp\/v2\/types\/page"}],"author":[{"embeddable":true,"href":"https:\/\/cpstesters.com\/fr\/wp-json\/wp\/v2\/users\/4"}],"replies":[{"embeddable":true,"href":"https:\/\/cpstesters.com\/fr\/wp-json\/wp\/v2\/comments?post=2816"}],"version-history":[{"count":4,"href":"https:\/\/cpstesters.com\/fr\/wp-json\/wp\/v2\/pages\/2816\/revisions"}],"predecessor-version":[{"id":4179,"href":"https:\/\/cpstesters.com\/fr\/wp-json\/wp\/v2\/pages\/2816\/revisions\/4179"}],"wp:featuredmedia":[{"embeddable":true,"href":"https:\/\/cpstesters.com\/fr\/wp-json\/wp\/v2\/media\/1435"}],"wp:attachment":[{"href":"https:\/\/cpstesters.com\/fr\/wp-json\/wp\/v2\/media?parent=2816"}],"curies":[{"name":"wp","href":"https:\/\/api.w.org\/{rel}","templated":true}]}}