{"id":2815,"date":"2024-07-16T14:00:28","date_gmt":"2024-07-16T14:00:28","guid":{"rendered":"https:\/\/cpstesters.com\/test-du-double-clic-verificateur-de-clics-de-souris\/"},"modified":"2024-09-17T14:29:56","modified_gmt":"2024-09-17T14:29:56","slug":"double-click-test","status":"publish","type":"page","link":"https:\/\/cpstesters.com\/fr\/double-click-test\/","title":{"rendered":"Test du double clic | V\u00e9rificateur de clics de souris"},"content":{"rendered":"\n<p>Avec ce test de double clic, v\u00e9rifiez si votre souris donne deux entr\u00e9es en m\u00eame temps et am\u00e9liorez votre vitesse de clic !<\/p>\n     \r\n<div class=\"row\">\r\n\t<div class=\"col-md-4\">\r\n\r\n\t\t\r\n\t\t\r\n\t\t<div class=\"side_nav\">\r\n            \r\n            \r\n            <ul class=\"time\">\r\n              <li>\r\n            <span data-time=\"1.00\">1 Second Test<\/span>\r\n            <\/li><li>\r\n           <span data-time=\"2.00\">2 Second Test<\/span>\r\n            <\/li><li>\r\n         <span data-time=\"5.00\">5 Second Test<\/span>\r\n            <\/li><li>\r\n\t\t\t<span data-time=\"10.00\">10 Second Test<\/span>\r\n            <\/li><li>\r\n            <span data-time=\"15.00\">15 Second Test<\/span>\r\n            <\/li>\r\n\t\t\t<li>\r\n            <span data-time=\"30.00\">30 Second Test<\/span>\r\n            <\/li>\r\n\t\t\t\t<li>\r\n            <span data-time=\"60.00\">60 Second Test<\/span>\r\n            <\/li>\r\n\t\t\t\t<li>\r\n            <span data-time=\"100.00\">100 Second Test<\/span>\r\n            <\/li>\r\n\t\t\t\r\n\t\t\t<\/ul>\r\n            <\/div>\r\n\t\t\r\n\t\t\r\n\t<\/div>\r\n\t<div class=\"col-md-8\">\r\n\t\t<section class=\"section section--full js-section-full section--click\">\r\n               <div class=\"container\">\r\n\t\t\t\t   \r\n\t\t\t\t         <div class=\"setting\">\r\n    <div class=\"theme-mode\"><a class=\"theme-mode__switch js-switch\" href=\"javascript:void(0);\"><\/a>\r\n        <div class=\"theme-mode__text\">Light \/ Dark mode<\/div>\r\n    <\/div>\r\n<\/div>\r\n\t\t\t\t   \r\n\t\t\t\t   \r\n                  <div class=\"statistics\">\r\n                     <div class=\"statistics__item statistics__item--timer\">\r\n                        <div class=\"statistics__number\">\r\n                           <span class=\"js-time number_timer\">5.00<\/span>\r\n                           <a class=\"statistics__arrow statistics__arrow--up js-time-up\" href=\"javascript:void(0);\">\r\n                              <svg class=\"icon icon-arrow-up \">\r\n                                 <use xlink:href=\"\/wp-content\/themes\/generatepress\/tools\/assets\/img\/spritesvg.svg#arrow-up\"><\/use>\r\n                              <\/svg>\r\n                           <\/a>\r\n                           <a class=\"statistics__arrow statistics__arrow--down js-time-down\" href=\"javascript:void(0);\">\r\n                              <svg class=\"icon icon-arrow-up \">\r\n                                 <use xlink:href=\"\/wp-content\/themes\/generatepress\/tools\/assets\/img\/spritesvg.svg#arrow-up\"><\/use>\r\n                              <\/svg>\r\n                           <\/a>\r\n                        <\/div>\r\n                        <div class=\"statistics__title\">Timer<\/div>\r\n                     <\/div>\r\n                     <div class=\"statistics__item statistics__item--clicks\">\r\n\t\t\t\t\t\t<div class=\"statistics__number number_clicks js-double-click\">0<\/div>\r\n\t\t\t\t\t\t<div class=\"statistics__title\">Double clicks<\/div>\r\n\t\t\t\t\t<\/div>\r\n                     <div class=\"statistics__item statistics__item--score\">\r\n\t\t\t\t\t\t<div class=\"statistics__number number_score js-total-click\">0<\/div>\r\n\t\t\t\t\t\t<div class=\"statistics__title\">Total clicks<\/div>\r\n\t\t\t\t\t<\/div>\r\n                  <\/div>\r\n                  <div class=\"clicks-zone\">\r\n                     <div class=\"clicks-zone__start js-clicks-start\">\r\n                        <svg class=\"icon icon-click \">\r\n                           <use xlink:href=\"\/wp-content\/themes\/generatepress\/tools\/assets\/img\/spritesvg.svg#click\"><\/use>\r\n                        <\/svg>\r\n                        <div class=\"clicks-zone__start-title\">\u0421lick here to start Doube Click test<\/div>\r\n                     <\/div>\r\n                     <div class=\"clicks-zone__clicks js-clicks\"><\/div>\r\n                     <div class=\"clicks-zone__result result-clicks js-clicks-result\">\r\n                         <div class=\"result-clicks__text double__clicks\" data-text=\"Your Result is {clicks} Double clicks in {time} seconds\"><\/div>\r\n\t\t\t\t\t\t\t<a class=\"result-clicks__btn js-try-again\" href=\"javascript:void(0);\">\r\n\t\t\t\t\t\t\t\t<svg class=\"icon icon-again \">\r\n\t\t\t\t\t\t\t\t\t<use xlink:href=\"\/wp-content\/themes\/generatepress\/tools\/assets\/img\/spritesvg.svg#again\"><\/use>\r\n\t\t\t\t\t\t\t\t<\/svg>Restart\r\n\t\t\t\t\t\t\t<\/a>\r\n\r\n                        <div class=\"result-clicks__share\">\r\n                           <div class=\"result-clicks__share-title\">Share your result with friends!<\/div>\r\n                           <div class=\"share-buttons\">\r\n                              <a class=\"share-button facebook\" data-href=\"https:\/\/www.facebook.com\/sharer\/sharer.php?u=https:\/\/cpstesters.com\/\" target=\"_blank\" onclick=\"goclicky(this); return false;\" rel=\"noopener\">Facebook<\/a>\r\n                              <a class=\"share-button twitter\" data-href=\"http:\/\/www.twitter.com\/share?url=https:\/\/cpstesters.com\/&text=[text]\" target=\"_blank\" onclick=\"goclicky(this); return false;\" rel=\"noopener\">Twitter<\/a>\r\n                              <a class=\"share-button whatsapp\" data-href=\"https:\/\/api.whatsapp.com\/send?text=[text]\" target=\"_blank\" onclick=\"goclicky(this); return false;\" rel=\"noopener\">WhatsApp<\/a>\r\n                              <a class=\"share-button reddit\" data-href=\"http:\/\/www.reddit.com\/submit?url=https:\/\/cpstesters.com\/&title=[text]\" target=\"_blank\" onclick=\"goclicky(this); return false;\" rel=\"noopener\">Reddit<\/a>\r\n                           <\/div>\r\n                        <\/div>\r\n                     <\/div>\r\n                  <\/div>\r\n                  <img decoding=\"async\" src=\"\/wp-content\/themes\/generatepress\/tools\/assets\/img\/test_result\/3\/1.png\" style=\"display: none\" alt=\"\" title=\"\">\r\n                  <img decoding=\"async\" src=\"\/wp-content\/themes\/generatepress\/tools\/assets\/img\/test_result\/5\/1.png\" style=\"display: none\" alt=\"\" title=\"\">\r\n                  <img decoding=\"async\" src=\"\/wp-content\/themes\/generatepress\/tools\/assets\/img\/test_result\/1\/1.png\" style=\"display: none\" alt=\"\" title=\"\">\r\n                  <img decoding=\"async\" src=\"\/wp-content\/themes\/generatepress\/tools\/assets\/img\/test_result\/2\/1.png\" style=\"display: none\" alt=\"\" title=\"\">\r\n                  <img decoding=\"async\" src=\"\/wp-content\/themes\/generatepress\/tools\/assets\/img\/test_result\/0\/1.png\" style=\"display: none\" alt=\"\" title=\"\">\r\n                  <img decoding=\"async\" src=\"\/wp-content\/themes\/generatepress\/tools\/assets\/img\/test_result\/6\/1.png\" style=\"display: none\" alt=\"\" title=\"\">\r\n                  <img decoding=\"async\" src=\"\/wp-content\/themes\/generatepress\/tools\/assets\/img\/test_result\/7\/1.png\" style=\"display: none\" alt=\"\" title=\"\">\r\n                  <img decoding=\"async\" src=\"\/wp-content\/themes\/generatepress\/tools\/assets\/img\/test_result\/4\/1.png\" style=\"display: none\" alt=\"\" title=\"\">\r\n                  <script>\r\n                     var test_result = {\"ratings\":{\"min\":0,\"max\":5},\"rating_ranks\":[\"Your Rank is Snail!\",\"Your Rank is Koala!\",\"Your Rank is Turtle!\",\"Your Rank is Panda!\",\"Your Rank is Hare!\",\"Your Rank is Kangaroo!\",\"Your Rank is Panther!\",\"Your Rank is Cheetah!\"],\"cps_scale\":[[0,1],[1,3],[3,5],[5,7],[7,9],[9,10],[10,12],[12,999]],\"files\":{\"3\":[\"\\\/wp-content\\\/themes\\\/generatepress\\\/tools\\\\assets\\\/img\\\/test_result\\\/3\\\/1.png\"],\"5\":[\"\\\/wp-content\\\/themes\\\/generatepress\\\/tools\\\\assets\\\/img\\\/test_result\\\/5\\\/1.png\"],\"1\":[\"\\\/wp-content\\\/themes\\\/generatepress\\\/tools\\\\assets\\\/img\\\/test_result\\\/1\\\/1.png\"],\"2\":[\"\\\/wp-content\\\/themes\\\/generatepress\\\/tools\\\\assets\\\/img\\\/test_result\\\/2\\\/1.png\"],\"0\":[\"\\\/wp-content\\\/themes\\\/generatepress\\\/tools\\\\assets\\\/img\\\/test_result\\\/0\\\/1.png\"],\"6\":[\"\\\/wp-content\\\/themes\\\/generatepress\\\/tools\\\\assets\\\/img\\\/test_result\\\/6\\\/1.png\"],\"7\":[\"\\\/wp-content\\\/themes\\\/generatepress\\\/tools\\\\assets\\\/img\\\/test_result\\\/7\\\/1.png\"],\"4\":[\"\\\/wp-content\\\/themes\\\/generatepress\\\/tools\\\\assets\\\/img\\\/test_result\\\/4\\\/1.png\"]}};\r\n                     var language = {\"code\":\"en\",\"name\":\"English\",\"prefix\":\"\"};\r\n                     var monitoringClickEvent = 'double';\r\n                     var shareTextDefault = 'My Result is {clicks} Double clicks in {time} seconds';\r\n                  <\/script>        \r\n               <\/div>\r\n            <\/section>\r\n\t\t\r\n\t<\/div>\r\n<\/div>\r\n\r\n    <script src=\"\/wp-content\/themes\/generatepress\/tools\/assets\/js\/libs.min.js\"><\/script>\r\n      <script src=\"\/wp-content\/themes\/generatepress\/tools\/assets\/js\/main.min.js?v64\"><\/script>\r\n\n\n<div style=\"height:5px\" aria-hidden=\"true\" class=\"wp-block-spacer\"><\/div>\n\n<h2 class=\"wp-block-heading\">Qu&#8217;est-ce que le test du double clic ?<\/h2>\n\n<p>Le double clic consiste \u00e0 toucher l\u00e9g\u00e8rement le bouton principal de la souris afin d&#8217;enregistrer plusieurs clics simultan\u00e9ment. Le CPS, ou clics par seconde, peut \u00eatre augment\u00e9 gr\u00e2ce \u00e0 cette technique. Dans certains jeux, les clics rapides donnent un avantage au joueur.<\/p>\n\n<p>M\u00eame si vous ne cliquez qu&#8217;une seule fois sur la souris, vous pouvez parfois remarquer qu&#8217;elle clique deux fois. Ne vous inqui\u00e9tez pas du tout si cela se produit. Il existe un moyen de comprendre le probl\u00e8me du double-clic de la souris.<\/p>\n\n<h2 class=\"wp-block-heading\">Test du double clic de la souris<\/h2>\n\n<p>L&#8217;une des habitudes les plus r\u00e9pandues parmi les utilisateurs d&#8217;ordinateurs est le double clic de la souris. Il peut \u00eatre utilis\u00e9 pour plusieurs t\u00e2ches, notamment pour ouvrir des dossiers, choisir des fichiers et rep\u00e9rer des mots dans le texte.<\/p>\n\n<p>Lorsque vous <a href=\"https:\/\/www.computerhope.com\/jargon\/d\/doublecl.htm\" target=\"_blank\" rel=\"noreferrer noopener\">double-cliquez<\/a>, si la souris ne fonctionne pas correctement, cela peut \u00eatre g\u00eanant et r\u00e9duire votre productivit\u00e9. Assurez-vous que le probl\u00e8me que vous rencontrez n&#8217;est pas d\u00fb \u00e0 un double-clic.<\/p>\n\n<p>Vous pouvez utiliser un testeur de clics qui enregistre le nombre de fois o\u00f9 vous cliquez, disponible sur CPSTesters.com. Nous avons mis au point un test simple de double-clic que vous pouvez utiliser pour savoir si votre souris est cass\u00e9e ou non. Pour voir exactement ce qu&#8217;il sauvegarde, essayez de cliquer une fois et deux fois.<\/p>\n\n<p class=\"has-text-align-center has-base-background-color has-background has-medium-font-size\"><em>Vous cherchez peut-\u00eatre un test complet pour am\u00e9liorer vos clics, pour cela vous pouvez vous rendre sur la page <a href=\"https:\/\/cpstesters.com\/fr\/\" target=\"_blank\" rel=\"noreferrer noopener\">CPS Tester<\/a>!<\/em><\/p>\n\n<h2 class=\"wp-block-heading\">Objectif du test du double clic de la souris ?<\/h2>\n\n<p>L&#8217;objectif principal du testeur de double-clic est de trouver des instances de double-clic. Ils disposent d&#8217;une zone de forme carr\u00e9e o\u00f9 les utilisateurs peuvent s&#8217;entra\u00eener \u00e0 double-cliquer sur leur souris.<\/p>\n\n<p>Les tests sp\u00e9cialis\u00e9s ou une m\u00e9thode permettant de d\u00e9terminer si votre souris est fonctionnelle sont les tests de souris \u00e0 double clic. Les tests de double clics de la souris vous permettent d&#8217;obtenir une estimation des param\u00e8tres de fonctionnement de votre souris.<\/p>\n<div class=\"wp-block-image\">\n<figure class=\"aligncenter size-full\"><img loading=\"lazy\" decoding=\"async\" width=\"1000\" height=\"500\" src=\"https:\/\/cpstesters.com\/wp-content\/uploads\/2022\/09\/double-click-test.jpg\" alt=\"Test du double clic\" class=\"wp-image-517\" title=\"\" srcset=\"https:\/\/cpstesters.com\/wp-content\/uploads\/2022\/09\/double-click-test.jpg 1000w, https:\/\/cpstesters.com\/wp-content\/uploads\/2022\/09\/double-click-test-300x150.jpg 300w, https:\/\/cpstesters.com\/wp-content\/uploads\/2022\/09\/double-click-test-768x384.jpg 768w\" sizes=\"auto, (max-width: 1000px) 100vw, 1000px\" \/><figcaption class=\"wp-element-caption\">Test du double clic<\/figcaption><\/figure>\n<\/div>\n<p>Par exemple, si vous ex\u00e9cutez un programme qui n\u00e9cessite de nombreux clics et que votre souris cesse brusquement de r\u00e9pondre \u00e0 ces commandes, cela pourrait vous causer bien des soucis. Vous pouvez effectuer ce test pour savoir si le double-clic de votre souris est fonctionnel ou non.<\/p>\n\n<p>Si l&#8217;outil de test du double-clic reconna\u00eet un double-clic \u00e0 un moment quelconque, il modifie imm\u00e9diatement l&#8217;\u00e9tat de cette case et garde trace du nombre de doubles-clics.<\/p>\n\n<h2 class=\"wp-block-heading\">Comment utiliser le test du double clic de la souris ?<\/h2>\n\n<p>L&#8217;utilisation de ce v\u00e9rificateur de double clic de souris est assez simple. Tout ce que vous devez faire, c&#8217;est suivre les instructions ci-dessous :<\/p>\n\n<ul class=\"wp-block-list\">\n<li>En haut de cette page, il y a un test, vous devez simplement d\u00e9placer votre souris au milieu pour commencer \u00e0 cliquer.<\/li>\n\n\n\n<li>Le pav\u00e9 tactile s&#8217;allume en rouge lorsque vous double-cliquez sur votre souris, ce qui signifie que le clic a r\u00e9ussi.<\/li>\n\n\n\n<li>Une minuterie vous indiquant le temps qui s&#8217;\u00e9coule entre deux clics est \u00e9galement affich\u00e9e en bas.<\/li>\n\n\n\n<li>En outre, vous avez la possibilit\u00e9 de choisir parmi des t\u00e2ches pr\u00e9d\u00e9termin\u00e9es de test de vitesse de clic pour des dur\u00e9es de 1 seconde, 2 secondes, 5 secondes, etc.<\/li>\n<\/ul>\n\n<h2 class=\"wp-block-heading\">Comment ce test fonctionne-t-il ?<\/h2>\n\n<p>Ce test est destin\u00e9 \u00e0 vous aider \u00e0 d\u00e9terminer si votre ordinateur r\u00e9agit normalement aux doubles-clics. L&#8217;\u00e9valuation est simple : l&#8217;une ou les deux touches de la souris ne r\u00e9agissent peut-\u00eatre pas correctement si la touche devient rouge apr\u00e8s environ 80 millisecondes.<\/p>\n\n<p>S\u00e9lectionnez le bouton R\u00e9initialiser pour red\u00e9marrer le test \u00e0 tout moment depuis le d\u00e9but. Cela vous permettra de red\u00e9marrer en mettant la dur\u00e9e et le nombre de taps \u00e0 z\u00e9ro.<\/p>\n\n<p>Il est simple \u00e0 utiliser et ne n\u00e9cessite aucune connaissance ou expertise sp\u00e9cialis\u00e9e. M\u00eame si c&#8217;est la premi\u00e8re fois que vous utilisez le syst\u00e8me, vous comprendrez rapidement comment effectuer le test.<\/p>\n\n<p>Il suffit de quelques clics pour d\u00e9marrer et la mise en place se fait en quelques secondes. C&#8217;est la solution id\u00e9ale pour tous ceux qui souhaitent tester les performances de leur souris en toute confiance. En outre, la conception de l&#8217;interface est claire et simple.<\/p>\n\n<h2 class=\"wp-block-heading has-text-align-center\">FAQ&#8217;s<\/h2>\n\n<h3 class=\"wp-block-heading\"><strong>Comment le test du double clic fonctionne-t-il vraiment ?<\/strong><\/h3>\n\n<p>Plusieurs cases intitul\u00e9es Right (droite), Left (gauche) et Middle (milieu) peuvent appara\u00eetre dans quelques-uns des tests de double-clic. Ces bo\u00eetes gardent chacune la trace de plusieurs clics de souris s\u00e9par\u00e9ment. Chaque fois que l&#8217;application de test de double clic identifie un double clic, elle modifie imm\u00e9diatement l&#8217;\u00e9tat de la bo\u00eete lat\u00e9rale et comptabilise le nombre total de doubles clics.<\/p>\n\n<h3 class=\"wp-block-heading\"><strong>Comment puis-je r\u00e9gler la vitesse des doubles clics de la souris ?<\/strong><\/h3>\n\n<p>En choisissant Souris dans le panneau de configuration, vous pouvez modifier la fr\u00e9quence de votre souris. Vous pouvez trouver le bouton Vitesse en s\u00e9lectionnant l&#8217;onglet Boutons. Une fen\u00eatre avec un indicateur de vitesse du curseur sera visible. Pour acc\u00e9l\u00e9rer ou ralentir votre souris, d\u00e9placez-la vers la droite ou la gauche.<\/p>\n\n<h2 class=\"wp-block-heading\">Le mot de la fin sur Double Click Tester<\/h2>\n\n<p>Nos outils de test du double clic de la souris vous permettent d&#8217;appr\u00e9hender le fonctionnement de votre souris en situation. Veillez \u00e0 v\u00e9rifier p\u00e9riodiquement que la souris ne fait pas de doubles clics, \u00e0 moins que vous ne vouliez attendre qu&#8217;elle vous abandonne pendant une session de travail ou un jeu crucial.<\/p>\n\n<p>D&#8217;autres outils :<\/p>\n\n<ul class=\"wp-block-list\">\n<li><a href=\"https:\/\/cpstesters.com\/fr\/tap-counter\/\" target=\"_blank\" rel=\"noreferrer noopener\">Compteur de robinets<\/a><\/li>\n\n\n\n<li><a href=\"https:\/\/cpstesters.com\/fr\/mouse-test\/\" target=\"_blank\" rel=\"noreferrer noopener\">Test de la souris<\/a><\/li>\n\n\n\n<li><a href=\"https:\/\/cpstesters.com\/fr\/test-de-defilement-de-la-souris\/\" target=\"_blank\" rel=\"noreferrer noopener\">Test de d\u00e9filement de la souris<\/a><\/li>\n\n\n\n<li><a href=\"https:\/\/cpstesters.com\/fr\/mouse-rate-checker\/\" target=\"_blank\" rel=\"noreferrer noopener\">V\u00e9rificateur de la vitesse de la souris<\/a><\/li>\n\n\n\n<li><a href=\"https:\/\/cpstesters.com\/fr\/apm-test\/\" target=\"_blank\" rel=\"noreferrer noopener\">Test APM<\/a><\/li>\n\n\n\n<li><a href=\"https:\/\/cpstesters.com\/fr\/aim-trainer\/\" target=\"_blank\" rel=\"noreferrer noopener\">Aim Trainer<\/a><\/li>\n<\/ul>\n","protected":false},"excerpt":{"rendered":"<p>Avec ce test de double clic, v\u00e9rifiez si votre souris donne deux entr\u00e9es en m\u00eame temps et am\u00e9liorez votre vitesse de clic ! Qu&#8217;est-ce que &#8230; <\/p>\n<p class=\"read-more-container\"><a title=\"Test du double clic | V\u00e9rificateur de clics de souris\" class=\"read-more button\" href=\"https:\/\/cpstesters.com\/fr\/double-click-test\/#more-2815\" aria-label=\"En savoir plus sur Test du double clic | V\u00e9rificateur de clics de souris\">Read More<\/a><\/p>\n","protected":false},"author":4,"featured_media":1387,"parent":0,"menu_order":0,"comment_status":"closed","ping_status":"closed","template":"","meta":{"footnotes":""},"class_list":["post-2815","page","type-page","status-publish","has-post-thumbnail"],"_links":{"self":[{"href":"https:\/\/cpstesters.com\/fr\/wp-json\/wp\/v2\/pages\/2815","targetHints":{"allow":["GET"]}}],"collection":[{"href":"https:\/\/cpstesters.com\/fr\/wp-json\/wp\/v2\/pages"}],"about":[{"href":"https:\/\/cpstesters.com\/fr\/wp-json\/wp\/v2\/types\/page"}],"author":[{"embeddable":true,"href":"https:\/\/cpstesters.com\/fr\/wp-json\/wp\/v2\/users\/4"}],"replies":[{"embeddable":true,"href":"https:\/\/cpstesters.com\/fr\/wp-json\/wp\/v2\/comments?post=2815"}],"version-history":[{"count":4,"href":"https:\/\/cpstesters.com\/fr\/wp-json\/wp\/v2\/pages\/2815\/revisions"}],"predecessor-version":[{"id":4192,"href":"https:\/\/cpstesters.com\/fr\/wp-json\/wp\/v2\/pages\/2815\/revisions\/4192"}],"wp:featuredmedia":[{"embeddable":true,"href":"https:\/\/cpstesters.com\/fr\/wp-json\/wp\/v2\/media\/1387"}],"wp:attachment":[{"href":"https:\/\/cpstesters.com\/fr\/wp-json\/wp\/v2\/media?parent=2815"}],"curies":[{"name":"wp","href":"https:\/\/api.w.org\/{rel}","templated":true}]}}