{"id":2628,"date":"2024-07-16T14:47:56","date_gmt":"2024-07-16T14:47:56","guid":{"rendered":"https:\/\/cpstesters.com\/test-wpm-testeur-de-frappe-en-ligne-de-mots-par-minute\/"},"modified":"2024-09-17T16:33:16","modified_gmt":"2024-09-17T16:33:16","slug":"wpm-test","status":"publish","type":"page","link":"https:\/\/cpstesters.com\/fr\/wpm-test\/","title":{"rendered":"Test WPM &#8211; Testeur de frappe en ligne de mots par minute"},"content":{"rendered":"\n<p>Le test WPM est con\u00e7u pour \u00e9valuer votre capacit\u00e9 et votre vitesse de traitement des mots par minute. Vous pouvez vous entra\u00eener \u00e0 la saisie tactile en plus des tests de saisie pour am\u00e9liorer vos comp\u00e9tences !<\/p>\n\n\n<style>\r\n\t.word {\r\n  background-color: lightblue;\r\n  color: #212529;\r\n  padding: 0 0.2em;\r\n  border-radius: 0.15em;\r\n}\r\n\r\n.word-active {\r\n  background-color: lightseagreen;\r\n}\r\n\r\n.word-error {\r\n  background-color: lightcoral;\r\n}\r\n\r\n.word-correct {\r\n  background-color: transparent;\r\n  color: #198754;\r\n}\r\n\r\n.word-incorrect {\r\n  background-color: transparent;\r\n  color: #dc3545;\r\n}\r\n\r\n.accordion-button:not(.collapsed) {\r\n  color: #212529;\r\n  background-color: #fff;\r\n  box-shadow: inset 0 -1px 0 rgba(0, 0, 0, 0.125);\r\n}\r\n\t\r\n\t.card-body {\r\n    flex: 1 1 auto;\r\n    padding: 1rem 1rem;\r\n}\r\n\t.card{\r\n\t\tposition: relative;\r\n    display: flex;\r\n    flex-direction: column;\r\n    min-width: 0;\r\n    word-wrap: break-word;\r\n    background-color: #fff;\r\n    background-clip: border-box;\r\n    border: 1px solid rgba(0,0,0,.125);\r\n    border-radius: 0.25rem;\r\n\t}\t\r\n\t\r\n\t.visually-hidden, .visually-hidden-focusable:not(:focus):not(:focus-within) {\r\n    position: absolute!important;\r\n    width: 1px!important;\r\n    height: 1px!important;\r\n    padding: 0!important;\r\n    margin: -1px!important;\r\n    overflow: hidden!important;\r\n    clip: rect(0,0,0,0)!important;\r\n    white-space: nowrap!important;\r\n    border: 0!important;\r\n}\r\n\t\r\n\t.input-group>.form-control, .input-group>.form-select {\r\n    position: relative;\r\n    flex: 1 1 auto;\r\n    width: 1%;\r\n    min-width: 0;\r\n}\r\n\t\r\n\t.input-group {\r\n    position: relative;\r\n    display: flex;\r\n    flex-wrap: wrap;\r\n    align-items: stretch;\r\n    width: 100%;\r\n}\r\n\t.input-group-text {\r\n    display: flex;\r\n    align-items: center;\r\n    padding: 0.375rem 0.75rem;\r\n    font-size: 1rem;\r\n    font-weight: 400;\r\n    line-height: 1.5;\r\n    color: #212529;\r\n    text-align: center;\r\n    white-space: nowrap;\r\n    background-color: #e9ecef;\r\n    border: 1px solid #ced4da;\r\n}\r\n\t\r\n\r\n.btn {\r\n    display: inline-block;\r\n    font-weight: 400;\r\n    line-height: 1.5;\r\n    color: #212529;\r\n    text-align: center;\r\n    text-decoration: none;\r\n    vertical-align: middle;\r\n    cursor: pointer;\r\n    -webkit-user-select: none;\r\n    -moz-user-select: none;\r\n    user-select: none;\r\n    background-color: transparent;\r\n    border: 1px solid transparent;\r\n    padding: 0.375rem 0.75rem;\r\n    font-size: 1rem;\r\n    transition: color .15s ease-in-out,background-color .15s ease-in-out,border-color .15s ease-in-out,box-shadow .15s ease-in-out;\r\n}\r\n\t.btn-success {\r\n    color: #fff !important;\r\n    background-color: #FFB15E !important;\r\n    border-color: #FFB15E !important;\r\n\t\tborder-radius:0px !important;\r\n}\r\n\r\n<\/style>\r\n\r\n      <div class=\"row\">\r\n        <div class=\"offset-md-2 col-md-8\">\r\n          <div class=\"card my-2\">\r\n            <div class=\"card-body\">\r\n              <div id=\"feed-container\" class=\"fs-4\"><\/div>\r\n              <div id=\"feed-spinner\" class=\"text-center\">\r\n                <div class=\"spinner-border\" role=\"status\"><\/div>\r\n              <\/div>\r\n              <div id=\"result-container\" class=\"visually-hidden\">\r\n                <table class=\"table table-borderless m-0\">\r\n                  <tr>\r\n                    <td\r\n                      id=\"result-wpm\"\r\n                      class=\"text-success fs-1 align-middle\"\r\n                      rowspan=\"3\"\r\n                    ><\/td>\r\n                    <th>Accuracy<\/th>\r\n                    <td id=\"result-accuracy\"><\/td>\r\n                    <th>Percentile<\/th>\r\n                    <td id=\"result-percentile\"><\/td>\r\n                  <\/tr>\r\n                  <tr>\r\n                    <th>Correct Keystrokes<\/th>\r\n                    <td id=\"result-correct-keystrokes\"><\/td>\r\n                    <th>Correct words<\/th>\r\n                    <td id=\"result-correct-words\"><\/td>\r\n                  <\/tr>\r\n                  <tr>\r\n                    <th>Wrong Keystrokes<\/th>\r\n                    <td id=\"result-wrong-keystrokes\"><\/td>\r\n                    <th>Wrong words<\/th>\r\n                    <td id=\"result-wrong-words\"><\/td>\r\n                  <\/tr>\r\n                <\/table>\r\n              <\/div>\r\n            <\/div>\r\n          <\/div>\r\n\r\n          <div class=\"input-group mb-5\">\r\n            <input\r\n              id=\"input-typed\"\r\n              type=\"text\"\r\n              class=\"form-control form-control-lg\"\r\n              autofocus\r\n            \/>\r\n            <span id=\"span-timer\" class=\"input-group-text px-4\">01:00<\/span>\r\n            <button\r\n              id=\"button-restart\"\r\n              class=\"btn btn-success px-4\"\r\n              type=\"button\"\r\n            >\r\n              <i class=\"fa fa-repeat\"><\/i>\r\n            <\/button>\r\n          <\/div>\r\n        <\/div>\r\n      <\/div>\r\n      <div class=\"row\">\r\n        <div class=\"offset-md-2 col-md-8\">\r\n\t\t\t<br>\r\n\t\t\t<h4>History<\/h4>\r\n\t\t\t<br>\r\n         \r\n                  <table id=\"table-history\" class=\"table\">\r\n                    <thead>\r\n                      <tr>\r\n                        <th scope=\"col\">WPM<\/th>\r\n                        <th scope=\"col\">Accuracy<\/th>\r\n                        <th scope=\"col\">Percentile<\/th>\r\n                        <th scope=\"col\">Keys<\/th>\r\n                        <th scope=\"col\">Words<\/th>\r\n                        <th scope=\"col\">Time<\/th>\r\n                      <\/tr>\r\n                    <\/thead>\r\n                    <tbody><\/tbody>\r\n                  <\/table>\r\n                \r\n            <\/div>\r\n          <\/div>\r\n  \r\n   \r\n\r\n    <script src=\"https:\/\/ajax.googleapis.com\/ajax\/libs\/jquery\/3.6.0\/jquery.min.js\"><\/script>\r\n    <script src=\"https:\/\/cdnjs.cloudflare.com\/ajax\/libs\/moment.js\/2.29.1\/moment.min.js\"><\/script>\r\n    <script src=\"https:\/\/cpstesters.com\/wp-content\/themes\/generatepress\/tools\/assets\/presentation\/index.js\" type=\"module\"><\/script>\r\n    <script\r\n      src=\"https:\/\/cdn.jsdelivr.net\/npm\/bootstrap@5.0.1\/dist\/js\/bootstrap.bundle.min.js\"\r\n      integrity=\"sha384-gtEjrD\/SeCtmISkJkNUaaKMoLD0\/\/ElJ19smozuHV6z3Iehds+3Ulb9Bn9Plx0x4\"\r\n      crossorigin=\"anonymous\"\r\n    ><\/script>\r\n    <script async defer src=\"https:\/\/buttons.github.io\/buttons.js\"><\/script>\n\n\n\n<p><\/p>\n\n\n\n<h2 class=\"wp-block-heading\">Test de mots par minute<\/h2>\n\n\n\n<p>Ce n&#8217;est peut-\u00eatre pas aussi facile qu&#8217;il n&#8217;y para\u00eet. Pour le test de vitesse, vous devez poss\u00e9der certaines comp\u00e9tences en mati\u00e8re de dactylographie. La personne devra s&#8217;exercer en permanence. Vous pouvez effectuer un test WPM quotidien pour atteindre votre objectif de vitesse de frappe. Cet exercice mesure votre production de mots par minute.<\/p>\n\n\n\n<p>Vous pouvez \u00e9valuer votre niveau de comp\u00e9tence en mati\u00e8re de dactylographie en utilisant cet outil de test de dactylographie WPM en ligne. Le test Mot par minute ne d\u00e9termine pas seulement votre capacit\u00e9 \u00e0 taper \u00e0 la minute, mais se concentre \u00e9galement sur l&#8217;am\u00e9lioration de votre pr\u00e9cision. En utilisant le pourcentage de pr\u00e9cision, vous pouvez d\u00e9terminer le nombre de mots que vous avez \u00e9crits en une minute. Le r\u00e9sultat du test est d\u00e9termin\u00e9 par deux variables. la pr\u00e9cision et la rapidit\u00e9 de la frappe. Vous devez savoir que la division d&#8217;un long mot compte \u00e9galement.<\/p>\n\n\n\n<p>Vous pouvez choisir parmi six m\u00e9thodes diff\u00e9rentes de test de la vitesse de frappe en fonction de vos besoins. Utilisez le moteur de test d&#8217;une ou deux minutes pour \u00e9valuer votre vitesse de frappe. Utilisez l&#8217;examen de 10 ou 5 minutes si vous souhaitez vous entra\u00eener \u00e0 taper.<\/p>\n\n\n\n<h2 class=\"wp-block-heading\">Pourquoi ai-je besoin d&#8217;un test de vitesse de frappe ?<\/h2>\n\n\n\n<p>En bref, notre test de dactylographie wpm vous permet d&#8217;\u00e9valuer votre vitesse de frappe dans le temps et vous aide \u00e0 mieux \u00e9valuer vos comp\u00e9tences actuelles. C&#8217;est une \u00e9tape n\u00e9cessaire pour d\u00e9velopper tout votre potentiel et d\u00e9terminer le temps \u00e0 consacrer aux exercices quotidiens de dactylographie.<\/p>\n\n\n\n<p>Par exemple, il est conseill\u00e9 d&#8217;\u00e9valuer vos comp\u00e9tences en mati\u00e8re de frappe avant de passer \u00e0 la m\u00e9thode de frappe \u00e0 10 doigts et de commencer votre pratique. Vous pourrez ainsi comparer ult\u00e9rieurement vos progr\u00e8s avec l&#8217;approche \u00e0 10 doigts par rapport \u00e0 votre ancienne m\u00e9thode de frappe et effectuer d&#8217;autres tests de frappe avec les dix doigts.<\/p>\n\n\n<div class=\"wp-block-image\">\n<figure class=\"aligncenter size-full\"><img loading=\"lazy\" decoding=\"async\" width=\"1000\" height=\"500\" src=\"https:\/\/cpstesters.com\/wp-content\/uploads\/2022\/09\/wpm-test_.jpg\" alt=\"Test WPM\" class=\"wp-image-621\" title=\"\" srcset=\"https:\/\/cpstesters.com\/wp-content\/uploads\/2022\/09\/wpm-test_.jpg 1000w, https:\/\/cpstesters.com\/wp-content\/uploads\/2022\/09\/wpm-test_-300x150.jpg 300w, https:\/\/cpstesters.com\/wp-content\/uploads\/2022\/09\/wpm-test_-768x384.jpg 768w\" sizes=\"auto, (max-width: 1000px) 100vw, 1000px\" \/><figcaption class=\"wp-element-caption\">Test WPM<\/figcaption><\/figure>\n<\/div>\n\n\n<p>Vous pouvez utiliser le test de mots tap\u00e9s par minute pour v\u00e9rifier r\u00e9guli\u00e8rement votre vitesse de frappe et observer comment vous vous \u00eates am\u00e9lior\u00e9 au quotidien si vous \u00eates d\u00e9j\u00e0 \u00e0 l&#8217;aise avec vos capacit\u00e9s de frappe et que vous ne vous \u00eates pas entra\u00een\u00e9 depuis longtemps.<\/p>\n\n\n\n<h2 class=\"wp-block-heading\">Test WPM en ligne<\/h2>\n\n\n\n<p>Pour \u00e9valuer votre vitesse de frappe, utilisez notre test de frappe en ligne. Pour vous donner un moyen simple et rapide d&#8217;\u00e9valuer votre vitesse de frappe, nous avons cr\u00e9\u00e9 ce test de frappe gratuit. Il peut vous aider \u00e0 \u00e9valuer votre d\u00e9veloppement au fur et \u00e0 mesure que vous pratiquez la dactylographie, en vous donnant une id\u00e9e de vos r\u00e9sultats.<\/p>\n\n\n\n<ul class=\"wp-block-list\">\n<li>Gr\u00e2ce \u00e0 cet outil, vous pouvez savoir exactement combien de mots vous avez tap\u00e9s en une minute.<\/li>\n\n\n\n<li>Il existe des tests de base, traditionnels et avanc\u00e9s.<\/li>\n\n\n\n<li>L&#8217;outil comprend un chronom\u00e8tre avec des secondes vari\u00e9es, ainsi que la pr\u00e9cision des mots, le nombre de mots que vous avez tap\u00e9s en une minute et le nombre total de fautes de frappe.<\/li>\n\n\n\n<li>Vous pouvez s\u00e9lectionner une dur\u00e9e de seconde diff\u00e9rente, par exemple 1, 3, 5 secondes.<\/li>\n\n\n\n<li>Vous devez saisir un score de d\u00e9part dans la zone de texte pr\u00e9vue \u00e0 cet effet pour commencer le test.<\/li>\n\n\n\n<li>Votre vitesse de frappe sera \u00e9valu\u00e9e au fur et \u00e0 mesure que vous tapez.<\/li>\n\n\n\n<li>\u00c0 l&#8217;expiration du d\u00e9lai, vous pouvez consulter les r\u00e9sultats. Vous pouvez \u00e9galement partager ces r\u00e9sultats et tests avec vos amis.<\/li>\n<\/ul>\n\n\n\n<p class=\"has-text-align-center has-base-background-color has-background has-medium-font-size\"><em>Vous pouvez v\u00e9rifier le clavier gr\u00e2ce au <a href=\"https:\/\/cpstesters.com\/fr\/test-du-clavier\/\" target=\"_blank\" rel=\"noreferrer noopener\">test de clavier<\/a> en ligne avant le test de dactylographie !<\/em><\/p>\n\n\n\n<h2 class=\"wp-block-heading\">La complexit\u00e9 du typage<\/h2>\n\n\n\n<p>Un utilisateur individuel peut choisir n&#8217;importe quel niveau de complexit\u00e9 de frappe. L&#8217;utilisateur dispose d&#8217;un acc\u00e8s illimit\u00e9 et est libre de l&#8217;utiliser.<\/p>\n\n\n\n<h3 class=\"wp-block-heading\"><strong>Facile<\/strong><\/h3>\n\n\n\n<p>En choisissant ce mode, les d\u00e9butants pourront s&#8217;entra\u00eener \u00e0 prononcer des mots par minute. Il s&#8217;agit d&#8217;une m\u00e9thode de saisie simple et directe pour les nouveaux utilisateurs.<\/p>\n\n\n\n<h3 class=\"wp-block-heading\"><strong>Moyen<\/strong><\/h3>\n\n\n\n<p>Ce mode de saisie est un niveau plus complexe que le mode facile. Ce mode est accessible aux utilisateurs qui ont pass\u00e9 la phase d&#8217;apprentissage.<\/p>\n\n\n\n<h3 class=\"wp-block-heading\"><strong>Hard<\/strong><\/h3>\n\n\n\n<p>Le niveau le plus difficile pour am\u00e9liorer votre score de frappe est le niveau Difficile. Pour les professionnels officiellement employ\u00e9s uniquement.<\/p>\n\n\n\n<h2 class=\"wp-block-heading\">Pourquoi la vitesse de frappe est-elle importante ?<\/h2>\n\n\n\n<p>Vous pouvez vous concentrer sur votre t\u00e2che principale en utilisant la saisie tactile. Vous r\u00e9alisez des gains de productivit\u00e9 importants lorsque vous \u00eates moins pr\u00e9occup\u00e9 par votre vitesse de frappe. Il s&#8217;assure de donner un r\u00e9sultat meilleur et de qualit\u00e9 sup\u00e9rieure. Votre travail sera beaucoup plus valoris\u00e9 et vous ferez beaucoup moins de fautes de frappe. Vous serez en mesure de parler plus clairement et plus rapidement.<\/p>\n\n\n\n<h2 class=\"wp-block-heading\">Comment am\u00e9liorer votre vitesse de frappe ?<\/h2>\n\n\n\n<p>Vous devez trouver un moyen d&#8217;augmenter votre vitesse de frappe si vous voulez am\u00e9liorer vos comp\u00e9tences professionnelles. Mais comment s&#8217;y prendre ?<\/p>\n\n\n\n<p>Voici quelques suggestions efficaces pour am\u00e9liorer votre frappe :<\/p>\n\n\n\n<h3 class=\"wp-block-heading\"><strong>M\u00e9thodes de typage correctes<\/strong><\/h3>\n\n\n\n<p>Vous pouvez am\u00e9liorer votre vitesse de frappe en adoptant des pratiques de frappe appropri\u00e9es. La m\u00e9thode de frappe au toucher, qui exige de l&#8217;utilisateur de m\u00e9moriser les touches et de maintenir une bonne position de la main sur son clavier, est recommand\u00e9e par plusieurs sp\u00e9cialistes.<\/p>\n\n\n\n<h3 class=\"wp-block-heading\"><strong>Choisir le meilleur clavier<\/strong><\/h3>\n\n\n\n<p>Pour les t\u00e2ches de saisie, les experts conseillent d&#8217;utiliser le meilleur clavier. La principale zone o\u00f9 vous devez vous sentir \u00e0 l&#8217;aise est le clavier.<\/p>\n\n\n\n<h2 class=\"wp-block-heading\">Les tests de dactylographie en ligne aident-ils \u00e0 am\u00e9liorer la vitesse de frappe ?<\/h2>\n\n\n\n<p>En un mot, non. Un programme de cette nature ne peut que mesurer votre vitesse de frappe. Vous devez vous entra\u00eener si vous voulez acc\u00e9l\u00e9rer votre frappe. Bien s\u00fbr, vous pouvez vous entra\u00eener \u00e0 la dactylographie avec ces tests de dactylographie en ligne.<\/p>\n\n\n\n<p>Beaucoup d&#8217;entre vous se demandent peut-\u00eatre pourquoi j&#8217;aurais besoin d&#8217;un programme de dactylographie alors que j&#8217;ai d\u00e9j\u00e0 Microsoft Word et que je peux m&#8217;entra\u00eener. Oui, vous pouvez vous entra\u00eener \u00e0 taper avec n&#8217;importe quel programme de traitement de texte. Toutefois, je vous conseille d&#8217;utiliser notre moteur de test de dactylographie en ligne pour vous entra\u00eener, car il vous fournit un rapport d\u00e9taill\u00e9 sur le nombre de points par minute et sur la pr\u00e9cision, qui vous aidera \u00e0 corriger vos erreurs.<\/p>\n\n\n<div class=\"wp-block-image\">\n<figure class=\"aligncenter size-full\"><img loading=\"lazy\" decoding=\"async\" width=\"1000\" height=\"500\" src=\"https:\/\/cpstesters.com\/wp-content\/uploads\/2022\/09\/wpm-test_mid-.jpg\" alt=\"Guide du test de dactylographie\" class=\"wp-image-622\" title=\"\" srcset=\"https:\/\/cpstesters.com\/wp-content\/uploads\/2022\/09\/wpm-test_mid-.jpg 1000w, https:\/\/cpstesters.com\/wp-content\/uploads\/2022\/09\/wpm-test_mid--300x150.jpg 300w, https:\/\/cpstesters.com\/wp-content\/uploads\/2022\/09\/wpm-test_mid--768x384.jpg 768w\" sizes=\"auto, (max-width: 1000px) 100vw, 1000px\" \/><figcaption class=\"wp-element-caption\">Guide du test de dactylographie<\/figcaption><\/figure>\n<\/div>\n\n\n<p>M\u00eame si MS Word propose \u00e9galement un rapport d&#8217;erreurs, vous devez le calculer manuellement \u00e0 chaque exercice. Et cela peut vous faire perdre tout int\u00e9r\u00eat pour la pratique.<\/p>\n\n\n\n<p>En mettant toute leur attention sur la vitesse, pratiquement tous les \u00e9tudiants commettent cette erreur critique. Ce serait bien si vous vous concentriez uniquement sur la saisie sans fautes.<\/p>\n\n\n\n<p>N&#8217;oubliez pas que la pr\u00e9cision compte plus que la vitesse de frappe. Par exemple, si votre taux de pr\u00e9cision n&#8217;est que de 85 % mais que votre vitesse est de 100 WPM, il vous faudra beaucoup de temps pour corriger les erreurs. Vous observerez que votre vitesse de frappe typique diminuera consid\u00e9rablement \u00e0 la fin.<\/p>\n\n\n\n<h2 class=\"wp-block-heading\">Dois-je m&#8217;entra\u00eener r\u00e9guli\u00e8rement \u00e0 la dactylographie ?<\/h2>\n\n\n\n<p>Il n&#8217;y a rien de mieux que les cours de dactylographie de tous les jours, c&#8217;est certain. La cl\u00e9 pour d\u00e9velopper vos capacit\u00e9s de frappe est la pratique. Vous taperez plus vite si vous utilisez souvent ce test de dactylographie.<\/p>\n\n\n\n<p>Vos capacit\u00e9s d&#8217;\u00e9criture s&#8217;am\u00e9lioreront consid\u00e9rablement si vous vous exercez \u00e0 taper \u00e0 la machine pendant dix minutes. Le test WPM est con\u00e7u pour soutenir la formation continue des dactylos. Nous suivons votre \u00e9volution afin que vous puissiez voir comment votre comp\u00e9tence et votre vitesse de frappe s&#8217;am\u00e9liorent au fil du temps. Il est essentiel d&#8217;avoir une activit\u00e9 r\u00e9guli\u00e8re pour d\u00e9velopper des capacit\u00e9s de frappe efficaces.<\/p>\n\n\n\n<h2 class=\"wp-block-heading\">Avantages du test WPM<\/h2>\n\n\n\n<p>Toute personne utilisant un ordinateur doit savoir comment taper. Vous pouvez vous concentrer sur votre travail plus facilement car vous avez plus de facilit\u00e9 \u00e0 taper. Votre attention est d\u00e9tourn\u00e9e de votre objectif lorsque vous tapez lentement et corrigez les erreurs de frappe. D\u00e9couvrez votre capacit\u00e9 \u00e0 taper \u00e0 l&#8217;aide de notre test de dactylographie avanc\u00e9.<\/p>\n\n\n\n<p>Nous vous fournissons un retour d&#8217;information complet apr\u00e8s chaque examen. Il dispose de donn\u00e9es sur votre vitesse, les endroits o\u00f9 vous ralentissez et les types d&#8217;erreurs que vous commettez. Toutes ces sp\u00e9cificit\u00e9s sont essentielles pour augmenter votre vitesse.<\/p>\n\n\n\n<p>Vous pouvez vous inscrire pour suivre votre progression. Vous pouvez consulter des tableaux de progression et faire enregistrer vos r\u00e9sultats de tests de dactylographie. La possibilit\u00e9 de poster des messages et de r\u00e9pondre \u00e0 toute question relative \u00e0 la dactylographie sur notre forum est offerte aux utilisateurs enregistr\u00e9s qui ont r\u00e9ussi trois \u00e9valuations de dactylographie ou plus.<\/p>\n\n\n\n<h2 class=\"wp-block-heading has-text-align-center\">FAQ&#8217;s<\/h2>\n\n\n\n<h3 class=\"wp-block-heading\"><strong>Comment augmenter ma vitesse de frappe ?<\/strong><\/h3>\n\n\n\n<p>Il semble qu&#8217;il y ait deux fa\u00e7ons de taper plus rapidement : la m\u00e9thode la plus rapide consiste \u00e0 apprendre \u00e0 taper correctement. Jouer \u00e0 des jeux de dactylographie est la deuxi\u00e8me approche pour augmenter votre vitesse de frappe. Jouer \u00e0 des activit\u00e9s de clavier comme Nitro Type peut am\u00e9liorer votre vitesse de frappe et augmenter votre classement en mots par minute.<\/p>\n\n\n\n<h3 class=\"wp-block-heading\"><strong>Quelle est la vitesse moyenne de frappe ?<\/strong><\/h3>\n\n\n\n<p>La vitesse moyenne de frappe est de 40 mots par minute (wpm). Si vous souhaitez \u00eatre extr\u00eamement productif, optez pour une vitesse de frappe de 65 \u00e0 70 mots par minute.<\/p>\n\n\n\n<h3 class=\"wp-block-heading\"><strong>Comment s&#8217;entra\u00eener au test de dactylographie ?<\/strong><\/h3>\n\n\n\n<p>Pour augmenter votre vitesse de frappe, vous pouvez adh\u00e9rer aux techniques sp\u00e9cifi\u00e9es. Il est judicieux de s&#8217;entra\u00eener r\u00e9guli\u00e8rement au clavier tout en respectant certaines r\u00e8gles de frappe.<\/p>\n\n\n\n<h3 class=\"wp-block-heading\"><strong>C&#8217;est bien 32 WPM ?<\/strong><\/h3>\n\n\n\n<p>Il est sup\u00e9rieur \u00e0 7,13 % de l&#8217;ensemble de nos utilisateurs. La force du tronc est la cl\u00e9 de la frappe tactile, donc plus vous tapez, plus vous devenez rapide.<\/p>\n\n\n\n<h3 class=\"wp-block-heading\"><strong>Est-ce que taper \u00e0 100 wpm est bon ?<\/strong><\/h3>\n\n\n\n<p>Vous \u00eates probablement un joueur, un hacker ou un g\u00e9nie si vous pouvez taper 90 mots par minute. En tout cas, vous vous d\u00e9brouillez tr\u00e8s bien ! 100 wpm ou plus : Vous faites partie des 1 % de dactylos les plus performantes !<\/p>\n\n\n\n<h3 class=\"wp-block-heading\"><strong>Quelle est la vitesse de frappe la plus rapide que quelqu&#8217;un ait atteinte ?<\/strong><\/h3>\n\n\n\n<p>La machine \u00e0 \u00e9crire la plus rapide du monde, selon le Guinness World Records, est Barbara Blackburn, qui peut taper \u00e0 un rythme \u00e9lev\u00e9 de 212 WPM. La dactylo la plus rapide, selon IBM Corp, est Stella Pajunas Garnand, qui peut taper 216 mots en une minute. Elle a enregistr\u00e9 cette chanson en 1946.<\/p>\n\n\n\n<h3 class=\"wp-block-heading\"><strong>Comment taper plus vite ?<\/strong><\/h3>\n\n\n\n<p>Vous devez apprendre \u00e0 vous tenir correctement, \u00e0 utiliser tous vos doigts, \u00e0 appuyer sur les bonnes touches sans regarder, et \u00e0 \u00e9viter les erreurs si vous voulez \u00e9crire plus rapidement. Vous tirerez profit de la formation \u00e0 la dactylographie si vous n&#8217;avez pas acquis l&#8217;une de ces comp\u00e9tences.<\/p>\n\n\n\n<h3 class=\"wp-block-heading\"><strong>Comment trouver mon wpm ?<\/strong><\/h3>\n\n\n\n<p>Le test des mots par minute, ou test WPM, est la mani\u00e8re la plus simple d&#8217;\u00e9valuer la vitesse de frappe. Le &#8220;mot&#8221; est compos\u00e9 de 5 caract\u00e8res en moyenne. Il suffit de diviser par cinq le nombre de mots tap\u00e9s en une minute sans aucune faute de frappe pour d\u00e9terminer le WPM. Votre vitesse de frappe serait de 20 WPM, par exemple, si vous deviez taper 100 mots par minute, espaces compris.<\/p>\n\n\n\n<p>D&#8217;autres outils de clavier :<\/p>\n\n\n\n<ul class=\"wp-block-list\">\n<li><a href=\"https:\/\/cpstesters.com\/fr\/spacebar-counter\/\" target=\"_blank\" rel=\"noreferrer noopener\">Barre d&#8217;espacement<\/a><\/li>\n\n\n\n<li><a href=\"https:\/\/cpstesters.com\/fr\/compteur-de-clavier\/\" target=\"_blank\" rel=\"noreferrer noopener\">Compteur de claviers<\/a><\/li>\n\n\n\n<li><a href=\"https:\/\/cpstesters.com\/fr\/testeur-de-clavier-pour-mac\/\" target=\"_blank\" rel=\"noreferrer noopener\">Testeur de clavier pour Mac<\/a><\/li>\n\n\n\n<li><a href=\"https:\/\/cpstesters.com\/fr\/key-rollover-test\/\">Test de renversement des cl\u00e9s<\/a><\/li>\n\n\n\n<li><a href=\"https:\/\/cpstesters.com\/fr\/test-de-latence-du-clavier\/\" target=\"_blank\" rel=\"noreferrer noopener\">Test de latence du clavier<\/a><\/li>\n\n\n\n<li><a href=\"https:\/\/cpstesters.com\/fr\/test-de-clavier-mecanique\/\" target=\"_blank\" rel=\"noreferrer noopener\">Test de clavier m\u00e9canique<\/a><\/li>\n<\/ul>\n","protected":false},"excerpt":{"rendered":"<p>Le test WPM est con\u00e7u pour \u00e9valuer votre capacit\u00e9 et votre vitesse de traitement des mots par minute. Vous pouvez vous entra\u00eener \u00e0 la saisie &#8230; <\/p>\n<p class=\"read-more-container\"><a title=\"Test WPM &#8211; Testeur de frappe en ligne de mots par minute\" class=\"read-more button\" href=\"https:\/\/cpstesters.com\/fr\/wpm-test\/#more-2628\" aria-label=\"En savoir plus sur Test WPM &#8211; Testeur de frappe en ligne de mots par minute\">Read More<\/a><\/p>\n","protected":false},"author":4,"featured_media":1687,"parent":0,"menu_order":0,"comment_status":"closed","ping_status":"closed","template":"","meta":{"footnotes":""},"class_list":["post-2628","page","type-page","status-publish","has-post-thumbnail"],"_links":{"self":[{"href":"https:\/\/cpstesters.com\/fr\/wp-json\/wp\/v2\/pages\/2628","targetHints":{"allow":["GET"]}}],"collection":[{"href":"https:\/\/cpstesters.com\/fr\/wp-json\/wp\/v2\/pages"}],"about":[{"href":"https:\/\/cpstesters.com\/fr\/wp-json\/wp\/v2\/types\/page"}],"author":[{"embeddable":true,"href":"https:\/\/cpstesters.com\/fr\/wp-json\/wp\/v2\/users\/4"}],"replies":[{"embeddable":true,"href":"https:\/\/cpstesters.com\/fr\/wp-json\/wp\/v2\/comments?post=2628"}],"version-history":[{"count":7,"href":"https:\/\/cpstesters.com\/fr\/wp-json\/wp\/v2\/pages\/2628\/revisions"}],"predecessor-version":[{"id":6294,"href":"https:\/\/cpstesters.com\/fr\/wp-json\/wp\/v2\/pages\/2628\/revisions\/6294"}],"wp:featuredmedia":[{"embeddable":true,"href":"https:\/\/cpstesters.com\/fr\/wp-json\/wp\/v2\/media\/1687"}],"wp:attachment":[{"href":"https:\/\/cpstesters.com\/fr\/wp-json\/wp\/v2\/media?parent=2628"}],"curies":[{"name":"wp","href":"https:\/\/api.w.org\/{rel}","templated":true}]}}