{"id":2608,"date":"2024-07-16T14:19:36","date_gmt":"2024-07-16T14:19:36","guid":{"rendered":"https:\/\/cpstesters.com\/test-de-renversement-de-cle-testeur-de-renversement-de-cle-nkro\/"},"modified":"2024-09-17T14:50:36","modified_gmt":"2024-09-17T14:50:36","slug":"key-rollover-test","status":"publish","type":"page","link":"https:\/\/cpstesters.com\/fr\/key-rollover-test\/","title":{"rendered":"Test de renversement de cl\u00e9 | Testeur de renversement de cl\u00e9 NKRO"},"content":{"rendered":"\n<p>Notre test de renversement des touches vous permettra de v\u00e9rifier le nombre de touches que vous pouvez enregistrer sur votre clavier m\u00e9canique !<\/p>\n<style>\r\n\ttable{\r\n\t\tbackground: #FFB15E;\r\n    color: white;\r\n    text-align: center;\t\r\n\t}\r\n\ttable td{\r\n\t\tfont-size:25px;\t\r\n\t}\r\n<\/style>\r\n\r\n<script type=\"text\/javascript\">\r\nvar keys = [];\r\nvar order = [];\r\n\r\nfunction getkeyname(keycode) {\r\n\tif(keycode >= 65 && keycode <= 90) {\r\n\t\treturn String.fromCharCode(keycode);\r\n\t}\r\n\tif(keycode >= 48 && keycode <= 57) return keycode - 48;\r\n\tif(keycode == 8) return \"&lt;BACKSPACE&gt;\";\r\n\tif(keycode == 9) return \"&lt;TAB&gt;\";\r\n\tif(keycode == 12) return \"&lt;NUM5&gt;\";\r\n\tif(keycode == 13) return \"&lt;ENTER&gt;\";\r\n\tif(keycode == 16) return \"&lt;SHIFT&gt;\";\r\n\tif(keycode == 17) return \"&lt;CTRL&gt;\";\r\n\tif(keycode == 18) return \"&lt;ALT&gt;\";\r\n\tif(keycode == 19) return \"&lt;PAUSE&gt;\";\r\n\tif(keycode == 20) return \"&lt;CAPSLOCK&gt;\";\r\n\tif(keycode == 27) return \"&lt;ESC&gt;\";\r\n\tif(keycode == 32) return \"&lt;SPACE&gt;\";\r\n\tif(keycode == 33) return \"&lt;PAGEUP&gt;\";\r\n\tif(keycode == 34) return \"&lt;PAGEDOWN&gt;\";\r\n\tif(keycode == 35) return \"&lt;END&gt;\";\r\n\tif(keycode == 36) return \"&lt;HOME&gt;\";\r\n\tif(keycode == 37) return \"&lt;LEFTARROW&gt;\";\r\n\tif(keycode == 38) return \"&lt;UPARROW&gt;\";\r\n\tif(keycode == 39) return \"&lt;RIGHTARROW&gt;\";\r\n\tif(keycode == 40) return \"&lt;DOWNARROW&gt;\";\r\n\tif(keycode == 45) return \"&lt;INSERT&gt;\";\r\n\tif(keycode == 46) return \"&lt;DELETE&gt;\";\r\n\tif(keycode == 59) return \";\";\r\n\tif(keycode == 91) return \"&lt;LEFTWINDOWS&gt;\";\r\n\tif(keycode == 92) return \"&lt;RIGHTWINDOWS&gt;\";\r\n\tif(keycode == 93) return \"&lt;MENU&gt;\";\r\n\tif(keycode >= 96 && keycode <= 105) return \"&lt;NUM\" + (keycode - 96) + \"&gt;\";\r\n\tif(keycode == 106) return \"&lt;MULTIPLY&gt;\";\r\n\tif(keycode == 107) return \"&lt;ADD&gt;\";\r\n\tif(keycode == 109) return \"&lt;SUBTRACT&gt;\";\r\n\tif(keycode == 110) return \"&lt;DECIMAL&gt;\";\r\n\tif(keycode == 111) return \"&lt;DIVIDE&gt;\";\r\n\tif(keycode >= 112 && keycode <= 123) return \"&lt;F\" + (keycode - 111) + \"&gt;\";\r\n\tif(keycode == 144) return \"&lt;NUMLOCK&gt;\";\r\n\tif(keycode == 145) return \"&lt;SCROLLLOCK&gt;\";\r\n\tif(keycode == 186) return \"&lt;SEMICOLON&gt;\";\r\n\tif(keycode == 187) return \"&lt;EQUALS&gt;\";\r\n\tif(keycode == 188) return \",\";\r\n\tif(keycode == 189) return \"&lt;DASH&gt;\";\r\n\tif(keycode == 190) return \".\";\r\n\tif(keycode == 191) return \"\/\";\r\n\tif(keycode == 192) return \"&lt;BACKTICK&gt;\";\r\n\tif(keycode == 219) return \"[\";\r\n\tif(keycode == 220) return \"\\\\\";\r\n\tif(keycode == 221) return \"]\";\r\n\tif(keycode == 222) return \"'\";\r\n\treturn \"&lt;\" + keycode + \"&gt;\";\r\n}\r\n\r\n\/\/This prototype is provided by the Mozilla foundation and\r\n\/\/is distributed under the MIT license.\r\n\/\/http:\/\/www.ibiblio.org\/pub\/Linux\/LICENSES\/mit.license\r\nif (!Array.prototype.map)\r\n{\r\n  Array.prototype.map = function(fun \/*, thisp*\/)\r\n  {\r\n    var len = this.length;\r\n    if (typeof fun != \"function\")\r\n      throw new TypeError();\r\n\r\n    var res = new Array(len);\r\n    var thisp = arguments[1];\r\n    for (var i = 0; i < len; i++)\r\n    {\r\n      if (i in this)\r\n        res[i] = fun.call(thisp, this[i], i, this);\r\n    }\r\n\r\n    return res;\r\n  };\r\n}\r\n\r\nfunction update() {\r\n\tdocument.getElementById('disp').innerHTML = order.map(getkeyname).join(\"\");\r\n\tdocument.getElementById('count').innerHTML = order.length;\r\n}\r\n\r\nfunction remove(which) {\r\n\tfor(var i = 0; i < order.length; i++) {\r\n\t\tif(order[i] == which) {\r\n\t\t\torder.splice(i, 1);\r\n\t\t\treturn;\r\n\t\t}\r\n\t}\r\n}\r\n\r\nfunction getkeycode(e) {\r\n\tvar keycode;\r\n\tif (window.event) keycode = window.event.keyCode;\r\n\telse if (e) keycode = e.which;\r\n\treturn keycode;\r\n}\r\n\r\njQuery(\"body\").keyup(function(){\r\n\tc=getkeycode(event); keys[c] = ''; remove(c); update();\r\n});\r\njQuery(\"body\").keydown(function(){\r\n\tc=getkeycode(event); if(keys[c] == c) return \r\nfalse; keys[c] = c; order[order.length] = c; update(); return false;\r\n});\r\n\t\r\n<\/script>\r\n\r\n<p>Directions: Type some keys.<p>\r\n\r\n<table border = 1 width=500>\r\n<tr><td>\r\n<p><br><\/p>\r\n Keys accepted: <span id=\"disp\"><\/span><br>\r\n Count: <span id=\"count\"><\/span><br>\r\n<p><br><\/p>\r\n\r\n<\/td><\/tr><\/table>\n\n<p><\/p>\n\n<div style=\"height:5px\" aria-hidden=\"true\" class=\"wp-block-spacer\"><\/div>\n\n<h2 class=\"wp-block-heading\">Qu&#8217;est-ce que le roulement des cl\u00e9s ?<\/h2>\n\n<p>Le nombre de touches qu&#8217;un clavier peut enregistrer simultan\u00e9ment est appel\u00e9 &#8220;roulement de touches&#8221;. Lorsque l&#8217;on \u00e9crit &#8220;x-key rollover&#8221; (o\u00f9 x est un nombre), le x repr\u00e9sente le nombre maximal de touches pouvant \u00eatre utilis\u00e9es. Il s&#8217;agit donc d&#8217;une garantie que chaque combinaison de x cl\u00e9s al\u00e9atoires fonctionnera comme pr\u00e9vu.<\/p>\n\n<p>Un clavier sans aucune restriction est appel\u00e9 un &#8220;N-key rollover&#8221;, ce qui signifie que vous pouvez appuyer sur toutes les touches \u00e0 la fois.<\/p>\n\n<h2 class=\"wp-block-heading\">Test de renversement des cl\u00e9s<\/h2>\n\n<p>Le test de renversement du clavier est utilis\u00e9 pour v\u00e9rifier combien de touches un clavier peut enregistrer en m\u00eame temps. Par exemple, le retournement de 6 touches vous permet d&#8217;appuyer simultan\u00e9ment sur six touches quelconques et de les faire toutes enregistrer correctement. Il convient de noter que rien ne garantit que les combinaisons comportant plus de six touches fonctionneront \u00e9galement, et qu&#8217;il n&#8217;y a donc pas de limite sup\u00e9rieure.<\/p>\n\n<p>M\u00eame si la majorit\u00e9 des fabricants suivent le r\u00e9sum\u00e9 d\u00e9fini du roulement de cl\u00e9, certains ont employ\u00e9 des comptages assez inhabituels pour arriver \u00e0 une valeur de roulement de cl\u00e9 plus importante. Le comptage du <a href=\"https:\/\/www.tomshardware.com\/reviews\/-n-key-rollover-nkro-definition,5751.html\" target=\"_blank\" rel=\"noreferrer noopener\">retournement des touches<\/a> courantes est l&#8217;une de ces approches de comptage alternatives qui incorpore, par exemple, les combinaisons de touches possibles pour les touches de modification (Ctrl, Alt, Shift, etc.). Cela ne correspond manifestement pas \u00e0 la description.<\/p>\n<div class=\"wp-block-image\">\n<figure class=\"aligncenter size-full\"><img loading=\"lazy\" decoding=\"async\" width=\"1000\" height=\"500\" src=\"https:\/\/cpstesters.com\/wp-content\/uploads\/2022\/09\/Keyboard-Rollover-Test-1.jpg\" alt=\"Test de renversement des cl&#xE9;s\" class=\"wp-image-626\" title=\"\" srcset=\"https:\/\/cpstesters.com\/wp-content\/uploads\/2022\/09\/Keyboard-Rollover-Test-1.jpg 1000w, https:\/\/cpstesters.com\/wp-content\/uploads\/2022\/09\/Keyboard-Rollover-Test-1-300x150.jpg 300w, https:\/\/cpstesters.com\/wp-content\/uploads\/2022\/09\/Keyboard-Rollover-Test-1-768x384.jpg 768w\" sizes=\"auto, (max-width: 1000px) 100vw, 1000px\" \/><figcaption class=\"wp-element-caption\">Test de renversement des cl\u00e9s<\/figcaption><\/figure>\n<\/div>\n<p class=\"has-text-align-center has-base-background-color has-background has-medium-font-size\"><em>Avant de v\u00e9rifier cela, vous pouvez \u00e9galement v\u00e9rifier votre frappe gr\u00e2ce au <a href=\"https:\/\/cpstesters.com\/fr\/test-wpm\/\" target=\"_blank\" rel=\"noreferrer noopener\">test des mots par minute<\/a>!<\/em><\/p>\n\n<h2 class=\"wp-block-heading\">Comment tester NKRO sur votre clavier ?<\/h2>\n\n<p>Vous pouvez simplement ex\u00e9cuter le test de renversement des touches n ou test NKRO en utilisant un programme de texte comme Microsoft Word en plus de consulter les exigences du fabricant pour voir quel renversement des touches n votre clavier offre.<\/p>\n\n<p>Commencez par appuyer simultan\u00e9ment sur deux touches, en notant les touches sur lesquelles vous appuyez. Ensuite, remontez d&#8217;une touche et faites correspondre vos r\u00e9sultats aux pressions de touches vues sur votre \u00e9cran.<\/p>\n\n<p>Assurez-vous que le NKRO est activ\u00e9 si vous anticipez le NKRO de votre clavier mais que vous ne voyez pas le bon nombre de frappes. Sur certains claviers, vous devez appuyer sur une certaine combinaison de touches ou activer le logiciel du clavier afin d&#8217;activer la fonction NKRO.<\/p>\n\n<h2 class=\"wp-block-heading has-text-align-center\">FAQ&#8217;s<\/h2>\n\n<h3 class=\"wp-block-heading\"><strong>Quel est le retournement de mon clavier ?<\/strong><\/h3>\n\n<p>Appuyez sur les touches trois, quatre et cinq en m\u00eame temps pour tester le num\u00e9ro de retournement. Le clavier est dot\u00e9 d&#8217;un dispositif de retournement si de nombreuses touches sont affich\u00e9es \u00e0 l&#8217;\u00e9cran en m\u00eame temps.<\/p>\n\n<h3 class=\"wp-block-heading\"><strong>Comment puis-je tester mon clavier de renversement ?<\/strong><\/h3>\n\n<p>Pour v\u00e9rifier votre clavier \u00e0 retournement, essayez notre test en ligne de retournement des touches. C&#8217;est l&#8217;approche la plus rapide et la plus simple pour montrer des r\u00e9sultats pr\u00e9cis.<\/p>\n\n<h3 class=\"wp-block-heading\"><strong>Qu&#8217;est-ce qu&#8217;un bon retournement de cl\u00e9 ?<\/strong><\/h3>\n\n<p>Pour la saisie, le retournement \u00e0 2 touches est conseill\u00e9. Un roulement de six cl\u00e9s est conseill\u00e9 pour les jeux. Dans les jeux, il est fort probable que vous rencontriez rapidement des combinaisons de touches qui ne fonctionnent pas et que vous ayez une exp\u00e9rience de jeu d\u00e9plorable.<\/p>\n\n<h3 class=\"wp-block-heading\"><strong>Un roulement de 6 cl\u00e9s est-il suffisant pour les jeux ?<\/strong><\/h3>\n\n<p>Les grands claviers de jeu comprennent au moins 6 touches de roulement pour \u00e9viter les images fant\u00f4mes. De nombreux joueurs et autres personnes qui tapent rapidement peuvent utiliser la grande capacit\u00e9 de frappe simultan\u00e9e de 6KRO.<\/p>\n\n<h3 class=\"wp-block-heading\"><strong>Est-ce que tous les claviers m\u00e9caniques sont des claviers N-key rollover ?<\/strong><\/h3>\n\n<p>Les claviers \u00e0 membrane ne sont pas reconnus pour avoir un retournement de n-cl\u00e9 en raison des limitations de leur construction, alors que les claviers m\u00e9caniques le sont.<\/p>\n\n<p>V\u00e9rifiez aussi ces outils :<\/p>\n\n<ul class=\"wp-block-list\">\n<li><a href=\"https:\/\/cpstesters.com\/fr\/\" target=\"_blank\" rel=\"noreferrer noopener\">Test du clic par seconde<\/a><\/li>\n\n\n\n<li><a href=\"https:\/\/cpstesters.com\/fr\/test-de-latence-du-clavier\/\" target=\"_blank\" rel=\"noreferrer noopener\">Test de latence du clavier<\/a><\/li>\n\n\n\n<li><a href=\"https:\/\/cpstesters.com\/fr\/spacebar-counter\/\" target=\"_blank\" rel=\"noreferrer noopener\">Barre d&#8217;espacement<\/a><\/li>\n\n\n\n<li><a href=\"https:\/\/cpstesters.com\/fr\/keyboard-test\/\" target=\"_blank\" rel=\"noreferrer noopener\">Test de clavier en ligne<\/a><\/li>\n\n\n\n<li><a href=\"https:\/\/cpstesters.com\/fr\/testeur-de-clavier-mac\/\" target=\"_blank\" rel=\"noreferrer noopener\">Testeur de clavier pour Mac<\/a><\/li>\n<\/ul>\n","protected":false},"excerpt":{"rendered":"<p>Notre test de renversement des touches vous permettra de v\u00e9rifier le nombre de touches que vous pouvez enregistrer sur votre clavier m\u00e9canique ! Qu&#8217;est-ce que &#8230; <\/p>\n<p class=\"read-more-container\"><a title=\"Test de renversement de cl\u00e9 | Testeur de renversement de cl\u00e9 NKRO\" class=\"read-more button\" href=\"https:\/\/cpstesters.com\/fr\/key-rollover-test\/#more-2608\" aria-label=\"En savoir plus sur Test de renversement de cl\u00e9 | Testeur de renversement de cl\u00e9 NKRO\">Read More<\/a><\/p>\n","protected":false},"author":4,"featured_media":1711,"parent":0,"menu_order":0,"comment_status":"closed","ping_status":"closed","template":"","meta":{"footnotes":""},"class_list":["post-2608","page","type-page","status-publish","has-post-thumbnail"],"_links":{"self":[{"href":"https:\/\/cpstesters.com\/fr\/wp-json\/wp\/v2\/pages\/2608","targetHints":{"allow":["GET"]}}],"collection":[{"href":"https:\/\/cpstesters.com\/fr\/wp-json\/wp\/v2\/pages"}],"about":[{"href":"https:\/\/cpstesters.com\/fr\/wp-json\/wp\/v2\/types\/page"}],"author":[{"embeddable":true,"href":"https:\/\/cpstesters.com\/fr\/wp-json\/wp\/v2\/users\/4"}],"replies":[{"embeddable":true,"href":"https:\/\/cpstesters.com\/fr\/wp-json\/wp\/v2\/comments?post=2608"}],"version-history":[{"count":4,"href":"https:\/\/cpstesters.com\/fr\/wp-json\/wp\/v2\/pages\/2608\/revisions"}],"predecessor-version":[{"id":4215,"href":"https:\/\/cpstesters.com\/fr\/wp-json\/wp\/v2\/pages\/2608\/revisions\/4215"}],"wp:featuredmedia":[{"embeddable":true,"href":"https:\/\/cpstesters.com\/fr\/wp-json\/wp\/v2\/media\/1711"}],"wp:attachment":[{"href":"https:\/\/cpstesters.com\/fr\/wp-json\/wp\/v2\/media?parent=2608"}],"curies":[{"name":"wp","href":"https:\/\/api.w.org\/{rel}","templated":true}]}}