{"id":2487,"date":"2024-07-16T14:22:16","date_gmt":"2024-07-16T14:22:16","guid":{"rendered":"https:\/\/cpstesters.com\/test-manuel-de-clics-verifiez-la-vitesse-de-votre-cps\/"},"modified":"2024-09-17T15:17:44","modified_gmt":"2024-09-17T15:17:44","slug":"test-manuel-du-clic","status":"publish","type":"page","link":"https:\/\/cpstesters.com\/fr\/test-manuel-du-clic\/","title":{"rendered":"Test manuel de clics | V\u00e9rifiez la vitesse de votre CPS"},"content":{"rendered":"\n<p>Le test de clics manuel est un jeu de clics qui sert \u00e0 compter vos clics dans le cadre temporel manuel d\u00e9fini par vous. Commencez maintenant et profitez-en !<\/p>\n     \r\n<div class=\"row\">\r\n\t<div class=\"col-md-4\">\r\n\r\n\t\t\r\n\t\t\r\n\t\t<div class=\"side_nav\">\r\n            \r\n            \r\n            <ul class=\"time\">\r\n            <li>\r\n            <span data-time=\"1.00\">1 Second Test<\/span>\r\n            <\/li><li>\r\n           <span data-time=\"2.00\">2 Second Test<\/span>\r\n            <\/li><li>\r\n         <span data-time=\"5.00\">5 Second Test<\/span>\r\n            <\/li><li>\r\n\t\t\t<span data-time=\"10.00\">10 Second Test<\/span>\r\n            <\/li><li>\r\n            <span data-time=\"15.00\">15 Second Test<\/span>\r\n            <\/li>\r\n\t\t\t<li>\r\n            <span data-time=\"30.00\">30 Second Test<\/span>\r\n            <\/li>\r\n\t\t\t\t<li>\r\n            <span data-time=\"60.00\">60 Second Test<\/span>\r\n            <\/li>\r\n\t\t\t\t<li>\r\n            <span data-time=\"100.00\">100 Second Test<\/span>\r\n            <\/li>\r\n\t\t\t\r\n\t\t\t\r\n\t\t\t<\/ul>\r\n            <\/div>\r\n\t\t\r\n\t\t\r\n\t<\/div>\r\n\t<div class=\"col-md-8\">\r\n\t\t<section class=\"section section--full js-section-full section--click\">\r\n               <div class=\"container\">\r\n\t\t\t\t   \r\n\t\t\t\t         <div class=\"setting\">\r\n    <div class=\"theme-mode\"><a class=\"theme-mode__switch js-switch\" href=\"javascript:void(0);\"><\/a>\r\n        <div class=\"theme-mode__text\">Light \/ Dark mode<\/div>\r\n    <\/div>\r\n\t\t\t\t\t\t\t \r\n\t\t<div class=\"manual-form\">\r\n\t\t\t<input id=\"manual_seconds\" type=\"number\" placeholder=\"Seconds\">\r\n\t\t\t<button id=\"start_manual\">Start<\/button>\r\n\t\t\t\t\t\t\t <\/div>\r\n\t\t\t\t\t\t\t \r\n<\/div>\r\n\t\t\t\t   \r\n\t\t\t\t   \r\n                  <div class=\"statistics\">\r\n                     <div class=\"statistics__item statistics__item--timer\">\r\n                        <div class=\"statistics__number\">\r\n                           <span class=\"js-time number_timer\">5.00<\/span>\r\n                           <a class=\"statistics__arrow statistics__arrow--up js-time-up\" href=\"javascript:void(0);\">\r\n                              <svg class=\"icon icon-arrow-up \">\r\n                                 <use xlink:href=\"\/wp-content\/themes\/generatepress\/tools\/assets\/img\/spritesvg.svg#arrow-up\"><\/use>\r\n                              <\/svg>\r\n                           <\/a>\r\n                           <a class=\"statistics__arrow statistics__arrow--down js-time-down\" href=\"javascript:void(0);\">\r\n                              <svg class=\"icon icon-arrow-up \">\r\n                                 <use xlink:href=\"\/wp-content\/themes\/generatepress\/tools\/assets\/img\/spritesvg.svg#arrow-up\"><\/use>\r\n                              <\/svg>\r\n                           <\/a>\r\n                        <\/div>\r\n                        <div class=\"statistics__title\">Timer<\/div>\r\n                     <\/div>\r\n                     <div class=\"statistics__item statistics__item--clicks\">\r\n                        <div class=\"statistics__number number_clicks js-speed\">0.00<\/div>\r\n                        <div class=\"statistics__title\">Clicks \/ s<\/div>\r\n                     <\/div>\r\n                     <div class=\"statistics__item statistics__item--score\">\r\n                        <div class=\"statistics__number number_score js-score\">0<\/div>\r\n                        <div class=\"statistics__title\">Score<\/div>\r\n                     <\/div>\r\n                  <\/div>\r\n                  <div class=\"clicks-zone\">\r\n                     <div class=\"clicks-zone__start js-clicks-start\">\r\n                        <svg class=\"icon icon-click \">\r\n                           <use xlink:href=\"\/wp-content\/themes\/generatepress\/tools\/assets\/img\/spritesvg.svg#click\"><\/use>\r\n                        <\/svg>\r\n                        <div class=\"clicks-zone__start-title\">\u0421lick here to start cps test<\/div>\r\n                     <\/div>\r\n                     <div class=\"clicks-zone__clicks js-clicks\"><\/div>\r\n                     <div class=\"clicks-zone__result result-clicks js-clicks-result\">\r\n                        <div class=\"result-clicks__title rank-wrapper\"><\/div>\r\n                        <div class=\"result-clicks__text\">Your CPS result is <span class=\"speed js-stat-speed\"><\/span> (<span class=\"clicks js-stat-clicks\"><\/span> Clicks in <span class=\"time js-stat-time\"><\/span> Seconds)<\/div>\r\n                        <div class=\"result-clicks__img\"><img><\/div>\r\n                        <a class=\"result-clicks__btn js-try-again\" href=\"javascript:void(0);\">\r\n                           <svg class=\"icon icon-again \">\r\n                              <use xlink:href=\"\/wp-content\/themes\/generatepress\/tools\/assets\/img\/spritesvg.svg#again\"><\/use>\r\n                           <\/svg>\r\n                           Restart\r\n                        <\/a>\r\n                        <div class=\"result-clicks__share\">\r\n                           <div class=\"result-clicks__share-title\">Share your result with friends!<\/div>\r\n                           <div class=\"share-buttons\">\r\n                              <a class=\"share-button facebook\" data-href=\"https:\/\/www.facebook.com\/sharer\/sharer.php?u=https:\/\/cpstesters.com\/\" target=\"_blank\" onclick=\"goclicky(this); return false;\" rel=\"noopener\">Facebook<\/a>\r\n                              <a class=\"share-button twitter\" data-href=\"http:\/\/www.twitter.com\/share?url=https:\/\/cpstesters.com\/&text=[text]\" target=\"_blank\" onclick=\"goclicky(this); return false;\" rel=\"noopener\">Twitter<\/a>\r\n                              <a class=\"share-button whatsapp\" data-href=\"https:\/\/api.whatsapp.com\/send?text=[text]\" target=\"_blank\" onclick=\"goclicky(this); return false;\" rel=\"noopener\">WhatsApp<\/a>\r\n                              <a class=\"share-button reddit\" data-href=\"http:\/\/www.reddit.com\/submit?url=https:\/\/cpstesters.com\/&title=[text]\" target=\"_blank\" onclick=\"goclicky(this); return false;\" rel=\"noopener\">Reddit<\/a>\r\n                           <\/div>\r\n                        <\/div>\r\n                     <\/div>\r\n                  <\/div>\r\n                  <img decoding=\"async\" src=\"\/wp-content\/themes\/generatepress\/tools\/assets\/img\/test_result\/3\/1.png\" style=\"display: none\" alt=\"\" title=\"\">\r\n                  <img decoding=\"async\" src=\"\/wp-content\/themes\/generatepress\/tools\/assets\/img\/test_result\/5\/1.png\" style=\"display: none\" alt=\"\" title=\"\">\r\n                  <img decoding=\"async\" src=\"\/wp-content\/themes\/generatepress\/tools\/assets\/img\/test_result\/1\/1.png\" style=\"display: none\" alt=\"\" title=\"\">\r\n                  <img decoding=\"async\" src=\"\/wp-content\/themes\/generatepress\/tools\/assets\/img\/test_result\/2\/1.png\" style=\"display: none\" alt=\"\" title=\"\">\r\n                  <img decoding=\"async\" src=\"\/wp-content\/themes\/generatepress\/tools\/assets\/img\/test_result\/0\/1.png\" style=\"display: none\" alt=\"\" title=\"\">\r\n                  <img decoding=\"async\" src=\"\/wp-content\/themes\/generatepress\/tools\/assets\/img\/test_result\/6\/1.png\" style=\"display: none\" alt=\"\" title=\"\">\r\n                  <img decoding=\"async\" src=\"\/wp-content\/themes\/generatepress\/tools\/assets\/img\/test_result\/7\/1.png\" style=\"display: none\" alt=\"\" title=\"\">\r\n                  <img decoding=\"async\" src=\"\/wp-content\/themes\/generatepress\/tools\/assets\/img\/test_result\/4\/1.png\" style=\"display: none\" alt=\"\" title=\"\">\r\n                  <script>\r\n                     var test_result = {\"ratings\":{\"min\":0,\"max\":5},\"rating_ranks\":[\"Your Rank is Snail!\",\"Your Rank is Koala!\",\"Your Rank is Turtle!\",\"Your Rank is Panda!\",\"Your Rank is Hare!\",\"Your Rank is Kangaroo!\",\"Your Rank is Panther!\",\"Your Rank is Cheetah!\"],\"cps_scale\":[[0,1],[1,3],[3,5],[5,7],[7,9],[9,10],[10,12],[12,999]],\"files\":{\"3\":[\"\\\/wp-content\\\/themes\\\/generatepress\\\/tools\\\\assets\\\/img\\\/test_result\\\/3\\\/1.png\"],\"5\":[\"\\\/wp-content\\\/themes\\\/generatepress\\\/tools\\\\assets\\\/img\\\/test_result\\\/5\\\/1.png\"],\"1\":[\"\\\/wp-content\\\/themes\\\/generatepress\\\/tools\\\\assets\\\/img\\\/test_result\\\/1\\\/1.png\"],\"2\":[\"\\\/wp-content\\\/themes\\\/generatepress\\\/tools\\\\assets\\\/img\\\/test_result\\\/2\\\/1.png\"],\"0\":[\"\\\/wp-content\\\/themes\\\/generatepress\\\/tools\\\\assets\\\/img\\\/test_result\\\/0\\\/1.png\"],\"6\":[\"\\\/wp-content\\\/themes\\\/generatepress\\\/tools\\\\assets\\\/img\\\/test_result\\\/6\\\/1.png\"],\"7\":[\"\\\/wp-content\\\/themes\\\/generatepress\\\/tools\\\\assets\\\/img\\\/test_result\\\/7\\\/1.png\"],\"4\":[\"\\\/wp-content\\\/themes\\\/generatepress\\\/tools\\\\assets\\\/img\\\/test_result\\\/4\\\/1.png\"]}};\r\n                     var language = {\"code\":\"en\",\"name\":\"English\",\"prefix\":\"\"};\r\n                     var monitoringClickEvent = 'left';\r\n                     var shareTextDefault = 'My Manual Click Test result is {speed} ({clicks} Clicks in {time} Seconds)';\r\n                  <\/script>        \r\n               <\/div>\r\n            <\/section>\r\n\t\t\r\n\t<\/div>\r\n<\/div>\r\n\r\n    <script src=\"\/wp-content\/themes\/generatepress\/tools\/assets\/js\/libs.min.js\"><\/script>\r\n      <script src=\"\/wp-content\/themes\/generatepress\/tools\/assets\/js\/main.min.js?v64\"><\/script>\r\n\n\n<p><\/p>\n\n<p>Les utilisateurs du test manuel de clics peuvent tester leur vitesse de clics sans restriction de temps. Il vous suffit de continuer \u00e0 cliquer \u00e0 la m\u00eame vitesse aussi longtemps que possible car, contrairement au test CPS habituel, celui-ci ne se termine pas automatiquement apr\u00e8s un certain temps. Une fois le test termin\u00e9, vous pouvez y mettre fin manuellement.<\/p>\n\n<h2 class=\"wp-block-heading\">Test manuel du CPS<\/h2>\n\n<p>Lorsque vous voulez \u00e9valuer votre capacit\u00e9 \u00e0 cliquer, tous les sc\u00e9narios tels que l&#8217;\u00e9tablissement d&#8217;un chronom\u00e8tre pour un test de vitesse de clic sont \u00e9limin\u00e9s. Il est impossible d&#8217;\u00e9valuer votre vitesse de clic dans une fourchette de temps donn\u00e9e. C&#8217;est pourquoi nous avons mis au point un syst\u00e8me qui vous permet de tester votre vitesse de clic actuelle sur un temps infini et de d\u00e9terminer combien de temps vous pouvez continuer \u00e0 cliquer \u00e0 un certain taux par seconde.<\/p>\n\n<p>Le test CPS manuel calcule le nombre de clics de souris qu&#8217;un individu peut effectuer dans un nombre de secondes pr\u00e9d\u00e9termin\u00e9. Vous pouvez v\u00e9rifier gratuitement votre vitesse de clic en ligne en utilisant l&#8217;un des nombreux sites de test de vitesse de clic.<\/p>\n<div class=\"wp-block-image\">\n<figure class=\"aligncenter size-full\"><img loading=\"lazy\" decoding=\"async\" width=\"1000\" height=\"500\" src=\"https:\/\/cpstesters.com\/wp-content\/uploads\/2022\/08\/Manual_Click-Test.jpg\" alt=\"Test manuel du clic\" class=\"wp-image-315\" title=\"\" srcset=\"https:\/\/cpstesters.com\/wp-content\/uploads\/2022\/08\/Manual_Click-Test.jpg 1000w, https:\/\/cpstesters.com\/wp-content\/uploads\/2022\/08\/Manual_Click-Test-300x150.jpg 300w, https:\/\/cpstesters.com\/wp-content\/uploads\/2022\/08\/Manual_Click-Test-768x384.jpg 768w\" sizes=\"auto, (max-width: 1000px) 100vw, 1000px\" \/><figcaption class=\"wp-element-caption\">Test manuel du clic<\/figcaption><\/figure>\n<\/div>\n<h2 class=\"wp-block-heading\">Comment fonctionne le test manuel du clic ?<\/h2>\n\n<p>Le compteur de clics int\u00e9gr\u00e9 ajoute des clics d\u00e8s que l&#8217;utilisateur commence \u00e0 jouer. En outre, d\u00e8s que l&#8217;utilisateur clique sur la case \u00e0 cocher &#8220;Start Playing&#8221; pour la premi\u00e8re session, le compte \u00e0 rebours commence.<\/p>\n\n<p>Le compteur de clics augmente au fur et \u00e0 mesure que les clics se succ\u00e8dent. Une fois le temps imparti \u00e9coul\u00e9, les valeurs du CPM (Clics par minute) et du CPS (Clics par seconde) sont enfin affich\u00e9es. Le moniteur, cependant, ne fonctionnera que dans la zone d\u00e9sign\u00e9e. Pour obtenir le r\u00e9sultat souhait\u00e9, il suffit de cliquer sur la zone de jeu id\u00e9ale.<\/p>\n\n<p class=\"has-text-align-center has-base-background-color has-background has-medium-font-size\">Passez \u00e9galement un <a href=\"https:\/\/cpstesters.com\/fr\/\" target=\"_blank\" rel=\"noreferrer noopener\">test CPS<\/a> complet avant de vous rendre au test manuel  <\/p>\n\n<h2 class=\"wp-block-heading\">Diff\u00e9rentes dur\u00e9es du test CPS<\/h2>\n\n<ul class=\"wp-block-list\">\n<li>Test de 3 secondes<\/li>\n\n\n\n<li>Test de 4 secondes<\/li>\n\n\n\n<li>Test de 5 secondes<\/li>\n\n\n\n<li>Test de 10 secondes<\/li>\n\n\n\n<li>Test de 15 secondes<\/li>\n\n\n\n<li>Test de 30 secondes<\/li>\n\n\n\n<li>Test de 60 secondes<\/li>\n\n\n\n<li>Test de 100 secondes<\/li>\n<\/ul>\n\n<p>Vous pouvez choisir n&#8217;importe quelle dur\u00e9e pour le test du clic ; si vous \u00eates un d\u00e9butant, commencez par 3 secondes et suivez votre \u00e9volution. Inscrivez votre record pour les 10 secondes suivantes. Entra\u00eenez-vous beaucoup pour vous am\u00e9liorer si vous voulez cliquer plus rapidement sur les jeux.<\/p>\n\n<h2 class=\"wp-block-heading\">Caract\u00e9ristiques d&#8217;un test manuel au clic<\/h2>\n\n<h3 class=\"wp-block-heading\"><strong>1.<\/strong> <strong>Pas de calendrier<\/strong><\/h3>\n\n<p>Le principal avantage de cette strat\u00e9gie est qu&#8217;elle n&#8217;est pas limit\u00e9e dans le temps. Le test peut \u00eatre arr\u00eat\u00e9 \u00e0 tout moment. Vos performances en mati\u00e8re de clics s&#8217;en trouvent am\u00e9lior\u00e9es.<\/p>\n\n<h3 class=\"wp-block-heading\"><strong>2.<\/strong> <strong>Relevez le d\u00e9fi<\/strong><\/h3>\n\n<p>En utilisant le mode de test de clic manuel cps, vous pouvez voir \u00e0 quelle vitesse vous pouvez cliquer. Il teste votre capacit\u00e9 \u00e0 maintenir le taux de clics par seconde pendant une p\u00e9riode prolong\u00e9e.<\/p>\n\n<h2 class=\"wp-block-heading has-text-align-center\">FAQ&#8217;s<\/h2>\n\n<h3 class=\"wp-block-heading\"><strong>Comment d\u00e9terminer mon taux de clics par seconde (cps) ?<\/strong><\/h3>\n\n<p>Le nombre total de clics \/ le temps total en secondes est \u00e9gal au nombre de clics par seconde (CPS). Il suffit de suivre les instructions simples pour v\u00e9rifier votre score de clics par seconde.  <\/p>\n\n<h3 class=\"wp-block-heading\"><strong>Quel est le taux de CPS du clic ?<\/strong><\/h3>\n\n<p>Le CPS correspond aux clics par seconde en moyenne. Il sert \u00e0 mesurer la vitesse \u00e0 laquelle vous pouvez appuyer sur une souris. Le taux CPS est le r\u00e9sultat du test de vitesse du clic.<\/p>\n\n<h3 class=\"wp-block-heading\"><strong>Comment puis-je effectuer un test de clic manuel ?<\/strong><\/h3>\n\n<p>Sous le test primaire, s\u00e9lectionnez le bouton &#8220;Test du clic manuel&#8221;. Vous \u00eates maintenant sur la page du test manuel du clic. Cliquez sur le bouton vert pour lancer le test. Autant que vous le pouvez, continuez \u00e0 cliquer.<\/p>\n\n<h2 class=\"wp-block-heading\">Conclusion du test CPS manuel<\/h2>\n\n<p>Il est enti\u00e8rement gratuit et constitue une solution unique pour mesurer la vitesse de clic de votre souris. Tout type d&#8217;appareil, y compris un t\u00e9l\u00e9phone mobile, un ordinateur, un ordinateur de bureau, un iPad, etc. peut utiliser la plateforme. Il est \u00e9galement tr\u00e8s l\u00e9ger et rapide. Les r\u00e9sultats sont \u00e9galement exacts \u00e0 100 %. Il n&#8217;y a donc aucune possibilit\u00e9 de fausse sortie.<\/p>\n\n<p>Nous avons d&#8217;autres tests que vous pourriez vouloir v\u00e9rifier :<\/p>\n\n<ul class=\"wp-block-list\">\n<li><a href=\"https:\/\/cpstesters.com\/fr\/drag-click-test\/\" target=\"_blank\" rel=\"noreferrer noopener\">Test du glisser-cliquer<\/a><\/li>\n\n\n\n<li><a href=\"https:\/\/cpstesters.com\/fr\/double-click-test\/\" target=\"_blank\" rel=\"noreferrer noopener\">Test du double clic<\/a><\/li>\n\n\n\n<li><a href=\"https:\/\/cpstesters.com\/fr\/test-de-defilement-de-la-souris\/\" target=\"_blank\" rel=\"noreferrer noopener\">Test de d\u00e9filement de la souris<\/a><\/li>\n\n\n\n<li><a href=\"https:\/\/cpstesters.com\/fr\/spacebar-counter\/\" target=\"_blank\" rel=\"noreferrer noopener\">Barre d&#8217;espacement<\/a><\/li>\n\n\n\n<li><a href=\"https:\/\/cpstesters.com\/fr\/test-du-clavier\/\" target=\"_blank\" rel=\"noreferrer noopener\">Test du clavier<\/a><\/li>\n<\/ul>\n","protected":false},"excerpt":{"rendered":"<p>Le test de clics manuel est un jeu de clics qui sert \u00e0 compter vos clics dans le cadre temporel manuel d\u00e9fini par vous. Commencez &#8230; <\/p>\n<p class=\"read-more-container\"><a title=\"Test manuel de clics | V\u00e9rifiez la vitesse de votre CPS\" class=\"read-more button\" href=\"https:\/\/cpstesters.com\/fr\/test-manuel-du-clic\/#more-2487\" aria-label=\"En savoir plus sur Test manuel de clics | V\u00e9rifiez la vitesse de votre CPS\">Read More<\/a><\/p>\n","protected":false},"author":4,"featured_media":1147,"parent":0,"menu_order":0,"comment_status":"closed","ping_status":"closed","template":"","meta":{"footnotes":""},"class_list":["post-2487","page","type-page","status-publish","has-post-thumbnail"],"_links":{"self":[{"href":"https:\/\/cpstesters.com\/fr\/wp-json\/wp\/v2\/pages\/2487","targetHints":{"allow":["GET"]}}],"collection":[{"href":"https:\/\/cpstesters.com\/fr\/wp-json\/wp\/v2\/pages"}],"about":[{"href":"https:\/\/cpstesters.com\/fr\/wp-json\/wp\/v2\/types\/page"}],"author":[{"embeddable":true,"href":"https:\/\/cpstesters.com\/fr\/wp-json\/wp\/v2\/users\/4"}],"replies":[{"embeddable":true,"href":"https:\/\/cpstesters.com\/fr\/wp-json\/wp\/v2\/comments?post=2487"}],"version-history":[{"count":4,"href":"https:\/\/cpstesters.com\/fr\/wp-json\/wp\/v2\/pages\/2487\/revisions"}],"predecessor-version":[{"id":4291,"href":"https:\/\/cpstesters.com\/fr\/wp-json\/wp\/v2\/pages\/2487\/revisions\/4291"}],"wp:featuredmedia":[{"embeddable":true,"href":"https:\/\/cpstesters.com\/fr\/wp-json\/wp\/v2\/media\/1147"}],"wp:attachment":[{"href":"https:\/\/cpstesters.com\/fr\/wp-json\/wp\/v2\/media?parent=2487"}],"curies":[{"name":"wp","href":"https:\/\/api.w.org\/{rel}","templated":true}]}}