{"id":2335,"date":"2024-07-16T14:04:01","date_gmt":"2024-07-16T14:04:01","guid":{"rendered":"https:\/\/cpstesters.com\/politique-de-confidentialite\/"},"modified":"2024-09-17T16:02:41","modified_gmt":"2024-09-17T16:02:41","slug":"politique-de-confidentialite","status":"publish","type":"page","link":"https:\/\/cpstesters.com\/fr\/politique-de-confidentialite\/","title":{"rendered":"politique de confidentialit\u00e9"},"content":{"rendered":"\n<p><\/p>\n\n\n\n<p>Cette politique de confidentialit\u00e9 d\u00e9crit nos politiques et proc\u00e9dures sur la collecte, l&#8217;utilisation et la divulgation de vos informations lorsque vous utilisez le service et vous informe de vos droits en mati\u00e8re de confidentialit\u00e9 et de la mani\u00e8re dont la loi vous prot\u00e8ge.<\/p>\n\n\n\n<p>Nous utilisons vos donn\u00e9es personnelles pour fournir et am\u00e9liorer le Service. En utilisant le Service, vous acceptez la collecte et l&#8217;utilisation d&#8217;informations conform\u00e9ment \u00e0 la pr\u00e9sente Politique de confidentialit\u00e9. Cette politique de confidentialit\u00e9 a \u00e9t\u00e9 cr\u00e9\u00e9e \u00e0 l&#8217;aide du&nbsp;&nbsp;<a href=\"https:\/\/translate.google.com\/website?sl=en&amp;tl=fr&amp;hl=en&amp;client=webapp&amp;u=https:\/\/www.termsfeed.com\/privacy-policy-generator\/\" target=\"_blank\" rel=\"noreferrer noopener\">g\u00e9n\u00e9rateur de politique de confidentialit\u00e9<\/a>&nbsp;.<\/p>\n\n\n\n<h2 class=\"wp-block-heading\">Interpr\u00e9tation et d\u00e9finitions<\/h2>\n\n\n\n<h3 class=\"wp-block-heading\">Interpr\u00e9tation<\/h3>\n\n\n\n<p>Les mots dont la lettre initiale est une majuscule ont des significations d\u00e9finies dans les conditions suivantes. Les d\u00e9finitions suivantes ont la m\u00eame signification, qu&#8217;elles apparaissent au singulier ou au pluriel.<\/p>\n\n\n\n<h3 class=\"wp-block-heading\">D\u00e9finitions<\/h3>\n\n\n\n<p>Aux fins de la pr\u00e9sente politique de confidentialit\u00e9 :<\/p>\n\n\n\n<ul class=\"wp-block-list\">\n<li><strong>Compte<\/strong>&nbsp;&nbsp;d\u00e9signe un compte unique cr\u00e9\u00e9 pour vous permettre d&#8217;acc\u00e9der \u00e0 notre Service ou \u00e0 certaines parties de notre Service.<\/li>\n\n\n\n<li><strong>Une filiale<\/strong>&nbsp;&nbsp;d\u00e9signe une entit\u00e9 qui contr\u00f4le, est contr\u00f4l\u00e9e par ou est sous contr\u00f4le commun avec une partie, o\u00f9 \u00ab contr\u00f4le \u00bb signifie la propri\u00e9t\u00e9 de 50 % ou plus des actions, des participations ou d\u2019autres titres donnant droit de vote pour l\u2019\u00e9lection des administrateurs ou d\u2019autres autorit\u00e9s de gestion.<\/li>\n\n\n\n<li><strong>La Soci\u00e9t\u00e9<\/strong>&nbsp;&nbsp;(appel\u00e9e \u00ab la Soci\u00e9t\u00e9 \u00bb, \u00ab Nous \u00bb ou \u00ab Notre \u00bb dans le pr\u00e9sent Contrat) fait r\u00e9f\u00e9rence aux testeurs cps.<\/li>\n\n\n\n<li><strong>Les cookies<\/strong>&nbsp;&nbsp;sont de petits fichiers qui sont plac\u00e9s sur votre ordinateur, appareil mobile ou tout autre appareil par un site Web, contenant les d\u00e9tails de votre historique de navigation sur ce site Web parmi ses nombreuses utilisations.<\/li>\n\n\n\n<li><strong>Pays<\/strong>&nbsp;&nbsp;faisant r\u00e9f\u00e9rence \u00e0 : Karnataka, Inde<\/li>\n\n\n\n<li><strong>Appareil<\/strong>&nbsp;&nbsp;d\u00e9signe tout appareil pouvant acc\u00e9der au Service tel qu&#8217;un ordinateur, un t\u00e9l\u00e9phone portable ou une tablette num\u00e9rique.<\/li>\n\n\n\n<li><strong>Les donn\u00e9es personnelles<\/strong>&nbsp;&nbsp;sont toutes les informations relatives \u00e0 une personne identifi\u00e9e ou identifiable.<\/li>\n\n\n\n<li><strong>Le service<\/strong>&nbsp;&nbsp;fait r\u00e9f\u00e9rence au site Web.<\/li>\n\n\n\n<li><strong>Le prestataire de services<\/strong>&nbsp;&nbsp;d\u00e9signe toute personne physique ou morale qui traite les donn\u00e9es pour le compte de la Soci\u00e9t\u00e9. Il fait r\u00e9f\u00e9rence aux soci\u00e9t\u00e9s tierces ou aux personnes employ\u00e9es par la Soci\u00e9t\u00e9 pour faciliter le Service, pour fournir le Service au nom de la Soci\u00e9t\u00e9, pour ex\u00e9cuter des services li\u00e9s au Service ou pour aider la Soci\u00e9t\u00e9 \u00e0 analyser la mani\u00e8re dont le Service est utilis\u00e9.<\/li>\n\n\n\n<li><strong>Les donn\u00e9es d&#8217;utilisation<\/strong>&nbsp;&nbsp;font r\u00e9f\u00e9rence aux donn\u00e9es collect\u00e9es automatiquement, g\u00e9n\u00e9r\u00e9es soit par l&#8217;utilisation du Service, soit par l&#8217;infrastructure du Service elle-m\u00eame (par exemple, la dur\u00e9e de visite d&#8217;une page).<\/li>\n\n\n\n<li><strong>Le site Web<\/strong>&nbsp;&nbsp;fait r\u00e9f\u00e9rence aux testeurs cps, accessible \u00e0 partir de&nbsp;&nbsp;<a href=\"https:\/\/cpstesters-com.translate.goog\/?_x_tr_sl=en&amp;_x_tr_tl=fr&amp;_x_tr_hl=en&amp;_x_tr_pto=wapp\" target=\"_blank\" rel=\"noreferrer noopener\">https:\/\/cpstesters.com\/<\/a><\/li>\n\n\n\n<li><strong>Vous<\/strong>&nbsp;&nbsp;d\u00e9signe la personne qui acc\u00e8de au Service ou l&#8217;utilise, ou la soci\u00e9t\u00e9 ou toute autre entit\u00e9 juridique au nom de laquelle cette personne acc\u00e8de au Service ou l&#8217;utilise, selon le cas.<\/li>\n<\/ul>\n\n\n\n<h2 class=\"wp-block-heading\">Collecte et utilisation de vos donn\u00e9es personnelles<\/h2>\n\n\n\n<h3 class=\"wp-block-heading\">Types de donn\u00e9es collect\u00e9es<\/h3>\n\n\n\n<h4 class=\"wp-block-heading\">Donn\u00e9es personnelles<\/h4>\n\n\n\n<p>Lors de l&#8217;utilisation de notre service, nous pouvons vous demander de nous fournir certaines informations personnelles identifiables qui peuvent \u00eatre utilis\u00e9es pour vous contacter ou vous identifier. Les informations personnelles identifiables peuvent inclure, sans toutefois s&#8217;y limiter :<\/p>\n\n\n\n<ul class=\"wp-block-list\">\n<li>Donn\u00e9es d&#8217;utilisation<\/li>\n<\/ul>\n\n\n\n<h4 class=\"wp-block-heading\">Donn\u00e9es d&#8217;utilisation<\/h4>\n\n\n\n<p>Les donn\u00e9es d\u2019utilisation sont collect\u00e9es automatiquement lors de l\u2019utilisation du Service.<\/p>\n\n\n\n<p>Les donn\u00e9es d&#8217;utilisation peuvent inclure des informations telles que l&#8217;adresse de protocole Internet (par exemple l&#8217;adresse IP) de votre appareil, le type de navigateur, la version du navigateur, les pages de notre service que vous visitez, l&#8217;heure et la date de votre visite, le temps pass\u00e9 sur ces pages, les identifiants uniques de l&#8217;appareil et d&#8217;autres donn\u00e9es de diagnostic.<\/p>\n\n\n\n<p>Lorsque vous acc\u00e9dez au Service par ou via un appareil mobile, nous pouvons collecter automatiquement certaines informations, y compris, mais sans s&#8217;y limiter, le type d&#8217;appareil mobile que vous utilisez, l&#8217;identifiant unique de votre appareil mobile, l&#8217;adresse IP de votre appareil mobile, votre syst\u00e8me d&#8217;exploitation mobile, le type de navigateur Internet mobile que vous utilisez, les identifiants d&#8217;appareils uniques et d&#8217;autres donn\u00e9es de diagnostic.<\/p>\n\n\n\n<p>Nous pouvons \u00e9galement collecter des informations que votre navigateur envoie chaque fois que vous visitez notre service ou lorsque vous acc\u00e9dez au service par ou via un appareil mobile.<\/p>\n\n\n\n<h4 class=\"wp-block-heading\">Technologies de suivi et cookies<\/h4>\n\n\n\n<p>Nous utilisons des cookies et des technologies de suivi similaires pour suivre l&#8217;activit\u00e9 sur notre service et stocker certaines informations. Les technologies de suivi utilis\u00e9es sont des balises, des tags et des scripts pour collecter et suivre des informations et pour am\u00e9liorer et analyser notre service. Les technologies que nous utilisons peuvent inclure :<\/p>\n\n\n\n<ul class=\"wp-block-list\">\n<li><strong>Cookies ou cookies de navigateur.<\/strong>&nbsp;&nbsp;Un cookie est un petit fichier plac\u00e9 sur votre appareil. Vous pouvez demander \u00e0 votre navigateur de refuser tous les cookies ou d&#8217;indiquer quand un cookie est envoy\u00e9. Cependant, si vous n&#8217;acceptez pas les cookies, vous ne pourrez peut-\u00eatre pas utiliser certaines parties de notre service. \u00c0 moins que vous n&#8217;ayez modifi\u00e9 les param\u00e8tres de votre navigateur pour qu&#8217;il refuse les cookies, notre service peut utiliser des cookies.<\/li>\n\n\n\n<li><strong>Balises Web.<\/strong>&nbsp;&nbsp;Certaines sections de notre Service et nos e-mails peuvent contenir de petits fichiers \u00e9lectroniques appel\u00e9s balises Web (\u00e9galement appel\u00e9s GIF invisibles, balises pixel et GIF \u00e0 pixel unique) qui permettent \u00e0 la Soci\u00e9t\u00e9, par exemple, de compter les utilisateurs qui ont visit\u00e9 ces pages ou ouvert un e-mail et d&#8217;autres statistiques de sites Web connexes (par exemple, enregistrer la popularit\u00e9 d&#8217;une certaine section et v\u00e9rifier l&#8217;int\u00e9grit\u00e9 du syst\u00e8me et du serveur).<\/li>\n<\/ul>\n\n\n\n<p>Les cookies peuvent \u00eatre des cookies \u00ab persistants \u00bb ou des cookies \u00ab de session \u00bb. Les cookies persistants restent sur votre ordinateur personnel ou votre appareil mobile lorsque vous vous d\u00e9connectez, tandis que les cookies de session sont supprim\u00e9s d\u00e8s que vous fermez votre navigateur Web. Vous pouvez en savoir plus sur les cookies sur&nbsp; l&#8217;article&nbsp;<a href=\"https:\/\/translate.google.com\/website?sl=en&amp;tl=fr&amp;hl=en&amp;client=webapp&amp;u=https:\/\/www.termsfeed.com\/blog\/cookies\/%23What_Are_Cookies\" target=\"_blank\" rel=\"noreferrer noopener\">du site Web TermsFeed<\/a>&nbsp;&nbsp;.<\/p>\n\n\n\n<p>Nous utilisons des cookies de session et des cookies persistants aux fins d\u00e9crites ci-dessous&nbsp;:<\/p>\n\n\n\n<ul class=\"wp-block-list\">\n<li><strong>Cookies n\u00e9cessaires \/ essentiels<\/strong>&nbsp;Type : Cookies de session Administr\u00e9s par : Nous Objectif : Ces cookies sont essentiels pour vous fournir les services disponibles sur le site Web et pour vous permettre d&#8217;utiliser certaines de ses fonctionnalit\u00e9s. Ils aident \u00e0 authentifier les utilisateurs et \u00e0 emp\u00eacher l&#8217;utilisation frauduleuse des comptes d&#8217;utilisateurs. Sans ces cookies, les services que vous avez demand\u00e9s ne peuvent pas \u00eatre fournis, et nous utilisons ces cookies uniquement pour vous fournir ces services.<\/li>\n\n\n\n<li><strong>Politique \/ Avis relatif aux cookies Cookies d&#8217;acceptation<\/strong>&nbsp;Type : Cookies persistants Administr\u00e9s par : Nous Objectif : Ces cookies identifient si les utilisateurs ont accept\u00e9 l&#8217;utilisation de cookies sur le site Web.<\/li>\n\n\n\n<li><strong>Cookies de fonctionnalit\u00e9<\/strong>&nbsp;Type : Cookies persistants Administr\u00e9s par : Nous Finalit\u00e9 : Ces cookies nous permettent de m\u00e9moriser les choix que vous faites lorsque vous utilisez le site Web, comme la m\u00e9morisation de vos informations de connexion ou de votre pr\u00e9f\u00e9rence linguistique. Le but de ces cookies est de vous offrir une exp\u00e9rience plus personnelle et de vous \u00e9viter de devoir ressaisir vos pr\u00e9f\u00e9rences \u00e0 chaque fois que vous utilisez le site Web.<\/li>\n<\/ul>\n\n\n\n<p>Pour plus d&#8217;informations sur les cookies que nous utilisons et vos choix concernant les cookies, veuillez visiter notre Politique de Cookies ou la section Cookies de notre Politique de Confidentialit\u00e9.<\/p>\n\n\n\n<h3 class=\"wp-block-heading\">Utilisation de vos donn\u00e9es personnelles<\/h3>\n\n\n\n<p>La Soci\u00e9t\u00e9 peut utiliser les Donn\u00e9es Personnelles aux fins suivantes :<\/p>\n\n\n\n<ul class=\"wp-block-list\">\n<li><strong>Pour fournir et maintenir notre Service<\/strong>&nbsp;, y compris pour surveiller l\u2019utilisation de notre Service.<\/li>\n\n\n\n<li><strong>Pour g\u00e9rer votre compte :<\/strong>&nbsp;&nbsp;pour g\u00e9rer votre inscription en tant qu&#8217;utilisateur du Service. Les donn\u00e9es personnelles que vous fournissez peuvent vous donner acc\u00e8s \u00e0 diff\u00e9rentes fonctionnalit\u00e9s du Service qui vous sont accessibles en tant qu&#8217;utilisateur enregistr\u00e9.<\/li>\n\n\n\n<li><strong>Pour l&#8217;ex\u00e9cution d&#8217;un contrat :<\/strong>&nbsp;&nbsp;l&#8217;\u00e9laboration, le respect et l&#8217;ex\u00e9cution du contrat d&#8217;achat des produits, articles ou services que vous avez achet\u00e9s ou de tout autre contrat avec nous via le Service.<\/li>\n\n\n\n<li><strong>Pour vous contacter :<\/strong>&nbsp;&nbsp;Pour vous contacter par courrier \u00e9lectronique, appels t\u00e9l\u00e9phoniques, SMS ou autres formes \u00e9quivalentes de communication \u00e9lectronique, telles que les notifications push d&#8217;une application mobile concernant les mises \u00e0 jour ou les communications informatives li\u00e9es aux fonctionnalit\u00e9s, produits ou services contractuels, y compris les mises \u00e0 jour de s\u00e9curit\u00e9, lorsque cela est n\u00e9cessaire ou raisonnable pour leur mise en \u0153uvre.<\/li>\n\n\n\n<li><strong>Pour vous fournir<\/strong>&nbsp;&nbsp;des nouvelles, des offres sp\u00e9ciales et des informations g\u00e9n\u00e9rales sur d&#8217;autres biens, services et \u00e9v\u00e9nements que nous proposons et qui sont similaires \u00e0 ceux que vous avez d\u00e9j\u00e0 achet\u00e9s ou sur lesquels vous avez demand\u00e9 des renseignements, sauf si vous avez choisi de ne pas recevoir ces informations.<\/li>\n\n\n\n<li><strong>Pour g\u00e9rer vos demandes :<\/strong>&nbsp;&nbsp;Pour r\u00e9pondre et g\u00e9rer vos demandes aupr\u00e8s de nous.<\/li>\n\n\n\n<li><strong>Pour les transferts d&#8217;entreprise :<\/strong>&nbsp;&nbsp;nous pouvons utiliser vos informations pour \u00e9valuer ou mener une fusion, une cession, une restructuration, une r\u00e9organisation, une dissolution ou toute autre vente ou transfert de tout ou partie de nos actifs, que ce soit dans le cadre d&#8217;une entreprise en activit\u00e9 ou d&#8217;une faillite, d&#8217;une liquidation ou d&#8217;une proc\u00e9dure similaire, dans laquelle les donn\u00e9es personnelles que nous d\u00e9tenons sur les utilisateurs de nos services font partie des actifs transf\u00e9r\u00e9s.<\/li>\n\n\n\n<li><strong>\u00c0 d&#8217;autres fins<\/strong>&nbsp;: Nous pouvons utiliser vos informations \u00e0 d&#8217;autres fins, telles que l&#8217;analyse de donn\u00e9es, l&#8217;identification des tendances d&#8217;utilisation, la d\u00e9termination de l&#8217;efficacit\u00e9 de nos campagnes promotionnelles et pour \u00e9valuer et am\u00e9liorer notre service, nos produits, nos services, notre marketing et votre exp\u00e9rience.<\/li>\n<\/ul>\n\n\n\n<p>Nous pouvons partager vos informations personnelles dans les situations suivantes :<\/p>\n\n\n\n<ul class=\"wp-block-list\">\n<li><strong>Avec les prestataires de services :<\/strong>&nbsp;&nbsp;nous pouvons partager vos informations personnelles avec les prestataires de services pour surveiller et analyser l&#8217;utilisation de notre service, pour vous contacter.<\/li>\n\n\n\n<li><strong>Pour les transferts d&#8217;entreprise :<\/strong>&nbsp;&nbsp;nous pouvons partager ou transf\u00e9rer vos informations personnelles dans le cadre ou au cours de n\u00e9gociations relatives \u00e0 toute fusion, vente d&#8217;actifs de la Soci\u00e9t\u00e9, financement ou acquisition de tout ou partie de notre entreprise \u00e0 une autre soci\u00e9t\u00e9.<\/li>\n\n\n\n<li><strong>Avec des soci\u00e9t\u00e9s affili\u00e9es :<\/strong>&nbsp;&nbsp;nous pouvons partager vos informations avec nos soci\u00e9t\u00e9s affili\u00e9es, auquel cas nous exigerons de ces soci\u00e9t\u00e9s affili\u00e9es qu&#8217;elles respectent la pr\u00e9sente politique de confidentialit\u00e9. Les soci\u00e9t\u00e9s affili\u00e9es comprennent notre soci\u00e9t\u00e9 m\u00e8re et toutes les autres filiales, partenaires de coentreprise ou autres soci\u00e9t\u00e9s que nous contr\u00f4lons ou qui sont sous contr\u00f4le commun avec nous.<\/li>\n\n\n\n<li><strong>Avec des partenaires commerciaux :<\/strong>&nbsp;&nbsp;Nous pouvons partager vos informations avec nos partenaires commerciaux pour vous proposer certains produits, services ou promotions.<\/li>\n\n\n\n<li><strong>Avec d\u2019autres utilisateurs :<\/strong>&nbsp;&nbsp;lorsque vous partagez des informations personnelles ou interagissez d\u2019une autre mani\u00e8re dans les espaces publics avec d\u2019autres utilisateurs, ces informations peuvent \u00eatre consult\u00e9es par tous les utilisateurs et peuvent \u00eatre diffus\u00e9es publiquement \u00e0 l\u2019ext\u00e9rieur.<\/li>\n\n\n\n<li><strong>Avec votre consentement<\/strong>&nbsp;: Nous pouvons divulguer vos informations personnelles \u00e0 toute autre fin avec votre consentement.<\/li>\n<\/ul>\n\n\n\n<h3 class=\"wp-block-heading\">Conservation de vos donn\u00e9es personnelles<\/h3>\n\n\n\n<p>La Soci\u00e9t\u00e9 conservera vos donn\u00e9es personnelles uniquement aussi longtemps que n\u00e9cessaire aux fins \u00e9nonc\u00e9es dans la pr\u00e9sente Politique de confidentialit\u00e9. Nous conserverons et utiliserons vos donn\u00e9es personnelles dans la mesure n\u00e9cessaire pour nous conformer \u00e0 nos obligations l\u00e9gales (par exemple, si nous sommes tenus de conserver vos donn\u00e9es pour nous conformer aux lois applicables), r\u00e9soudre des litiges et appliquer nos accords et politiques juridiques.<\/p>\n\n\n\n<p>La Soci\u00e9t\u00e9 conservera \u00e9galement les Donn\u00e9es d&#8217;utilisation \u00e0 des fins d&#8217;analyse interne. Les Donn\u00e9es d&#8217;utilisation sont g\u00e9n\u00e9ralement conserv\u00e9es pendant une p\u00e9riode plus courte, sauf lorsque ces donn\u00e9es sont utilis\u00e9es pour renforcer la s\u00e9curit\u00e9 ou pour am\u00e9liorer la fonctionnalit\u00e9 de Notre Service, ou lorsque Nous sommes l\u00e9galement oblig\u00e9s de conserver ces donn\u00e9es pendant des p\u00e9riodes plus longues.<\/p>\n\n\n\n<h3 class=\"wp-block-heading\">Transfert de vos donn\u00e9es personnelles<\/h3>\n\n\n\n<p>Vos informations, y compris vos donn\u00e9es personnelles, sont trait\u00e9es dans les bureaux d&#8217;exploitation de la soci\u00e9t\u00e9 et dans tout autre lieu o\u00f9 se trouvent les parties impliqu\u00e9es dans le traitement. Cela signifie que ces informations peuvent \u00eatre transf\u00e9r\u00e9es vers des ordinateurs situ\u00e9s en dehors de votre \u00e9tat, province, pays ou autre juridiction gouvernementale, o\u00f9 les lois sur la protection des donn\u00e9es peuvent diff\u00e9rer de celles de votre juridiction, et y \u00eatre conserv\u00e9es.<\/p>\n\n\n\n<p>Votre consentement \u00e0 cette politique de confidentialit\u00e9 suivi de votre soumission de ces informations repr\u00e9sente votre accord \u00e0 ce transfert.<\/p>\n\n\n\n<p>La Soci\u00e9t\u00e9 prendra toutes les mesures raisonnablement n\u00e9cessaires pour garantir que vos donn\u00e9es sont trait\u00e9es en toute s\u00e9curit\u00e9 et conform\u00e9ment \u00e0 la pr\u00e9sente Politique de confidentialit\u00e9 et aucun transfert de vos donn\u00e9es personnelles n&#8217;aura lieu vers une organisation ou un pays \u00e0 moins que des contr\u00f4les ad\u00e9quats ne soient en place, y compris la s\u00e9curit\u00e9 de vos donn\u00e9es et autres informations personnelles.<\/p>\n\n\n\n<h3 class=\"wp-block-heading\">Supprimer vos donn\u00e9es personnelles<\/h3>\n\n\n\n<p>Vous avez le droit de supprimer ou de demander que nous vous aidions \u00e0 supprimer les donn\u00e9es personnelles que nous avons collect\u00e9es \u00e0 votre sujet.<\/p>\n\n\n\n<p>Notre service peut vous donner la possibilit\u00e9 de supprimer certaines informations vous concernant au sein du service.<\/p>\n\n\n\n<p>Vous pouvez mettre \u00e0 jour, modifier ou supprimer vos informations \u00e0 tout moment en vous connectant \u00e0 votre compte, si vous en avez un, et en visitant la section des param\u00e8tres du compte qui vous permet de g\u00e9rer vos informations personnelles. Vous pouvez \u00e9galement nous contacter pour demander l&#8217;acc\u00e8s, la correction ou la suppression de toute information personnelle que vous nous avez fournie.<\/p>\n\n\n\n<p>Veuillez toutefois noter que nous pouvons \u00eatre amen\u00e9s \u00e0 conserver certaines informations lorsque nous avons une obligation l\u00e9gale ou une base l\u00e9gale pour le faire.<\/p>\n\n\n\n<h3 class=\"wp-block-heading\">Divulgation de vos donn\u00e9es personnelles<\/h3>\n\n\n\n<h4 class=\"wp-block-heading\">Transactions commerciales<\/h4>\n\n\n\n<p>Si la Soci\u00e9t\u00e9 est impliqu\u00e9e dans une fusion, une acquisition ou une vente d&#8217;actifs, vos donn\u00e9es personnelles peuvent \u00eatre transf\u00e9r\u00e9es. Nous vous informerons avant que vos donn\u00e9es personnelles ne soient transf\u00e9r\u00e9es et ne soient soumises \u00e0 une politique de confidentialit\u00e9 diff\u00e9rente.<\/p>\n\n\n\n<h4 class=\"wp-block-heading\">Application de la loi<\/h4>\n\n\n\n<p>Dans certaines circonstances, la Soci\u00e9t\u00e9 peut \u00eatre amen\u00e9e \u00e0 divulguer vos Donn\u00e9es Personnelles si la loi l&#8217;exige ou en r\u00e9ponse \u00e0 des demandes valables des autorit\u00e9s publiques (par exemple, un tribunal ou une agence gouvernementale).<\/p>\n\n\n\n<h4 class=\"wp-block-heading\">Autres exigences l\u00e9gales<\/h4>\n\n\n\n<p>La Soci\u00e9t\u00e9 peut divulguer vos donn\u00e9es personnelles si elle estime de bonne foi qu&#8217;une telle action est n\u00e9cessaire pour :<\/p>\n\n\n\n<ul class=\"wp-block-list\">\n<li>Se conformer \u00e0 une obligation l\u00e9gale<\/li>\n\n\n\n<li>Prot\u00e9ger et d\u00e9fendre les droits ou la propri\u00e9t\u00e9 de la Soci\u00e9t\u00e9<\/li>\n\n\n\n<li>Pr\u00e9venir ou enqu\u00eater sur d&#8217;\u00e9ventuels actes r\u00e9pr\u00e9hensibles en rapport avec le Service<\/li>\n\n\n\n<li>Prot\u00e9ger la s\u00e9curit\u00e9 personnelle des utilisateurs du service ou du public<\/li>\n\n\n\n<li>Prot\u00e9gez-vous contre la responsabilit\u00e9 l\u00e9gale<\/li>\n<\/ul>\n\n\n\n<h3 class=\"wp-block-heading\">S\u00e9curit\u00e9 de vos donn\u00e9es personnelles<\/h3>\n\n\n\n<p>La s\u00e9curit\u00e9 de vos donn\u00e9es personnelles est importante pour nous, mais n&#8217;oubliez pas qu&#8217;aucune m\u00e9thode de transmission sur Internet ou de stockage \u00e9lectronique n&#8217;est s\u00fbre \u00e0 100 %. Bien que nous nous efforcions d&#8217;utiliser des moyens commercialement acceptables pour prot\u00e9ger vos donn\u00e9es personnelles, nous ne pouvons pas garantir leur s\u00e9curit\u00e9 absolue.<\/p>\n\n\n\n<h2 class=\"wp-block-heading\">Confidentialit\u00e9 des enfants<\/h2>\n\n\n\n<p>Notre service ne s&#8217;adresse pas aux personnes de moins de 13 ans. Nous ne collectons pas sciemment d&#8217;informations personnelles identifiables aupr\u00e8s de personnes de moins de 13 ans. Si vous \u00eates un parent ou un tuteur et que vous savez que votre enfant nous a fourni des donn\u00e9es personnelles, veuillez nous contacter. Si nous apprenons que nous avons collect\u00e9 des donn\u00e9es personnelles aupr\u00e8s d&#8217;une personne de moins de 13 ans sans v\u00e9rification du consentement parental, nous prenons des mesures pour supprimer ces informations de nos serveurs.<\/p>\n\n\n\n<p>Si nous devons nous appuyer sur le consentement comme base juridique pour le traitement de vos informations et que votre pays exige le consentement d&#8217;un parent, nous pouvons exiger le consentement de votre parent avant de collecter et d&#8217;utiliser ces informations.<\/p>\n\n\n\n<h2 class=\"wp-block-heading\">Liens vers d&#8217;autres sites Web<\/h2>\n\n\n\n<p>Notre service peut contenir des liens vers d&#8217;autres sites Web qui ne sont pas exploit\u00e9s par nous. Si vous cliquez sur un lien tiers, vous serez redirig\u00e9 vers le site de ce tiers. Nous vous conseillons vivement de consulter la politique de confidentialit\u00e9 de chaque site que vous visitez.<\/p>\n\n\n\n<p>Nous n&#8217;avons aucun contr\u00f4le et n&#8217;assumons aucune responsabilit\u00e9 quant au contenu, aux politiques de confidentialit\u00e9 ou aux pratiques de tout site ou service tiers.<\/p>\n\n\n\n<h2 class=\"wp-block-heading\">Modifications de la pr\u00e9sente politique de confidentialit\u00e9<\/h2>\n\n\n\n<p>Nous sommes susceptibles de mettre \u00e0 jour notre politique de confidentialit\u00e9 de temps \u00e0 autre. Nous vous informerons de tout changement en publiant la nouvelle politique de confidentialit\u00e9 sur cette page.<\/p>\n\n\n\n<p>Nous vous informerons par e-mail et\/ou par un avis visible sur notre service, avant que le changement ne devienne effectif et mettrons \u00e0 jour la date de \u00ab Derni\u00e8re mise \u00e0 jour \u00bb en haut de la pr\u00e9sente politique de confidentialit\u00e9.<\/p>\n\n\n\n<p>Il vous est conseill\u00e9 de consulter r\u00e9guli\u00e8rement la pr\u00e9sente politique de confidentialit\u00e9 pour prendre connaissance de tout changement. Les modifications apport\u00e9es \u00e0 la pr\u00e9sente politique de confidentialit\u00e9 entrent en vigueur d\u00e8s leur publication sur cette page.<\/p>\n\n\n\n<h2 class=\"wp-block-heading\">Contactez-nous<\/h2>\n\n\n\n<p>Si vous avez des questions sur cette politique de confidentialit\u00e9, vous pouvez nous contacter :<\/p>\n\n\n\n<ul class=\"wp-block-list\">\n<li>En visitant cette page sur notre site Web :&nbsp;&nbsp;<a href=\"https:\/\/cpstesters-com.translate.goog\/contact-us\/?_x_tr_sl=en&amp;_x_tr_tl=fr&amp;_x_tr_hl=en&amp;_x_tr_pto=wapp\" target=\"_blank\" rel=\"noreferrer noopener\">https:\/\/cpstesters.com\/contact-us\/<\/a><\/li>\n<\/ul>\n\n\n\n<p><\/p>\n","protected":false},"excerpt":{"rendered":"<p>Cette politique de confidentialit\u00e9 d\u00e9crit nos politiques et proc\u00e9dures sur la collecte, l&#8217;utilisation et la divulgation de vos informations lorsque vous utilisez le service et &#8230; <\/p>\n<p class=\"read-more-container\"><a title=\"politique de confidentialit\u00e9\" class=\"read-more button\" href=\"https:\/\/cpstesters.com\/fr\/politique-de-confidentialite\/#more-2335\" aria-label=\"En savoir plus sur politique de confidentialit\u00e9\">Read More<\/a><\/p>\n","protected":false},"author":4,"featured_media":0,"parent":0,"menu_order":0,"comment_status":"closed","ping_status":"closed","template":"","meta":{"footnotes":""},"class_list":["post-2335","page","type-page","status-publish"],"_links":{"self":[{"href":"https:\/\/cpstesters.com\/fr\/wp-json\/wp\/v2\/pages\/2335","targetHints":{"allow":["GET"]}}],"collection":[{"href":"https:\/\/cpstesters.com\/fr\/wp-json\/wp\/v2\/pages"}],"about":[{"href":"https:\/\/cpstesters.com\/fr\/wp-json\/wp\/v2\/types\/page"}],"author":[{"embeddable":true,"href":"https:\/\/cpstesters.com\/fr\/wp-json\/wp\/v2\/users\/4"}],"replies":[{"embeddable":true,"href":"https:\/\/cpstesters.com\/fr\/wp-json\/wp\/v2\/comments?post=2335"}],"version-history":[{"count":5,"href":"https:\/\/cpstesters.com\/fr\/wp-json\/wp\/v2\/pages\/2335\/revisions"}],"predecessor-version":[{"id":6065,"href":"https:\/\/cpstesters.com\/fr\/wp-json\/wp\/v2\/pages\/2335\/revisions\/6065"}],"wp:attachment":[{"href":"https:\/\/cpstesters.com\/fr\/wp-json\/wp\/v2\/media?parent=2335"}],"curies":[{"name":"wp","href":"https:\/\/api.w.org\/{rel}","templated":true}]}}