{"id":2187,"date":"2024-07-16T14:14:50","date_gmt":"2024-07-16T14:14:50","guid":{"rendered":"https:\/\/cpstesters.com\/test-cps-de-60-secondes-verifiez-la-vitesse-de-vos-clics\/"},"modified":"2024-09-17T09:31:33","modified_gmt":"2024-09-17T09:31:33","slug":"60-second-cps-test","status":"publish","type":"page","link":"https:\/\/cpstesters.com\/fr\/60-second-cps-test\/","title":{"rendered":"Test CPS de 60 secondes | V\u00e9rifiez la vitesse de vos clics"},"content":{"rendered":"\n<p>60 Second CPS Test est l&#8217;un des meilleurs tests de clics en raison du temps accru, jouez et am\u00e9liorez votre jeu de clics en un rien de temps !<\/p>\n\n\n <div class=\"row\">\r\n\t<div class=\"col-md-4\">\r\n\r\n\t\t\r\n\t\t\r\n\t\t<div class=\"side_nav\">\r\n            \r\n            \r\n            <ul class=\"time\">\r\n            <li>\r\n             <a href=\"https:\/\/cpstesters.com\/1-second-cps-test\/\"> <span data-time=\"1\">1 Second Test<\/span><\/a>\r\n            <\/li><li>\r\n             <a href=\"https:\/\/cpstesters.com\/2-second-cps-test\/\"><span data-time=\"2\">2 Second Test<\/span><\/a>\r\n            <\/li><li>\r\n           <a href=\"https:\/\/cpstesters.com\/5-second-cps-test\/\"><span data-time=\"5\">5 Second Test<\/span><\/a>\r\n            <\/li><li>\r\n\t\t\t\t <a href=\"https:\/\/cpstesters.com\/10-second-cps-test\/\"><span data-time=\"10\">10 Second Test<\/span><\/a>\r\n            <\/li><li>\r\n             <a href=\"https:\/\/cpstesters.com\/15-second-click-test\/\"><span data-time=\"15\">15 Second Test<\/span><\/a>\r\n            <\/li><li>\r\n\t\t\t\t<li>\r\n             <a href=\"https:\/\/cpstesters.com\/30-second-cps-test\/\"><span data-time=\"30\">30 Second Test<\/span><\/a>\r\n            <\/li><li>\r\n\t\t\t\t<li>\r\n             <a href=\"https:\/\/cpstesters.com\/60-second-cps-test\/\"><span data-time=\"60\" class=\"active\">60 Second Test<\/span><\/a>\r\n            <\/li><li>\r\n\t\t\t\t<li>\r\n             <a href=\"https:\/\/cpstesters.com\/100-second-cps-test\/\"><span data-time=\"100\">100 Second Test<\/span><\/a>\r\n            <\/li><li>\r\n\t\t\t\t\r\n             <a href=\"https:\/\/cpstesters.com\/manual-click-test\/\"><span data-time=\"20\">Manual Click Test<\/span><\/a>\r\n            <\/li><\/ul>\r\n            <\/div>\r\n\t\t\r\n\t\t\r\n\t<\/div>\r\n\t<div class=\"col-md-8\">\r\n\t\t<section class=\"section section--full js-section-full section--click\">\r\n               <div class=\"container\">\r\n\t\t\t\t   \r\n\t\t\t\t         <div class=\"setting\">\r\n    <div class=\"theme-mode\"><a class=\"theme-mode__switch js-switch\" href=\"javascript:void(0);\"><\/a>\r\n        <div class=\"theme-mode__text\">Light \/ Dark mode<\/div>\r\n    <\/div>\r\n<\/div>\r\n\t\t\t\t   \r\n\t\t\t\t   \r\n                  <div class=\"statistics\">\r\n                     <div class=\"statistics__item statistics__item--timer\">\r\n                        <div class=\"statistics__number\">\r\n                           <span class=\"js-time number_timer\">60.00<\/span>\r\n                           <a class=\"statistics__arrow statistics__arrow--up js-time-up\" href=\"javascript:void(0);\">\r\n                              <svg class=\"icon icon-arrow-up \">\r\n                                 <use xlink:href=\"\/wp-content\/themes\/generatepress\/tools\/assets\/img\/spritesvg.svg#arrow-up\"><\/use>\r\n                              <\/svg>\r\n                           <\/a>\r\n                           <a class=\"statistics__arrow statistics__arrow--down js-time-down\" href=\"javascript:void(0);\">\r\n                              <svg class=\"icon icon-arrow-up \">\r\n                                 <use xlink:href=\"\/wp-content\/themes\/generatepress\/tools\/assets\/img\/spritesvg.svg#arrow-up\"><\/use>\r\n                              <\/svg>\r\n                           <\/a>\r\n                        <\/div>\r\n                        <div class=\"statistics__title\">Timer<\/div>\r\n                     <\/div>\r\n                     <div class=\"statistics__item statistics__item--clicks\">\r\n                        <div class=\"statistics__number number_clicks js-speed\">0.00<\/div>\r\n                        <div class=\"statistics__title\">Clicks \/ s<\/div>\r\n                     <\/div>\r\n                     <div class=\"statistics__item statistics__item--score\">\r\n                        <div class=\"statistics__number number_score js-score\">0<\/div>\r\n                        <div class=\"statistics__title\">Score<\/div>\r\n                     <\/div>\r\n                  <\/div>\r\n                  <div class=\"clicks-zone\">\r\n                     <div class=\"clicks-zone__start js-clicks-start\">\r\n                        <svg class=\"icon icon-click \">\r\n                           <use xlink:href=\"\/wp-content\/themes\/generatepress\/tools\/assets\/img\/spritesvg.svg#click\"><\/use>\r\n                        <\/svg>\r\n                        <div class=\"clicks-zone__start-title\">\u0421lick here to start cps test<\/div>\r\n                     <\/div>\r\n                     <div class=\"clicks-zone__clicks js-clicks\"><\/div>\r\n                     <div class=\"clicks-zone__result result-clicks js-clicks-result\">\r\n                        <div class=\"result-clicks__title rank-wrapper\"><\/div>\r\n                        <div class=\"result-clicks__text\">Your CPS result is <span class=\"speed js-stat-speed\"><\/span> (<span class=\"clicks js-stat-clicks\"><\/span> Clicks in <span class=\"time js-stat-time\"><\/span> Seconds)<\/div>\r\n                        <div class=\"result-clicks__img\"><img><\/div>\r\n                        <a class=\"result-clicks__btn js-try-again\" href=\"javascript:void(0);\">\r\n                           <svg class=\"icon icon-again \">\r\n                              <use xlink:href=\"\/wp-content\/themes\/generatepress\/tools\/assets\/img\/spritesvg.svg#again\"><\/use>\r\n                           <\/svg>\r\n                           Restart\r\n                        <\/a>\r\n                        <div class=\"result-clicks__share\">\r\n                           <div class=\"result-clicks__share-title\">Share your result with friends!<\/div>\r\n                           <div class=\"share-buttons\">\r\n                              <a class=\"share-button facebook\" data-href=\"https:\/\/www.facebook.com\/sharer\/sharer.php?u=https:\/\/cpstesters.com\/\" target=\"_blank\" onclick=\"goclicky(this); return false;\" rel=\"noopener\">Facebook<\/a>\r\n                              <a class=\"share-button twitter\" data-href=\"http:\/\/www.twitter.com\/share?url=https:\/\/cpstesters.com\/&text=[text]\" target=\"_blank\" onclick=\"goclicky(this); return false;\" rel=\"noopener\">Twitter<\/a>\r\n                              <a class=\"share-button whatsapp\" data-href=\"https:\/\/api.whatsapp.com\/send?text=[text]\" target=\"_blank\" onclick=\"goclicky(this); return false;\" rel=\"noopener\">WhatsApp<\/a>\r\n                              <a class=\"share-button reddit\" data-href=\"http:\/\/www.reddit.com\/submit?url=https:\/\/cpstesters.com\/&title=[text]\" target=\"_blank\" onclick=\"goclicky(this); return false;\" rel=\"noopener\">Reddit<\/a>\r\n                           <\/div>\r\n                        <\/div>\r\n                     <\/div>\r\n                  <\/div>\r\n                  <img decoding=\"async\" src=\"\/wp-content\/themes\/generatepress\/tools\/assets\/img\/test_result\/3\/1.png\" style=\"display: none\" alt=\"\" title=\"\">\r\n                  <img decoding=\"async\" src=\"\/wp-content\/themes\/generatepress\/tools\/assets\/img\/test_result\/5\/1.png\" style=\"display: none\" alt=\"\" title=\"\">\r\n                  <img decoding=\"async\" src=\"\/wp-content\/themes\/generatepress\/tools\/assets\/img\/test_result\/1\/1.png\" style=\"display: none\" alt=\"\" title=\"\">\r\n                  <img decoding=\"async\" src=\"\/wp-content\/themes\/generatepress\/tools\/assets\/img\/test_result\/2\/1.png\" style=\"display: none\" alt=\"\" title=\"\">\r\n                  <img decoding=\"async\" src=\"\/wp-content\/themes\/generatepress\/tools\/assets\/img\/test_result\/0\/1.png\" style=\"display: none\" alt=\"\" title=\"\">\r\n                  <img decoding=\"async\" src=\"\/wp-content\/themes\/generatepress\/tools\/assets\/img\/test_result\/6\/1.png\" style=\"display: none\" alt=\"\" title=\"\">\r\n                  <img decoding=\"async\" src=\"\/wp-content\/themes\/generatepress\/tools\/assets\/img\/test_result\/7\/1.png\" style=\"display: none\" alt=\"\" title=\"\">\r\n                  <img decoding=\"async\" src=\"\/wp-content\/themes\/generatepress\/tools\/assets\/img\/test_result\/4\/1.png\" style=\"display: none\" alt=\"\" title=\"\">\r\n                  <script>\r\n                     var test_result = {\"ratings\":{\"min\":0,\"max\":5},\"rating_ranks\":[\"Your Rank is Snail!\",\"Your Rank is Koala!\",\"Your Rank is Turtle!\",\"Your Rank is Panda!\",\"Your Rank is Hare!\",\"Your Rank is Kangaroo!\",\"Your Rank is Panther!\",\"Your Rank is Cheetah!\"],\"cps_scale\":[[0,1],[1,3],[3,5],[5,7],[7,9],[9,10],[10,12],[12,999]],\"files\":{\"3\":[\"\\\/wp-content\\\/themes\\\/generatepress\\\/tools\\\\assets\\\/img\\\/test_result\\\/3\\\/1.png\"],\"5\":[\"\\\/wp-content\\\/themes\\\/generatepress\\\/tools\\\\assets\\\/img\\\/test_result\\\/5\\\/1.png\"],\"1\":[\"\\\/wp-content\\\/themes\\\/generatepress\\\/tools\\\\assets\\\/img\\\/test_result\\\/1\\\/1.png\"],\"2\":[\"\\\/wp-content\\\/themes\\\/generatepress\\\/tools\\\\assets\\\/img\\\/test_result\\\/2\\\/1.png\"],\"0\":[\"\\\/wp-content\\\/themes\\\/generatepress\\\/tools\\\\assets\\\/img\\\/test_result\\\/0\\\/1.png\"],\"6\":[\"\\\/wp-content\\\/themes\\\/generatepress\\\/tools\\\\assets\\\/img\\\/test_result\\\/6\\\/1.png\"],\"7\":[\"\\\/wp-content\\\/themes\\\/generatepress\\\/tools\\\\assets\\\/img\\\/test_result\\\/7\\\/1.png\"],\"4\":[\"\\\/wp-content\\\/themes\\\/generatepress\\\/tools\\\\assets\\\/img\\\/test_result\\\/4\\\/1.png\"]}};\r\n                     var language = {\"code\":\"en\",\"name\":\"English\",\"prefix\":\"\"};\r\n                     var monitoringClickEvent = 'left';\r\n                     var shareTextDefault = 'My CPS result is {speed} ({clicks} Clicks in {time} Seconds)';\r\n                  <\/script>        \r\n               <\/div>\r\n            <\/section>\r\n\t\t\r\n\t<\/div>\r\n<\/div>\r\n\r\n    <script src=\"\/wp-content\/themes\/generatepress\/tools\/assets\/js\/libs.min.js\"><\/script>\r\n      <script src=\"\/wp-content\/themes\/generatepress\/tools\/assets\/js\/main.min.js?v64\"><\/script>\r\n\n\n\n\n<div style=\"height:5px\" aria-hidden=\"true\" class=\"wp-block-spacer\"><\/div>\n\n\n\n<p>La capacit\u00e9 \u00e0 cliquer rapidement et avec pr\u00e9cision est devenue de plus en plus importante. Le test CPS de 60 secondes est un outil en ligne simple mais efficace con\u00e7u pour mesurer la vitesse et la pr\u00e9cision de clic d&#8217;un individu dans un laps de temps de 60 secondes. Dans cet article, nous allons nous pencher sur l&#8217;importance de ce test, sa m\u00e9thodologie et la mani\u00e8re dont il peut \u00eatre un outil pr\u00e9cieux pour \u00e9valuer et am\u00e9liorer ses comp\u00e9tences en mati\u00e8re de clic.<\/p>\n\n\n\n<p>Le&nbsp;<a href=\"https:\/\/cpstesters-com.translate.goog\/?_x_tr_sl=en&amp;_x_tr_tl=nl&amp;_x_tr_hl=en&amp;_x_tr_pto=wapp\" rel=\"noopener\">test CPS de 60 secondes est sp\u00e9cialement con\u00e7u pour \u00e9valuer le taux&nbsp;<\/a><a href=\"https:\/\/cpstesters-com.translate.goog\/tap-speed-test\/?_x_tr_sl=en&amp;_x_tr_tl=nl&amp;_x_tr_hl=en&amp;_x_tr_pto=wapp\" rel=\"noopener\">de clics par seconde<\/a>&nbsp;(CPS) d&#8217;un individu&nbsp;. Le CPS fait r\u00e9f\u00e9rence au nombre de clics qu&#8217;une personne peut effectuer en une seule seconde. Ce test fournit une plateforme sur laquelle les utilisateurs peuvent mettre en valeur leurs prouesses en mati\u00e8re de clics et comparer leurs r\u00e9sultats avec ceux des autres.<\/p>\n\n\n<div class=\"wp-block-image\">\n<figure class=\"aligncenter\"><img loading=\"lazy\" decoding=\"async\" width=\"1000\" height=\"500\" src=\"https:\/\/i0.wp.com\/cpstesters.com\/wp-content\/uploads\/2022\/08\/60-sec-CPs-TESt.jpg?resize=1000%2C500&amp;ssl=1\" alt=\"Test CPS de 60 secondes\" class=\"wp-image-287\" title=\"\" srcset=\"https:\/\/cpstesters.com\/wp-content\/uploads\/2022\/08\/60-sec-CPs-TESt.jpg 1000w, https:\/\/cpstesters.com\/wp-content\/uploads\/2022\/08\/60-sec-CPs-TESt-300x150.jpg 300w, https:\/\/cpstesters.com\/wp-content\/uploads\/2022\/08\/60-sec-CPs-TESt-768x384.jpg 768w\" sizes=\"auto, (max-width: 1000px) 100vw, 1000px\" \/><figcaption class=\"wp-element-caption\">Test CPS de 60 secondes<\/figcaption><\/figure>\n<\/div>\n\n\n<p><\/p>\n\n\n\n<p>Pour passer le test CPS de 60 secondes, les utilisateurs peuvent acc\u00e9der au site Web ou \u00e0 la plateforme d\u00e9sign\u00e9s h\u00e9bergeant le test. Au d\u00e9but du test, les utilisateurs voient un chronom\u00e8tre qui compte \u00e0 rebours \u00e0 partir de 60 secondes. Pendant ce temps, les participants doivent cliquer rapidement sur une zone cible d\u00e9sign\u00e9e autant de fois que possible. Une fois le chronom\u00e8tre termin\u00e9, le test calcule automatiquement le taux CPS et fournit un score final.<\/p>\n\n\n\n<h2 class=\"wp-block-heading\">Avantages et importance :<\/h2>\n\n\n\n<ol class=\"wp-block-list\">\n<li>Vitesse et pr\u00e9cision du clic : le test CPS de 60 secondes permet aux individus d&#8217;\u00e9valuer et d&#8217;am\u00e9liorer leur vitesse et leur pr\u00e9cision de clic. En s&#8217;entra\u00eenant et en visant des taux CPS plus \u00e9lev\u00e9s, les utilisateurs peuvent am\u00e9liorer leur capacit\u00e9 \u00e0 traiter rapidement les stimuli visuels et \u00e0 r\u00e9pondre par des clics rapides et pr\u00e9cis.<\/li>\n\n\n\n<li>Performances de jeu : la vitesse et la pr\u00e9cision des clics jouent un r\u00f4le crucial dans divers sc\u00e9narios de jeu. Le test CPS de 60 secondes peut servir d&#8217;excellent outil de formation pour les joueurs, les aidant \u00e0 am\u00e9liorer leur temps de r\u00e9action et leurs performances globales, en particulier dans les jeux rapides qui n\u00e9cessitent des clics rapides.<\/li>\n\n\n\n<li>Am\u00e9lioration de la productivit\u00e9 : dans les professions qui impliquent une utilisation intensive de l&#8217;ordinateur, comme la saisie de donn\u00e9es ou le travail de conception, le test CPS de 60 secondes peut am\u00e9liorer consid\u00e9rablement la productivit\u00e9. En surveillant et en am\u00e9liorant la vitesse de clic, les utilisateurs peuvent rationaliser leur flux de travail et r\u00e9duire le temps consacr\u00e9 aux t\u00e2ches r\u00e9p\u00e9titives.<\/li>\n\n\n\n<li>Coordination \u0153il-main : le test CPS de 60 secondes contribue au d\u00e9veloppement de la coordination \u0153il-main. En stimulant et en am\u00e9liorant la vitesse de clic, les utilisateurs peuvent am\u00e9liorer leur capacit\u00e9 \u00e0 synchroniser les mouvements de la main avec des rep\u00e8res visuels, ce qui peut \u00eatre b\u00e9n\u00e9fique dans diverses activit\u00e9s et t\u00e2ches qui n\u00e9cessitent un contr\u00f4le pr\u00e9cis.<\/li>\n<\/ol>\n\n\n\n<h2 class=\"wp-block-heading\">Conseils pour am\u00e9liorer le taux CPS&nbsp;:<\/h2>\n\n\n\n<ol class=\"wp-block-list\">\n<li>Pratique r\u00e9guli\u00e8re : comme toute comp\u00e9tence, la vitesse et la pr\u00e9cision du clic peuvent \u00eatre am\u00e9lior\u00e9es gr\u00e2ce \u00e0 une pratique r\u00e9guli\u00e8re. La participation r\u00e9guli\u00e8re au test CPS de 60 secondes peut aider les utilisateurs \u00e0 am\u00e9liorer leurs capacit\u00e9s de clic et \u00e0 augmenter leur taux de CPS au fil du temps.<\/li>\n\n\n\n<li>Concentration et attention : il est essentiel de rester concentr\u00e9 pendant le test. R\u00e9duire au minimum les distractions et s&#8217;efforcer de cliquer sur la zone cible avec pr\u00e9cision peut aider \u00e0 \u00e9viter les erreurs inutiles qui peuvent nuire au taux de CPS.<\/li>\n\n\n\n<li>Ergonomie : pr\u00eatez attention aux facteurs ergonomiques tels qu&#8217;une assise confortable, un positionnement correct des mains et une souris ou un pav\u00e9 tactile qui fonctionne bien. Une configuration ergonomique peut am\u00e9liorer le confort et favoriser des performances de clic optimales.<\/li>\n<\/ol>\n\n\n\n<p>Le test CPS de 60 secondes est un moyen pr\u00e9cieux d&#8217;\u00e9valuer la vitesse et la pr\u00e9cision du clic. Que ce soit pour le d\u00e9veloppement personnel, l&#8217;am\u00e9lioration des jeux ou l&#8217;am\u00e9lioration de la productivit\u00e9 dans un contexte professionnel, ce test offre une plate-forme engageante pour se mettre au d\u00e9fi et am\u00e9liorer ses comp\u00e9tences en mati\u00e8re de clic. En s&#8217;entra\u00eenant r\u00e9guli\u00e8rement et en se concentrant sur l&#8217;am\u00e9lioration du taux de CPS, les utilisateurs peuvent am\u00e9liorer leur vitesse, leur pr\u00e9cision et leurs performances globales. Alors, pourquoi ne pas prendre une minute pour tester vos comp\u00e9tences en mati\u00e8re de clic et vous lancer dans un voyage d&#8217;am\u00e9lioration ?<\/p>\n\n\n\n<h3 class=\"wp-block-heading\">Autres tests de clic<\/h3>\n\n\n\n<ul class=\"wp-block-list\">\n<li><a href=\"https:\/\/cpstesters-com.translate.goog\/?_x_tr_sl=en&amp;_x_tr_tl=nl&amp;_x_tr_hl=en&amp;_x_tr_pto=wapp\" target=\"_blank\" rel=\"noreferrer noopener\">Test CPS<\/a>\u00a0(Test de base)<\/li>\n\n\n\n<li><a href=\"https:\/\/cpstesters-com.translate.goog\/right-click-cps-test\/?_x_tr_sl=en&amp;_x_tr_tl=nl&amp;_x_tr_hl=en&amp;_x_tr_pto=wapp\" target=\"_blank\" rel=\"noreferrer noopener\">Test CPS avec clic droit<\/a><\/li>\n\n\n\n<li><a href=\"https:\/\/cpstesters-com.translate.goog\/jitter-click-test\/?_x_tr_sl=en&amp;_x_tr_tl=nl&amp;_x_tr_hl=en&amp;_x_tr_pto=wapp\" target=\"_blank\" rel=\"noreferrer noopener\">Test de clic Jitter<\/a><\/li>\n\n\n\n<li><a href=\"https:\/\/cpstesters-com.translate.goog\/kohi-click-test\/?_x_tr_sl=en&amp;_x_tr_tl=nl&amp;_x_tr_hl=en&amp;_x_tr_pto=wapp\" target=\"_blank\" rel=\"noreferrer noopener\">Test de clic Kohi<\/a><\/li>\n\n\n\n<li><a href=\"https:\/\/cpstesters-com.translate.goog\/manual-click-test\/?_x_tr_sl=en&amp;_x_tr_tl=nl&amp;_x_tr_hl=en&amp;_x_tr_pto=wapp\" target=\"_blank\" rel=\"noreferrer noopener\">Test de clic manuel<\/a><\/li>\n<\/ul>\n","protected":false},"excerpt":{"rendered":"<p>60 Second CPS Test est l&#8217;un des meilleurs tests de clics en raison du temps accru, jouez et am\u00e9liorez votre jeu de clics en un &#8230; <\/p>\n<p class=\"read-more-container\"><a title=\"Test CPS de 60 secondes | V\u00e9rifiez la vitesse de vos clics\" class=\"read-more button\" href=\"https:\/\/cpstesters.com\/fr\/60-second-cps-test\/#more-2187\" aria-label=\"En savoir plus sur Test CPS de 60 secondes | V\u00e9rifiez la vitesse de vos clics\">Read More<\/a><\/p>\n","protected":false},"author":4,"featured_media":0,"parent":0,"menu_order":0,"comment_status":"closed","ping_status":"closed","template":"","meta":{"footnotes":""},"class_list":["post-2187","page","type-page","status-publish"],"_links":{"self":[{"href":"https:\/\/cpstesters.com\/fr\/wp-json\/wp\/v2\/pages\/2187","targetHints":{"allow":["GET"]}}],"collection":[{"href":"https:\/\/cpstesters.com\/fr\/wp-json\/wp\/v2\/pages"}],"about":[{"href":"https:\/\/cpstesters.com\/fr\/wp-json\/wp\/v2\/types\/page"}],"author":[{"embeddable":true,"href":"https:\/\/cpstesters.com\/fr\/wp-json\/wp\/v2\/users\/4"}],"replies":[{"embeddable":true,"href":"https:\/\/cpstesters.com\/fr\/wp-json\/wp\/v2\/comments?post=2187"}],"version-history":[{"count":6,"href":"https:\/\/cpstesters.com\/fr\/wp-json\/wp\/v2\/pages\/2187\/revisions"}],"predecessor-version":[{"id":5987,"href":"https:\/\/cpstesters.com\/fr\/wp-json\/wp\/v2\/pages\/2187\/revisions\/5987"}],"wp:attachment":[{"href":"https:\/\/cpstesters.com\/fr\/wp-json\/wp\/v2\/media?parent=2187"}],"curies":[{"name":"wp","href":"https:\/\/api.w.org\/{rel}","templated":true}]}}