{"id":2181,"date":"2024-07-16T13:59:13","date_gmt":"2024-07-16T13:59:13","guid":{"rendered":"https:\/\/cpstesters.com\/test-cps-100-secondes-verifier-la-vitesse-des-clics\/"},"modified":"2024-09-17T06:50:20","modified_gmt":"2024-09-17T06:50:20","slug":"100-second-cps-test","status":"publish","type":"page","link":"https:\/\/cpstesters.com\/fr\/100-second-cps-test\/","title":{"rendered":"Test CPS 100 secondes | V\u00e9rifier la vitesse des clics"},"content":{"rendered":"\n<p>Le test CPS 100 secondes est le meilleur, v\u00e9rifiez \u00e0 quelle vitesse vous pouvez cliquer avec votre endurance et votre patience en 100 secondes de temps !<\/p>\n\n\n <div class=\"row\">\r\n\t<div class=\"col-md-4\">\r\n\r\n\t\t\r\n\t\t\r\n\t\t<div class=\"side_nav\">\r\n            \r\n            \r\n            <ul class=\"time\">\r\n            <li>\r\n             <a href=\"https:\/\/cpstesters.com\/1-second-cps-test\/\"> <span data-time=\"1\">1 Second Test<\/span><\/a>\r\n            <\/li><li>\r\n             <a href=\"https:\/\/cpstesters.com\/2-second-cps-test\/\"><span data-time=\"2\">2 Second Test<\/span><\/a>\r\n            <\/li><li>\r\n           <a href=\"https:\/\/cpstesters.com\/5-second-cps-test\/\"><span data-time=\"5\">5 Second Test<\/span><\/a>\r\n            <\/li><li>\r\n\t\t\t\t <a href=\"https:\/\/cpstesters.com\/10-second-cps-test\/\"><span data-time=\"10\">10 Second Test<\/span><\/a>\r\n            <\/li><li>\r\n             <a href=\"https:\/\/cpstesters.com\/15-second-click-test\/\"><span data-time=\"15\">15 Second Test<\/span><\/a>\r\n            <\/li><li>\r\n\t\t\t\t<li>\r\n             <a href=\"https:\/\/cpstesters.com\/30-second-cps-test\/\"><span data-time=\"30\">30 Second Test<\/span><\/a>\r\n            <\/li><li>\r\n\t\t\t\t<li>\r\n             <a href=\"https:\/\/cpstesters.com\/60-second-cps-test\/\"><span data-time=\"60\">60 Second Test<\/span><\/a>\r\n            <\/li><li>\r\n\t\t\t\t<li>\r\n             <a href=\"https:\/\/cpstesters.com\/100-second-cps-test\/\"><span data-time=\"100\" class=\"active\">100 Second Test<\/span><\/a>\r\n            <\/li><li>\r\n\t\t\t\t\r\n             <a href=\"https:\/\/cpstesters.com\/manual-click-test\/\"><span data-time=\"20\">Manual Click Test<\/span><\/a>\r\n            <\/li><\/ul>\r\n            <\/div>\r\n\t\t\r\n\t\t\r\n\t<\/div>\r\n\t<div class=\"col-md-8\">\r\n\t\t<section class=\"section section--full js-section-full section--click\">\r\n               <div class=\"container\">\r\n\t\t\t\t   \r\n\t\t\t\t         <div class=\"setting\">\r\n    <div class=\"theme-mode\"><a class=\"theme-mode__switch js-switch\" href=\"javascript:void(0);\"><\/a>\r\n        <div class=\"theme-mode__text\">Light \/ Dark mode<\/div>\r\n    <\/div>\r\n<\/div>\r\n\t\t\t\t   \r\n\t\t\t\t   \r\n                  <div class=\"statistics\">\r\n                     <div class=\"statistics__item statistics__item--timer\">\r\n                        <div class=\"statistics__number\">\r\n                           <span class=\"js-time number_timer\">100.00<\/span>\r\n                           <a class=\"statistics__arrow statistics__arrow--up js-time-up\" href=\"javascript:void(0);\">\r\n                              <svg class=\"icon icon-arrow-up \">\r\n                                 <use xlink:href=\"\/wp-content\/themes\/generatepress\/tools\/assets\/img\/spritesvg.svg#arrow-up\"><\/use>\r\n                              <\/svg>\r\n                           <\/a>\r\n                           <a class=\"statistics__arrow statistics__arrow--down js-time-down\" href=\"javascript:void(0);\">\r\n                              <svg class=\"icon icon-arrow-up \">\r\n                                 <use xlink:href=\"\/wp-content\/themes\/generatepress\/tools\/assets\/img\/spritesvg.svg#arrow-up\"><\/use>\r\n                              <\/svg>\r\n                           <\/a>\r\n                        <\/div>\r\n                        <div class=\"statistics__title\">Timer<\/div>\r\n                     <\/div>\r\n                     <div class=\"statistics__item statistics__item--clicks\">\r\n                        <div class=\"statistics__number number_clicks js-speed\">0.00<\/div>\r\n                        <div class=\"statistics__title\">Clicks \/ s<\/div>\r\n                     <\/div>\r\n                     <div class=\"statistics__item statistics__item--score\">\r\n                        <div class=\"statistics__number number_score js-score\">0<\/div>\r\n                        <div class=\"statistics__title\">Score<\/div>\r\n                     <\/div>\r\n                  <\/div>\r\n                  <div class=\"clicks-zone\">\r\n                     <div class=\"clicks-zone__start js-clicks-start\">\r\n                        <svg class=\"icon icon-click \">\r\n                           <use xlink:href=\"\/wp-content\/themes\/generatepress\/tools\/assets\/img\/spritesvg.svg#click\"><\/use>\r\n                        <\/svg>\r\n                        <div class=\"clicks-zone__start-title\">\u0421lick here to start cps test<\/div>\r\n                     <\/div>\r\n                     <div class=\"clicks-zone__clicks js-clicks\"><\/div>\r\n                     <div class=\"clicks-zone__result result-clicks js-clicks-result\">\r\n                        <div class=\"result-clicks__title rank-wrapper\"><\/div>\r\n                        <div class=\"result-clicks__text\">Your CPS result is <span class=\"speed js-stat-speed\"><\/span> (<span class=\"clicks js-stat-clicks\"><\/span> Clicks in <span class=\"time js-stat-time\"><\/span> Seconds)<\/div>\r\n                        <div class=\"result-clicks__img\"><img><\/div>\r\n                        <a class=\"result-clicks__btn js-try-again\" href=\"javascript:void(0);\">\r\n                           <svg class=\"icon icon-again \">\r\n                              <use xlink:href=\"\/wp-content\/themes\/generatepress\/tools\/assets\/img\/spritesvg.svg#again\"><\/use>\r\n                           <\/svg>\r\n                           Restart\r\n                        <\/a>\r\n                        <div class=\"result-clicks__share\">\r\n                           <div class=\"result-clicks__share-title\">Share your result with friends!<\/div>\r\n                           <div class=\"share-buttons\">\r\n                              <a class=\"share-button facebook\" data-href=\"https:\/\/www.facebook.com\/sharer\/sharer.php?u=https:\/\/cpstesters.com\/\" target=\"_blank\" onclick=\"goclicky(this); return false;\" rel=\"noopener\">Facebook<\/a>\r\n                              <a class=\"share-button twitter\" data-href=\"http:\/\/www.twitter.com\/share?url=https:\/\/cpstesters.com\/&text=[text]\" target=\"_blank\" onclick=\"goclicky(this); return false;\" rel=\"noopener\">Twitter<\/a>\r\n                              <a class=\"share-button whatsapp\" data-href=\"https:\/\/api.whatsapp.com\/send?text=[text]\" target=\"_blank\" onclick=\"goclicky(this); return false;\" rel=\"noopener\">WhatsApp<\/a>\r\n                              <a class=\"share-button reddit\" data-href=\"http:\/\/www.reddit.com\/submit?url=https:\/\/cpstesters.com\/&title=[text]\" target=\"_blank\" onclick=\"goclicky(this); return false;\" rel=\"noopener\">Reddit<\/a>\r\n                           <\/div>\r\n                        <\/div>\r\n                     <\/div>\r\n                  <\/div>\r\n                  <img decoding=\"async\" src=\"\/wp-content\/themes\/generatepress\/tools\/assets\/img\/test_result\/3\/1.png\" style=\"display: none\" alt=\"\" title=\"\">\r\n                  <img decoding=\"async\" src=\"\/wp-content\/themes\/generatepress\/tools\/assets\/img\/test_result\/5\/1.png\" style=\"display: none\" alt=\"\" title=\"\">\r\n                  <img decoding=\"async\" src=\"\/wp-content\/themes\/generatepress\/tools\/assets\/img\/test_result\/1\/1.png\" style=\"display: none\" alt=\"\" title=\"\">\r\n                  <img decoding=\"async\" src=\"\/wp-content\/themes\/generatepress\/tools\/assets\/img\/test_result\/2\/1.png\" style=\"display: none\" alt=\"\" title=\"\">\r\n                  <img decoding=\"async\" src=\"\/wp-content\/themes\/generatepress\/tools\/assets\/img\/test_result\/0\/1.png\" style=\"display: none\" alt=\"\" title=\"\">\r\n                  <img decoding=\"async\" src=\"\/wp-content\/themes\/generatepress\/tools\/assets\/img\/test_result\/6\/1.png\" style=\"display: none\" alt=\"\" title=\"\">\r\n                  <img decoding=\"async\" src=\"\/wp-content\/themes\/generatepress\/tools\/assets\/img\/test_result\/7\/1.png\" style=\"display: none\" alt=\"\" title=\"\">\r\n                  <img decoding=\"async\" src=\"\/wp-content\/themes\/generatepress\/tools\/assets\/img\/test_result\/4\/1.png\" style=\"display: none\" alt=\"\" title=\"\">\r\n                  <script>\r\n                     var test_result = {\"ratings\":{\"min\":0,\"max\":5},\"rating_ranks\":[\"Your Rank is Snail!\",\"Your Rank is Koala!\",\"Your Rank is Turtle!\",\"Your Rank is Panda!\",\"Your Rank is Hare!\",\"Your Rank is Kangaroo!\",\"Your Rank is Panther!\",\"Your Rank is Cheetah!\"],\"cps_scale\":[[0,1],[1,3],[3,5],[5,7],[7,9],[9,10],[10,12],[12,999]],\"files\":{\"3\":[\"\\\/wp-content\\\/themes\\\/generatepress\\\/tools\\\\assets\\\/img\\\/test_result\\\/3\\\/1.png\"],\"5\":[\"\\\/wp-content\\\/themes\\\/generatepress\\\/tools\\\\assets\\\/img\\\/test_result\\\/5\\\/1.png\"],\"1\":[\"\\\/wp-content\\\/themes\\\/generatepress\\\/tools\\\\assets\\\/img\\\/test_result\\\/1\\\/1.png\"],\"2\":[\"\\\/wp-content\\\/themes\\\/generatepress\\\/tools\\\\assets\\\/img\\\/test_result\\\/2\\\/1.png\"],\"0\":[\"\\\/wp-content\\\/themes\\\/generatepress\\\/tools\\\\assets\\\/img\\\/test_result\\\/0\\\/1.png\"],\"6\":[\"\\\/wp-content\\\/themes\\\/generatepress\\\/tools\\\\assets\\\/img\\\/test_result\\\/6\\\/1.png\"],\"7\":[\"\\\/wp-content\\\/themes\\\/generatepress\\\/tools\\\\assets\\\/img\\\/test_result\\\/7\\\/1.png\"],\"4\":[\"\\\/wp-content\\\/themes\\\/generatepress\\\/tools\\\\assets\\\/img\\\/test_result\\\/4\\\/1.png\"]}};\r\n                     var language = {\"code\":\"en\",\"name\":\"English\",\"prefix\":\"\"};\r\n                     var monitoringClickEvent = 'left';\r\n                     var shareTextDefault = 'My CPS result is {speed} ({clicks} Clicks in {time} Seconds)';\r\n                  <\/script>        \r\n               <\/div>\r\n            <\/section>\r\n\t\t\r\n\t<\/div>\r\n<\/div>\r\n\r\n    <script src=\"\/wp-content\/themes\/generatepress\/tools\/assets\/js\/libs.min.js\"><\/script>\r\n      <script src=\"\/wp-content\/themes\/generatepress\/tools\/assets\/js\/main.min.js?v64\"><\/script>\r\n\n\n\n\n<div style=\"height:5px\" aria-hidden=\"true\" class=\"wp-block-spacer\"><\/div>\n\n\n\n<p><\/p>\n\n\n\n<p>\u00c0 l&#8217;\u00e8re du num\u00e9rique, o\u00f9 l&#8217;efficacit\u00e9 et la rapidit\u00e9 sont primordiales, la capacit\u00e9 \u00e0 cliquer rapidement et avec pr\u00e9cision est devenue de plus en plus importante. Le test CPS de 100 secondes est un outil en ligne simple mais efficace qui mesure la vitesse et la pr\u00e9cision de clic d&#8217;une personne sur une p\u00e9riode de 100 secondes. Dans cet article, nous explorerons l&#8217;importance de ce test, sa m\u00e9thodologie et comment il peut \u00eatre une mani\u00e8re amusante de mettre au d\u00e9fi et d&#8217;am\u00e9liorer ses comp\u00e9tences en mati\u00e8re de clic.<\/p>\n\n\n<div class=\"wp-block-image\">\n<figure class=\"aligncenter size-full\"><img loading=\"lazy\" decoding=\"async\" width=\"1000\" height=\"500\" src=\"https:\/\/cpstesters.com\/wp-content\/uploads\/2022\/08\/100-sec-CPs-TESt.jpg\" alt=\"Test CPS de 100 secondes\" class=\"wp-image-290\" title=\"\" srcset=\"https:\/\/cpstesters.com\/wp-content\/uploads\/2022\/08\/100-sec-CPs-TESt.jpg 1000w, https:\/\/cpstesters.com\/wp-content\/uploads\/2022\/08\/100-sec-CPs-TESt-300x150.jpg 300w, https:\/\/cpstesters.com\/wp-content\/uploads\/2022\/08\/100-sec-CPs-TESt-768x384.jpg 768w\" sizes=\"auto, (max-width: 1000px) 100vw, 1000px\" \/><\/figure>\n<\/div>\n\n\n<p><\/p>\n\n\n\n<h3 class=\"wp-block-heading\">Comprendre le test CPS de 100 secondes&nbsp;:<\/h3>\n\n\n\n<p>Le&nbsp;<a href=\"https:\/\/cpstesters-com.translate.goog\/?_x_tr_sl=en&amp;_x_tr_tl=nl&amp;_x_tr_hl=en&amp;_x_tr_pto=wapp\" rel=\"noopener\">test CPS<\/a>&nbsp;de 100 secondes est con\u00e7u pour \u00e9valuer le taux&nbsp;<a href=\"https:\/\/cpstesters-com.translate.goog\/tap-speed-test\/?_x_tr_sl=en&amp;_x_tr_tl=nl&amp;_x_tr_hl=en&amp;_x_tr_pto=wapp\" rel=\"noopener\">de clics par seconde<\/a>&nbsp;(CPS) d&#8217;un individu. Le CPS fait r\u00e9f\u00e9rence au nombre de clics qu&#8217;une personne peut effectuer en une seconde. Le test fournit une plateforme attrayante o\u00f9 les utilisateurs peuvent mettre en valeur leurs prouesses en mati\u00e8re de clics et comparer leurs r\u00e9sultats avec ceux des autres.<\/p>\n\n\n\n<h3 class=\"wp-block-heading\">M\u00e9thodologie:<\/h3>\n\n\n\n<p>Pour passer le test CPS de 100 secondes, il suffit de se rendre sur le site Web ou la plateforme d\u00e9sign\u00e9s qui h\u00e9berge le test. L&#8217;utilisateur se voit pr\u00e9senter un chronom\u00e8tre qui commence le compte \u00e0 rebours \u00e0 partir de 100 secondes. Pendant ce temps, l&#8217;utilisateur doit cliquer rapidement sur la zone cible donn\u00e9e autant de fois que possible. Une fois le chronom\u00e8tre termin\u00e9, le test calcule automatiquement le taux CPS et pr\u00e9sente le score final.<\/p>\n\n\n\n<h3 class=\"wp-block-heading\">Avantages et importance :<\/h3>\n\n\n\n<ol class=\"wp-block-list\">\n<li>R\u00e9flexes et coordination \u0153il-main : le test CPS de 100 secondes permet d&#8217;am\u00e9liorer les r\u00e9flexes et la coordination \u0153il-main. En s&#8217;entra\u00eenant et en essayant d&#8217;atteindre des taux CPS plus \u00e9lev\u00e9s, les individus peuvent am\u00e9liorer leur capacit\u00e9 \u00e0 traiter les stimuli visuels et \u00e0 r\u00e9agir rapidement.<\/li>\n\n\n\n<li>Jeux et e-sports : la vitesse et la pr\u00e9cision du clic sont cruciales dans divers sc\u00e9narios de jeu, en particulier dans les sports \u00e9lectroniques comp\u00e9titifs. Le test CPS de 100 secondes peut servir d&#8217;outil d&#8217;entra\u00eenement aux joueurs pour am\u00e9liorer leur temps de r\u00e9action et obtenir un avantage concurrentiel.<\/li>\n\n\n\n<li>Productivit\u00e9 professionnelle : dans les professions qui impliquent une utilisation intensive de l&#8217;ordinateur, comme la saisie de donn\u00e9es ou la conception graphique, un taux CPS plus \u00e9lev\u00e9 peut am\u00e9liorer consid\u00e9rablement la productivit\u00e9. Le test peut \u00eatre utilis\u00e9 comme un outil d&#8217;auto-\u00e9valuation pour surveiller et am\u00e9liorer la vitesse de clic, ce qui conduit \u00e0 une efficacit\u00e9 accrue au travail.<\/li>\n\n\n\n<li>Comp\u00e9tition amicale : le test CPS de 100 secondes offre l&#8217;opportunit\u00e9 d&#8217;une comp\u00e9tition amicale entre amis, coll\u00e8gues ou communaut\u00e9s en ligne. Les utilisateurs peuvent comparer leurs scores, se d\u00e9fier et s&#8217;efforcer d&#8217;obtenir des taux CPS plus \u00e9lev\u00e9s, ajoutant ainsi un \u00e9l\u00e9ment amusant et comp\u00e9titif \u00e0 l&#8217;exp\u00e9rience.<\/li>\n<\/ol>\n\n\n\n<h3 class=\"wp-block-heading\">Conseils pour am\u00e9liorer le taux CPS&nbsp;:<\/h3>\n\n\n\n<ol class=\"wp-block-list\">\n<li>Entra\u00eenez-vous r\u00e9guli\u00e8rement : comme toute comp\u00e9tence, la vitesse et la pr\u00e9cision du clic peuvent \u00eatre am\u00e9lior\u00e9es gr\u00e2ce \u00e0 une pratique r\u00e9guli\u00e8re. Plus vous participez au test CPS de 100 secondes, plus vous deviendrez capable de cliquer rapidement et pr\u00e9cis\u00e9ment.<\/li>\n\n\n\n<li>Concentration et attention : restez concentr\u00e9 pendant le test. R\u00e9duisez les distractions et efforcez-vous de cliquer sur la zone cible avec pr\u00e9cision, en \u00e9vitant les erreurs inutiles.<\/li>\n\n\n\n<li>Techniques de relaxation : utilisez des techniques de relaxation telles que la respiration profonde et le maintien d&#8217;une prise d\u00e9tendue sur la souris ou le pav\u00e9 tactile. La tension et le stress peuvent nuire aux performances, il est donc essentiel de rester calme et serein.<\/li>\n<\/ol>\n\n\n\n<p>Le test CPS de 100 secondes offre un moyen simple mais efficace de mesurer la vitesse et la pr\u00e9cision des clics. Il constitue un outil pr\u00e9cieux pour les personnes qui cherchent \u00e0 am\u00e9liorer leurs r\u00e9flexes, leur coordination \u0153il-main et leur productivit\u00e9. Que ce soit pour des jeux, \u00e0 des fins professionnelles ou pour une comp\u00e9tition amicale, ce test offre une plate-forme attrayante pour se mettre au d\u00e9fi et am\u00e9liorer ses comp\u00e9tences en mati\u00e8re de clics. Alors, pourquoi ne pas l&#8217;essayer et voir \u00e0 quel point vos clics peuvent \u00eatre rapides et pr\u00e9cis ?<\/p>\n\n\n\n<h3 class=\"wp-block-heading\">Nos tests les plus populaires<\/h3>\n\n\n\n<ul class=\"wp-block-list\">\n<li><a href=\"https:\/\/cpstesters-com.translate.goog\/?_x_tr_sl=en&amp;_x_tr_tl=nl&amp;_x_tr_hl=en&amp;_x_tr_pto=wapp\" rel=\"noopener\">Test CPS<\/a><\/li>\n\n\n\n<li><a href=\"https:\/\/cpstesters-com.translate.goog\/jitter-click-test\/?_x_tr_sl=en&amp;_x_tr_tl=nl&amp;_x_tr_hl=en&amp;_x_tr_pto=wapp\" rel=\"noopener\">Test de clic Jitter<\/a><\/li>\n\n\n\n<li><a href=\"https:\/\/cpstesters-com.translate.goog\/kohi-click-test\/?_x_tr_sl=en&amp;_x_tr_tl=nl&amp;_x_tr_hl=en&amp;_x_tr_pto=wapp\" rel=\"noopener\">Test de clic Kohi<\/a><\/li>\n\n\n\n<li><a href=\"https:\/\/cpstesters-com.translate.goog\/butterfly-click-test\/?_x_tr_sl=en&amp;_x_tr_tl=nl&amp;_x_tr_hl=en&amp;_x_tr_pto=wapp\" target=\"_blank\" rel=\"noreferrer noopener\">Test du clic papillon<\/a><\/li>\n<\/ul>\n","protected":false},"excerpt":{"rendered":"<p>Le test CPS 100 secondes est le meilleur, v\u00e9rifiez \u00e0 quelle vitesse vous pouvez cliquer avec votre endurance et votre patience en 100 secondes de &#8230; <\/p>\n<p class=\"read-more-container\"><a title=\"Test CPS 100 secondes | V\u00e9rifier la vitesse des clics\" class=\"read-more button\" href=\"https:\/\/cpstesters.com\/fr\/100-second-cps-test\/#more-2181\" aria-label=\"En savoir plus sur Test CPS 100 secondes | V\u00e9rifier la vitesse des clics\">Read More<\/a><\/p>\n","protected":false},"author":4,"featured_media":0,"parent":0,"menu_order":0,"comment_status":"closed","ping_status":"closed","template":"","meta":{"footnotes":""},"class_list":["post-2181","page","type-page","status-publish"],"_links":{"self":[{"href":"https:\/\/cpstesters.com\/fr\/wp-json\/wp\/v2\/pages\/2181","targetHints":{"allow":["GET"]}}],"collection":[{"href":"https:\/\/cpstesters.com\/fr\/wp-json\/wp\/v2\/pages"}],"about":[{"href":"https:\/\/cpstesters.com\/fr\/wp-json\/wp\/v2\/types\/page"}],"author":[{"embeddable":true,"href":"https:\/\/cpstesters.com\/fr\/wp-json\/wp\/v2\/users\/4"}],"replies":[{"embeddable":true,"href":"https:\/\/cpstesters.com\/fr\/wp-json\/wp\/v2\/comments?post=2181"}],"version-history":[{"count":7,"href":"https:\/\/cpstesters.com\/fr\/wp-json\/wp\/v2\/pages\/2181\/revisions"}],"predecessor-version":[{"id":5977,"href":"https:\/\/cpstesters.com\/fr\/wp-json\/wp\/v2\/pages\/2181\/revisions\/5977"}],"wp:attachment":[{"href":"https:\/\/cpstesters.com\/fr\/wp-json\/wp\/v2\/media?parent=2181"}],"curies":[{"name":"wp","href":"https:\/\/api.w.org\/{rel}","templated":true}]}}