{"id":2179,"date":"2024-07-16T14:45:41","date_gmt":"2024-07-16T14:45:41","guid":{"rendered":"https:\/\/cpstesters.com\/a-propos-de-nous\/"},"modified":"2024-09-17T09:37:34","modified_gmt":"2024-09-17T09:37:34","slug":"a-propos-de-nous","status":"publish","type":"page","link":"https:\/\/cpstesters.com\/fr\/a-propos-de-nous\/","title":{"rendered":"A propos de nous"},"content":{"rendered":"\n<p>Le site CPStesters.com a pour vocation de vous aider \u00e0 augmenter la vitesse globale de vos clics. Diff\u00e9rents tests de clics ont permis de mesurer votre vitesse de clic. Nous mettons \u00e0 votre disposition plusieurs outils qui vous permettront de garder un \u0153il sur vos performances. Nous aidons les utilisateurs \u00e0 am\u00e9liorer la vitesse de leurs clics et offrons des conseils utiles sur la mani\u00e8re d&#8217;am\u00e9liorer les fonctionnalit\u00e9s lors de l&#8217;utilisation d&#8217;une souris ou d&#8217;autres dispositifs.<\/p>\n\n<p>Nous mettons davantage l&#8217;accent sur les joueurs que sur les jeux, ce qui nous permet de proposer des informations essentielles quel que soit le jeu choisi. Nous voulons vous donner les outils dont vous avez besoin pour suivre votre progression dans diff\u00e9rents jeux au fil du temps et parvenir \u00e0 de meilleurs jugements sur la fa\u00e7on d&#8217;augmenter votre taux de clics.<\/p>\n\n<p>Nous proposons une interface utilisateur amusante et simple \u00e0 utiliser. En outre, notre site Web propose un test de clic am\u00e9lior\u00e9 qui comprend une interface utilisateur et une exp\u00e9rience utilisateur (UI\/UX) contemporaines et la possibilit\u00e9 de visualiser les r\u00e9sultats dans un cr\u00e9dit de jeu de vitesse de clic plus informatif, nous avons cr\u00e9\u00e9 une toute nouvelle esth\u00e9tique qui est \u00e0 la fois contemporaine et attrayante pour les utilisateurs.<\/p>\n\n<p>Nous r\u00e9fl\u00e9chissons constamment \u00e0 de nouveaux concepts qui aideront nos joueurs. Si vous \u00eates \u00e0 la recherche d&#8217;une solution cr\u00e9ative, faites-le nous savoir ! N&#8217;ayez pas peur d&#8217;exprimer vos id\u00e9es. Nous lui offrirons le respect et l&#8217;appr\u00e9ciation qu&#8217;elle m\u00e9rite.<\/p>\n\n<p>Nous esp\u00e9rons sinc\u00e8rement que notre CPS Tester vous sera \u00e9galement utile. Revenez r\u00e9guli\u00e8rement car nous avons l&#8217;intention d&#8217;ajouter d&#8217;autres it\u00e9rations et configurations \u00e0 ce fantastique outil de jeu.<\/p>\n\n<p>Nous esp\u00e9rons vous voir fr\u00e9quemment ici afin que vous puissiez utiliser CPSTesters.com. Compl\u00e9tez le quiz, amusez-vous et acc\u00e9l\u00e9rez votre clic.<\/p>\n\n<p>Vous pouvez \u00e9galement consulter les pages <a href=\"https:\/\/cpstesters.com\/fr\/politique-de-confidentialite\/\" target=\"_blank\" rel=\"noreferrer noopener\">Politique de confidentialit\u00e9<\/a> et <a href=\"https:\/\/cpstesters.com\/fr\/modalites-et-conditions\/\" target=\"_blank\" rel=\"noreferrer noopener\">Conditions g\u00e9n\u00e9rales<\/a> d&#8217;utilisation pour en savoir plus sur nos politiques. En outre, si vous avez des questions, n&#8217;h\u00e9sitez pas \u00e0 <a href=\"https:\/\/cpstesters.com\/fr\/nous-contacter\/\" target=\"_blank\" rel=\"noreferrer noopener\">nous contacter<\/a>.<\/p>\n","protected":false},"excerpt":{"rendered":"<p>Le site CPStesters.com a pour vocation de vous aider \u00e0 augmenter la vitesse globale de vos clics. Diff\u00e9rents tests de clics ont permis de mesurer &#8230; <\/p>\n<p class=\"read-more-container\"><a title=\"A propos de nous\" class=\"read-more button\" href=\"https:\/\/cpstesters.com\/fr\/a-propos-de-nous\/#more-2179\" aria-label=\"En savoir plus sur A propos de nous\">Read More<\/a><\/p>\n","protected":false},"author":4,"featured_media":0,"parent":0,"menu_order":0,"comment_status":"closed","ping_status":"closed","template":"","meta":{"footnotes":""},"class_list":["post-2179","page","type-page","status-publish"],"_links":{"self":[{"href":"https:\/\/cpstesters.com\/fr\/wp-json\/wp\/v2\/pages\/2179","targetHints":{"allow":["GET"]}}],"collection":[{"href":"https:\/\/cpstesters.com\/fr\/wp-json\/wp\/v2\/pages"}],"about":[{"href":"https:\/\/cpstesters.com\/fr\/wp-json\/wp\/v2\/types\/page"}],"author":[{"embeddable":true,"href":"https:\/\/cpstesters.com\/fr\/wp-json\/wp\/v2\/users\/4"}],"replies":[{"embeddable":true,"href":"https:\/\/cpstesters.com\/fr\/wp-json\/wp\/v2\/comments?post=2179"}],"version-history":[{"count":3,"href":"https:\/\/cpstesters.com\/fr\/wp-json\/wp\/v2\/pages\/2179\/revisions"}],"predecessor-version":[{"id":3656,"href":"https:\/\/cpstesters.com\/fr\/wp-json\/wp\/v2\/pages\/2179\/revisions\/3656"}],"wp:attachment":[{"href":"https:\/\/cpstesters.com\/fr\/wp-json\/wp\/v2\/media?parent=2179"}],"curies":[{"name":"wp","href":"https:\/\/api.w.org\/{rel}","templated":true}]}}