{"id":1941,"date":"2024-07-16T13:59:03","date_gmt":"2024-07-16T13:59:03","guid":{"rendered":"https:\/\/cpstesters.com\/test-cps-en-10-secondes-verifiez-vos-clics\/"},"modified":"2024-09-17T06:40:29","modified_gmt":"2024-09-17T06:40:29","slug":"10-second-cps-test","status":"publish","type":"page","link":"https:\/\/cpstesters.com\/fr\/10-second-cps-test\/","title":{"rendered":"Test CPS en 10 secondes | V\u00e9rifiez vos clics"},"content":{"rendered":"\n<p>Le test CPS en 10 secondes est un jeu de clics bas\u00e9 sur la vitesse qui vous permet de d\u00e9terminer la vitesse de vos clics en 10 secondes.<\/p>\n <div class=\"row\">\r\n\t<div class=\"col-md-4\">\r\n\r\n\t\t\r\n\t\t\r\n\t\t<div class=\"side_nav\">\r\n            \r\n            \r\n            <ul class=\"time\">\r\n            <li>\r\n             <a href=\"https:\/\/cpstesters.com\/1-second-cps-test\/\"> <span data-time=\"1\">1 Second Test<\/span><\/a>\r\n            <\/li><li>\r\n             <a href=\"https:\/\/cpstesters.com\/2-second-cps-test\/\"><span data-time=\"2\">2 Second Test<\/span><\/a>\r\n            <\/li><li>\r\n           <a href=\"https:\/\/cpstesters.com\/5-second-cps-test\/\"><span data-time=\"5\">5 Second Test<\/span><\/a>\r\n            <\/li><li>\r\n\t\t\t\t <a href=\"https:\/\/cpstesters.com\/10-second-cps-test\/\"><span data-time=\"10\" class=\"active\">10 Second Test<\/span><\/a>\r\n            <\/li><li>\r\n             <a href=\"https:\/\/cpstesters.com\/15-second-click-test\/\"><span data-time=\"15\">15 Second Test<\/span><\/a>\r\n            <\/li>\r\n\t\t\t\t\t <li>\r\n             <a href=\"https:\/\/cpstesters.com\/30-second-cps-test\/\"><span data-time=\"30\">30 Second Test<\/span><\/a>\r\n            <\/li><li>\r\n\t\t\t\t<li>\r\n             <a href=\"https:\/\/cpstesters.com\/60-second-cps-test\/\"><span data-time=\"60\">60 Second Test<\/span><\/a>\r\n            <\/li><li>\r\n\t\t\t\t<li>\r\n             <a href=\"https:\/\/cpstesters.com\/100-second-cps-test\/\"><span data-time=\"100\">100 Second Test<\/span><\/a>\r\n            <\/li>\r\n\t\t\t\t\r\n\t\t\t\t<li>\r\n             <a href=\"https:\/\/cpstesters.com\/manual-click-test\/\"><span data-time=\"20\">Manual Click Test<\/span><\/a>\r\n            <\/li><\/ul>\r\n            <\/div>\r\n\t\t\r\n\t\t\r\n\t<\/div>\r\n\t<div class=\"col-md-8\">\r\n\t\t<section class=\"section section--full js-section-full section--click\">\r\n               <div class=\"container\">\r\n\t\t\t\t   \r\n\t\t\t\t         <div class=\"setting\">\r\n    <div class=\"theme-mode\"><a class=\"theme-mode__switch js-switch\" href=\"javascript:void(0);\"><\/a>\r\n        <div class=\"theme-mode__text\">Light \/ Dark mode<\/div>\r\n    <\/div>\r\n<\/div>\r\n\t\t\t\t   \r\n\t\t\t\t   \r\n                  <div class=\"statistics\">\r\n                     <div class=\"statistics__item statistics__item--timer\">\r\n                        <div class=\"statistics__number\">\r\n                           <span class=\"js-time number_timer\">10.00<\/span>\r\n                           <a class=\"statistics__arrow statistics__arrow--up js-time-up\" href=\"javascript:void(0);\">\r\n                              <svg class=\"icon icon-arrow-up \">\r\n                                 <use xlink:href=\"\/wp-content\/themes\/generatepress\/tools\/assets\/img\/spritesvg.svg#arrow-up\"><\/use>\r\n                              <\/svg>\r\n                           <\/a>\r\n                           <a class=\"statistics__arrow statistics__arrow--down js-time-down\" href=\"javascript:void(0);\">\r\n                              <svg class=\"icon icon-arrow-up \">\r\n                                 <use xlink:href=\"\/wp-content\/themes\/generatepress\/tools\/assets\/img\/spritesvg.svg#arrow-up\"><\/use>\r\n                              <\/svg>\r\n                           <\/a>\r\n                        <\/div>\r\n                        <div class=\"statistics__title\">Timer<\/div>\r\n                     <\/div>\r\n                     <div class=\"statistics__item statistics__item--clicks\">\r\n                        <div class=\"statistics__number number_clicks js-speed\">0.00<\/div>\r\n                        <div class=\"statistics__title\">Clicks \/ s<\/div>\r\n                     <\/div>\r\n                     <div class=\"statistics__item statistics__item--score\">\r\n                        <div class=\"statistics__number number_score js-score\">0<\/div>\r\n                        <div class=\"statistics__title\">Score<\/div>\r\n                     <\/div>\r\n                  <\/div>\r\n                  <div class=\"clicks-zone\">\r\n                     <div class=\"clicks-zone__start js-clicks-start\">\r\n                        <svg class=\"icon icon-click \">\r\n                           <use xlink:href=\"\/wp-content\/themes\/generatepress\/tools\/assets\/img\/spritesvg.svg#click\"><\/use>\r\n                        <\/svg>\r\n                        <div class=\"clicks-zone__start-title\">\u0421lick here to start cps test<\/div>\r\n                     <\/div>\r\n                     <div class=\"clicks-zone__clicks js-clicks\"><\/div>\r\n                     <div class=\"clicks-zone__result result-clicks js-clicks-result\">\r\n                        <div class=\"result-clicks__title rank-wrapper\"><\/div>\r\n                        <div class=\"result-clicks__text\">Your CPS result is <span class=\"speed js-stat-speed\"><\/span> (<span class=\"clicks js-stat-clicks\"><\/span> Clicks in <span class=\"time js-stat-time\"><\/span> Seconds)<\/div>\r\n                        <div class=\"result-clicks__img\"><img><\/div>\r\n                        <a class=\"result-clicks__btn js-try-again\" href=\"javascript:void(0);\">\r\n                           <svg class=\"icon icon-again \">\r\n                              <use xlink:href=\"\/wp-content\/themes\/generatepress\/tools\/assets\/img\/spritesvg.svg#again\"><\/use>\r\n                           <\/svg>\r\n                           Restart\r\n                        <\/a>\r\n                        <div class=\"result-clicks__share\">\r\n                           <div class=\"result-clicks__share-title\">Share your result with friends!<\/div>\r\n                           <div class=\"share-buttons\">\r\n                              <a class=\"share-button facebook\" data-href=\"https:\/\/www.facebook.com\/sharer\/sharer.php?u=https:\/\/cpstesters.com\/\" target=\"_blank\" onclick=\"goclicky(this); return false;\" rel=\"noopener\">Facebook<\/a>\r\n                              <a class=\"share-button twitter\" data-href=\"http:\/\/www.twitter.com\/share?url=https:\/\/cpstesters.com\/&text=[text]\" target=\"_blank\" onclick=\"goclicky(this); return false;\" rel=\"noopener\">Twitter<\/a>\r\n                              <a class=\"share-button whatsapp\" data-href=\"https:\/\/api.whatsapp.com\/send?text=[text]\" target=\"_blank\" onclick=\"goclicky(this); return false;\" rel=\"noopener\">WhatsApp<\/a>\r\n                              <a class=\"share-button reddit\" data-href=\"http:\/\/www.reddit.com\/submit?url=https:\/\/cpstesters.com\/&title=[text]\" target=\"_blank\" onclick=\"goclicky(this); return false;\" rel=\"noopener\">Reddit<\/a>\r\n                           <\/div>\r\n                        <\/div>\r\n                     <\/div>\r\n                  <\/div>\r\n                  <img decoding=\"async\" src=\"\/wp-content\/themes\/generatepress\/tools\/assets\/img\/test_result\/3\/1.png\" style=\"display: none\" alt=\"\" title=\"\">\r\n                  <img decoding=\"async\" src=\"\/wp-content\/themes\/generatepress\/tools\/assets\/img\/test_result\/5\/1.png\" style=\"display: none\" alt=\"\" title=\"\">\r\n                  <img decoding=\"async\" src=\"\/wp-content\/themes\/generatepress\/tools\/assets\/img\/test_result\/1\/1.png\" style=\"display: none\" alt=\"\" title=\"\">\r\n                  <img decoding=\"async\" src=\"\/wp-content\/themes\/generatepress\/tools\/assets\/img\/test_result\/2\/1.png\" style=\"display: none\" alt=\"\" title=\"\">\r\n                  <img decoding=\"async\" src=\"\/wp-content\/themes\/generatepress\/tools\/assets\/img\/test_result\/0\/1.png\" style=\"display: none\" alt=\"\" title=\"\">\r\n                  <img decoding=\"async\" src=\"\/wp-content\/themes\/generatepress\/tools\/assets\/img\/test_result\/6\/1.png\" style=\"display: none\" alt=\"\" title=\"\">\r\n                  <img decoding=\"async\" src=\"\/wp-content\/themes\/generatepress\/tools\/assets\/img\/test_result\/7\/1.png\" style=\"display: none\" alt=\"\" title=\"\">\r\n                  <img decoding=\"async\" src=\"\/wp-content\/themes\/generatepress\/tools\/assets\/img\/test_result\/4\/1.png\" style=\"display: none\" alt=\"\" title=\"\">\r\n                  <script>\r\n                     var test_result = {\"ratings\":{\"min\":0,\"max\":5},\"rating_ranks\":[\"Your Rank is Snail!\",\"Your Rank is Koala!\",\"Your Rank is Turtle!\",\"Your Rank is Panda!\",\"Your Rank is Hare!\",\"Your Rank is Kangaroo!\",\"Your Rank is Panther!\",\"Your Rank is Cheetah!\"],\"cps_scale\":[[0,1],[1,3],[3,5],[5,7],[7,9],[9,10],[10,12],[12,999]],\"files\":{\"3\":[\"\\\/wp-content\\\/themes\\\/generatepress\\\/tools\\\\assets\\\/img\\\/test_result\\\/3\\\/1.png\"],\"5\":[\"\\\/wp-content\\\/themes\\\/generatepress\\\/tools\\\\assets\\\/img\\\/test_result\\\/5\\\/1.png\"],\"1\":[\"\\\/wp-content\\\/themes\\\/generatepress\\\/tools\\\\assets\\\/img\\\/test_result\\\/1\\\/1.png\"],\"2\":[\"\\\/wp-content\\\/themes\\\/generatepress\\\/tools\\\\assets\\\/img\\\/test_result\\\/2\\\/1.png\"],\"0\":[\"\\\/wp-content\\\/themes\\\/generatepress\\\/tools\\\\assets\\\/img\\\/test_result\\\/0\\\/1.png\"],\"6\":[\"\\\/wp-content\\\/themes\\\/generatepress\\\/tools\\\\assets\\\/img\\\/test_result\\\/6\\\/1.png\"],\"7\":[\"\\\/wp-content\\\/themes\\\/generatepress\\\/tools\\\\assets\\\/img\\\/test_result\\\/7\\\/1.png\"],\"4\":[\"\\\/wp-content\\\/themes\\\/generatepress\\\/tools\\\\assets\\\/img\\\/test_result\\\/4\\\/1.png\"]}};\r\n                     var language = {\"code\":\"en\",\"name\":\"English\",\"prefix\":\"\"};\r\n                     var monitoringClickEvent = 'left';\r\n                     var shareTextDefault = 'My CPS result is {speed} ({clicks} Clicks in {time} Seconds)';\r\n                  <\/script>        \r\n               <\/div>\r\n            <\/section>\r\n\t\t\r\n\t<\/div>\r\n<\/div>\r\n\r\n    <script src=\"\/wp-content\/themes\/generatepress\/tools\/assets\/js\/libs.min.js\"><\/script>\r\n      <script src=\"\/wp-content\/themes\/generatepress\/tools\/assets\/js\/main.min.js?v64\"><\/script>\r\n\n\n<p><\/p>\n\n<h2 class=\"wp-block-heading\">Qu&#8217;est-ce que le test CPS de 10 secondes<\/h2>\n\n<p>Ce test de clic de 10 secondes est destin\u00e9 \u00e0 d\u00e9montrer votre vitesse de clic. Le logiciel est un excellent moyen pour les gens de tuer le temps et de s&#8217;amuser lorsqu&#8217;ils ne travaillent pas. Par incr\u00e9ments de 10 secondes, le gadget indique la vitesse \u00e0 laquelle vous cliquez en 10 secondes.<\/p>\n\n<p>Le test du clic de 10 secondes est d&#8217;une conception simple. Pour le r\u00e9ussir, vous devez cliquer sur la cible aussi rapidement que possible. L&#8217;outil de test de clics en 10 secondes vous donnera un score global et quelques commentaires apr\u00e8s avoir cliqu\u00e9.<\/p>\n\n<p>Si vous souhaitez perfectionner vos comp\u00e9tences en mati\u00e8re de glisser-cliquer, le test de clics en 10 secondes est une ressource fantastique. En seulement 10 secondes de clic, vous pouvez apprendre \u00e0 cliquer rapidement. Le clicker de 10 secondes n&#8217;est pas seulement une ressource gratuite utile mais aussi un moyen amusant de tuer le temps.<\/p>\n\n<p class=\"has-text-align-center has-base-3-color has-text-color has-background has-medium-font-size\" style=\"background-color:#ffb15e\">Le test g\u00e9n\u00e9ral de clics par seconde peut \u00eatre effectu\u00e9 sur <a href=\"https:\/\/cpstesters.com\/fr\/\" target=\"_blank\" rel=\"noreferrer noopener\">CPS Test<\/a>.<\/p>\n<div class=\"wp-block-image\">\n<figure class=\"aligncenter size-full\"><img loading=\"lazy\" decoding=\"async\" width=\"1000\" height=\"500\" src=\"https:\/\/cpstesters.com\/wp-content\/uploads\/2022\/08\/Untitled-design-2.jpg\" alt=\"Test CPS en 10 secondes\" class=\"wp-image-175\" title=\"\" srcset=\"https:\/\/cpstesters.com\/wp-content\/uploads\/2022\/08\/Untitled-design-2.jpg 1000w, https:\/\/cpstesters.com\/wp-content\/uploads\/2022\/08\/Untitled-design-2-300x150.jpg 300w, https:\/\/cpstesters.com\/wp-content\/uploads\/2022\/08\/Untitled-design-2-768x384.jpg 768w\" sizes=\"auto, (max-width: 1000px) 100vw, 1000px\" \/><figcaption class=\"wp-element-caption\">Test CPS en 10 secondes<\/figcaption><\/figure>\n<\/div>\n<h2 class=\"wp-block-heading\">Comment obtenir des clics par seconde plus rapides ?<\/h2>\n\n<p>Les m\u00e9thodes suivantes peuvent \u00eatre utilis\u00e9es pour augmenter vos cps (Clics par seconde) :<\/p>\n\n<ul class=\"wp-block-list\">\n<li>Le meilleur conseil est d&#8217;utiliser une souris de jeu plut\u00f4t qu&#8217;une souris standard et de ne pas utiliser le trackpad de votre ordinateur portable.<\/li>\n\n\n\n<li>Les m\u00e9thodes de clics comme le jitter clicking et le butterfly clicking sont excellentes pour commencer.<\/li>\n\n\n\n<li>R\u00e9glez la sensibilit\u00e9 de votre souris et entra\u00eenez-vous \u00e0 des jeux de tir \u00e0 toute vitesse pour am\u00e9liorer votre vis\u00e9e.<\/li>\n<\/ul>\n\n<h2 class=\"wp-block-heading\">CPS Test 10-Second Cheats<\/h2>\n\n<p>Il faut conna\u00eetre le d\u00e9tenteur actuel du record dans un jeu de test de clics avant d&#8217;en \u00e9tablir un nouveau. Avec un nouveau record de 22 CPS apr\u00e8s seulement 10 secondes de clic, vous avez \u00e9tabli une nouvelle norme. Cr\u00e9ez-en un nouveau si vous le souhaitez ; il existe des raccourcis vers la gloire que vous pouvez emprunter.<\/p>\n\n<ul class=\"wp-block-list\">\n<li>Les cliqueurs automatiques sont le moyen le plus efficace, mais la deuxi\u00e8me approche est celle \u00e0 adopter si vous tenez \u00e0 l&#8217;honn\u00eatet\u00e9.<\/li>\n\n\n\n<li>Les clics papillon, les clics glissants et les clics gigueurs sont autant d&#8217;options.<\/li>\n\n\n\n<li>Le test de vitesse de clic est \u00e0 votre port\u00e9e avec plus de pratique.<\/li>\n\n\n\n<li>Si vous y consacrez le temps et les efforts n\u00e9cessaires, vous pouvez vous aussi atteindre le rang de gu\u00e9pard dans le jeu de test de vitesse de clic.<\/li>\n<\/ul>\n\n<h2 class=\"wp-block-heading has-text-align-center\">FAQ&#8217;s<\/h2>\n\n<h3 class=\"wp-block-heading\"><strong>Combien de clics par seconde le joueur moyen fait-il ?<\/strong><\/h3>\n\n<p>Selon les joueurs professionnels, le taux de rafra\u00eechissement moyen est de 6, mais il peut varier de 5 \u00e0 7 FPS. Certains joueurs de haut niveau sont capables de faire jusqu&#8217;\u00e0 dix clics par seconde. Tant que vous avez une approche solide et un plan bien organis\u00e9, vous pouvez y parvenir.<\/p>\n\n<h3 class=\"wp-block-heading\"><strong>Quand je clique sur mes cps, \u00e0 quelle vitesse \u00e7a va ?<\/strong><\/h3>\n\n<p>Voir et \u00e9valuer votre rythme de clics cps ne demande aucun effort suppl\u00e9mentaire de votre part. En fixant une limite de temps et en cliquant dans n&#8217;importe quel ordre, vous ferez bon usage de nos testeurs de vitesse de clic. Une fois le temps \u00e9coul\u00e9, une fen\u00eatre s&#8217;ouvrira avec le score final de votre test.<\/p>\n\n<h3 class=\"wp-block-heading\"><strong>O\u00f9 peut-on trouver le record du test CPS le plus rapide en 10 secondes ?<\/strong><\/h3>\n\n<p>Pendant cette fen\u00eatre, un CPS maximum de 23,9 est r\u00e9alisable (239 clics). r\u00e9alis\u00e9e par Yukang Jiang, un testeur am\u00e9ricain de cps.<\/p>\n\n<h2 class=\"wp-block-heading\">Derniers mots Test du clic en 10 secondes<\/h2>\n\n<p>Le test du clic 10 par seconde est une application remarquable qui a \u00e9t\u00e9 d\u00e9velopp\u00e9e pour mettre \u00e0 l&#8217;\u00e9preuve la vitesse de clic de l&#8217;utilisateur. Le site dispose d&#8217;une interface utilisateur simple \u00e0 utiliser, et il peut augmenter le nombre de clics par seconde. N&#8217;attendez pas et v\u00e9rifiez le test !<\/p>\n","protected":false},"excerpt":{"rendered":"<p>Le test CPS en 10 secondes est un jeu de clics bas\u00e9 sur la vitesse qui vous permet de d\u00e9terminer la vitesse de vos clics &#8230; <\/p>\n<p class=\"read-more-container\"><a title=\"Test CPS en 10 secondes | V\u00e9rifiez vos clics\" class=\"read-more button\" href=\"https:\/\/cpstesters.com\/fr\/10-second-cps-test\/#more-1941\" aria-label=\"En savoir plus sur Test CPS en 10 secondes | V\u00e9rifiez vos clics\">Read More<\/a><\/p>\n","protected":false},"author":4,"featured_media":991,"parent":0,"menu_order":0,"comment_status":"closed","ping_status":"closed","template":"","meta":{"footnotes":""},"class_list":["post-1941","page","type-page","status-publish","has-post-thumbnail"],"_links":{"self":[{"href":"https:\/\/cpstesters.com\/fr\/wp-json\/wp\/v2\/pages\/1941","targetHints":{"allow":["GET"]}}],"collection":[{"href":"https:\/\/cpstesters.com\/fr\/wp-json\/wp\/v2\/pages"}],"about":[{"href":"https:\/\/cpstesters.com\/fr\/wp-json\/wp\/v2\/types\/page"}],"author":[{"embeddable":true,"href":"https:\/\/cpstesters.com\/fr\/wp-json\/wp\/v2\/users\/4"}],"replies":[{"embeddable":true,"href":"https:\/\/cpstesters.com\/fr\/wp-json\/wp\/v2\/comments?post=1941"}],"version-history":[{"count":5,"href":"https:\/\/cpstesters.com\/fr\/wp-json\/wp\/v2\/pages\/1941\/revisions"}],"predecessor-version":[{"id":4046,"href":"https:\/\/cpstesters.com\/fr\/wp-json\/wp\/v2\/pages\/1941\/revisions\/4046"}],"wp:featuredmedia":[{"embeddable":true,"href":"https:\/\/cpstesters.com\/fr\/wp-json\/wp\/v2\/media\/991"}],"wp:attachment":[{"href":"https:\/\/cpstesters.com\/fr\/wp-json\/wp\/v2\/media?parent=1941"}],"curies":[{"name":"wp","href":"https:\/\/api.w.org\/{rel}","templated":true}]}}