{"id":1911,"date":"2024-07-16T14:08:15","date_gmt":"2024-07-16T14:08:15","guid":{"rendered":"https:\/\/cpstesters.com\/test-cps-en-5-secondes-verifiez-la-vitesse-de-vos-clics\/"},"modified":"2024-09-17T09:28:27","modified_gmt":"2024-09-17T09:28:27","slug":"5-second-cps-test","status":"publish","type":"page","link":"https:\/\/cpstesters.com\/fr\/5-second-cps-test\/","title":{"rendered":"Test CPS en 5 secondes | V\u00e9rifiez la vitesse de vos clics"},"content":{"rendered":"\n<p>Le test CPS de 5 secondes est un jeu de test de clics \u00e0 vitesse rapide. Si vous \u00eates un d\u00e9butant, cela vous aidera \u00e0 v\u00e9rifier \u00e0 quelle vitesse vous pouvez cliquer en 5 secondes.<\/p>\n<div class=\"row\">\r\n\t<div class=\"col-md-4\">\r\n\r\n\t\t\r\n\t\t\r\n\t\t<div class=\"side_nav\">\r\n            \r\n            \r\n             <ul class=\"time\">\r\n            <li>\r\n             <a href=\"https:\/\/cpstesters.com\/1-second-cps-test\/\"> <span data-time=\"1\">1 Second Test<\/span><\/a>\r\n            <\/li><li>\r\n             <a href=\"https:\/\/cpstesters.com\/2-second-cps-test\/\"><span data-time=\"2\">2 Second Test<\/span><\/a>\r\n            <\/li><li>\r\n           <a href=\"https:\/\/cpstesters.com\/5-second-cps-test\/\"><span data-time=\"5\" class=\"active\">5 Second Test<\/span><\/a>\r\n            <\/li><li>\r\n\t\t\t\t <a href=\"https:\/\/cpstesters.com\/10-second-cps-test\/\"><span data-time=\"10\">10 Second Test<\/span><\/a>\r\n            <\/li><li>\r\n             <a href=\"https:\/\/cpstesters.com\/15-second-click-test\/\"><span data-time=\"15\">15 Second Test<\/span><\/a>\r\n            <\/li>\r\n\t\t\t\t \t<li>\r\n             <a href=\"https:\/\/cpstesters.com\/30-second-cps-test\/\"><span data-time=\"30\">30 Second Test<\/span><\/a>\r\n            <\/li><li>\r\n\t\t\t\t<li>\r\n             <a href=\"https:\/\/cpstesters.com\/60-second-cps-test\/\"><span data-time=\"60\">60 Second Test<\/span><\/a>\r\n            <\/li><li>\r\n\t\t\t\t<li>\r\n             <a href=\"https:\/\/cpstesters.com\/100-second-cps-test\/\"><span data-time=\"100\">100 Second Test<\/span><\/a>\r\n            <\/li>\r\n\t\t\t\t <li>\r\n             <a href=\"https:\/\/cpstesters.com\/manual-click-test\/\"><span data-time=\"20\">Manual Click Test<\/span><\/a>\r\n            <\/li><\/ul>\r\n            <\/div>\r\n\t\t\r\n\t\t\r\n\t<\/div>\r\n\t<div class=\"col-md-8\">\r\n\t\t<section class=\"section section--full js-section-full section--click\">\r\n               <div class=\"container\">\r\n\t\t\t\t   \r\n\t\t\t\t         <div class=\"setting\">\r\n    <div class=\"theme-mode\"><a class=\"theme-mode__switch js-switch\" href=\"javascript:void(0);\"><\/a>\r\n        <div class=\"theme-mode__text\">Light \/ Dark mode<\/div>\r\n    <\/div>\r\n<\/div>\r\n\t\t\t\t   \r\n\t\t\t\t   \r\n                  <div class=\"statistics\">\r\n                     <div class=\"statistics__item statistics__item--timer\">\r\n                        <div class=\"statistics__number\">\r\n                           <span class=\"js-time number_timer\">5.00<\/span>\r\n                           <a class=\"statistics__arrow statistics__arrow--up js-time-up\" href=\"javascript:void(0);\">\r\n                              <svg class=\"icon icon-arrow-up \">\r\n                                 <use xlink:href=\"\/wp-content\/themes\/generatepress\/tools\/assets\/img\/spritesvg.svg#arrow-up\"><\/use>\r\n                              <\/svg>\r\n                           <\/a>\r\n                           <a class=\"statistics__arrow statistics__arrow--down js-time-down\" href=\"javascript:void(0);\">\r\n                              <svg class=\"icon icon-arrow-up \">\r\n                                 <use xlink:href=\"\/wp-content\/themes\/generatepress\/tools\/assets\/img\/spritesvg.svg#arrow-up\"><\/use>\r\n                              <\/svg>\r\n                           <\/a>\r\n                        <\/div>\r\n                        <div class=\"statistics__title\">Timer<\/div>\r\n                     <\/div>\r\n                     <div class=\"statistics__item statistics__item--clicks\">\r\n                        <div class=\"statistics__number number_clicks js-speed\">0.00<\/div>\r\n                        <div class=\"statistics__title\">Clicks \/ s<\/div>\r\n                     <\/div>\r\n                     <div class=\"statistics__item statistics__item--score\">\r\n                        <div class=\"statistics__number number_score js-score\">0<\/div>\r\n                        <div class=\"statistics__title\">Score<\/div>\r\n                     <\/div>\r\n                  <\/div>\r\n                  <div class=\"clicks-zone\">\r\n                     <div class=\"clicks-zone__start js-clicks-start\">\r\n                        <svg class=\"icon icon-click \">\r\n                           <use xlink:href=\"\/wp-content\/themes\/generatepress\/tools\/assets\/img\/spritesvg.svg#click\"><\/use>\r\n                        <\/svg>\r\n                        <div class=\"clicks-zone__start-title\">\u0421lick here to start cps test<\/div>\r\n                     <\/div>\r\n                     <div class=\"clicks-zone__clicks js-clicks\"><\/div>\r\n                     <div class=\"clicks-zone__result result-clicks js-clicks-result\">\r\n                        <div class=\"result-clicks__title rank-wrapper\"><\/div>\r\n                        <div class=\"result-clicks__text\">Your CPS result is <span class=\"speed js-stat-speed\"><\/span> (<span class=\"clicks js-stat-clicks\"><\/span> Clicks in <span class=\"time js-stat-time\"><\/span> Seconds)<\/div>\r\n                        <div class=\"result-clicks__img\"><img><\/div>\r\n                        <a class=\"result-clicks__btn js-try-again\" href=\"javascript:void(0);\">\r\n                           <svg class=\"icon icon-again \">\r\n                              <use xlink:href=\"\/wp-content\/themes\/generatepress\/tools\/assets\/img\/spritesvg.svg#again\"><\/use>\r\n                           <\/svg>\r\n                           Restart\r\n                        <\/a>\r\n                        <div class=\"result-clicks__share\">\r\n                           <div class=\"result-clicks__share-title\">Share your result with friends!<\/div>\r\n                           <div class=\"share-buttons\">\r\n                              <a class=\"share-button facebook\" data-href=\"https:\/\/www.facebook.com\/sharer\/sharer.php?u=https:\/\/cpstesters.com\/\" target=\"_blank\" onclick=\"goclicky(this); return false;\" rel=\"noopener\">Facebook<\/a>\r\n                              <a class=\"share-button twitter\" data-href=\"http:\/\/www.twitter.com\/share?url=https:\/\/cpstesters.com\/&text=[text]\" target=\"_blank\" onclick=\"goclicky(this); return false;\" rel=\"noopener\">Twitter<\/a>\r\n                              <a class=\"share-button whatsapp\" data-href=\"https:\/\/api.whatsapp.com\/send?text=[text]\" target=\"_blank\" onclick=\"goclicky(this); return false;\" rel=\"noopener\">WhatsApp<\/a>\r\n                              <a class=\"share-button reddit\" data-href=\"http:\/\/www.reddit.com\/submit?url=https:\/\/cpstesters.com\/&title=[text]\" target=\"_blank\" onclick=\"goclicky(this); return false;\" rel=\"noopener\">Reddit<\/a>\r\n                           <\/div>\r\n                        <\/div>\r\n                     <\/div>\r\n                  <\/div>\r\n                  <img decoding=\"async\" src=\"\/wp-content\/themes\/generatepress\/tools\/assets\/img\/test_result\/3\/1.png\" style=\"display: none\" alt=\"\" title=\"\">\r\n                  <img decoding=\"async\" src=\"\/wp-content\/themes\/generatepress\/tools\/assets\/img\/test_result\/5\/1.png\" style=\"display: none\" alt=\"\" title=\"\">\r\n                  <img decoding=\"async\" src=\"\/wp-content\/themes\/generatepress\/tools\/assets\/img\/test_result\/1\/1.png\" style=\"display: none\" alt=\"\" title=\"\">\r\n                  <img decoding=\"async\" src=\"\/wp-content\/themes\/generatepress\/tools\/assets\/img\/test_result\/2\/1.png\" style=\"display: none\" alt=\"\" title=\"\">\r\n                  <img decoding=\"async\" src=\"\/wp-content\/themes\/generatepress\/tools\/assets\/img\/test_result\/0\/1.png\" style=\"display: none\" alt=\"\" title=\"\">\r\n                  <img decoding=\"async\" src=\"\/wp-content\/themes\/generatepress\/tools\/assets\/img\/test_result\/6\/1.png\" style=\"display: none\" alt=\"\" title=\"\">\r\n                  <img decoding=\"async\" src=\"\/wp-content\/themes\/generatepress\/tools\/assets\/img\/test_result\/7\/1.png\" style=\"display: none\" alt=\"\" title=\"\">\r\n                  <img decoding=\"async\" src=\"\/wp-content\/themes\/generatepress\/tools\/assets\/img\/test_result\/4\/1.png\" style=\"display: none\" alt=\"\" title=\"\">\r\n                  <script>\r\n                     var test_result = {\"ratings\":{\"min\":0,\"max\":5},\"rating_ranks\":[\"Your Rank is Snail!\",\"Your Rank is Koala!\",\"Your Rank is Turtle!\",\"Your Rank is Panda!\",\"Your Rank is Hare!\",\"Your Rank is Kangaroo!\",\"Your Rank is Panther!\",\"Your Rank is Cheetah!\"],\"cps_scale\":[[0,1],[1,3],[3,5],[5,7],[7,9],[9,10],[10,12],[12,999]],\"files\":{\"3\":[\"\\\/wp-content\\\/themes\\\/generatepress\\\/tools\\\\assets\\\/img\\\/test_result\\\/3\\\/1.png\"],\"5\":[\"\\\/wp-content\\\/themes\\\/generatepress\\\/tools\\\\assets\\\/img\\\/test_result\\\/5\\\/1.png\"],\"1\":[\"\\\/wp-content\\\/themes\\\/generatepress\\\/tools\\\\assets\\\/img\\\/test_result\\\/1\\\/1.png\"],\"2\":[\"\\\/wp-content\\\/themes\\\/generatepress\\\/tools\\\\assets\\\/img\\\/test_result\\\/2\\\/1.png\"],\"0\":[\"\\\/wp-content\\\/themes\\\/generatepress\\\/tools\\\\assets\\\/img\\\/test_result\\\/0\\\/1.png\"],\"6\":[\"\\\/wp-content\\\/themes\\\/generatepress\\\/tools\\\\assets\\\/img\\\/test_result\\\/6\\\/1.png\"],\"7\":[\"\\\/wp-content\\\/themes\\\/generatepress\\\/tools\\\\assets\\\/img\\\/test_result\\\/7\\\/1.png\"],\"4\":[\"\\\/wp-content\\\/themes\\\/generatepress\\\/tools\\\\assets\\\/img\\\/test_result\\\/4\\\/1.png\"]}};\r\n                     var language = {\"code\":\"en\",\"name\":\"English\",\"prefix\":\"\"};\r\n                     var monitoringClickEvent = 'left';\r\n                     var shareTextDefault = 'My CPS result is {speed} ({clicks} Clicks in {time} Seconds)';\r\n                  <\/script>        \r\n               <\/div>\r\n            <\/section>\r\n\t\t\r\n\t<\/div>\r\n<\/div>\r\n\r\n    <script src=\"\/wp-content\/themes\/generatepress\/tools\/assets\/js\/libs.min.js\"><\/script>\r\n      <script src=\"\/wp-content\/themes\/generatepress\/tools\/assets\/js\/main.min.js?v64\"><\/script>\r\n\n\n<p><\/p>\n\n<p>La vitesse \u00e0 laquelle vous cliquez sur votre souris est g\u00e9n\u00e9ralement exprim\u00e9e en CPS, ou clics par seconde. Ceux qui souhaitent tester ou am\u00e9liorer leur CPS pour une utilisation quotidienne ou pour le jeu font le test de vitesse Click. Dans les jeux vid\u00e9o, cliquer sur la souris \u00e9quivaut \u00e0 viser et \u00e0 tirer.<\/p>\n\n<p>Si vous voulez surpasser vos concurrents et grimper dans le classement du jeu, vous devez travailler sur votre vitesse de clic. Les joueurs qui ont le plus de valeur sont souvent ceux qui cliquent le plus vite et qui visent le plus vite. Par cons\u00e9quent, le test CPS est crucial.<\/p>\n\n<p>Le test du clic de 5 secondes peut \u00eatre effectu\u00e9 pour am\u00e9liorer votre vitesse de clic \u00e0 un intervalle de temps de 5 secondes. Si vous voulez d\u00e9montrer votre ma\u00eetrise d&#8217;une certaine technique, comme le jitter ou le butterfly, vous pouvez faire un test de clic 5 secondes dans ce mode. En plus de vous aider \u00e0 r\u00e9ussir l&#8217;approche, le fait de passer le test vous permettra de vous familiariser avec la m\u00e9thode, ce qui vous sera utile dans les niveaux ult\u00e9rieurs.<\/p>\n<div class=\"wp-block-image\">\n<figure class=\"aligncenter size-full\"><img loading=\"lazy\" decoding=\"async\" width=\"1000\" height=\"500\" src=\"https:\/\/cpstesters.com\/wp-content\/uploads\/2022\/08\/Untitled-design-1.jpg\" alt=\"Test CPS de 5 secondes\" class=\"wp-image-172\" title=\"\" srcset=\"https:\/\/cpstesters.com\/wp-content\/uploads\/2022\/08\/Untitled-design-1.jpg 1000w, https:\/\/cpstesters.com\/wp-content\/uploads\/2022\/08\/Untitled-design-1-300x150.jpg 300w, https:\/\/cpstesters.com\/wp-content\/uploads\/2022\/08\/Untitled-design-1-768x384.jpg 768w\" sizes=\"auto, (max-width: 1000px) 100vw, 1000px\" \/><figcaption class=\"wp-element-caption\">Test CPS de 5 secondes<\/figcaption><\/figure>\n<\/div>\n<p class=\"has-text-align-center has-base-background-color has-background has-medium-font-size\">Vous pourriez vouloir v\u00e9rifier le <a href=\"https:\/\/cpstesters.com\/fr\/\" target=\"_blank\" rel=\"noreferrer noopener\">test CPS<\/a><\/p>\n\n<h2 class=\"wp-block-heading has-text-align-left\">La meilleure fa\u00e7on d&#8217;augmenter les r\u00e9sultats des tests CPS de 5 secondes<\/h2>\n\n<h3 class=\"wp-block-heading\"><strong>Choisir une bonne approche<\/strong><\/h3>\n\n<p>Choisir une approche correcte pour le clic. Obtenez plus de clics en utilisant toute m\u00e9thode qui vous semble la plus naturelle pour y parvenir. Les douleurs au poignet sont un effet secondaire possible d&#8217;une mauvaise ex\u00e9cution de techniques comme le jitter clicking et la m\u00e9thode du koi clicking. Par cons\u00e9quent, le choix de la bonne approche est crucial.<\/p>\n\n<h3 class=\"wp-block-heading\"><strong>S\u00e9lectionnez la souris appropri\u00e9e<\/strong><\/h3>\n\n<p>Si vous utilisez une mauvaise souris, vous ne pourrez peut-\u00eatre pas cliquer aussi souvent que vous le souhaiteriez. Par cons\u00e9quent, une bonne souris doit \u00eatre utilis\u00e9e sur le CPS Tester et dans les jeux. Si vous recherchez des performances de haut niveau, une souris de jeu est votre meilleure option.<\/p>\n\n<h3 class=\"wp-block-heading\"><strong>S&#8217;entra\u00eener r\u00e9guli\u00e8rement<\/strong><\/h3>\n\n<p>Aucun objectif ne peut \u00eatre atteint instantan\u00e9ment, il faut de la pratique et de la pers\u00e9v\u00e9rance. La r\u00e8gle du test du clic de 5 secondes devrait \u00eatre utilis\u00e9e quotidiennement, avec une pratique appropri\u00e9e et une bonne souris. Avec une approche appropri\u00e9e et une pratique uniforme, vous pouvez am\u00e9liorer votre CPS.<\/p>\n\n<h2 class=\"wp-block-heading has-text-align-left\">Quels sont les avantages de participer au test CPS 5 secondes ?<\/h2>\n\n<h3 class=\"wp-block-heading\"><strong>Am\u00e9liorez vos performances en mati\u00e8re de clics<\/strong><\/h3>\n\n<p>Un entra\u00eenement fr\u00e9quent avec le logiciel clicker 5 secondes vous permettra d&#8217;am\u00e9liorer consid\u00e9rablement vos clics.<\/p>\n\n<h3 class=\"wp-block-heading\"><strong>Am\u00e9liorez vos comp\u00e9tences en mati\u00e8re de clics<\/strong><\/h3>\n\n<p>Il existe plusieurs m\u00e9thodes pour appuyer sur le m\u00eame bouton de la souris. Vous pouvez ma\u00eetriser l&#8217;une de ces strat\u00e9gies pour cliquer efficacement sur la souris. Ces m\u00e9thodes sont transf\u00e9rables \u00e0 d&#8217;autres domaines, y compris les jeux, une fois que vous les ma\u00eetrisez.<\/p>\n\n<h3 class=\"wp-block-heading\"><strong>Score de partage<\/strong><\/h3>\n\n<p>Apr\u00e8s avoir termin\u00e9 le test de clics, vous pouvez partager vos r\u00e9sultats sur d&#8217;autres sites. Vous pouvez \u00e9galement publier votre score en ligne et mettre au d\u00e9fi vos amis de le battre en passant eux-m\u00eames le test.<\/p>\n\n<h2 class=\"wp-block-heading has-text-align-center\">FAQ&#8217;s<\/h2>\n\n<h3 class=\"wp-block-heading\"><strong>Comment calcule-t-on les clics par seconde ?<\/strong><\/h3>\n\n<p>Un compteur de clics par seconde comptabilise simplement la fr\u00e9quence \u00e0 laquelle vous touchez l&#8217;\u00e9cran. Pour obtenir votre CPS, divisez votre total de clics par le temps total que vous avez pass\u00e9 \u00e0 cliquer.<\/p>\n\n<h3 class=\"wp-block-heading\"><strong>Qu&#8217;est-ce que le record mondial de 5 secondes de CPS ?<\/strong><\/h3>\n\n<p>Vingt cycles par seconde constituent le taux le plus \u00e9lev\u00e9 possible (100 clics). Jovelyn, un testeur cps de Malaisie, l&#8217;a termin\u00e9.<\/p>\n\n<h3 class=\"wp-block-heading\"><strong>D&#8217;o\u00f9 vient le CPS fou ?<\/strong><\/h3>\n\n<p>Porter votre CPS \u00e0 des niveaux absurdes exige des heures interminables de pratique, de pers\u00e9v\u00e9rance et de concentration. Une connexion Internet stable et une souris de jeu de haute qualit\u00e9 vous aideront \u00e0 \u00eatre plus performant.<\/p>\n\n<h2 class=\"wp-block-heading\">Le mot de la fin pour Click Test 5 Seconds<\/h2>\n\n<p>Le test CPS est une m\u00e9thode divertissante et stimulante pour \u00e9valuer vos capacit\u00e9s \u00e0 cliquer avec la souris. Ce test d\u00e9terminera le nombre de CPS que vos pouces peuvent g\u00e9n\u00e9rer dans un laps de temps donn\u00e9. On peut utiliser l&#8217;application &#8220;clic par seconde&#8221; pour jouer \u00e0 des jeux bas\u00e9s sur le clic, s&#8217;entra\u00eener ou simplement s&#8217;amuser. Ces outils gratuits sont incroyablement conviviaux, de sorte que tout le monde, quel que soit son \u00e2ge, peut les utiliser pour surveiller son taux de clics par seconde.<\/p>\n\n<p>Quelques autres tests de clics<\/p>\n\n<ul class=\"wp-block-list\">\n<li><a href=\"https:\/\/cpstesters.com\/fr\/test-cps-par-clic-droit\/\" target=\"_blank\" rel=\"noreferrer noopener\">Clic droit sur le test CPS<\/a><\/li>\n\n\n\n<li><a href=\"https:\/\/cpstesters.com\/fr\/test-de-cliquetis-de-gigue\/\" target=\"_blank\" rel=\"noreferrer noopener\">Test de clic de gigue<\/a><\/li>\n\n\n\n<li><a href=\"https:\/\/cpstesters.com\/fr\/kohi-click-test\/\" target=\"_blank\" rel=\"noreferrer noopener\">Test du clic Kohi<\/a><\/li>\n\n\n\n<li><a href=\"https:\/\/cpstesters.com\/fr\/test-manuel-de-clics\/\" target=\"_blank\" rel=\"noreferrer noopener\">Test manuel du clic<\/a><\/li>\n\n\n\n<li><a href=\"https:\/\/cpstesters.com\/fr\/butterfly-click-test\/\" target=\"_blank\" rel=\"noreferrer noopener\">Test du clic papillon<\/a><\/li>\n<\/ul>\n","protected":false},"excerpt":{"rendered":"<p>Le test CPS de 5 secondes est un jeu de test de clics \u00e0 vitesse rapide. Si vous \u00eates un d\u00e9butant, cela vous aidera \u00e0 &#8230; <\/p>\n<p class=\"read-more-container\"><a title=\"Test CPS en 5 secondes | V\u00e9rifiez la vitesse de vos clics\" class=\"read-more button\" href=\"https:\/\/cpstesters.com\/fr\/5-second-cps-test\/#more-1911\" aria-label=\"En savoir plus sur Test CPS en 5 secondes | V\u00e9rifiez la vitesse de vos clics\">Read More<\/a><\/p>\n","protected":false},"author":4,"featured_media":979,"parent":0,"menu_order":0,"comment_status":"closed","ping_status":"closed","template":"","meta":{"footnotes":""},"class_list":["post-1911","page","type-page","status-publish","has-post-thumbnail"],"_links":{"self":[{"href":"https:\/\/cpstesters.com\/fr\/wp-json\/wp\/v2\/pages\/1911","targetHints":{"allow":["GET"]}}],"collection":[{"href":"https:\/\/cpstesters.com\/fr\/wp-json\/wp\/v2\/pages"}],"about":[{"href":"https:\/\/cpstesters.com\/fr\/wp-json\/wp\/v2\/types\/page"}],"author":[{"embeddable":true,"href":"https:\/\/cpstesters.com\/fr\/wp-json\/wp\/v2\/users\/4"}],"replies":[{"embeddable":true,"href":"https:\/\/cpstesters.com\/fr\/wp-json\/wp\/v2\/comments?post=1911"}],"version-history":[{"count":4,"href":"https:\/\/cpstesters.com\/fr\/wp-json\/wp\/v2\/pages\/1911\/revisions"}],"predecessor-version":[{"id":4091,"href":"https:\/\/cpstesters.com\/fr\/wp-json\/wp\/v2\/pages\/1911\/revisions\/4091"}],"wp:featuredmedia":[{"embeddable":true,"href":"https:\/\/cpstesters.com\/fr\/wp-json\/wp\/v2\/media\/979"}],"wp:attachment":[{"href":"https:\/\/cpstesters.com\/fr\/wp-json\/wp\/v2\/media?parent=1911"}],"curies":[{"name":"wp","href":"https:\/\/api.w.org\/{rel}","templated":true}]}}