{"id":1872,"date":"2024-07-16T14:39:19","date_gmt":"2024-07-16T14:39:19","guid":{"rendered":"https:\/\/cpstesters.com\/test-cps-en-2-secondes-verifiez-la-vitesse-de-vos-clics\/"},"modified":"2024-09-17T07:08:57","modified_gmt":"2024-09-17T07:08:57","slug":"2-second-cps-test","status":"publish","type":"page","link":"https:\/\/cpstesters.com\/fr\/2-second-cps-test\/","title":{"rendered":"Test CPS en 2 secondes | V\u00e9rifiez la vitesse de vos clics"},"content":{"rendered":"\n<p>Le test CPS 2 secondes est un jeu \u00e9tonnant qui vous aide \u00e0 voir combien de clics vous pouvez faire en deux secondes.<\/p>\n<div class=\"row\">\r\n\t<div class=\"col-md-4\">\r\n\r\n\t\t\r\n\t\t\r\n\t\t<div class=\"side_nav\">\r\n            \r\n            \r\n             <ul class=\"time\">\r\n            <li>\r\n             <a href=\"https:\/\/cpstesters.com\/1-second-cps-test\/\"> <span data-time=\"1\">1 Second Test<\/span><\/a>\r\n            <\/li><li>\r\n             <a href=\"https:\/\/cpstesters.com\/2-second-cps-test\/\"><span data-time=\"2\" class=\"active\">2 Second Test<\/span><\/a>\r\n            <\/li><li>\r\n           <a href=\"https:\/\/cpstesters.com\/5-second-cps-test\/\"><span data-time=\"5\">5 Second Test<\/span><\/a>\r\n            <\/li><li>\r\n\t\t\t\t <a href=\"https:\/\/cpstesters.com\/10-second-cps-test\/\"><span data-time=\"10\">10 Second Test<\/span><\/a>\r\n            <\/li><li>\r\n             <a href=\"https:\/\/cpstesters.com\/15-second-click-test\/\"><span data-time=\"15\">15 Second Test<\/span><\/a>\r\n            <\/li>\r\n\t\t\t\t \t<li>\r\n             <a href=\"https:\/\/cpstesters.com\/30-second-cps-test\/\"><span data-time=\"30\">30 Second Test<\/span><\/a>\r\n            <\/li><li>\r\n\t\t\t\t<li>\r\n             <a href=\"https:\/\/cpstesters.com\/60-second-cps-test\/\"><span data-time=\"60\">60 Second Test<\/span><\/a>\r\n            <\/li><li>\r\n\t\t\t\t<li>\r\n             <a href=\"https:\/\/cpstesters.com\/100-second-cps-test\/\"><span data-time=\"100\">100 Second Test<\/span><\/a>\r\n            <\/li>\r\n\t\t\t\t <li>\r\n             <a href=\"https:\/\/cpstesters.com\/manual-click-test\/\"><span data-time=\"20\">Manual Click Test<\/span><\/a>\r\n            <\/li><\/ul>\r\n            <\/div>\r\n\t\t\r\n\t\t\r\n\t<\/div>\r\n\t<div class=\"col-md-8\">\r\n\t\t<section class=\"section section--full js-section-full section--click\">\r\n               <div class=\"container\">\r\n\t\t\t\t   \r\n\t\t\t\t         <div class=\"setting\">\r\n    <div class=\"theme-mode\"><a class=\"theme-mode__switch js-switch\" href=\"javascript:void(0);\"><\/a>\r\n        <div class=\"theme-mode__text\">Light \/ Dark mode<\/div>\r\n    <\/div>\r\n<\/div>\r\n\t\t\t\t   \r\n\t\t\t\t   \r\n                  <div class=\"statistics\">\r\n                     <div class=\"statistics__item statistics__item--timer\">\r\n                        <div class=\"statistics__number\">\r\n                           <span class=\"js-time number_timer\">2.00<\/span>\r\n                           <a class=\"statistics__arrow statistics__arrow--up js-time-up\" href=\"javascript:void(0);\">\r\n                              <svg class=\"icon icon-arrow-up \">\r\n                                 <use xlink:href=\"\/wp-content\/themes\/generatepress\/tools\/assets\/img\/spritesvg.svg#arrow-up\"><\/use>\r\n                              <\/svg>\r\n                           <\/a>\r\n                           <a class=\"statistics__arrow statistics__arrow--down js-time-down\" href=\"javascript:void(0);\">\r\n                              <svg class=\"icon icon-arrow-up \">\r\n                                 <use xlink:href=\"\/wp-content\/themes\/generatepress\/tools\/assets\/img\/spritesvg.svg#arrow-up\"><\/use>\r\n                              <\/svg>\r\n                           <\/a>\r\n                        <\/div>\r\n                        <div class=\"statistics__title\">Timer<\/div>\r\n                     <\/div>\r\n                     <div class=\"statistics__item statistics__item--clicks\">\r\n                        <div class=\"statistics__number number_clicks js-speed\">0.00<\/div>\r\n                        <div class=\"statistics__title\">Clicks \/ s<\/div>\r\n                     <\/div>\r\n                     <div class=\"statistics__item statistics__item--score\">\r\n                        <div class=\"statistics__number number_score js-score\">0<\/div>\r\n                        <div class=\"statistics__title\">Score<\/div>\r\n                     <\/div>\r\n                  <\/div>\r\n                  <div class=\"clicks-zone\">\r\n                     <div class=\"clicks-zone__start js-clicks-start\">\r\n                        <svg class=\"icon icon-click \">\r\n                           <use xlink:href=\"\/wp-content\/themes\/generatepress\/tools\/assets\/img\/spritesvg.svg#click\"><\/use>\r\n                        <\/svg>\r\n                        <div class=\"clicks-zone__start-title\">\u0421lick here to start cps test<\/div>\r\n                     <\/div>\r\n                     <div class=\"clicks-zone__clicks js-clicks\"><\/div>\r\n                     <div class=\"clicks-zone__result result-clicks js-clicks-result\">\r\n                        <div class=\"result-clicks__title rank-wrapper\"><\/div>\r\n                        <div class=\"result-clicks__text\">Your CPS result is <span class=\"speed js-stat-speed\"><\/span> (<span class=\"clicks js-stat-clicks\"><\/span> Clicks in <span class=\"time js-stat-time\"><\/span> Seconds)<\/div>\r\n                        <div class=\"result-clicks__img\"><img><\/div>\r\n                        <a class=\"result-clicks__btn js-try-again\" href=\"javascript:void(0);\">\r\n                           <svg class=\"icon icon-again \">\r\n                              <use xlink:href=\"\/wp-content\/themes\/generatepress\/tools\/assets\/img\/spritesvg.svg#again\"><\/use>\r\n                           <\/svg>\r\n                           Restart\r\n                        <\/a>\r\n                        <div class=\"result-clicks__share\">\r\n                           <div class=\"result-clicks__share-title\">Share your result with friends!<\/div>\r\n                           <div class=\"share-buttons\">\r\n                              <a class=\"share-button facebook\" data-href=\"https:\/\/www.facebook.com\/sharer\/sharer.php?u=https:\/\/cpstesters.com\/\" target=\"_blank\" onclick=\"goclicky(this); return false;\" rel=\"noopener\">Facebook<\/a>\r\n                              <a class=\"share-button twitter\" data-href=\"http:\/\/www.twitter.com\/share?url=https:\/\/cpstesters.com\/&text=[text]\" target=\"_blank\" onclick=\"goclicky(this); return false;\" rel=\"noopener\">Twitter<\/a>\r\n                              <a class=\"share-button whatsapp\" data-href=\"https:\/\/api.whatsapp.com\/send?text=[text]\" target=\"_blank\" onclick=\"goclicky(this); return false;\" rel=\"noopener\">WhatsApp<\/a>\r\n                              <a class=\"share-button reddit\" data-href=\"http:\/\/www.reddit.com\/submit?url=https:\/\/cpstesters.com\/&title=[text]\" target=\"_blank\" onclick=\"goclicky(this); return false;\" rel=\"noopener\">Reddit<\/a>\r\n                           <\/div>\r\n                        <\/div>\r\n                     <\/div>\r\n                  <\/div>\r\n                  <img decoding=\"async\" src=\"\/wp-content\/themes\/generatepress\/tools\/assets\/img\/test_result\/3\/1.png\" style=\"display: none\" alt=\"\" title=\"\">\r\n                  <img decoding=\"async\" src=\"\/wp-content\/themes\/generatepress\/tools\/assets\/img\/test_result\/5\/1.png\" style=\"display: none\" alt=\"\" title=\"\">\r\n                  <img decoding=\"async\" src=\"\/wp-content\/themes\/generatepress\/tools\/assets\/img\/test_result\/1\/1.png\" style=\"display: none\" alt=\"\" title=\"\">\r\n                  <img decoding=\"async\" src=\"\/wp-content\/themes\/generatepress\/tools\/assets\/img\/test_result\/2\/1.png\" style=\"display: none\" alt=\"\" title=\"\">\r\n                  <img decoding=\"async\" src=\"\/wp-content\/themes\/generatepress\/tools\/assets\/img\/test_result\/0\/1.png\" style=\"display: none\" alt=\"\" title=\"\">\r\n                  <img decoding=\"async\" src=\"\/wp-content\/themes\/generatepress\/tools\/assets\/img\/test_result\/6\/1.png\" style=\"display: none\" alt=\"\" title=\"\">\r\n                  <img decoding=\"async\" src=\"\/wp-content\/themes\/generatepress\/tools\/assets\/img\/test_result\/7\/1.png\" style=\"display: none\" alt=\"\" title=\"\">\r\n                  <img decoding=\"async\" src=\"\/wp-content\/themes\/generatepress\/tools\/assets\/img\/test_result\/4\/1.png\" style=\"display: none\" alt=\"\" title=\"\">\r\n                  <script>\r\n                     var test_result = {\"ratings\":{\"min\":0,\"max\":5},\"rating_ranks\":[\"Your Rank is Snail!\",\"Your Rank is Koala!\",\"Your Rank is Turtle!\",\"Your Rank is Panda!\",\"Your Rank is Hare!\",\"Your Rank is Kangaroo!\",\"Your Rank is Panther!\",\"Your Rank is Cheetah!\"],\"cps_scale\":[[0,1],[1,3],[3,5],[5,7],[7,9],[9,10],[10,12],[12,999]],\"files\":{\"3\":[\"\\\/wp-content\\\/themes\\\/generatepress\\\/tools\\\\assets\\\/img\\\/test_result\\\/3\\\/1.png\"],\"5\":[\"\\\/wp-content\\\/themes\\\/generatepress\\\/tools\\\\assets\\\/img\\\/test_result\\\/5\\\/1.png\"],\"1\":[\"\\\/wp-content\\\/themes\\\/generatepress\\\/tools\\\\assets\\\/img\\\/test_result\\\/1\\\/1.png\"],\"2\":[\"\\\/wp-content\\\/themes\\\/generatepress\\\/tools\\\\assets\\\/img\\\/test_result\\\/2\\\/1.png\"],\"0\":[\"\\\/wp-content\\\/themes\\\/generatepress\\\/tools\\\\assets\\\/img\\\/test_result\\\/0\\\/1.png\"],\"6\":[\"\\\/wp-content\\\/themes\\\/generatepress\\\/tools\\\\assets\\\/img\\\/test_result\\\/6\\\/1.png\"],\"7\":[\"\\\/wp-content\\\/themes\\\/generatepress\\\/tools\\\\assets\\\/img\\\/test_result\\\/7\\\/1.png\"],\"4\":[\"\\\/wp-content\\\/themes\\\/generatepress\\\/tools\\\\assets\\\/img\\\/test_result\\\/4\\\/1.png\"]}};\r\n                     var language = {\"code\":\"en\",\"name\":\"English\",\"prefix\":\"\"};\r\n                     var monitoringClickEvent = 'left';\r\n                     var shareTextDefault = 'My CPS result is {speed} ({clicks} Clicks in {time} Seconds)';\r\n                  <\/script>        \r\n               <\/div>\r\n            <\/section>\r\n\t\t\r\n\t<\/div>\r\n<\/div>\r\n\r\n    <script src=\"\/wp-content\/themes\/generatepress\/tools\/assets\/js\/libs.min.js\"><\/script>\r\n      <script src=\"\/wp-content\/themes\/generatepress\/tools\/assets\/js\/main.min.js?v64\"><\/script>\r\n\n\n<p><\/p>\n\n<p>Un jeu amusant et difficile, le test CPS 2 secondes mesure le nombre de clics que vous pouvez r\u00e9aliser en deux secondes. Il est id\u00e9al pour les d\u00e9butants ou les professionnels chevronn\u00e9s, et vous vous amuserez comme des fous une fois que vous aurez pris le coup de main.<\/p>\n\n<p>Ne vous inqui\u00e9tez pas si vous \u00eates un joueur d\u00e9butant ; cliquer \u00e0 un rythme aussi rapide est un d\u00e9fi, mais c&#8217;est possible avec de la pratique. Vous augmenterez la vitesse et la fr\u00e9quence de vos clics \u00e0 mesure que vous gagnerez en exp\u00e9rience et que vous ma\u00eetriserez le jeu.<\/p>\n\n<h2 class=\"wp-block-heading\">Comment r\u00e9aliser un test CPS de 2 secondes ?<\/h2>\n\n<p>\u00c0 l&#8217;aide de votre souris, vous pouvez apprendre quel est le type d&#8217;essai CPS de 2 secondes et comment en administrer un en suivant les instructions ci-dessous. Si vous suivez les instructions, votre test se d\u00e9roulera aussi facilement que possible.<\/p>\n\n<p>Pour commencer, veuillez cliquer sur le grand bouton DEMARRER LE TEST situ\u00e9 tout en haut de cette page.<\/p>\n<div class=\"wp-block-image\">\n<figure class=\"aligncenter size-full\"><img loading=\"lazy\" decoding=\"async\" width=\"1000\" height=\"500\" src=\"https:\/\/cpstesters.com\/wp-content\/uploads\/2022\/08\/Untitled-design.jpg\" alt=\"Test CPS de 2 secondes\" class=\"wp-image-169\" title=\"\" srcset=\"https:\/\/cpstesters.com\/wp-content\/uploads\/2022\/08\/Untitled-design.jpg 1000w, https:\/\/cpstesters.com\/wp-content\/uploads\/2022\/08\/Untitled-design-300x150.jpg 300w, https:\/\/cpstesters.com\/wp-content\/uploads\/2022\/08\/Untitled-design-768x384.jpg 768w\" sizes=\"auto, (max-width: 1000px) 100vw, 1000px\" \/><figcaption class=\"wp-element-caption\">Test CPS de 2 secondes<\/figcaption><\/figure>\n<\/div>\n<p>Deuxi\u00e8mement, commencez \u00e0 cliquer avec la souris aussi rapidement et pr\u00e9cis\u00e9ment que possible d\u00e8s que le chronom\u00e8tre d\u00e9marre. Pendant les deux secondes compl\u00e8tes, maintenez votre taux de clics de mani\u00e8re continue. Une fois le temps \u00e9coul\u00e9, votre score total sera comptabilis\u00e9 et affich\u00e9 dans une fen\u00eatre contextuelle intuitive.<\/p>\n\n<p class=\"has-text-align-center has-background has-medium-font-size\" style=\"background-color:#ffb15e\">Vous ne vous souciez pas des secondes ? Passez le <a href=\"https:\/\/cpstesters.com\/fr\/\" target=\"_blank\" rel=\"noreferrer noopener\">test du CPS<\/a><\/p>\n\n<h2 class=\"wp-block-heading\">R\u00e9sultats<\/h2>\n\n<p>\u00c0 la fin de la p\u00e9riode allou\u00e9e, les r\u00e9sultats seront r\u00e9v\u00e9l\u00e9s. Il y a au total cinq niveaux de mignonnerie qui correspondent \u00e0 votre v\u00e9locit\u00e9 :<\/p>\n\n<p>Le cochon est le plus lent, avec un CPS de moins de cinq, le kangourou est le suivant, avec 5 \u00e0 8 CPS, le singe est de 10 \u00e0 15, le l\u00e9opard de 15 \u00e0 20, et le dragon de 20 \u00e0 30 CPS.<\/p>\n\n<h2 class=\"wp-block-heading\">Comment augmenter votre vitesse de clic en 2 secondes ?<\/h2>\n\n<p>Si c&#8217;est le cas, continuez \u00e0 lire pour obtenir quelques suggestions sur la fa\u00e7on d&#8217;augmenter votre taux de clics de souris. Si vous suivez ces directives, vous pouvez augmenter la vitesse de vos clics et vos performances g\u00e9n\u00e9rales.<\/p>\n\n<p>L&#8217;utilisation de clics de souris alternatifs est la m\u00e9thode la plus courante pour am\u00e9liorer votre score CPS 2s. Les clics Jitter et Butterfly peuvent tous les deux le faire. Tout d\u00e9pend donc de vos pr\u00e9f\u00e9rences personnelles et du temps dont vous disposez pour vous entra\u00eener.<\/p>\n\n<p>L&#8217;augmentation de la sensibilit\u00e9 de la souris dans le panneau des pr\u00e9f\u00e9rences de Windows est un bon point de d\u00e9part ; cela peut sembler un changement mineur, mais il peut avoir un impact important lorsque vous testez diff\u00e9rentes approches.<\/p>\n\n<p>En outre, les souris de jeu comprennent plus de boutons que les souris classiques, ce qui permet des temps de r\u00e9action plus rapides. Cependant, ces souris sont plus ch\u00e8res et ne sont donc pas pratiques, sauf si le joueur est pr\u00eat \u00e0 d\u00e9bourser l&#8217;argent suppl\u00e9mentaire.<\/p>\n\n<h2 class=\"wp-block-heading has-text-align-center\">FAQ&#8217;s<\/h2>\n\n<h3 class=\"wp-block-heading\"><strong>Combien de fois une souris se d\u00e9place-t-elle par seconde ?<\/strong><\/h3>\n\n<p>Le test CPS est un syst\u00e8me de classement de la vitesse de clic bas\u00e9 sur le nombre de clics que vous pouvez effectuer dans un temps donn\u00e9. Frappez au moins 5 fois par seconde pour \u00e9viter de ralentir \u00e0 la vitesse d&#8217;une tortue dans le jeu.<\/p>\n\n<h3 class=\"wp-block-heading\"><strong>Pourquoi les gens se pr\u00e9parent-ils \u00e0 2 tests CPS ?<\/strong><\/h3>\n\n<p>Les utilisateurs et les joueurs peuvent repousser leurs limites et am\u00e9liorer leur vitesse de clic gr\u00e2ce au test de clics par 2 secondes. Ses fonctions utiles comptent les clics de l&#8217;utilisateur en deux secondes, ce qui lui permet de repasser le test et d&#8217;am\u00e9liorer sa vitesse de clic.<\/p>\n\n<h3 class=\"wp-block-heading\"><strong>Quel est le record mondial pour un test CPS de 2 secondes ?<\/strong><\/h3>\n\n<p>Le record mondial pour un test CPS de 2 secondes est de 27 clics par seconde et la vitesse moyenne est de 18 CPS.<\/p>\n\n<h2 class=\"wp-block-heading\">Conclure un test CPS en 2 secondes<\/h2>\n\n<p>En r\u00e9sum\u00e9, les outils qui mesurent le taux de clics par seconde sont utiles pour \u00e9valuer la vitesse des clics, mais ils ont aussi d&#8217;autres applications. Les jeux bas\u00e9s sur les clics, l&#8217;entra\u00eenement et le divertissement pur peuvent tous b\u00e9n\u00e9ficier de l&#8217;outil &#8220;clics par seconde&#8221;. Toute personne, quel que soit son \u00e2ge, peut s&#8217;amuser avec ces gadgets gratuits et voir combien de fois en une seconde elle peut cliquer.<\/p>\n\n<p>Vous pouvez \u00e9galement aimer<\/p>\n\n<ul class=\"wp-block-list\">\n<li><a href=\"https:\/\/cpstesters.com\/fr\/test-de-cliquetis-de-gigue\/\">Test de clic de gigue<\/a><\/li>\n\n\n\n<li><a href=\"https:\/\/cpstesters.com\/fr\/kohi-click-test\/\">Test du clic Kohi<\/a><\/li>\n\n\n\n<li><a href=\"https:\/\/cpstesters.com\/fr\/test-cps-par-clic-droit\/\">Clic droit sur le test CPS<\/a><\/li>\n\n\n\n<li><a href=\"https:\/\/cpstesters.com\/fr\/test-manuel-de-clics\/\" target=\"_blank\" rel=\"noreferrer noopener\">Test manuel du clic<\/a><\/li>\n\n\n\n<li><a href=\"https:\/\/cpstesters.com\/fr\/butterfly-click-test\/\" target=\"_blank\" rel=\"noreferrer noopener\">Test du clic papillon<\/a><\/li>\n<\/ul>\n","protected":false},"excerpt":{"rendered":"<p>Le test CPS 2 secondes est un jeu \u00e9tonnant qui vous aide \u00e0 voir combien de clics vous pouvez faire en deux secondes. Un jeu &#8230; <\/p>\n<p class=\"read-more-container\"><a title=\"Test CPS en 2 secondes | V\u00e9rifiez la vitesse de vos clics\" class=\"read-more button\" href=\"https:\/\/cpstesters.com\/fr\/2-second-cps-test\/#more-1872\" aria-label=\"En savoir plus sur Test CPS en 2 secondes | V\u00e9rifiez la vitesse de vos clics\">Read More<\/a><\/p>\n","protected":false},"author":4,"featured_media":967,"parent":0,"menu_order":0,"comment_status":"closed","ping_status":"closed","template":"","meta":{"footnotes":""},"class_list":["post-1872","page","type-page","status-publish","has-post-thumbnail"],"_links":{"self":[{"href":"https:\/\/cpstesters.com\/fr\/wp-json\/wp\/v2\/pages\/1872","targetHints":{"allow":["GET"]}}],"collection":[{"href":"https:\/\/cpstesters.com\/fr\/wp-json\/wp\/v2\/pages"}],"about":[{"href":"https:\/\/cpstesters.com\/fr\/wp-json\/wp\/v2\/types\/page"}],"author":[{"embeddable":true,"href":"https:\/\/cpstesters.com\/fr\/wp-json\/wp\/v2\/users\/4"}],"replies":[{"embeddable":true,"href":"https:\/\/cpstesters.com\/fr\/wp-json\/wp\/v2\/comments?post=1872"}],"version-history":[{"count":4,"href":"https:\/\/cpstesters.com\/fr\/wp-json\/wp\/v2\/pages\/1872\/revisions"}],"predecessor-version":[{"id":4069,"href":"https:\/\/cpstesters.com\/fr\/wp-json\/wp\/v2\/pages\/1872\/revisions\/4069"}],"wp:featuredmedia":[{"embeddable":true,"href":"https:\/\/cpstesters.com\/fr\/wp-json\/wp\/v2\/media\/967"}],"wp:attachment":[{"href":"https:\/\/cpstesters.com\/fr\/wp-json\/wp\/v2\/media?parent=1872"}],"curies":[{"name":"wp","href":"https:\/\/api.w.org\/{rel}","templated":true}]}}