{"id":3240,"date":"2024-07-16T14:30:37","date_gmt":"2024-07-16T14:30:37","guid":{"rendered":"https:\/\/cpstesters.com\/prueba-de-latencia-del-teclado-tiempo-de-respuesta-retardo-y-frecuencia-de-sondeo\/"},"modified":"2024-09-17T16:58:33","modified_gmt":"2024-09-17T16:58:33","slug":"prueba-de-latencia-del-teclado","status":"publish","type":"page","link":"https:\/\/cpstesters.com\/es\/prueba-de-latencia-del-teclado\/","title":{"rendered":"Prueba de latencia del teclado | Tiempo de respuesta, retardo y frecuencia de sondeo"},"content":{"rendered":"\n<p>Keyboard Response Time Test es una prueba en l\u00ednea para comprobar la latencia de su teclado. \u00bfQuieres ver el retardo de entrada de tu teclado? \u00a1Compru\u00e9balo!<\/p>\n <table>\r\n      <tr>\r\n        <th>Shortest Key Press<\/th>\r\n        <th>Estimated Scan Rate<\/th>\r\n      <\/tr>\r\n      <tr>\r\n        <td id=\"best-time\">press any key<\/td>\r\n        <td id=\"scan-rate\">press any key<\/td>\r\n      <\/tr>\r\n    <\/table>\r\n<h4>Key press history<\/h4>\r\n\r\n    <ul id=\"event-history\">\r\n    <\/ul>\r\n\r\n<script>\r\n'use strict';\r\n\r\nvar keyCodes = {\r\n  3 : \"break\",\r\n  8 : \"backspace \/ delete\",\r\n  9 : \"tab\",\r\n  12 : 'clear',\r\n  13 : \"enter\",\r\n  16 : \"shift\",\r\n  17 : \"ctrl \",\r\n  18 : \"alt\",\r\n  19 : \"pause\/break\",\r\n  20 : \"caps lock\",\r\n  27 : \"escape\",\r\n  32 : \"spacebar\",\r\n  33 : \"page up\",\r\n  34 : \"page down\",\r\n  35 : \"end\",\r\n  36 : \"home \",\r\n  37 : \"left arrow \",\r\n  38 : \"up arrow \",\r\n  39 : \"right arrow\",\r\n  40 : \"down arrow \",\r\n  41 : \"select\",\r\n  42 : \"print\",\r\n  43 : \"execute\",\r\n  44 : \"Print Screen\",\r\n  45 : \"insert \",\r\n  46 : \"delete\",\r\n  48 : \"0\",\r\n  49 : \"1\",\r\n  50 : \"2\",\r\n  51 : \"3\",\r\n  52 : \"4\",\r\n  53 : \"5\",\r\n  54 : \"6\",\r\n  55 : \"7\",\r\n  56 : \"8\",\r\n  57 : \"9\",\r\n  59 : \"semicolon (firefox), equals\",\r\n  61 : \"equals (firefox)\",\r\n  65 : \"a\",\r\n  66 : \"b\",\r\n  67 : \"c\",\r\n  68 : \"d\",\r\n  69 : \"e\",\r\n  70 : \"f\",\r\n  71 : \"g\",\r\n  72 : \"h\",\r\n  73 : \"i\",\r\n  74 : \"j\",\r\n  75 : \"k\",\r\n  76 : \"l\",\r\n  77 : \"m\",\r\n  78 : \"n\",\r\n  79 : \"o\",\r\n  80 : \"p\",\r\n  81 : \"q\",\r\n  82 : \"r\",\r\n  83 : \"s\",\r\n  84 : \"t\",\r\n  85 : \"u\",\r\n  86 : \"v\",\r\n  87 : \"w\",\r\n  88 : \"x\",\r\n  89 : \"y\",\r\n  90 : \"z\",\r\n  91 : \"Windows Key \/ Left \u2318\",\r\n  92 : \"right window key \",\r\n  93 : \"Windows Menu \/ Right \u2318\",\r\n  96 : \"numpad 0 \",\r\n  97 : \"numpad 1 \",\r\n  98 : \"numpad 2 \",\r\n  99 : \"numpad 3 \",\r\n  100 : \"numpad 4 \",\r\n  101 : \"numpad 5 \",\r\n  102 : \"numpad 6 \",\r\n  103 : \"numpad 7 \",\r\n  104 : \"numpad 8 \",\r\n  105 : \"numpad 9 \",\r\n  106 : \"multiply \",\r\n  107 : \"add\",\r\n  109 : \"subtract \",\r\n  110 : \"decimal point\",\r\n  111 : \"divide \",\r\n  112 : \"f1 \",\r\n  113 : \"f2 \",\r\n  114 : \"f3 \",\r\n  115 : \"f4 \",\r\n  116 : \"f5 \",\r\n  117 : \"f6 \",\r\n  118 : \"f7 \",\r\n  119 : \"f8 \",\r\n  120 : \"f9 \",\r\n  121 : \"f10\",\r\n  122 : \"f11\",\r\n  123 : \"f12\",\r\n  124 : \"f13\",\r\n  125 : \"f14\",\r\n  126 : \"f15\",\r\n  127 : \"f16\",\r\n  128 : \"f17\",\r\n  129 : \"f18\",\r\n  130 : \"f19\",\r\n  144 : \"num lock \",\r\n  145 : \"scroll lock\",\r\n  173 : \"minus (firefox), mute\/unmute\",\r\n  174 : \"decrease volume level\",\r\n  175 : \"increase volume level\",\r\n  176 : \"next\",\r\n  177 : \"previous\",\r\n  178 : \"stop\",\r\n  179 : \"play\/pause\",\r\n  181 : \"mute\/unmute (firefox)\",\r\n  182 : \"decrease volume level (firefox)\",\r\n  183 : \"increase volume level (firefox)\",\r\n  186 : \"semi-colon \",\r\n  187 : \"equal sign \",\r\n  188 : \"comma\",\r\n  189 : \"dash \",\r\n  190 : \"period \",\r\n  191 : \"forward slash\",\r\n  192 : \"grave accent \",\r\n  219 : \"open bracket \",\r\n  220 : \"back slash \",\r\n  221 : \"close bracket \",\r\n  222 : \"single quote \",\r\n  224 : \"left or right \u2318 key (firefox)\",\r\n  225 : \"altgr\",\r\n  226 : \"< \/git >\",\r\n  255 : \"toggle touchpad\"\r\n};\r\n\r\nwindow.performance = window.performance || {};\r\nperformance.now = (function() {\r\n    return performance.now       ||\r\n        performance.mozNow    ||\r\n        performance.msNow     ||\r\n        performance.oNow      ||\r\n        performance.webkitNow ||\r\n        Date.now * 1.0; \/*none found - fallback to browser default *\/\r\n})();\r\n\r\n(function() {\r\n  var body = document.querySelector('body');\r\n\r\n  var bestKeyTime = 10000;\r\n  var keyDownTime = [];\r\n  var isKeyDown = [];\r\n  for (var i = 0, len = 256; i < len; i++) {\r\n    isKeyDown[i] = false;\r\n    keyDownTime[i] = 0;\r\n  }\r\n\r\n\r\n  body.onkeydown = function (e) {\r\n    if ( !e.metaKey ) {\r\n      e.preventDefault();\r\n    }\r\n\r\n    if (!isKeyDown[e.keyCode]) {\r\n      isKeyDown[e.keyCode] = true;\r\n      keyDownTime[e.keyCode] = performance.now();\r\n    }\r\n  };\r\n\r\n  body.onkeyup = function (e) {\r\n    if ( !e.metaKey ) {\r\n      e.preventDefault();\r\n    }\r\n    isKeyDown[e.keyCode] = false;\r\n    var upTime = performance.now();\r\n    var heldTime = Math.ceil(upTime - keyDownTime[e.keyCode]);\r\n    bestKeyTime = Math.min(bestKeyTime, heldTime);\r\n    var scanRate = Math.min(1000 \/ (bestKeyTime), 1000);\r\n\r\n    document.querySelector('#best-time').innerHTML = bestKeyTime + \"ms\";\r\n    document.querySelector('#scan-rate').innerHTML = scanRate + \"Hz\";\r\n    var keyEventElem = document.createElement('li');\r\n    var keyEventContent = document.createTextNode(keyCodes[e.keyCode] + \": \" + heldTime + \"ms\");\r\n    keyEventElem.appendChild(keyEventContent);\r\n    var outputArea = document.querySelector('#event-history');\r\n    outputArea.insertBefore(keyEventElem, outputArea.firstChild)\r\n  };\r\n})(); \r\n<\/script>\r\n\n\n<p><\/p>\n\n<div style=\"height:5px\" aria-hidden=\"true\" class=\"wp-block-spacer\"><\/div>\n\n<h2 class=\"wp-block-heading\">\u00bfQu\u00e9 es la latencia del teclado?<\/h2>\n\n<p>El tiempo que tarda un teclado en reconocer una pulsaci\u00f3n se conoce como latencia del teclado. En este proceso se mide el intervalo de tiempo entre el movimiento de una tecla y la llegada del paquete USB correspondiente al puerto USB. Por lo tanto, es el retardo entre la pulsaci\u00f3n de una tecla y el instante en que la acci\u00f3n aparece en la pantalla.<\/p>\n\n<p>Las cifras se redondear\u00e1n a los 5 ms m\u00e1s pr\u00f3ximos para evitar una falsa precisi\u00f3n. Puedes evaluar la latencia de tu teclado con la prueba de <a href=\"https:\/\/keyboardsexpert.com\/what-is-keyboard-latency\/\" target=\"_blank\" rel=\"noreferrer noopener\">latencia del teclado<\/a>.<\/p>\n\n<h2 class=\"wp-block-heading\">\u00bfPor qu\u00e9 es importante la prueba de latencia del teclado?<\/h2>\n\n<p>Aunque la mayor\u00eda de los teclados tienen una latencia adecuada para programadores o \u00e1reas de oficina, los teclados para juegos con una latencia excesiva pueden suponer la diferencia entre ganar y perder.<\/p>\n\n<p>Debes asegurarte de que cada componente no tenga mucha latencia, ya que el teclado, el port\u00e1til y el monitor aumentan el retardo entre la entrada y la actividad realizada. Los teclados para juegos est\u00e1n hechos para tener la menor latencia posible, a pesar de que ning\u00fan equipo est\u00e1 realmente libre de lag.<\/p>\n\n<h2 class=\"wp-block-heading\">\u00bfC\u00f3mo se calcula el tiempo de respuesta del teclado?<\/h2>\n\n<p>Contando los fotogramas que pasan entre el momento en que se suministra la entrada y el momento en que aparece el flash en la pantalla, se calcula y verifica la latencia de prueba del teclado. A continuaci\u00f3n, este valor se modifica para tener en cuenta la latencia de visualizaci\u00f3n, del sistema y previa al desplazamiento. Seg\u00fan los resultados, cada tipo de enlace ten\u00eda una media de 12 mediciones.<\/p>\n<div class=\"wp-block-image\">\n<figure class=\"aligncenter size-full\"><img loading=\"lazy\" decoding=\"async\" width=\"1000\" height=\"500\" src=\"https:\/\/cpstesters.com\/wp-content\/uploads\/2022\/09\/Keyboard-Latency-Test.jpg\" alt=\"Prueba de latencia del teclado\" class=\"wp-image-608\" title=\"\" srcset=\"https:\/\/cpstesters.com\/wp-content\/uploads\/2022\/09\/Keyboard-Latency-Test.jpg 1000w, https:\/\/cpstesters.com\/wp-content\/uploads\/2022\/09\/Keyboard-Latency-Test-300x150.jpg 300w, https:\/\/cpstesters.com\/wp-content\/uploads\/2022\/09\/Keyboard-Latency-Test-768x384.jpg 768w\" sizes=\"auto, (max-width: 1000px) 100vw, 1000px\" \/><figcaption class=\"wp-element-caption\">Prueba de latencia del teclado<\/figcaption><\/figure>\n<\/div>\n<p class=\"has-text-align-center has-base-background-color has-background has-medium-font-size\"><em>No olvide consultar nuestra <a href=\"https:\/\/cpstesters.com\/es\/keyboard-test\/\" target=\"_blank\" rel=\"noreferrer noopener\">prueba de teclado<\/a>.<\/em><\/p>\n\n<h2 class=\"wp-block-heading\">Pasos para la prueba de latencia del teclado<\/h2>\n\n<p>Esta prueba de velocidad de escaneo del teclado se proporciona con mucho gusto para que ustedes puedan determinar r\u00e1pidamente la rapidez con que el sistema detecta sus pulsaciones de teclas. Para empezar a ver los datos en tiempo real en la pantalla, basta con pulsar cualquier tecla del teclado del dispositivo.<\/p>\n\n<p>Los pasos para realizar la prueba de velocidad de respuesta del teclado son los siguientes:<\/p>\n\n<ul class=\"wp-block-list\">\n<li>Compruebe el probador en la parte superior de esta p\u00e1gina.<\/li>\n\n\n\n<li>Una vez que haga clic en la prueba, se abrir\u00e1 la herramienta de prueba.<\/li>\n\n\n\n<li>La herramienta muestra la tasa de exploraci\u00f3n en Hz que le dir\u00e1 la velocidad de su teclado, se necesita para enviar informaci\u00f3n.<\/li>\n\n\n\n<li>Existe una opci\u00f3n de intervalo M\u00ednimo, que mostrar\u00e1 los detalles del intervalo<\/li>\n\n\n\n<li>El teclado se pondr\u00e1 a prueba cuando pulse las teclas, y nuestra zona de pruebas detectar\u00e1 la tasa de respuesta y mostrar\u00e1 los detalles.<\/li>\n\n\n\n<li>Tambi\u00e9n puedes restablecer los datos, pulsando la opci\u00f3n restablecer.<\/li>\n\n\n\n<li>Adem\u00e1s, se puede descargar la tasa de respuesta del teclado y los detalles de la tasa de escaneado. La opci\u00f3n se proporciona en la herramienta.<\/li>\n<\/ul>\n\n<p>De esta forma podr\u00e1s probar f\u00e1cilmente tu teclado, es la herramienta m\u00e1s eficaz que existe.<\/p>\n\n<h2 class=\"wp-block-heading\">Caracter\u00edsticas de esta prueba de tasa de sondeo<\/h2>\n\n<p>Inicialmente, puede comprobar la tasa de escaneo del teclado contra cada pulsaci\u00f3n de tecla utilizando esta herramienta en l\u00ednea.<\/p>\n\n<p>En segundo lugar, puedes observar el tiempo de respuesta de un ordenador y la rapidez con la que convierte la se\u00f1al electr\u00f3nica de las pulsaciones de teclas en informaci\u00f3n \u00fatil.<\/p>\n\n<p>Adem\u00e1s, puede controlar cada tecla que se pulsa mientras utiliza esta aplicaci\u00f3n en l\u00ednea y ver la rapidez con la que responde.<\/p>\n\n<p>Tambi\u00e9n se puede descargar el registro detallado de toda la sesi\u00f3n, que incluye el tiempo de respuesta de cada tecla pulsada. As\u00ed podr\u00e1s evaluar la eficiencia de tu dispositivo.<\/p>\n\n<p>Adem\u00e1s, puede reiniciar una nueva sesi\u00f3n en nuestra herramienta de pruebas en l\u00ednea utilizando el bot\u00f3n de reinicio para empezar de cero.<\/p>\n\n<h2 class=\"wp-block-heading has-text-align-center\">Preguntas frecuentes<\/h2>\n\n<h3 class=\"wp-block-heading\"><strong>\u00bfC\u00f3mo puedo comprobar la latencia de mi teclado?<\/strong><\/h3>\n\n<p>Existen varios m\u00e9todos para medir el retardo del teclado. Sin embargo, la herramienta de prueba de latencia del teclado de CPSTesters.com es la forma m\u00e1s sencilla de determinar la latencia de tu teclado. Recibir\u00e1 r\u00e1pidamente resultados precisos de esta herramienta.<\/p>\n\n<h3 class=\"wp-block-heading\"><strong>\u00bfC\u00f3mo puedo mejorar la latencia de mi teclado?<\/strong><\/h3>\n\n<p>Para reducir la latencia del teclado, puede actualizar los controladores, ejecutar herramientas de diagn\u00f3stico o introducir varias instrucciones en el s\u00edmbolo del sistema. Un retraso en la respuesta de entrada del teclado tambi\u00e9n podr\u00eda ser causado por una bater\u00eda baja del teclado. Compruebe la pila del teclado, sustit\u00fayala si puede y aseg\u00farese de que funciona correctamente.<\/p>\n\n<h3 class=\"wp-block-heading\"><strong>\u00bfEs importante la latencia del teclado para jugar?<\/strong><\/h3>\n\n<p>S\u00ed, la latencia del teclado es muy importante para jugar, ya que determina el rendimiento de tu juego. Que est\u00e9s ganando la partida o perdi\u00e9ndola depende de la latencia del teclado y de la eficacia de tu teclado.<\/p>\n\n<h3 class=\"wp-block-heading\"><strong>\u00bfEs buena la frecuencia de sondeo de 1000 Hz para el teclado?<\/strong><\/h3>\n\n<p>La tasa de sondeo de un teclado, que se expresa en hercios, es la frecuencia con la que comunica datos a su escritorio (Hz). Cada pulsaci\u00f3n de tecla responde m\u00e1s r\u00e1pidamente cuanto m\u00e1s r\u00e1pida es la velocidad de sondeo. Para los juegos, se recomienda como m\u00ednimo una frecuencia de sondeo de 500 a 1000 Hz. Puede comprobar la tasa de sondeo del teclado utilizando nuestra prueba de tasa de sondeo del teclado<\/p>\n\n<h3 class=\"wp-block-heading\"><strong>\u00bfC\u00f3mo puedo comprobar la latencia de mi teclado?<\/strong><\/h3>\n\n<p>Un programa creado espec\u00edficamente para teclados Bluetooth te permite comprobar r\u00e1pidamente la latencia de tu teclado. Tambi\u00e9n se puede acceder a una prueba en l\u00ednea de latencia del teclado. S\u00f3lo tiene que visitar nuestro sitio web en l\u00ednea para evaluar all\u00ed la prueba de retardo de entrada.<\/p>\n\n<p>Otras herramientas del teclado:<\/p>\n\n<ul class=\"wp-block-list\">\n<li><a href=\"https:\/\/cpstesters.com\/es\/contador-de-barras-espaciadoras\/\" target=\"_blank\" rel=\"noreferrer noopener\">Barra espaciadora Contador<\/a><\/li>\n\n\n\n<li><a href=\"https:\/\/cpstesters.com\/es\/prueba-de-clic-del-teclado\/\" target=\"_blank\" rel=\"noreferrer noopener\">Prueba de clic con el teclado<\/a><\/li>\n\n\n\n<li><a href=\"https:\/\/cpstesters.com\/es\/keyboard-ghosting-test\/\" target=\"_blank\" rel=\"noreferrer noopener\">Prueba de Keyboard Ghosting<\/a><\/li>\n\n\n\n<li><a href=\"https:\/\/cpstesters.com\/es\/prueba-de-teclados-mecanicos\/\" target=\"_blank\" rel=\"noreferrer noopener\">Prueba de teclado mec\u00e1nico<\/a><\/li>\n\n\n\n<li><a href=\"https:\/\/cpstesters.com\/es\/wpm-test\/\" target=\"_blank\" rel=\"noreferrer noopener\">Prueba WPM<\/a><\/li>\n<\/ul>\n","protected":false},"excerpt":{"rendered":"<p>Keyboard Response Time Test es una prueba en l\u00ednea para comprobar la latencia de su teclado. \u00bfQuieres ver el retardo de entrada de tu teclado? &#8230; <\/p>\n<p class=\"read-more-container\"><a title=\"Prueba de latencia del teclado | Tiempo de respuesta, retardo y frecuencia de sondeo\" class=\"read-more button\" href=\"https:\/\/cpstesters.com\/es\/prueba-de-latencia-del-teclado\/#more-3240\" aria-label=\"Leer m\u00e1s sobre Prueba de latencia del teclado | Tiempo de respuesta, retardo y frecuencia de sondeo\">Read More<\/a><\/p>\n","protected":false},"author":4,"featured_media":1646,"parent":0,"menu_order":0,"comment_status":"closed","ping_status":"closed","template":"","meta":{"footnotes":""},"class_list":["post-3240","page","type-page","status-publish","has-post-thumbnail"],"_links":{"self":[{"href":"https:\/\/cpstesters.com\/es\/wp-json\/wp\/v2\/pages\/3240","targetHints":{"allow":["GET"]}}],"collection":[{"href":"https:\/\/cpstesters.com\/es\/wp-json\/wp\/v2\/pages"}],"about":[{"href":"https:\/\/cpstesters.com\/es\/wp-json\/wp\/v2\/types\/page"}],"author":[{"embeddable":true,"href":"https:\/\/cpstesters.com\/es\/wp-json\/wp\/v2\/users\/4"}],"replies":[{"embeddable":true,"href":"https:\/\/cpstesters.com\/es\/wp-json\/wp\/v2\/comments?post=3240"}],"version-history":[{"count":4,"href":"https:\/\/cpstesters.com\/es\/wp-json\/wp\/v2\/pages\/3240\/revisions"}],"predecessor-version":[{"id":4244,"href":"https:\/\/cpstesters.com\/es\/wp-json\/wp\/v2\/pages\/3240\/revisions\/4244"}],"wp:featuredmedia":[{"embeddable":true,"href":"https:\/\/cpstesters.com\/es\/wp-json\/wp\/v2\/media\/1646"}],"wp:attachment":[{"href":"https:\/\/cpstesters.com\/es\/wp-json\/wp\/v2\/media?parent=3240"}],"curies":[{"name":"wp","href":"https:\/\/api.w.org\/{rel}","templated":true}]}}