{"id":3176,"date":"2024-07-16T14:35:14","date_gmt":"2024-07-16T14:35:14","guid":{"rendered":"https:\/\/cpstesters.com\/contador-de-teclas-juego-de-contador-de-golpes-de-teclas\/"},"modified":"2024-09-17T15:03:06","modified_gmt":"2024-09-17T15:03:06","slug":"contador-de-teclas","status":"publish","type":"page","link":"https:\/\/cpstesters.com\/es\/contador-de-teclas\/","title":{"rendered":"Contador de Teclas | Juego de Contador de Golpes de Teclas"},"content":{"rendered":"\n<p>keyboard Counter es un juego online de contador de pulsaciones de teclas que te ayudar\u00e1 a comprobar y contar tus pulsaciones, \u00a1comprueba esta incre\u00edble herramienta!<\/p>\n<style>\r\n\t#activity {\r\n\r\n\t\t    background: #FFB15E;\r\n    color: white;\r\n    width: 100%;\r\n    padding: 100px;\r\n\t\t\r\n text-align: center;\r\n vertical-align: middle;\r\n}\r\n\r\n\r\n#result {\r\n text-transform: uppercase;\r\n}\r\na:link,\r\na:hover,\r\na:visited,\r\na:active {\r\n text-decoration: bold;\r\n}\r\n.hits {\r\n font-size: 6rem;\r\n font-weight: bolder;\r\n\tcolor:white;\r\n}\r\n\t#activity p{\r\n\t\tfont-size:30px;\t\r\n\t\tcolor:white;\r\n\t\tmargin-bottom:0px;\r\n\t}\r\n\r\n<\/style>\r\n<div id=\"activity\">\r\n\t<p id=\"counter\"><span class=\"hits\">0<\/span><\/hp1>\r\n  <p>Keys Hit<\/p>\r\n<\/div>\r\n\t\r\n\t<script> \r\n\t\t\tvar hits = 0;\r\nvar hitElement = document.querySelector(\".hits\");\r\ndocument.body.onkeyup = function (e) {\r\n if ((e.keyCode == 1, 2, 3, 4, 5, 6, 7, 8, 9, 10)) {\r\n  addHit();\r\n }\r\n};\r\n\r\nvar addHit = function () {\r\n hits++;\r\n renderHits();\r\n};\r\n\r\nvar renderHits = function () {\r\n hitElement.innerHTML = hits;\r\n};\r\n\r\n\t<\/script>\n\n<p><\/p>\n\n<div style=\"height:5px\" aria-hidden=\"true\" class=\"wp-block-spacer\"><\/div>\n\n<h2 class=\"wp-block-heading\">Contador de teclado<\/h2>\n\n<p>Una herramienta en l\u00ednea llamada contador de teclado te permite comprobar si alguna tecla de tu teclado funciona correctamente o no. Para tu comodidad, tambi\u00e9n lleva la cuenta del n\u00famero total de pulsaciones de teclas. Al eliminar la necesidad de visitar repetidamente un taller de reparaci\u00f3n de PCs local para comprobar una determinada tecla del teclado, esta aplicaci\u00f3n le ahorrar\u00e1 tiempo y dinero. No solo comprueba las llaves sino que te ayuda a contarlas en un tiempo determinado.<\/p>\n\n<h2 class=\"wp-block-heading\">\u00bfPor qu\u00e9 utilizar el contador de llaves?<\/h2>\n\n<p>En la era moderna, pr\u00e1cticamente todo el mundo utiliza un teclado a diario. Los teclados tienen varias finalidades, entre ellas la de escribir, que es lo que hacen los mecan\u00f3grafos. Algunas personas, como los jugadores, pueden utilizarlo para jugar. O puede que algunas personas lo utilicen para codificar determinadas tareas en sus PC. Los teclados son componentes esenciales del ordenador. Dado que el teclado es un dispositivo de entrada, cualquier da\u00f1o en sus teclas o funcionalidades podr\u00eda resultar costoso para el sistema de entrada.<\/p>\n\n<p>Para asegurarse de que el teclado funciona eficazmente en estas circunstancias, se utiliza el contador de teclado.<\/p>\n<div class=\"wp-block-image\">\n<figure class=\"aligncenter size-full\"><img loading=\"lazy\" decoding=\"async\" width=\"1000\" height=\"500\" src=\"https:\/\/cpstesters.com\/wp-content\/uploads\/2022\/09\/keyboard-counter-1.jpg\" alt=\"Contador de teclado\" class=\"wp-image-632\" title=\"\" srcset=\"https:\/\/cpstesters.com\/wp-content\/uploads\/2022\/09\/keyboard-counter-1.jpg 1000w, https:\/\/cpstesters.com\/wp-content\/uploads\/2022\/09\/keyboard-counter-1-300x150.jpg 300w, https:\/\/cpstesters.com\/wp-content\/uploads\/2022\/09\/keyboard-counter-1-768x384.jpg 768w\" sizes=\"auto, (max-width: 1000px) 100vw, 1000px\" \/><figcaption class=\"wp-element-caption\">Contador de teclado<\/figcaption><\/figure>\n<\/div>\n<p class=\"has-text-align-center has-base-background-color has-background has-medium-font-size\"><em>Nuestro <a href=\"https:\/\/cpstesters.com\/es\/?page_id=2595\" target=\"_blank\" rel=\"noreferrer noopener\">test online de WPM<\/a> puede ayudarte a mejorar la mecanograf\u00eda y el clic, \u00a1compru\u00e9balo!<\/em><\/p>\n\n<h2 class=\"wp-block-heading\">Contador de clics del teclado<\/h2>\n\n<p>Los usuarios pueden utilizar el teclado para contar sus pulsaciones. El juego del contador de teclas es, en este caso, otro m\u00e9todo de recuento de clics. El cambio en el contador de clics cada segundo es de s\u00f3lo un segundo, y s\u00f3lo cuenta los clics que haces dentro de ese lapso de tiempo.<\/p>\n\n<p>Sus clics en el lapso de un minuto ser\u00e1n calculados por el contador de clics 1 minuto (60 Segundos). Tambi\u00e9n tiene a su disposici\u00f3n el contador de clics durante 10 segundos, que calcular\u00e1 el n\u00famero total de clics realizados durante los 10 segundos asignados.<\/p>\n\n<p>El contador de clics del teclado es un complemento fant\u00e1stico. La mayor\u00eda de los contadores de clics s\u00f3lo funcionan con el rat\u00f3n, sin embargo, \u00e9ste tambi\u00e9n funciona con la barra espaciadora, as\u00ed que puedes practicar el uso de esta doble opci\u00f3n en el teclado.<\/p>\n\n<h2 class=\"wp-block-heading\">Pasos para jugar a Key Counter Game<\/h2>\n\n<p>En nuestro sitio web, los reci\u00e9n llegados pueden empezar a jugar f\u00e1cilmente. La herramienta funciona de la siguiente manera:<\/p>\n\n<ul class=\"wp-block-list\">\n<li>Visite nuestro sitio web.<\/li>\n\n\n\n<li>En el men\u00fa de la p\u00e1gina, elija el intervalo de tiempo.<\/li>\n\n\n\n<li>El contador cuenta tus grifos cada vez que entras en contacto con la barra.<\/li>\n\n\n\n<li>Simplemente haga clic en el bot\u00f3n Reiniciar para reiniciar el examen. Al evaluar su velocidad con nuestra herramienta de pruebas, puede fijar un objetivo de juego en un plazo determinado y ver al instante el resultado.<\/li>\n\n\n\n<li>Por lo tanto, elija los segundos como intervalo y comience a golpear r\u00e1pidamente dentro del per\u00edodo asignado. Tu ritmo t\u00edpico de golpeo depende de la frecuencia con la que juegues a videojuegos y de tus ganas de ser m\u00e1s r\u00e1pido.<\/li>\n\n\n\n<li>Los jugadores suelen hacer clic entre 5 y 7 veces por segundo. Sin embargo, la pr\u00e1ctica frecuente le permitir\u00e1 aumentar r\u00e1pidamente su ritmo de prensado.<\/li>\n<\/ul>\n\n<h2 class=\"has-text-align-center wp-block-heading\">Preguntas frecuentes<\/h2>\n\n<h3 class=\"wp-block-heading\"><strong>\u00bfQu\u00e9 papel desempe\u00f1a el contador de clics del teclado?<\/strong><\/h3>\n\n<p>Podr\u00eda utilizarse para algo m\u00e1s que simples matem\u00e1ticas; tambi\u00e9n puede servir para contar el n\u00famero de edificios, objetos, ejercicios como flexiones y dominadas, o cualquier otro ciclo de trabajo.<\/p>\n\n<h3 class=\"wp-block-heading\"><strong>\u00bfCu\u00e1ntas veces puedo pulsar una tecla?<\/strong><\/h3>\n\n<p>La mayor\u00eda de los teclados s\u00f3lo admiten seis entradas simult\u00e1neas. Adem\u00e1s, algunas secuencias de teclas simplemente no funcionan a veces. El t\u00e9rmino &#8220;rollover&#8221; se refiere simplemente a la capacidad del teclado para reconocer la pulsaci\u00f3n simult\u00e1nea de varias teclas.<\/p>\n\n<p>Echa un vistazo a nuestras otras herramientas:<\/p>\n\n<ul class=\"wp-block-list\">\n<li><a href=\"https:\/\/cpstesters.com\/es\/?page_id=2490\" target=\"_blank\" rel=\"noreferrer noopener\">Barra espaciadora Contador<\/a><\/li>\n\n\n\n<li><a href=\"https:\/\/cpstesters.com\/es\/prueba-de-clic-del-teclado-comprobar-teclas-por-segundo-cps\/\" target=\"_blank\" rel=\"noreferrer noopener\">Prueba de clic con el teclado<\/a><\/li>\n\n\n\n<li><a href=\"https:\/\/cpstesters.com\/es\/?page_id=3086\" target=\"_blank\" rel=\"noreferrer noopener\">Prueba APM<\/a><\/li>\n\n\n\n<li><a href=\"https:\/\/cpstesters.com\/es\/?page_id=2580\" target=\"_blank\" rel=\"noreferrer noopener\">Comprobador de teclados Mac<\/a><\/li>\n\n\n\n<li><a href=\"https:\/\/cpstesters.com\/es\/prueba-de-latencia-del-teclado-tiempo-de-respuesta-retardo-y-frecuencia-de-sondeo\/\" target=\"_blank\" rel=\"noreferrer noopener\">Prueba de latencia del teclado<\/a><\/li>\n<\/ul>\n","protected":false},"excerpt":{"rendered":"<p>keyboard Counter es un juego online de contador de pulsaciones de teclas que te ayudar\u00e1 a comprobar y contar tus pulsaciones, \u00a1comprueba esta incre\u00edble herramienta! &#8230; <\/p>\n<p class=\"read-more-container\"><a title=\"Contador de Teclas | Juego de Contador de Golpes de Teclas\" class=\"read-more button\" href=\"https:\/\/cpstesters.com\/es\/contador-de-teclas\/#more-3176\" aria-label=\"Leer m\u00e1s sobre Contador de Teclas | Juego de Contador de Golpes de Teclas\">Read More<\/a><\/p>\n","protected":false},"author":4,"featured_media":1742,"parent":0,"menu_order":0,"comment_status":"closed","ping_status":"closed","template":"","meta":{"footnotes":""},"class_list":["post-3176","page","type-page","status-publish","has-post-thumbnail"],"_links":{"self":[{"href":"https:\/\/cpstesters.com\/es\/wp-json\/wp\/v2\/pages\/3176","targetHints":{"allow":["GET"]}}],"collection":[{"href":"https:\/\/cpstesters.com\/es\/wp-json\/wp\/v2\/pages"}],"about":[{"href":"https:\/\/cpstesters.com\/es\/wp-json\/wp\/v2\/types\/page"}],"author":[{"embeddable":true,"href":"https:\/\/cpstesters.com\/es\/wp-json\/wp\/v2\/users\/4"}],"replies":[{"embeddable":true,"href":"https:\/\/cpstesters.com\/es\/wp-json\/wp\/v2\/comments?post=3176"}],"version-history":[{"count":3,"href":"https:\/\/cpstesters.com\/es\/wp-json\/wp\/v2\/pages\/3176\/revisions"}],"predecessor-version":[{"id":3919,"href":"https:\/\/cpstesters.com\/es\/wp-json\/wp\/v2\/pages\/3176\/revisions\/3919"}],"wp:featuredmedia":[{"embeddable":true,"href":"https:\/\/cpstesters.com\/es\/wp-json\/wp\/v2\/media\/1742"}],"wp:attachment":[{"href":"https:\/\/cpstesters.com\/es\/wp-json\/wp\/v2\/media?parent=3176"}],"curies":[{"name":"wp","href":"https:\/\/api.w.org\/{rel}","templated":true}]}}