{"id":3170,"date":"2024-07-16T14:17:21","date_gmt":"2024-07-16T14:17:21","guid":{"rendered":"https:\/\/cpstesters.com\/prueba-de-latencia-del-raton-comprobar-el-tiempo-de-respuesta-del-clic\/"},"modified":"2024-09-17T15:49:35","modified_gmt":"2024-09-17T15:49:35","slug":"prueba-de-latencia-del-raton","status":"publish","type":"page","link":"https:\/\/cpstesters.com\/es\/prueba-de-latencia-del-raton\/","title":{"rendered":"Prueba de latencia del rat\u00f3n | Comprobar el tiempo de respuesta del clic"},"content":{"rendered":"\n<p>La prueba de latencia del rat\u00f3n se puede utilizar para averiguar la tasa de sondeo y el tiempo de respuesta del clic del rat\u00f3n con cable o inal\u00e1mbrico, \u00a1compru\u00e9balo ahora!<\/p>\n<style>\r\n \r\n#instantclick-bar{\r\n    background:#FFB15E;\r\n}\r\n\r\n.container{\r\n    background:white;\r\n    padding:20px 30px;\r\n    margin:.5em auto 1em;\r\n    border-radius:8px;\r\n    width:600px;\r\n    clear:both;\r\n    color:#111;\r\n    border:1px solid rgba(0,0,0,.125)\r\n}\r\n\r\n.gist+hr{\r\n    margin-top:22px\r\n}\r\n.warning{\r\n    background:rgba(255,165,0,.2);\r\n    padding:.25em .5em;\r\n    border-radius:3px;\r\n    border:1px solid rgba(255,165,0,.5);\r\n    font-size:17px\r\n}\r\n#downloads td{\r\n    padding:0 20px 0 0\r\n}\r\n.support{\r\n    font-size:.85em;\r\n    width:100%;\r\n    text-align:center;\r\n    border-spacing:0;\r\n    border:solid #aab;\r\n    border-width:1px 0 0 1px\r\n}\r\n.support td, .support th{\r\n    border:solid #aab;\r\n    border-width:0 1px 1px 0;\r\n    padding:.17em\r\n}\r\n.support th{\r\n    padding:.17em .66em\r\n}\r\n.notice{\r\n    color:#333;\r\n    font-size:16px\r\n}\r\n.btn{\r\n    display:inline-block;\r\n    color:white !important;\r\n    background:#FFB15E;\r\n    border-radius:6px;\r\n    padding:7px 10px 6px;\r\n    text-decoration:none;\r\n    text-align:center;\r\n    font:16px\/1 Helvetica Neue, sans-serif;\r\n    border:1px solid #FFB15E;\r\n    box-shadow:inset 0 1px 1px rgba(255,255,255,.15), 0 1px 1px rgba(0,0,0,.5)\r\n}\r\n.btn:hover{\r\n    background:#c11;\r\n    border-color:#c11;\r\n    box-shadow:inset 0 1px 1px rgba(255,255,255,.2), 0 1px 1px rgba(0,0,0,.6)\r\n}\r\n.btn:active{\r\n    background:#c11;\r\n    position:relative;\r\n    top:1px;\r\n    box-shadow:inset 0 2px 5px rgba(0,0,0,.1)\r\n}\r\n.btn-big{\r\n    border-radius:7px;\r\n    font-size:18px;\r\n    padding:10px 17px 9px\r\n}\r\n.btn small{\r\n    font-size:.72em\r\n}\r\ncode{\r\n    background:#f8f8ff;\r\n    font-size:14px;\r\n    font-family:Consolas, Menlo, DejaVu Sans Mono, monospace;\r\n    white-space:pre;\r\n    border:1px solid #ccc;\r\n    border-bottom-color:#bbb;\r\n    display:inline-block;\r\n    border-radius:2px;\r\n    padding:0 3px\r\n}\r\nsup{\r\n    vertical-align:initial;\r\n    position:relative;\r\n    top:-.42em\r\n}\r\nsup a{\r\n    text-decoration:none;\r\n    margin:-.5em -.3em;\r\n    padding:.5em\r\n}\r\n#footnotes li:target{\r\n    background:#ffb;\r\n    border-radius:1px\r\n}\r\n#footnotes li{\r\n    font-size:16px;\r\n    padding:3px\r\n}\r\n.noteBack{\r\n    font-size:18px\r\n}\r\n#click-test{\r\n    width:100%;\r\n    text-align:center;\r\n    border:solid #aab;\r\n    border-width:1px 0 0 1px;\r\n    border-collapse:collapse\r\n}\r\n#click-test td, #click-test th{\r\n    border:solid #aab;\r\n    border-width:0px 1px 1px 0px;\r\n    width:40%\r\n}\r\n#link1:active{\r\n    background:none\r\n}\r\n#link2{\r\n    margin:30px;\r\n    font-size:20px;\r\n    padding:14px 22px 13px;\r\n    background:#FFB15E;\r\n    border:1px solid #FFB15E;\r\n    box-shadow:inset 0 1px 1px rgba(255,255,255,.15), 0 1px 1px rgba(0,0,0,.5);\r\n    top:0\r\n}\r\n#click-test .results p{\r\n    text-align:left;\r\n    margin-left:10px\r\n}\r\n.prev-next{\r\n    margin-top:1.5em\r\n}\r\n.prev-next a{\r\n    text-decoration:none\r\n}\r\n.prev-next .next{\r\n    float:right\r\n}\r\n.prev-next .next:after, .prev-next .prev:before{\r\n    color:black;\r\n    text-decoration:none;\r\n    display:inline-block;\r\n    color:inherit\r\n}\r\n.prev-next .next:after{\r\n    content:' >'\r\n}\r\n.prev-next .prev:before{\r\n    content:'< '\r\n}\r\n.toc{\r\n    border-top:1px solid #ddf;\r\n    clear:both;\r\n    margin-top:1em\r\n}\r\n.toc h3, .toc h4{\r\n    color:black\r\n}\r\n.toc a{\r\n    text-decoration:none\r\n}\r\n.toc h3{\r\n    margin-top:.75em;\r\n    font-size:1.17em\r\n}\r\n.toc .chapters{\r\n    -webkit-column-count:2;\r\n     -moz-column-count:2;\r\n    column-count:2\r\n}\r\n.toc .chapters li{\r\n    list-style:none\r\n}\r\n#footer{\r\n    margin:auto;\r\n    font-size:.83em;\r\n    text-align:center;\r\n    color:#222\r\n}\r\n.gist{\r\n    color:#000;\r\n     font-size:14px\r\n}\r\n.gist pre{\r\n    font:inherit;\r\n    line-height:inherit;\r\n    white-space:pre\r\n}\r\n.gist .gist-file{\r\n    border:1px solid #ddd;\r\n    border-bottom:1px solid #ccc;\r\n    border-radius:3px;\r\n    font-family:Consolas, Menlo, DejaVu Sans Mono, monospace;\r\n    margin-bottom:1em\r\n}\r\n.gist .gist-file .gist-data{\r\n    overflow:auto;\r\n    word-wrap:normal;\r\n    background-color:#f8f8ff;\r\n    font-size:100%\r\n}\r\n.gist .gist-file .gist-data .line-data{\r\n    padding:.5em !important\r\n}\r\n.gist .gist-file .gist-data .line-pre{\r\n    background:transparent !important;\r\n    border:none !important;\r\n    margin:0 !important;\r\n    padding:0 !important\r\n}\r\n.gist .gist-file .gist-data .line-numbers{\r\n    background-color:#ececec;\r\n    color:#aaa;\r\n    border-right:1px solid #ddd;\r\n    text-align:right;\r\n    padding:.5em\r\n}\r\n.gist .gist-file .gist-data .line-numbers .line-number{\r\n    clear:right;\r\n    display:block\r\n}\r\n.gist-syntax{\r\n    background:#ffffff\r\n}\r\n.c{\r\n    color:#999988;\r\n    font-style:italic\r\n}\r\n.err{\r\n    color:#a61717;\r\n    background-color:#e3d2d2\r\n}\r\n.k{\r\n    color:#000000;\r\n    font-weight:bold\r\n}\r\n.o{\r\n    color:#000000;\r\n    font-weight:bold\r\n}\r\n.cm{\r\n    color:#999988;\r\n    font-style:italic\r\n}\r\n.cp{\r\n    color:#999999;\r\n    font-weight:bold\r\n}\r\n.c1{\r\n    color:#999988;\r\n    font-style:italic\r\n}\r\n.cs{\r\n    color:#999999;\r\n    font-weight:bold;\r\n    font-style:italic\r\n}\r\n.gd{\r\n    color:#000000;\r\n    background-color:#fdd\r\n}\r\n.gd .x{\r\n    color:#000000;\r\n    background-color:#faa\r\n}\r\n.ge{\r\n    color:#000000;\r\n    font-style:italic\r\n}\r\n.gr{\r\n    color:#a00\r\n}\r\n.gh{\r\n    color:#999\r\n}\r\n.gi{\r\n    color:#000000;\r\n    background-color:#dfd\r\n}\r\n.gi .x{\r\n    color:#000000;\r\n    background-color:#afa\r\n}\r\n.go{\r\n    color:#888\r\n}\r\n.gp{\r\n    color:#555\r\n}\r\n.gs{\r\n    font-weight:bold\r\n}\r\n.gu{\r\n    color:#aaa\r\n}\r\n.gt{\r\n    color:#a00\r\n}\r\n.kc{\r\n    color:#000000;\r\n    font-weight:bold\r\n}\r\n.kd{\r\n    color:#000000;\r\n    font-weight:bold\r\n}\r\n.kp{\r\n    color:#000000;\r\n    font-weight:bold\r\n}\r\n.kr{\r\n    color:#000000;\r\n    font-weight:bold\r\n}\r\n.kt{\r\n    color:#445588;\r\n    font-weight:bold\r\n}\r\n.m{\r\n    color:#099\r\n}\r\n.s{\r\n    color:#d14\r\n}\r\n.na{\r\n    color:teal\r\n}\r\n.nb{\r\n    color:#0086b3\r\n}\r\n.nc{\r\n    color:#445588;\r\n    font-weight:bold\r\n}\r\n.no{\r\n    color:teal\r\n}\r\n.ni{\r\n    color:purple\r\n}\r\n.ne{\r\n    color:#990000;\r\n    font-weight:bold\r\n}\r\n.nf{\r\n    color:#990000;\r\n    font-weight:bold\r\n}\r\n.nn{\r\n    color:#555\r\n}\r\n.nt{\r\n    color:navy\r\n}\r\n.nv{\r\n    color:teal\r\n}\r\n.ow{\r\n    color:#000000;\r\n    font-weight:bold\r\n}\r\n.w{\r\n    color:#bbb\r\n}\r\n.mf{\r\n    color:#099\r\n}\r\n.mh{\r\n    color:#099\r\n}\r\n.mi{\r\n    color:#099\r\n}\r\n.mo{\r\n    color:#099\r\n}\r\n.sb{\r\n    color:#d14\r\n}\r\n.sc{\r\n    color:#d14\r\n}\r\n.sd{\r\n    color:#d14\r\n}\r\n.s2{\r\n    color:#d14\r\n}\r\n.se{\r\n    color:#d14\r\n}\r\n.sh{\r\n    color:#d14\r\n}\r\n.si{\r\n    color:#d14\r\n}\r\n.sx{\r\n    color:#d14\r\n}\r\n.sr{\r\n    color:#009926\r\n}\r\n.s1{\r\n    color:#d14\r\n}\r\n.ss{\r\n    color:#990073\r\n}\r\n.bp{\r\n    color:#999\r\n}\r\n.vc{\r\n    color:teal\r\n}\r\n.vg{\r\n    color:teal\r\n}\r\n.vi{\r\n    color:teal\r\n}\r\n.il{\r\n    color:#099\r\n}\r\n\r\n\r\n<\/style>\r\n\r\n\r\n\r\n<table id=\"click-test\">\r\n  <tr>\r\n\t  <th>Normal link<\/th>\r\n\t  <th>Big link<\/th>\r\n\t<\/tr>\r\n  <tr>\r\n\t  <td><a id=\"link1\" href=\"#\" data-no-instant>Click me<\/a><\/td>\r\n    <td><a id=\"link2\" class=\"btn btn-big\" href=\"#\" data-no-instant>Click me<\/a>\r\n\t  <\/td>\r\n\t\t<\/tr>\r\n  <tr class=\"results\">\r\n    <td>\r\n      <p>Click \u2212 Hover = <strong id=\"link1-click-hover\"><\/strong><br>\r\n      Click \u2212 Mousedown = <strong id=\"link1-click-mousedown\"><\/strong>\r\n      <p>Click \u2212 Touchstart = <strong id=\"link1-click-touchstart\"><\/strong>\r\n\t  <\/td>\r\n    <td>\r\n\r\n      <p>Click \u2212 Hover = <strong id=\"link2-click-hover\"><\/strong><br>\r\n      Click \u2212 Mousedown = <strong id=\"link2-click-mousedown\"><\/strong>\r\n      <p>Click \u2212 Touchstart = <strong id=\"link2-click-touchstart\"><\/strong>\r\n\t\t  <\/td>\r\n\t\t<\/tr>\r\n<\/table>\r\n\r\n<script src=\"https:\/\/code.jquery.com\/jquery-3.6.1.min.js\" integrity=\"sha256-o88AwQnZB+VDvE9tvIXrMQaPlFFSUTR+nldQm1LuPXQ=\" crossorigin=\"anonymous\"><\/script>\r\n<script>\r\nfunction $(id) {\r\n  return document.getElementById(id)\r\n}\r\n\r\nvar times = {\r\n  touchstart: 0,\r\n  hover: 0,\r\n  mousedown: 0,\r\n  click: 0\r\n}\r\n\r\n$('link1').addEventListener('mouseover', function() {\r\n  times.hover = +new Date\r\n})\r\n$('link2').addEventListener('mouseover', function() {\r\n  times.hover = +new Date\r\n})\r\n\r\n$('link1').addEventListener('mousedown', function() {\r\n  times.mousedown = +new Date\r\n})\r\n$('link2').addEventListener('mousedown', function() {\r\n  times.mousedown = +new Date\r\n})\r\n\r\n$('link1').addEventListener('touchstart', function() {\r\n  times.touchstart = +new Date\r\n})\r\n$('link2').addEventListener('touchstart', function() {\r\n  times.touchstart = +new Date\r\n})\r\n\r\nfunction delay(time) {\r\n  if (times[time] == 0)\r\n    return '\u221e'\r\n  return times.click - times[time] + ' ms'\r\n}\r\n\r\n$('link1').addEventListener('click', function(e) {\r\n  e.preventDefault()\r\n  times.click = +new Date\r\n  $('link1-click-hover').innerHTML = delay('hover')\r\n  $('link1-click-mousedown').innerHTML = delay('mousedown')\r\n  $('link1-click-touchstart').innerHTML = delay('touchstart')\r\n})\r\n$('link2').addEventListener('click', function(e) {\r\n  e.preventDefault()\r\n  e.target.blur() \r\n  times.click = +new Date\r\n  $('link2-click-hover').innerHTML = delay('hover')\r\n  $('link2-click-mousedown').innerHTML = delay('mousedown')\r\n  $('link2-click-touchstart').innerHTML = delay('touchstart')\r\n})\r\n\r\n<\/script>\n\n<p><\/p>\n\n<div style=\"height:5px\" aria-hidden=\"true\" class=\"wp-block-spacer\"><\/div>\n\n<h2 class=\"wp-block-heading\">\u00bfQu\u00e9 es la latencia del rat\u00f3n?<\/h2>\n\n<p>La expresi\u00f3n &#8220;latencia del rat\u00f3n&#8221; se refiere a un retraso en el movimiento del rat\u00f3n. Normalmente, es alta y baja. Por ejemplo, la latencia del rat\u00f3n parece alta cuando el rat\u00f3n responde a las \u00f3rdenes con lentitud y es baja cuando el rat\u00f3n responde r\u00e1pidamente a todas las peticiones.<\/p>\n\n<p>Cada pieza de hardware utilizada para los juegos de PC provoca alg\u00fan tipo de latencia o retraso. La latencia m\u00e1s baja es ideal para jugar, porque entonces tus acciones se traducen en el juego m\u00e1s r\u00e1pidamente y la experiencia es fluida y receptiva. La latencia de los clics del rat\u00f3n tiene un impacto significativo en esa experiencia.<\/p>\n\n<p>Desgraciadamente, no existe una \u00fanica causa clara para el retraso del rat\u00f3n, al igual que existen muchos otros problemas con Windows en su conjunto.<\/p>\n\n<h2 class=\"wp-block-heading\">\u00bfQu\u00e9 es una prueba de latencia de rat\u00f3n?<\/h2>\n\n<p>La prueba de rendimiento del rat\u00f3n es esencialmente una prueba de latencia del rat\u00f3n. Esta prueba mide el tiempo total que tarda en completarse una acci\u00f3n o el retardo en las acciones del rat\u00f3n. Dado que existen numerosas causas potenciales de la latencia del rat\u00f3n, es crucial realizar la prueba de latencia del clic del rat\u00f3n antes de avanzar con cualquier tipo de soluci\u00f3n.<\/p>\n<div class=\"wp-block-image\">\n<figure class=\"aligncenter size-full\"><img loading=\"lazy\" decoding=\"async\" width=\"1000\" height=\"500\" src=\"https:\/\/cpstesters.com\/wp-content\/uploads\/2022\/09\/mouse-latency-test.jpg\" alt=\"Prueba de latencia del rat&#xF3;n\" class=\"wp-image-635\" title=\"\" srcset=\"https:\/\/cpstesters.com\/wp-content\/uploads\/2022\/09\/mouse-latency-test.jpg 1000w, https:\/\/cpstesters.com\/wp-content\/uploads\/2022\/09\/mouse-latency-test-300x150.jpg 300w, https:\/\/cpstesters.com\/wp-content\/uploads\/2022\/09\/mouse-latency-test-768x384.jpg 768w\" sizes=\"auto, (max-width: 1000px) 100vw, 1000px\" \/><figcaption>Prueba de latencia del rat\u00f3n<\/figcaption><\/figure>\n<\/div>\n<p class=\"has-text-align-center has-base-background-color has-background has-medium-font-size\"><em>Si su rat\u00f3n tiene buena latencia, pruebe a hacer <a href=\"https:\/\/cpstesters.com\/es\/\" target=\"_blank\" rel=\"noreferrer noopener\">clic por segundo<\/a> para mejorar el clic.<\/em><\/p>\n\n<h2 class=\"wp-block-heading\">Cuando la latencia del rat\u00f3n importa<\/h2>\n\n<p>Para los jugadores es crucial tener un rat\u00f3n con una latencia de clic baja. Naturalmente, tambi\u00e9n son necesarios un ordenador y una pantalla con poco retardo de entrada, pero un rat\u00f3n de juego r\u00e1pido puede marcar la diferencia entre triunfar o fracasar.<\/p>\n\n<p>Un rat\u00f3n con alta latencia puede crear distinciones sutiles en los juegos, aunque la mayor\u00eda de las personas no puedan discernir visual o ac\u00fasticamente el retardo entre el momento en que se hace clic con el rat\u00f3n y el momento en que aparece la acci\u00f3n en la pantalla. En los juegos competitivos en l\u00ednea, el uso de un rat\u00f3n de baja latencia puede suponer una ventaja sobre los rivales que utilizan ratones de alta latencia.<\/p>\n\n<p>La latencia del clic depende de la conexi\u00f3n por cable del rat\u00f3n. En general, el rat\u00f3n inal\u00e1mbrico tiene la mayor latencia, mientras que el rat\u00f3n con cable tiene la menor latencia. Aunque no es para jugar, es preferible una conexi\u00f3n Bluetooth para el uso en la oficina. La mayor\u00eda de los usuarios no notar\u00e1n ning\u00fan retraso a menos que la latencia sea grave.<\/p>\n\n<p>El uso de ratones inal\u00e1mbricos para juegos con receptores USB es cada vez m\u00e1s popular, y la tecnolog\u00eda ha avanzado para minimizar considerablemente la latencia, lo que hace que algunas opciones inal\u00e1mbricas sean tan buenas como las de cable.<\/p>\n\n<h2 class=\"has-text-align-center wp-block-heading\">Preguntas frecuentes<\/h2>\n\n<h3 class=\"wp-block-heading\"><strong>\u00bfC\u00f3mo compruebo la latencia de mi rat\u00f3n?<\/strong><\/h3>\n\n<p>Nuestro comprobador de latencia del rat\u00f3n en l\u00ednea comprueba la diferencia entre el cursor del hardware y la ubicaci\u00f3n m\u00e1s reciente del rat\u00f3n una vez que abre el sitio web y comienza a mover el rat\u00f3n de forma constante.<\/p>\n\n<h3 class=\"wp-block-heading\"><strong>\u00bfC\u00f3mo puedo corregir la latencia del rat\u00f3n?<\/strong><\/h3>\n\n<p>Puede utilizar numerosos m\u00e9todos para solucionar este problema. Intenta actualizar los controladores del rat\u00f3n o reinstalarlos. Si esto no funciona, intente cambiar la configuraci\u00f3n del teclado de clic.<\/p>\n\n<h3 class=\"wp-block-heading\"><strong>\u00bfQu\u00e9 latencia de rat\u00f3n es buena para jugar?<\/strong><\/h3>\n\n<p>La frecuencia de sondeo m\u00e1s alta que su rat\u00f3n puede alcanzar normalmente es la frecuencia de sondeo ideal para un rat\u00f3n de juego. Muchos ratones para juegos tienen una frecuencia de 1000 Hz.<\/p>\n\n<h3 class=\"wp-block-heading\"><strong>\u00bfLos ratones tienen latencia?<\/strong><\/h3>\n\n<p>La latencia del clic depende del conector del rat\u00f3n. Por lo general, los ratones inal\u00e1mbricos son los que tienen mayor latencia, mientras que los cableados suelen tener la menor.<\/p>\n\n<p>Compruebe otras herramientas del rat\u00f3n:<\/p>\n\n<ul class=\"wp-block-list\"><li><a href=\"https:\/\/cpstesters.com\/es\/?page_id=2934\" target=\"_blank\" rel=\"noreferrer noopener\">Prueba del bot\u00f3n del rat\u00f3n<\/a><\/li><li><a href=\"https:\/\/cpstesters.com\/es\/?page_id=2345\" target=\"_blank\" rel=\"noreferrer noopener\">Prueba de desplazamiento del rat\u00f3n<\/a><\/li><li><a href=\"https:\/\/cpstesters.com\/es\/?page_id=3086\" target=\"_blank\" rel=\"noreferrer noopener\">Prueba APM<\/a><\/li><li><a href=\"https:\/\/cpstesters.com\/es\/?page_id=2597\" target=\"_blank\" rel=\"noreferrer noopener\">Entrenador de punter\u00eda<\/a><\/li><li><a href=\"https:\/\/cpstesters.com\/es\/?page_id=2935\" target=\"_blank\" rel=\"noreferrer noopener\">Prueba de precisi\u00f3n con ratones<\/a><\/li><\/ul>\n","protected":false},"excerpt":{"rendered":"<p>La prueba de latencia del rat\u00f3n se puede utilizar para averiguar la tasa de sondeo y el tiempo de respuesta del clic del rat\u00f3n con &#8230; <\/p>\n<p class=\"read-more-container\"><a title=\"Prueba de latencia del rat\u00f3n | Comprobar el tiempo de respuesta del clic\" class=\"read-more button\" href=\"https:\/\/cpstesters.com\/es\/prueba-de-latencia-del-raton\/#more-3170\" aria-label=\"Leer m\u00e1s sobre Prueba de latencia del rat\u00f3n | Comprobar el tiempo de respuesta del clic\">Read More<\/a><\/p>\n","protected":false},"author":4,"featured_media":1754,"parent":0,"menu_order":0,"comment_status":"closed","ping_status":"closed","template":"","meta":{"footnotes":""},"class_list":["post-3170","page","type-page","status-publish","has-post-thumbnail"],"_links":{"self":[{"href":"https:\/\/cpstesters.com\/es\/wp-json\/wp\/v2\/pages\/3170","targetHints":{"allow":["GET"]}}],"collection":[{"href":"https:\/\/cpstesters.com\/es\/wp-json\/wp\/v2\/pages"}],"about":[{"href":"https:\/\/cpstesters.com\/es\/wp-json\/wp\/v2\/types\/page"}],"author":[{"embeddable":true,"href":"https:\/\/cpstesters.com\/es\/wp-json\/wp\/v2\/users\/4"}],"replies":[{"embeddable":true,"href":"https:\/\/cpstesters.com\/es\/wp-json\/wp\/v2\/comments?post=3170"}],"version-history":[{"count":2,"href":"https:\/\/cpstesters.com\/es\/wp-json\/wp\/v2\/pages\/3170\/revisions"}],"predecessor-version":[{"id":3182,"href":"https:\/\/cpstesters.com\/es\/wp-json\/wp\/v2\/pages\/3170\/revisions\/3182"}],"wp:featuredmedia":[{"embeddable":true,"href":"https:\/\/cpstesters.com\/es\/wp-json\/wp\/v2\/media\/1754"}],"wp:attachment":[{"href":"https:\/\/cpstesters.com\/es\/wp-json\/wp\/v2\/media?parent=3170"}],"curies":[{"name":"wp","href":"https:\/\/api.w.org\/{rel}","templated":true}]}}