{"id":3074,"date":"2024-07-16T14:00:59","date_gmt":"2024-07-16T14:00:59","guid":{"rendered":"https:\/\/cpstesters.com\/minecraft-font-generator-el-mejor-generador-de-fuentes\/"},"modified":"2024-09-17T15:34:50","modified_gmt":"2024-09-17T15:34:50","slug":"minecraft-font-generator","status":"publish","type":"page","link":"https:\/\/cpstesters.com\/es\/minecraft-font-generator\/","title":{"rendered":"Generador de fuentes de Minecraft | El mejor generador de fuentes"},"content":{"rendered":"\n<p>\u00bfBuscas el mejor generador de fuentes para Minecraft? Prueba nuestra herramienta Minecraft Font Generator a continuaci\u00f3n y \u00a1c\u00f3piala ahora!<\/p>\n<style>        \r\n   .content-box {\r\n   box-shadow: 0 1px 1px rgba(0, 0, 0, 0.3);\r\n   border-radius: 2px;\r\n   background: white;\r\n   margin: 0 auto;\r\n   margin-top: 1em;\r\n   max-width: 800px;\r\n   width: 100%;\r\n   box-sizing: border-box;\r\n   }\r\n\t #rect{\r\n\t\tmargin-bottom:0px;\t\r\n\t}\r\n   #input {\r\n   resize: none;\r\n   border: none;\r\n   outline: none;\r\n   width: 100%;\r\n   height: 100%;\r\n   padding: 1em;\r\n   font-size: 1.25em;\r\n   }\r\n   #input-wrapper {\r\n   height: 9em;\r\n   overflow: hidden;\r\n   margin-top: 0;\r\n   }\r\n   #output-wrapper {\r\n   height: fit-content;\r\n   padding: 1em;\r\n   background-color: #343a40;\r\n   color: #ffffff;\r\n   }\r\n   #output {\r\n   font-size: 1.4em;\r\n   word-break: break-word;\r\n   }\r\n<\/style>\r\n<style type=\"text\/css\">\r\n   @font-face {\r\n   font-family: Myfont0;\r\n   src: url('https:\/\/cpstesters.com\/wp-content\/themes\/generatepress\/tools\/minecraft\/fonts\/file-158784415523.ttf');\r\n   }\r\n   #rect {\r\n   font-family: Myfont0;\r\n   }\r\n   @font-face {\r\n   font-family: Myfont1;\r\n   src: url('https:\/\/cpstesters.com\/wp-content\/themes\/generatepress\/tools\/minecraft\/fonts\/file-1587844178267.ttf');\r\n   }\r\n   @font-face {\r\n   font-family: Myfont2;\r\n   src: url('https:\/\/cpstesters.com\/wp-content\/themes\/generatepress\/tools\/minecraft\/fonts\/file-1587844199300.ttf');\r\n   }\r\n   @font-face {\r\n   font-family: Myfont3;\r\n   src: url('https:\/\/cpstesters.com\/wp-content\/themes\/generatepress\/tools\/minecraft\/fonts\/file-1587844237359.ttf');\r\n   }\r\n   ::placeholder {\r\n   color: #ffffff !important;\r\n   }\r\n<\/style>\r\n<style>\r\n   #disqus_thread {\r\n   width: 100%;\r\n   padding: 10px;\r\n   }\r\n<\/style>\r\n<div class=\"container-fluid bg-body border-bottom\">\r\n   <div class=\"row\">\r\n      <div class=\"col-md-12 col-12 text-left text-justify mb-5\">\r\n         <div class=\"col-md-12 col-12 \" style='display:none;'>\r\n            <div class=\"row\">\r\n               <div class=\"col-md-6 col-6 text-center mb-3\" style='display:none;'>\r\n                  <div class=\"bg-dark border p-2\">\r\n                     <a onclick=\"showdiv(1);\" class=\"text-white\" id=\"image \" title=\"Image Type\">\r\n                        <p class=\"pt-2 h6 font-weight-bold text-center\">Image Type<\/p>\r\n                     <\/a>\r\n                  <\/div>\r\n               <\/div>\r\n               <div class=\"col-md-6 col-6 text-center mb-3\" style='display:none;'>\r\n                  <div class=\"bg-dark border p-2\">\r\n                     <a onclick=\"showdiv(2);\" class=\"text-white\" id=\"text\" title=\"Text Type\">\r\n                        <p class=\"pt-2 h6 font-weight-bold text-center\">Text Type<\/p>\r\n                     <\/a>\r\n                  <\/div>\r\n               <\/div>\r\n            <\/div>\r\n         <\/div>\r\n         <div class=\"row bg-white  border\" id=\"image_view\" style='display:block;'>\r\n            <div class=\"bg-white border-bottom mb-3 col-md-12 \">\r\n               <div class=\"form-group\">\r\n                  <label for=\"name\" class=\"font-weight-bold label control-label text-dark mt-3\">Write Your Text<\/label>\r\n                  <textarea id=\"writetext\" maxlength='100' class=\"form-control bg-dark border-dark text-white rounded-0\" onkeyup=\"updateText(this.value)\" name=\"text\" placeholder=\"write your text\">Minecraft Text<\/textarea>\r\n               <\/div>\r\n            <\/div>\r\n            <input type=\"hidden\" name=\"fontsize\" value=\"72\" id=\"fontsizeinput\">\r\n            <div class=\"col-md-12 rounded-0\">\r\n               <div id=\"html-content-holder\">\r\n                  <p id=\"rect\" class=\"p-5\"><\/p>\r\n               <\/div>\r\n            <!--   <button class=\"btn btn-primary\" id=\"btn-Convert-Html2Image\" href=\"#\">Download<\/button>\r\n               <br \/> --> <br \/>\r\n            <\/div>\r\n         <\/div>\r\n         <div class=\"row bg-white  border\" id=\"text_view\" style='display:none;'>\r\n            <div class=\"bg-white  mb-3 col-md-12 \">\r\n               <div class=\"form-group content-box\" id=\"input-wrapper\">\r\n                  <label for=\"name\" class=\"font-weight-bold label control-label text-dark mt-3\">Write Your Text<\/label>\r\n                  <textarea id=\"input\" maxlength='100' class=\"form-control bg-dark border-dark text-white rounded-0\" placeholder=\"Type or paste your text here :)\" value=\"\"><\/textarea>\r\n               <\/div>\r\n               <div class=\" form-group content-box\" id=\"output-wrapper\" style=\"display:none;\">\r\n                  <div id=\"output\">\r\n                     <p style=\"margin: 0;opacity: 0.7;\"><span style=\"display:inline-block; width:max-content;\">\u1555( \u141b )\u1557<\/span><\/p>\r\n                  <\/div>\r\n               <\/div>\r\n            <\/div>\r\n         <\/div>\r\n      <\/div>\r\n   <\/div>\r\n<\/div>\r\n<script type=\"text\/javascript\" src=\"https:\/\/cpstesters.com\/wp-content\/themes\/generatepress\/tools\/js\/image-text.js\"><\/script>\r\n<script>\r\n   window.onload = updateText(document.getElementById('writetext').value);\r\n   \r\n   function updateText(updateTex) {\r\n       \/\/ 'jscolor' instance can be used as a string\r\n       var max = 100;\r\n       var len = updateTex.length;\r\n       if (len <= max) {\r\n           document.getElementById(\"rect\").innerHTML = updateTex;\r\n           \/\/document.getElementById(\"rect\").style.fontFamily  = \"myFirstFont\";\r\n           \/\/document.getElementById(\"rect\").style.fontStyle = \"Aldrich\";\r\n           \/\/document.getElementById(\"rect\").style.fontWeight  = \"bolder\";\r\n       } else {\r\n           var char = max - len;\r\n           \/\/jQuery('#charNum').text(char + ' characters left');\r\n       }\r\n   }\r\n   \r\n   function update(jscolor) {\r\n       \/\/ 'jscolor' instance can be used as a string\r\n       document.getElementById('rect').style.color = '#' + jscolor;\r\n   }\r\n   \r\n   function updateFontSize(a) {\r\n       \/\/ var listValue = document.getElementById(\"sizelabel\").value;\r\n       if (a > 100) {\r\n           \/\/ listValue = document.getElementById(\"sizelabel\").value = 200;\r\n           \/\/document.getElementById(\"sliderAmount\").innerHTML = listValue;\r\n           document.getElementById(\"sizelabel\").value = 100;\r\n           document.getElementById(\"fontsizeinput\").value = 100;\r\n           document.getElementById(\"fontsizeinput\").value = 100;\r\n           document.getElementById(\"rect\").style.fontSize = 100 + 'px';\r\n       } else {\r\n           \/\/document.getElementById(\"sliderAmount\").innerHTML = listValue;\r\n           document.getElementById(\"fontsizeinput\").value = a;\r\n           document.getElementById(\"rect\").style.fontSize = a + 'px';\r\n           document.getElementById(\"sizelabel\").value = a;\r\n   \r\n       }\r\n   \r\n   }\r\n   \r\n   function updateSlider(slideAmount) {\r\n       var sliderDiv = document.getElementById(\"sliderAmount\");\r\n       sliderDiv.innerHTML = slideAmount;\r\n       document.getElementById(\"rect\").style.fontSize = slideAmount + 'px';;\r\n       var listValue = document.getElementById(\"sizelabel\").value = slideAmount;\r\n       var listValue = document.getElementById(\"fontsizeinput\").value = slideAmount;\r\n   \r\n   }\r\n<\/script>\r\n<script type=\"text\/javascript\" src=\"https:\/\/code.jquery.com\/jquery-3.2.1.slim.min.js\"><\/script>\r\n<script src=\"https:\/\/cdnjs.cloudflare.com\/ajax\/libs\/spectrum\/1.8.1\/spectrum.min.js\"><\/script>\r\n<script type=\"text\/javascript\" src=\"https:\/\/cdnjs.cloudflare.com\/ajax\/libs\/popper.js\/1.12.9\/umd\/popper.min.js\"><\/script>\r\n<script type=\"text\/javascript\" src=\"https:\/\/maxcdn.bootstrapcdn.com\/bootstrap\/4.0.0\/js\/bootstrap.min.js\"><\/script>\r\n<script type=\"text\/javascript\" src=\"https:\/\/cdnjs.cloudflare.com\/ajax\/libs\/font-awesome\/5.15.3\/js\/all.min.js\"><\/script>\r\n<script type=\"text\/javascript\" src=\"https:\/\/cpstesters.com\/wp-content\/themes\/generatepress\/tools\/minecraft\/js\/custom.js\"><\/script>\r\n<script type=\"text\/javascript\" src=\"https:\/\/cdnjs.cloudflare.com\/ajax\/libs\/bootstrap-select\/1.13.18\/js\/bootstrap-select.min.js\"><\/script>\r\n<script src=\"https:\/\/cdnjs.cloudflare.com\/ajax\/libs\/html2canvas\/0.4.1\/html2canvas.js\"><\/script>\r\n<script>\r\n   jQuery(document).ready(function() {\r\n       var element = jQuery(\"#html-content-holder\"); \/\/ global variable\r\n       var getCanvas; \/\/ global variable\r\n   \r\n       jQuery(\"#btn-Preview-Image\").on('click', function() {\r\n           html2canvas(element, {\r\n               onrendered: function(canvas) {\r\n                   jQuery(\"#previewImage\").html(canvas);\r\n                   getCanvas = canvas;\r\n               }\r\n           });\r\n       });\r\n   \r\n       jQuery(\"#btn-Convert-Html2Image\").on('click', function() {\r\n           html2canvas(element, {\r\n               onrendered: function(canvas) {\r\n                   jQuery(\"#previewImage\").html(canvas);\r\n                   getCanvas = canvas;\r\n               }\r\n           });\r\n           var imgageData = getCanvas.toDataURL(\"image\/png\");\r\n           \/\/ Now browser starts downloading it instead of just showing it\r\n           var newData = imgageData.replace(\/^data:image\\\/png\/, \"data:application\/octet-stream\");\r\n           jQuery(\"#btn-Convert-Html2Image\").attr(\"download\", \"mfg-clickspeeder.png\").attr(\"href\", newData);\r\n       });\r\n   \r\n   });\r\n<\/script>\r\n<script>\r\n   jQuery(window).scroll(function() {\r\n       jQuery.each(jQuery('img'), function() {\r\n           if (jQuery(this).attr('data-src') && jQuery(this).offset().top < (jQuery(window).scrollTop() + jQuery(window).height() + 100)) {\r\n               var source = jQuery(this).data('src');\r\n               jQuery(this).attr('src', source);\r\n               jQuery(this).removeAttr('data-src');\r\n           }\r\n       })\r\n   })\r\n   \r\n   jQuery('.on-active').on('click', function() {\r\n       jQuery('.on-active').removeClass('bg-danger');\r\n       jQuery(this).addClass('bg-danger');\r\n   });\r\n   \r\n   function showdiv(ele) {\r\n   \r\n       if (ele == 1) {\r\n           document.getElementById(\"image_view\").style.display = \"block\";\r\n           document.getElementById(\"text_view\").style.display = \"none\";\r\n       }\r\n       if (ele == 2) {\r\n           document.getElementById(\"image_view\").style.display = \"none\";\r\n           document.getElementById(\"text_view\").style.display = \"block\";\r\n       }\r\n   }\r\n   jQuery('.change-font-family').on('change', function() {\r\n       jQuery('#rect').removeAttr('style'); \/\/ That removes all inline\r\n       jQuery('#rect').css('font-family', jQuery(this).find(':selected').data('id'));\r\n   \r\n   });\r\n   jQuery('#text-color').spectrum({\r\n       color: \"#00000\",\r\n       flat: true,\r\n       allowEmpty: false,\r\n       showInitial: false,\r\n       showPalette: true,\r\n       togglePaletteOnly: true,\r\n       showPaletteOnly: true,\r\n       preferredFormat: \"hex\",\r\n       palette: [\r\n           [\"rgb(255, 255, 255)\", \"rgb(0, 0, 0)\", \"rgb(67, 67, 67)\", \"rgb(102, 102, 102)\",\r\n               \"rgb(204, 204, 204)\", \"rgb(217, 217, 217)\", \"rgb(102, 102, 102)\", \"rgb(163, 50, 50)\"\r\n           ],\r\n           [\"rgb(152, 0, 0)\", \"rgb(255, 0, 0)\", \"rgb(255, 153, 0)\", \"rgb(255, 255, 0)\", \"rgb(0, 255, 0)\",\r\n               \"rgb(0, 255, 255)\", \"rgb(74, 134, 232)\", \"rgb(0, 0, 255)\"\r\n           ],\r\n           [\"rgb(230, 184, 175)\", \"rgb(244, 204, 204)\", \"rgb(252, 229, 205)\", \"rgb(255, 242, 204)\", \"rgb(217, 234, 211)\",\r\n               \"rgb(208, 224, 227)\", \"rgb(201, 218, 248)\", \"rgb(207, 226, 243)\"\r\n           ]\r\n       ],\r\n       change: function(color) {\r\n           document.getElementById('rect').style.color = color.toHexString();\r\n       },\r\n       move: function(color) {\r\n           document.getElementById('rect').style.color = color.toHexString();\r\n       }\r\n   });\r\n   jQuery('#back-color').spectrum({\r\n       color: \"#ffffff\",\r\n       flat: true,\r\n       allowEmpty: false,\r\n       showInitial: false,\r\n       showPalette: true,\r\n       togglePaletteOnly: true,\r\n       showPaletteOnly: true,\r\n       preferredFormat: \"hex\",\r\n       showSelectionPalette: true,\r\n       change: function(color) {\r\n           if (color.toName() == 'transparent') {\r\n               \/\/ console.log(color.toName());\r\n   \r\n               jQuery('#back-color').val(color.toName());\r\n               document.getElementById('rect').style.backgroundColor = '#ffffff';\r\n   \r\n           } else {\r\n               \/\/ console.log(color.toHexString());\r\n               document.getElementById('rect').style.backgroundColor = color.toHexString();\r\n               document.getElementById('rect').style.backgroundImage = \" url('')\";\r\n           }\r\n       },\r\n       move: function(color) {\r\n           if (color.toName() == 'transparent') {\r\n   \r\n               jQuery('#back-color').val(color.toName());\r\n   \r\n           } else {\r\n               document.getElementById('rect').style.backgroundColor = color.toHexString();\r\n           }\r\n       },\r\n       palette: [\r\n           [\"rgba(255, 255, 255, 0)\", \"rgb(255, 255, 255)\", \"rgb(0, 0, 0)\", \"rgb(67, 67, 67)\", \"rgb(102, 102, 102)\", \"rgb(163, 50, 50)\",\r\n               \"rgb(204, 204, 204)\", \"rgb(217, 217, 217)\"\r\n           ],\r\n           [\"rgb(152, 0, 0)\", \"rgb(255, 0, 0)\", \"rgb(255, 153, 0)\", \"rgb(255, 255, 0)\", \"rgb(0, 255, 0)\",\r\n               \"rgb(0, 255, 255)\", \"rgb(74, 134, 232)\", \"rgb(0, 0, 255)\"\r\n           ],\r\n           [\"rgb(230, 184, 175)\", \"rgb(244, 204, 204)\", \"rgb(252, 229, 205)\", \"rgb(255, 242, 204)\", \"rgb(217, 234, 211)\",\r\n               \"rgb(208, 224, 227)\", \"rgb(201, 218, 248)\", \"rgb(207, 226, 243)\"\r\n           ]\r\n       ]\r\n   });\r\n   jQuery(document).ready(function() {\r\n       jQuery(\"#rect\").css('font-size', 72)\r\n   });\r\n<\/script>\n\n<div style=\"height:5px\" aria-hidden=\"true\" class=\"wp-block-spacer\"><\/div>\n\n<h2 class=\"wp-block-heading\">Generador de fuentes Minecraft<\/h2>\n\n<p>Minecraft Font Generator te permite crear estilos de texto utilizando las fuentes que se ven en el juego. Permite crear gr\u00e1ficos de texto que recuerdan al logotipo de Minecraft y a otros gr\u00e1ficos del juego. Una vez creado el tipo de letra de tu elecci\u00f3n, puedes guardarlo en forma de imagen y utilizarlo donde quieras.<\/p>\n\n<p>Con un solo clic, puede copiar y pegar una amplia gama de textos modernos y actuales en cualquier ordenador o dispositivo m\u00f3vil. Mucha gente de todo el mundo utiliza la herramienta generadora de fuentes de texto de Minecraft para convertir texto normal en fuentes elegantes, ornamentadas y cursivas sin tener que instalar ninguna fuente o aplicaci\u00f3n adicional.<\/p>\n\n<h2 class=\"wp-block-heading\">\u00bfC\u00f3mo funciona la herramienta generadora de fuentes de Minecraft?<\/h2>\n\n<p>Primero debe introducir un texto aleatorio para obtener el tipo de letra que desee. A continuaci\u00f3n, el generador de fuentes de Minecrafter lo transforma en un tipo de letra especial que puedes utilizar. A continuaci\u00f3n se indican los pasos para finalizar este proceso:<\/p>\n\n<ul class=\"wp-block-list\"><li>Introduzca su texto en la casilla del generador de fuentes de la primera etapa<\/li><li>A continuaci\u00f3n, espere a que se generen varios tipos de letra para elegir<\/li><li>Simplemente copia y pega la fuente Minecraft en Instagram, Facebook o cualquier otra red social de tu preferencia.<\/li><\/ul>\n\n<p>El generador puede producir texto en caligraf\u00eda, cursiva inusual, escritura a mano y fuentes de escritura digital, entre otros estilos de texto. Adem\u00e1s, puedes incluir m\u00e1s emojis y s\u00edmbolos.<\/p>\n\n<p>Este tipo de generador de fuentes convierte el texto dado en s\u00edmbolos o letras Unicode equivalentes pero m\u00e1s &#8220;sofisticados&#8221;.<\/p>\n<div class=\"wp-block-image\">\n<figure class=\"aligncenter size-full\"><img loading=\"lazy\" decoding=\"async\" width=\"1000\" height=\"500\" src=\"https:\/\/cpstesters.com\/wp-content\/uploads\/2022\/09\/Minecraft-Font-Generator-1.jpg\" alt=\"Generador de fuentes Minecraft\" class=\"wp-image-568\" title=\"\" srcset=\"https:\/\/cpstesters.com\/wp-content\/uploads\/2022\/09\/Minecraft-Font-Generator-1.jpg 1000w, https:\/\/cpstesters.com\/wp-content\/uploads\/2022\/09\/Minecraft-Font-Generator-1-300x150.jpg 300w, https:\/\/cpstesters.com\/wp-content\/uploads\/2022\/09\/Minecraft-Font-Generator-1-768x384.jpg 768w\" sizes=\"auto, (max-width: 1000px) 100vw, 1000px\" \/><figcaption>Generador de fuentes Minecraft<\/figcaption><\/figure>\n<\/div>\n<h2 class=\"wp-block-heading\">Caracter\u00edsticas de la herramienta generadora de fuentes<\/h2>\n\n<p>Las siguientes caracter\u00edsticas del generador de fuentes son realmente sorprendentes:<\/p>\n\n<ul class=\"wp-block-list\"><li>Este generador de fuentes convierte el texto en tiempo real.<\/li><li>Le mostrar\u00e1 un estilo de fuentes \u00fanico y genial.<\/li><li>El tama\u00f1o de la fuente puede aumentarse y reducirse f\u00e1cilmente.<\/li><li>Puedes compartir esta herramienta con tus amigos a trav\u00e9s de las redes sociales<\/li><li>Las fuentes generadas le ofrecen m\u00e1s flexibilidad porque pueden combinar elementos con cualquier estilo de fuente.<\/li><\/ul>\n\n<h2 class=\"has-text-align-center wp-block-heading\">Preguntas frecuentes<\/h2>\n\n<h3 class=\"wp-block-heading\"><strong>\u00bfCu\u00e1l es el tipo de letra de Minecraft?<\/strong><\/h3>\n\n<p>La &#8220;Minecrafter Font&#8221; que aparece en el logotipo de Minecraft es una forma de fuente tecno que puede utilizarse en Macs, Pcs, iOS y dispositivos Android en cualquier ordenador. Una fuente gratuita creada para uso personal se llama Minecrafter.<\/p>\n\n<h3 class=\"wp-block-heading\"><strong>\u00bfPuedo utilizar la herramienta Generador de fuentes Minecraft en un dispositivo m\u00f3vil?<\/strong><\/h3>\n\n<p>S\u00ed, la herramienta en l\u00ednea Minecraft Font Generator es sensible a los dispositivos m\u00f3viles. Ya puedes empezar simplemente abriendo el sitio web cpstesters.com en el navegador de tu dispositivo. Funciona igual en un ordenador que en un dispositivo m\u00f3vil.<\/p>\n\n<p>Tambi\u00e9n puede consultar:<\/p>\n\n<ul class=\"wp-block-list\"><li><a href=\"https:\/\/cpstesters.com\/es\/?page_id=2924\" target=\"_blank\" rel=\"noreferrer noopener\">Generador de c\u00edrculos de Minecraft<\/a><\/li><li><a href=\"https:\/\/cpstesters.com\/es\/generador-de-esferas-minecraft-generador-de-cupulas-minecraft\/\" target=\"_blank\" rel=\"noreferrer noopener\">Generador de esferas de Minecraft<\/a><\/li><li><a href=\"https:\/\/cpstesters.com\/es\/minecraft-titulo-generador-hacer-el-mejor-titulo\/\" target=\"_blank\" rel=\"noreferrer noopener\">Generador de t\u00edtulos de Minecraft<\/a><\/li><li><a href=\"https:\/\/cpstesters.com\/es\/minecraft-comando-generador-online-dar-comando\/\" target=\"_blank\" rel=\"noreferrer noopener\">Generador de comandos de Minecraft<\/a><\/li><li><a href=\"https:\/\/cpstesters.com\/es\/?page_id=2597\" target=\"_blank\" rel=\"noreferrer noopener\">Entrenador de punter\u00eda<\/a><\/li><li><a href=\"https:\/\/cpstesters.com\/es\/\" target=\"_blank\" rel=\"noreferrer noopener\">Prueba CPS <\/a><\/li><\/ul>\n","protected":false},"excerpt":{"rendered":"<p>\u00bfBuscas el mejor generador de fuentes para Minecraft? Prueba nuestra herramienta Minecraft Font Generator a continuaci\u00f3n y \u00a1c\u00f3piala ahora! Generador de fuentes Minecraft Minecraft Font &#8230; <\/p>\n<p class=\"read-more-container\"><a title=\"Generador de fuentes de Minecraft | El mejor generador de fuentes\" class=\"read-more button\" href=\"https:\/\/cpstesters.com\/es\/minecraft-font-generator\/#more-3074\" aria-label=\"Leer m\u00e1s sobre Generador de fuentes de Minecraft | El mejor generador de fuentes\">Read More<\/a><\/p>\n","protected":false},"author":4,"featured_media":1526,"parent":0,"menu_order":0,"comment_status":"closed","ping_status":"closed","template":"","meta":{"footnotes":""},"class_list":["post-3074","page","type-page","status-publish","has-post-thumbnail"],"_links":{"self":[{"href":"https:\/\/cpstesters.com\/es\/wp-json\/wp\/v2\/pages\/3074","targetHints":{"allow":["GET"]}}],"collection":[{"href":"https:\/\/cpstesters.com\/es\/wp-json\/wp\/v2\/pages"}],"about":[{"href":"https:\/\/cpstesters.com\/es\/wp-json\/wp\/v2\/types\/page"}],"author":[{"embeddable":true,"href":"https:\/\/cpstesters.com\/es\/wp-json\/wp\/v2\/users\/4"}],"replies":[{"embeddable":true,"href":"https:\/\/cpstesters.com\/es\/wp-json\/wp\/v2\/comments?post=3074"}],"version-history":[{"count":4,"href":"https:\/\/cpstesters.com\/es\/wp-json\/wp\/v2\/pages\/3074\/revisions"}],"predecessor-version":[{"id":5924,"href":"https:\/\/cpstesters.com\/es\/wp-json\/wp\/v2\/pages\/3074\/revisions\/5924"}],"wp:featuredmedia":[{"embeddable":true,"href":"https:\/\/cpstesters.com\/es\/wp-json\/wp\/v2\/media\/1526"}],"wp:attachment":[{"href":"https:\/\/cpstesters.com\/es\/wp-json\/wp\/v2\/media?parent=3074"}],"curies":[{"name":"wp","href":"https:\/\/api.w.org\/{rel}","templated":true}]}}