{"id":3069,"date":"2024-07-16T14:20:18","date_gmt":"2024-07-16T14:20:18","guid":{"rendered":"https:\/\/cpstesters.com\/generador-de-esferas-minecraft-generador-de-cupulas-minecraft\/"},"modified":"2024-09-17T15:38:27","modified_gmt":"2024-09-17T15:38:27","slug":"generador-de-esferas-minecraft","status":"publish","type":"page","link":"https:\/\/cpstesters.com\/es\/generador-de-esferas-minecraft\/","title":{"rendered":"Generador de Esferas Minecraft | Generador de C\u00fapulas Minecraft"},"content":{"rendered":"\n<p>Minecraft Sphere Generator es una herramienta que se utiliza para hacer c\u00fapula y esferas de p\u00edxeles para ampliar los paisajes de Minecraft, \u00a1compru\u00e9balo ahora!<\/p>\n\n\n<style>\r\n        label {\r\n            display: inline-block;\r\n            width: 7em;\r\n            font-size: 20px;\r\n            font-weight: bold;\r\n        }\r\n        \r\n        #txtRadius {\r\n            font-size: 20px;\r\n        }\r\n        \r\n        #output {\r\n\t\t\toverflow: scroll;\r\n\t\t\tdisplay: flex;\r\n\t\t\theight: fit-content;\r\n        }\r\n    \r\n        #output table {\r\n            border-collapse: collapse;\r\n            border: 2px solid;\r\n            float: left;\r\n            margin: 5px;\r\n        }\r\n    \r\n        #output td {\r\n            \/*display: block;*\/\r\n            background-color: #FFFFFF;\r\n        }\r\n    \r\n        #output div {\r\n            width: 8px;\r\n            height: 8px;\r\n            overflow: hidden;\r\n        }\r\n    \r\n        #output td.prev_empty {\r\n            background-color: #AAAAAA;\r\n        }\r\n    \r\n        #output td.empty {\r\n            background-color: #FFFFFF;\r\n        }\r\n    \r\n        #output td.prev_full {\r\n            background-color: #660000;\r\n        }\r\n    \r\n        #output td.full {\r\n            background-color: #EE0000;\r\n        }\r\n    \r\n        #output td.prev_open {\r\n            background-color: #006600;\r\n        }\r\n    \r\n        #output td.open {\r\n            background-color: #00EE00;\r\n        }\r\n        \r\n        #generate_btn {\r\n            padding: 10px 20px;\r\n            border-radius: 5px;\r\n            border: 1px solid black;\r\n        }\r\n    <\/style>\r\n<div>\r\n<div class=\"form_item\">\r\n<label>Radius:<\/label>\r\n<input type=\"text\" id=\"txtRadius\" value=\"6\" \/>\r\n<\/div>\r\n<div class=\"form_item\">\r\n<label>Fill:<\/label>\r\n<input type=\"checkbox\" id=\"chkFill\" value=\"true\" checked=\"\" \/> Either fill the sphere, or calculate which position may be left empty.\r\n<\/div>\r\n<div class=\"form_item\">\r\n<label>Hints:<\/label>\r\n<input type=\"checkbox\" id=\"chkHints\" value=\"true\" checked=\"\" \/> On each layer darken the previous layer to ease building.\r\n<\/div>\r\n<div class=\"form_item\">\r\n<label>Block-align:<\/label>\r\n<input type=\"checkbox\" id=\"chkMiddle\" value=\"true\" \/>\r\n<\/div>\r\n<br>\r\n<input id=\"generate_btn\" type=\"button\" value=\"Generate\" \/>\r\n<\/div>\r\n<br>\r\n<div id=\"blocks-out\"><\/div>\r\n<br>\r\n<div id=\"output\"><\/div>\r\n<script>\r\n        jQuery(document).ready(function () {\r\n           jQuery('#generate_btn').click(function () {\r\n                generate();\r\n            });\r\n        });\r\n        \r\n        generate();\r\n\r\n        function generate() {\r\n            var radius = parseFloat(jQuery('#txtRadius').val());\r\n            var fill = isChecked('chkFill');\r\n            var hints = isChecked('chkHints');\r\n            var middle = isChecked('chkMiddle');\r\n            var blocks = generateBlocks(radius, middle);\r\n\r\n            if (!fill) {\r\n                blocks = purgeBlocks(blocks);\r\n            }\r\n\r\n            printBlocks(blocks, hints);\r\n        }\r\n\r\n        function isChecked(id) {\r\n            return jQuery('#' + id).is(\":checked\");\r\n        }\r\n\r\n        function generateBlocks(radius, middle) {\r\n            var radiusSq = radius * radius;\r\n            var halfSize, size, offset;\r\n\r\n            if (middle) {\r\n                size = (2 * Math.ceil(radius)) + 1;\r\n                offset = Math.floor(size \/ 2);\r\n            } else {\r\n                halfSize = Math.ceil(radius) + 1;\r\n                size = halfSize * 2;\r\n                offset = halfSize - 0.5;\r\n            }\r\n\r\n            function isFull(x, y, z) {\r\n                x -= offset;\r\n                y -= offset;\r\n                z -= offset;\r\n                x *= x;\r\n                y *= y;\r\n                z *= z;\r\n\r\n                return x + y + z < radiusSq;\r\n            }\r\n\r\n            var blocks = [];\r\n\r\n            for (var z = 0; z < size; z++) {\r\n                var slice = blocks[z] = [];\r\n\r\n                for (var x = 0; x < size; x++) {\r\n                    var row = slice[x] = [];\r\n\r\n                    for (var y = 0; y < size; y++) {\r\n                        row[y] = isFull(x, y, z);\r\n                    }\r\n                }\r\n            }\r\n\r\n            return blocks;\r\n        }\r\n\r\n        function purgeBlocks(blocks) {\r\n            var newblocks = [];\r\n\r\n            for (var z = 0; z < blocks.length; z++) {\r\n                var slice = blocks[z];\r\n                var newslice = newblocks[z] = [];\r\n\r\n                for (var x = 0; x < slice.length; x++) {\r\n                    var row = slice[x];\r\n                    var newrow = newslice[x] = [];\r\n\r\n                    for (var y = 0; y < row.length; y++) {\r\n                        newrow[y] = row[y] && (!row[y - 1] || !row[y + 1] || !slice[x - 1][y] || !slice[x + 1][y] || !blocks[z - 1][x][y] || !blocks[z + 1][x][y]);\r\n                    }\r\n                }\r\n            }\r\n\r\n            return newblocks;\r\n        }\r\n\r\n        function printBlocks(blocks, hints) {\r\n            var x, y, z;\r\n            var table, tbody, tr, td, prev, divNeeded, needed = 0;\r\n            var output = jQuery('#output');\r\n\r\n            output.empty();\r\n\r\n            output.append(divNeeded = jQuery('<p>'));\r\n            \/\/output.append($('<div>'));\r\n            var prevslice = blocks[0];\r\n            for (z = 1; z < blocks.length - 1; z++) {\r\n                var slice = blocks[z];\r\n                output.append(table = jQuery('<table>'));\r\n                \/\/output.append($('<div>'));\r\n                table.append(tbody = jQuery('<tbody>'));\r\n\r\n                table.attr('border', 1);\r\n                table.attr('cellpadding', 0);\r\n                table.attr('cellspacing', 0);\r\n\r\n                for (x = 0; x < slice.length; x++) {\r\n                    var row = slice[x];\r\n                    tbody.append(tr = jQuery('<tr>'));\r\n\r\n                    for (y = 0; y < row.length; y++) {\r\n                        tr.append(td = jQuery('<td>'));\r\n                        prev = hints && prevslice[x][y];\r\n\r\n                        if (row[y]) {\r\n                            td.attr('class', prev ? 'prev_full' : 'full');\r\n                            needed++;\r\n                        } else {\r\n                            td.attr('class', prev ? 'prev_empty' : 'empty');\r\n                        }\r\n\r\n                        td.append(jQuery('<div>'));\r\n                    }\r\n                }\r\n\r\n                prevslice = slice;\r\n            }\r\n\r\n            jQuery(\"#blocks-out\").append(\"Blocks needed: \" + needed);\r\n        }\r\n    <\/script>\n\n\n\n<div style=\"height:10px\" aria-hidden=\"true\" class=\"wp-block-spacer\"><\/div>\n\n\n\n<h2 class=\"wp-block-heading\">Esfera Minecraft<\/h2>\n\n\n\n<p>En los juegos de Minecraft, las esferas se utilizan para construir. Cuando construyas algo en el mundo virtual de Minecraft, puedes demostrar tu pericia y ahorrar un mont\u00f3n de tiempo utilizando el generador de esferas de Minecraft.<\/p>\n\n\n\n<p>Si quieres jugar a Minecraft con curvas, tendr\u00e1s que practicar mucho para conseguir las ventajas del siguiente nivel.<\/p>\n\n\n\n<h2 class=\"wp-block-heading\">Creador de Esferas Minecraft<\/h2>\n\n\n\n<p>El generador de esferas de Minecraft se utiliza para crear estructuras esf\u00e9ricas. Esta ingeniosa herramienta puede ser utilizada por quienes sienten pasi\u00f3n por construir y establecer cosas. Este programa, basado en bloques, le permite crear cualquier dise\u00f1o de esfera que desee<\/p>\n\n\n\n<p>Los usuarios de esta herramienta controlan los bloques y dan a sus dise\u00f1os un aspecto creativo. Al darte la noci\u00f3n de d\u00f3nde colocar los bloques, el creador de esferas Minecraft simplifica tu tarea y te ahorra tiempo. Utilizando los p\u00edxeles, puedes demostrar met\u00f3dicamente tu ingenio.<\/p>\n\n\n\n<p>Le permitimos utilizar toda la pantalla para que pueda verla con mayor claridad. Con la ayuda de nuestra herramienta, ahora puedes construir esferas de forma brillante y utilizarlas donde quieras.<\/p>\n\n\n<div class=\"wp-block-image\">\n<figure class=\"aligncenter size-full\"><img loading=\"lazy\" decoding=\"async\" width=\"1000\" height=\"500\" src=\"https:\/\/cpstesters.com\/wp-content\/uploads\/2022\/09\/Minecraft-Sphere-Generator.jpg\" alt=\"Generador de esferas de Minecraft\" class=\"wp-image-558\" title=\"\" srcset=\"https:\/\/cpstesters.com\/wp-content\/uploads\/2022\/09\/Minecraft-Sphere-Generator.jpg 1000w, https:\/\/cpstesters.com\/wp-content\/uploads\/2022\/09\/Minecraft-Sphere-Generator-300x150.jpg 300w, https:\/\/cpstesters.com\/wp-content\/uploads\/2022\/09\/Minecraft-Sphere-Generator-768x384.jpg 768w\" sizes=\"auto, (max-width: 1000px) 100vw, 1000px\" \/><figcaption class=\"wp-element-caption\">Generador de esferas de Minecraft<\/figcaption><\/figure>\n<\/div>\n\n\n<h2 class=\"wp-block-heading\">C\u00f3mo usar el generador de esferas de Minecraft<\/h2>\n\n\n\n<p>Si es la primera vez que utiliza esta herramienta, el procedimiento le resultar\u00e1 sencillo. Para tu comodidad, hemos preparado un art\u00edculo con informaci\u00f3n que puedes utilizar si quieres hacer una esfera hueca. Debe atenerse a estas instrucciones.<\/p>\n\n\n\n<p>La herramienta generadora de esferas de Minecraft est\u00e1 visible en la barra de men\u00fas. Basta con pulsarlo para que aparezca la siguiente p\u00e1gina en la pantalla.<\/p>\n\n\n\n<ul class=\"wp-block-list\">\n<li>Proporcione el radio de su necesidad de crear la esfera que necesita. Este programa crea un modelo por defecto que tiene un radio de seis con las opciones recomendadas activadas.<\/li>\n\n\n\n<li>Utiliza el bot\u00f3n Sugerencia para a\u00f1adir puntos rojos a los bordes para tu comodidad si quieres una esfera rellena en Minecraft.<\/li>\n\n\n\n<li>Las opciones de bloque le permiten alinear el n\u00famero de bloques.<\/li>\n\n\n\n<li>Vuelve a pulsar el bot\u00f3n &#8220;Generar&#8221; para crear la forma de esfera con la configuraci\u00f3n que acabas de elegir.<\/li>\n\n\n\n<li>Tambi\u00e9n puedes ver el n\u00famero debajo de la opci\u00f3n de generar. Es el n\u00famero de bloques necesarios para crear la esf\u00e9rica en Minecraft.<\/li>\n\n\n\n<li>Seg\u00fan sus preferencias, puede decidir en cualquier momento si desea volver al men\u00fa de modelos. Puede utilizar su navegador para volver atr\u00e1s.<\/li>\n\n\n\n<li>Adem\u00e1s, se incluye un control deslizante a la derecha, como puede ver. Puede utilizarlo para visualizar una determinada capa horizontal de su modelo. Las perspectivas 2D y 3D pueden abordarse con el control deslizante de la derecha. S\u00f3lo para el modelo 3D, esta capa se resaltar\u00e1 en un color amarillo brillante.<\/li>\n<\/ul>\n\n\n\n<p>Ahora puedes crear f\u00e1cilmente tu dise\u00f1o e incorporarlo al juego esf\u00e9rico Minecraft. Utilizando la herramienta generadora de esferas de p\u00edxeles, podr\u00e1 descubrir m\u00e1s ideas \u00fanicas para la construcci\u00f3n.<\/p>\n\n\n\n<p class=\"has-text-align-center has-base-background-color has-background has-medium-font-size\"><em>Tambi\u00e9n puedes probar el <a href=\"https:\/\/cpstesters.com\/es\/?page_id=2924\" target=\"_blank\" rel=\"noreferrer noopener\">generador de c\u00edrculos de Minecraft<\/a>.<\/em><\/p>\n\n\n\n<h2 class=\"wp-block-heading\">Caracter\u00edsticas del generador de c\u00fapulas de Minecraft<\/h2>\n\n\n\n<p>El generador de esferas de Minecraft es una potente herramienta creada para ayudar a los jugadores a crear incre\u00edbles esferas y otros objetos de inspiraci\u00f3n esf\u00e9rica, como c\u00fapulas, utilizando el generador de c\u00fapulas de Minecraft y las cimas de los edificios, ampliando el potencial de las esferas de Minecraft.<\/p>\n\n\n\n<p>A pesar de que este programa tiene una tonelada de capacidades intrigantes, vamos a incluir todas las caracter\u00edsticas que son necesarias para la construcci\u00f3n de esferas Minecraft aqu\u00ed:<\/p>\n\n\n\n<ul class=\"wp-block-list\">\n<li>Con la ayuda de este fabricante de esferas, es posible producir formas esf\u00e9ricas con radios ajustables.<\/li>\n\n\n\n<li>La herramienta delinea cu\u00e1ntos bloques son necesarios para construir tu esfera ideal en el juego Minecraft.<\/li>\n\n\n\n<li>Tiene la opci\u00f3n de crear dos dise\u00f1os de esfera diferentes, uno con bloques alineados y otro sin ellos.<\/li>\n\n\n\n<li>Puede elegir entre contornear la esfera o dejar un espacio en blanco, seg\u00fan desee.<\/li>\n<\/ul>\n\n\n\n<h2 class=\"wp-block-heading has-text-align-center\">Preguntas frecuentes<\/h2>\n\n\n\n<h3 class=\"wp-block-heading\"><strong>\u00bfCu\u00e1l es el comando en Minecraft que crea una esfera rellena?<\/strong><\/h3>\n\n\n\n<p>Para crear sin esfuerzo una esfera rellena en Minecraft, utiliza el siguiente comando: <strong>Para crear una esfera rellena, escribe \/esfera<\/strong>.<\/p>\n\n\n\n<h3 class=\"wp-block-heading\"><strong>\u00bfQui\u00e9n puede utilizar el generador de esferas de Minecraft?<\/strong><\/h3>\n\n\n\n<p>Esta herramienta puede ser utilizada por personas con conocimientos de construcci\u00f3n. Esta t\u00e9cnica tambi\u00e9n la utilizan quienes carecen de experiencia relacionada con la construcci\u00f3n para aumentar su nivel de creatividad. Esta herramienta permite a los ni\u00f1os experimentar con varios dise\u00f1os basados en bloques. Los jugadores del videojuego Minecraft utilizan esta herramienta para dise\u00f1ar edificios.<\/p>\n\n\n\n<p>Otras herramientas de Minecraft:<\/p>\n\n\n\n<ul class=\"wp-block-list\">\n<li><a href=\"https:\/\/cpstesters.com\/es\/?page_id=3074\" target=\"_blank\" rel=\"noreferrer noopener\">Generador de fuentes Minecraft<\/a><\/li>\n\n\n\n<li><a href=\"https:\/\/cpstesters.com\/es\/minecraft-titulo-generador-hacer-el-mejor-titulo\/\" target=\"_blank\" rel=\"noreferrer noopener\">Generador de t\u00edtulos de Minecraft<\/a><\/li>\n\n\n\n<li><a href=\"https:\/\/cpstesters.com\/es\/minecraft-comando-generador-online-dar-comando\/\" target=\"_blank\" rel=\"noreferrer noopener\">Generador de comandos de Minecraft<\/a><\/li>\n\n\n\n<li><a href=\"https:\/\/cpstesters.com\/es\/?page_id=2597\" target=\"_blank\" rel=\"noreferrer noopener\">Entrenador de punter\u00eda<\/a><\/li>\n\n\n\n<li><a href=\"https:\/\/cpstesters.com\/es\/apm-test-rastreador-de-acciones-por-minuto-para-juegos\/\" target=\"_blank\" rel=\"noreferrer noopener\">Prueba APM<\/a><\/li>\n<\/ul>\n","protected":false},"excerpt":{"rendered":"<p>Minecraft Sphere Generator es una herramienta que se utiliza para hacer c\u00fapula y esferas de p\u00edxeles para ampliar los paisajes de Minecraft, \u00a1compru\u00e9balo ahora! Esfera &#8230; <\/p>\n<p class=\"read-more-container\"><a title=\"Generador de Esferas Minecraft | Generador de C\u00fapulas Minecraft\" class=\"read-more button\" href=\"https:\/\/cpstesters.com\/es\/generador-de-esferas-minecraft\/#more-3069\" aria-label=\"Leer m\u00e1s sobre Generador de Esferas Minecraft | Generador de C\u00fapulas Minecraft\">Read More<\/a><\/p>\n","protected":false},"author":4,"featured_media":1514,"parent":0,"menu_order":0,"comment_status":"closed","ping_status":"closed","template":"","meta":{"footnotes":""},"class_list":["post-3069","page","type-page","status-publish","has-post-thumbnail"],"_links":{"self":[{"href":"https:\/\/cpstesters.com\/es\/wp-json\/wp\/v2\/pages\/3069","targetHints":{"allow":["GET"]}}],"collection":[{"href":"https:\/\/cpstesters.com\/es\/wp-json\/wp\/v2\/pages"}],"about":[{"href":"https:\/\/cpstesters.com\/es\/wp-json\/wp\/v2\/types\/page"}],"author":[{"embeddable":true,"href":"https:\/\/cpstesters.com\/es\/wp-json\/wp\/v2\/users\/4"}],"replies":[{"embeddable":true,"href":"https:\/\/cpstesters.com\/es\/wp-json\/wp\/v2\/comments?post=3069"}],"version-history":[{"count":4,"href":"https:\/\/cpstesters.com\/es\/wp-json\/wp\/v2\/pages\/3069\/revisions"}],"predecessor-version":[{"id":4667,"href":"https:\/\/cpstesters.com\/es\/wp-json\/wp\/v2\/pages\/3069\/revisions\/4667"}],"wp:featuredmedia":[{"embeddable":true,"href":"https:\/\/cpstesters.com\/es\/wp-json\/wp\/v2\/media\/1514"}],"wp:attachment":[{"href":"https:\/\/cpstesters.com\/es\/wp-json\/wp\/v2\/media?parent=3069"}],"curies":[{"name":"wp","href":"https:\/\/api.w.org\/{rel}","templated":true}]}}