{"id":2974,"date":"2024-07-16T14:26:24","date_gmt":"2024-07-16T14:26:24","guid":{"rendered":"https:\/\/cpstesters.com\/prueba-de-pantalla-tactil-en-linea-multi-touch-tester\/"},"modified":"2024-09-17T16:29:12","modified_gmt":"2024-09-17T16:29:12","slug":"touch-screen-test","status":"publish","type":"page","link":"https:\/\/cpstesters.com\/es\/touch-screen-test\/","title":{"rendered":"Prueba de pantalla t\u00e1ctil en l\u00ednea | Multi Touch Tester"},"content":{"rendered":"\n<p>Mobile &amp; Laptop touch screen test es una herramienta para comprobar si su dispositivo t\u00e1ctil funciona correctamente o no, \u00a1compru\u00e9belo ahora!<\/p>\n<style>\r\n        #box {\r\n            position:relative;\r\n            width:100%; \r\n            background-color:#FFB15E;\r\n            font-size: 2rem; \r\n            margin-bottom:20px;\r\n\t\t\tcolor:white;\r\n\t\t\tpadding-top:50px;\r\n\t\t\tpadding-bottom:50px;\r\n\t\t\ttext-align:center;\r\n        }\r\n        #box.fullscreen{\r\n            background-color: #2d2d2d;\r\n            position:fixed;\r\n            top: 0px;\r\n            left: 0px;\r\n            height: 100%!important;;\r\n        }\r\n        .point{\r\n            border-radius:50%;\r\n            width:30px;\r\n            height:30px;\r\n            background-color:red;\r\n            position:fixed;\r\n        }\r\n        #fs-button{\r\n            width:30px;\r\n            height:30px;\r\n            position:absolute;\r\n            bottom:5px;\r\n            right:5px;\r\n            background-image: url(\"data:image\/svg+xml,%3Csvg xmlns='http:\/\/www.w3.org\/2000\/svg' width='30' height='30' viewBox='0 0 14 14' fill='%23dddddd'%3E%3Cpath d='M2,9H0v5h5v-2H2V9z M0,5h2V2h3V0H0V5z M12,12H9v2h5V9h-2V12z M9,0v2h3v3h2V0H9z'\/%3E%3C\/svg%3E\");\r\n        }\r\n        .fullscreen #fs-button\r\n        {\r\n            background-image: url(\"data:image\/svg+xml,%3Csvg xmlns='http:\/\/www.w3.org\/2000\/svg' width='30' height='30' viewBox='0 0 14 14' fill='%23dddddd'%3E%3Cpath d='M0,11h3v3h2V9H0V11z M3,3H0v2h5V0H3V3z M9,14h2v-3h3V9H9V14z M11,3V0H9v5h5V3H11z'\/%3E%3C\/svg%3E\");\r\n        }\r\n        .current-touch, .max-touch, #box{\r\n            text-align: center;\r\n        }\r\n        .current-touch, .max-touch{\r\n            font-size: 5rem; \r\n        }\r\n    <\/style>\r\n\r\n<div id=\"box\">\r\n        <div id=\"info\">\r\n            <div class=\"row\"><div class=\"col d-flex align-items-center justify-content-end p-0\" style=\"font-size:1rem\">current<\/div><div class=\"current-touch col p-0\">0<\/div><div class=\"col p-0\"><\/div><\/div>\r\n            <div class=\"row\"><div class=\"col d-flex align-items-center justify-content-end p-0\" style=\"font-size:1rem\">max<\/div><div class=\"max-touch col p-0\">0<\/div><div class=\"col p-0\"><\/div><\/div>\r\n        <\/div>\r\n        \r\n    <\/div>   \r\n\r\n\r\n<script>\r\n    \r\nvar box = document.getElementById(\"box\");\r\nvar currnetTouchE = document.getElementsByClassName('current-touch')[0];\r\nvar maxTouchE = document.getElementsByClassName('max-touch')[0];\r\nvar maxTouch = 0;\r\n\r\nvar pointSize = 30;\r\n\r\nfunction updateTouch(number)\r\n{\r\n    currnetTouchE.innerHTML = number;\r\n    if (number>maxTouch) maxTouch = number;\r\n    maxTouchE.innerHTML = maxTouch;\r\n    \r\n}\r\n\r\n\r\nbox.addEventListener(\"touchstart\", handleStart, false);\r\nbox.addEventListener(\"touchend\", handleEnd, false);\r\nbox.addEventListener(\"touchcancel\", handleCancel, false);\r\nbox.addEventListener(\"touchmove\", handleMove, false);\r\n\/\/var ongoingTouches = [];\r\n\r\nfunction copyTouch({ identifier, pageX, pageY }) {\r\n  return { identifier, pageX, pageY };\r\n}\r\n\r\nfunction handleStart (e)\r\n{\r\n    var touches = e.changedTouches;\r\n    for (var i = 0; i < touches.length; i++)\r\n    {\r\n        var point = document.createElement('div');\r\n        \/\/ongoingTouches.push(copyTouch(touches[i]));\r\n        point.className = 'point';\r\n        point.id = 'touch-'+touches[i].identifier;\r\n        point.style.left = touches[i].clientX-pointSize\/2+'px';\r\n        point.style.top = touches[i].clientY-pointSize\/2+'px';\r\n        point.style.backgroundColor = colorForTouch(touches[i]);\r\n        document.body.appendChild(point);\r\n    }\r\n    updateTouch(e.touches.length);\r\n    e.preventDefault();\r\n}\r\n\r\nfunction handleMove(e)\r\n{\r\n    var touches = e.changedTouches;\r\n    for (var i = 0; i < touches.length; i++)\r\n    {\r\n        var point = document.getElementById('touch-'+touches[i].identifier);\r\n        point.style.left = touches[i].clientX-pointSize\/2+'px';\r\n        point.style.top = touches[i].clientY-pointSize\/2+'px';\r\n    }\r\n    updateTouch(e.touches.length);\r\n    e.preventDefault();\r\n}\r\n\r\nfunction handleEnd (e)\r\n{\r\n     var touches = e.changedTouches;\r\n     for (var i = 0; i < touches.length; i++) \r\n     {\r\n        setTimeout(function(){\r\n           \r\n        },200);\r\n       document.getElementById('touch-'+touches[i].identifier).remove();\r\n     }\r\n     updateTouch(e.touches.length);\r\n}\r\n\r\nfunction handleCancel (e)\r\n{\r\n    handleEnd(e);\r\n}\r\n\r\n\r\nfunction colorForTouch(touch) {\r\n    var color = \"#000000\";\r\n    switch(touch.identifier)\r\n    {\r\n        case 0: color = \"#ff0000\";break;\r\n        case 1: color = \"#ff00ff\";break;\r\n        case 2: color = \"#0000ff\";break;\r\n        case 3: color = \"#00ffff\";break;\r\n        case 4: color = \"#00ff00\";break;\r\n        case 5: color = \"#ffff00\";break;\r\n        case 6: color = \"#ffa800\";break;\r\n        default: color = \"#000000\";\r\n    }\r\n    return color;\r\n}\r\n\r\nif (!(typeof box.ontouchstart != \"undefined\")) { \r\n    box.innerHTML = '<p>This test cannot be used on device without touch screen.<\/p>\\n\\\r\n                     <p style=\"font-size:1rem;\">If you see this message, the test will not work.<\/p>   ';\r\n    box.style.backgroundColor = \"#FFB15E\";\r\n} \r\n<\/script>\n\n<div style=\"height:5px\" aria-hidden=\"true\" class=\"wp-block-spacer\"><\/div>\n\n<h2 class=\"wp-block-heading\">Comprobador de pantallas t\u00e1ctiles<\/h2>\n\n<p>La prueba de la pantalla t\u00e1ctil es la t\u00e9cnica que se utiliza para evaluar la pantalla. Hay varias formas de utilizar esta prueba para identificar los puntos muertos. Este comprobador dispone de una t\u00e9cnica especial que le muestra exactamente d\u00f3nde se encuentran las zonas problem\u00e1ticas. Esto comprueba los puntos muertos de la pantalla t\u00e1ctil y la funcionalidad multit\u00e1ctil de cinco puntos.<\/p>\n\n<p>Es necesario probar la pantalla t\u00e1ctil de un smartphone para verificar la calidad y utilidad del dispositivo. El rendimiento de una pantalla t\u00e1ctil puede evaluarse mediante una sencilla prueba t\u00e1ctil. The touch tests, each of which uses a different strategy, assist you in locating and analyzing any <a href=\"https:\/\/www.lifewire.com\/fixes-for-broken-touch-screen-4149514\" target=\"_blank\" rel=\"noreferrer noopener\">problems of your touch screen<\/a> might be experiencing.<\/p>\n\n<h2 class=\"wp-block-heading\">\u00bfC\u00f3mo probar el tacto de la pantalla?<\/h2>\n\n<p>Para iniciar la prueba, toca la pantalla situada en el interior del recuadro superior. Para que quepan m\u00e1s dedos, utiliza la opci\u00f3n Pantalla completa de la esquina inferior derecha del campo de prueba. Si su dispositivo o navegador no es compatible, aparecer\u00e1 un aviso especial en el recuadro.<\/p>\n\n<p>Prueba Multi Touch Test si no est\u00e1s buscando puntos muertos en la pantalla, sino que tienes curiosidad por saber cu\u00e1ntos dedos puede reconocer. Es uno de los tests de pantalla multit\u00e1ctil para m\u00f3viles m\u00e1s b\u00e1sicos que existen, y carece de herramientas de dibujo o funciones adicionales.<\/p>\n<div class=\"wp-block-image\">\n<figure class=\"aligncenter size-full\"><img loading=\"lazy\" decoding=\"async\" width=\"1000\" height=\"500\" src=\"https:\/\/cpstesters.com\/wp-content\/uploads\/2022\/09\/touch-test.jpg\" alt=\"Prueba de pantalla t&#xE1;ctil\" class=\"wp-image-551\" title=\"\" srcset=\"https:\/\/cpstesters.com\/wp-content\/uploads\/2022\/09\/touch-test.jpg 1000w, https:\/\/cpstesters.com\/wp-content\/uploads\/2022\/09\/touch-test-300x150.jpg 300w, https:\/\/cpstesters.com\/wp-content\/uploads\/2022\/09\/touch-test-768x384.jpg 768w\" sizes=\"auto, (max-width: 1000px) 100vw, 1000px\" \/><figcaption class=\"wp-element-caption\">Prueba de pantalla t\u00e1ctil<\/figcaption><\/figure>\n<\/div>\n<p>Te informa del n\u00famero m\u00e1ximo de dedos activos que puede soportar tu dispositivo.  <\/p>\n\n<h2 class=\"wp-block-heading\">Prueba multit\u00e1ctil<\/h2>\n\n<p>El comprobador multit\u00e1ctil reconoce varios toques y resalta cada uno de ellos con un color distinto. Da igual que los dedos cubran los toques y los d\u00edgitos de la pantalla. Incluso cuando retires los dedos de la pantalla, se mostrar\u00e1 el n\u00famero m\u00e1ximo de toques. Puedes utilizar esta prueba para ver cu\u00e1ntos toques registra la pantalla de tu dispositivo.<\/p>\n\n<p>Este comprobador marcar\u00e1 cada dedo cuando los coloque en la pantalla numerosas veces a la vez. Adem\u00e1s, registrar\u00e1 el n\u00famero total de dedos que se graban en la pantalla. El programa seguir\u00e1 recordando el mayor n\u00famero que haya identificado incluso despu\u00e9s de que sueltes los dedos.<\/p>\n\n<p>Es preferible hacer la prueba a pantalla completa para que todos los toques quepan en el campo de prueba. Para ello, haga clic en el bot\u00f3n de la esquina inferior izquierda.<\/p>\n\n<p>No es necesario instalar ninguna aplicaci\u00f3n para realizar esta prueba, ya que siempre puedes realizar nuestro test de control t\u00e1ctil en tu dispositivo en l\u00ednea desde nuestro sitio web.<\/p>\n\n<p class=\"has-text-align-center has-base-background-color has-background has-medium-font-size\"><em>Tambi\u00e9n tenemos la <a href=\"https:\/\/cpstesters.com\/es\/dead-pixel-test\/\" target=\"_blank\" rel=\"noreferrer noopener\">prueba de p\u00edxeles muertos<\/a> para su pantalla, \u00a1compru\u00e9belo!<\/em><\/p>\n\n<h2 class=\"wp-block-heading has-text-align-center\">Preguntas frecuentes<\/h2>\n\n<h3 class=\"wp-block-heading\"><strong>\u00bfC\u00f3mo puedo probar mi pantalla t\u00e1ctil?<\/strong><\/h3>\n\n<p>Puedes utilizar la prueba t\u00e1ctil de nuestro sitio web para comprobar la pantalla t\u00e1ctil de tu dispositivo si crees que no funciona correctamente. Esta prueba le permite reconocer y abordar cualquier problema potencial de su pantalla t\u00e1ctil, cada uno de los cuales se aborda de forma diferente.<\/p>\n\n<h3 class=\"wp-block-heading\"><strong>\u00bfC\u00f3mo s\u00e9 si mi pantalla t\u00e1ctil es sensible?<\/strong><\/h3>\n\n<p>La sensibilidad de la pantalla t\u00e1ctil puede probarse con distintas presiones de los dedos. Algunas pantallas requieren un mayor contacto con la pantalla porque tienen problemas para leer toques ligeros.<\/p>\n\n<h3 class=\"wp-block-heading\"><strong>\u00bfC\u00f3mo se prueba el tacto fantasma?<\/strong><\/h3>\n\n<p>Empieza por experimentar contigo mismo para ver si puedes identificar el problema. Haz tres dedos, entonces. Despu\u00e9s, detectar\u00e1 uno o dos toques fantasma si tocas accidentalmente la pantalla con uno o ambos dedos.<\/p>\n\n<p>Otras pruebas que tal vez desee comprobar:<\/p>\n\n<ul class=\"wp-block-list\">\n<li><a href=\"https:\/\/cpstesters.com\/es\/contador-de-toques\/\" target=\"_blank\" rel=\"noreferrer noopener\">Contador de grifos<\/a><\/li>\n\n\n\n<li><a href=\"https:\/\/cpstesters.com\/es\/test-de-velocidad-de-grifos\/\" target=\"_blank\" rel=\"noreferrer noopener\">Prueba de velocidad del grifo<\/a><\/li>\n\n\n\n<li><a href=\"https:\/\/cpstesters.com\/es\/\" target=\"_blank\" rel=\"noreferrer noopener\">Comprobador de clics por segundo<\/a><\/li>\n\n\n\n<li><a href=\"https:\/\/cpstesters.com\/es\/prueba-de-teclado\/\" target=\"_blank\" rel=\"noreferrer noopener\">Comprobador de teclados<\/a><\/li>\n\n\n\n<li><a href=\"https:\/\/cpstesters.com\/es\/prueba-de-latencia-del-teclado\/\" target=\"_blank\" rel=\"noreferrer noopener\">Prueba de latencia del teclado<\/a><\/li>\n<\/ul>\n","protected":false},"excerpt":{"rendered":"<p>Mobile &amp; Laptop touch screen test es una herramienta para comprobar si su dispositivo t\u00e1ctil funciona correctamente o no, \u00a1compru\u00e9belo ahora! Comprobador de pantallas t\u00e1ctiles &#8230; <\/p>\n<p class=\"read-more-container\"><a title=\"Prueba de pantalla t\u00e1ctil en l\u00ednea | Multi Touch Tester\" class=\"read-more button\" href=\"https:\/\/cpstesters.com\/es\/touch-screen-test\/#more-2974\" aria-label=\"Leer m\u00e1s sobre Prueba de pantalla t\u00e1ctil en l\u00ednea | Multi Touch Tester\">Read More<\/a><\/p>\n","protected":false},"author":4,"featured_media":1478,"parent":0,"menu_order":0,"comment_status":"closed","ping_status":"closed","template":"","meta":{"footnotes":""},"class_list":["post-2974","page","type-page","status-publish","has-post-thumbnail"],"_links":{"self":[{"href":"https:\/\/cpstesters.com\/es\/wp-json\/wp\/v2\/pages\/2974","targetHints":{"allow":["GET"]}}],"collection":[{"href":"https:\/\/cpstesters.com\/es\/wp-json\/wp\/v2\/pages"}],"about":[{"href":"https:\/\/cpstesters.com\/es\/wp-json\/wp\/v2\/types\/page"}],"author":[{"embeddable":true,"href":"https:\/\/cpstesters.com\/es\/wp-json\/wp\/v2\/users\/4"}],"replies":[{"embeddable":true,"href":"https:\/\/cpstesters.com\/es\/wp-json\/wp\/v2\/comments?post=2974"}],"version-history":[{"count":4,"href":"https:\/\/cpstesters.com\/es\/wp-json\/wp\/v2\/pages\/2974\/revisions"}],"predecessor-version":[{"id":4396,"href":"https:\/\/cpstesters.com\/es\/wp-json\/wp\/v2\/pages\/2974\/revisions\/4396"}],"wp:featuredmedia":[{"embeddable":true,"href":"https:\/\/cpstesters.com\/es\/wp-json\/wp\/v2\/media\/1478"}],"wp:attachment":[{"href":"https:\/\/cpstesters.com\/es\/wp-json\/wp\/v2\/media?parent=2974"}],"curies":[{"name":"wp","href":"https:\/\/api.w.org\/{rel}","templated":true}]}}