{"id":2937,"date":"2024-07-16T14:18:01","date_gmt":"2024-07-16T14:18:01","guid":{"rendered":"https:\/\/cpstesters.com\/mouse-rate-checker-polling-rate-hz-test-online\/"},"modified":"2024-09-17T15:52:47","modified_gmt":"2024-09-17T15:52:47","slug":"raton-rate-checker","status":"publish","type":"page","link":"https:\/\/cpstesters.com\/es\/raton-rate-checker\/","title":{"rendered":"Comprobador de velocidad del rat\u00f3n | Prueba de frecuencia de sondeo Hz en l\u00ednea"},"content":{"rendered":"\n<p>Mouse Rate Checker es una herramienta online para que los usuarios comprueben su tasa de sondeo en hertzios y prueben el rat\u00f3n, \u00a1pru\u00e9balo ahora!<\/p>\n\n\n<style type=\"text\/css\">\r\n    #rate-container{\r\n        padding: 15px;\r\n        background: #fff;\r\n        position: relative;\r\n        \r\n        user-select: none;\r\n    }\r\n    #rate-checker{\r\n        width:100%;\r\n        padding:10px;\r\n\r\n\t\t\r\n    }\r\n    \r\n    #rate-numbers{\r\n\t\tfont-size:2em;\r\n        text-align:center;\r\n        font-weight:bold;\r\n        padding:auto;\r\n        margin:auto;\r\n        width:100%;\r\n        height:50px;\r\n        margin-top: 20px;\r\n        font-size:  1.8em;\r\n\t\tcolor: black;\r\n    }\r\n\r\n    #rate-console{\r\n        width: 80%;\r\n        text-align: center;\r\n        height:250px;\r\n\t\tpadding: 10px;\r\n\t\tmargin: 0 auto;\r\n        resize: none;\r\n\t\tcolor: #03fc07;\r\n        border:3px solid #03fc07;\r\n        border-top: none; \r\n        font-size: 1.2em;\r\n        overflow-y: scroll;\r\n        overflow-x: hidden;\r\n        outline: none;\r\n        cursor: default;\r\n\t\tbackground: #111;\r\n    }\r\n\t\r\n#start-stop, #reset {\r\n\t position: relative;\r\ncursor:pointer;\r\n  display: block;\r\n  margin: 10px auto;\r\n\r\n  overflow: hidden;\r\n\r\n  border-width: 0;\r\n  outline: none;\r\n  border-radius: 5px;\r\n  max-width: 480px;\r\n  min-width: 240px;\r\n  background-color: #F2601D;\r\n  color: #fff !important;\r\n  text-align: center;\r\n\r\n  transition: background-color .3s;\r\n}\r\n\r\n#start-stop:hover, #start-stop:focus, #reset:hover, #reset:focus {\r\n  background-color: #F2601D;\r\n}\r\n\r\n#start-stop, #reset > * {\r\n  position: relative;\r\n}\r\n\r\n#start-stop span, #reset span {\r\n  display: block;\r\n  padding: 12px 24px;\r\n}\r\n\r\n#start-stop:before, #reset:before {\r\n  \r\n  content:'';\r\n  position: absolute;\r\n  top: 50%;\r\n  left: 50%;\r\n  \r\n  display: block;\r\n  width: 0;\r\n  padding-top: 0;\r\n    \r\n  border-radius: 100%;\r\n  \r\n  background-color: rgba(236, 240, 241, .3);\r\n  \r\n  -webkit-transform: translate(-50%, -50%);\r\n  -moz-transform: translate(-50%, -50%);\r\n  -ms-transform: translate(-50%, -50%);\r\n  -o-transform: translate(-50%, -50%);\r\n  transform: translate(-50%, -50%);\r\n}\r\n\r\n#start-stop:active:before, #reset:active:before {\r\n  width: 120%;\r\n  padding-top: 120%;\r\n  \r\n  transition: width .2s ease-out, padding-top .2s ease-out;\r\n}\r\n\r\ntextarea {\r\ndisplay: block;\r\nmargin-left:auto;\r\nmargin-right:auto;\r\n\r\n}\r\n   \r\n    <\/style> \r\n\r\n<div id=\"rate-container\">\r\n   <div id=\"rate-checker\">\r\n      <div id=\"rate-numbers\">\r\n         <p>Average: <span id=\"rate-avg\">0<\/span> Hz, maximum: <span id=\"rate-max\">0<\/span> Hz<\/p>\r\n      <\/div>\r\n   <\/div>\r\n   <div id=\"start-stop\"><span>Click to Start<\/span><\/div>\r\n   <div class=\"rows\">\r\n      <div class=\"col\"><textarea id=\"rate-console\" readonly=\"\"><\/textarea><\/div>\r\n      <button id=\"reset\"><span>Reset<\/span><\/button>\r\n   <\/div>\r\n<\/div>\r\n\r\n\r\n\r\n\r\n<script>\r\n  var fps = 5;\r\nvar count = 0;\r\nvar tick = 0;\r\nvar totalMoves = 0;\r\nvar maxValue = 0;\r\nvar timer = null;\r\n\r\nfunction updateCount() {\r\n    tick++;\r\n    totalMoves += count;\r\n    var value = (count * fps);\r\n    jQuery('#rate-console').append(value + 'HZ\\n');\r\n    var psconsole = jQuery('#rate-console');\r\n    if (psconsole.length)\r\n        psconsole.scrollTop(psconsole[0].scrollHeight - psconsole.height());\r\n    var avgValue = Math.ceil((fps * totalMoves) \/ tick);\r\n    if (value > maxValue)\r\n        maxValue = value;\r\n    jQuery('#rate-avg').html(avgValue);\r\n    jQuery('#rate-max').html(maxValue);\r\n    count = 0;\r\n    if (tick > 3 * fps) {\r\n        tick = 0;\r\n        totalMoves = 0;\r\n    }\r\n}\r\n\r\nfunction valloop(bas) {\r\n    var event = 'getCoalescedEvents' in bas ? bas.getCoalescedEvents() : [bas];\r\n    for (e in event) {\r\n        count++;\r\n    }\r\n}\r\n\r\nfunction checkRate() {\r\n    count = 0;\r\n    tick = 0;\r\n    totalMoves = 0;\r\n    if (timer) {\r\n        clearInterval(timer);\r\n        document.removeEventListener('pointermove', valloop);\r\n        timer = null;\r\n        jQuery('#start-stop').html('<span>Click to Start<\/span>');\r\n    } else {\r\n        document.addEventListener('pointermove', valloop);\r\n        if (timer) {\r\n            clearInterval(timer);\r\n        }\r\n        timer = setInterval(updateCount, 1000 \/ fps);\r\n        jQuery('#start-stop').html('<span>Click to Stop<\/span>');\r\n    }\r\n}\r\njQuery(function() {\r\n    jQuery(\"#start-stop\").click(checkRate);\r\n    jQuery(\"#reset\").click(function() {\r\n        location.reload();\r\n    });\r\n});\r\n<\/script>\r\n\n\n\n\n<div style=\"height:5px\" aria-hidden=\"true\" class=\"wp-block-spacer\"><\/div>\n\n\n\n<h2 class=\"wp-block-heading\">Rat\u00f3n Rate Checker<\/h2>\n\n\n\n<p>Dado que estima la tasa de sondeo en Hz, la herramienta Rate Checker se conoce a veces como Mouse Hz Checker. Cuenta el n\u00famero de veces que el rat\u00f3n env\u00eda informaci\u00f3n al ordenador y lo eval\u00faa en Hz.  <\/p>\n\n\n\n<h2 class=\"wp-block-heading\">Prueba de velocidad de sondeo del rat\u00f3n<\/h2>\n\n\n\n<p>La frecuencia con la que el Rat\u00f3n notifica su posici\u00f3n al PC u ordenador vinculado se conoce como frecuencia de sondeo. La tasa de sondeo puede expresarse en Hz o TPS.<\/p>\n\n\n\n<p>Debes ser consciente de lo crucial que es la frecuencia de sondeo del rat\u00f3n si te gusta jugar a videojuegos. Supongamos el escenario en el que s\u00f3lo tienes un segundo para disparar o golpear a tu rival, pero la tasa de sondeo del rat\u00f3n es baja.<\/p>\n\n\n\n<p>Entonces es muy posible que pierdas la partida y que tu rival dispare m\u00e1s r\u00e1pido que t\u00fa. Debe tener en cuenta que cuanto mayor sea la frecuencia de sondeo, m\u00e1s frecuentemente se comunicar\u00e1 el rat\u00f3n con su ubicaci\u00f3n en el ordenador.<\/p>\n\n\n\n<p>Aunque las mayores tasas de sondeo son una ventaja para el juego y suelen ser preferidas por los jugadores. En m\u00e1quinas de gama baja, esto puede ocasionar ocasionalmente problemas porque se est\u00e1 informando con m\u00e1s frecuencia y manteniendo el sistema ocupado.<\/p>\n\n\n\n<h2 class=\"wp-block-heading\">\u00bfQu\u00e9 es una buena tasa de sondeo?<\/h2>\n\n\n\n<p>En los juegos en los que mueves el rat\u00f3n r\u00e1pidamente, el n\u00famero de la tasa de sondeo es muy importante. Para la mayor\u00eda de la gente, 500 Hz es adecuado y suficiente para esa funci\u00f3n. Sin embargo, los profesionales y los jugadores m\u00e1s experimentados prefieren ratones con una tasa de sondeo de 1000 o superior.<\/p>\n\n\n<div class=\"wp-block-image\">\n<figure class=\"aligncenter size-full\"><img loading=\"lazy\" decoding=\"async\" width=\"1000\" height=\"500\" src=\"https:\/\/cpstesters.com\/wp-content\/uploads\/2022\/09\/Mouse-checker.jpg\" alt=\"Rat\u00f3n Rate Checker\" class=\"wp-image-548\" title=\"\" srcset=\"https:\/\/cpstesters.com\/wp-content\/uploads\/2022\/09\/Mouse-checker.jpg 1000w, https:\/\/cpstesters.com\/wp-content\/uploads\/2022\/09\/Mouse-checker-300x150.jpg 300w, https:\/\/cpstesters.com\/wp-content\/uploads\/2022\/09\/Mouse-checker-768x384.jpg 768w\" sizes=\"auto, (max-width: 1000px) 100vw, 1000px\" \/><figcaption class=\"wp-element-caption\">Rat\u00f3n Rate Checker<\/figcaption><\/figure>\n<\/div>\n\n\n<p>No hay mucha diferencia entre ambos: El tiempo de respuesta de un rat\u00f3n de 1000 Hz es de 1 milisegundo, mientras que el de uno de 500 Hz es de 2 milisegundos. Piensa que 1 ms de latencia equivale a tener 1 ms m\u00e1s de ping, lo que no afectar\u00e1 significativamente a tu experiencia de juego. El rat\u00f3n de 500 Hz tambi\u00e9n tendr\u00e1 un tacto m\u00e1s suave. Elige en consecuencia.<\/p>\n\n\n\n<p class=\"has-text-align-center has-base-background-color has-background has-medium-font-size\"><em>Tambi\u00e9n puedes consultar nuestra <a href=\"https:\/\/cpstesters.com\/es\/prueba-de-desplazamiento-del-raton\/\" target=\"_blank\" rel=\"noreferrer noopener\">prueba de desplazamiento del rat\u00f3n<\/a><\/em><\/p>\n\n\n\n<h2 class=\"wp-block-heading\">Pasos para utilizar la herramienta Mouse Rate Checker<\/h2>\n\n\n\n<p>Aunque realizar la prueba de velocidad de sondeo del rat\u00f3n es sencillo, siempre es una buena idea leer las instrucciones antes de empezar cualquier prueba.<\/p>\n\n\n\n<ul class=\"wp-block-list\">\n<li>La herramienta tiene un bot\u00f3n de inicio que, cuando se pulsa, hace que la herramienta muestre la tasa de sondeo del rat\u00f3n en hercios (HZ).<\/li>\n\n\n\n<li>Puede ver las tasas de sondeo m\u00e1xima y media encima del bot\u00f3n de inicio. Se utilizar\u00e1n tarifas en tiempo real.<\/li>\n\n\n\n<li>Una vez pulsado el bot\u00f3n de parada, el proceso finalizar\u00e1 inmediatamente.<\/li>\n\n\n\n<li>Ahora puedes comprobar r\u00e1pidamente las tasas HZ registradas.<\/li>\n\n\n\n<li>Puedes reiniciarlo r\u00e1pidamente si la velocidad grabada no te satisface.<\/li>\n<\/ul>\n\n\n\n<h2 class=\"wp-block-heading\">Caracter\u00edsticas de la prueba de velocidad de sondeo<\/h2>\n\n\n\n<p>Nuestra prueba es bastante b\u00e1sica y sencilla de utilizar, al igual que otras pruebas de nuestro sitio web.<\/p>\n\n\n\n<p>Este test tiene caracter\u00edsticas sencillas pero fascinantes que le ayudar\u00e1n a completar el trabajo sin dificultad. A continuaci\u00f3n se enumeran algunas de las principales caracter\u00edsticas de esta prueba:<\/p>\n\n\n\n<ul class=\"wp-block-list\">\n<li>Sin necesidad de descargar ning\u00fan software complicado, puedes probar inmediatamente en l\u00ednea la tasa de sondeo de tu rat\u00f3n y touchpad.<\/li>\n\n\n\n<li>Los resultados de la prueba son concisos y directos, lo que le permite utilizar la informaci\u00f3n para modificar la frecuencia de sondeo de su dispositivo y adaptarla a sus necesidades.<\/li>\n\n\n\n<li>En esta prueba, la tasa de sondeo se cuantifica e informa en hercios (Hz). La prueba tambi\u00e9n se conoce como la prueba del rat\u00f3n hertziano<\/li>\n<\/ul>\n\n\n\n<h2 class=\"wp-block-heading has-text-align-center\">Preguntas frecuentes<\/h2>\n\n\n\n<h3 class=\"wp-block-heading\"><strong>\u00bfC\u00f3mo compruebo los Hz de mi rat\u00f3n?<\/strong><\/h3>\n\n\n\n<p>Todo lo que tienes que hacer despu\u00e9s de visitar el sitio web es hacer clic con el rat\u00f3n y mover el puntero sobre el espacio vac\u00edo de la p\u00e1gina. En la parte derecha de la pantalla, puedes ver la frecuencia de sondeo reciente de tu rat\u00f3n, adem\u00e1s de la frecuencia media de la prueba de Hz del rat\u00f3n.<\/p>\n\n\n\n<h3 class=\"wp-block-heading\"><strong>\u00bfQu\u00e9 es una buena tasa de sondeo?<\/strong><\/h3>\n\n\n\n<p>Para la mayor\u00eda, 500 Hz es m\u00e1s que suficiente. Sin embargo, se recomienda encarecidamente a los jugadores experimentados y profesionales que utilicen una frecuencia de sondeo de 1000 Hz.<\/p>\n\n\n\n<h3 class=\"wp-block-heading\"><strong>\u00bfEs buena la frecuencia de sondeo de 1000 Hz?<\/strong><\/h3>\n\n\n\n<p>La posici\u00f3n del rat\u00f3n se actualizar\u00e1 cada milisegundo a 1000Hz, como debes entender primero. Con el Rat\u00f3n 1000Hz, tu punter\u00eda es m\u00e1s r\u00e1pida. Para los juegos que exigen reacciones r\u00e1pidas, precisi\u00f3n y delicadeza, es crucial una alta frecuencia de sondeo de 1000 Hz.<\/p>\n\n\n\n<h3 class=\"wp-block-heading\"><strong>\u00bfEs buena la frecuencia de sondeo de 500 Hz?<\/strong><\/h3>\n\n\n\n<p>Cada dos ticks, una tasa de sondeo de 500Hz actualizar\u00e1 la posici\u00f3n de tu rat\u00f3n. Su punter\u00eda se suaviza a 500 Hz.<\/p>\n\n\n\n<h3 class=\"wp-block-heading\"><strong>\u00bfPuede un rat\u00f3n para juegos alcanzar los 1000 Hz?<\/strong><\/h3>\n\n\n\n<p>Aunque tu rat\u00f3n para juegos tenga una frecuencia m\u00e1xima de 1000Hz, el ajuste por defecto puede ser inferior. Existen varios m\u00e9todos para comprobar la frecuencia de sondeo del rat\u00f3n. Para examinar la tasa de sondeo de su rat\u00f3n, utilice nuestra herramienta en l\u00ednea llamada Mouse Rate Checker.<\/p>\n\n\n\n<h2 class=\"wp-block-heading\">Palabras finales sobre la prueba del rat\u00f3n Hertz<\/h2>\n\n\n\n<p>Esta herramienta de comprobaci\u00f3n del rat\u00f3n es muy maravillosa. El \u00edndice de respuesta de su rat\u00f3n se calcular\u00e1 utilizando esta herramienta \u00fanica. Aqu\u00ed puede aprender sobre los ajustes fundamentales del rat\u00f3n. Dentro de un rato, vamos a aprender m\u00e1s sobre la tasa de sondeo del rat\u00f3n. Con esta herramienta no tendr\u00e1s que realizar complicados ajustes y procedimientos. Esperamos que le impresionen nuestras diferentes herramientas.<\/p>\n\n\n\n<p>Otras pruebas que te pueden gustar:<\/p>\n\n\n\n<ul class=\"wp-block-list\">\n<li><a href=\"https:\/\/cpstesters.com\/es\/double-click-test\/\" target=\"_blank\" rel=\"noreferrer noopener\">Prueba de doble clic<\/a><\/li>\n\n\n\n<li><a href=\"https:\/\/cpstesters.com\/es\/click-counter\/\" target=\"_blank\" rel=\"noreferrer noopener\">Haga clic en Contador<\/a><\/li>\n\n\n\n<li><a href=\"https:\/\/cpstesters.com\/es\/mouse-test\/\" target=\"_blank\" rel=\"noreferrer noopener\">Prueba con ratones<\/a><\/li>\n\n\n\n<li><a href=\"https:\/\/cpstesters.com\/es\/apm-test\/\" target=\"_blank\" rel=\"noreferrer noopener\">Prueba APM<\/a><\/li>\n\n\n\n<li><a href=\"https:\/\/cpstesters.com\/es\/aim-trainer\/\" target=\"_blank\" rel=\"noreferrer noopener\">Entrenador de punter\u00eda<\/a><\/li>\n<\/ul>\n","protected":false},"excerpt":{"rendered":"<p>Mouse Rate Checker es una herramienta online para que los usuarios comprueben su tasa de sondeo en hertzios y prueben el rat\u00f3n, \u00a1pru\u00e9balo ahora! Rat\u00f3n &#8230; <\/p>\n<p class=\"read-more-container\"><a title=\"Comprobador de velocidad del rat\u00f3n | Prueba de frecuencia de sondeo Hz en l\u00ednea\" class=\"read-more button\" href=\"https:\/\/cpstesters.com\/es\/raton-rate-checker\/#more-2937\" aria-label=\"Leer m\u00e1s sobre Comprobador de velocidad del rat\u00f3n | Prueba de frecuencia de sondeo Hz en l\u00ednea\">Read More<\/a><\/p>\n","protected":false},"author":4,"featured_media":1466,"parent":0,"menu_order":0,"comment_status":"closed","ping_status":"closed","template":"","meta":{"footnotes":""},"class_list":["post-2937","page","type-page","status-publish","has-post-thumbnail"],"_links":{"self":[{"href":"https:\/\/cpstesters.com\/es\/wp-json\/wp\/v2\/pages\/2937","targetHints":{"allow":["GET"]}}],"collection":[{"href":"https:\/\/cpstesters.com\/es\/wp-json\/wp\/v2\/pages"}],"about":[{"href":"https:\/\/cpstesters.com\/es\/wp-json\/wp\/v2\/types\/page"}],"author":[{"embeddable":true,"href":"https:\/\/cpstesters.com\/es\/wp-json\/wp\/v2\/users\/4"}],"replies":[{"embeddable":true,"href":"https:\/\/cpstesters.com\/es\/wp-json\/wp\/v2\/comments?post=2937"}],"version-history":[{"count":6,"href":"https:\/\/cpstesters.com\/es\/wp-json\/wp\/v2\/pages\/2937\/revisions"}],"predecessor-version":[{"id":5745,"href":"https:\/\/cpstesters.com\/es\/wp-json\/wp\/v2\/pages\/2937\/revisions\/5745"}],"wp:featuredmedia":[{"embeddable":true,"href":"https:\/\/cpstesters.com\/es\/wp-json\/wp\/v2\/media\/1466"}],"wp:attachment":[{"href":"https:\/\/cpstesters.com\/es\/wp-json\/wp\/v2\/media?parent=2937"}],"curies":[{"name":"wp","href":"https:\/\/api.w.org\/{rel}","templated":true}]}}